{"id":65,"date":"2014-12-28T20:34:18","date_gmt":"2014-12-28T20:34:18","guid":{"rendered":"https:\/\/www.orthodontist-dubai.com\/?page_id=65"},"modified":"2023-01-12T08:09:00","modified_gmt":"2023-01-12T04:09:00","slug":"clinic-reviews","status":"publish","type":"page","link":"https:\/\/www.orthodontist-dubai.com\/tr\/klinik-incelemeler\/","title":{"rendered":"Klinik \u0130ncelemeleri"},"content":{"rendered":"<h1 style=\"text-align: center;\"><strong>DUBA\u0130&#039;DE EN \u0130Y\u0130 ORTODONT\u0130STLER VE D\u0130\u015e HEK\u0130MLER\u0130 <\/strong><\/h1>\n<h6 style=\"text-align: center;\"><span style=\"color: #ff0000;\"><em>NOT: D\u0131\u015f web sitelerinden ve geri bildirimlerden al\u0131nan t\u00fcm do\u011frulanm\u0131\u015f incelemelerin ve derecelendirmelerin referans ba\u011flant\u0131lar\u0131 toplan\u0131r, ara\u015ft\u0131r\u0131l\u0131r ve sa\u011flan\u0131r. Bu incelemeler ki\u015fisel g\u00f6r\u00fc\u015flerimizi veya g\u00f6r\u00fc\u015flerimizi yans\u0131tmaz.<\/em><\/span><\/h6>\n<p><a href=\"https:\/\/www.orthodontist-dubai.com\/tr\/incelemeler-derecelendirmeler-noa-dis-klinigi\/\" target=\"_blank\" rel=\"noopener\"><img decoding=\"async\" class=\"aligncenter wp-image-320 size-full lazyload\" data-src=\"https:\/\/www.orthodontist-dubai.com\/wp-content\/uploads\/2014\/12\/top-rated-Orthodontist-Dentist-in-dubai-uae.jpg\" alt=\"Dubai&#039;deki en iyi Invisalign\" width=\"797\" height=\"342\" src=\"data:image\/svg+xml;base64,PHN2ZyB3aWR0aD0iMSIgaGVpZ2h0PSIxIiB4bWxucz0iaHR0cDovL3d3dy53My5vcmcvMjAwMC9zdmciPjwvc3ZnPg==\" style=\"--smush-placeholder-width: 797px; --smush-placeholder-aspect-ratio: 797\/342;\"><\/a><\/p>\n<hr>\n<p><!--\n<a href=\"https:\/\/www.orthodontist-dubai.com\/reviews-ratings-dr-nazeer-ahmed-meeran\/\" target=\"_blank\" rel=\"noopener\"><img decoding=\"async\" class=\"aligncenter wp-image-320 size-full lazyload\" data-src=\"https:\/\/www.orthodontist-dubai.com\/wp-content\/uploads\/2014\/12\/top-rated-Orthodontist-Dentist-in-Dubai5555-1.png\" alt=\"\" width=\"797\" height=\"342\" src=\"data:image\/svg+xml;base64,PHN2ZyB3aWR0aD0iMSIgaGVpZ2h0PSIxIiB4bWxucz0iaHR0cDovL3d3dy53My5vcmcvMjAwMC9zdmciPjwvc3ZnPg==\" style=\"--smush-placeholder-width: 797px; --smush-placeholder-aspect-ratio: 797\/342;\"><\/a>--><\/p>\n<hr>\n<p><a href=\"https:\/\/www.orthodontist-dubai.com\/tr\/yorumlar-derecelendirmeler-dr-michaels-dis-klinigi-jumeirah\/\" target=\"_blank\" rel=\"noopener\"><img decoding=\"async\" class=\"aligncenter wp-image-321 size-full lazyload\" data-src=\"https:\/\/www.orthodontist-dubai.com\/wp-content\/uploads\/2014\/12\/top-rated-Orthodontist-Dentist-in-Dubai21.png\" alt=\"\" width=\"797\" height=\"342\" data-srcset=\"https:\/\/www.orthodontist-dubai.com\/wp-content\/uploads\/2014\/12\/top-rated-Orthodontist-Dentist-in-Dubai21.png 797w, https:\/\/www.orthodontist-dubai.com\/wp-content\/uploads\/2014\/12\/top-rated-Orthodontist-Dentist-in-Dubai21-300x129.png 300w\" data-sizes=\"(max-width: 797px) 100vw, 797px\" src=\"data:image\/svg+xml;base64,PHN2ZyB3aWR0aD0iMSIgaGVpZ2h0PSIxIiB4bWxucz0iaHR0cDovL3d3dy53My5vcmcvMjAwMC9zdmciPjwvc3ZnPg==\" style=\"--smush-placeholder-width: 797px; --smush-placeholder-aspect-ratio: 797\/342;\" \/><\/a><\/p>\n<hr>\n<p><a href=\"https:\/\/www.orthodontist-dubai.com\/tr\/incelemeler-derecelendirmeler-dubai-sky-klinigi\/\" target=\"_blank\" rel=\"noopener\"><img decoding=\"async\" class=\"aligncenter wp-image-323 size-full lazyload\" data-src=\"https:\/\/www.orthodontist-dubai.com\/wp-content\/uploads\/2014\/12\/top-rated-Orthodontist-Dentist-in-Dubai311.png\" alt=\"\" width=\"797\" height=\"342\" data-srcset=\"https:\/\/www.orthodontist-dubai.com\/wp-content\/uploads\/2014\/12\/top-rated-Orthodontist-Dentist-in-Dubai311.png 797w, https:\/\/www.orthodontist-dubai.com\/wp-content\/uploads\/2014\/12\/top-rated-Orthodontist-Dentist-in-Dubai311-300x129.png 300w\" data-sizes=\"(max-width: 797px) 100vw, 797px\" src=\"data:image\/svg+xml;base64,PHN2ZyB3aWR0aD0iMSIgaGVpZ2h0PSIxIiB4bWxucz0iaHR0cDovL3d3dy53My5vcmcvMjAwMC9zdmciPjwvc3ZnPg==\" style=\"--smush-placeholder-width: 797px; --smush-placeholder-aspect-ratio: 797\/342;\" \/><\/a><\/p>\n<hr>\n<p><!--<a href=\"https:\/\/www.orthodontist-dubai.com\/reviews-ratings-dr-joy-dental-clinic-jumeirah\/\" target=\"_blank\" rel=\"noopener\"><img decoding=\"async\" class=\"aligncenter wp-image-322 size-full lazyload\" data-src=\"https:\/\/www.orthodontist-dubai.com\/wp-content\/uploads\/2014\/12\/review-2.png\" alt=\"\" width=\"797\" height=\"342\" data-srcset=\"https:\/\/www.orthodontist-dubai.com\/wp-content\/uploads\/2014\/12\/review-2.png 797w, https:\/\/www.orthodontist-dubai.com\/wp-content\/uploads\/2014\/12\/review-2-300x129.png 300w\" data-sizes=\"(max-width: 797px) 100vw, 797px\" src=\"data:image\/svg+xml;base64,PHN2ZyB3aWR0aD0iMSIgaGVpZ2h0PSIxIiB4bWxucz0iaHR0cDovL3d3dy53My5vcmcvMjAwMC9zdmciPjwvc3ZnPg==\" style=\"--smush-placeholder-width: 797px; --smush-placeholder-aspect-ratio: 797\/342;\" \/><\/a>\n\n\n\n<hr \/>\n\n\n\n--><\/p>\n<p><img decoding=\"async\" class=\"aligncenter wp-image-66 size-medium lazyload\" data-src=\"https:\/\/www.orthodontist-dubai.com\/wp-content\/uploads\/2014\/12\/Dubai-Clinic-Reviews-300x172.jpg\" alt=\"Dubai BAE Klini\u011fi Yorumlar\u0131\" width=\"300\" height=\"172\" data-srcset=\"https:\/\/www.orthodontist-dubai.com\/wp-content\/uploads\/2014\/12\/Dubai-Clinic-Reviews-300x172.jpg 300w, https:\/\/www.orthodontist-dubai.com\/wp-content\/uploads\/2014\/12\/Dubai-Clinic-Reviews.jpg 554w\" data-sizes=\"(max-width: 300px) 100vw, 300px\" src=\"data:image\/svg+xml;base64,PHN2ZyB3aWR0aD0iMSIgaGVpZ2h0PSIxIiB4bWxucz0iaHR0cDovL3d3dy53My5vcmcvMjAwMC9zdmciPjwvc3ZnPg==\" style=\"--smush-placeholder-width: 300px; --smush-placeholder-aspect-ratio: 300\/172;\" \/><\/p>\n<p><strong>Ortodontistiniz veya Di\u015f Hekiminizle iyi veya k\u00f6t\u00fc bir deneyiminiz mi oldu? Ve bunu d\u00fcnyayla payla\u015fmak m\u0131 istiyorsunuz? <\/strong><\/p>\n<p><strong>Bize e-posta g\u00f6nderin <span style=\"color: #ff0000;\"><strong>Support@Orthodontist-Dubai.com <\/strong><\/span>veya kullanarak ileti\u015fime ge\u00e7in <a title=\"Bize Ula\u015f\u0131n\" href=\"https:\/\/www.orthodontist-dubai.com\/tr\/bize-ulasin\/\" target=\"_blank\" rel=\"noopener\">\u0130leti\u015fim Formu<\/a>. <\/strong><\/p>\n<p><strong>Ekibimiz en k\u0131sa s\u00fcrede inceleyip yay\u0131nlayacakt\u0131r. Promosyonlar y\u00fcr\u00fcten di\u015f klinikleri <a title=\"Bize Ula\u015f\u0131n\" href=\"https:\/\/www.orthodontist-dubai.com\/tr\/bize-ulasin\/\" target=\"_blank\" rel=\"noopener\">Bize Ula\u015f\u0131n <\/a>bilgileri okuyucular\u0131m\u0131zla payla\u015fmakt\u0131r.<\/strong><\/p>\n<hr>\n<p>&nbsp;<\/p>\n<p><img decoding=\"async\" class=\"aligncenter size-full wp-image-89 lazyload\" data-src=\"https:\/\/www.orthodontist-dubai.com\/wp-content\/uploads\/2014\/12\/notes1.png\" alt=\"notlar\" width=\"650\" height=\"66\" data-srcset=\"https:\/\/www.orthodontist-dubai.com\/wp-content\/uploads\/2014\/12\/notes1.png 650w, https:\/\/www.orthodontist-dubai.com\/wp-content\/uploads\/2014\/12\/notes1-300x30.png 300w\" data-sizes=\"(max-width: 650px) 100vw, 650px\" src=\"data:image\/svg+xml;base64,PHN2ZyB3aWR0aD0iMSIgaGVpZ2h0PSIxIiB4bWxucz0iaHR0cDovL3d3dy53My5vcmcvMjAwMC9zdmciPjwvc3ZnPg==\" style=\"--smush-placeholder-width: 650px; --smush-placeholder-aspect-ratio: 650\/66;\" \/><\/p>\n<p><span style=\"border-radius: 2px; text-indent: 20px; width: auto; padding: 0px 4px 0px 0px; text-align: center; font: bold 11px\/20px 'Helvetica Neue',Helvetica,sans-serif; color: #ffffff; background: #bd081c no-repeat scroll 3px 50% \/ 14px 14px; position: absolute; opacity: 1; z-index: 8675309; display: none; cursor: pointer; top: 220px; left: 20px;\">Kaydetmek<\/span><\/p>\n<p><span style=\"border-radius: 2px; text-indent: 20px; width: auto; padding: 0px 4px 0px 0px; text-align: center; font: bold 11px\/20px 'Helvetica Neue',Helvetica,sans-serif; color: #ffffff; background: #bd081c no-repeat scroll 3px 50% \/ 14px 14px; position: absolute; opacity: 1; z-index: 8675309; display: none; cursor: pointer; top: 220px; left: 20px;\">Kaydetmek<\/span><\/p>","protected":false},"excerpt":{"rendered":"<p>TOP RATED ORTHODONTISTS &amp; DENTISTS IN DUBAI NOTE : Reference links of all verified reviews and ratings from outside websites &amp; feedbacks are collected, researched &amp; provided. These reviews do not depict our personal views or opinion. Had a good or bad experience with your Orthodontist or Dentist? And want to share it with the [&hellip;]<\/p>\n","protected":false},"author":1,"featured_media":0,"parent":0,"menu_order":0,"comment_status":"closed","ping_status":"closed","template":"","meta":{"site-sidebar-layout":"default","site-content-layout":"","ast-site-content-layout":"default","site-content-style":"default","site-sidebar-style":"default","ast-global-header-display":"","ast-banner-title-visibility":"","ast-main-header-display":"","ast-hfb-above-header-display":"","ast-hfb-below-header-display":"","ast-hfb-mobile-header-display":"","site-post-title":"","ast-breadcrumbs-content":"","ast-featured-img":"","footer-sml-layout":"","ast-disable-related-posts":"","theme-transparent-header-meta":"","adv-header-id-meta":"","stick-header-meta":"","header-above-stick-meta":"","header-main-stick-meta":"","header-below-stick-meta":"","astra-migrate-meta-layouts":"default","ast-page-background-enabled":"default","ast-page-background-meta":{"desktop":{"background-color":"var(--ast-global-color-4)","background-image":"","background-repeat":"repeat","background-position":"center center","background-size":"auto","background-attachment":"scroll","background-type":"","background-media":"","overlay-type":"","overlay-color":"","overlay-opacity":"","overlay-gradient":""},"tablet":{"background-color":"","background-image":"","background-repeat":"repeat","background-position":"center center","background-size":"auto","background-attachment":"scroll","background-type":"","background-media":"","overlay-type":"","overlay-color":"","overlay-opacity":"","overlay-gradient":""},"mobile":{"background-color":"","background-image":"","background-repeat":"repeat","background-position":"center center","background-size":"auto","background-attachment":"scroll","background-type":"","background-media":"","overlay-type":"","overlay-color":"","overlay-opacity":"","overlay-gradient":""}},"ast-content-background-meta":{"desktop":{"background-color":"var(--ast-global-color-5)","background-image":"","background-repeat":"repeat","background-position":"center center","background-size":"auto","background-attachment":"scroll","background-type":"","background-media":"","overlay-type":"","overlay-color":"","overlay-opacity":"","overlay-gradient":""},"tablet":{"background-color":"var(--ast-global-color-5)","background-image":"","background-repeat":"repeat","background-position":"center center","background-size":"auto","background-attachment":"scroll","background-type":"","background-media":"","overlay-type":"","overlay-color":"","overlay-opacity":"","overlay-gradient":""},"mobile":{"background-color":"var(--ast-global-color-5)","background-image":"","background-repeat":"repeat","background-position":"center center","background-size":"auto","background-attachment":"scroll","background-type":"","background-media":"","overlay-type":"","overlay-color":"","overlay-opacity":"","overlay-gradient":""}},"footnotes":""},"class_list":["post-65","page","type-page","status-publish","hentry"],"yoast_head":"<!-- This site is optimized with the Yoast SEO plugin v27.5 - https:\/\/yoast.com\/product\/yoast-seo-wordpress\/ -->\n<title>CLINIC REVIEWS IN DUBAI | BEST DENTIST AND ORTHODONTIST<\/title>\n<meta name=\"robots\" content=\"index, follow, max-snippet:-1, max-image-preview:large, max-video-preview:-1\" \/>\n<link rel=\"canonical\" href=\"https:\/\/www.orthodontist-dubai.com\/tr\/klinik-incelemeler\/\" \/>\n<meta property=\"og:locale\" content=\"tr_TR\" \/>\n<meta property=\"og:type\" content=\"article\" \/>\n<meta property=\"og:title\" content=\"CLINIC REVIEWS IN DUBAI | BEST DENTIST AND ORTHODONTIST\" \/>\n<meta property=\"og:description\" content=\"TOP RATED ORTHODONTISTS &amp; DENTISTS IN DUBAI NOTE : Reference links of all verified reviews and ratings from outside websites &amp; feedbacks are collected, researched &amp; provided. These reviews do not depict our personal views or opinion. Had a good or bad experience with your Orthodontist or Dentist? And want to share it with the [&hellip;]\" \/>\n<meta property=\"og:url\" content=\"https:\/\/www.orthodontist-dubai.com\/tr\/klinik-incelemeler\/\" \/>\n<meta property=\"og:site_name\" content=\"BEST Orthodontist &amp; Dentist in Dubai UAE for all Dental Treatments\" \/>\n<meta property=\"article:publisher\" content=\"https:\/\/www.facebook.com\/Orthodontist.Dentist.Dubai\/\" \/>\n<meta property=\"article:modified_time\" content=\"2023-01-12T04:09:00+00:00\" \/>\n<meta property=\"og:image\" content=\"https:\/\/www.orthodontist-dubai.com\/wp-content\/uploads\/2014\/12\/top-rated-Orthodontist-Dentist-in-dubai-uae.jpg\" \/>\n<meta name=\"twitter:card\" content=\"summary_large_image\" \/>\n<meta name=\"twitter:label1\" content=\"Tahmini okuma s\u00fcresi\" \/>\n\t<meta name=\"twitter:data1\" content=\"2 dakika\" \/>\n<script type=\"application\/ld+json\" class=\"yoast-schema-graph\">{\"@context\":\"https:\\\/\\\/schema.org\",\"@graph\":[{\"@type\":\"WebPage\",\"@id\":\"https:\\\/\\\/www.orthodontist-dubai.com\\\/clinic-reviews\\\/\",\"url\":\"https:\\\/\\\/www.orthodontist-dubai.com\\\/clinic-reviews\\\/\",\"name\":\"CLINIC REVIEWS IN DUBAI | BEST DENTIST AND ORTHODONTIST\",\"isPartOf\":{\"@id\":\"https:\\\/\\\/www.orthodontist-dubai.com\\\/#website\"},\"primaryImageOfPage\":{\"@id\":\"https:\\\/\\\/www.orthodontist-dubai.com\\\/clinic-reviews\\\/#primaryimage\"},\"image\":{\"@id\":\"https:\\\/\\\/www.orthodontist-dubai.com\\\/clinic-reviews\\\/#primaryimage\"},\"thumbnailUrl\":\"https:\\\/\\\/www.orthodontist-dubai.com\\\/wp-content\\\/uploads\\\/2014\\\/12\\\/top-rated-Orthodontist-Dentist-in-dubai-uae.jpg\",\"datePublished\":\"2014-12-28T20:34:18+00:00\",\"dateModified\":\"2023-01-12T04:09:00+00:00\",\"breadcrumb\":{\"@id\":\"https:\\\/\\\/www.orthodontist-dubai.com\\\/clinic-reviews\\\/#breadcrumb\"},\"inLanguage\":\"tr\",\"potentialAction\":[{\"@type\":\"ReadAction\",\"target\":[\"https:\\\/\\\/www.orthodontist-dubai.com\\\/clinic-reviews\\\/\"]}]},{\"@type\":\"ImageObject\",\"inLanguage\":\"tr\",\"@id\":\"https:\\\/\\\/www.orthodontist-dubai.com\\\/clinic-reviews\\\/#primaryimage\",\"url\":\"https:\\\/\\\/www.orthodontist-dubai.com\\\/wp-content\\\/uploads\\\/2014\\\/12\\\/top-rated-Orthodontist-Dentist-in-dubai-uae.jpg\",\"contentUrl\":\"https:\\\/\\\/www.orthodontist-dubai.com\\\/wp-content\\\/uploads\\\/2014\\\/12\\\/top-rated-Orthodontist-Dentist-in-dubai-uae.jpg\"},{\"@type\":\"BreadcrumbList\",\"@id\":\"https:\\\/\\\/www.orthodontist-dubai.com\\\/clinic-reviews\\\/#breadcrumb\",\"itemListElement\":[{\"@type\":\"ListItem\",\"position\":1,\"name\":\"\u2776 Home\",\"item\":\"https:\\\/\\\/www.orthodontist-dubai.com\\\/\"},{\"@type\":\"ListItem\",\"position\":2,\"name\":\"Clinic Reviews\"}]},{\"@type\":\"WebSite\",\"@id\":\"https:\\\/\\\/www.orthodontist-dubai.com\\\/#website\",\"url\":\"https:\\\/\\\/www.orthodontist-dubai.com\\\/\",\"name\":\"BEST Orthodontist &amp; Dentist in Dubai UAE for all Dental Treatments\",\"description\":\"Cheap &amp; Best Orthodontist &amp; Dentists for all dental treatments in Dubai UAE\",\"publisher\":{\"@id\":\"https:\\\/\\\/www.orthodontist-dubai.com\\\/#organization\"},\"potentialAction\":[{\"@type\":\"SearchAction\",\"target\":{\"@type\":\"EntryPoint\",\"urlTemplate\":\"https:\\\/\\\/www.orthodontist-dubai.com\\\/?s={search_term_string}\"},\"query-input\":{\"@type\":\"PropertyValueSpecification\",\"valueRequired\":true,\"valueName\":\"search_term_string\"}}],\"inLanguage\":\"tr\"},{\"@type\":\"Organization\",\"@id\":\"https:\\\/\\\/www.orthodontist-dubai.com\\\/#organization\",\"name\":\"Best Orthodontist & Dentist in Dubai UAE\",\"url\":\"https:\\\/\\\/www.orthodontist-dubai.com\\\/\",\"logo\":{\"@type\":\"ImageObject\",\"inLanguage\":\"tr\",\"@id\":\"https:\\\/\\\/www.orthodontist-dubai.com\\\/#\\\/schema\\\/logo\\\/image\\\/\",\"url\":\"https:\\\/\\\/www.orthodontist-dubai.com\\\/wp-content\\\/uploads\\\/2015\\\/04\\\/Othorontist-Dentist-UAE-Logo.png\",\"contentUrl\":\"https:\\\/\\\/www.orthodontist-dubai.com\\\/wp-content\\\/uploads\\\/2015\\\/04\\\/Othorontist-Dentist-UAE-Logo.png\",\"width\":190,\"height\":70,\"caption\":\"Best Orthodontist & Dentist in Dubai UAE\"},\"image\":{\"@id\":\"https:\\\/\\\/www.orthodontist-dubai.com\\\/#\\\/schema\\\/logo\\\/image\\\/\"},\"sameAs\":[\"https:\\\/\\\/www.facebook.com\\\/Orthodontist.Dentist.Dubai\\\/\",\"https:\\\/\\\/www.linkedin.com\\\/in\\\/dr-nazeer-ahmed-meeran-15691083\\\/\"]}]}<\/script>\n<!-- \/ Yoast SEO plugin. -->","yoast_head_json":{"title":"DUBA\u0130&#039;DE KL\u0130N\u0130K \u0130NCELEMELER\u0130 | EN \u0130Y\u0130 D\u0130\u015e HEK\u0130M\u0130 VE ORTODONT\u0130","robots":{"index":"index","follow":"follow","max-snippet":"max-snippet:-1","max-image-preview":"max-image-preview:large","max-video-preview":"max-video-preview:-1"},"canonical":"https:\/\/www.orthodontist-dubai.com\/tr\/klinik-incelemeler\/","og_locale":"tr_TR","og_type":"article","og_title":"CLINIC REVIEWS IN DUBAI | BEST DENTIST AND ORTHODONTIST","og_description":"TOP RATED ORTHODONTISTS &amp; DENTISTS IN DUBAI NOTE : Reference links of all verified reviews and ratings from outside websites &amp; feedbacks are collected, researched &amp; provided. These reviews do not depict our personal views or opinion. Had a good or bad experience with your Orthodontist or Dentist? And want to share it with the [&hellip;]","og_url":"https:\/\/www.orthodontist-dubai.com\/tr\/klinik-incelemeler\/","og_site_name":"BEST Orthodontist &amp; Dentist in Dubai UAE for all Dental Treatments","article_publisher":"https:\/\/www.facebook.com\/Orthodontist.Dentist.Dubai\/","article_modified_time":"2023-01-12T04:09:00+00:00","og_image":[{"url":"https:\/\/www.orthodontist-dubai.com\/wp-content\/uploads\/2014\/12\/top-rated-Orthodontist-Dentist-in-dubai-uae.jpg","type":"","width":"","height":""}],"twitter_card":"summary_large_image","twitter_misc":{"Tahmini okuma s\u00fcresi":"2 dakika"},"schema":{"@context":"https:\/\/schema.org","@graph":[{"@type":"WebPage","@id":"https:\/\/www.orthodontist-dubai.com\/clinic-reviews\/","url":"https:\/\/www.orthodontist-dubai.com\/clinic-reviews\/","name":"DUBA\u0130&#039;DE KL\u0130N\u0130K \u0130NCELEMELER\u0130 | EN \u0130Y\u0130 D\u0130\u015e HEK\u0130M\u0130 VE ORTODONT\u0130","isPartOf":{"@id":"https:\/\/www.orthodontist-dubai.com\/#website"},"primaryImageOfPage":{"@id":"https:\/\/www.orthodontist-dubai.com\/clinic-reviews\/#primaryimage"},"image":{"@id":"https:\/\/www.orthodontist-dubai.com\/clinic-reviews\/#primaryimage"},"thumbnailUrl":"https:\/\/www.orthodontist-dubai.com\/wp-content\/uploads\/2014\/12\/top-rated-Orthodontist-Dentist-in-dubai-uae.jpg","datePublished":"2014-12-28T20:34:18+00:00","dateModified":"2023-01-12T04:09:00+00:00","breadcrumb":{"@id":"https:\/\/www.orthodontist-dubai.com\/clinic-reviews\/#breadcrumb"},"inLanguage":"tr","potentialAction":[{"@type":"ReadAction","target":["https:\/\/www.orthodontist-dubai.com\/clinic-reviews\/"]}]},{"@type":"ImageObject","inLanguage":"tr","@id":"https:\/\/www.orthodontist-dubai.com\/clinic-reviews\/#primaryimage","url":"https:\/\/www.orthodontist-dubai.com\/wp-content\/uploads\/2014\/12\/top-rated-Orthodontist-Dentist-in-dubai-uae.jpg","contentUrl":"https:\/\/www.orthodontist-dubai.com\/wp-content\/uploads\/2014\/12\/top-rated-Orthodontist-Dentist-in-dubai-uae.jpg"},{"@type":"BreadcrumbList","@id":"https:\/\/www.orthodontist-dubai.com\/clinic-reviews\/#breadcrumb","itemListElement":[{"@type":"ListItem","position":1,"name":"\u2776 Home","item":"https:\/\/www.orthodontist-dubai.com\/"},{"@type":"ListItem","position":2,"name":"Clinic Reviews"}]},{"@type":"WebSite","@id":"https:\/\/www.orthodontist-dubai.com\/#website","url":"https:\/\/www.orthodontist-dubai.com\/","name":"T\u00fcm Di\u015f Tedavileri i\u00e7in Dubai BAE&#039;deki EN \u0130Y\u0130 Ortodontist ve Di\u015f Hekimi","description":"Dubai BAE&#039;deki t\u00fcm di\u015f tedavileri i\u00e7in Ucuz ve En \u0130yi Ortodontist ve Di\u015f Hekimleri","publisher":{"@id":"https:\/\/www.orthodontist-dubai.com\/#organization"},"potentialAction":[{"@type":"SearchAction","target":{"@type":"EntryPoint","urlTemplate":"https:\/\/www.orthodontist-dubai.com\/?s={search_term_string}"},"query-input":{"@type":"PropertyValueSpecification","valueRequired":true,"valueName":"search_term_string"}}],"inLanguage":"tr"},{"@type":"Organization","@id":"https:\/\/www.orthodontist-dubai.com\/#organization","name":"Dubai BAE&#039;nin En \u0130yi Ortodontisti ve Di\u015f Hekimi","url":"https:\/\/www.orthodontist-dubai.com\/","logo":{"@type":"ImageObject","inLanguage":"tr","@id":"https:\/\/www.orthodontist-dubai.com\/#\/schema\/logo\/image\/","url":"https:\/\/www.orthodontist-dubai.com\/wp-content\/uploads\/2015\/04\/Othorontist-Dentist-UAE-Logo.png","contentUrl":"https:\/\/www.orthodontist-dubai.com\/wp-content\/uploads\/2015\/04\/Othorontist-Dentist-UAE-Logo.png","width":190,"height":70,"caption":"Best Orthodontist & Dentist in Dubai UAE"},"image":{"@id":"https:\/\/www.orthodontist-dubai.com\/#\/schema\/logo\/image\/"},"sameAs":["https:\/\/www.facebook.com\/Orthodontist.Dentist.Dubai\/","https:\/\/www.linkedin.com\/in\/dr-nazeer-ahmed-meeran-15691083\/"]}]}},"_links":{"self":[{"href":"https:\/\/www.orthodontist-dubai.com\/tr\/wp-json\/wp\/v2\/pages\/65","targetHints":{"allow":["GET"]}}],"collection":[{"href":"https:\/\/www.orthodontist-dubai.com\/tr\/wp-json\/wp\/v2\/pages"}],"about":[{"href":"https:\/\/www.orthodontist-dubai.com\/tr\/wp-json\/wp\/v2\/types\/page"}],"author":[{"embeddable":true,"href":"https:\/\/www.orthodontist-dubai.com\/tr\/wp-json\/wp\/v2\/users\/1"}],"replies":[{"embeddable":true,"href":"https:\/\/www.orthodontist-dubai.com\/tr\/wp-json\/wp\/v2\/comments?post=65"}],"version-history":[{"count":3,"href":"https:\/\/www.orthodontist-dubai.com\/tr\/wp-json\/wp\/v2\/pages\/65\/revisions"}],"predecessor-version":[{"id":1448,"href":"https:\/\/www.orthodontist-dubai.com\/tr\/wp-json\/wp\/v2\/pages\/65\/revisions\/1448"}],"wp:attachment":[{"href":"https:\/\/www.orthodontist-dubai.com\/tr\/wp-json\/wp\/v2\/media?parent=65"}],"curies":[{"name":"wp","href":"https:\/\/api.w.org\/{rel}","templated":true}]}}