{"id":526,"date":"2018-08-07T13:47:37","date_gmt":"2018-08-07T09:47:37","guid":{"rendered":"https:\/\/www.orthodontist-dubai.com\/?page_id=526"},"modified":"2023-02-08T13:24:01","modified_gmt":"2023-02-08T09:24:01","slug":"about-our-authors-contributors","status":"publish","type":"page","link":"https:\/\/www.orthodontist-dubai.com\/tr\/yazarlarimiz-katkida-bulunanlar-hakkinda\/","title":{"rendered":"Yazarlar\u0131m\u0131z ve Katk\u0131da Bulunanlar\u0131m\u0131z Hakk\u0131nda Bilgiyi Okuyun"},"content":{"rendered":"<p>De\u011ferli g\u00f6revini yapan Doktor Nazeer Ahmed Meeran gibi Dubai, BAE&#039;deki Di\u015f end\u00fcstrisine en iyi katk\u0131da bulunan tan\u0131nm\u0131\u015f ki\u015filerden her t\u00fcrl\u00fc di\u015f tedavisi hakk\u0131nda otantik di\u015f hekimli\u011fi bilgileri ve ayr\u0131nt\u0131lar\u0131 sa\u011fl\u0131yoruz. <a href=\"https:\/\/www.researchgate.net\/project\/https-wwworthodontist-dubaicom\" target=\"_blank\" rel=\"nofollow\">ara\u015ft\u0131rma<\/a> projeler geli\u015ftirdi ve di\u015f hekimli\u011finin b\u00fcy\u00fcmesine katk\u0131da bulundu. <a href=\"https:\/\/plus.google.com\/+DrNazeerAhmedMeeran\" target=\"_blank\">Dr. Nazeer Ahmed Meeran<\/a>&#039;n\u0131n ayr\u0131nt\u0131l\u0131 katk\u0131s\u0131, di\u015f hekimli\u011fi ihtiya\u00e7lar\u0131n\u0131 ara\u015ft\u0131rmaya gelen ve di\u015f end\u00fcstrisinde \u00e7ok tan\u0131nm\u0131\u015f ve g\u00fcvenilir bir uzmandan tedavi se\u00e7enekleri arayan okuyucular\u0131m\u0131za kesinlikle fayda sa\u011flayacakt\u0131r.<\/p>\n<p><img decoding=\"async\" class=\"aligncenter size-full wp-image-591 lazyload\" data-src=\"https:\/\/www.orthodontist-dubai.com\/wp-content\/uploads\/2018\/11\/Address-Contact-Details.jpg\" alt=\"Adres ve \u0130leti\u015fim Bilgileri\" width=\"659\" height=\"310\" data-srcset=\"https:\/\/www.orthodontist-dubai.com\/wp-content\/uploads\/2018\/11\/Address-Contact-Details.jpg 659w, https:\/\/www.orthodontist-dubai.com\/wp-content\/uploads\/2018\/11\/Address-Contact-Details-300x141.jpg 300w\" data-sizes=\"(max-width: 659px) 100vw, 659px\" src=\"data:image\/svg+xml;base64,PHN2ZyB3aWR0aD0iMSIgaGVpZ2h0PSIxIiB4bWxucz0iaHR0cDovL3d3dy53My5vcmcvMjAwMC9zdmciPjwvc3ZnPg==\" style=\"--smush-placeholder-width: 659px; --smush-placeholder-aspect-ratio: 659\/310;\" \/><\/p>\n<p><img decoding=\"async\" class=\"aligncenter size-full wp-image-1433 lazyload\" data-src=\"https:\/\/www.orthodontist-dubai.com\/wp-content\/uploads\/2022\/10\/Dr.-Abhishek-Parashar.jpg\" alt=\"Dr.Abhishek Parashar\" width=\"794\" height=\"643\" data-srcset=\"https:\/\/www.orthodontist-dubai.com\/wp-content\/uploads\/2022\/10\/Dr.-Abhishek-Parashar.jpg 794w, https:\/\/www.orthodontist-dubai.com\/wp-content\/uploads\/2022\/10\/Dr.-Abhishek-Parashar-300x243.jpg 300w, https:\/\/www.orthodontist-dubai.com\/wp-content\/uploads\/2022\/10\/Dr.-Abhishek-Parashar-768x622.jpg 768w, https:\/\/www.orthodontist-dubai.com\/wp-content\/uploads\/2022\/10\/Dr.-Abhishek-Parashar-15x12.jpg 15w\" data-sizes=\"(max-width: 794px) 100vw, 794px\" src=\"data:image\/svg+xml;base64,PHN2ZyB3aWR0aD0iMSIgaGVpZ2h0PSIxIiB4bWxucz0iaHR0cDovL3d3dy53My5vcmcvMjAwMC9zdmciPjwvc3ZnPg==\" style=\"--smush-placeholder-width: 794px; --smush-placeholder-aspect-ratio: 794\/643;\" \/><\/p>\n<p><b>Dr. Nazeer Ahmed Meeran<\/b> 12 y\u0131l\u0131 a\u015fk\u0131n s\u00fcredir Dubai ve Hindistan&#039;da \u00e7al\u0131\u015f\u0131yor. S\u0131n\u0131f\u0131n\u0131n en iyisi ve son derece uygun fiyatl\u0131 tedavileri nedeniyle \u00e7ok say\u0131da Prestijli \u00d6d\u00fcl ve Tan\u0131nma ile BAE&#039;nin her yerinde Dubai&#039;nin En \u0130yi Ortodontisti olarak tan\u0131nmaktad\u0131r. Dubai&#039;deki Dr. Joy Dental Klinikler Zinciri&#039;nde \u00e7al\u0131\u015fan, tan\u0131nm\u0131\u015f ve tavsiye edilen bir Ortodontisttir. Invisalign, Metal ve Seramik di\u015f telleri, \u015eeffaf Hizalay\u0131c\u0131lar, Lingual di\u015f telleri ve Damon Sistemi, Ak\u0131ll\u0131 klips ve Tenbrook cihaz\u0131 dahil Self Ligasyon sistemleri ile ortodontik tedavi ve ortodontik mini implantlar kullan\u0131larak karma\u015f\u0131k di\u015f malokl\u00fczyonlar\u0131n\u0131n tedavisinde klinik uzmanl\u0131\u011fa sahiptir. Ki\u015fiye \u00f6zel Lingual Braket Sistemi (ABD) sertifikas\u0131na sahiptir. \u0130lgi alan\u0131 ayn\u0131 zamanda yava\u015f ve H\u0131zl\u0131 Palatal Geni\u015fletici (RME) gibi geni\u015fletme aparatlar\u0131yla \u00e7ekimsiz tedavi mekaniklerini de i\u00e7ermektedir. Ayr\u0131ca yeti\u015fkinler i\u00e7in cerrahi ortodonti ve b\u00fcy\u00fcyen \u00e7ocuklarda \u00e7ene d\u00fczeltmesi ve iskelet malokluzyonunun tedavisi i\u00e7in fonksiyonel aparey terapisi konusunda da geni\u015f klinik deneyime sahiptir. Kendisi bizim yazar\u0131m\u0131zd\u0131r ve iyi ara\u015ft\u0131r\u0131lm\u0131\u015f di\u015f hekimli\u011fi makalelerine ve \u00f6nerilere katk\u0131da bulunmu\u015ftur. <a href=\"https:\/\/www.Orthodontist-Dubai.com\" target=\"_blank\">https:\/\/www.Orthodontist-Dubai.com<\/a><\/p>\n<p><img decoding=\"async\" class=\"aligncenter wp-image-213 size-medium lazyload\" data-src=\"https:\/\/www.orthodontist-dubai.com\/wp-content\/uploads\/2015\/05\/Dr.-Nazeer-Ahmed-Meeran-200x300.jpg\" alt=\"Dr. Nazeer Ahmed Meeran\" width=\"200\" height=\"300\" data-srcset=\"https:\/\/www.orthodontist-dubai.com\/wp-content\/uploads\/2015\/05\/Dr.-Nazeer-Ahmed-Meeran-200x300.jpg 200w, https:\/\/www.orthodontist-dubai.com\/wp-content\/uploads\/2015\/05\/Dr.-Nazeer-Ahmed-Meeran.jpg 640w\" data-sizes=\"(max-width: 200px) 100vw, 200px\" src=\"data:image\/svg+xml;base64,PHN2ZyB3aWR0aD0iMSIgaGVpZ2h0PSIxIiB4bWxucz0iaHR0cDovL3d3dy53My5vcmcvMjAwMC9zdmciPjwvc3ZnPg==\" style=\"--smush-placeholder-width: 200px; --smush-placeholder-aspect-ratio: 200\/300;\" \/><\/p>\n<p>\u00c7e\u015fitli yorumlardan okuyun <a href=\"https:\/\/www.orthodontist-dubai.com\/tr\/klinik-incelemeler\/\">do\u011frulanm\u0131\u015f kaynaklar<\/a> Dubai, BAE&#039;deki ucuz ve en iyi di\u015f klini\u011fini se\u00e7meden \u00f6nce. Dubai, BAE&#039;de uygun fiyatl\u0131 Ortodontist ve Di\u015f Hekimi i\u00e7in en iyi do\u011frulanm\u0131\u015f kayna\u011f\u0131n\u0131z\u0131z. Metal, Seramik, lingual, invisalign g\u00f6r\u00fcnmez di\u015f telleri ve di\u011ferleri gibi t\u00fcm tedaviler hakk\u0131nda ayr\u0131nt\u0131lar\u0131 bulun <a href=\"https:\/\/www.orthodontist-dubai.com\/tr\/dis\/\">di\u015f tedavileri<\/a>. \u00c7al\u0131\u015fmalar\u0131 \u015fu adreste yay\u0131nland\u0131: <a href=\"https:\/\/www.jco-online.com\/archive\/2012\/04\/235-overview-self-ligating-brackets-an-update\/\" target=\"_blank\" rel=\"nofollow\">Klinik Ortodonti Dergisi<\/a> Ve <a href=\"https:\/\/www.ncbi.nlm.nih.gov\/pmc\/articles\/PMC4072383\/\" target=\"_blank\" rel=\"nofollow\">Ulusal Biyoteknoloji Bilgi Merkezi<\/a>. Ortodonti, g\u00fcl\u00fcmseme esteti\u011fi, di\u015f implantlar\u0131, di\u015f beyazlatma, k\u00f6k kanal tedavisi, di\u015f \u00e7ekimi, pediatrik, Incognito, Damon, Lingual, Seramik di\u015f telleri, hollywood g\u00fcl\u00fc\u015f\u00fc dahil yeti\u015fkinler ve \u00e7ocuklar\u0131n di\u015f ihtiya\u00e7lar\u0131 i\u00e7in Dubai&#039;de yak\u0131n\u0131n\u0131zdaki ucuz ve en iyi di\u015f hekimini bulun do\u011frulanm\u0131\u015f bir kaynak Bunu kullanarak Dubai, BAE&#039;deki en iyi di\u015f kliniklerinden birindeki tan\u0131nm\u0131\u015f bir di\u015f hekiminden tamamen \u00dcCRETS\u0130Z bir randevu al\u0131n <a href=\"https:\/\/www.orthodontist-dubai.com\/tr\/hasta-kaydi\/\">hasta kay\u0131t formu<\/a>.<\/p>\n<hr \/>","protected":false},"excerpt":{"rendered":"<p>We provide authentic source of dental information and details about all kinds of dental treatments from well recognized top contributors in Dental industry in Dubai, UAE like Doctor Nazeer Ahmed Meeran who has done his valuable research projects and contributed to the growth of dentistry. Dr.Nazeer Ahmed Meeran&#8216;s detailed contribution should definitely benefit our readers [&hellip;]<\/p>\n","protected":false},"author":1,"featured_media":0,"parent":0,"menu_order":0,"comment_status":"closed","ping_status":"closed","template":"","meta":{"site-sidebar-layout":"default","site-content-layout":"","ast-site-content-layout":"default","site-content-style":"default","site-sidebar-style":"default","ast-global-header-display":"","ast-banner-title-visibility":"","ast-main-header-display":"","ast-hfb-above-header-display":"","ast-hfb-below-header-display":"","ast-hfb-mobile-header-display":"","site-post-title":"","ast-breadcrumbs-content":"","ast-featured-img":"","footer-sml-layout":"","ast-disable-related-posts":"","theme-transparent-header-meta":"","adv-header-id-meta":"","stick-header-meta":"","header-above-stick-meta":"","header-main-stick-meta":"","header-below-stick-meta":"","astra-migrate-meta-layouts":"default","ast-page-background-enabled":"default","ast-page-background-meta":{"desktop":{"background-color":"var(--ast-global-color-4)","background-image":"","background-repeat":"repeat","background-position":"center center","background-size":"auto","background-attachment":"scroll","background-type":"","background-media":"","overlay-type":"","overlay-color":"","overlay-opacity":"","overlay-gradient":""},"tablet":{"background-color":"","background-image":"","background-repeat":"repeat","background-position":"center center","background-size":"auto","background-attachment":"scroll","background-type":"","background-media":"","overlay-type":"","overlay-color":"","overlay-opacity":"","overlay-gradient":""},"mobile":{"background-color":"","background-image":"","background-repeat":"repeat","background-position":"center center","background-size":"auto","background-attachment":"scroll","background-type":"","background-media":"","overlay-type":"","overlay-color":"","overlay-opacity":"","overlay-gradient":""}},"ast-content-background-meta":{"desktop":{"background-color":"var(--ast-global-color-5)","background-image":"","background-repeat":"repeat","background-position":"center center","background-size":"auto","background-attachment":"scroll","background-type":"","background-media":"","overlay-type":"","overlay-color":"","overlay-opacity":"","overlay-gradient":""},"tablet":{"background-color":"var(--ast-global-color-5)","background-image":"","background-repeat":"repeat","background-position":"center center","background-size":"auto","background-attachment":"scroll","background-type":"","background-media":"","overlay-type":"","overlay-color":"","overlay-opacity":"","overlay-gradient":""},"mobile":{"background-color":"var(--ast-global-color-5)","background-image":"","background-repeat":"repeat","background-position":"center center","background-size":"auto","background-attachment":"scroll","background-type":"","background-media":"","overlay-type":"","overlay-color":"","overlay-opacity":"","overlay-gradient":""}},"footnotes":""},"class_list":["post-526","page","type-page","status-publish","hentry"],"yoast_head":"<!-- This site is optimized with the Yoast SEO plugin v27.5 - https:\/\/yoast.com\/product\/yoast-seo-wordpress\/ -->\n<title>Read About Our Authors &amp; Contributors<\/title>\n<meta name=\"robots\" content=\"index, follow, max-snippet:-1, max-image-preview:large, max-video-preview:-1\" \/>\n<link rel=\"canonical\" href=\"https:\/\/www.orthodontist-dubai.com\/tr\/yazarlarimiz-katkida-bulunanlar-hakkinda\/\" \/>\n<meta property=\"og:locale\" content=\"tr_TR\" \/>\n<meta property=\"og:type\" content=\"article\" \/>\n<meta property=\"og:title\" content=\"Read About Our Authors &amp; Contributors\" \/>\n<meta property=\"og:description\" content=\"We provide authentic source of dental information and details about all kinds of dental treatments from well recognized top contributors in Dental industry in Dubai, UAE like Doctor Nazeer Ahmed Meeran who has done his valuable research projects and contributed to the growth of dentistry. Dr.Nazeer Ahmed Meeran&#8216;s detailed contribution should definitely benefit our readers [&hellip;]\" \/>\n<meta property=\"og:url\" content=\"https:\/\/www.orthodontist-dubai.com\/tr\/yazarlarimiz-katkida-bulunanlar-hakkinda\/\" \/>\n<meta property=\"og:site_name\" content=\"BEST Orthodontist &amp; Dentist in Dubai UAE for all Dental Treatments\" \/>\n<meta property=\"article:publisher\" content=\"https:\/\/www.facebook.com\/Orthodontist.Dentist.Dubai\/\" \/>\n<meta property=\"article:modified_time\" content=\"2023-02-08T09:24:01+00:00\" \/>\n<meta property=\"og:image\" content=\"https:\/\/www.orthodontist-dubai.com\/wp-content\/uploads\/2018\/11\/Address-Contact-Details.jpg\" \/>\n<meta name=\"twitter:card\" content=\"summary_large_image\" \/>\n<meta name=\"twitter:label1\" content=\"Tahmini okuma s\u00fcresi\" \/>\n\t<meta name=\"twitter:data1\" content=\"3 dakika\" \/>\n<script type=\"application\/ld+json\" class=\"yoast-schema-graph\">{\"@context\":\"https:\\\/\\\/schema.org\",\"@graph\":[{\"@type\":\"WebPage\",\"@id\":\"https:\\\/\\\/www.orthodontist-dubai.com\\\/about-our-authors-contributors\\\/\",\"url\":\"https:\\\/\\\/www.orthodontist-dubai.com\\\/about-our-authors-contributors\\\/\",\"name\":\"Read About Our Authors & Contributors\",\"isPartOf\":{\"@id\":\"https:\\\/\\\/www.orthodontist-dubai.com\\\/#website\"},\"primaryImageOfPage\":{\"@id\":\"https:\\\/\\\/www.orthodontist-dubai.com\\\/about-our-authors-contributors\\\/#primaryimage\"},\"image\":{\"@id\":\"https:\\\/\\\/www.orthodontist-dubai.com\\\/about-our-authors-contributors\\\/#primaryimage\"},\"thumbnailUrl\":\"https:\\\/\\\/www.orthodontist-dubai.com\\\/wp-content\\\/uploads\\\/2018\\\/11\\\/Address-Contact-Details.jpg\",\"datePublished\":\"2018-08-07T09:47:37+00:00\",\"dateModified\":\"2023-02-08T09:24:01+00:00\",\"breadcrumb\":{\"@id\":\"https:\\\/\\\/www.orthodontist-dubai.com\\\/about-our-authors-contributors\\\/#breadcrumb\"},\"inLanguage\":\"tr\",\"potentialAction\":[{\"@type\":\"ReadAction\",\"target\":[\"https:\\\/\\\/www.orthodontist-dubai.com\\\/about-our-authors-contributors\\\/\"]}]},{\"@type\":\"ImageObject\",\"inLanguage\":\"tr\",\"@id\":\"https:\\\/\\\/www.orthodontist-dubai.com\\\/about-our-authors-contributors\\\/#primaryimage\",\"url\":\"https:\\\/\\\/www.orthodontist-dubai.com\\\/wp-content\\\/uploads\\\/2018\\\/11\\\/Address-Contact-Details.jpg\",\"contentUrl\":\"https:\\\/\\\/www.orthodontist-dubai.com\\\/wp-content\\\/uploads\\\/2018\\\/11\\\/Address-Contact-Details.jpg\"},{\"@type\":\"BreadcrumbList\",\"@id\":\"https:\\\/\\\/www.orthodontist-dubai.com\\\/about-our-authors-contributors\\\/#breadcrumb\",\"itemListElement\":[{\"@type\":\"ListItem\",\"position\":1,\"name\":\"\u2776 Home\",\"item\":\"https:\\\/\\\/www.orthodontist-dubai.com\\\/\"},{\"@type\":\"ListItem\",\"position\":2,\"name\":\"Read About Our Authors &#038; Contributors\"}]},{\"@type\":\"WebSite\",\"@id\":\"https:\\\/\\\/www.orthodontist-dubai.com\\\/#website\",\"url\":\"https:\\\/\\\/www.orthodontist-dubai.com\\\/\",\"name\":\"BEST Orthodontist &amp; Dentist in Dubai UAE for all Dental Treatments\",\"description\":\"Cheap &amp; Best Orthodontist &amp; Dentists for all dental treatments in Dubai UAE\",\"publisher\":{\"@id\":\"https:\\\/\\\/www.orthodontist-dubai.com\\\/#organization\"},\"potentialAction\":[{\"@type\":\"SearchAction\",\"target\":{\"@type\":\"EntryPoint\",\"urlTemplate\":\"https:\\\/\\\/www.orthodontist-dubai.com\\\/?s={search_term_string}\"},\"query-input\":{\"@type\":\"PropertyValueSpecification\",\"valueRequired\":true,\"valueName\":\"search_term_string\"}}],\"inLanguage\":\"tr\"},{\"@type\":\"Organization\",\"@id\":\"https:\\\/\\\/www.orthodontist-dubai.com\\\/#organization\",\"name\":\"Best Orthodontist & Dentist in Dubai UAE\",\"url\":\"https:\\\/\\\/www.orthodontist-dubai.com\\\/\",\"logo\":{\"@type\":\"ImageObject\",\"inLanguage\":\"tr\",\"@id\":\"https:\\\/\\\/www.orthodontist-dubai.com\\\/#\\\/schema\\\/logo\\\/image\\\/\",\"url\":\"https:\\\/\\\/www.orthodontist-dubai.com\\\/wp-content\\\/uploads\\\/2015\\\/04\\\/Othorontist-Dentist-UAE-Logo.png\",\"contentUrl\":\"https:\\\/\\\/www.orthodontist-dubai.com\\\/wp-content\\\/uploads\\\/2015\\\/04\\\/Othorontist-Dentist-UAE-Logo.png\",\"width\":190,\"height\":70,\"caption\":\"Best Orthodontist & Dentist in Dubai UAE\"},\"image\":{\"@id\":\"https:\\\/\\\/www.orthodontist-dubai.com\\\/#\\\/schema\\\/logo\\\/image\\\/\"},\"sameAs\":[\"https:\\\/\\\/www.facebook.com\\\/Orthodontist.Dentist.Dubai\\\/\",\"https:\\\/\\\/www.linkedin.com\\\/in\\\/dr-nazeer-ahmed-meeran-15691083\\\/\"]}]}<\/script>\n<!-- \/ Yoast SEO plugin. -->","yoast_head_json":{"title":"Yazarlar\u0131m\u0131z ve Katk\u0131da Bulunanlar\u0131m\u0131z Hakk\u0131nda Bilgiyi Okuyun","robots":{"index":"index","follow":"follow","max-snippet":"max-snippet:-1","max-image-preview":"max-image-preview:large","max-video-preview":"max-video-preview:-1"},"canonical":"https:\/\/www.orthodontist-dubai.com\/tr\/yazarlarimiz-katkida-bulunanlar-hakkinda\/","og_locale":"tr_TR","og_type":"article","og_title":"Read About Our Authors & Contributors","og_description":"We provide authentic source of dental information and details about all kinds of dental treatments from well recognized top contributors in Dental industry in Dubai, UAE like Doctor Nazeer Ahmed Meeran who has done his valuable research projects and contributed to the growth of dentistry. Dr.Nazeer Ahmed Meeran&#8216;s detailed contribution should definitely benefit our readers [&hellip;]","og_url":"https:\/\/www.orthodontist-dubai.com\/tr\/yazarlarimiz-katkida-bulunanlar-hakkinda\/","og_site_name":"BEST Orthodontist &amp; Dentist in Dubai UAE for all Dental Treatments","article_publisher":"https:\/\/www.facebook.com\/Orthodontist.Dentist.Dubai\/","article_modified_time":"2023-02-08T09:24:01+00:00","og_image":[{"url":"https:\/\/www.orthodontist-dubai.com\/wp-content\/uploads\/2018\/11\/Address-Contact-Details.jpg","type":"","width":"","height":""}],"twitter_card":"summary_large_image","twitter_misc":{"Tahmini okuma s\u00fcresi":"3 dakika"},"schema":{"@context":"https:\/\/schema.org","@graph":[{"@type":"WebPage","@id":"https:\/\/www.orthodontist-dubai.com\/about-our-authors-contributors\/","url":"https:\/\/www.orthodontist-dubai.com\/about-our-authors-contributors\/","name":"Yazarlar\u0131m\u0131z ve Katk\u0131da Bulunanlar\u0131m\u0131z Hakk\u0131nda Bilgiyi Okuyun","isPartOf":{"@id":"https:\/\/www.orthodontist-dubai.com\/#website"},"primaryImageOfPage":{"@id":"https:\/\/www.orthodontist-dubai.com\/about-our-authors-contributors\/#primaryimage"},"image":{"@id":"https:\/\/www.orthodontist-dubai.com\/about-our-authors-contributors\/#primaryimage"},"thumbnailUrl":"https:\/\/www.orthodontist-dubai.com\/wp-content\/uploads\/2018\/11\/Address-Contact-Details.jpg","datePublished":"2018-08-07T09:47:37+00:00","dateModified":"2023-02-08T09:24:01+00:00","breadcrumb":{"@id":"https:\/\/www.orthodontist-dubai.com\/about-our-authors-contributors\/#breadcrumb"},"inLanguage":"tr","potentialAction":[{"@type":"ReadAction","target":["https:\/\/www.orthodontist-dubai.com\/about-our-authors-contributors\/"]}]},{"@type":"ImageObject","inLanguage":"tr","@id":"https:\/\/www.orthodontist-dubai.com\/about-our-authors-contributors\/#primaryimage","url":"https:\/\/www.orthodontist-dubai.com\/wp-content\/uploads\/2018\/11\/Address-Contact-Details.jpg","contentUrl":"https:\/\/www.orthodontist-dubai.com\/wp-content\/uploads\/2018\/11\/Address-Contact-Details.jpg"},{"@type":"BreadcrumbList","@id":"https:\/\/www.orthodontist-dubai.com\/about-our-authors-contributors\/#breadcrumb","itemListElement":[{"@type":"ListItem","position":1,"name":"\u2776 Home","item":"https:\/\/www.orthodontist-dubai.com\/"},{"@type":"ListItem","position":2,"name":"Read About Our Authors &#038; Contributors"}]},{"@type":"WebSite","@id":"https:\/\/www.orthodontist-dubai.com\/#website","url":"https:\/\/www.orthodontist-dubai.com\/","name":"T\u00fcm Di\u015f Tedavileri i\u00e7in Dubai BAE&#039;deki EN \u0130Y\u0130 Ortodontist ve Di\u015f Hekimi","description":"Dubai BAE&#039;deki t\u00fcm di\u015f tedavileri i\u00e7in Ucuz ve En \u0130yi Ortodontist ve Di\u015f Hekimleri","publisher":{"@id":"https:\/\/www.orthodontist-dubai.com\/#organization"},"potentialAction":[{"@type":"SearchAction","target":{"@type":"EntryPoint","urlTemplate":"https:\/\/www.orthodontist-dubai.com\/?s={search_term_string}"},"query-input":{"@type":"PropertyValueSpecification","valueRequired":true,"valueName":"search_term_string"}}],"inLanguage":"tr"},{"@type":"Organization","@id":"https:\/\/www.orthodontist-dubai.com\/#organization","name":"Dubai BAE&#039;nin En \u0130yi Ortodontisti ve Di\u015f Hekimi","url":"https:\/\/www.orthodontist-dubai.com\/","logo":{"@type":"ImageObject","inLanguage":"tr","@id":"https:\/\/www.orthodontist-dubai.com\/#\/schema\/logo\/image\/","url":"https:\/\/www.orthodontist-dubai.com\/wp-content\/uploads\/2015\/04\/Othorontist-Dentist-UAE-Logo.png","contentUrl":"https:\/\/www.orthodontist-dubai.com\/wp-content\/uploads\/2015\/04\/Othorontist-Dentist-UAE-Logo.png","width":190,"height":70,"caption":"Best Orthodontist & Dentist in Dubai UAE"},"image":{"@id":"https:\/\/www.orthodontist-dubai.com\/#\/schema\/logo\/image\/"},"sameAs":["https:\/\/www.facebook.com\/Orthodontist.Dentist.Dubai\/","https:\/\/www.linkedin.com\/in\/dr-nazeer-ahmed-meeran-15691083\/"]}]}},"_links":{"self":[{"href":"https:\/\/www.orthodontist-dubai.com\/tr\/wp-json\/wp\/v2\/pages\/526","targetHints":{"allow":["GET"]}}],"collection":[{"href":"https:\/\/www.orthodontist-dubai.com\/tr\/wp-json\/wp\/v2\/pages"}],"about":[{"href":"https:\/\/www.orthodontist-dubai.com\/tr\/wp-json\/wp\/v2\/types\/page"}],"author":[{"embeddable":true,"href":"https:\/\/www.orthodontist-dubai.com\/tr\/wp-json\/wp\/v2\/users\/1"}],"replies":[{"embeddable":true,"href":"https:\/\/www.orthodontist-dubai.com\/tr\/wp-json\/wp\/v2\/comments?post=526"}],"version-history":[{"count":4,"href":"https:\/\/www.orthodontist-dubai.com\/tr\/wp-json\/wp\/v2\/pages\/526\/revisions"}],"predecessor-version":[{"id":1524,"href":"https:\/\/www.orthodontist-dubai.com\/tr\/wp-json\/wp\/v2\/pages\/526\/revisions\/1524"}],"wp:attachment":[{"href":"https:\/\/www.orthodontist-dubai.com\/tr\/wp-json\/wp\/v2\/media?parent=526"}],"curies":[{"name":"wp","href":"https:\/\/api.w.org\/{rel}","templated":true}]}}