{"id":36,"date":"2014-12-28T19:05:24","date_gmt":"2014-12-28T19:05:24","guid":{"rendered":"https:\/\/www.orthodontist-dubai.com\/?page_id=36"},"modified":"2026-03-02T03:34:46","modified_gmt":"2026-03-01T23:34:46","slug":"contact-us","status":"publish","type":"page","link":"https:\/\/www.orthodontist-dubai.com\/tr\/bize-ulasin\/","title":{"rendered":"Bize Ula\u015f\u0131n"},"content":{"rendered":"<p><!--<a href=\"https:\/\/www.orthodontist-dubai.com\/clinic-reviews\/\"><img decoding=\"async\" class=\"aligncenter wp-image-346 size-full lazyload\" data-src=\"https:\/\/www.orthodontist-dubai.com\/wp-content\/uploads\/2014\/12\/banner-best2.jpg\" alt=\"Top dental clinic of the month in Dubai UAE\" width=\"795\" height=\"459\" src=\"data:image\/svg+xml;base64,PHN2ZyB3aWR0aD0iMSIgaGVpZ2h0PSIxIiB4bWxucz0iaHR0cDovL3d3dy53My5vcmcvMjAwMC9zdmciPjwvc3ZnPg==\" style=\"--smush-placeholder-width: 795px; --smush-placeholder-aspect-ratio: 795\/459;\"><\/a>--><br \/><div id=\"metaslider-id-1205\" style=\"max-width: 700px; margin: 0 auto;\" class=\"ml-slider-3-109-0 metaslider metaslider-responsive metaslider-1205 ml-slider ms-theme-default\" role=\"region\" aria-label=\"\u0130leti\u015fim sayfas\u0131 slayt g\u00f6sterisi\" data-height=\"400\" data-width=\"700\">\n    <div id=\"metaslider_container_1205\">\n        <ul id='metaslider_1205' class='rslides'>\n            <li aria-roledescription='slide' aria-labelledby='slide-0'><a href=\"https:\/\/www.orthodontist-dubai.com\/tr\/klinik-incelemeler\/\" target=\"_self\"><img decoding=\"async\" data-src=\"https:\/\/www.orthodontist-dubai.com\/wp-content\/uploads\/2025\/04\/inside-treatment-room-of-the-dental-clinic-in-dubai-700x400.jpg\" height=\"400\" width=\"700\" alt=\"dubai&#039;deki di\u015f klini\u011finin tedavi odas\u0131n\u0131n i\u00e7i\" class=\"slider-1205 slide-1210 msDefaultImage lazyload\" title=\"dubai&#039;deki di\u015f klini\u011finin tedavi odas\u0131n\u0131n i\u00e7i\" src=\"data:image\/svg+xml;base64,PHN2ZyB3aWR0aD0iMSIgaGVpZ2h0PSIxIiB4bWxucz0iaHR0cDovL3d3dy53My5vcmcvMjAwMC9zdmciPjwvc3ZnPg==\" style=\"--smush-placeholder-width: 700px; --smush-placeholder-aspect-ratio: 700\/400;\" \/><\/a><\/li>\n            <li style='display: none;' aria-roledescription='slide' aria-labelledby='slide-1'><a href=\"https:\/\/www.orthodontist-dubai.com\/tr\/klinik-incelemeler\/\" target=\"_self\"><img decoding=\"async\" data-src=\"https:\/\/www.orthodontist-dubai.com\/wp-content\/uploads\/2023\/09\/dental-clinic-in-dubai-700x400.jpg\" height=\"400\" width=\"700\" alt=\"Dubai&#039;de di\u015f klini\u011fi\" class=\"slider-1205 slide-1209 msDefaultImage lazyload\" title=\"dubai&#039;de di\u015f klini\u011fi\" src=\"data:image\/svg+xml;base64,PHN2ZyB3aWR0aD0iMSIgaGVpZ2h0PSIxIiB4bWxucz0iaHR0cDovL3d3dy53My5vcmcvMjAwMC9zdmciPjwvc3ZnPg==\" style=\"--smush-placeholder-width: 700px; --smush-placeholder-aspect-ratio: 700\/400;\" \/><\/a><\/li>\n            <li style='display: none;' aria-roledescription='slide' aria-labelledby='slide-2'><a href=\"https:\/\/www.orthodontist-dubai.com\/tr\/klinik-incelemeler\/\" target=\"_self\"><img decoding=\"async\" data-src=\"https:\/\/www.orthodontist-dubai.com\/wp-content\/uploads\/2025\/04\/dental-clinic-dubai-700x400.jpg\" height=\"400\" width=\"700\" alt=\"Dubai BAE&#039;deki en iyi di\u015f klini\u011fi\" class=\"slider-1205 slide-1208 msDefaultImage lazyload\" title=\"Dubai BAE&#039;deki en iyi di\u015f klini\u011fi\" src=\"data:image\/svg+xml;base64,PHN2ZyB3aWR0aD0iMSIgaGVpZ2h0PSIxIiB4bWxucz0iaHR0cDovL3d3dy53My5vcmcvMjAwMC9zdmciPjwvc3ZnPg==\" style=\"--smush-placeholder-width: 700px; --smush-placeholder-aspect-ratio: 700\/400;\" \/><\/a><\/li>\n        <\/ul>\n        \n    <\/div>\n<\/div><!--<a href=\"https:\/\/www.orthodontist-dubai.com\/clinic-reviews\/\"><img decoding=\"async\" class=\"aligncenter size-full wp-image-266 lazyload\" data-src=\"https:\/\/www.orthodontist-dubai.com\/wp-content\/uploads\/2014\/12\/Find-the-Best-Orthodontist-in-Dubai-UAE.jpg\" alt=\"Find-the-Best-Orthodontist-in-Dubai-UAE\" width=\"618\" height=\"41\" data-srcset=\"https:\/\/www.orthodontist-dubai.com\/wp-content\/uploads\/2014\/12\/Find-the-Best-Orthodontist-in-Dubai-UAE.jpg 618w, https:\/\/www.orthodontist-dubai.com\/wp-content\/uploads\/2014\/12\/Find-the-Best-Orthodontist-in-Dubai-UAE-300x20.jpg 300w\" data-sizes=\"(max-width: 618px) 100vw, 618px\" src=\"data:image\/svg+xml;base64,PHN2ZyB3aWR0aD0iMSIgaGVpZ2h0PSIxIiB4bWxucz0iaHR0cDovL3d3dy53My5vcmcvMjAwMC9zdmciPjwvc3ZnPg==\" style=\"--smush-placeholder-width: 618px; --smush-placeholder-aspect-ratio: 618\/41;\" \/><\/a>--><\/p>\n<p style=\"text-align: center;\">Bize Support@Orthodontist-Dubai.com adresine e-posta g\u00f6nderin (veya) A\u015fa\u011f\u0131daki formu kullanarak ileti\u015fime ge\u00e7in.<\/p>\n<p style=\"text-align: center;\">\n<div class=\"wpcf7 no-js\" id=\"wpcf7-f809-o1\" lang=\"en-US\" dir=\"ltr\" data-wpcf7-id=\"809\">\n<div class=\"screen-reader-response\"><p role=\"status\" aria-live=\"polite\" aria-atomic=\"true\"><\/p> <ul><\/ul><\/div>\n<form action=\"\/tr\/wp-json\/wp\/v2\/pages\/36#wpcf7-f809-o1\" method=\"post\" class=\"wpcf7-form init\" aria-label=\"Contact form\" novalidate=\"novalidate\" data-status=\"init\" data-trp-original-action=\"\/tr\/wp-json\/wp\/v2\/pages\/36#wpcf7-f809-o1\">\n<fieldset class=\"hidden-fields-container\"><input type=\"hidden\" name=\"_wpcf7\" value=\"809\" \/><input type=\"hidden\" name=\"_wpcf7_version\" value=\"6.1.6\" \/><input type=\"hidden\" name=\"_wpcf7_locale\" value=\"en_US\" \/><input type=\"hidden\" name=\"_wpcf7_unit_tag\" value=\"wpcf7-f809-o1\" \/><input type=\"hidden\" name=\"_wpcf7_container_post\" value=\"0\" \/><input type=\"hidden\" name=\"_wpcf7_posted_data_hash\" value=\"\" \/><input type=\"hidden\" name=\"_wpcf7_recaptcha_response\" value=\"\" \/>\n<\/fieldset>\n<p><label> \u0130sim<br \/>\n<span class=\"wpcf7-form-control-wrap\" data-name=\"your-name\"><input size=\"40\" maxlength=\"400\" class=\"wpcf7-form-control wpcf7-text wpcf7-validates-as-required\" aria-required=\"true\" aria-invalid=\"false\" value=\"\" type=\"text\" name=\"your-name\" \/><\/span> <\/label>\n<\/p>\n<p><label> Telefon<br \/>\n<span class=\"wpcf7-form-control-wrap\" data-name=\"tel-97\"><input size=\"40\" maxlength=\"400\" class=\"wpcf7-form-control wpcf7-tel wpcf7-validates-as-required wpcf7-text wpcf7-validates-as-tel\" aria-required=\"true\" aria-invalid=\"false\" value=\"\" type=\"tel\" name=\"tel-97\" \/><\/span> <\/label>\n<\/p>\n<p><label> E-posta<br \/>\n<span class=\"wpcf7-form-control-wrap\" data-name=\"your-email\"><input size=\"40\" maxlength=\"400\" class=\"wpcf7-form-control wpcf7-email wpcf7-validates-as-required wpcf7-text wpcf7-validates-as-email\" aria-required=\"true\" aria-invalid=\"false\" value=\"\" type=\"email\" name=\"your-email\" \/><\/span> <\/label>\n<\/p>\n<p><label> Gerekli Tedavi T\u00fcr\u00fc<br \/>\n<span class=\"wpcf7-form-control-wrap\" data-name=\"your-subject\"><input size=\"40\" maxlength=\"400\" class=\"wpcf7-form-control wpcf7-text wpcf7-validates-as-required\" aria-required=\"true\" aria-invalid=\"false\" value=\"\" type=\"text\" name=\"your-subject\" \/><\/span> <\/label>\n<\/p>\n<p><label> Mesaj\u0131n\u0131z (iste\u011fe ba\u011fl\u0131)<br \/>\n<span class=\"wpcf7-form-control-wrap\" data-name=\"your-message\"><textarea cols=\"40\" rows=\"10\" maxlength=\"140\" minlength=\"10\" class=\"wpcf7-form-control wpcf7-textarea\" aria-invalid=\"false\" name=\"your-message\"><\/textarea><\/span><span class=\"wpcf7-character-count up\" data-target-name=\"your-message\" data-starting-value=\"0\" data-current-value=\"0\" data-maximum-value=\"140\" data-minimum-value=\"10\">0<\/span> <\/label>\n<\/p>\n<p><input class=\"wpcf7-form-control wpcf7-submit has-spinner\" type=\"submit\" value=\"G\u00f6ndermek\" \/>\n<\/p><div class=\"wpcf7-response-output\" aria-hidden=\"true\"><\/div>\n<input type=\"hidden\" name=\"trp-form-language\" value=\"tr\"\/><\/form>\n<\/div>\n\n<hr \/>\n<p>Here is updated table of price list as of March 2026 of dental treatments offered by Dental clinics in Dubai UAE (Please note : price may vary according to the complexity of your case.)<\/p>\n<table width=\"678\">\n<tbody>\n<tr>\n<td width=\"517\"><strong>Di\u015f tedavisi<\/strong><\/td>\n<td width=\"161\"><strong>Fiyat<\/strong><\/td>\n<\/tr>\n<tr>\n<td>Genel Dan\u0131\u015fmanl\u0131k<\/td>\n<td>200 AED<\/td>\n<\/tr>\n<tr>\n<td>G\u00fcl\u00fc\u015f Tasar\u0131m\u0131 Dan\u0131\u015fmanl\u0131\u011f\u0131<\/td>\n<td>\u00d6ZG\u00dcR<\/td>\n<\/tr>\n<tr>\n<td>Di\u015f Teli Kons\u00fcltasyonu<\/td>\n<td>\u00d6ZG\u00dcR<\/td>\n<\/tr>\n<tr>\n<td>Porselen Kaplama Dan\u0131\u015fmanl\u0131\u011f\u0131<\/td>\n<td>\u00d6ZG\u00dcR<\/td>\n<\/tr>\n<tr>\n<td>Porselen Kuronlar Dan\u0131\u015fmanl\u0131\u011f\u0131<\/td>\n<td>\u00d6ZG\u00dcR<\/td>\n<\/tr>\n<tr>\n<td>Di\u015f Beyazlatma Dan\u0131\u015fmanl\u0131\u011f\u0131<\/td>\n<td>\u00d6ZG\u00dcR<\/td>\n<\/tr>\n<tr>\n<td>Invisalign Dan\u0131\u015fmanl\u0131\u011f\u0131<\/td>\n<td>\u00d6ZG\u00dcR<\/td>\n<\/tr>\n<tr>\n<td>Retainer Dan\u0131\u015fmanl\u0131\u011f\u0131<\/td>\n<td>\u00d6ZG\u00dcR<\/td>\n<\/tr>\n<tr>\n<td>Di\u015f \u0130mplant\u0131 Dan\u0131\u015fmanl\u0131\u011f\u0131<\/td>\n<td>200 AED<\/td>\n<\/tr>\n<tr>\n<td>Periapikal R\u00f6ntgen (Tekli)<\/td>\n<td>80 dirhem<\/td>\n<\/tr>\n<tr>\n<td>Kompozit Dolgu (1 y\u00fczey)<\/td>\n<td>400 AED&#039;den itibaren<\/td>\n<\/tr>\n<tr>\n<td>Kompozit Dolgu (2 y\u00fczey)<\/td>\n<td>550 AED&#039;den itibaren<\/td>\n<\/tr>\n<tr>\n<td>Kompozit Dolgu (3 y\u00fczey)<\/td>\n<td>600 AED&#039;den itibaren<\/td>\n<\/tr>\n<tr>\n<td>Essix Retainer (\u00c7\u0131kar\u0131labilir)<\/td>\n<td>Kemer ba\u015f\u0131na 500<\/td>\n<\/tr>\n<tr>\n<td>K\u00f6k kanal tedavisi (\u00d6n di\u015fler \u2013 kesici di\u015fler\/k\u00f6pek di\u015fleri)<\/td>\n<td>1600 AED ve \u00fczeri<\/td>\n<\/tr>\n<tr>\n<td>K\u00f6k kanal tedavisi (k\u00fc\u00e7\u00fck az\u0131 di\u015fleri)<\/td>\n<td>1800 AED&#039;den itibaren<\/td>\n<\/tr>\n<tr>\n<td>K\u00f6k kanal tedavisi (az\u0131 di\u015fleri)<\/td>\n<td>2000 AED&#039;den itibaren<\/td>\n<\/tr>\n<tr>\n<td>Di\u015f Macunu (di\u015f ba\u015f\u0131na)<\/td>\n<td>350 AED<\/td>\n<\/tr>\n<tr>\n<td>Di\u015f \u0130mplant\u0131 (Kuronlu)<\/td>\n<td>4500 AED&#039;den itibaren<\/td>\n<\/tr>\n<tr>\n<td>Ekstraksiyon (basit)<\/td>\n<td>500 ila 700 AED<\/td>\n<\/tr>\n<tr>\n<td>Ekstraksiyon (etkilenmi\u015f)<\/td>\n<td>1350 ila 2000 AED<\/td>\n<\/tr>\n<tr>\n<td>Lazer Di\u015f Beyazlatma<\/td>\n<td>750 dirhem<\/td>\n<\/tr>\n<tr>\n<td>Di\u015f Temizleme ve Cilalama<\/td>\n<td>450 ila 600 AED<\/td>\n<\/tr>\n<tr>\n<td>Hava Ak\u0131\u015fl\u0131 Dental Temiz Cila<\/td>\n<td>750 dirhem<\/td>\n<\/tr>\n<tr>\n<td>Gingivektomi (di\u015f ba\u015f\u0131na)<\/td>\n<td>400 AED<\/td>\n<\/tr>\n<tr>\n<td>Porselen Kaplama (8 ve \u00fczeri)<\/td>\n<td>850 AED&#039;den itibaren<\/td>\n<\/tr>\n<tr>\n<td>Zirkonya Kaplama<\/td>\n<td>1250 AED&#039;den itibaren<\/td>\n<\/tr>\n<tr>\n<td>Lumineer&#039;lar (8 ve \u00fczeri)<\/td>\n<td>1200 AED ve \u00fczeri<\/td>\n<\/tr>\n<tr>\n<td>Metal ta\u00e7la kayna\u015fm\u0131\u015f porselen<\/td>\n<td>1300 AED<\/td>\n<\/tr>\n<tr>\n<td>Porselen Ta\u00e7<\/td>\n<td>2000 AED&#039;den itibaren<\/td>\n<\/tr>\n<tr>\n<td>Zirkonya Ta\u00e7<\/td>\n<td>2000 AED&#039;den itibaren<\/td>\n<\/tr>\n<tr>\n<td>Di\u015f Kaplamas\u0131 Resimentasyonu<\/td>\n<td>500 AED<\/td>\n<\/tr>\n<tr>\n<td>Snap-On Smile (kemer ba\u015f\u0131na)<\/td>\n<td>1200 AED<\/td>\n<\/tr>\n<tr>\n<td>Lingual tutucu (kemer ba\u015f\u0131na)<\/td>\n<td>600 AED&#039;den itibaren<\/td>\n<\/tr>\n<tr>\n<td>Komple Akrilik Protez (kemer ba\u015f\u0131na)<\/td>\n<td>2500 AED&#039;den itibaren<\/td>\n<\/tr>\n<tr>\n<td>Akrilik K\u0131smi Protez<\/td>\n<td>400 AED&#039;den itibaren<\/td>\n<\/tr>\n<tr>\n<td>Esnek K\u0131smi Protez<\/td>\n<td>600 AED&#039;den itibaren<\/td>\n<\/tr>\n<tr>\n<td>Di\u015f Teli \u00c7\u0131kar\u0131lmas\u0131 (Debonding)<\/td>\n<td>800 AED<\/td>\n<\/tr>\n<tr>\n<td>Gece bek\u00e7isi<\/td>\n<td>1200 - 1600 AED<\/td>\n<\/tr>\n<tr>\n<td>Yer Tutucu<\/td>\n<td>1000 AED<\/td>\n<\/tr>\n<tr>\n<td>Flo\u00fcr Ar\u0131tma<\/td>\n<td>400 AED<\/td>\n<\/tr>\n<tr>\n<td>Re\u00e7ine bazl\u0131 Ta\u00e7<\/td>\n<td>1200 AED<\/td>\n<\/tr>\n<tr>\n<td>OPG R\u00f6ntgeni<\/td>\n<td>300 AED<\/td>\n<\/tr>\n<tr>\n<td>Metal Ta\u00e7 (Pediatrik)<\/td>\n<td>900 AED<\/td>\n<\/tr>\n<tr>\n<td>Zirkon kaplama (Pediatrik)<\/td>\n<td>1200 AED<\/td>\n<\/tr>\n<tr>\n<td>Hepsi 4 \u0130mplantta<\/td>\n<td>18000 AED&#039;den itibaren<\/td>\n<\/tr>\n<tr>\n<td>Hepsi 6 implantta<\/td>\n<td>24000 AED&#039;den itibaren<\/td>\n<\/tr>\n<\/tbody>\n<\/table>\n<p><!--<a href=\"https:\/\/www.orthodontist-dubai.com\/clinic-reviews\/\"><img decoding=\"async\" class=\"aligncenter wp-image-89 size-full lazyload\" data-src=\"https:\/\/www.orthodontist-dubai.com\/wp-content\/uploads\/2014\/12\/notes1.png\" alt=\"Notes\" width=\"650\" height=\"66\" data-srcset=\"https:\/\/www.orthodontist-dubai.com\/wp-content\/uploads\/2014\/12\/notes1.png 650w, https:\/\/www.orthodontist-dubai.com\/wp-content\/uploads\/2014\/12\/notes1-300x30.png 300w\" data-sizes=\"(max-width: 650px) 100vw, 650px\" src=\"data:image\/svg+xml;base64,PHN2ZyB3aWR0aD0iMSIgaGVpZ2h0PSIxIiB4bWxucz0iaHR0cDovL3d3dy53My5vcmcvMjAwMC9zdmciPjwvc3ZnPg==\" style=\"--smush-placeholder-width: 650px; --smush-placeholder-aspect-ratio: 650\/66;\" \/><\/a>--><\/p>\n\n\n<p><strong>Emirates Crew \u00d6zel Teklifi<\/strong> : Emirates Ekibi veya FACE (Emirates U\u00e7u\u015f G\u00f6revlisi Kul\u00fcb\u00fc) Kart sahiplerine Di\u015f Temizli\u011fi ve Parlatmada 50% \u0130ND\u0130R\u0130M\u0130!<\/p>","protected":false},"excerpt":{"rendered":"<p>Mail Us to Support@Orthodontist-Dubai.com (or) Contact using the below form. Here is updated table of price list as of March 2026 of dental treatments offered by Dental clinics in Dubai UAE (Please note : price may vary according to the complexity of your case.) Dental Treatment Price General Consultation 200 AED Smile Makeover Consultation FREE [&hellip;]<\/p>\n","protected":false},"author":1,"featured_media":0,"parent":0,"menu_order":0,"comment_status":"closed","ping_status":"closed","template":"","meta":{"site-sidebar-layout":"default","site-content-layout":"","ast-site-content-layout":"default","site-content-style":"default","site-sidebar-style":"default","ast-global-header-display":"","ast-banner-title-visibility":"","ast-main-header-display":"","ast-hfb-above-header-display":"","ast-hfb-below-header-display":"","ast-hfb-mobile-header-display":"","site-post-title":"","ast-breadcrumbs-content":"","ast-featured-img":"","footer-sml-layout":"","ast-disable-related-posts":"","theme-transparent-header-meta":"","adv-header-id-meta":"","stick-header-meta":"","header-above-stick-meta":"","header-main-stick-meta":"","header-below-stick-meta":"","astra-migrate-meta-layouts":"set","ast-page-background-enabled":"default","ast-page-background-meta":{"desktop":{"background-color":"var(--ast-global-color-4)","background-image":"","background-repeat":"repeat","background-position":"center center","background-size":"auto","background-attachment":"scroll","background-type":"","background-media":"","overlay-type":"","overlay-color":"","overlay-opacity":"","overlay-gradient":""},"tablet":{"background-color":"","background-image":"","background-repeat":"repeat","background-position":"center center","background-size":"auto","background-attachment":"scroll","background-type":"","background-media":"","overlay-type":"","overlay-color":"","overlay-opacity":"","overlay-gradient":""},"mobile":{"background-color":"","background-image":"","background-repeat":"repeat","background-position":"center center","background-size":"auto","background-attachment":"scroll","background-type":"","background-media":"","overlay-type":"","overlay-color":"","overlay-opacity":"","overlay-gradient":""}},"ast-content-background-meta":{"desktop":{"background-color":"var(--ast-global-color-5)","background-image":"","background-repeat":"repeat","background-position":"center center","background-size":"auto","background-attachment":"scroll","background-type":"","background-media":"","overlay-type":"","overlay-color":"","overlay-opacity":"","overlay-gradient":""},"tablet":{"background-color":"var(--ast-global-color-5)","background-image":"","background-repeat":"repeat","background-position":"center center","background-size":"auto","background-attachment":"scroll","background-type":"","background-media":"","overlay-type":"","overlay-color":"","overlay-opacity":"","overlay-gradient":""},"mobile":{"background-color":"var(--ast-global-color-5)","background-image":"","background-repeat":"repeat","background-position":"center center","background-size":"auto","background-attachment":"scroll","background-type":"","background-media":"","overlay-type":"","overlay-color":"","overlay-opacity":"","overlay-gradient":""}},"footnotes":""},"class_list":["post-36","page","type-page","status-publish","hentry"],"yoast_head":"<!-- This site is optimized with the Yoast SEO plugin v27.6 - https:\/\/yoast.com\/product\/yoast-seo-wordpress\/ -->\n<title>DENTIST DUBAI PRICE LIST | DENTAL CLINIC OFFERS | CONTACT US<\/title>\n<meta name=\"robots\" content=\"index, follow, max-snippet:-1, max-image-preview:large, max-video-preview:-1\" \/>\n<link rel=\"canonical\" href=\"https:\/\/www.orthodontist-dubai.com\/tr\/bize-ulasin\/\" \/>\n<meta property=\"og:locale\" content=\"tr_TR\" \/>\n<meta property=\"og:type\" content=\"article\" \/>\n<meta property=\"og:title\" content=\"DENTIST DUBAI PRICE LIST | DENTAL CLINIC OFFERS | CONTACT US\" \/>\n<meta property=\"og:description\" content=\"Mail Us to Support@Orthodontist-Dubai.com (or) Contact using the below form. Here is updated table of price list as of March 2026 of dental treatments offered by Dental clinics in Dubai UAE (Please note : price may vary according to the complexity of your case.) Dental Treatment Price General Consultation 200 AED Smile Makeover Consultation FREE [&hellip;]\" \/>\n<meta property=\"og:url\" content=\"https:\/\/www.orthodontist-dubai.com\/tr\/bize-ulasin\/\" \/>\n<meta property=\"og:site_name\" content=\"BEST Orthodontist &amp; Dentist in Dubai UAE for all Dental Treatments\" \/>\n<meta property=\"article:publisher\" content=\"https:\/\/www.facebook.com\/Orthodontist.Dentist.Dubai\/\" \/>\n<meta property=\"article:modified_time\" content=\"2026-03-01T23:34:46+00:00\" \/>\n<meta property=\"og:image\" content=\"https:\/\/www.orthodontist-dubai.com\/wp-content\/uploads\/2014\/12\/banner-best2.jpg\" \/>\n<meta name=\"twitter:card\" content=\"summary_large_image\" \/>\n<meta name=\"twitter:label1\" content=\"Tahmini okuma s\u00fcresi\" \/>\n\t<meta name=\"twitter:data1\" content=\"2 dakika\" \/>\n<script type=\"application\/ld+json\" class=\"yoast-schema-graph\">{\"@context\":\"https:\\\/\\\/schema.org\",\"@graph\":[{\"@type\":\"WebPage\",\"@id\":\"https:\\\/\\\/www.orthodontist-dubai.com\\\/contact-us\\\/\",\"url\":\"https:\\\/\\\/www.orthodontist-dubai.com\\\/contact-us\\\/\",\"name\":\"DENTIST DUBAI PRICE LIST | DENTAL CLINIC OFFERS | CONTACT US\",\"isPartOf\":{\"@id\":\"https:\\\/\\\/www.orthodontist-dubai.com\\\/#website\"},\"primaryImageOfPage\":{\"@id\":\"https:\\\/\\\/www.orthodontist-dubai.com\\\/contact-us\\\/#primaryimage\"},\"image\":{\"@id\":\"https:\\\/\\\/www.orthodontist-dubai.com\\\/contact-us\\\/#primaryimage\"},\"thumbnailUrl\":\"https:\\\/\\\/www.orthodontist-dubai.com\\\/wp-content\\\/uploads\\\/2014\\\/12\\\/banner-best2.jpg\",\"datePublished\":\"2014-12-28T19:05:24+00:00\",\"dateModified\":\"2026-03-01T23:34:46+00:00\",\"breadcrumb\":{\"@id\":\"https:\\\/\\\/www.orthodontist-dubai.com\\\/contact-us\\\/#breadcrumb\"},\"inLanguage\":\"tr\",\"potentialAction\":[{\"@type\":\"ReadAction\",\"target\":[\"https:\\\/\\\/www.orthodontist-dubai.com\\\/contact-us\\\/\"]}]},{\"@type\":\"ImageObject\",\"inLanguage\":\"tr\",\"@id\":\"https:\\\/\\\/www.orthodontist-dubai.com\\\/contact-us\\\/#primaryimage\",\"url\":\"https:\\\/\\\/www.orthodontist-dubai.com\\\/wp-content\\\/uploads\\\/2014\\\/12\\\/banner-best2.jpg\",\"contentUrl\":\"https:\\\/\\\/www.orthodontist-dubai.com\\\/wp-content\\\/uploads\\\/2014\\\/12\\\/banner-best2.jpg\"},{\"@type\":\"BreadcrumbList\",\"@id\":\"https:\\\/\\\/www.orthodontist-dubai.com\\\/contact-us\\\/#breadcrumb\",\"itemListElement\":[{\"@type\":\"ListItem\",\"position\":1,\"name\":\"\u2776 Home\",\"item\":\"https:\\\/\\\/www.orthodontist-dubai.com\\\/\"},{\"@type\":\"ListItem\",\"position\":2,\"name\":\"Contact Us\"}]},{\"@type\":\"WebSite\",\"@id\":\"https:\\\/\\\/www.orthodontist-dubai.com\\\/#website\",\"url\":\"https:\\\/\\\/www.orthodontist-dubai.com\\\/\",\"name\":\"BEST Orthodontist &amp; Dentist in Dubai UAE for all Dental Treatments\",\"description\":\"Cheap &amp; Best Orthodontist &amp; Dentists for all dental treatments in Dubai UAE\",\"publisher\":{\"@id\":\"https:\\\/\\\/www.orthodontist-dubai.com\\\/#organization\"},\"potentialAction\":[{\"@type\":\"SearchAction\",\"target\":{\"@type\":\"EntryPoint\",\"urlTemplate\":\"https:\\\/\\\/www.orthodontist-dubai.com\\\/?s={search_term_string}\"},\"query-input\":{\"@type\":\"PropertyValueSpecification\",\"valueRequired\":true,\"valueName\":\"search_term_string\"}}],\"inLanguage\":\"tr\"},{\"@type\":\"Organization\",\"@id\":\"https:\\\/\\\/www.orthodontist-dubai.com\\\/#organization\",\"name\":\"Best Orthodontist & Dentist in Dubai UAE\",\"url\":\"https:\\\/\\\/www.orthodontist-dubai.com\\\/\",\"logo\":{\"@type\":\"ImageObject\",\"inLanguage\":\"tr\",\"@id\":\"https:\\\/\\\/www.orthodontist-dubai.com\\\/#\\\/schema\\\/logo\\\/image\\\/\",\"url\":\"https:\\\/\\\/www.orthodontist-dubai.com\\\/wp-content\\\/uploads\\\/2015\\\/04\\\/Othorontist-Dentist-UAE-Logo.png\",\"contentUrl\":\"https:\\\/\\\/www.orthodontist-dubai.com\\\/wp-content\\\/uploads\\\/2015\\\/04\\\/Othorontist-Dentist-UAE-Logo.png\",\"width\":190,\"height\":70,\"caption\":\"Best Orthodontist & Dentist in Dubai UAE\"},\"image\":{\"@id\":\"https:\\\/\\\/www.orthodontist-dubai.com\\\/#\\\/schema\\\/logo\\\/image\\\/\"},\"sameAs\":[\"https:\\\/\\\/www.facebook.com\\\/Orthodontist.Dentist.Dubai\\\/\",\"https:\\\/\\\/www.linkedin.com\\\/in\\\/dr-nazeer-ahmed-meeran-15691083\\\/\"]}]}<\/script>\n<!-- \/ Yoast SEO plugin. -->","yoast_head_json":{"title":"D\u0130\u015e HEK\u0130M\u0130 DUBAI F\u0130YAT L\u0130STES\u0130 | D\u0130\u015e KL\u0130N\u0130\u011e\u0130 TEKL\u0130FLER\u0130 | B\u0130ZE ULA\u015eIN","robots":{"index":"index","follow":"follow","max-snippet":"max-snippet:-1","max-image-preview":"max-image-preview:large","max-video-preview":"max-video-preview:-1"},"canonical":"https:\/\/www.orthodontist-dubai.com\/tr\/bize-ulasin\/","og_locale":"tr_TR","og_type":"article","og_title":"DENTIST DUBAI PRICE LIST | DENTAL CLINIC OFFERS | CONTACT US","og_description":"Mail Us to Support@Orthodontist-Dubai.com (or) Contact using the below form. Here is updated table of price list as of March 2026 of dental treatments offered by Dental clinics in Dubai UAE (Please note : price may vary according to the complexity of your case.) Dental Treatment Price General Consultation 200 AED Smile Makeover Consultation FREE [&hellip;]","og_url":"https:\/\/www.orthodontist-dubai.com\/tr\/bize-ulasin\/","og_site_name":"BEST Orthodontist &amp; Dentist in Dubai UAE for all Dental Treatments","article_publisher":"https:\/\/www.facebook.com\/Orthodontist.Dentist.Dubai\/","article_modified_time":"2026-03-01T23:34:46+00:00","og_image":[{"url":"https:\/\/www.orthodontist-dubai.com\/wp-content\/uploads\/2014\/12\/banner-best2.jpg","type":"","width":"","height":""}],"twitter_card":"summary_large_image","twitter_misc":{"Tahmini okuma s\u00fcresi":"2 dakika"},"schema":{"@context":"https:\/\/schema.org","@graph":[{"@type":"WebPage","@id":"https:\/\/www.orthodontist-dubai.com\/contact-us\/","url":"https:\/\/www.orthodontist-dubai.com\/contact-us\/","name":"D\u0130\u015e HEK\u0130M\u0130 DUBAI F\u0130YAT L\u0130STES\u0130 | D\u0130\u015e KL\u0130N\u0130\u011e\u0130 TEKL\u0130FLER\u0130 | B\u0130ZE ULA\u015eIN","isPartOf":{"@id":"https:\/\/www.orthodontist-dubai.com\/#website"},"primaryImageOfPage":{"@id":"https:\/\/www.orthodontist-dubai.com\/contact-us\/#primaryimage"},"image":{"@id":"https:\/\/www.orthodontist-dubai.com\/contact-us\/#primaryimage"},"thumbnailUrl":"https:\/\/www.orthodontist-dubai.com\/wp-content\/uploads\/2014\/12\/banner-best2.jpg","datePublished":"2014-12-28T19:05:24+00:00","dateModified":"2026-03-01T23:34:46+00:00","breadcrumb":{"@id":"https:\/\/www.orthodontist-dubai.com\/contact-us\/#breadcrumb"},"inLanguage":"tr","potentialAction":[{"@type":"ReadAction","target":["https:\/\/www.orthodontist-dubai.com\/contact-us\/"]}]},{"@type":"ImageObject","inLanguage":"tr","@id":"https:\/\/www.orthodontist-dubai.com\/contact-us\/#primaryimage","url":"https:\/\/www.orthodontist-dubai.com\/wp-content\/uploads\/2014\/12\/banner-best2.jpg","contentUrl":"https:\/\/www.orthodontist-dubai.com\/wp-content\/uploads\/2014\/12\/banner-best2.jpg"},{"@type":"BreadcrumbList","@id":"https:\/\/www.orthodontist-dubai.com\/contact-us\/#breadcrumb","itemListElement":[{"@type":"ListItem","position":1,"name":"\u2776 Home","item":"https:\/\/www.orthodontist-dubai.com\/"},{"@type":"ListItem","position":2,"name":"Contact Us"}]},{"@type":"WebSite","@id":"https:\/\/www.orthodontist-dubai.com\/#website","url":"https:\/\/www.orthodontist-dubai.com\/","name":"T\u00fcm Di\u015f Tedavileri i\u00e7in Dubai BAE&#039;deki EN \u0130Y\u0130 Ortodontist ve Di\u015f Hekimi","description":"Dubai BAE&#039;deki t\u00fcm di\u015f tedavileri i\u00e7in Ucuz ve En \u0130yi Ortodontist ve Di\u015f Hekimleri","publisher":{"@id":"https:\/\/www.orthodontist-dubai.com\/#organization"},"potentialAction":[{"@type":"SearchAction","target":{"@type":"EntryPoint","urlTemplate":"https:\/\/www.orthodontist-dubai.com\/?s={search_term_string}"},"query-input":{"@type":"PropertyValueSpecification","valueRequired":true,"valueName":"search_term_string"}}],"inLanguage":"tr"},{"@type":"Organization","@id":"https:\/\/www.orthodontist-dubai.com\/#organization","name":"Dubai BAE&#039;nin En \u0130yi Ortodontisti ve Di\u015f Hekimi","url":"https:\/\/www.orthodontist-dubai.com\/","logo":{"@type":"ImageObject","inLanguage":"tr","@id":"https:\/\/www.orthodontist-dubai.com\/#\/schema\/logo\/image\/","url":"https:\/\/www.orthodontist-dubai.com\/wp-content\/uploads\/2015\/04\/Othorontist-Dentist-UAE-Logo.png","contentUrl":"https:\/\/www.orthodontist-dubai.com\/wp-content\/uploads\/2015\/04\/Othorontist-Dentist-UAE-Logo.png","width":190,"height":70,"caption":"Best Orthodontist & Dentist in Dubai UAE"},"image":{"@id":"https:\/\/www.orthodontist-dubai.com\/#\/schema\/logo\/image\/"},"sameAs":["https:\/\/www.facebook.com\/Orthodontist.Dentist.Dubai\/","https:\/\/www.linkedin.com\/in\/dr-nazeer-ahmed-meeran-15691083\/"]}]}},"_links":{"self":[{"href":"https:\/\/www.orthodontist-dubai.com\/tr\/wp-json\/wp\/v2\/pages\/36","targetHints":{"allow":["GET"]}}],"collection":[{"href":"https:\/\/www.orthodontist-dubai.com\/tr\/wp-json\/wp\/v2\/pages"}],"about":[{"href":"https:\/\/www.orthodontist-dubai.com\/tr\/wp-json\/wp\/v2\/types\/page"}],"author":[{"embeddable":true,"href":"https:\/\/www.orthodontist-dubai.com\/tr\/wp-json\/wp\/v2\/users\/1"}],"replies":[{"embeddable":true,"href":"https:\/\/www.orthodontist-dubai.com\/tr\/wp-json\/wp\/v2\/comments?post=36"}],"version-history":[{"count":17,"href":"https:\/\/www.orthodontist-dubai.com\/tr\/wp-json\/wp\/v2\/pages\/36\/revisions"}],"predecessor-version":[{"id":2483,"href":"https:\/\/www.orthodontist-dubai.com\/tr\/wp-json\/wp\/v2\/pages\/36\/revisions\/2483"}],"wp:attachment":[{"href":"https:\/\/www.orthodontist-dubai.com\/tr\/wp-json\/wp\/v2\/media?parent=36"}],"curies":[{"name":"wp","href":"https:\/\/api.w.org\/{rel}","templated":true}]}}