{"id":28,"date":"2014-12-28T18:38:24","date_gmt":"2014-12-28T18:38:24","guid":{"rendered":"https:\/\/www.orthodontist-dubai.com\/?page_id=28"},"modified":"2020-03-13T10:42:02","modified_gmt":"2020-03-13T06:42:02","slug":"ceramic-braces","status":"publish","type":"page","link":"https:\/\/www.orthodontist-dubai.com\/tr\/seramik-dis-telleri\/","title":{"rendered":"Seramik Braketler"},"content":{"rendered":"<h3>Seramik Di\u015f Teli Hakk\u0131nda Bilinenler<\/h3>\n<p>Metal ve seramik braketler aras\u0131ndaki fark, seramik braketlerin metal yerine kompozit malzemelerden olu\u015fmas\u0131d\u0131r. Di\u015flerin do\u011fal rengiyle harmanlanan, \u015feffafl\u0131\u011f\u0131 de\u011fi\u015fen seramik di\u015f telleri bulunmaktad\u0131r. Tamamen yar\u0131 saydam olanlar bile var <strong>\u201c\u015feffaf seramik di\u015f telleri\u201d<\/strong> hangileri lekesizdir. Metal di\u015f tellerinin g\u00f6r\u00fcn\u00fcr olmas\u0131 ve estetik a\u00e7\u0131dan \u00e7ekici olmamas\u0131 nedeniyle pek \u00e7ok ki\u015fi bunu tercih etmektedir.<\/p>\n<p><img decoding=\"async\" class=\"aligncenter size-full wp-image-29 lazyload\" data-src=\"https:\/\/www.orthodontist-dubai.com\/wp-content\/uploads\/2014\/12\/ceramic-braces-in-Dubai.jpg\" alt=\"Dubai&#039;de seramik di\u015f telleri\" width=\"448\" height=\"286\" data-srcset=\"https:\/\/www.orthodontist-dubai.com\/wp-content\/uploads\/2014\/12\/ceramic-braces-in-Dubai.jpg 448w, https:\/\/www.orthodontist-dubai.com\/wp-content\/uploads\/2014\/12\/ceramic-braces-in-Dubai-300x192.jpg 300w\" data-sizes=\"(max-width: 448px) 100vw, 448px\" src=\"data:image\/svg+xml;base64,PHN2ZyB3aWR0aD0iMSIgaGVpZ2h0PSIxIiB4bWxucz0iaHR0cDovL3d3dy53My5vcmcvMjAwMC9zdmciPjwvc3ZnPg==\" style=\"--smush-placeholder-width: 448px; --smush-placeholder-aspect-ratio: 448\/286;\" \/><\/p>\n<h3>\u015eeffaf Seramik Braketler<\/h3>\n<p>\u015eeffaf seramik braketler, tam \u015feffafl\u0131k sunan ve dolay\u0131s\u0131yla tamamen fark edilmeyen seramik ala\u015f\u0131mlar\u0131 kullan\u0131larak \u00fcretilmi\u015ftir. \u015eeffaf seramik braketlere ek olarak, onlar\u0131 daha gizli hale getirebilecek 2 tip destek teli veya ba\u011f\u0131 vard\u0131r. Ba\u011flar \u015feffaf elastik veya beyaz metalden yap\u0131lm\u0131\u015ft\u0131r. Metal olanlar daha g\u00fc\u00e7l\u00fc bir ba\u011flanma sa\u011flar ancak zamanla beyaz renkli kaplamalar\u0131n\u0131 kaybetme e\u011filimindedir.<br \/>\n<a href=\"https:\/\/www.orthodontist-dubai.com\/tr\/klinik-incelemeler\/\"><img decoding=\"async\" class=\"aligncenter wp-image-346 size-full lazyload\" data-src=\"https:\/\/www.orthodontist-dubai.com\/wp-content\/uploads\/2014\/12\/banner-best2.jpg\" alt=\"Dubai BAE&#039;de seramik di\u015f telleri\" width=\"795\" height=\"459\" src=\"data:image\/svg+xml;base64,PHN2ZyB3aWR0aD0iMSIgaGVpZ2h0PSIxIiB4bWxucz0iaHR0cDovL3d3dy53My5vcmcvMjAwMC9zdmciPjwvc3ZnPg==\" style=\"--smush-placeholder-width: 795px; --smush-placeholder-aspect-ratio: 795\/459;\"><\/a><\/p>\n<h3>Seramik Braketlerin Avantajlar\u0131<\/h3>\n<p>Di\u015f tellerinizi geleneksel metal di\u015f tellerine g\u00f6re tamamen farkedilmez hale getirerek kozmetik \u00e7ekicilik sa\u011flar ve asla lekelenmezler.<\/p>\n<h3>Seramik Braketlerin Dezavantajlar\u0131<\/h3>\n<ul>\n<li>Seramik metal braketler kadar dayan\u0131kl\u0131 olmad\u0131\u011f\u0131ndan sert darbelerde k\u0131r\u0131labilir veya ufalanabilir.<\/li>\n<li>Metal di\u015f tellerine g\u00f6re daha pahal\u0131d\u0131r.<\/li>\n<\/ul>","protected":false},"excerpt":{"rendered":"<p>Know About Ceramic Braces Difference between metal and ceramic braces is that the ceramic braces are made up of composite materials instead of metal. There are ceramic braces of varying transparency blending with the natural color of the teeth. There are even fully translucent ones called &#8220;clear ceramic braces&#8221; which are stain free. Many people [&hellip;]<\/p>\n","protected":false},"author":1,"featured_media":0,"parent":0,"menu_order":0,"comment_status":"closed","ping_status":"closed","template":"","meta":{"site-sidebar-layout":"default","site-content-layout":"","ast-site-content-layout":"default","site-content-style":"default","site-sidebar-style":"default","ast-global-header-display":"","ast-banner-title-visibility":"","ast-main-header-display":"","ast-hfb-above-header-display":"","ast-hfb-below-header-display":"","ast-hfb-mobile-header-display":"","site-post-title":"","ast-breadcrumbs-content":"","ast-featured-img":"","footer-sml-layout":"","ast-disable-related-posts":"","theme-transparent-header-meta":"","adv-header-id-meta":"","stick-header-meta":"","header-above-stick-meta":"","header-main-stick-meta":"","header-below-stick-meta":"","astra-migrate-meta-layouts":"default","ast-page-background-enabled":"default","ast-page-background-meta":{"desktop":{"background-color":"var(--ast-global-color-4)","background-image":"","background-repeat":"repeat","background-position":"center center","background-size":"auto","background-attachment":"scroll","background-type":"","background-media":"","overlay-type":"","overlay-color":"","overlay-opacity":"","overlay-gradient":""},"tablet":{"background-color":"","background-image":"","background-repeat":"repeat","background-position":"center center","background-size":"auto","background-attachment":"scroll","background-type":"","background-media":"","overlay-type":"","overlay-color":"","overlay-opacity":"","overlay-gradient":""},"mobile":{"background-color":"","background-image":"","background-repeat":"repeat","background-position":"center center","background-size":"auto","background-attachment":"scroll","background-type":"","background-media":"","overlay-type":"","overlay-color":"","overlay-opacity":"","overlay-gradient":""}},"ast-content-background-meta":{"desktop":{"background-color":"var(--ast-global-color-5)","background-image":"","background-repeat":"repeat","background-position":"center center","background-size":"auto","background-attachment":"scroll","background-type":"","background-media":"","overlay-type":"","overlay-color":"","overlay-opacity":"","overlay-gradient":""},"tablet":{"background-color":"var(--ast-global-color-5)","background-image":"","background-repeat":"repeat","background-position":"center center","background-size":"auto","background-attachment":"scroll","background-type":"","background-media":"","overlay-type":"","overlay-color":"","overlay-opacity":"","overlay-gradient":""},"mobile":{"background-color":"var(--ast-global-color-5)","background-image":"","background-repeat":"repeat","background-position":"center center","background-size":"auto","background-attachment":"scroll","background-type":"","background-media":"","overlay-type":"","overlay-color":"","overlay-opacity":"","overlay-gradient":""}},"footnotes":""},"class_list":["post-28","page","type-page","status-publish","hentry"],"yoast_head":"<!-- This site is optimized with the Yoast SEO plugin v27.4 - https:\/\/yoast.com\/product\/yoast-seo-wordpress\/ -->\n<title>CERAMIC BRACES IN DUBAI UAE<\/title>\n<meta name=\"robots\" content=\"index, follow, max-snippet:-1, max-image-preview:large, max-video-preview:-1\" \/>\n<link rel=\"canonical\" href=\"https:\/\/www.orthodontist-dubai.com\/tr\/seramik-dis-telleri\/\" \/>\n<meta property=\"og:locale\" content=\"tr_TR\" \/>\n<meta property=\"og:type\" content=\"article\" \/>\n<meta property=\"og:title\" content=\"CERAMIC BRACES IN DUBAI UAE\" \/>\n<meta property=\"og:description\" content=\"Know About Ceramic Braces Difference between metal and ceramic braces is that the ceramic braces are made up of composite materials instead of metal. There are ceramic braces of varying transparency blending with the natural color of the teeth. There are even fully translucent ones called &#8220;clear ceramic braces&#8221; which are stain free. Many people [&hellip;]\" \/>\n<meta property=\"og:url\" content=\"https:\/\/www.orthodontist-dubai.com\/tr\/seramik-dis-telleri\/\" \/>\n<meta property=\"og:site_name\" content=\"BEST Orthodontist &amp; Dentist in Dubai UAE for all Dental Treatments\" \/>\n<meta property=\"article:publisher\" content=\"https:\/\/www.facebook.com\/Orthodontist.Dentist.Dubai\/\" \/>\n<meta property=\"article:modified_time\" content=\"2020-03-13T06:42:02+00:00\" \/>\n<meta property=\"og:image\" content=\"https:\/\/www.orthodontist-dubai.com\/wp-content\/uploads\/2014\/12\/ceramic-braces-in-Dubai.jpg\" \/>\n<meta name=\"twitter:card\" content=\"summary_large_image\" \/>\n<meta name=\"twitter:label1\" content=\"Tahmini okuma s\u00fcresi\" \/>\n\t<meta name=\"twitter:data1\" content=\"1 dakika\" \/>\n<script type=\"application\/ld+json\" class=\"yoast-schema-graph\">{\"@context\":\"https:\\\/\\\/schema.org\",\"@graph\":[{\"@type\":\"WebPage\",\"@id\":\"https:\\\/\\\/www.orthodontist-dubai.com\\\/ceramic-braces\\\/\",\"url\":\"https:\\\/\\\/www.orthodontist-dubai.com\\\/ceramic-braces\\\/\",\"name\":\"CERAMIC BRACES IN DUBAI UAE\",\"isPartOf\":{\"@id\":\"https:\\\/\\\/www.orthodontist-dubai.com\\\/#website\"},\"primaryImageOfPage\":{\"@id\":\"https:\\\/\\\/www.orthodontist-dubai.com\\\/ceramic-braces\\\/#primaryimage\"},\"image\":{\"@id\":\"https:\\\/\\\/www.orthodontist-dubai.com\\\/ceramic-braces\\\/#primaryimage\"},\"thumbnailUrl\":\"https:\\\/\\\/www.orthodontist-dubai.com\\\/wp-content\\\/uploads\\\/2014\\\/12\\\/ceramic-braces-in-Dubai.jpg\",\"datePublished\":\"2014-12-28T18:38:24+00:00\",\"dateModified\":\"2020-03-13T06:42:02+00:00\",\"breadcrumb\":{\"@id\":\"https:\\\/\\\/www.orthodontist-dubai.com\\\/ceramic-braces\\\/#breadcrumb\"},\"inLanguage\":\"tr\",\"potentialAction\":[{\"@type\":\"ReadAction\",\"target\":[\"https:\\\/\\\/www.orthodontist-dubai.com\\\/ceramic-braces\\\/\"]}]},{\"@type\":\"ImageObject\",\"inLanguage\":\"tr\",\"@id\":\"https:\\\/\\\/www.orthodontist-dubai.com\\\/ceramic-braces\\\/#primaryimage\",\"url\":\"https:\\\/\\\/www.orthodontist-dubai.com\\\/wp-content\\\/uploads\\\/2014\\\/12\\\/ceramic-braces-in-Dubai.jpg\",\"contentUrl\":\"https:\\\/\\\/www.orthodontist-dubai.com\\\/wp-content\\\/uploads\\\/2014\\\/12\\\/ceramic-braces-in-Dubai.jpg\"},{\"@type\":\"BreadcrumbList\",\"@id\":\"https:\\\/\\\/www.orthodontist-dubai.com\\\/ceramic-braces\\\/#breadcrumb\",\"itemListElement\":[{\"@type\":\"ListItem\",\"position\":1,\"name\":\"\u2776 Home\",\"item\":\"https:\\\/\\\/www.orthodontist-dubai.com\\\/\"},{\"@type\":\"ListItem\",\"position\":2,\"name\":\"Ceramic Braces\"}]},{\"@type\":\"WebSite\",\"@id\":\"https:\\\/\\\/www.orthodontist-dubai.com\\\/#website\",\"url\":\"https:\\\/\\\/www.orthodontist-dubai.com\\\/\",\"name\":\"BEST Orthodontist &amp; Dentist in Dubai UAE for all Dental Treatments\",\"description\":\"Cheap &amp; Best Orthodontist &amp; Dentists for all dental treatments in Dubai UAE\",\"publisher\":{\"@id\":\"https:\\\/\\\/www.orthodontist-dubai.com\\\/#organization\"},\"potentialAction\":[{\"@type\":\"SearchAction\",\"target\":{\"@type\":\"EntryPoint\",\"urlTemplate\":\"https:\\\/\\\/www.orthodontist-dubai.com\\\/?s={search_term_string}\"},\"query-input\":{\"@type\":\"PropertyValueSpecification\",\"valueRequired\":true,\"valueName\":\"search_term_string\"}}],\"inLanguage\":\"tr\"},{\"@type\":\"Organization\",\"@id\":\"https:\\\/\\\/www.orthodontist-dubai.com\\\/#organization\",\"name\":\"Best Orthodontist & Dentist in Dubai UAE\",\"url\":\"https:\\\/\\\/www.orthodontist-dubai.com\\\/\",\"logo\":{\"@type\":\"ImageObject\",\"inLanguage\":\"tr\",\"@id\":\"https:\\\/\\\/www.orthodontist-dubai.com\\\/#\\\/schema\\\/logo\\\/image\\\/\",\"url\":\"https:\\\/\\\/www.orthodontist-dubai.com\\\/wp-content\\\/uploads\\\/2015\\\/04\\\/Othorontist-Dentist-UAE-Logo.png\",\"contentUrl\":\"https:\\\/\\\/www.orthodontist-dubai.com\\\/wp-content\\\/uploads\\\/2015\\\/04\\\/Othorontist-Dentist-UAE-Logo.png\",\"width\":190,\"height\":70,\"caption\":\"Best Orthodontist & Dentist in Dubai UAE\"},\"image\":{\"@id\":\"https:\\\/\\\/www.orthodontist-dubai.com\\\/#\\\/schema\\\/logo\\\/image\\\/\"},\"sameAs\":[\"https:\\\/\\\/www.facebook.com\\\/Orthodontist.Dentist.Dubai\\\/\",\"https:\\\/\\\/www.linkedin.com\\\/in\\\/dr-nazeer-ahmed-meeran-15691083\\\/\"]}]}<\/script>\n<!-- \/ Yoast SEO plugin. -->","yoast_head_json":{"title":"DUBA\u0130 BAE&#039;DE SERAM\u0130K D\u0130\u015eLER","robots":{"index":"index","follow":"follow","max-snippet":"max-snippet:-1","max-image-preview":"max-image-preview:large","max-video-preview":"max-video-preview:-1"},"canonical":"https:\/\/www.orthodontist-dubai.com\/tr\/seramik-dis-telleri\/","og_locale":"tr_TR","og_type":"article","og_title":"CERAMIC BRACES IN DUBAI UAE","og_description":"Know About Ceramic Braces Difference between metal and ceramic braces is that the ceramic braces are made up of composite materials instead of metal. There are ceramic braces of varying transparency blending with the natural color of the teeth. There are even fully translucent ones called &#8220;clear ceramic braces&#8221; which are stain free. Many people [&hellip;]","og_url":"https:\/\/www.orthodontist-dubai.com\/tr\/seramik-dis-telleri\/","og_site_name":"BEST Orthodontist &amp; Dentist in Dubai UAE for all Dental Treatments","article_publisher":"https:\/\/www.facebook.com\/Orthodontist.Dentist.Dubai\/","article_modified_time":"2020-03-13T06:42:02+00:00","og_image":[{"url":"https:\/\/www.orthodontist-dubai.com\/wp-content\/uploads\/2014\/12\/ceramic-braces-in-Dubai.jpg","type":"","width":"","height":""}],"twitter_card":"summary_large_image","twitter_misc":{"Tahmini okuma s\u00fcresi":"1 dakika"},"schema":{"@context":"https:\/\/schema.org","@graph":[{"@type":"WebPage","@id":"https:\/\/www.orthodontist-dubai.com\/ceramic-braces\/","url":"https:\/\/www.orthodontist-dubai.com\/ceramic-braces\/","name":"DUBA\u0130 BAE&#039;DE SERAM\u0130K D\u0130\u015eLER","isPartOf":{"@id":"https:\/\/www.orthodontist-dubai.com\/#website"},"primaryImageOfPage":{"@id":"https:\/\/www.orthodontist-dubai.com\/ceramic-braces\/#primaryimage"},"image":{"@id":"https:\/\/www.orthodontist-dubai.com\/ceramic-braces\/#primaryimage"},"thumbnailUrl":"https:\/\/www.orthodontist-dubai.com\/wp-content\/uploads\/2014\/12\/ceramic-braces-in-Dubai.jpg","datePublished":"2014-12-28T18:38:24+00:00","dateModified":"2020-03-13T06:42:02+00:00","breadcrumb":{"@id":"https:\/\/www.orthodontist-dubai.com\/ceramic-braces\/#breadcrumb"},"inLanguage":"tr","potentialAction":[{"@type":"ReadAction","target":["https:\/\/www.orthodontist-dubai.com\/ceramic-braces\/"]}]},{"@type":"ImageObject","inLanguage":"tr","@id":"https:\/\/www.orthodontist-dubai.com\/ceramic-braces\/#primaryimage","url":"https:\/\/www.orthodontist-dubai.com\/wp-content\/uploads\/2014\/12\/ceramic-braces-in-Dubai.jpg","contentUrl":"https:\/\/www.orthodontist-dubai.com\/wp-content\/uploads\/2014\/12\/ceramic-braces-in-Dubai.jpg"},{"@type":"BreadcrumbList","@id":"https:\/\/www.orthodontist-dubai.com\/ceramic-braces\/#breadcrumb","itemListElement":[{"@type":"ListItem","position":1,"name":"\u2776 Home","item":"https:\/\/www.orthodontist-dubai.com\/"},{"@type":"ListItem","position":2,"name":"Ceramic Braces"}]},{"@type":"WebSite","@id":"https:\/\/www.orthodontist-dubai.com\/#website","url":"https:\/\/www.orthodontist-dubai.com\/","name":"T\u00fcm Di\u015f Tedavileri i\u00e7in Dubai BAE&#039;deki EN \u0130Y\u0130 Ortodontist ve Di\u015f Hekimi","description":"Dubai BAE&#039;deki t\u00fcm di\u015f tedavileri i\u00e7in Ucuz ve En \u0130yi Ortodontist ve Di\u015f Hekimleri","publisher":{"@id":"https:\/\/www.orthodontist-dubai.com\/#organization"},"potentialAction":[{"@type":"SearchAction","target":{"@type":"EntryPoint","urlTemplate":"https:\/\/www.orthodontist-dubai.com\/?s={search_term_string}"},"query-input":{"@type":"PropertyValueSpecification","valueRequired":true,"valueName":"search_term_string"}}],"inLanguage":"tr"},{"@type":"Organization","@id":"https:\/\/www.orthodontist-dubai.com\/#organization","name":"Dubai BAE&#039;nin En \u0130yi Ortodontisti ve Di\u015f Hekimi","url":"https:\/\/www.orthodontist-dubai.com\/","logo":{"@type":"ImageObject","inLanguage":"tr","@id":"https:\/\/www.orthodontist-dubai.com\/#\/schema\/logo\/image\/","url":"https:\/\/www.orthodontist-dubai.com\/wp-content\/uploads\/2015\/04\/Othorontist-Dentist-UAE-Logo.png","contentUrl":"https:\/\/www.orthodontist-dubai.com\/wp-content\/uploads\/2015\/04\/Othorontist-Dentist-UAE-Logo.png","width":190,"height":70,"caption":"Best Orthodontist & Dentist in Dubai UAE"},"image":{"@id":"https:\/\/www.orthodontist-dubai.com\/#\/schema\/logo\/image\/"},"sameAs":["https:\/\/www.facebook.com\/Orthodontist.Dentist.Dubai\/","https:\/\/www.linkedin.com\/in\/dr-nazeer-ahmed-meeran-15691083\/"]}]}},"_links":{"self":[{"href":"https:\/\/www.orthodontist-dubai.com\/tr\/wp-json\/wp\/v2\/pages\/28","targetHints":{"allow":["GET"]}}],"collection":[{"href":"https:\/\/www.orthodontist-dubai.com\/tr\/wp-json\/wp\/v2\/pages"}],"about":[{"href":"https:\/\/www.orthodontist-dubai.com\/tr\/wp-json\/wp\/v2\/types\/page"}],"author":[{"embeddable":true,"href":"https:\/\/www.orthodontist-dubai.com\/tr\/wp-json\/wp\/v2\/users\/1"}],"replies":[{"embeddable":true,"href":"https:\/\/www.orthodontist-dubai.com\/tr\/wp-json\/wp\/v2\/comments?post=28"}],"version-history":[{"count":3,"href":"https:\/\/www.orthodontist-dubai.com\/tr\/wp-json\/wp\/v2\/pages\/28\/revisions"}],"predecessor-version":[{"id":768,"href":"https:\/\/www.orthodontist-dubai.com\/tr\/wp-json\/wp\/v2\/pages\/28\/revisions\/768"}],"wp:attachment":[{"href":"https:\/\/www.orthodontist-dubai.com\/tr\/wp-json\/wp\/v2\/media?parent=28"}],"curies":[{"name":"wp","href":"https:\/\/api.w.org\/{rel}","templated":true}]}}