{"id":1920,"date":"2023-09-15T22:42:41","date_gmt":"2023-09-15T18:42:41","guid":{"rendered":"https:\/\/www.orthodontist-dubai.com\/?page_id=1920"},"modified":"2024-09-08T22:23:37","modified_gmt":"2024-09-08T18:23:37","slug":"dental-x-ray-in-dubai-uae","status":"publish","type":"page","link":"https:\/\/www.orthodontist-dubai.com\/tr\/dubai-uaede-dis-rontgeni\/","title":{"rendered":"Dubai BAE&#039;de Di\u015f R\u00f6ntgeni"},"content":{"rendered":"<p>Di\u015f r\u00f6ntgenleri, Dubai&#039;deki di\u015f hekimleri taraf\u0131ndan \u00e7e\u015fitli di\u015f tedavileri i\u00e7in bir hastan\u0131n di\u015flerinin, di\u015f etlerinin ve di\u011fer \u00e7evreleyen a\u011f\u0131z yap\u0131lar\u0131n\u0131n durumunu te\u015fhis etmek ve g\u00f6rselle\u015ftirmek i\u00e7in kullan\u0131l\u0131r. Bu r\u00f6ntgenler, basit bir g\u00f6rsel muayeneden do\u011frulanamayaca\u011f\u0131 i\u00e7in bir hastan\u0131n a\u011f\u0131z durumu ve gereken tedavi hakk\u0131nda fikir verir. Dubai BAE&#039;de tek bir Periapikal r\u00f6ntgenin maliyeti 75 AED&#039;dir. Panoramik r\u00f6ntgen olarak da adland\u0131r\u0131lan bir OPG (Ortopantomogram) r\u00f6ntgeni, tek bir g\u00f6r\u00fcnt\u00fcde \u00fcst ve alt \u00e7enelerinizin, di\u015flerinizin ve t\u00fcm \u00e7evreleyen yap\u0131lar\u0131n kapsaml\u0131 ve panoramik bir g\u00f6r\u00fcn\u00fcm\u00fcn\u00fc sa\u011flayan \u00f6zel bir di\u015f radyografisidir. OPG r\u00f6ntgeninin maliyeti 300 AED&#039;dir.<\/p>\n\n\n\n<figure class=\"wp-block-image aligncenter size-full\"><a href=\"https:\/\/www.orthodontist-dubai.com\/tr\/bize-ulasin\/\"><img decoding=\"async\" width=\"800\" height=\"510\" data-src=\"https:\/\/www.orthodontist-dubai.com\/wp-content\/uploads\/2023\/09\/Dental-X-Ray-in-Dubai-UAE.webp\" alt=\"Dubai BAE&#039;de di\u015f r\u00f6ntgeni\" class=\"wp-image-1921 lazyload\" data-srcset=\"https:\/\/www.orthodontist-dubai.com\/wp-content\/uploads\/2023\/09\/Dental-X-Ray-in-Dubai-UAE.webp 800w, https:\/\/www.orthodontist-dubai.com\/wp-content\/uploads\/2023\/09\/Dental-X-Ray-in-Dubai-UAE-300x191.webp 300w, https:\/\/www.orthodontist-dubai.com\/wp-content\/uploads\/2023\/09\/Dental-X-Ray-in-Dubai-UAE-768x490.webp 768w, https:\/\/www.orthodontist-dubai.com\/wp-content\/uploads\/2023\/09\/Dental-X-Ray-in-Dubai-UAE-18x12.webp 18w\" data-sizes=\"(max-width: 800px) 100vw, 800px\" src=\"data:image\/svg+xml;base64,PHN2ZyB3aWR0aD0iMSIgaGVpZ2h0PSIxIiB4bWxucz0iaHR0cDovL3d3dy53My5vcmcvMjAwMC9zdmciPjwvc3ZnPg==\" style=\"--smush-placeholder-width: 800px; --smush-placeholder-aspect-ratio: 800\/510;\" \/><\/a><\/figure>\n\n\n\n<p><strong>Di\u015f R\u00f6ntgeninin Kullan\u0131m Alanlar\u0131:<\/strong><\/p>\n\n\n\n<ol class=\"wp-block-list\">\n<li>Di\u015f \u00c7\u00fcr\u00fcmesini Tespit Etmek \u0130\u00e7in: Di\u015f r\u00f6ntgeni, di\u015f hekiminin \u00e7\u0131plak g\u00f6z\u00fcyle g\u00f6r\u00fclemeyen di\u015f \u00e7\u00fcr\u00fcmesi (\u00e7\u00fcr\u00fcklere neden olan) hakk\u0131nda bilgi verebilir. \u00c7\u00fcr\u00fckler erken a\u015famada tespit edilirse, bundan kaynaklanan hasar \u00e7ok azd\u0131r.<\/li>\n\n\n\n<li>Di\u015f ve K\u00f6k Yap\u0131n\u0131z\u0131n De\u011ferlendirilmesi: Di\u015f r\u00f6ntgenleri, di\u015f hekimlerinin di\u015flerinizin ve k\u00f6klerinizin yap\u0131s\u0131n\u0131 analiz etmesine yard\u0131mc\u0131 olarak k\u00f6k enfeksiyonlar\u0131n\u0131, k\u0131r\u0131klar\u0131 veya di\u011fer anormallikleri tespit etmesine yard\u0131mc\u0131 olur.<\/li>\n\n\n\n<li>Di\u015f Eti ve Periodontal Sa\u011fl\u0131k: Bu r\u00f6ntgenler di\u015f etlerinizin sa\u011fl\u0131\u011f\u0131n\u0131 ve di\u015flerinizi destekleyen kemi\u011fin sa\u011fl\u0131\u011f\u0131n\u0131 ortaya \u00e7\u0131karabilir, b\u00f6ylece di\u015f eti iltihab\u0131 ve periodontit gibi di\u015f eti hastal\u0131klar\u0131n\u0131n te\u015fhisine yard\u0131mc\u0131 olabilir.<\/li>\n\n\n\n<li>G\u00f6m\u00fcl\u00fc Di\u015fler: Di\u015f r\u00f6ntgeni, sizin gibi g\u00f6m\u00fcl\u00fc di\u015flerin tespit edilmesinde \u00e7ok faydal\u0131d\u0131r. <a href=\"https:\/\/www.orthodontist-dubai.com\/tr\/bilgelik-dis-cikarilmasi-cikarilmasi\/\">yirmilik di\u015fler<\/a> bu bir ekstraksiyon gerektirebilir.<\/li>\n\n\n\n<li>Ortodontik Tedaviler: Di\u015f hekimleri ve ortodontistler, a\u015fa\u011f\u0131daki gibi ortodontik tedavileri planlamak i\u00e7in X \u0131\u015f\u0131nlar\u0131n\u0131 kullan\u0131r: <a href=\"https:\/\/www.orthodontist-dubai.com\/tr\/dubaideki-dis-telleri\/\">di\u015f telleri<\/a> veya <a href=\"https:\/\/www.orthodontist-dubai.com\/tr\/invisalign\/\">Invisalign<\/a>.<\/li>\n\n\n\n<li>\u0130mplant Planlama: Di\u015f r\u00f6ntgeni, uygun implantasyon i\u00e7in kemik kalitesinin de\u011ferlendirilmesine yard\u0131mc\u0131 olabilir. <a href=\"https:\/\/www.orthodontist-dubai.com\/tr\/protezler-dis-implantlar\/\">di\u015f implant\u0131<\/a> atama.<\/li>\n<\/ol>\n\n\n\n<p><strong>Di\u015f R\u00f6ntgeni Kullanman\u0131n Avantajlar\u0131:<\/strong><\/p>\n\n\n\n<p>Te\u015fhis i\u00e7in di\u015f r\u00f6ntgeni kullanman\u0131n bir\u00e7ok avantaj\u0131 vard\u0131r:<\/p>\n\n\n\n<ol class=\"wp-block-list\">\n<li>Di\u015f sorunlar\u0131n\u0131n erken tespiti, b\u00f6ylece zaman\u0131nda tedaviye olanak tan\u0131r ve di\u015f sorunlar\u0131n\u0131n artmas\u0131n\u0131 \u00f6nler.<\/li>\n\n\n\n<li>Di\u015f r\u00f6ntgenleri, a\u011f\u0131z yap\u0131lar\u0131n\u0131z\u0131n hassas g\u00f6r\u00fcnt\u00fclerini sa\u011flayarak durumunuzun \u00e7ok do\u011fru bir \u015fekilde te\u015fhis edilmesine ve di\u015f tedavisinin verimli bir \u015fekilde planlanmas\u0131na yard\u0131mc\u0131 olur.<\/li>\n\n\n\n<li>Di\u015f r\u00f6ntgeni g\u00f6r\u00fcnt\u00fclerini g\u00f6stererek di\u015f hekimlerinin hastalara di\u015f durumlar\u0131 ve mevcut tedavi se\u00e7enekleri hakk\u0131nda do\u011frudan a\u00e7\u0131klama yapmalar\u0131na yard\u0131mc\u0131 olurlar.<\/li>\n<\/ol>\n\n\n\n<p><strong>Di\u015f R\u00f6ntgeninin Dezavantajlar\u0131:<\/strong><\/p>\n\n\n\n<ol class=\"wp-block-list\">\n<li>Di\u015f r\u00f6ntgeninden kaynaklanan radyasyona maruz kalma minimum d\u00fczeyde olmas\u0131na ra\u011fmen, zamanla tekrarlanan maruz kalma riski vard\u0131r ve hamile kad\u0131nlar i\u00e7in \u00f6zellikle bundan ka\u00e7\u0131n\u0131lmal\u0131d\u0131r.<\/li>\n\n\n\n<li>Baz\u0131 hastalar kullan\u0131lan r\u00f6ntgen cihaz\u0131 ve koruyucu ekipman nedeniyle hafif bir rahats\u0131zl\u0131k duymaktad\u0131r.<\/li>\n\n\n\n<li>Baz\u0131 durumlarda di\u015f r\u00f6ntgeni her zaman a\u011f\u0131z sa\u011fl\u0131\u011f\u0131n\u0131n tam te\u015fhisini sa\u011flayamayabilir ve ek g\u00f6r\u00fcnt\u00fcleme veya te\u015fhis y\u00f6ntemleri gerekebilir.<\/li>\n<\/ol>\n\n\n\n<p><strong>Di\u015f R\u00f6ntgeni \u00e7ekme prosed\u00fcr\u00fc a\u015fa\u011f\u0131daki ad\u0131mlardan olu\u015fur:<\/strong><\/p>\n\n\n\n<ol class=\"wp-block-list\">\n<li>Hasta radyasyona maruz kalmaktan korunmak i\u00e7in kur\u015fun bir \u00f6nl\u00fck giyer ve di\u015f r\u00f6ntgeni \u00e7ekmeye haz\u0131rlan\u0131r.<\/li>\n\n\n\n<li>Hasta, di\u015f r\u00f6ntgeninin t\u00fcr\u00fcne g\u00f6re konumland\u0131r\u0131l\u0131r; \u00f6rne\u011fin \u00e7\u00fcr\u00fcklerin tespit edilmesi veya belirli bir di\u015fin de\u011ferlendirilmesi veya a\u011fz\u0131n\u0131z\u0131n tam bir genel g\u00f6r\u00fcn\u00fcm\u00fcn\u00fcn sa\u011flanmas\u0131 vb. i\u00e7in.<\/li>\n\n\n\n<li>Di\u015f hekiminiz veya klinikteki di\u015f teknisyeni, hasta hareketsiz dururken bu g\u00f6r\u00fcnt\u00fcleri yakalamak i\u00e7in bir di\u015f r\u00f6ntgeni makinesi kullan\u0131r.<\/li>\n\n\n\n<li>G\u00f6r\u00fcnt\u00fcler r\u00f6ntgen filmi \u00fczerinde veya dijital olarak geli\u015ftirilir. Daha sonra di\u015f hekiminiz r\u00f6ntgen filmlerini analiz ederek te\u015fhis koyar ve tedaviyi buna g\u00f6re planlar.<\/li>\n<\/ol>\n\n\n\n<p><a href=\"https:\/\/www.orthodontist-dubai.com\/tr\/bize-ulasin\/\">Bize Ula\u015f\u0131n<\/a> Dubai BAE&#039;de di\u015f r\u00f6ntgeninizi \u00e7ekmek i\u00e7in \u00dcCRETS\u0130Z dan\u0131\u015fmanl\u0131k i\u00e7in.<\/p>","protected":false},"excerpt":{"rendered":"<p>Dental X-rays are used by dentists in Dubai for diagnosing &amp; visualizing the condition of a patient&#8217;s teeth, gums and other surrounding oral structures for various dental treatments. These X-rays provide insights about a patient&#8217;s oral condition &amp; the treatment required as it cannot be just confirmed from a simple visual examination. Cost of a [&hellip;]<\/p>\n","protected":false},"author":1,"featured_media":0,"parent":0,"menu_order":0,"comment_status":"closed","ping_status":"closed","template":"","meta":{"site-sidebar-layout":"default","site-content-layout":"","ast-site-content-layout":"default","site-content-style":"default","site-sidebar-style":"default","ast-global-header-display":"","ast-banner-title-visibility":"","ast-main-header-display":"","ast-hfb-above-header-display":"","ast-hfb-below-header-display":"","ast-hfb-mobile-header-display":"","site-post-title":"","ast-breadcrumbs-content":"","ast-featured-img":"","footer-sml-layout":"","ast-disable-related-posts":"","theme-transparent-header-meta":"","adv-header-id-meta":"","stick-header-meta":"","header-above-stick-meta":"","header-main-stick-meta":"","header-below-stick-meta":"","astra-migrate-meta-layouts":"set","ast-page-background-enabled":"default","ast-page-background-meta":{"desktop":{"background-color":"var(--ast-global-color-4)","background-image":"","background-repeat":"repeat","background-position":"center center","background-size":"auto","background-attachment":"scroll","background-type":"","background-media":"","overlay-type":"","overlay-color":"","overlay-opacity":"","overlay-gradient":""},"tablet":{"background-color":"","background-image":"","background-repeat":"repeat","background-position":"center center","background-size":"auto","background-attachment":"scroll","background-type":"","background-media":"","overlay-type":"","overlay-color":"","overlay-opacity":"","overlay-gradient":""},"mobile":{"background-color":"","background-image":"","background-repeat":"repeat","background-position":"center center","background-size":"auto","background-attachment":"scroll","background-type":"","background-media":"","overlay-type":"","overlay-color":"","overlay-opacity":"","overlay-gradient":""}},"ast-content-background-meta":{"desktop":{"background-color":"var(--ast-global-color-5)","background-image":"","background-repeat":"repeat","background-position":"center center","background-size":"auto","background-attachment":"scroll","background-type":"","background-media":"","overlay-type":"","overlay-color":"","overlay-opacity":"","overlay-gradient":""},"tablet":{"background-color":"var(--ast-global-color-5)","background-image":"","background-repeat":"repeat","background-position":"center center","background-size":"auto","background-attachment":"scroll","background-type":"","background-media":"","overlay-type":"","overlay-color":"","overlay-opacity":"","overlay-gradient":""},"mobile":{"background-color":"var(--ast-global-color-5)","background-image":"","background-repeat":"repeat","background-position":"center center","background-size":"auto","background-attachment":"scroll","background-type":"","background-media":"","overlay-type":"","overlay-color":"","overlay-opacity":"","overlay-gradient":""}},"footnotes":""},"class_list":["post-1920","page","type-page","status-publish","hentry"],"yoast_head":"<!-- This site is optimized with the Yoast SEO plugin v27.4 - https:\/\/yoast.com\/product\/yoast-seo-wordpress\/ -->\n<title>Affordable Dental X-Ray in Dubai UAE | Dental X ray cost in Dubai<\/title>\n<meta name=\"robots\" content=\"index, follow, max-snippet:-1, max-image-preview:large, max-video-preview:-1\" \/>\n<link rel=\"canonical\" href=\"https:\/\/www.orthodontist-dubai.com\/tr\/dubai-uaede-dis-rontgeni\/\" \/>\n<meta property=\"og:locale\" content=\"tr_TR\" \/>\n<meta property=\"og:type\" content=\"article\" \/>\n<meta property=\"og:title\" content=\"Affordable Dental X-Ray in Dubai UAE | Dental X ray cost in Dubai\" \/>\n<meta property=\"og:description\" content=\"Dental X-rays are used by dentists in Dubai for diagnosing &amp; visualizing the condition of a patient&#8217;s teeth, gums and other surrounding oral structures for various dental treatments. These X-rays provide insights about a patient&#8217;s oral condition &amp; the treatment required as it cannot be just confirmed from a simple visual examination. Cost of a [&hellip;]\" \/>\n<meta property=\"og:url\" content=\"https:\/\/www.orthodontist-dubai.com\/tr\/dubai-uaede-dis-rontgeni\/\" \/>\n<meta property=\"og:site_name\" content=\"BEST Orthodontist &amp; Dentist in Dubai UAE for all Dental Treatments\" \/>\n<meta property=\"article:publisher\" content=\"https:\/\/www.facebook.com\/Orthodontist.Dentist.Dubai\/\" \/>\n<meta property=\"article:modified_time\" content=\"2024-09-08T18:23:37+00:00\" \/>\n<meta property=\"og:image\" content=\"https:\/\/www.orthodontist-dubai.com\/wp-content\/uploads\/2023\/09\/Dental-X-Ray-in-Dubai-UAE.webp\" \/>\n<meta name=\"twitter:card\" content=\"summary_large_image\" \/>\n<meta name=\"twitter:label1\" content=\"Tahmini okuma s\u00fcresi\" \/>\n\t<meta name=\"twitter:data1\" content=\"3 dakika\" \/>\n<script type=\"application\/ld+json\" class=\"yoast-schema-graph\">{\"@context\":\"https:\\\/\\\/schema.org\",\"@graph\":[{\"@type\":\"WebPage\",\"@id\":\"https:\\\/\\\/www.orthodontist-dubai.com\\\/dental-x-ray-in-dubai-uae\\\/\",\"url\":\"https:\\\/\\\/www.orthodontist-dubai.com\\\/dental-x-ray-in-dubai-uae\\\/\",\"name\":\"Affordable Dental X-Ray in Dubai UAE | Dental X ray cost in Dubai\",\"isPartOf\":{\"@id\":\"https:\\\/\\\/www.orthodontist-dubai.com\\\/#website\"},\"primaryImageOfPage\":{\"@id\":\"https:\\\/\\\/www.orthodontist-dubai.com\\\/dental-x-ray-in-dubai-uae\\\/#primaryimage\"},\"image\":{\"@id\":\"https:\\\/\\\/www.orthodontist-dubai.com\\\/dental-x-ray-in-dubai-uae\\\/#primaryimage\"},\"thumbnailUrl\":\"https:\\\/\\\/www.orthodontist-dubai.com\\\/wp-content\\\/uploads\\\/2023\\\/09\\\/Dental-X-Ray-in-Dubai-UAE.webp\",\"datePublished\":\"2023-09-15T18:42:41+00:00\",\"dateModified\":\"2024-09-08T18:23:37+00:00\",\"breadcrumb\":{\"@id\":\"https:\\\/\\\/www.orthodontist-dubai.com\\\/dental-x-ray-in-dubai-uae\\\/#breadcrumb\"},\"inLanguage\":\"tr\",\"potentialAction\":[{\"@type\":\"ReadAction\",\"target\":[\"https:\\\/\\\/www.orthodontist-dubai.com\\\/dental-x-ray-in-dubai-uae\\\/\"]}]},{\"@type\":\"ImageObject\",\"inLanguage\":\"tr\",\"@id\":\"https:\\\/\\\/www.orthodontist-dubai.com\\\/dental-x-ray-in-dubai-uae\\\/#primaryimage\",\"url\":\"https:\\\/\\\/www.orthodontist-dubai.com\\\/wp-content\\\/uploads\\\/2023\\\/09\\\/Dental-X-Ray-in-Dubai-UAE.webp\",\"contentUrl\":\"https:\\\/\\\/www.orthodontist-dubai.com\\\/wp-content\\\/uploads\\\/2023\\\/09\\\/Dental-X-Ray-in-Dubai-UAE.webp\"},{\"@type\":\"BreadcrumbList\",\"@id\":\"https:\\\/\\\/www.orthodontist-dubai.com\\\/dental-x-ray-in-dubai-uae\\\/#breadcrumb\",\"itemListElement\":[{\"@type\":\"ListItem\",\"position\":1,\"name\":\"\u2776 Home\",\"item\":\"https:\\\/\\\/www.orthodontist-dubai.com\\\/\"},{\"@type\":\"ListItem\",\"position\":2,\"name\":\"Dental X-Ray in Dubai UAE\"}]},{\"@type\":\"WebSite\",\"@id\":\"https:\\\/\\\/www.orthodontist-dubai.com\\\/#website\",\"url\":\"https:\\\/\\\/www.orthodontist-dubai.com\\\/\",\"name\":\"BEST Orthodontist &amp; Dentist in Dubai UAE for all Dental Treatments\",\"description\":\"Cheap &amp; Best Orthodontist &amp; Dentists for all dental treatments in Dubai UAE\",\"publisher\":{\"@id\":\"https:\\\/\\\/www.orthodontist-dubai.com\\\/#organization\"},\"potentialAction\":[{\"@type\":\"SearchAction\",\"target\":{\"@type\":\"EntryPoint\",\"urlTemplate\":\"https:\\\/\\\/www.orthodontist-dubai.com\\\/?s={search_term_string}\"},\"query-input\":{\"@type\":\"PropertyValueSpecification\",\"valueRequired\":true,\"valueName\":\"search_term_string\"}}],\"inLanguage\":\"tr\"},{\"@type\":\"Organization\",\"@id\":\"https:\\\/\\\/www.orthodontist-dubai.com\\\/#organization\",\"name\":\"Best Orthodontist & Dentist in Dubai UAE\",\"url\":\"https:\\\/\\\/www.orthodontist-dubai.com\\\/\",\"logo\":{\"@type\":\"ImageObject\",\"inLanguage\":\"tr\",\"@id\":\"https:\\\/\\\/www.orthodontist-dubai.com\\\/#\\\/schema\\\/logo\\\/image\\\/\",\"url\":\"https:\\\/\\\/www.orthodontist-dubai.com\\\/wp-content\\\/uploads\\\/2015\\\/04\\\/Othorontist-Dentist-UAE-Logo.png\",\"contentUrl\":\"https:\\\/\\\/www.orthodontist-dubai.com\\\/wp-content\\\/uploads\\\/2015\\\/04\\\/Othorontist-Dentist-UAE-Logo.png\",\"width\":190,\"height\":70,\"caption\":\"Best Orthodontist & Dentist in Dubai UAE\"},\"image\":{\"@id\":\"https:\\\/\\\/www.orthodontist-dubai.com\\\/#\\\/schema\\\/logo\\\/image\\\/\"},\"sameAs\":[\"https:\\\/\\\/www.facebook.com\\\/Orthodontist.Dentist.Dubai\\\/\",\"https:\\\/\\\/www.linkedin.com\\\/in\\\/dr-nazeer-ahmed-meeran-15691083\\\/\"]}]}<\/script>\n<!-- \/ Yoast SEO plugin. -->","yoast_head_json":{"title":"Dubai BAE&#039;de Uygun Fiyatl\u0131 Di\u015f R\u00f6ntgeni | Dubai&#039;de di\u015f r\u00f6ntgen maliyeti","robots":{"index":"index","follow":"follow","max-snippet":"max-snippet:-1","max-image-preview":"max-image-preview:large","max-video-preview":"max-video-preview:-1"},"canonical":"https:\/\/www.orthodontist-dubai.com\/tr\/dubai-uaede-dis-rontgeni\/","og_locale":"tr_TR","og_type":"article","og_title":"Affordable Dental X-Ray in Dubai UAE | Dental X ray cost in Dubai","og_description":"Dental X-rays are used by dentists in Dubai for diagnosing &amp; visualizing the condition of a patient&#8217;s teeth, gums and other surrounding oral structures for various dental treatments. These X-rays provide insights about a patient&#8217;s oral condition &amp; the treatment required as it cannot be just confirmed from a simple visual examination. Cost of a [&hellip;]","og_url":"https:\/\/www.orthodontist-dubai.com\/tr\/dubai-uaede-dis-rontgeni\/","og_site_name":"BEST Orthodontist &amp; Dentist in Dubai UAE for all Dental Treatments","article_publisher":"https:\/\/www.facebook.com\/Orthodontist.Dentist.Dubai\/","article_modified_time":"2024-09-08T18:23:37+00:00","og_image":[{"url":"https:\/\/www.orthodontist-dubai.com\/wp-content\/uploads\/2023\/09\/Dental-X-Ray-in-Dubai-UAE.webp","type":"","width":"","height":""}],"twitter_card":"summary_large_image","twitter_misc":{"Tahmini okuma s\u00fcresi":"3 dakika"},"schema":{"@context":"https:\/\/schema.org","@graph":[{"@type":"WebPage","@id":"https:\/\/www.orthodontist-dubai.com\/dental-x-ray-in-dubai-uae\/","url":"https:\/\/www.orthodontist-dubai.com\/dental-x-ray-in-dubai-uae\/","name":"Dubai BAE&#039;de Uygun Fiyatl\u0131 Di\u015f R\u00f6ntgeni | Dubai&#039;de di\u015f r\u00f6ntgen maliyeti","isPartOf":{"@id":"https:\/\/www.orthodontist-dubai.com\/#website"},"primaryImageOfPage":{"@id":"https:\/\/www.orthodontist-dubai.com\/dental-x-ray-in-dubai-uae\/#primaryimage"},"image":{"@id":"https:\/\/www.orthodontist-dubai.com\/dental-x-ray-in-dubai-uae\/#primaryimage"},"thumbnailUrl":"https:\/\/www.orthodontist-dubai.com\/wp-content\/uploads\/2023\/09\/Dental-X-Ray-in-Dubai-UAE.webp","datePublished":"2023-09-15T18:42:41+00:00","dateModified":"2024-09-08T18:23:37+00:00","breadcrumb":{"@id":"https:\/\/www.orthodontist-dubai.com\/dental-x-ray-in-dubai-uae\/#breadcrumb"},"inLanguage":"tr","potentialAction":[{"@type":"ReadAction","target":["https:\/\/www.orthodontist-dubai.com\/dental-x-ray-in-dubai-uae\/"]}]},{"@type":"ImageObject","inLanguage":"tr","@id":"https:\/\/www.orthodontist-dubai.com\/dental-x-ray-in-dubai-uae\/#primaryimage","url":"https:\/\/www.orthodontist-dubai.com\/wp-content\/uploads\/2023\/09\/Dental-X-Ray-in-Dubai-UAE.webp","contentUrl":"https:\/\/www.orthodontist-dubai.com\/wp-content\/uploads\/2023\/09\/Dental-X-Ray-in-Dubai-UAE.webp"},{"@type":"BreadcrumbList","@id":"https:\/\/www.orthodontist-dubai.com\/dental-x-ray-in-dubai-uae\/#breadcrumb","itemListElement":[{"@type":"ListItem","position":1,"name":"\u2776 Home","item":"https:\/\/www.orthodontist-dubai.com\/"},{"@type":"ListItem","position":2,"name":"Dental X-Ray in Dubai UAE"}]},{"@type":"WebSite","@id":"https:\/\/www.orthodontist-dubai.com\/#website","url":"https:\/\/www.orthodontist-dubai.com\/","name":"T\u00fcm Di\u015f Tedavileri i\u00e7in Dubai BAE&#039;deki EN \u0130Y\u0130 Ortodontist ve Di\u015f Hekimi","description":"Dubai BAE&#039;deki t\u00fcm di\u015f tedavileri i\u00e7in Ucuz ve En \u0130yi Ortodontist ve Di\u015f Hekimleri","publisher":{"@id":"https:\/\/www.orthodontist-dubai.com\/#organization"},"potentialAction":[{"@type":"SearchAction","target":{"@type":"EntryPoint","urlTemplate":"https:\/\/www.orthodontist-dubai.com\/?s={search_term_string}"},"query-input":{"@type":"PropertyValueSpecification","valueRequired":true,"valueName":"search_term_string"}}],"inLanguage":"tr"},{"@type":"Organization","@id":"https:\/\/www.orthodontist-dubai.com\/#organization","name":"Dubai BAE&#039;nin En \u0130yi Ortodontisti ve Di\u015f Hekimi","url":"https:\/\/www.orthodontist-dubai.com\/","logo":{"@type":"ImageObject","inLanguage":"tr","@id":"https:\/\/www.orthodontist-dubai.com\/#\/schema\/logo\/image\/","url":"https:\/\/www.orthodontist-dubai.com\/wp-content\/uploads\/2015\/04\/Othorontist-Dentist-UAE-Logo.png","contentUrl":"https:\/\/www.orthodontist-dubai.com\/wp-content\/uploads\/2015\/04\/Othorontist-Dentist-UAE-Logo.png","width":190,"height":70,"caption":"Best Orthodontist & Dentist in Dubai UAE"},"image":{"@id":"https:\/\/www.orthodontist-dubai.com\/#\/schema\/logo\/image\/"},"sameAs":["https:\/\/www.facebook.com\/Orthodontist.Dentist.Dubai\/","https:\/\/www.linkedin.com\/in\/dr-nazeer-ahmed-meeran-15691083\/"]}]}},"_links":{"self":[{"href":"https:\/\/www.orthodontist-dubai.com\/tr\/wp-json\/wp\/v2\/pages\/1920","targetHints":{"allow":["GET"]}}],"collection":[{"href":"https:\/\/www.orthodontist-dubai.com\/tr\/wp-json\/wp\/v2\/pages"}],"about":[{"href":"https:\/\/www.orthodontist-dubai.com\/tr\/wp-json\/wp\/v2\/types\/page"}],"author":[{"embeddable":true,"href":"https:\/\/www.orthodontist-dubai.com\/tr\/wp-json\/wp\/v2\/users\/1"}],"replies":[{"embeddable":true,"href":"https:\/\/www.orthodontist-dubai.com\/tr\/wp-json\/wp\/v2\/comments?post=1920"}],"version-history":[{"count":7,"href":"https:\/\/www.orthodontist-dubai.com\/tr\/wp-json\/wp\/v2\/pages\/1920\/revisions"}],"predecessor-version":[{"id":2379,"href":"https:\/\/www.orthodontist-dubai.com\/tr\/wp-json\/wp\/v2\/pages\/1920\/revisions\/2379"}],"wp:attachment":[{"href":"https:\/\/www.orthodontist-dubai.com\/tr\/wp-json\/wp\/v2\/media?parent=1920"}],"curies":[{"name":"wp","href":"https:\/\/api.w.org\/{rel}","templated":true}]}}