{"id":163,"date":"2015-04-15T07:20:57","date_gmt":"2015-04-15T07:20:57","guid":{"rendered":"https:\/\/www.orthodontist-dubai.com\/?page_id=163"},"modified":"2019-01-24T09:27:40","modified_gmt":"2019-01-24T05:27:40","slug":"periodontal-disease","status":"publish","type":"page","link":"https:\/\/www.orthodontist-dubai.com\/tr\/periodontal-hastalik\/","title":{"rendered":"Periodontal hastal\u0131k"},"content":{"rendered":"<p><strong>Di\u015f Hekimleri<\/strong> N\u00fcfusun 80%&#039;sinin bir \u00e7e\u015fit oldu\u011funu do\u011frulay\u0131n <strong>Di\u015f eti hastal\u0131\u011f\u0131<\/strong>.<br \/>\n<a href=\"https:\/\/www.orthodontist-dubai.com\/tr\/klinik-incelemeler\/\"><img decoding=\"async\" class=\"aligncenter wp-image-346 size-full lazyload\" data-src=\"https:\/\/www.orthodontist-dubai.com\/wp-content\/uploads\/2014\/12\/banner-best2.jpg\" alt=\"Dubai BAE&#039;de ay\u0131n en iyi di\u015f klini\u011fi\" width=\"795\" height=\"459\" src=\"data:image\/svg+xml;base64,PHN2ZyB3aWR0aD0iMSIgaGVpZ2h0PSIxIiB4bWxucz0iaHR0cDovL3d3dy53My5vcmcvMjAwMC9zdmciPjwvc3ZnPg==\" style=\"--smush-placeholder-width: 795px; --smush-placeholder-aspect-ratio: 795\/459;\"><\/a><br \/>\n<strong>Periodontal hastal\u0131klar<\/strong> basit olmaktan farkl\u0131 <strong>di\u015f eti iltihab\u0131<\/strong> b\u00fcy\u00fck neden olan ciddi sorunlara <strong>Di\u015fleri tutan yumu\u015fak doku ve kemikte hasar<\/strong>. En k\u00f6t\u00fc durumlarda bile sebep olabilirler<strong> di\u015f kayb\u0131<\/strong>.<\/p>\n<p><img decoding=\"async\" class=\"aligncenter wp-image-183 size-full lazyload\" data-src=\"https:\/\/www.orthodontist-dubai.com\/wp-content\/uploads\/2015\/04\/Gingivitis-Periodontitis.jpg\" alt=\"Di\u015f eti iltihab\u0131 Periodontitis\" width=\"853\" height=\"244\" data-srcset=\"https:\/\/www.orthodontist-dubai.com\/wp-content\/uploads\/2015\/04\/Gingivitis-Periodontitis.jpg 853w, https:\/\/www.orthodontist-dubai.com\/wp-content\/uploads\/2015\/04\/Gingivitis-Periodontitis-300x86.jpg 300w\" data-sizes=\"(max-width: 853px) 100vw, 853px\" src=\"data:image\/svg+xml;base64,PHN2ZyB3aWR0aD0iMSIgaGVpZ2h0PSIxIiB4bWxucz0iaHR0cDovL3d3dy53My5vcmcvMjAwMC9zdmciPjwvc3ZnPg==\" style=\"--smush-placeholder-width: 853px; --smush-placeholder-aspect-ratio: 853\/244;\" \/><strong>Nedenleri:<\/strong><\/p>\n<p>A\u011fz\u0131m\u0131zdaki bakteriler mukus veya di\u011fer yiyecek par\u00e7ac\u0131klar\u0131yla birlikte yap\u0131\u015fkan ve yap\u0131\u015fkan bir yap\u0131 olu\u015fturur. <strong>renksiz plak<\/strong>. D\u00fczenli <strong>f\u0131r\u00e7alama ve di\u015f ipi kullanma<\/strong> olabilmek <strong>pla\u011f\u0131 kald\u0131r<\/strong>. Ancak sertle\u015fmi\u015f plak ancak \u015fu \u015fekilde \u00e7\u0131kar\u0131labilir: <strong>di\u015f hekimleri<\/strong>. <strong>Di\u015f eti iltihab\u0131<\/strong> (di\u015f etlerinin \u015fi\u015fti\u011fi, k\u0131zard\u0131\u011f\u0131 ve kanamaya ba\u015flad\u0131\u011f\u0131 di\u015f eti iltihab\u0131) daha sonra daha \u015fiddetli hale gelir <strong>Periodontistler<\/strong> (di\u015f eti di\u015f \u00e7evresinde cepler olu\u015fturur ve bu cepler gev\u015fedik\u00e7e di\u015fe zarar verir).<\/p>\n<p>&nbsp;<\/p>","protected":false},"excerpt":{"rendered":"<p>Dentists confirm that round 80% of the population have some kind of Gum disease. Periodontal diseases vary from being simple gum inflammation to serious issues causing major damage to the soft tissue &amp; bone holding the teeth. In the worst cases they can even cause tooth loss. Causes : Bacteria in our mouth along with [&hellip;]<\/p>\n","protected":false},"author":1,"featured_media":0,"parent":0,"menu_order":0,"comment_status":"closed","ping_status":"closed","template":"","meta":{"site-sidebar-layout":"default","site-content-layout":"","ast-site-content-layout":"default","site-content-style":"default","site-sidebar-style":"default","ast-global-header-display":"","ast-banner-title-visibility":"","ast-main-header-display":"","ast-hfb-above-header-display":"","ast-hfb-below-header-display":"","ast-hfb-mobile-header-display":"","site-post-title":"","ast-breadcrumbs-content":"","ast-featured-img":"","footer-sml-layout":"","ast-disable-related-posts":"","theme-transparent-header-meta":"","adv-header-id-meta":"","stick-header-meta":"","header-above-stick-meta":"","header-main-stick-meta":"","header-below-stick-meta":"","astra-migrate-meta-layouts":"default","ast-page-background-enabled":"default","ast-page-background-meta":{"desktop":{"background-color":"var(--ast-global-color-4)","background-image":"","background-repeat":"repeat","background-position":"center center","background-size":"auto","background-attachment":"scroll","background-type":"","background-media":"","overlay-type":"","overlay-color":"","overlay-opacity":"","overlay-gradient":""},"tablet":{"background-color":"","background-image":"","background-repeat":"repeat","background-position":"center center","background-size":"auto","background-attachment":"scroll","background-type":"","background-media":"","overlay-type":"","overlay-color":"","overlay-opacity":"","overlay-gradient":""},"mobile":{"background-color":"","background-image":"","background-repeat":"repeat","background-position":"center center","background-size":"auto","background-attachment":"scroll","background-type":"","background-media":"","overlay-type":"","overlay-color":"","overlay-opacity":"","overlay-gradient":""}},"ast-content-background-meta":{"desktop":{"background-color":"var(--ast-global-color-5)","background-image":"","background-repeat":"repeat","background-position":"center center","background-size":"auto","background-attachment":"scroll","background-type":"","background-media":"","overlay-type":"","overlay-color":"","overlay-opacity":"","overlay-gradient":""},"tablet":{"background-color":"var(--ast-global-color-5)","background-image":"","background-repeat":"repeat","background-position":"center center","background-size":"auto","background-attachment":"scroll","background-type":"","background-media":"","overlay-type":"","overlay-color":"","overlay-opacity":"","overlay-gradient":""},"mobile":{"background-color":"var(--ast-global-color-5)","background-image":"","background-repeat":"repeat","background-position":"center center","background-size":"auto","background-attachment":"scroll","background-type":"","background-media":"","overlay-type":"","overlay-color":"","overlay-opacity":"","overlay-gradient":""}},"footnotes":""},"class_list":["post-163","page","type-page","status-publish","hentry"],"yoast_head":"<!-- This site is optimized with the Yoast SEO plugin v27.4 - https:\/\/yoast.com\/product\/yoast-seo-wordpress\/ -->\n<title>PERIODONTAL DISEASE IN DUBAI UAE | DENTAL TREATMENT<\/title>\n<meta name=\"robots\" content=\"index, follow, max-snippet:-1, max-image-preview:large, max-video-preview:-1\" \/>\n<link rel=\"canonical\" href=\"https:\/\/www.orthodontist-dubai.com\/tr\/periodontal-hastalik\/\" \/>\n<meta property=\"og:locale\" content=\"tr_TR\" \/>\n<meta property=\"og:type\" content=\"article\" \/>\n<meta property=\"og:title\" content=\"PERIODONTAL DISEASE IN DUBAI UAE | DENTAL TREATMENT\" \/>\n<meta property=\"og:description\" content=\"Dentists confirm that round 80% of the population have some kind of Gum disease. Periodontal diseases vary from being simple gum inflammation to serious issues causing major damage to the soft tissue &amp; bone holding the teeth. In the worst cases they can even cause tooth loss. Causes : Bacteria in our mouth along with [&hellip;]\" \/>\n<meta property=\"og:url\" content=\"https:\/\/www.orthodontist-dubai.com\/tr\/periodontal-hastalik\/\" \/>\n<meta property=\"og:site_name\" content=\"BEST Orthodontist &amp; Dentist in Dubai UAE for all Dental Treatments\" \/>\n<meta property=\"article:publisher\" content=\"https:\/\/www.facebook.com\/Orthodontist.Dentist.Dubai\/\" \/>\n<meta property=\"article:modified_time\" content=\"2019-01-24T05:27:40+00:00\" \/>\n<meta property=\"og:image\" content=\"https:\/\/www.orthodontist-dubai.com\/wp-content\/uploads\/2014\/12\/banner-best2.jpg\" \/>\n<meta name=\"twitter:card\" content=\"summary_large_image\" \/>\n<meta name=\"twitter:label1\" content=\"Tahmini okuma s\u00fcresi\" \/>\n\t<meta name=\"twitter:data1\" content=\"1 dakika\" \/>\n<script type=\"application\/ld+json\" class=\"yoast-schema-graph\">{\"@context\":\"https:\\\/\\\/schema.org\",\"@graph\":[{\"@type\":\"WebPage\",\"@id\":\"https:\\\/\\\/www.orthodontist-dubai.com\\\/periodontal-disease\\\/\",\"url\":\"https:\\\/\\\/www.orthodontist-dubai.com\\\/periodontal-disease\\\/\",\"name\":\"PERIODONTAL DISEASE IN DUBAI UAE | DENTAL TREATMENT\",\"isPartOf\":{\"@id\":\"https:\\\/\\\/www.orthodontist-dubai.com\\\/#website\"},\"primaryImageOfPage\":{\"@id\":\"https:\\\/\\\/www.orthodontist-dubai.com\\\/periodontal-disease\\\/#primaryimage\"},\"image\":{\"@id\":\"https:\\\/\\\/www.orthodontist-dubai.com\\\/periodontal-disease\\\/#primaryimage\"},\"thumbnailUrl\":\"https:\\\/\\\/www.orthodontist-dubai.com\\\/wp-content\\\/uploads\\\/2014\\\/12\\\/banner-best2.jpg\",\"datePublished\":\"2015-04-15T07:20:57+00:00\",\"dateModified\":\"2019-01-24T05:27:40+00:00\",\"breadcrumb\":{\"@id\":\"https:\\\/\\\/www.orthodontist-dubai.com\\\/periodontal-disease\\\/#breadcrumb\"},\"inLanguage\":\"tr\",\"potentialAction\":[{\"@type\":\"ReadAction\",\"target\":[\"https:\\\/\\\/www.orthodontist-dubai.com\\\/periodontal-disease\\\/\"]}]},{\"@type\":\"ImageObject\",\"inLanguage\":\"tr\",\"@id\":\"https:\\\/\\\/www.orthodontist-dubai.com\\\/periodontal-disease\\\/#primaryimage\",\"url\":\"https:\\\/\\\/www.orthodontist-dubai.com\\\/wp-content\\\/uploads\\\/2014\\\/12\\\/banner-best2.jpg\",\"contentUrl\":\"https:\\\/\\\/www.orthodontist-dubai.com\\\/wp-content\\\/uploads\\\/2014\\\/12\\\/banner-best2.jpg\"},{\"@type\":\"BreadcrumbList\",\"@id\":\"https:\\\/\\\/www.orthodontist-dubai.com\\\/periodontal-disease\\\/#breadcrumb\",\"itemListElement\":[{\"@type\":\"ListItem\",\"position\":1,\"name\":\"\u2776 Home\",\"item\":\"https:\\\/\\\/www.orthodontist-dubai.com\\\/\"},{\"@type\":\"ListItem\",\"position\":2,\"name\":\"Periodontal Disease\"}]},{\"@type\":\"WebSite\",\"@id\":\"https:\\\/\\\/www.orthodontist-dubai.com\\\/#website\",\"url\":\"https:\\\/\\\/www.orthodontist-dubai.com\\\/\",\"name\":\"BEST Orthodontist &amp; Dentist in Dubai UAE for all Dental Treatments\",\"description\":\"Cheap &amp; Best Orthodontist &amp; Dentists for all dental treatments in Dubai UAE\",\"publisher\":{\"@id\":\"https:\\\/\\\/www.orthodontist-dubai.com\\\/#organization\"},\"potentialAction\":[{\"@type\":\"SearchAction\",\"target\":{\"@type\":\"EntryPoint\",\"urlTemplate\":\"https:\\\/\\\/www.orthodontist-dubai.com\\\/?s={search_term_string}\"},\"query-input\":{\"@type\":\"PropertyValueSpecification\",\"valueRequired\":true,\"valueName\":\"search_term_string\"}}],\"inLanguage\":\"tr\"},{\"@type\":\"Organization\",\"@id\":\"https:\\\/\\\/www.orthodontist-dubai.com\\\/#organization\",\"name\":\"Best Orthodontist & Dentist in Dubai UAE\",\"url\":\"https:\\\/\\\/www.orthodontist-dubai.com\\\/\",\"logo\":{\"@type\":\"ImageObject\",\"inLanguage\":\"tr\",\"@id\":\"https:\\\/\\\/www.orthodontist-dubai.com\\\/#\\\/schema\\\/logo\\\/image\\\/\",\"url\":\"https:\\\/\\\/www.orthodontist-dubai.com\\\/wp-content\\\/uploads\\\/2015\\\/04\\\/Othorontist-Dentist-UAE-Logo.png\",\"contentUrl\":\"https:\\\/\\\/www.orthodontist-dubai.com\\\/wp-content\\\/uploads\\\/2015\\\/04\\\/Othorontist-Dentist-UAE-Logo.png\",\"width\":190,\"height\":70,\"caption\":\"Best Orthodontist & Dentist in Dubai UAE\"},\"image\":{\"@id\":\"https:\\\/\\\/www.orthodontist-dubai.com\\\/#\\\/schema\\\/logo\\\/image\\\/\"},\"sameAs\":[\"https:\\\/\\\/www.facebook.com\\\/Orthodontist.Dentist.Dubai\\\/\",\"https:\\\/\\\/www.linkedin.com\\\/in\\\/dr-nazeer-ahmed-meeran-15691083\\\/\"]}]}<\/script>\n<!-- \/ Yoast SEO plugin. -->","yoast_head_json":{"title":"DUBA\u0130 BAE&#039;DE PER\u0130ODONTAL HASTALIK | D\u0130\u015e TEDAV\u0130S\u0130","robots":{"index":"index","follow":"follow","max-snippet":"max-snippet:-1","max-image-preview":"max-image-preview:large","max-video-preview":"max-video-preview:-1"},"canonical":"https:\/\/www.orthodontist-dubai.com\/tr\/periodontal-hastalik\/","og_locale":"tr_TR","og_type":"article","og_title":"PERIODONTAL DISEASE IN DUBAI UAE | DENTAL TREATMENT","og_description":"Dentists confirm that round 80% of the population have some kind of Gum disease. Periodontal diseases vary from being simple gum inflammation to serious issues causing major damage to the soft tissue &amp; bone holding the teeth. In the worst cases they can even cause tooth loss. Causes : Bacteria in our mouth along with [&hellip;]","og_url":"https:\/\/www.orthodontist-dubai.com\/tr\/periodontal-hastalik\/","og_site_name":"BEST Orthodontist &amp; Dentist in Dubai UAE for all Dental Treatments","article_publisher":"https:\/\/www.facebook.com\/Orthodontist.Dentist.Dubai\/","article_modified_time":"2019-01-24T05:27:40+00:00","og_image":[{"url":"https:\/\/www.orthodontist-dubai.com\/wp-content\/uploads\/2014\/12\/banner-best2.jpg","type":"","width":"","height":""}],"twitter_card":"summary_large_image","twitter_misc":{"Tahmini okuma s\u00fcresi":"1 dakika"},"schema":{"@context":"https:\/\/schema.org","@graph":[{"@type":"WebPage","@id":"https:\/\/www.orthodontist-dubai.com\/periodontal-disease\/","url":"https:\/\/www.orthodontist-dubai.com\/periodontal-disease\/","name":"DUBA\u0130 BAE&#039;DE PER\u0130ODONTAL HASTALIK | D\u0130\u015e TEDAV\u0130S\u0130","isPartOf":{"@id":"https:\/\/www.orthodontist-dubai.com\/#website"},"primaryImageOfPage":{"@id":"https:\/\/www.orthodontist-dubai.com\/periodontal-disease\/#primaryimage"},"image":{"@id":"https:\/\/www.orthodontist-dubai.com\/periodontal-disease\/#primaryimage"},"thumbnailUrl":"https:\/\/www.orthodontist-dubai.com\/wp-content\/uploads\/2014\/12\/banner-best2.jpg","datePublished":"2015-04-15T07:20:57+00:00","dateModified":"2019-01-24T05:27:40+00:00","breadcrumb":{"@id":"https:\/\/www.orthodontist-dubai.com\/periodontal-disease\/#breadcrumb"},"inLanguage":"tr","potentialAction":[{"@type":"ReadAction","target":["https:\/\/www.orthodontist-dubai.com\/periodontal-disease\/"]}]},{"@type":"ImageObject","inLanguage":"tr","@id":"https:\/\/www.orthodontist-dubai.com\/periodontal-disease\/#primaryimage","url":"https:\/\/www.orthodontist-dubai.com\/wp-content\/uploads\/2014\/12\/banner-best2.jpg","contentUrl":"https:\/\/www.orthodontist-dubai.com\/wp-content\/uploads\/2014\/12\/banner-best2.jpg"},{"@type":"BreadcrumbList","@id":"https:\/\/www.orthodontist-dubai.com\/periodontal-disease\/#breadcrumb","itemListElement":[{"@type":"ListItem","position":1,"name":"\u2776 Home","item":"https:\/\/www.orthodontist-dubai.com\/"},{"@type":"ListItem","position":2,"name":"Periodontal Disease"}]},{"@type":"WebSite","@id":"https:\/\/www.orthodontist-dubai.com\/#website","url":"https:\/\/www.orthodontist-dubai.com\/","name":"T\u00fcm Di\u015f Tedavileri i\u00e7in Dubai BAE&#039;deki EN \u0130Y\u0130 Ortodontist ve Di\u015f Hekimi","description":"Dubai BAE&#039;deki t\u00fcm di\u015f tedavileri i\u00e7in Ucuz ve En \u0130yi Ortodontist ve Di\u015f Hekimleri","publisher":{"@id":"https:\/\/www.orthodontist-dubai.com\/#organization"},"potentialAction":[{"@type":"SearchAction","target":{"@type":"EntryPoint","urlTemplate":"https:\/\/www.orthodontist-dubai.com\/?s={search_term_string}"},"query-input":{"@type":"PropertyValueSpecification","valueRequired":true,"valueName":"search_term_string"}}],"inLanguage":"tr"},{"@type":"Organization","@id":"https:\/\/www.orthodontist-dubai.com\/#organization","name":"Dubai BAE&#039;nin En \u0130yi Ortodontisti ve Di\u015f Hekimi","url":"https:\/\/www.orthodontist-dubai.com\/","logo":{"@type":"ImageObject","inLanguage":"tr","@id":"https:\/\/www.orthodontist-dubai.com\/#\/schema\/logo\/image\/","url":"https:\/\/www.orthodontist-dubai.com\/wp-content\/uploads\/2015\/04\/Othorontist-Dentist-UAE-Logo.png","contentUrl":"https:\/\/www.orthodontist-dubai.com\/wp-content\/uploads\/2015\/04\/Othorontist-Dentist-UAE-Logo.png","width":190,"height":70,"caption":"Best Orthodontist & Dentist in Dubai UAE"},"image":{"@id":"https:\/\/www.orthodontist-dubai.com\/#\/schema\/logo\/image\/"},"sameAs":["https:\/\/www.facebook.com\/Orthodontist.Dentist.Dubai\/","https:\/\/www.linkedin.com\/in\/dr-nazeer-ahmed-meeran-15691083\/"]}]}},"_links":{"self":[{"href":"https:\/\/www.orthodontist-dubai.com\/tr\/wp-json\/wp\/v2\/pages\/163","targetHints":{"allow":["GET"]}}],"collection":[{"href":"https:\/\/www.orthodontist-dubai.com\/tr\/wp-json\/wp\/v2\/pages"}],"about":[{"href":"https:\/\/www.orthodontist-dubai.com\/tr\/wp-json\/wp\/v2\/types\/page"}],"author":[{"embeddable":true,"href":"https:\/\/www.orthodontist-dubai.com\/tr\/wp-json\/wp\/v2\/users\/1"}],"replies":[{"embeddable":true,"href":"https:\/\/www.orthodontist-dubai.com\/tr\/wp-json\/wp\/v2\/comments?post=163"}],"version-history":[{"count":4,"href":"https:\/\/www.orthodontist-dubai.com\/tr\/wp-json\/wp\/v2\/pages\/163\/revisions"}],"predecessor-version":[{"id":692,"href":"https:\/\/www.orthodontist-dubai.com\/tr\/wp-json\/wp\/v2\/pages\/163\/revisions\/692"}],"wp:attachment":[{"href":"https:\/\/www.orthodontist-dubai.com\/tr\/wp-json\/wp\/v2\/media?parent=163"}],"curies":[{"name":"wp","href":"https:\/\/api.w.org\/{rel}","templated":true}]}}