{"id":157,"date":"2015-04-15T07:04:06","date_gmt":"2015-04-15T07:04:06","guid":{"rendered":"https:\/\/www.orthodontist-dubai.com\/?page_id=157"},"modified":"2023-10-20T13:15:00","modified_gmt":"2023-10-20T09:15:00","slug":"crowns-and-bridges","status":"publish","type":"page","link":"https:\/\/www.orthodontist-dubai.com\/tr\/kronlar-ve-kopruler\/","title":{"rendered":"Di\u015f Kaplamalar\u0131 ve Di\u015f K\u00f6pr\u00fcleri"},"content":{"rendered":"<p>Bunlar <strong>sabit protez cihazlar\u0131<\/strong> taraf\u0131ndan tamamland\u0131 <strong>di\u015f hekimleri<\/strong>. Onlar gibi \u00e7\u0131kar\u0131labilir de\u011filler <strong>takma di\u015fler<\/strong> ve onlar <strong>mevcut di\u015flerinize veya implantlar\u0131n\u0131za yap\u0131\u015ft\u0131r\u0131l\u0131r<\/strong>. Sadece di\u015f hekimleri taraf\u0131ndan \u00e7\u0131kar\u0131labilirler. Di\u015f kronlar\u0131 hasar g\u00f6rm\u00fc\u015f veya zay\u0131flam\u0131\u015f di\u015fi korumak i\u00e7in kullan\u0131l\u0131r. Di\u015f kronlar\u0131 ayn\u0131 zamanda \u201c<em>di\u015f kapaklar\u0131<\/em>\u201d. Di\u015f hekiminiz taraf\u0131ndan \u00f6zel olarak haz\u0131rlanan ve haz\u0131rlanan di\u015finizin \u00fczerine yerle\u015ftirilen di\u015f \u015feklindeki \u201ckapaklar\u201dd\u0131r. Di\u015f kronlar\u0131 di\u015finizi di\u015f eti \u00e7izgisinden \u0131s\u0131rma y\u00fczeyine kadar kaplar.<\/p>\n<p><img decoding=\"async\" class=\"aligncenter lazyload\" data-src=\"https:\/\/www.orthodontist-dubai.com\/wp-content\/uploads\/2023\/10\/Dental-Crown-Bridges-in-Dubai-UAE-Before-After-treatment-pictures.jpg\" alt=\"Dubai BAE&#039;deki Di\u015f Kronu ve K\u00f6pr\u00fcleri Tedavi \u00f6ncesi ve sonras\u0131 resimleri\" width=\"1016\" height=\"867\" src=\"data:image\/svg+xml;base64,PHN2ZyB3aWR0aD0iMSIgaGVpZ2h0PSIxIiB4bWxucz0iaHR0cDovL3d3dy53My5vcmcvMjAwMC9zdmciPjwvc3ZnPg==\" style=\"--smush-placeholder-width: 1016px; --smush-placeholder-aspect-ratio: 1016\/867;\" \/><\/p>\n<h2><b>Di\u015f Kronlar\u0131 Nas\u0131l \u00c7al\u0131\u015f\u0131r?<\/b><\/h2>\n<p>Kronlar hasarl\u0131 di\u015fi tamamen kaplar (<strong>di\u015f kapaklar\u0131)<\/strong>. BT<strong> hasarl\u0131 di\u015fi d\u00fczeltir<\/strong> ve ayr\u0131ca<strong> g\u00f6r\u00fcn\u00fcm\u00fc, \u015fekli ve hizalamay\u0131 iyile\u015ftirir<\/strong>. \u015eekil ve i\u015flevsellik sa\u011flamak i\u00e7in implant\u0131n \u00fczerine ta\u00e7 da yerle\u015ftirilebilir. <strong>Porselen<\/strong> veya <strong>seramik kronlar<\/strong> Di\u015finizin rengine uygun olarak \u00fcretilmektedir. Ayr\u0131ca alt\u0131n ve metal ala\u015f\u0131mlar\u0131ndan, akrilik ve seramikten de yap\u0131labilirler. Avantaj\u0131 seramik olanlara g\u00f6re daha sa\u011flam olmalar\u0131 ve arka di\u015fler i\u00e7in tavsiye edilmeleridir. Alternatif olarak, estetik a\u00e7\u0131dan \u00fcst\u00fcn bir g\u00f6r\u00fcn\u00fcm kazand\u0131rmak i\u00e7in metale yap\u0131\u015ft\u0131r\u0131lm\u0131\u015f Porselen kullan\u0131labilir.<\/p>\n<h2><b>Di\u015f K\u00f6pr\u00fcleri Nas\u0131l \u00c7al\u0131\u015f\u0131r?<\/b><\/h2>\n<p>Di\u015f eksikli\u011finiz varsa bu bo\u015fluklar k\u00f6pr\u00fclerle doldurulabilir. Avantaj\u0131 dengesizli\u011fi d\u00fczeltmesi ve di\u011fer di\u015fin yanl\u0131\u015f hizalanmas\u0131n\u0131 \u00f6nlemesidir \u00e7\u00fcnk\u00fc bo\u015fluklar k\u00f6t\u00fc kapan\u0131\u015fa neden olabilir. Ayr\u0131ca di\u015f eti hastal\u0131klar\u0131 ve Temporo Mandibular Eklem bozukluklar\u0131 da \u00f6nlenebilir. Do\u011fal bir g\u00f6r\u00fcn\u00fcm kazand\u0131rmak i\u00e7in porselen kullan\u0131labilir.<\/p>\n<h3>Di\u015f kaplamalar\u0131n\u0131n avantajlar\u0131 nelerdir?<\/h3>\n<p>1. Di\u015f Kaplamalar\u0131 zay\u0131f veya b\u00fcy\u00fck \u00e7\u00fcr\u00fck veya k\u0131r\u0131k gibi hasarlar\u0131 olan di\u015flerinizi korumak i\u00e7in kullan\u0131l\u0131r. Bazen k\u00f6k kanal i\u015fleminden sonra kullan\u0131l\u0131rlar. Di\u015finizin daha fazla zarar g\u00f6rmesi \u00f6nlenebilir ve ayn\u0131 zamanda di\u015finizin yap\u0131sal b\u00fct\u00fcnl\u00fc\u011f\u00fc de korunabilir.<br \/>\n2. Di\u015f Kaplamalar\u0131 do\u011fal di\u015finize tam olarak benzeyecek \u015fekilde tasarlanm\u0131\u015ft\u0131r ve normal \u0131s\u0131rma ve \u00e7i\u011fneme fonksiyonuna yard\u0131mc\u0131 olur.<br \/>\n3. Di\u015f renginde porselenden yap\u0131lan di\u015f kaplamalar\u0131, di\u015fin genel g\u00f6r\u00fcn\u00fcm\u00fcn\u00fc iyile\u015ftirerek \u00e7ok do\u011fal g\u00f6r\u00fcnmesini sa\u011flayabilir.<br \/>\n4. Di\u015f Kronlar\u0131, a\u011fz\u0131n\u0131zda eksik di\u015flerin yaratt\u0131\u011f\u0131 bo\u015flu\u011fu doldurmak i\u00e7in tasarlanm\u0131\u015f di\u015f k\u00f6pr\u00fclerini sabitlemek i\u00e7in kullan\u0131l\u0131r. Yak\u0131ndaki sa\u011fl\u0131kl\u0131 di\u015flerin \u00fczerindeki bu di\u015f kaplamalar\u0131 di\u015f k\u00f6pr\u00fclerini destekler.<br \/>\n5. Di\u015f Kaplamalar\u0131 ayn\u0131 zamanda di\u015f implantlar\u0131n\u0131 kaplamak i\u00e7in de kullan\u0131l\u0131r.<\/p>\n<h3>Di\u015f Kaplamalar\u0131n\u0131n yap\u0131m\u0131nda kullan\u0131lan malzeme t\u00fcrleri nelerdir?<\/h3>\n<p>Di\u015f kronlar\u0131 i\u00e7in kullan\u0131lan bir\u00e7ok malzeme t\u00fcr\u00fc vard\u0131r ve bunlar, di\u015f kaplamas\u0131na ihtiya\u00e7 duyan di\u015fin konumu, hastan\u0131n ki\u015fisel tercihi ve ayr\u0131ca di\u015f hekiminizin tavsiyesi gibi fakt\u00f6rlere g\u00f6re se\u00e7ilir.<\/p>\n<p><img decoding=\"async\" class=\"aligncenter size-full wp-image-2121 lazyload\" data-src=\"https:\/\/www.orthodontist-dubai.com\/wp-content\/uploads\/2023\/10\/Types-of-Dental-Crowns-in-Dubai-UAE.jpg\" alt=\"Dubai BAE&#039;deki Di\u015f Kaplama \u00c7e\u015fitleri\" width=\"840\" height=\"259\" data-srcset=\"https:\/\/www.orthodontist-dubai.com\/wp-content\/uploads\/2023\/10\/Types-of-Dental-Crowns-in-Dubai-UAE.jpg 840w, https:\/\/www.orthodontist-dubai.com\/wp-content\/uploads\/2023\/10\/Types-of-Dental-Crowns-in-Dubai-UAE-300x93.jpg 300w, https:\/\/www.orthodontist-dubai.com\/wp-content\/uploads\/2023\/10\/Types-of-Dental-Crowns-in-Dubai-UAE-768x237.jpg 768w, https:\/\/www.orthodontist-dubai.com\/wp-content\/uploads\/2023\/10\/Types-of-Dental-Crowns-in-Dubai-UAE-18x6.jpg 18w\" data-sizes=\"(max-width: 840px) 100vw, 840px\" src=\"data:image\/svg+xml;base64,PHN2ZyB3aWR0aD0iMSIgaGVpZ2h0PSIxIiB4bWxucz0iaHR0cDovL3d3dy53My5vcmcvMjAwMC9zdmciPjwvc3ZnPg==\" style=\"--smush-placeholder-width: 840px; --smush-placeholder-aspect-ratio: 840\/259;\" \/><\/p>\n<p><strong> Di\u015f kaplamalar\u0131n\u0131n yap\u0131m\u0131nda kullan\u0131lan malzeme t\u00fcrleri \u015funlard\u0131r:<\/strong><\/p>\n<p>1. <strong>Porselen:<\/strong> Porselen kaplamalar \u00e7ok do\u011fal g\u00f6r\u00fcn\u00fcr ve di\u015f hekiminiz taraf\u0131ndan mevcut di\u015f renginize uygun hale getirilebilir. \u00d6n di\u015fler i\u00e7in tavsiye edilir.<br \/>\n2. <strong>Metal:<\/strong> Metal kronlar genellikle alt\u0131n i\u00e7eren ala\u015f\u0131mlardan yap\u0131l\u0131r. Uzun vadede \u00e7ok g\u00fc\u00e7l\u00fc ve dayan\u0131kl\u0131d\u0131rlar. \u00c7o\u011funlukla a\u011fz\u0131n arka k\u0131sm\u0131ndaki di\u015fler (az\u0131 di\u015fleri gibi) i\u00e7in kullan\u0131l\u0131rlar.<br \/>\n3. <strong>Metalle Kayna\u015fm\u0131\u015f Porselen (PFM)<\/strong>: Bu t\u00fcr di\u015f kaplamalar\u0131, metalin sa\u011flaml\u0131\u011f\u0131n\u0131 porselen malzemenin verdi\u011fi estetik di\u015f renginde g\u00f6r\u00fcn\u00fcmle birle\u015ftirir. Hem \u00f6n hem de arka di\u015fleriniz i\u00e7in uygundurlar.<br \/>\n4. <strong>Tamam\u0131 Seramik veya Tamam\u0131 Porselen<\/strong>: Bu kaplamalar tamamen porselen malzemeden \u00fcretilmekte olup olduk\u00e7a do\u011fal bir g\u00f6r\u00fcn\u00fcm vermektedir. Pek \u00e7ok ki\u015fi taraf\u0131ndan \u00f6n di\u015fleri i\u00e7in tercih edilmektedir.<br \/>\n5. <strong>Zirkonya kronlar\u0131:<\/strong> Bunlar \u00e7ok g\u00fc\u00e7l\u00fc ve dayan\u0131kl\u0131 bir seramik malzeme olan zirkonyum dioksitten (Zirkonya olarak da bilinir) yap\u0131l\u0131r. Zirkonya kaplamalar ile porselen kaplamalar aras\u0131ndaki fark, porselen malzemenin daha yar\u0131 saydam olmas\u0131 ve \u00e7ok do\u011fal bir g\u00f6r\u00fcn\u00fcm verebilmesi, zirkonyan\u0131n ise belirli ayd\u0131nlatma ko\u015fullar\u0131 alt\u0131nda do\u011fal bir di\u015fi taklit edecek kadar yar\u0131 saydam olmamas\u0131d\u0131r.<\/p>\n<p>Kaplama malzemesi se\u00e7imi, kaplama gerektiren di\u015fin yeri, hastan\u0131n tercihi ve ayr\u0131ca di\u015f hekiminizin tavsiyesi gibi \u00e7e\u015fitli fakt\u00f6rlere ba\u011fl\u0131d\u0131r.<\/p>\n<h3>Dubai, BAE&#039;de Di\u015f Kronlar\u0131 almak i\u00e7in ad\u0131m ad\u0131m s\u00fcre\u00e7 nelerdir?<\/h3>\n<p>1. Di\u015finizi muayene etmek i\u00e7in Dubai&#039;deki di\u015f hekimimizden ilk kons\u00fcltasyon randevusunu al\u0131n. Di\u015f hekimi, di\u015finizin mevcut durumuna, di\u015f ge\u00e7mi\u015finize vb. g\u00f6re mevcut tedavi se\u00e7eneklerini ve alternatiflerini kontrol edecek ve \u00f6nerecektir. <a href=\"https:\/\/www.orthodontist-dubai.com\/tr\/bize-ulasin\/\">Bize Ula\u015f\u0131n<\/a> Dubai, BAE&#039;deki klini\u011fimizde di\u015f kaplaman\u0131z\u0131 yapt\u0131rmak i\u00e7in \u00dcCRETS\u0130Z \u00fccretsiz dan\u0131\u015fmanl\u0131k ayarlamak i\u00e7in.<\/p>\n<p>2. R\u00f6ntgen ve \u00d6l\u00e7\u00fcler: Di\u015f hekiminiz <a href=\"\/tr\/_wp_link_placeholder\/\" data-wplink-edit=\"true\">Di\u015f r\u00f6ntgenleri<\/a> Etkilenen di\u015finizin mevcut hasar veya \u00e7\u00fcr\u00fck seviyesini analiz etmek ve ayr\u0131ca \u00e7evredeki kemik durumunu de\u011ferlendirmek i\u00e7in. Di\u015f hekiminiz di\u015finizin ve \u00e7evresinin \u00f6l\u00e7\u00fcs\u00fcn\u00fc alacakt\u0131r.<\/p>\n<p>3. Di\u015f Haz\u0131rl\u0131\u011f\u0131: Mevcut di\u015finizdeki hasar ciddiyse, di\u015f hekiminiz di\u015f kaplamas\u0131na yer a\u00e7mak i\u00e7in d\u0131\u015f katman\u0131n\u0131n bir k\u0131sm\u0131n\u0131 kald\u0131rarak di\u015fi yeniden \u015fekillendirecektir.<\/p>\n<p>4. Ge\u00e7ici Kuron ve Kuron \u0130malat\u0131: Bir sonraki ad\u0131m, daha \u00f6nceki ad\u0131mlarda al\u0131nan \u00f6l\u00e7\u00fcler kullan\u0131larak di\u015f laboratuar\u0131nda kal\u0131c\u0131 ta\u00e7 ki\u015fiye \u00f6zel olarak yap\u0131l\u0131rken di\u015fin korunmas\u0131na yard\u0131mc\u0131 olacak ge\u00e7ici bir kuronun yerle\u015ftirilmesidir. Ge\u00e7ici kaplama ayn\u0131 zamanda di\u015finizin i\u015flevselli\u011fini ve g\u00f6r\u00fcn\u00fcm\u00fcn\u00fc koruman\u0131za da yard\u0131mc\u0131 olur (\u00e7\u00fcnk\u00fc kaplama imalat s\u00fcreci en az bir hafta s\u00fcrebilir).<\/p>\n<p>5. Kal\u0131c\u0131 Di\u015f Kaplamas\u0131n\u0131n Tak\u0131lmas\u0131: Kal\u0131c\u0131 kaplaman\u0131z laboratuarda haz\u0131r oldu\u011funda, di\u015f hekiminiz kaplaman\u0131n sabitlenmesi i\u00e7in bir randevu ayarlayacakt\u0131r. Ge\u00e7ici kaplaman\u0131z \u00e7\u0131kar\u0131lacak ve di\u015f hekiminiz kal\u0131c\u0131 kaplaman\u0131n uyumunu, rengini, \u015feklini ve do\u011fal kapan\u0131\u015f\u0131n\u0131zla hizalanmas\u0131n\u0131 kontrol edecektir. Kal\u0131c\u0131 kronu bir di\u015f yap\u0131\u015ft\u0131r\u0131c\u0131s\u0131 kullanarak yerine yap\u0131\u015ft\u0131racak ve hasta i\u00e7in rahat ve do\u011fal hissetmesini sa\u011flayacak ayarlamalar yapacakt\u0131r. Daha sonra kaplama do\u011fal di\u015f gibi g\u00f6r\u00fcnecek \u015fekilde parlat\u0131l\u0131r.<\/p>\n<p>6. Tedavi Sonras\u0131 Bak\u0131m: Di\u015f kaplaman\u0131z\u0131n uzun \u00f6m\u00fcrl\u00fc olmas\u0131 i\u00e7in iyi a\u011f\u0131z hijyeni uygulay\u0131n ve tedavi sonras\u0131nda di\u015f hekiminizin verdi\u011fi talimatlara uyun. Sigara i\u00e7mekten, sert ve yap\u0131\u015fkan yiyeceklerden, geceleri di\u015f g\u0131c\u0131rdatmaktan vb. ka\u00e7\u0131nmak iyidir. Kaplaman\u0131n gev\u015fedi\u011fini hissederseniz l\u00fctfen hemen di\u015f hekiminize ba\u015fvurun ve kendiniz ayarlamaya \u00e7al\u0131\u015fmay\u0131n.<\/p>","protected":false},"excerpt":{"rendered":"<p>These are fixed prosthetic devices done by dentists. They are not removable like dentures and are cemented to your existing teeth or implants. They can be removed only by dentists. Dental crowns are used to protect damaged or weakened tooth. Dental crowns are also called as \u201cdental caps\u201d. They are tooth shaped &#8220;caps&#8221; that are [&hellip;]<\/p>\n","protected":false},"author":1,"featured_media":0,"parent":0,"menu_order":0,"comment_status":"closed","ping_status":"closed","template":"","meta":{"site-sidebar-layout":"default","site-content-layout":"","ast-site-content-layout":"default","site-content-style":"default","site-sidebar-style":"default","ast-global-header-display":"","ast-banner-title-visibility":"","ast-main-header-display":"","ast-hfb-above-header-display":"","ast-hfb-below-header-display":"","ast-hfb-mobile-header-display":"","site-post-title":"","ast-breadcrumbs-content":"","ast-featured-img":"","footer-sml-layout":"","ast-disable-related-posts":"","theme-transparent-header-meta":"","adv-header-id-meta":"","stick-header-meta":"","header-above-stick-meta":"","header-main-stick-meta":"","header-below-stick-meta":"","astra-migrate-meta-layouts":"set","ast-page-background-enabled":"default","ast-page-background-meta":{"desktop":{"background-color":"var(--ast-global-color-4)","background-image":"","background-repeat":"repeat","background-position":"center center","background-size":"auto","background-attachment":"scroll","background-type":"","background-media":"","overlay-type":"","overlay-color":"","overlay-opacity":"","overlay-gradient":""},"tablet":{"background-color":"","background-image":"","background-repeat":"repeat","background-position":"center center","background-size":"auto","background-attachment":"scroll","background-type":"","background-media":"","overlay-type":"","overlay-color":"","overlay-opacity":"","overlay-gradient":""},"mobile":{"background-color":"","background-image":"","background-repeat":"repeat","background-position":"center center","background-size":"auto","background-attachment":"scroll","background-type":"","background-media":"","overlay-type":"","overlay-color":"","overlay-opacity":"","overlay-gradient":""}},"ast-content-background-meta":{"desktop":{"background-color":"var(--ast-global-color-5)","background-image":"","background-repeat":"repeat","background-position":"center center","background-size":"auto","background-attachment":"scroll","background-type":"","background-media":"","overlay-type":"","overlay-color":"","overlay-opacity":"","overlay-gradient":""},"tablet":{"background-color":"var(--ast-global-color-5)","background-image":"","background-repeat":"repeat","background-position":"center center","background-size":"auto","background-attachment":"scroll","background-type":"","background-media":"","overlay-type":"","overlay-color":"","overlay-opacity":"","overlay-gradient":""},"mobile":{"background-color":"var(--ast-global-color-5)","background-image":"","background-repeat":"repeat","background-position":"center center","background-size":"auto","background-attachment":"scroll","background-type":"","background-media":"","overlay-type":"","overlay-color":"","overlay-opacity":"","overlay-gradient":""}},"footnotes":""},"class_list":["post-157","page","type-page","status-publish","hentry"],"yoast_head":"<!-- This site is optimized with the Yoast SEO plugin v27.6 - https:\/\/yoast.com\/product\/yoast-seo-wordpress\/ -->\n<title>DENTAL CROWNS IN DUBAI | DENTAL BRIDGES<\/title>\n<meta name=\"robots\" content=\"index, follow, max-snippet:-1, max-image-preview:large, max-video-preview:-1\" \/>\n<link rel=\"canonical\" href=\"https:\/\/www.orthodontist-dubai.com\/tr\/kronlar-ve-kopruler\/\" \/>\n<meta property=\"og:locale\" content=\"tr_TR\" \/>\n<meta property=\"og:type\" content=\"article\" \/>\n<meta property=\"og:title\" content=\"DENTAL CROWNS IN DUBAI | DENTAL BRIDGES\" \/>\n<meta property=\"og:description\" content=\"These are fixed prosthetic devices done by dentists. They are not removable like dentures and are cemented to your existing teeth or implants. They can be removed only by dentists. Dental crowns are used to protect damaged or weakened tooth. Dental crowns are also called as \u201cdental caps\u201d. They are tooth shaped &#8220;caps&#8221; that are [&hellip;]\" \/>\n<meta property=\"og:url\" content=\"https:\/\/www.orthodontist-dubai.com\/tr\/kronlar-ve-kopruler\/\" \/>\n<meta property=\"og:site_name\" content=\"BEST Orthodontist &amp; Dentist in Dubai UAE for all Dental Treatments\" \/>\n<meta property=\"article:publisher\" content=\"https:\/\/www.facebook.com\/Orthodontist.Dentist.Dubai\/\" \/>\n<meta property=\"article:modified_time\" content=\"2023-10-20T09:15:00+00:00\" \/>\n<meta property=\"og:image\" content=\"https:\/\/www.orthodontist-dubai.com\/wp-content\/uploads\/2023\/10\/Dental-Crown-Bridges-in-Dubai-UAE-Before-After-treatment-pictures.jpg\" \/>\n<meta name=\"twitter:card\" content=\"summary_large_image\" \/>\n<meta name=\"twitter:label1\" content=\"Tahmini okuma s\u00fcresi\" \/>\n\t<meta name=\"twitter:data1\" content=\"5 dakika\" \/>\n<script type=\"application\/ld+json\" class=\"yoast-schema-graph\">{\"@context\":\"https:\\\/\\\/schema.org\",\"@graph\":[{\"@type\":\"WebPage\",\"@id\":\"https:\\\/\\\/www.orthodontist-dubai.com\\\/crowns-and-bridges\\\/\",\"url\":\"https:\\\/\\\/www.orthodontist-dubai.com\\\/crowns-and-bridges\\\/\",\"name\":\"DENTAL CROWNS IN DUBAI | DENTAL BRIDGES\",\"isPartOf\":{\"@id\":\"https:\\\/\\\/www.orthodontist-dubai.com\\\/#website\"},\"primaryImageOfPage\":{\"@id\":\"https:\\\/\\\/www.orthodontist-dubai.com\\\/crowns-and-bridges\\\/#primaryimage\"},\"image\":{\"@id\":\"https:\\\/\\\/www.orthodontist-dubai.com\\\/crowns-and-bridges\\\/#primaryimage\"},\"thumbnailUrl\":\"https:\\\/\\\/www.orthodontist-dubai.com\\\/wp-content\\\/uploads\\\/2023\\\/10\\\/Dental-Crown-Bridges-in-Dubai-UAE-Before-After-treatment-pictures.jpg\",\"datePublished\":\"2015-04-15T07:04:06+00:00\",\"dateModified\":\"2023-10-20T09:15:00+00:00\",\"breadcrumb\":{\"@id\":\"https:\\\/\\\/www.orthodontist-dubai.com\\\/crowns-and-bridges\\\/#breadcrumb\"},\"inLanguage\":\"tr\",\"potentialAction\":[{\"@type\":\"ReadAction\",\"target\":[\"https:\\\/\\\/www.orthodontist-dubai.com\\\/crowns-and-bridges\\\/\"]}]},{\"@type\":\"ImageObject\",\"inLanguage\":\"tr\",\"@id\":\"https:\\\/\\\/www.orthodontist-dubai.com\\\/crowns-and-bridges\\\/#primaryimage\",\"url\":\"https:\\\/\\\/www.orthodontist-dubai.com\\\/wp-content\\\/uploads\\\/2023\\\/10\\\/Dental-Crown-Bridges-in-Dubai-UAE-Before-After-treatment-pictures.jpg\",\"contentUrl\":\"https:\\\/\\\/www.orthodontist-dubai.com\\\/wp-content\\\/uploads\\\/2023\\\/10\\\/Dental-Crown-Bridges-in-Dubai-UAE-Before-After-treatment-pictures.jpg\"},{\"@type\":\"BreadcrumbList\",\"@id\":\"https:\\\/\\\/www.orthodontist-dubai.com\\\/crowns-and-bridges\\\/#breadcrumb\",\"itemListElement\":[{\"@type\":\"ListItem\",\"position\":1,\"name\":\"\u2776 Home\",\"item\":\"https:\\\/\\\/www.orthodontist-dubai.com\\\/\"},{\"@type\":\"ListItem\",\"position\":2,\"name\":\"Dental Crown and Dental Bridges\"}]},{\"@type\":\"WebSite\",\"@id\":\"https:\\\/\\\/www.orthodontist-dubai.com\\\/#website\",\"url\":\"https:\\\/\\\/www.orthodontist-dubai.com\\\/\",\"name\":\"BEST Orthodontist &amp; Dentist in Dubai UAE for all Dental Treatments\",\"description\":\"Cheap &amp; Best Orthodontist &amp; Dentists for all dental treatments in Dubai UAE\",\"publisher\":{\"@id\":\"https:\\\/\\\/www.orthodontist-dubai.com\\\/#organization\"},\"potentialAction\":[{\"@type\":\"SearchAction\",\"target\":{\"@type\":\"EntryPoint\",\"urlTemplate\":\"https:\\\/\\\/www.orthodontist-dubai.com\\\/?s={search_term_string}\"},\"query-input\":{\"@type\":\"PropertyValueSpecification\",\"valueRequired\":true,\"valueName\":\"search_term_string\"}}],\"inLanguage\":\"tr\"},{\"@type\":\"Organization\",\"@id\":\"https:\\\/\\\/www.orthodontist-dubai.com\\\/#organization\",\"name\":\"Best Orthodontist & Dentist in Dubai UAE\",\"url\":\"https:\\\/\\\/www.orthodontist-dubai.com\\\/\",\"logo\":{\"@type\":\"ImageObject\",\"inLanguage\":\"tr\",\"@id\":\"https:\\\/\\\/www.orthodontist-dubai.com\\\/#\\\/schema\\\/logo\\\/image\\\/\",\"url\":\"https:\\\/\\\/www.orthodontist-dubai.com\\\/wp-content\\\/uploads\\\/2015\\\/04\\\/Othorontist-Dentist-UAE-Logo.png\",\"contentUrl\":\"https:\\\/\\\/www.orthodontist-dubai.com\\\/wp-content\\\/uploads\\\/2015\\\/04\\\/Othorontist-Dentist-UAE-Logo.png\",\"width\":190,\"height\":70,\"caption\":\"Best Orthodontist & Dentist in Dubai UAE\"},\"image\":{\"@id\":\"https:\\\/\\\/www.orthodontist-dubai.com\\\/#\\\/schema\\\/logo\\\/image\\\/\"},\"sameAs\":[\"https:\\\/\\\/www.facebook.com\\\/Orthodontist.Dentist.Dubai\\\/\",\"https:\\\/\\\/www.linkedin.com\\\/in\\\/dr-nazeer-ahmed-meeran-15691083\\\/\"]}]}<\/script>\n<!-- \/ Yoast SEO plugin. -->","yoast_head_json":{"title":"DUBAI&#039;DE D\u0130\u015e TA\u00c7LARI | D\u0130\u015e K\u00d6PR\u00dcLER\u0130","robots":{"index":"index","follow":"follow","max-snippet":"max-snippet:-1","max-image-preview":"max-image-preview:large","max-video-preview":"max-video-preview:-1"},"canonical":"https:\/\/www.orthodontist-dubai.com\/tr\/kronlar-ve-kopruler\/","og_locale":"tr_TR","og_type":"article","og_title":"DENTAL CROWNS IN DUBAI | DENTAL BRIDGES","og_description":"These are fixed prosthetic devices done by dentists. They are not removable like dentures and are cemented to your existing teeth or implants. They can be removed only by dentists. Dental crowns are used to protect damaged or weakened tooth. Dental crowns are also called as \u201cdental caps\u201d. They are tooth shaped &#8220;caps&#8221; that are [&hellip;]","og_url":"https:\/\/www.orthodontist-dubai.com\/tr\/kronlar-ve-kopruler\/","og_site_name":"BEST Orthodontist &amp; Dentist in Dubai UAE for all Dental Treatments","article_publisher":"https:\/\/www.facebook.com\/Orthodontist.Dentist.Dubai\/","article_modified_time":"2023-10-20T09:15:00+00:00","og_image":[{"url":"https:\/\/www.orthodontist-dubai.com\/wp-content\/uploads\/2023\/10\/Dental-Crown-Bridges-in-Dubai-UAE-Before-After-treatment-pictures.jpg","type":"","width":"","height":""}],"twitter_card":"summary_large_image","twitter_misc":{"Tahmini okuma s\u00fcresi":"5 dakika"},"schema":{"@context":"https:\/\/schema.org","@graph":[{"@type":"WebPage","@id":"https:\/\/www.orthodontist-dubai.com\/crowns-and-bridges\/","url":"https:\/\/www.orthodontist-dubai.com\/crowns-and-bridges\/","name":"DUBAI&#039;DE D\u0130\u015e TA\u00c7LARI | D\u0130\u015e K\u00d6PR\u00dcLER\u0130","isPartOf":{"@id":"https:\/\/www.orthodontist-dubai.com\/#website"},"primaryImageOfPage":{"@id":"https:\/\/www.orthodontist-dubai.com\/crowns-and-bridges\/#primaryimage"},"image":{"@id":"https:\/\/www.orthodontist-dubai.com\/crowns-and-bridges\/#primaryimage"},"thumbnailUrl":"https:\/\/www.orthodontist-dubai.com\/wp-content\/uploads\/2023\/10\/Dental-Crown-Bridges-in-Dubai-UAE-Before-After-treatment-pictures.jpg","datePublished":"2015-04-15T07:04:06+00:00","dateModified":"2023-10-20T09:15:00+00:00","breadcrumb":{"@id":"https:\/\/www.orthodontist-dubai.com\/crowns-and-bridges\/#breadcrumb"},"inLanguage":"tr","potentialAction":[{"@type":"ReadAction","target":["https:\/\/www.orthodontist-dubai.com\/crowns-and-bridges\/"]}]},{"@type":"ImageObject","inLanguage":"tr","@id":"https:\/\/www.orthodontist-dubai.com\/crowns-and-bridges\/#primaryimage","url":"https:\/\/www.orthodontist-dubai.com\/wp-content\/uploads\/2023\/10\/Dental-Crown-Bridges-in-Dubai-UAE-Before-After-treatment-pictures.jpg","contentUrl":"https:\/\/www.orthodontist-dubai.com\/wp-content\/uploads\/2023\/10\/Dental-Crown-Bridges-in-Dubai-UAE-Before-After-treatment-pictures.jpg"},{"@type":"BreadcrumbList","@id":"https:\/\/www.orthodontist-dubai.com\/crowns-and-bridges\/#breadcrumb","itemListElement":[{"@type":"ListItem","position":1,"name":"\u2776 Home","item":"https:\/\/www.orthodontist-dubai.com\/"},{"@type":"ListItem","position":2,"name":"Dental Crown and Dental Bridges"}]},{"@type":"WebSite","@id":"https:\/\/www.orthodontist-dubai.com\/#website","url":"https:\/\/www.orthodontist-dubai.com\/","name":"T\u00fcm Di\u015f Tedavileri i\u00e7in Dubai BAE&#039;deki EN \u0130Y\u0130 Ortodontist ve Di\u015f Hekimi","description":"Dubai BAE&#039;deki t\u00fcm di\u015f tedavileri i\u00e7in Ucuz ve En \u0130yi Ortodontist ve Di\u015f Hekimleri","publisher":{"@id":"https:\/\/www.orthodontist-dubai.com\/#organization"},"potentialAction":[{"@type":"SearchAction","target":{"@type":"EntryPoint","urlTemplate":"https:\/\/www.orthodontist-dubai.com\/?s={search_term_string}"},"query-input":{"@type":"PropertyValueSpecification","valueRequired":true,"valueName":"search_term_string"}}],"inLanguage":"tr"},{"@type":"Organization","@id":"https:\/\/www.orthodontist-dubai.com\/#organization","name":"Dubai BAE&#039;nin En \u0130yi Ortodontisti ve Di\u015f Hekimi","url":"https:\/\/www.orthodontist-dubai.com\/","logo":{"@type":"ImageObject","inLanguage":"tr","@id":"https:\/\/www.orthodontist-dubai.com\/#\/schema\/logo\/image\/","url":"https:\/\/www.orthodontist-dubai.com\/wp-content\/uploads\/2015\/04\/Othorontist-Dentist-UAE-Logo.png","contentUrl":"https:\/\/www.orthodontist-dubai.com\/wp-content\/uploads\/2015\/04\/Othorontist-Dentist-UAE-Logo.png","width":190,"height":70,"caption":"Best Orthodontist & Dentist in Dubai UAE"},"image":{"@id":"https:\/\/www.orthodontist-dubai.com\/#\/schema\/logo\/image\/"},"sameAs":["https:\/\/www.facebook.com\/Orthodontist.Dentist.Dubai\/","https:\/\/www.linkedin.com\/in\/dr-nazeer-ahmed-meeran-15691083\/"]}]}},"_links":{"self":[{"href":"https:\/\/www.orthodontist-dubai.com\/tr\/wp-json\/wp\/v2\/pages\/157","targetHints":{"allow":["GET"]}}],"collection":[{"href":"https:\/\/www.orthodontist-dubai.com\/tr\/wp-json\/wp\/v2\/pages"}],"about":[{"href":"https:\/\/www.orthodontist-dubai.com\/tr\/wp-json\/wp\/v2\/types\/page"}],"author":[{"embeddable":true,"href":"https:\/\/www.orthodontist-dubai.com\/tr\/wp-json\/wp\/v2\/users\/1"}],"replies":[{"embeddable":true,"href":"https:\/\/www.orthodontist-dubai.com\/tr\/wp-json\/wp\/v2\/comments?post=157"}],"version-history":[{"count":8,"href":"https:\/\/www.orthodontist-dubai.com\/tr\/wp-json\/wp\/v2\/pages\/157\/revisions"}],"predecessor-version":[{"id":2129,"href":"https:\/\/www.orthodontist-dubai.com\/tr\/wp-json\/wp\/v2\/pages\/157\/revisions\/2129"}],"wp:attachment":[{"href":"https:\/\/www.orthodontist-dubai.com\/tr\/wp-json\/wp\/v2\/media?parent=157"}],"curies":[{"name":"wp","href":"https:\/\/api.w.org\/{rel}","templated":true}]}}