{"id":154,"date":"2015-04-15T06:53:45","date_gmt":"2015-04-15T06:53:45","guid":{"rendered":"https:\/\/www.orthodontist-dubai.com\/?page_id=154"},"modified":"2024-10-19T13:02:34","modified_gmt":"2024-10-19T09:02:34","slug":"dental-filling","status":"publish","type":"page","link":"https:\/\/www.orthodontist-dubai.com\/tr\/dis-dolgusu\/","title":{"rendered":"Dubai&#039;de di\u015f dolgusu maliyeti ve Di\u015f dolgusu i\u015flemi"},"content":{"rendered":"<p>Bir di\u015f <strong>dolgu<\/strong> senin taraf\u0131ndan yap\u0131ld\u0131 <strong>di\u015f\u00e7i<\/strong> \u00c7\u00fcr\u00fckten zarar g\u00f6rm\u00fc\u015f di\u015fin normal fonksiyon ve \u015fekline kavu\u015fturulmas\u0131. Dubai&#039;de di\u015f doldurma maliyeti di\u015f ba\u015f\u0131na 400 AED&#039;den ba\u015fl\u0131yor.<br \/>\n<!--<a href=\"https:\/\/www.orthodontist-dubai.com\/clinic-reviews\/\"><img decoding=\"async\" class=\"aligncenter wp-image-346 size-full lazyload\" data-src=\"https:\/\/www.orthodontist-dubai.com\/wp-content\/uploads\/2014\/12\/banner-best2.jpg\" alt=\"Top dental clinic for dental filling in Dubai UAE\" width=\"795\" height=\"459\" src=\"data:image\/svg+xml;base64,PHN2ZyB3aWR0aD0iMSIgaGVpZ2h0PSIxIiB4bWxucz0iaHR0cDovL3d3dy53My5vcmcvMjAwMC9zdmciPjwvc3ZnPg==\" style=\"--smush-placeholder-width: 795px; --smush-placeholder-aspect-ratio: 795\/459;\"><\/a>--><br \/>\n<div id=\"metaslider-id-1219\" style=\"max-width: 700px; margin: 0 auto;\" class=\"ml-slider-3-109-0 metaslider metaslider-responsive metaslider-1219 ml-slider ms-theme-default\" role=\"region\" aria-label=\"Di\u015f Di\u015f dolgusu\" data-height=\"400\" data-width=\"700\">\n    <div id=\"metaslider_container_1219\">\n        <ul id='metaslider_1219' class='rslides'>\n            <li aria-roledescription='slide' aria-labelledby='slide-0'><a href=\"https:\/\/www.orthodontist-dubai.com\/tr\/bize-ulasin\/\" target=\"_self\"><img decoding=\"async\" data-src=\"https:\/\/www.orthodontist-dubai.com\/wp-content\/uploads\/2024\/01\/Inside-treatment-room-of-the-dental-clinic-in-Dubai-700x400.jpg\" height=\"400\" width=\"700\" alt=\"Dubai&#039;deki di\u015f klini\u011finin tedavi odas\u0131n\u0131n i\u00e7i\" class=\"slider-1219 slide-1224 msDefaultImage lazyload\" title=\"Dubai&#039;deki di\u015f klini\u011finin tedavi odas\u0131n\u0131n i\u00e7i\" src=\"data:image\/svg+xml;base64,PHN2ZyB3aWR0aD0iMSIgaGVpZ2h0PSIxIiB4bWxucz0iaHR0cDovL3d3dy53My5vcmcvMjAwMC9zdmciPjwvc3ZnPg==\" style=\"--smush-placeholder-width: 700px; --smush-placeholder-aspect-ratio: 700\/400;\" \/><\/a><\/li>\n            <li style='display: none;' aria-roledescription='slide' aria-labelledby='slide-1'><a href=\"https:\/\/www.orthodontist-dubai.com\/tr\/bize-ulasin\/\" target=\"_self\"><img decoding=\"async\" data-src=\"https:\/\/www.orthodontist-dubai.com\/wp-content\/uploads\/2023\/10\/tooth-filling-cost-dubai-pic2-700x400.jpg\" height=\"400\" width=\"700\" alt=\"Dubai resepsiyon odas\u0131nda di\u015f dolgusu di\u015f klini\u011fi\" class=\"slider-1219 slide-1222 msDefaultImage lazyload\" title=\"Dubai resepsiyon odas\u0131nda di\u015f dolgusu di\u015f klini\u011fi\" src=\"data:image\/svg+xml;base64,PHN2ZyB3aWR0aD0iMSIgaGVpZ2h0PSIxIiB4bWxucz0iaHR0cDovL3d3dy53My5vcmcvMjAwMC9zdmciPjwvc3ZnPg==\" style=\"--smush-placeholder-width: 700px; --smush-placeholder-aspect-ratio: 700\/400;\" \/><\/a><\/li>\n            <li style='display: none;' aria-roledescription='slide' aria-labelledby='slide-2'><a href=\"https:\/\/www.orthodontist-dubai.com\/tr\/bize-ulasin\/\" target=\"_self\"><img decoding=\"async\" data-src=\"https:\/\/www.orthodontist-dubai.com\/wp-content\/uploads\/2024\/01\/Patient-waiting-area-of-the-dental-clinic-in-Dubai-700x400.jpg\" height=\"400\" width=\"700\" alt=\"Dubai&#039;deki di\u015f klini\u011finin hasta bekleme alan\u0131\" class=\"slider-1219 slide-2236 msDefaultImage lazyload\" title=\"Dubai&#039;deki di\u015f klini\u011finin hasta bekleme alan\u0131\" src=\"data:image\/svg+xml;base64,PHN2ZyB3aWR0aD0iMSIgaGVpZ2h0PSIxIiB4bWxucz0iaHR0cDovL3d3dy53My5vcmcvMjAwMC9zdmciPjwvc3ZnPg==\" style=\"--smush-placeholder-width: 700px; --smush-placeholder-aspect-ratio: 700\/400;\" \/><\/a><\/li>\n            <li style='display: none;' aria-roledescription='slide' aria-labelledby='slide-3'><a href=\"https:\/\/www.orthodontist-dubai.com\/tr\/bize-ulasin\/\" target=\"_self\"><img decoding=\"async\" data-src=\"https:\/\/www.orthodontist-dubai.com\/wp-content\/uploads\/2023\/10\/tooth-filling-cost-dubai-pic3-700x400.jpg\" height=\"400\" width=\"700\" alt=\"Dubai BAE hasta bekleme alan\u0131nda di\u015f dolum klini\u011fi\" class=\"slider-1219 slide-1223 msDefaultImage lazyload\" title=\"Dubai BAE hasta bekleme alan\u0131nda di\u015f dolum klini\u011fi\" src=\"data:image\/svg+xml;base64,PHN2ZyB3aWR0aD0iMSIgaGVpZ2h0PSIxIiB4bWxucz0iaHR0cDovL3d3dy53My5vcmcvMjAwMC9zdmciPjwvc3ZnPg==\" style=\"--smush-placeholder-width: 700px; --smush-placeholder-aspect-ratio: 700\/400;\" \/><\/a><\/li>\n        <\/ul>\n        \n    <\/div>\n<\/div>\nDi\u015f dolgusu i\u015flemini daha basit bir \u015fekilde anlatmak gerekirse, di\u015f malzemesi \u00e7\u0131kart\u0131l\u0131r ve di\u015f hekiminiz bo\u015flu\u011fu temizledikten sonra se\u00e7ilen dolgu malzemesi ile doldurur. B\u00f6ylece bakterilerin i\u00e7eri girememesi nedeniyle daha fazla di\u015f \u00e7\u00fcr\u00fcmesi \u00f6nlenmi\u015f olur.<\/p>\n<h3>Dubai&#039;de di\u015f hekiminiz taraf\u0131ndan di\u015f dolgusu tedavisinin nas\u0131l yap\u0131ld\u0131\u011f\u0131n\u0131 ad\u0131m ad\u0131m anlat\u0131yoruz:<\/h3>\n<ol>\n<li>Di\u015f dolgusu i\u015flemi ba\u015flamadan \u00f6nce, di\u015f hekiminiz di\u015flerinizi te\u015fhis edip inceleyecek ve di\u015finizdeki mevcut \u00e7\u00fcr\u00fck seviyesini belirlemek i\u00e7in r\u00f6ntgen \u00e7ekebilecektir. Bu, gerekli tedavinin planlanmas\u0131na yard\u0131mc\u0131 olur.<\/li>\n<li>Tedavi s\u0131ras\u0131nda kendinizi rahat hissetmenizi sa\u011flamak ve ayr\u0131ca etkilenen di\u015f ve \u00e7evresi uyu\u015fturularak a\u011fr\u0131y\u0131 en aza indirmek i\u00e7in di\u015f hekiminiz taraf\u0131ndan lokal anestezi yap\u0131l\u0131r. Uygulanan lokal anestezi sayesinde ba\u015f d\u00f6nmesi veya uyku hali hissetmezsiniz. T\u00fcm tedavi boyunca herhangi bir a\u011fr\u0131 hissetmedi\u011finizden emin olmak i\u00e7in verilir.<\/li>\n<li>Di\u015f hekiminiz, dolgu i\u015flemi s\u0131ras\u0131nda di\u015finizi izole etmek (kuru ve t\u00fck\u00fcr\u00fckten uzak tutmak i\u00e7in) di\u015finizin \u00e7evresine bir lastik \u00f6rt\u00fc yerle\u015ftirecek ve b\u00f6ylece temiz bir \u00e7al\u0131\u015fma ortam\u0131 sa\u011flayacakt\u0131r.<\/li>\n<li>Di\u015finizin sa\u011fl\u0131kl\u0131 k\u0131sm\u0131 korunarak di\u015fin \u00e7\u00fcr\u00fck veya hasarl\u0131 k\u0131sm\u0131 di\u015f hekiminiz taraf\u0131ndan di\u015f matkab\u0131 veya lazer kullan\u0131larak dikkatlice \u00e7\u0131kar\u0131l\u0131r.<\/li>\n<li>Di\u015fin \u00e7\u00fcr\u00fck veya hasarl\u0131 k\u0131sm\u0131n\u0131 \u00e7\u0131kard\u0131ktan sonra di\u015f hekiminiz, bir sonraki ad\u0131ma haz\u0131rlamak i\u00e7in kullan\u0131lan dolgu malzemesine g\u00f6re bo\u015flu\u011fu \u015fekillendirmeye ba\u015flayacakt\u0131r. Pek \u00e7ok di\u015f dolgu malzemesi t\u00fcr\u00fc mevcuttur:\n<ul>\n<li><strong>Kompozit Re\u00e7ine:<\/strong> Di\u015f renginde bir malzemedir ve genellikle a\u011fz\u0131n g\u00f6r\u00fcnen b\u00f6lgelerindeki dolgularda kullan\u0131l\u0131r. Katmanlar halinde uygulan\u0131r ve sertle\u015fmesi i\u00e7in \u00f6zel bir \u0131\u015f\u0131k kullan\u0131l\u0131r. Bu olduk\u00e7a do\u011fal bir g\u00f6r\u00fcn\u00fcm sa\u011flar.<\/li>\n<li><strong>Amalgam:<\/strong> Bu, metal kar\u0131\u015f\u0131m\u0131ndan yap\u0131lm\u0131\u015f g\u00fcm\u00fc\u015f renkli bir malzemedir. Olduk\u00e7a sa\u011flamd\u0131r ancak do\u011fal bir g\u00f6r\u00fcn\u00fcm vermez. Do\u011fal g\u00f6r\u00fcnmemesi nedeniyle genellikle arka di\u015flerde kullan\u0131l\u0131r.<\/li>\n<li><strong>Porselen\/Seramik:<\/strong> Bunlar \u00e7ok do\u011fal g\u00f6r\u00fcn\u00fcyor ve estetik a\u00e7\u0131dan ho\u015f bir g\u00f6r\u00fcn\u00fcm sa\u011fl\u0131yor. Ayr\u0131ca \u00e7ok dayan\u0131kl\u0131d\u0131rlar. Bunlar di\u015f laboratuvarlar\u0131nda \u00f6zel olarak \u00fcretilmi\u015ftir.<\/li>\n<li><strong>Cam \u0130yonomer:<\/strong> Bu, minimum \u00e7i\u011fneme bas\u0131nc\u0131na sahip alanlarda kullan\u0131l\u0131r. Flor\u00fcr sald\u0131\u011f\u0131 i\u00e7in daha fazla di\u015f \u00e7\u00fcr\u00fcmesinin \u00f6nlenmesine yard\u0131mc\u0131 olur. Genellikle \u00e7ok k\u00fc\u00e7\u00fck alanlar\u0131n doldurulmas\u0131nda kullan\u0131l\u0131rlar.<\/li>\n<li><strong>Alt\u0131n:<\/strong> Bir zamanlar alt\u0131n dolgular \u00e7ok pop\u00fclerdi. Ancak son derece dayan\u0131kl\u0131 ve uzun s\u00fcre dayanmalar\u0131na ra\u011fmen do\u011fal bir g\u00f6r\u00fcn\u00fcm vermedikleri i\u00e7in g\u00fcn\u00fcm\u00fczde daha az tercih edilmektedirler.<\/li>\n<\/ul>\n<\/li>\n<li>Hastan\u0131n se\u00e7ti\u011fi dolgu malzemesi di\u015f hekiminiz taraf\u0131ndan haz\u0131rlanan kaviteye yerle\u015ftirilir.<\/li>\n<li>Dolgu malzemesi yerle\u015ftirildikten sonra di\u015f hekiminiz ihtiyaca g\u00f6re onu \u015fekillendirecek ve p\u00fcr\u00fczs\u00fcz oldu\u011fundan ve \u00e7evredeki di\u015flerle b\u00fct\u00fcnle\u015fip do\u011fal bir g\u00f6r\u00fcn\u00fcm kazand\u0131rd\u0131\u011f\u0131ndan emin olmak i\u00e7in cilalayacakt\u0131r.<\/li>\n<li>Di\u015f hekiminiz dolgunun do\u011fal kapan\u0131\u015f\u0131n\u0131za m\u00fcdahale edip etmedi\u011fini kontrol edecek ve rahat hissetmesini sa\u011flayacakt\u0131r.<\/li>\n<li>Lastik \u00f6rt\u00fc \u00e7\u0131kar\u0131ld\u0131ktan sonra di\u015f hekiminiz, dolgunun d\u00fczg\u00fcn oturup oturmad\u0131\u011f\u0131n\u0131 de\u011ferlendirmek i\u00e7in di\u015fi ve \u00e7evresini temizleyecektir.<\/li>\n<\/ol>\n<p>Dubai i\u015fleminde t\u00fcm di\u015f dolgusu bir saatten az s\u00fcrmektedir. Di\u015f dolgusu i\u015flemini yapt\u0131ktan sonra bir s\u00fcre hafif uyu\u015fukluklar ya\u015fayabilirsiniz. Ancak di\u015f dolgusu yapt\u0131rd\u0131ktan k\u0131sa bir s\u00fcre sonra normal g\u00fcnl\u00fck aktivitelerinize d\u00f6nebilirsiniz. \u0130\u015flem sonras\u0131 bak\u0131m konusunda di\u015f hekiminizin tavsiyelerine mutlaka uyun ve gerekirse takip kontrolleri yap\u0131n. Her zaman \u00f6nerildi\u011fi gibi, gelecekte di\u015flerle ilgili sorunlardan ka\u00e7\u0131nmak i\u00e7in iyi bir a\u011f\u0131z hijyeni sa\u011flamak da \u00f6nemlidir. <a href=\"https:\/\/www.orthodontist-dubai.com\/tr\/bize-ulasin\/\">Bize Ula\u015f\u0131n<\/a> Dubai&#039;deki Di\u015f Klini\u011fimizde di\u015f dolgunuz i\u00e7in \u00dcCRETS\u0130Z \u00fccretsiz dan\u0131\u015fmanl\u0131k i\u00e7in.<\/p>\n<p><img decoding=\"async\" class=\"aligncenter size-full wp-image-2169 lazyload\" data-src=\"https:\/\/www.orthodontist-dubai.com\/wp-content\/uploads\/2023\/11\/types-of-tooth-filling-in-Dubai-UAE.jpg\" alt=\"Dubai BAE&#039;de di\u015f di\u015f dolgusu t\u00fcrleri\" width=\"672\" height=\"300\" data-srcset=\"https:\/\/www.orthodontist-dubai.com\/wp-content\/uploads\/2023\/11\/types-of-tooth-filling-in-Dubai-UAE.jpg 672w, https:\/\/www.orthodontist-dubai.com\/wp-content\/uploads\/2023\/11\/types-of-tooth-filling-in-Dubai-UAE-300x134.jpg 300w, https:\/\/www.orthodontist-dubai.com\/wp-content\/uploads\/2023\/11\/types-of-tooth-filling-in-Dubai-UAE-18x8.jpg 18w\" data-sizes=\"(max-width: 672px) 100vw, 672px\" src=\"data:image\/svg+xml;base64,PHN2ZyB3aWR0aD0iMSIgaGVpZ2h0PSIxIiB4bWxucz0iaHR0cDovL3d3dy53My5vcmcvMjAwMC9zdmciPjwvc3ZnPg==\" style=\"--smush-placeholder-width: 672px; --smush-placeholder-aspect-ratio: 672\/300;\" \/><\/p>\n<p><img decoding=\"async\" class=\"aligncenter size-full wp-image-176 lazyload\" data-src=\"https:\/\/www.orthodontist-dubai.com\/wp-content\/uploads\/2015\/04\/dental-filling-dubai-UAE.jpg\" alt=\"Dubai&#039;de di\u015f dolgusu maliyeti\" width=\"350\" height=\"366\" data-srcset=\"https:\/\/www.orthodontist-dubai.com\/wp-content\/uploads\/2015\/04\/dental-filling-dubai-UAE.jpg 350w, https:\/\/www.orthodontist-dubai.com\/wp-content\/uploads\/2015\/04\/dental-filling-dubai-UAE-287x300.jpg 287w\" data-sizes=\"(max-width: 350px) 100vw, 350px\" src=\"data:image\/svg+xml;base64,PHN2ZyB3aWR0aD0iMSIgaGVpZ2h0PSIxIiB4bWxucz0iaHR0cDovL3d3dy53My5vcmcvMjAwMC9zdmciPjwvc3ZnPg==\" style=\"--smush-placeholder-width: 350px; --smush-placeholder-aspect-ratio: 350\/366;\" \/><br \/>\n<img decoding=\"async\" class=\"aligncenter wp-image-1229 size-full lazyload\" data-src=\"https:\/\/www.orthodontist-dubai.com\/wp-content\/uploads\/2022\/04\/Dental-fillings-cost-Dubai.jpg\" alt=\"Dubai&#039;de di\u015f dolgusu maliyeti\" width=\"1000\" height=\"297\" data-srcset=\"https:\/\/www.orthodontist-dubai.com\/wp-content\/uploads\/2022\/04\/Dental-fillings-cost-Dubai.jpg 1000w, https:\/\/www.orthodontist-dubai.com\/wp-content\/uploads\/2022\/04\/Dental-fillings-cost-Dubai-300x89.jpg 300w, https:\/\/www.orthodontist-dubai.com\/wp-content\/uploads\/2022\/04\/Dental-fillings-cost-Dubai-768x228.jpg 768w\" data-sizes=\"(max-width: 1000px) 100vw, 1000px\" src=\"data:image\/svg+xml;base64,PHN2ZyB3aWR0aD0iMSIgaGVpZ2h0PSIxIiB4bWxucz0iaHR0cDovL3d3dy53My5vcmcvMjAwMC9zdmciPjwvc3ZnPg==\" style=\"--smush-placeholder-width: 1000px; --smush-placeholder-aspect-ratio: 1000\/297;\" \/><br \/>\n<b>Dubai BAE&#039;de En Yayg\u0131n Tercih Edilen Di\u015f Dolgusu \u00c7e\u015fitleri \u015funlard\u0131r:<\/b><\/p>\n<ul>\n<li><b>Alt\u0131n dolgular<\/b><\/li>\n<li><b>Amalgam (g\u00fcm\u00fc\u015f) dolgular<\/b><\/li>\n<li><b>Kompozit (plastik) re\u00e7ineler<\/b> (\u00c7ok do\u011fal g\u00f6r\u00fcnmesi i\u00e7in orijinal di\u015finizin rengiyle ayn\u0131 olacak \u015fekilde yap\u0131labilir)<\/li>\n<li><b>Porselen dolgular.<\/b><\/li>\n<\/ul>","protected":false},"excerpt":{"rendered":"<p>A dental filling is done by your dentist to restore tooth damaged by decay to its normal function and shape. Tooth filling cost in Dubai starts at 400 AED per tooth. To explain the tooth filling procedure in a simpler way, the tooth material is removed and your dentist cleans the cavity and then fills [&hellip;]<\/p>\n","protected":false},"author":1,"featured_media":0,"parent":0,"menu_order":0,"comment_status":"closed","ping_status":"closed","template":"","meta":{"site-sidebar-layout":"default","site-content-layout":"","ast-site-content-layout":"default","site-content-style":"default","site-sidebar-style":"default","ast-global-header-display":"","ast-banner-title-visibility":"","ast-main-header-display":"","ast-hfb-above-header-display":"","ast-hfb-below-header-display":"","ast-hfb-mobile-header-display":"","site-post-title":"","ast-breadcrumbs-content":"","ast-featured-img":"","footer-sml-layout":"","ast-disable-related-posts":"","theme-transparent-header-meta":"","adv-header-id-meta":"","stick-header-meta":"","header-above-stick-meta":"","header-main-stick-meta":"","header-below-stick-meta":"","astra-migrate-meta-layouts":"set","ast-page-background-enabled":"default","ast-page-background-meta":{"desktop":{"background-color":"var(--ast-global-color-4)","background-image":"","background-repeat":"repeat","background-position":"center center","background-size":"auto","background-attachment":"scroll","background-type":"","background-media":"","overlay-type":"","overlay-color":"","overlay-opacity":"","overlay-gradient":""},"tablet":{"background-color":"","background-image":"","background-repeat":"repeat","background-position":"center center","background-size":"auto","background-attachment":"scroll","background-type":"","background-media":"","overlay-type":"","overlay-color":"","overlay-opacity":"","overlay-gradient":""},"mobile":{"background-color":"","background-image":"","background-repeat":"repeat","background-position":"center center","background-size":"auto","background-attachment":"scroll","background-type":"","background-media":"","overlay-type":"","overlay-color":"","overlay-opacity":"","overlay-gradient":""}},"ast-content-background-meta":{"desktop":{"background-color":"var(--ast-global-color-5)","background-image":"","background-repeat":"repeat","background-position":"center center","background-size":"auto","background-attachment":"scroll","background-type":"","background-media":"","overlay-type":"","overlay-color":"","overlay-opacity":"","overlay-gradient":""},"tablet":{"background-color":"var(--ast-global-color-5)","background-image":"","background-repeat":"repeat","background-position":"center center","background-size":"auto","background-attachment":"scroll","background-type":"","background-media":"","overlay-type":"","overlay-color":"","overlay-opacity":"","overlay-gradient":""},"mobile":{"background-color":"var(--ast-global-color-5)","background-image":"","background-repeat":"repeat","background-position":"center center","background-size":"auto","background-attachment":"scroll","background-type":"","background-media":"","overlay-type":"","overlay-color":"","overlay-opacity":"","overlay-gradient":""}},"footnotes":""},"class_list":["post-154","page","type-page","status-publish","hentry"],"yoast_head":"<!-- This site is optimized with the Yoast SEO plugin v27.6 - https:\/\/yoast.com\/product\/yoast-seo-wordpress\/ -->\n<title>TOOTH FILLING COST IN DUBAI | TOOTH FILLING IN DUBAI<\/title>\n<meta name=\"robots\" content=\"index, follow, max-snippet:-1, max-image-preview:large, max-video-preview:-1\" \/>\n<link rel=\"canonical\" href=\"https:\/\/www.orthodontist-dubai.com\/tr\/dis-dolgusu\/\" \/>\n<meta property=\"og:locale\" content=\"tr_TR\" \/>\n<meta property=\"og:type\" content=\"article\" \/>\n<meta property=\"og:title\" content=\"TOOTH FILLING COST IN DUBAI | TOOTH FILLING IN DUBAI\" \/>\n<meta property=\"og:description\" content=\"A dental filling is done by your dentist to restore tooth damaged by decay to its normal function and shape. Tooth filling cost in Dubai starts at 400 AED per tooth. To explain the tooth filling procedure in a simpler way, the tooth material is removed and your dentist cleans the cavity and then fills [&hellip;]\" \/>\n<meta property=\"og:url\" content=\"https:\/\/www.orthodontist-dubai.com\/tr\/dis-dolgusu\/\" \/>\n<meta property=\"og:site_name\" content=\"BEST Orthodontist &amp; Dentist in Dubai UAE for all Dental Treatments\" \/>\n<meta property=\"article:publisher\" content=\"https:\/\/www.facebook.com\/Orthodontist.Dentist.Dubai\/\" \/>\n<meta property=\"article:modified_time\" content=\"2024-10-19T09:02:34+00:00\" \/>\n<meta property=\"og:image\" content=\"https:\/\/www.orthodontist-dubai.com\/wp-content\/uploads\/2014\/12\/banner-best2.jpg\" \/>\n<meta name=\"twitter:card\" content=\"summary_large_image\" \/>\n<meta name=\"twitter:label1\" content=\"Tahmini okuma s\u00fcresi\" \/>\n\t<meta name=\"twitter:data1\" content=\"4 dakika\" \/>\n<script type=\"application\/ld+json\" class=\"yoast-schema-graph\">{\"@context\":\"https:\\\/\\\/schema.org\",\"@graph\":[{\"@type\":\"WebPage\",\"@id\":\"https:\\\/\\\/www.orthodontist-dubai.com\\\/dental-filling\\\/\",\"url\":\"https:\\\/\\\/www.orthodontist-dubai.com\\\/dental-filling\\\/\",\"name\":\"TOOTH FILLING COST IN DUBAI | TOOTH FILLING IN DUBAI\",\"isPartOf\":{\"@id\":\"https:\\\/\\\/www.orthodontist-dubai.com\\\/#website\"},\"primaryImageOfPage\":{\"@id\":\"https:\\\/\\\/www.orthodontist-dubai.com\\\/dental-filling\\\/#primaryimage\"},\"image\":{\"@id\":\"https:\\\/\\\/www.orthodontist-dubai.com\\\/dental-filling\\\/#primaryimage\"},\"thumbnailUrl\":\"https:\\\/\\\/www.orthodontist-dubai.com\\\/wp-content\\\/uploads\\\/2014\\\/12\\\/banner-best2.jpg\",\"datePublished\":\"2015-04-15T06:53:45+00:00\",\"dateModified\":\"2024-10-19T09:02:34+00:00\",\"breadcrumb\":{\"@id\":\"https:\\\/\\\/www.orthodontist-dubai.com\\\/dental-filling\\\/#breadcrumb\"},\"inLanguage\":\"tr\",\"potentialAction\":[{\"@type\":\"ReadAction\",\"target\":[\"https:\\\/\\\/www.orthodontist-dubai.com\\\/dental-filling\\\/\"]}]},{\"@type\":\"ImageObject\",\"inLanguage\":\"tr\",\"@id\":\"https:\\\/\\\/www.orthodontist-dubai.com\\\/dental-filling\\\/#primaryimage\",\"url\":\"https:\\\/\\\/www.orthodontist-dubai.com\\\/wp-content\\\/uploads\\\/2014\\\/12\\\/banner-best2.jpg\",\"contentUrl\":\"https:\\\/\\\/www.orthodontist-dubai.com\\\/wp-content\\\/uploads\\\/2014\\\/12\\\/banner-best2.jpg\"},{\"@type\":\"BreadcrumbList\",\"@id\":\"https:\\\/\\\/www.orthodontist-dubai.com\\\/dental-filling\\\/#breadcrumb\",\"itemListElement\":[{\"@type\":\"ListItem\",\"position\":1,\"name\":\"\u2776 Home\",\"item\":\"https:\\\/\\\/www.orthodontist-dubai.com\\\/\"},{\"@type\":\"ListItem\",\"position\":2,\"name\":\"Tooth filling cost in Dubai &amp; Tooth filling procedure\"}]},{\"@type\":\"WebSite\",\"@id\":\"https:\\\/\\\/www.orthodontist-dubai.com\\\/#website\",\"url\":\"https:\\\/\\\/www.orthodontist-dubai.com\\\/\",\"name\":\"BEST Orthodontist &amp; Dentist in Dubai UAE for all Dental Treatments\",\"description\":\"Cheap &amp; Best Orthodontist &amp; Dentists for all dental treatments in Dubai UAE\",\"publisher\":{\"@id\":\"https:\\\/\\\/www.orthodontist-dubai.com\\\/#organization\"},\"potentialAction\":[{\"@type\":\"SearchAction\",\"target\":{\"@type\":\"EntryPoint\",\"urlTemplate\":\"https:\\\/\\\/www.orthodontist-dubai.com\\\/?s={search_term_string}\"},\"query-input\":{\"@type\":\"PropertyValueSpecification\",\"valueRequired\":true,\"valueName\":\"search_term_string\"}}],\"inLanguage\":\"tr\"},{\"@type\":\"Organization\",\"@id\":\"https:\\\/\\\/www.orthodontist-dubai.com\\\/#organization\",\"name\":\"Best Orthodontist & Dentist in Dubai UAE\",\"url\":\"https:\\\/\\\/www.orthodontist-dubai.com\\\/\",\"logo\":{\"@type\":\"ImageObject\",\"inLanguage\":\"tr\",\"@id\":\"https:\\\/\\\/www.orthodontist-dubai.com\\\/#\\\/schema\\\/logo\\\/image\\\/\",\"url\":\"https:\\\/\\\/www.orthodontist-dubai.com\\\/wp-content\\\/uploads\\\/2015\\\/04\\\/Othorontist-Dentist-UAE-Logo.png\",\"contentUrl\":\"https:\\\/\\\/www.orthodontist-dubai.com\\\/wp-content\\\/uploads\\\/2015\\\/04\\\/Othorontist-Dentist-UAE-Logo.png\",\"width\":190,\"height\":70,\"caption\":\"Best Orthodontist & Dentist in Dubai UAE\"},\"image\":{\"@id\":\"https:\\\/\\\/www.orthodontist-dubai.com\\\/#\\\/schema\\\/logo\\\/image\\\/\"},\"sameAs\":[\"https:\\\/\\\/www.facebook.com\\\/Orthodontist.Dentist.Dubai\\\/\",\"https:\\\/\\\/www.linkedin.com\\\/in\\\/dr-nazeer-ahmed-meeran-15691083\\\/\"]}]}<\/script>\n<!-- \/ Yoast SEO plugin. -->","yoast_head_json":{"title":"DUBAI&#039;DE D\u0130\u015e DOLGUSU MAL\u0130YET\u0130 | DUBAI&#039;DE D\u0130\u015e DOLGUSU","robots":{"index":"index","follow":"follow","max-snippet":"max-snippet:-1","max-image-preview":"max-image-preview:large","max-video-preview":"max-video-preview:-1"},"canonical":"https:\/\/www.orthodontist-dubai.com\/tr\/dis-dolgusu\/","og_locale":"tr_TR","og_type":"article","og_title":"TOOTH FILLING COST IN DUBAI | TOOTH FILLING IN DUBAI","og_description":"A dental filling is done by your dentist to restore tooth damaged by decay to its normal function and shape. Tooth filling cost in Dubai starts at 400 AED per tooth. To explain the tooth filling procedure in a simpler way, the tooth material is removed and your dentist cleans the cavity and then fills [&hellip;]","og_url":"https:\/\/www.orthodontist-dubai.com\/tr\/dis-dolgusu\/","og_site_name":"BEST Orthodontist &amp; Dentist in Dubai UAE for all Dental Treatments","article_publisher":"https:\/\/www.facebook.com\/Orthodontist.Dentist.Dubai\/","article_modified_time":"2024-10-19T09:02:34+00:00","og_image":[{"url":"https:\/\/www.orthodontist-dubai.com\/wp-content\/uploads\/2014\/12\/banner-best2.jpg","type":"","width":"","height":""}],"twitter_card":"summary_large_image","twitter_misc":{"Tahmini okuma s\u00fcresi":"4 dakika"},"schema":{"@context":"https:\/\/schema.org","@graph":[{"@type":"WebPage","@id":"https:\/\/www.orthodontist-dubai.com\/dental-filling\/","url":"https:\/\/www.orthodontist-dubai.com\/dental-filling\/","name":"DUBAI&#039;DE D\u0130\u015e DOLGUSU MAL\u0130YET\u0130 | DUBAI&#039;DE D\u0130\u015e DOLGUSU","isPartOf":{"@id":"https:\/\/www.orthodontist-dubai.com\/#website"},"primaryImageOfPage":{"@id":"https:\/\/www.orthodontist-dubai.com\/dental-filling\/#primaryimage"},"image":{"@id":"https:\/\/www.orthodontist-dubai.com\/dental-filling\/#primaryimage"},"thumbnailUrl":"https:\/\/www.orthodontist-dubai.com\/wp-content\/uploads\/2014\/12\/banner-best2.jpg","datePublished":"2015-04-15T06:53:45+00:00","dateModified":"2024-10-19T09:02:34+00:00","breadcrumb":{"@id":"https:\/\/www.orthodontist-dubai.com\/dental-filling\/#breadcrumb"},"inLanguage":"tr","potentialAction":[{"@type":"ReadAction","target":["https:\/\/www.orthodontist-dubai.com\/dental-filling\/"]}]},{"@type":"ImageObject","inLanguage":"tr","@id":"https:\/\/www.orthodontist-dubai.com\/dental-filling\/#primaryimage","url":"https:\/\/www.orthodontist-dubai.com\/wp-content\/uploads\/2014\/12\/banner-best2.jpg","contentUrl":"https:\/\/www.orthodontist-dubai.com\/wp-content\/uploads\/2014\/12\/banner-best2.jpg"},{"@type":"BreadcrumbList","@id":"https:\/\/www.orthodontist-dubai.com\/dental-filling\/#breadcrumb","itemListElement":[{"@type":"ListItem","position":1,"name":"\u2776 Home","item":"https:\/\/www.orthodontist-dubai.com\/"},{"@type":"ListItem","position":2,"name":"Tooth filling cost in Dubai &amp; Tooth filling procedure"}]},{"@type":"WebSite","@id":"https:\/\/www.orthodontist-dubai.com\/#website","url":"https:\/\/www.orthodontist-dubai.com\/","name":"T\u00fcm Di\u015f Tedavileri i\u00e7in Dubai BAE&#039;deki EN \u0130Y\u0130 Ortodontist ve Di\u015f Hekimi","description":"Dubai BAE&#039;deki t\u00fcm di\u015f tedavileri i\u00e7in Ucuz ve En \u0130yi Ortodontist ve Di\u015f Hekimleri","publisher":{"@id":"https:\/\/www.orthodontist-dubai.com\/#organization"},"potentialAction":[{"@type":"SearchAction","target":{"@type":"EntryPoint","urlTemplate":"https:\/\/www.orthodontist-dubai.com\/?s={search_term_string}"},"query-input":{"@type":"PropertyValueSpecification","valueRequired":true,"valueName":"search_term_string"}}],"inLanguage":"tr"},{"@type":"Organization","@id":"https:\/\/www.orthodontist-dubai.com\/#organization","name":"Dubai BAE&#039;nin En \u0130yi Ortodontisti ve Di\u015f Hekimi","url":"https:\/\/www.orthodontist-dubai.com\/","logo":{"@type":"ImageObject","inLanguage":"tr","@id":"https:\/\/www.orthodontist-dubai.com\/#\/schema\/logo\/image\/","url":"https:\/\/www.orthodontist-dubai.com\/wp-content\/uploads\/2015\/04\/Othorontist-Dentist-UAE-Logo.png","contentUrl":"https:\/\/www.orthodontist-dubai.com\/wp-content\/uploads\/2015\/04\/Othorontist-Dentist-UAE-Logo.png","width":190,"height":70,"caption":"Best Orthodontist & Dentist in Dubai UAE"},"image":{"@id":"https:\/\/www.orthodontist-dubai.com\/#\/schema\/logo\/image\/"},"sameAs":["https:\/\/www.facebook.com\/Orthodontist.Dentist.Dubai\/","https:\/\/www.linkedin.com\/in\/dr-nazeer-ahmed-meeran-15691083\/"]}]}},"_links":{"self":[{"href":"https:\/\/www.orthodontist-dubai.com\/tr\/wp-json\/wp\/v2\/pages\/154","targetHints":{"allow":["GET"]}}],"collection":[{"href":"https:\/\/www.orthodontist-dubai.com\/tr\/wp-json\/wp\/v2\/pages"}],"about":[{"href":"https:\/\/www.orthodontist-dubai.com\/tr\/wp-json\/wp\/v2\/types\/page"}],"author":[{"embeddable":true,"href":"https:\/\/www.orthodontist-dubai.com\/tr\/wp-json\/wp\/v2\/users\/1"}],"replies":[{"embeddable":true,"href":"https:\/\/www.orthodontist-dubai.com\/tr\/wp-json\/wp\/v2\/comments?post=154"}],"version-history":[{"count":36,"href":"https:\/\/www.orthodontist-dubai.com\/tr\/wp-json\/wp\/v2\/pages\/154\/revisions"}],"predecessor-version":[{"id":2291,"href":"https:\/\/www.orthodontist-dubai.com\/tr\/wp-json\/wp\/v2\/pages\/154\/revisions\/2291"}],"wp:attachment":[{"href":"https:\/\/www.orthodontist-dubai.com\/tr\/wp-json\/wp\/v2\/media?parent=154"}],"curies":[{"name":"wp","href":"https:\/\/api.w.org\/{rel}","templated":true}]}}