{"id":526,"date":"2018-08-07T13:47:37","date_gmt":"2018-08-07T09:47:37","guid":{"rendered":"https:\/\/www.orthodontist-dubai.com\/?page_id=526"},"modified":"2023-02-08T13:24:01","modified_gmt":"2023-02-08T09:24:01","slug":"about-our-authors-contributors","status":"publish","type":"page","link":"https:\/\/www.orthodontist-dubai.com\/sv\/om-vara-forfattare-bidragsgivare\/","title":{"rendered":"L\u00e4s om v\u00e5ra f\u00f6rfattare och bidragsgivare"},"content":{"rendered":"<p>Vi tillhandah\u00e5ller autentisk k\u00e4lla till dental information och detaljer om alla typer av tandbehandlingar fr\u00e5n v\u00e4lk\u00e4nda toppbidragsgivare inom dentalindustrin i Dubai, F\u00f6renade Arabemiraten som doktor Nazeer Ahmed Meeran som har gjort sitt v\u00e4rdefulla <a href=\"https:\/\/www.researchgate.net\/project\/https-wwworthodontist-dubaicom\" target=\"_blank\" rel=\"nofollow\">forskning<\/a> projekt och bidrog till tandv\u00e5rdens tillv\u00e4xt. <a href=\"https:\/\/plus.google.com\/+DrNazeerAhmedMeeran\" target=\"_blank\">Dr Nazeer Ahmed Meeran<\/a>s detaljerade bidrag borde definitivt gynna v\u00e5ra l\u00e4sare som kommer och letar efter sina tandv\u00e5rdsbehov och letar efter behandlingsalternativ fr\u00e5n en mycket v\u00e4lrenommerad och p\u00e5litlig expert inom dentalbranschen.<\/p>\n<p><img decoding=\"async\" class=\"aligncenter size-full wp-image-591 lazyload\" data-src=\"https:\/\/www.orthodontist-dubai.com\/wp-content\/uploads\/2018\/11\/Address-Contact-Details.jpg\" alt=\"Adress och kontaktuppgifter\" width=\"659\" height=\"310\" data-srcset=\"https:\/\/www.orthodontist-dubai.com\/wp-content\/uploads\/2018\/11\/Address-Contact-Details.jpg 659w, https:\/\/www.orthodontist-dubai.com\/wp-content\/uploads\/2018\/11\/Address-Contact-Details-300x141.jpg 300w\" data-sizes=\"(max-width: 659px) 100vw, 659px\" src=\"data:image\/svg+xml;base64,PHN2ZyB3aWR0aD0iMSIgaGVpZ2h0PSIxIiB4bWxucz0iaHR0cDovL3d3dy53My5vcmcvMjAwMC9zdmciPjwvc3ZnPg==\" style=\"--smush-placeholder-width: 659px; --smush-placeholder-aspect-ratio: 659\/310;\" \/><\/p>\n<p><img decoding=\"async\" class=\"aligncenter size-full wp-image-1433 lazyload\" data-src=\"https:\/\/www.orthodontist-dubai.com\/wp-content\/uploads\/2022\/10\/Dr.-Abhishek-Parashar.jpg\" alt=\"Dr Abhishek Parashar\" width=\"794\" height=\"643\" data-srcset=\"https:\/\/www.orthodontist-dubai.com\/wp-content\/uploads\/2022\/10\/Dr.-Abhishek-Parashar.jpg 794w, https:\/\/www.orthodontist-dubai.com\/wp-content\/uploads\/2022\/10\/Dr.-Abhishek-Parashar-300x243.jpg 300w, https:\/\/www.orthodontist-dubai.com\/wp-content\/uploads\/2022\/10\/Dr.-Abhishek-Parashar-768x622.jpg 768w, https:\/\/www.orthodontist-dubai.com\/wp-content\/uploads\/2022\/10\/Dr.-Abhishek-Parashar-15x12.jpg 15w\" data-sizes=\"(max-width: 794px) 100vw, 794px\" src=\"data:image\/svg+xml;base64,PHN2ZyB3aWR0aD0iMSIgaGVpZ2h0PSIxIiB4bWxucz0iaHR0cDovL3d3dy53My5vcmcvMjAwMC9zdmciPjwvc3ZnPg==\" style=\"--smush-placeholder-width: 794px; --smush-placeholder-aspect-ratio: 794\/643;\" \/><\/p>\n<p><b>Dr. Nazeer Ahmed Meeran<\/b> har arbetat i Dubai och Indien i mer \u00e4n 12 \u00e5r. Han \u00e4r erk\u00e4nd \u00f6ver hela F\u00f6renade Arabemiraten som den b\u00e4sta ortodontist i Dubai med m\u00e5nga prestigefyllda utm\u00e4rkelser och erk\u00e4nnande f\u00f6r sitt b\u00e4sta i klassen och mycket prisv\u00e4rda behandlingar. Han \u00e4r en v\u00e4lk\u00e4nd och rekommenderad ortodontist som praktiserar vid Dr. Joy Dental Chain of Clinics i Dubai. Han har klinisk expertis inom ortodontisk behandling med Invisalign, metall- och keramiska h\u00e4ngslen, Clear Aligners, Lingual h\u00e4ngslen &amp; Self Ligation-system inklusive Damon System, Smart clip &amp; Tenbrook-apparat och behandling av komplicerad tandborttagning med ortodontiska miniimplantat. Han har certifiering f\u00f6r anpassade Lingual Braces System (USA). Hans intresseomr\u00e5de inkluderar \u00e4ven icke-extraktionsbehandlingsmekanik med expansionsapparater inklusive slow och Rapid Palatal Expander (RME). Han har \u00e4ven l\u00e5ng klinisk erfarenhet av kirurgisk ortodonti f\u00f6r vuxna och funktionell apparatterapi f\u00f6r k\u00e4kkorrigering och behandling av skelettmalocklusion f\u00f6r v\u00e4xande barn. Han \u00e4r v\u00e5r f\u00f6rfattare och har bidragit till v\u00e4l unders\u00f6kta tandv\u00e5rdsartiklar och rekommendationer f\u00f6r <a href=\"https:\/\/www.Orthodontist-Dubai.com\" target=\"_blank\">https:\/\/www.Orthodontist-Dubai.com<\/a><\/p>\n<p><img decoding=\"async\" class=\"aligncenter wp-image-213 size-medium lazyload\" data-src=\"https:\/\/www.orthodontist-dubai.com\/wp-content\/uploads\/2015\/05\/Dr.-Nazeer-Ahmed-Meeran-200x300.jpg\" alt=\"Dr. Nazeer Ahmed Meeran\" width=\"200\" height=\"300\" data-srcset=\"https:\/\/www.orthodontist-dubai.com\/wp-content\/uploads\/2015\/05\/Dr.-Nazeer-Ahmed-Meeran-200x300.jpg 200w, https:\/\/www.orthodontist-dubai.com\/wp-content\/uploads\/2015\/05\/Dr.-Nazeer-Ahmed-Meeran.jpg 640w\" data-sizes=\"(max-width: 200px) 100vw, 200px\" src=\"data:image\/svg+xml;base64,PHN2ZyB3aWR0aD0iMSIgaGVpZ2h0PSIxIiB4bWxucz0iaHR0cDovL3d3dy53My5vcmcvMjAwMC9zdmciPjwvc3ZnPg==\" style=\"--smush-placeholder-width: 200px; --smush-placeholder-aspect-ratio: 200\/300;\" \/><\/p>\n<p>L\u00e4s recensioner fr\u00e5n olika <a href=\"https:\/\/www.orthodontist-dubai.com\/sv\/klinik-recensioner\/\">verifierade k\u00e4llor<\/a> innan du v\u00e4ljer den billiga och b\u00e4sta tandkliniken i Dubai, UAE. Vi \u00e4r din b\u00e4sta verifierade k\u00e4lla f\u00f6r prisv\u00e4rda Ortodontist &amp; Dentist i Dubai, UAE. Hitta detaljer om alla behandlingar som - Metall, Keramik, lingual, invisalign osynliga h\u00e4ngslen och annat <a href=\"https:\/\/www.orthodontist-dubai.com\/sv\/dental\/\">tandbehandlingar<\/a>. Hans verk har publicerats i <a href=\"https:\/\/www.jco-online.com\/archive\/2012\/04\/235-overview-self-ligating-brackets-an-update\/\" target=\"_blank\" rel=\"nofollow\">Journal of clinical Ortodontics<\/a> och <a href=\"https:\/\/www.ncbi.nlm.nih.gov\/pmc\/articles\/PMC4072383\/\" target=\"_blank\" rel=\"nofollow\">Nationellt centrum f\u00f6r bioteknikinformation<\/a>. Hitta den billiga och b\u00e4sta tandl\u00e4karen n\u00e4ra dig i Dubai f\u00f6r vuxna och barns tandv\u00e5rdsbehov inklusive ortodonti, smile makeover, tandimplantat, tandblekning, rotbehandling, tandutdragning, pediatrisk, Inkognito, Damon, Lingual, Keramiska h\u00e4ngslen, hollywood smile only fr\u00e5n en verifierad k\u00e4lla. Boka ett gratis helt GRATIS m\u00f6te fr\u00e5n en v\u00e4lrenommerad tandl\u00e4kare fr\u00e5n en av de b\u00e4sta tandl\u00e4karklinikerna i Dubai, UAE med detta <a href=\"https:\/\/www.orthodontist-dubai.com\/sv\/patient-registrering\/\">patientregistreringsformul\u00e4r<\/a>.<\/p>\n<hr \/>","protected":false},"excerpt":{"rendered":"<p>We provide authentic source of dental information and details about all kinds of dental treatments from well recognized top contributors in Dental industry in Dubai, UAE like Doctor Nazeer Ahmed Meeran who has done his valuable research projects and contributed to the growth of dentistry. Dr.Nazeer Ahmed Meeran&#8216;s detailed contribution should definitely benefit our readers [&hellip;]<\/p>\n","protected":false},"author":1,"featured_media":0,"parent":0,"menu_order":0,"comment_status":"closed","ping_status":"closed","template":"","meta":{"site-sidebar-layout":"default","site-content-layout":"","ast-site-content-layout":"default","site-content-style":"default","site-sidebar-style":"default","ast-global-header-display":"","ast-banner-title-visibility":"","ast-main-header-display":"","ast-hfb-above-header-display":"","ast-hfb-below-header-display":"","ast-hfb-mobile-header-display":"","site-post-title":"","ast-breadcrumbs-content":"","ast-featured-img":"","footer-sml-layout":"","ast-disable-related-posts":"","theme-transparent-header-meta":"","adv-header-id-meta":"","stick-header-meta":"","header-above-stick-meta":"","header-main-stick-meta":"","header-below-stick-meta":"","astra-migrate-meta-layouts":"default","ast-page-background-enabled":"default","ast-page-background-meta":{"desktop":{"background-color":"var(--ast-global-color-4)","background-image":"","background-repeat":"repeat","background-position":"center center","background-size":"auto","background-attachment":"scroll","background-type":"","background-media":"","overlay-type":"","overlay-color":"","overlay-opacity":"","overlay-gradient":""},"tablet":{"background-color":"","background-image":"","background-repeat":"repeat","background-position":"center center","background-size":"auto","background-attachment":"scroll","background-type":"","background-media":"","overlay-type":"","overlay-color":"","overlay-opacity":"","overlay-gradient":""},"mobile":{"background-color":"","background-image":"","background-repeat":"repeat","background-position":"center center","background-size":"auto","background-attachment":"scroll","background-type":"","background-media":"","overlay-type":"","overlay-color":"","overlay-opacity":"","overlay-gradient":""}},"ast-content-background-meta":{"desktop":{"background-color":"var(--ast-global-color-5)","background-image":"","background-repeat":"repeat","background-position":"center center","background-size":"auto","background-attachment":"scroll","background-type":"","background-media":"","overlay-type":"","overlay-color":"","overlay-opacity":"","overlay-gradient":""},"tablet":{"background-color":"var(--ast-global-color-5)","background-image":"","background-repeat":"repeat","background-position":"center center","background-size":"auto","background-attachment":"scroll","background-type":"","background-media":"","overlay-type":"","overlay-color":"","overlay-opacity":"","overlay-gradient":""},"mobile":{"background-color":"var(--ast-global-color-5)","background-image":"","background-repeat":"repeat","background-position":"center center","background-size":"auto","background-attachment":"scroll","background-type":"","background-media":"","overlay-type":"","overlay-color":"","overlay-opacity":"","overlay-gradient":""}},"footnotes":""},"class_list":["post-526","page","type-page","status-publish","hentry"],"yoast_head":"<!-- This site is optimized with the Yoast SEO plugin v27.5 - https:\/\/yoast.com\/product\/yoast-seo-wordpress\/ -->\n<title>Read About Our Authors &amp; Contributors<\/title>\n<meta name=\"robots\" content=\"index, follow, max-snippet:-1, max-image-preview:large, max-video-preview:-1\" \/>\n<link rel=\"canonical\" href=\"https:\/\/www.orthodontist-dubai.com\/sv\/om-vara-forfattare-bidragsgivare\/\" \/>\n<meta property=\"og:locale\" content=\"sv_SE\" \/>\n<meta property=\"og:type\" content=\"article\" \/>\n<meta property=\"og:title\" content=\"Read About Our Authors &amp; Contributors\" \/>\n<meta property=\"og:description\" content=\"We provide authentic source of dental information and details about all kinds of dental treatments from well recognized top contributors in Dental industry in Dubai, UAE like Doctor Nazeer Ahmed Meeran who has done his valuable research projects and contributed to the growth of dentistry. Dr.Nazeer Ahmed Meeran&#8216;s detailed contribution should definitely benefit our readers [&hellip;]\" \/>\n<meta property=\"og:url\" content=\"https:\/\/www.orthodontist-dubai.com\/sv\/om-vara-forfattare-bidragsgivare\/\" \/>\n<meta property=\"og:site_name\" content=\"BEST Orthodontist &amp; Dentist in Dubai UAE for all Dental Treatments\" \/>\n<meta property=\"article:publisher\" content=\"https:\/\/www.facebook.com\/Orthodontist.Dentist.Dubai\/\" \/>\n<meta property=\"article:modified_time\" content=\"2023-02-08T09:24:01+00:00\" \/>\n<meta property=\"og:image\" content=\"https:\/\/www.orthodontist-dubai.com\/wp-content\/uploads\/2018\/11\/Address-Contact-Details.jpg\" \/>\n<meta name=\"twitter:card\" content=\"summary_large_image\" \/>\n<meta name=\"twitter:label1\" content=\"Ber\u00e4knad l\u00e4stid\" \/>\n\t<meta name=\"twitter:data1\" content=\"3 minuter\" \/>\n<script type=\"application\/ld+json\" class=\"yoast-schema-graph\">{\"@context\":\"https:\\\/\\\/schema.org\",\"@graph\":[{\"@type\":\"WebPage\",\"@id\":\"https:\\\/\\\/www.orthodontist-dubai.com\\\/about-our-authors-contributors\\\/\",\"url\":\"https:\\\/\\\/www.orthodontist-dubai.com\\\/about-our-authors-contributors\\\/\",\"name\":\"Read About Our Authors & Contributors\",\"isPartOf\":{\"@id\":\"https:\\\/\\\/www.orthodontist-dubai.com\\\/#website\"},\"primaryImageOfPage\":{\"@id\":\"https:\\\/\\\/www.orthodontist-dubai.com\\\/about-our-authors-contributors\\\/#primaryimage\"},\"image\":{\"@id\":\"https:\\\/\\\/www.orthodontist-dubai.com\\\/about-our-authors-contributors\\\/#primaryimage\"},\"thumbnailUrl\":\"https:\\\/\\\/www.orthodontist-dubai.com\\\/wp-content\\\/uploads\\\/2018\\\/11\\\/Address-Contact-Details.jpg\",\"datePublished\":\"2018-08-07T09:47:37+00:00\",\"dateModified\":\"2023-02-08T09:24:01+00:00\",\"breadcrumb\":{\"@id\":\"https:\\\/\\\/www.orthodontist-dubai.com\\\/about-our-authors-contributors\\\/#breadcrumb\"},\"inLanguage\":\"sv-SE\",\"potentialAction\":[{\"@type\":\"ReadAction\",\"target\":[\"https:\\\/\\\/www.orthodontist-dubai.com\\\/about-our-authors-contributors\\\/\"]}]},{\"@type\":\"ImageObject\",\"inLanguage\":\"sv-SE\",\"@id\":\"https:\\\/\\\/www.orthodontist-dubai.com\\\/about-our-authors-contributors\\\/#primaryimage\",\"url\":\"https:\\\/\\\/www.orthodontist-dubai.com\\\/wp-content\\\/uploads\\\/2018\\\/11\\\/Address-Contact-Details.jpg\",\"contentUrl\":\"https:\\\/\\\/www.orthodontist-dubai.com\\\/wp-content\\\/uploads\\\/2018\\\/11\\\/Address-Contact-Details.jpg\"},{\"@type\":\"BreadcrumbList\",\"@id\":\"https:\\\/\\\/www.orthodontist-dubai.com\\\/about-our-authors-contributors\\\/#breadcrumb\",\"itemListElement\":[{\"@type\":\"ListItem\",\"position\":1,\"name\":\"\u2776 Home\",\"item\":\"https:\\\/\\\/www.orthodontist-dubai.com\\\/\"},{\"@type\":\"ListItem\",\"position\":2,\"name\":\"Read About Our Authors &#038; Contributors\"}]},{\"@type\":\"WebSite\",\"@id\":\"https:\\\/\\\/www.orthodontist-dubai.com\\\/#website\",\"url\":\"https:\\\/\\\/www.orthodontist-dubai.com\\\/\",\"name\":\"BEST Orthodontist &amp; Dentist in Dubai UAE for all Dental Treatments\",\"description\":\"Cheap &amp; Best Orthodontist &amp; Dentists for all dental treatments in Dubai UAE\",\"publisher\":{\"@id\":\"https:\\\/\\\/www.orthodontist-dubai.com\\\/#organization\"},\"potentialAction\":[{\"@type\":\"SearchAction\",\"target\":{\"@type\":\"EntryPoint\",\"urlTemplate\":\"https:\\\/\\\/www.orthodontist-dubai.com\\\/?s={search_term_string}\"},\"query-input\":{\"@type\":\"PropertyValueSpecification\",\"valueRequired\":true,\"valueName\":\"search_term_string\"}}],\"inLanguage\":\"sv-SE\"},{\"@type\":\"Organization\",\"@id\":\"https:\\\/\\\/www.orthodontist-dubai.com\\\/#organization\",\"name\":\"Best Orthodontist & Dentist in Dubai UAE\",\"url\":\"https:\\\/\\\/www.orthodontist-dubai.com\\\/\",\"logo\":{\"@type\":\"ImageObject\",\"inLanguage\":\"sv-SE\",\"@id\":\"https:\\\/\\\/www.orthodontist-dubai.com\\\/#\\\/schema\\\/logo\\\/image\\\/\",\"url\":\"https:\\\/\\\/www.orthodontist-dubai.com\\\/wp-content\\\/uploads\\\/2015\\\/04\\\/Othorontist-Dentist-UAE-Logo.png\",\"contentUrl\":\"https:\\\/\\\/www.orthodontist-dubai.com\\\/wp-content\\\/uploads\\\/2015\\\/04\\\/Othorontist-Dentist-UAE-Logo.png\",\"width\":190,\"height\":70,\"caption\":\"Best Orthodontist & Dentist in Dubai UAE\"},\"image\":{\"@id\":\"https:\\\/\\\/www.orthodontist-dubai.com\\\/#\\\/schema\\\/logo\\\/image\\\/\"},\"sameAs\":[\"https:\\\/\\\/www.facebook.com\\\/Orthodontist.Dentist.Dubai\\\/\",\"https:\\\/\\\/www.linkedin.com\\\/in\\\/dr-nazeer-ahmed-meeran-15691083\\\/\"]}]}<\/script>\n<!-- \/ Yoast SEO plugin. -->","yoast_head_json":{"title":"L\u00e4s om v\u00e5ra f\u00f6rfattare och bidragsgivare","robots":{"index":"index","follow":"follow","max-snippet":"max-snippet:-1","max-image-preview":"max-image-preview:large","max-video-preview":"max-video-preview:-1"},"canonical":"https:\/\/www.orthodontist-dubai.com\/sv\/om-vara-forfattare-bidragsgivare\/","og_locale":"sv_SE","og_type":"article","og_title":"Read About Our Authors & Contributors","og_description":"We provide authentic source of dental information and details about all kinds of dental treatments from well recognized top contributors in Dental industry in Dubai, UAE like Doctor Nazeer Ahmed Meeran who has done his valuable research projects and contributed to the growth of dentistry. Dr.Nazeer Ahmed Meeran&#8216;s detailed contribution should definitely benefit our readers [&hellip;]","og_url":"https:\/\/www.orthodontist-dubai.com\/sv\/om-vara-forfattare-bidragsgivare\/","og_site_name":"BEST Orthodontist &amp; Dentist in Dubai UAE for all Dental Treatments","article_publisher":"https:\/\/www.facebook.com\/Orthodontist.Dentist.Dubai\/","article_modified_time":"2023-02-08T09:24:01+00:00","og_image":[{"url":"https:\/\/www.orthodontist-dubai.com\/wp-content\/uploads\/2018\/11\/Address-Contact-Details.jpg","type":"","width":"","height":""}],"twitter_card":"summary_large_image","twitter_misc":{"Ber\u00e4knad l\u00e4stid":"3 minuter"},"schema":{"@context":"https:\/\/schema.org","@graph":[{"@type":"WebPage","@id":"https:\/\/www.orthodontist-dubai.com\/about-our-authors-contributors\/","url":"https:\/\/www.orthodontist-dubai.com\/about-our-authors-contributors\/","name":"L\u00e4s om v\u00e5ra f\u00f6rfattare och bidragsgivare","isPartOf":{"@id":"https:\/\/www.orthodontist-dubai.com\/#website"},"primaryImageOfPage":{"@id":"https:\/\/www.orthodontist-dubai.com\/about-our-authors-contributors\/#primaryimage"},"image":{"@id":"https:\/\/www.orthodontist-dubai.com\/about-our-authors-contributors\/#primaryimage"},"thumbnailUrl":"https:\/\/www.orthodontist-dubai.com\/wp-content\/uploads\/2018\/11\/Address-Contact-Details.jpg","datePublished":"2018-08-07T09:47:37+00:00","dateModified":"2023-02-08T09:24:01+00:00","breadcrumb":{"@id":"https:\/\/www.orthodontist-dubai.com\/about-our-authors-contributors\/#breadcrumb"},"inLanguage":"sv-SE","potentialAction":[{"@type":"ReadAction","target":["https:\/\/www.orthodontist-dubai.com\/about-our-authors-contributors\/"]}]},{"@type":"ImageObject","inLanguage":"sv-SE","@id":"https:\/\/www.orthodontist-dubai.com\/about-our-authors-contributors\/#primaryimage","url":"https:\/\/www.orthodontist-dubai.com\/wp-content\/uploads\/2018\/11\/Address-Contact-Details.jpg","contentUrl":"https:\/\/www.orthodontist-dubai.com\/wp-content\/uploads\/2018\/11\/Address-Contact-Details.jpg"},{"@type":"BreadcrumbList","@id":"https:\/\/www.orthodontist-dubai.com\/about-our-authors-contributors\/#breadcrumb","itemListElement":[{"@type":"ListItem","position":1,"name":"\u2776 Home","item":"https:\/\/www.orthodontist-dubai.com\/"},{"@type":"ListItem","position":2,"name":"Read About Our Authors &#038; Contributors"}]},{"@type":"WebSite","@id":"https:\/\/www.orthodontist-dubai.com\/#website","url":"https:\/\/www.orthodontist-dubai.com\/","name":"B\u00c4STA ortodontist och tandl\u00e4kare i Dubai UAE f\u00f6r alla tandbehandlingar","description":"Billiga och b\u00e4sta ortodontist och tandl\u00e4kare f\u00f6r alla tandbehandlingar i Dubai UAE","publisher":{"@id":"https:\/\/www.orthodontist-dubai.com\/#organization"},"potentialAction":[{"@type":"SearchAction","target":{"@type":"EntryPoint","urlTemplate":"https:\/\/www.orthodontist-dubai.com\/?s={search_term_string}"},"query-input":{"@type":"PropertyValueSpecification","valueRequired":true,"valueName":"search_term_string"}}],"inLanguage":"sv-SE"},{"@type":"Organization","@id":"https:\/\/www.orthodontist-dubai.com\/#organization","name":"B\u00e4sta ortodontist och tandl\u00e4kare i Dubai UAE","url":"https:\/\/www.orthodontist-dubai.com\/","logo":{"@type":"ImageObject","inLanguage":"sv-SE","@id":"https:\/\/www.orthodontist-dubai.com\/#\/schema\/logo\/image\/","url":"https:\/\/www.orthodontist-dubai.com\/wp-content\/uploads\/2015\/04\/Othorontist-Dentist-UAE-Logo.png","contentUrl":"https:\/\/www.orthodontist-dubai.com\/wp-content\/uploads\/2015\/04\/Othorontist-Dentist-UAE-Logo.png","width":190,"height":70,"caption":"Best Orthodontist & Dentist in Dubai UAE"},"image":{"@id":"https:\/\/www.orthodontist-dubai.com\/#\/schema\/logo\/image\/"},"sameAs":["https:\/\/www.facebook.com\/Orthodontist.Dentist.Dubai\/","https:\/\/www.linkedin.com\/in\/dr-nazeer-ahmed-meeran-15691083\/"]}]}},"_links":{"self":[{"href":"https:\/\/www.orthodontist-dubai.com\/sv\/wp-json\/wp\/v2\/pages\/526","targetHints":{"allow":["GET"]}}],"collection":[{"href":"https:\/\/www.orthodontist-dubai.com\/sv\/wp-json\/wp\/v2\/pages"}],"about":[{"href":"https:\/\/www.orthodontist-dubai.com\/sv\/wp-json\/wp\/v2\/types\/page"}],"author":[{"embeddable":true,"href":"https:\/\/www.orthodontist-dubai.com\/sv\/wp-json\/wp\/v2\/users\/1"}],"replies":[{"embeddable":true,"href":"https:\/\/www.orthodontist-dubai.com\/sv\/wp-json\/wp\/v2\/comments?post=526"}],"version-history":[{"count":4,"href":"https:\/\/www.orthodontist-dubai.com\/sv\/wp-json\/wp\/v2\/pages\/526\/revisions"}],"predecessor-version":[{"id":1524,"href":"https:\/\/www.orthodontist-dubai.com\/sv\/wp-json\/wp\/v2\/pages\/526\/revisions\/1524"}],"wp:attachment":[{"href":"https:\/\/www.orthodontist-dubai.com\/sv\/wp-json\/wp\/v2\/media?parent=526"}],"curies":[{"name":"wp","href":"https:\/\/api.w.org\/{rel}","templated":true}]}}