{"id":1920,"date":"2023-09-15T22:42:41","date_gmt":"2023-09-15T18:42:41","guid":{"rendered":"https:\/\/www.orthodontist-dubai.com\/?page_id=1920"},"modified":"2024-09-08T22:23:37","modified_gmt":"2024-09-08T18:23:37","slug":"dental-x-ray-in-dubai-uae","status":"publish","type":"page","link":"https:\/\/www.orthodontist-dubai.com\/sv\/tandrontgen-i-dubai-uae\/","title":{"rendered":"Tandr\u00f6ntgen i Dubai UAE"},"content":{"rendered":"<p>Tandr\u00f6ntgen anv\u00e4nds av tandl\u00e4kare i Dubai f\u00f6r att diagnostisera och visualisera tillst\u00e5ndet hos en patients t\u00e4nder, tandk\u00f6tt och andra omgivande orala strukturer f\u00f6r olika tandbehandlingar. Dessa r\u00f6ntgenbilder ger insikter om en patients muntillst\u00e5nd och den behandling som kr\u00e4vs eftersom det inte bara kan bekr\u00e4ftas fr\u00e5n en enkel visuell unders\u00f6kning. Kostnaden f\u00f6r en enda periapical r\u00f6ntgen i Dubai UAE \u00e4r 75 AED. En OPG (Orthopantomogram) r\u00f6ntgen, som \u00e4ven kallas panoramar\u00f6ntgen, \u00e4r en specialiserad tandr\u00f6ntgen som ger en helt\u00e4ckande och panoramautsikt \u00f6ver dina \u00f6vre och nedre k\u00e4kar, t\u00e4nder och alla omgivande strukturer i en enda bild. Kostnaden f\u00f6r OPG-r\u00f6ntgen \u00e4r 300 AED.<\/p>\n\n\n\n<figure class=\"wp-block-image aligncenter size-full\"><a href=\"https:\/\/www.orthodontist-dubai.com\/sv\/kontakta-oss\/\"><img decoding=\"async\" width=\"800\" height=\"510\" data-src=\"https:\/\/www.orthodontist-dubai.com\/wp-content\/uploads\/2023\/09\/Dental-X-Ray-in-Dubai-UAE.webp\" alt=\"Tandr\u00f6ntgen i Dubai UAE\" class=\"wp-image-1921 lazyload\" data-srcset=\"https:\/\/www.orthodontist-dubai.com\/wp-content\/uploads\/2023\/09\/Dental-X-Ray-in-Dubai-UAE.webp 800w, https:\/\/www.orthodontist-dubai.com\/wp-content\/uploads\/2023\/09\/Dental-X-Ray-in-Dubai-UAE-300x191.webp 300w, https:\/\/www.orthodontist-dubai.com\/wp-content\/uploads\/2023\/09\/Dental-X-Ray-in-Dubai-UAE-768x490.webp 768w, https:\/\/www.orthodontist-dubai.com\/wp-content\/uploads\/2023\/09\/Dental-X-Ray-in-Dubai-UAE-18x12.webp 18w\" data-sizes=\"(max-width: 800px) 100vw, 800px\" src=\"data:image\/svg+xml;base64,PHN2ZyB3aWR0aD0iMSIgaGVpZ2h0PSIxIiB4bWxucz0iaHR0cDovL3d3dy53My5vcmcvMjAwMC9zdmciPjwvc3ZnPg==\" style=\"--smush-placeholder-width: 800px; --smush-placeholder-aspect-ratio: 800\/510;\" \/><\/a><\/figure>\n\n\n\n<p><strong>Anv\u00e4ndning av tandr\u00f6ntgen:<\/strong><\/p>\n\n\n\n<ol class=\"wp-block-list\">\n<li>F\u00f6r att uppt\u00e4cka karies: Tandr\u00f6ntgen kan ge information om karies (som orsakar h\u00e5l) som kanske inte \u00e4r synliga f\u00f6r en tandl\u00e4kares blotta \u00f6ga. Om h\u00e5lrum uppt\u00e4cks i ett tidigt skede \u00e4r skadorna som orsakas av det mycket minimala.<\/li>\n\n\n\n<li>Bed\u00f6ma din tand- och rotstruktur: Tandr\u00f6ntgen hj\u00e4lper tandl\u00e4kare att analysera strukturen p\u00e5 dina t\u00e4nder och r\u00f6tter och hj\u00e4lper till att uppt\u00e4cka rotinfektioner, frakturer eller andra abnormiteter.<\/li>\n\n\n\n<li>Tandk\u00f6tt och parodontit h\u00e4lsa: Dessa r\u00f6ntgenbilder kan avsl\u00f6ja h\u00e4lsan hos ditt tandk\u00f6tt och benh\u00e4lsa som st\u00f6djer dina t\u00e4nder och d\u00e4rigenom hj\u00e4lpa till att diagnostisera tandk\u00f6ttssjukdomar som gingivit och parodontit.<\/li>\n\n\n\n<li>P\u00e5verkade t\u00e4nder: Dentala r\u00f6ntgenstr\u00e5lar \u00e4r mycket anv\u00e4ndbara f\u00f6r att identifiera p\u00e5verkade t\u00e4nder som din <a href=\"https:\/\/www.orthodontist-dubai.com\/sv\/visdom-tand-borttagning-utdragning\/\">visdomst\u00e4nder<\/a> som kan kr\u00e4va en extraktion.<\/li>\n\n\n\n<li>Ortodontiska behandlingar: Tandl\u00e4kare &amp; ortodontister anv\u00e4nder r\u00f6ntgenstr\u00e5lar f\u00f6r att planera ortodontiska behandlingar som t.ex. <a href=\"https:\/\/www.orthodontist-dubai.com\/sv\/hangslen-i-dubai\/\">tandst\u00e4llning<\/a> eller <a href=\"https:\/\/www.orthodontist-dubai.com\/sv\/invisalign\/\">Invisalign<\/a>.<\/li>\n\n\n\n<li>Implantatplanering: Tandr\u00f6ntgen kan hj\u00e4lpa till att bed\u00f6ma benkvaliteten f\u00f6r en korrekt <a href=\"https:\/\/www.orthodontist-dubai.com\/sv\/tandproteser-tandimplantat\/\">tandimplantat<\/a> placering.<\/li>\n<\/ol>\n\n\n\n<p><strong>F\u00f6rdelar med att anv\u00e4nda tandr\u00f6ntgen:<\/strong><\/p>\n\n\n\n<p>Det finns m\u00e5nga f\u00f6rdelar med att anv\u00e4nda tandr\u00f6ntgen f\u00f6r diagnos som:<\/p>\n\n\n\n<ol class=\"wp-block-list\">\n<li>Tidig uppt\u00e4ckt av tandproblem vilket m\u00f6jligg\u00f6r en snabb behandling och f\u00f6rhindrar eskalering av tandproblem.<\/li>\n\n\n\n<li>Tandr\u00f6ntgen ger exakta bilder av dina orala strukturer, vilket hj\u00e4lper till att st\u00e4lla en mycket exakt diagnos av ditt tillst\u00e5nd och planera tandbehandlingen effektivt.<\/li>\n\n\n\n<li>De hj\u00e4lper tandl\u00e4kare att f\u00f6rklara direkt f\u00f6r patienter om deras tandtillst\u00e5nd och tillg\u00e4ngliga behandlingsalternativ genom att visa tandr\u00f6ntgenbilderna.<\/li>\n<\/ol>\n\n\n\n<p><strong>Nackdelar med tandr\u00f6ntgen:<\/strong><\/p>\n\n\n\n<ol class=\"wp-block-list\">\n<li>\u00c4ven om str\u00e5lningsexponeringen fr\u00e5n tandr\u00f6ntgen \u00e4r minimal finns det risk f\u00f6r upprepad exponering \u00f6ver tid och b\u00f6r s\u00e4rskilt undvikas f\u00f6r gravida kvinnor.<\/li>\n\n\n\n<li>Vissa patienter upplever ett l\u00e4tt obehag p\u00e5 grund av r\u00f6ntgenapparaten och den skyddsutrustning som anv\u00e4nds.<\/li>\n\n\n\n<li>I f\u00e5 fall ger tandr\u00f6ntgen inte alltid en fullst\u00e4ndig diagnos av munh\u00e4lsa och ytterligare avbildnings- eller diagnostiska metoder kan kr\u00e4vas.<\/li>\n<\/ol>\n\n\n\n<p><strong>Proceduren f\u00f6r att ta en tandr\u00f6ntgen best\u00e5r av f\u00f6ljande steg:<\/strong><\/p>\n\n\n\n<ol class=\"wp-block-list\">\n<li>Patienten b\u00e4r ett blyf\u00f6rkl\u00e4de som skydd mot str\u00e5lningsexponering och \u00e4r f\u00f6rberedd f\u00f6r att ta tandr\u00f6ntgen.<\/li>\n\n\n\n<li>Patienten placeras efter typen av tandr\u00f6ntgen \u2013 som f\u00f6r att uppt\u00e4cka h\u00e5l eller f\u00f6r att utv\u00e4rdera en specifik tand eller f\u00f6r att ge en hel \u00f6verblick \u00f6ver din mun etc.<\/li>\n\n\n\n<li>Din tandl\u00e4kare eller tandteknikern p\u00e5 kliniken anv\u00e4nder en tandr\u00f6ntgenapparat f\u00f6r att f\u00e5nga dessa bilder medan patienten h\u00e5ller still.<\/li>\n\n\n\n<li>Bilder framkallas p\u00e5 r\u00f6ntgenfilm eller digitalt. Senare analyserar din tandl\u00e4kare r\u00f6ntgenbilderna f\u00f6r att st\u00e4lla en diagnos och planera behandlingen d\u00e4refter.<\/li>\n<\/ol>\n\n\n\n<p><a href=\"https:\/\/www.orthodontist-dubai.com\/sv\/kontakta-oss\/\">Kontakta oss<\/a> f\u00f6r en GRATIS konsultation f\u00f6r att f\u00e5 din tandr\u00f6ntgen i Dubai UAE.<\/p>","protected":false},"excerpt":{"rendered":"<p>Dental X-rays are used by dentists in Dubai for diagnosing &amp; visualizing the condition of a patient&#8217;s teeth, gums and other surrounding oral structures for various dental treatments. These X-rays provide insights about a patient&#8217;s oral condition &amp; the treatment required as it cannot be just confirmed from a simple visual examination. Cost of a [&hellip;]<\/p>\n","protected":false},"author":1,"featured_media":0,"parent":0,"menu_order":0,"comment_status":"closed","ping_status":"closed","template":"","meta":{"site-sidebar-layout":"default","site-content-layout":"","ast-site-content-layout":"default","site-content-style":"default","site-sidebar-style":"default","ast-global-header-display":"","ast-banner-title-visibility":"","ast-main-header-display":"","ast-hfb-above-header-display":"","ast-hfb-below-header-display":"","ast-hfb-mobile-header-display":"","site-post-title":"","ast-breadcrumbs-content":"","ast-featured-img":"","footer-sml-layout":"","ast-disable-related-posts":"","theme-transparent-header-meta":"","adv-header-id-meta":"","stick-header-meta":"","header-above-stick-meta":"","header-main-stick-meta":"","header-below-stick-meta":"","astra-migrate-meta-layouts":"set","ast-page-background-enabled":"default","ast-page-background-meta":{"desktop":{"background-color":"var(--ast-global-color-4)","background-image":"","background-repeat":"repeat","background-position":"center center","background-size":"auto","background-attachment":"scroll","background-type":"","background-media":"","overlay-type":"","overlay-color":"","overlay-opacity":"","overlay-gradient":""},"tablet":{"background-color":"","background-image":"","background-repeat":"repeat","background-position":"center center","background-size":"auto","background-attachment":"scroll","background-type":"","background-media":"","overlay-type":"","overlay-color":"","overlay-opacity":"","overlay-gradient":""},"mobile":{"background-color":"","background-image":"","background-repeat":"repeat","background-position":"center center","background-size":"auto","background-attachment":"scroll","background-type":"","background-media":"","overlay-type":"","overlay-color":"","overlay-opacity":"","overlay-gradient":""}},"ast-content-background-meta":{"desktop":{"background-color":"var(--ast-global-color-5)","background-image":"","background-repeat":"repeat","background-position":"center center","background-size":"auto","background-attachment":"scroll","background-type":"","background-media":"","overlay-type":"","overlay-color":"","overlay-opacity":"","overlay-gradient":""},"tablet":{"background-color":"var(--ast-global-color-5)","background-image":"","background-repeat":"repeat","background-position":"center center","background-size":"auto","background-attachment":"scroll","background-type":"","background-media":"","overlay-type":"","overlay-color":"","overlay-opacity":"","overlay-gradient":""},"mobile":{"background-color":"var(--ast-global-color-5)","background-image":"","background-repeat":"repeat","background-position":"center center","background-size":"auto","background-attachment":"scroll","background-type":"","background-media":"","overlay-type":"","overlay-color":"","overlay-opacity":"","overlay-gradient":""}},"footnotes":""},"class_list":["post-1920","page","type-page","status-publish","hentry"],"yoast_head":"<!-- This site is optimized with the Yoast SEO plugin v27.5 - https:\/\/yoast.com\/product\/yoast-seo-wordpress\/ -->\n<title>Affordable Dental X-Ray in Dubai UAE | Dental X ray cost in Dubai<\/title>\n<meta name=\"robots\" content=\"index, follow, max-snippet:-1, max-image-preview:large, max-video-preview:-1\" \/>\n<link rel=\"canonical\" href=\"https:\/\/www.orthodontist-dubai.com\/sv\/tandrontgen-i-dubai-uae\/\" \/>\n<meta property=\"og:locale\" content=\"sv_SE\" \/>\n<meta property=\"og:type\" content=\"article\" \/>\n<meta property=\"og:title\" content=\"Affordable Dental X-Ray in Dubai UAE | Dental X ray cost in Dubai\" \/>\n<meta property=\"og:description\" content=\"Dental X-rays are used by dentists in Dubai for diagnosing &amp; visualizing the condition of a patient&#8217;s teeth, gums and other surrounding oral structures for various dental treatments. These X-rays provide insights about a patient&#8217;s oral condition &amp; the treatment required as it cannot be just confirmed from a simple visual examination. Cost of a [&hellip;]\" \/>\n<meta property=\"og:url\" content=\"https:\/\/www.orthodontist-dubai.com\/sv\/tandrontgen-i-dubai-uae\/\" \/>\n<meta property=\"og:site_name\" content=\"BEST Orthodontist &amp; Dentist in Dubai UAE for all Dental Treatments\" \/>\n<meta property=\"article:publisher\" content=\"https:\/\/www.facebook.com\/Orthodontist.Dentist.Dubai\/\" \/>\n<meta property=\"article:modified_time\" content=\"2024-09-08T18:23:37+00:00\" \/>\n<meta property=\"og:image\" content=\"https:\/\/www.orthodontist-dubai.com\/wp-content\/uploads\/2023\/09\/Dental-X-Ray-in-Dubai-UAE.webp\" \/>\n<meta name=\"twitter:card\" content=\"summary_large_image\" \/>\n<meta name=\"twitter:label1\" content=\"Ber\u00e4knad l\u00e4stid\" \/>\n\t<meta name=\"twitter:data1\" content=\"3 minuter\" \/>\n<script type=\"application\/ld+json\" class=\"yoast-schema-graph\">{\"@context\":\"https:\\\/\\\/schema.org\",\"@graph\":[{\"@type\":\"WebPage\",\"@id\":\"https:\\\/\\\/www.orthodontist-dubai.com\\\/dental-x-ray-in-dubai-uae\\\/\",\"url\":\"https:\\\/\\\/www.orthodontist-dubai.com\\\/dental-x-ray-in-dubai-uae\\\/\",\"name\":\"Affordable Dental X-Ray in Dubai UAE | Dental X ray cost in Dubai\",\"isPartOf\":{\"@id\":\"https:\\\/\\\/www.orthodontist-dubai.com\\\/#website\"},\"primaryImageOfPage\":{\"@id\":\"https:\\\/\\\/www.orthodontist-dubai.com\\\/dental-x-ray-in-dubai-uae\\\/#primaryimage\"},\"image\":{\"@id\":\"https:\\\/\\\/www.orthodontist-dubai.com\\\/dental-x-ray-in-dubai-uae\\\/#primaryimage\"},\"thumbnailUrl\":\"https:\\\/\\\/www.orthodontist-dubai.com\\\/wp-content\\\/uploads\\\/2023\\\/09\\\/Dental-X-Ray-in-Dubai-UAE.webp\",\"datePublished\":\"2023-09-15T18:42:41+00:00\",\"dateModified\":\"2024-09-08T18:23:37+00:00\",\"breadcrumb\":{\"@id\":\"https:\\\/\\\/www.orthodontist-dubai.com\\\/dental-x-ray-in-dubai-uae\\\/#breadcrumb\"},\"inLanguage\":\"sv-SE\",\"potentialAction\":[{\"@type\":\"ReadAction\",\"target\":[\"https:\\\/\\\/www.orthodontist-dubai.com\\\/dental-x-ray-in-dubai-uae\\\/\"]}]},{\"@type\":\"ImageObject\",\"inLanguage\":\"sv-SE\",\"@id\":\"https:\\\/\\\/www.orthodontist-dubai.com\\\/dental-x-ray-in-dubai-uae\\\/#primaryimage\",\"url\":\"https:\\\/\\\/www.orthodontist-dubai.com\\\/wp-content\\\/uploads\\\/2023\\\/09\\\/Dental-X-Ray-in-Dubai-UAE.webp\",\"contentUrl\":\"https:\\\/\\\/www.orthodontist-dubai.com\\\/wp-content\\\/uploads\\\/2023\\\/09\\\/Dental-X-Ray-in-Dubai-UAE.webp\"},{\"@type\":\"BreadcrumbList\",\"@id\":\"https:\\\/\\\/www.orthodontist-dubai.com\\\/dental-x-ray-in-dubai-uae\\\/#breadcrumb\",\"itemListElement\":[{\"@type\":\"ListItem\",\"position\":1,\"name\":\"\u2776 Home\",\"item\":\"https:\\\/\\\/www.orthodontist-dubai.com\\\/\"},{\"@type\":\"ListItem\",\"position\":2,\"name\":\"Dental X-Ray in Dubai UAE\"}]},{\"@type\":\"WebSite\",\"@id\":\"https:\\\/\\\/www.orthodontist-dubai.com\\\/#website\",\"url\":\"https:\\\/\\\/www.orthodontist-dubai.com\\\/\",\"name\":\"BEST Orthodontist &amp; Dentist in Dubai UAE for all Dental Treatments\",\"description\":\"Cheap &amp; Best Orthodontist &amp; Dentists for all dental treatments in Dubai UAE\",\"publisher\":{\"@id\":\"https:\\\/\\\/www.orthodontist-dubai.com\\\/#organization\"},\"potentialAction\":[{\"@type\":\"SearchAction\",\"target\":{\"@type\":\"EntryPoint\",\"urlTemplate\":\"https:\\\/\\\/www.orthodontist-dubai.com\\\/?s={search_term_string}\"},\"query-input\":{\"@type\":\"PropertyValueSpecification\",\"valueRequired\":true,\"valueName\":\"search_term_string\"}}],\"inLanguage\":\"sv-SE\"},{\"@type\":\"Organization\",\"@id\":\"https:\\\/\\\/www.orthodontist-dubai.com\\\/#organization\",\"name\":\"Best Orthodontist & Dentist in Dubai UAE\",\"url\":\"https:\\\/\\\/www.orthodontist-dubai.com\\\/\",\"logo\":{\"@type\":\"ImageObject\",\"inLanguage\":\"sv-SE\",\"@id\":\"https:\\\/\\\/www.orthodontist-dubai.com\\\/#\\\/schema\\\/logo\\\/image\\\/\",\"url\":\"https:\\\/\\\/www.orthodontist-dubai.com\\\/wp-content\\\/uploads\\\/2015\\\/04\\\/Othorontist-Dentist-UAE-Logo.png\",\"contentUrl\":\"https:\\\/\\\/www.orthodontist-dubai.com\\\/wp-content\\\/uploads\\\/2015\\\/04\\\/Othorontist-Dentist-UAE-Logo.png\",\"width\":190,\"height\":70,\"caption\":\"Best Orthodontist & Dentist in Dubai UAE\"},\"image\":{\"@id\":\"https:\\\/\\\/www.orthodontist-dubai.com\\\/#\\\/schema\\\/logo\\\/image\\\/\"},\"sameAs\":[\"https:\\\/\\\/www.facebook.com\\\/Orthodontist.Dentist.Dubai\\\/\",\"https:\\\/\\\/www.linkedin.com\\\/in\\\/dr-nazeer-ahmed-meeran-15691083\\\/\"]}]}<\/script>\n<!-- \/ Yoast SEO plugin. -->","yoast_head_json":{"title":"Prisv\u00e4rd tandr\u00f6ntgen i Dubai UAE | Dental r\u00f6ntgenkostnad i Dubai","robots":{"index":"index","follow":"follow","max-snippet":"max-snippet:-1","max-image-preview":"max-image-preview:large","max-video-preview":"max-video-preview:-1"},"canonical":"https:\/\/www.orthodontist-dubai.com\/sv\/tandrontgen-i-dubai-uae\/","og_locale":"sv_SE","og_type":"article","og_title":"Affordable Dental X-Ray in Dubai UAE | Dental X ray cost in Dubai","og_description":"Dental X-rays are used by dentists in Dubai for diagnosing &amp; visualizing the condition of a patient&#8217;s teeth, gums and other surrounding oral structures for various dental treatments. These X-rays provide insights about a patient&#8217;s oral condition &amp; the treatment required as it cannot be just confirmed from a simple visual examination. Cost of a [&hellip;]","og_url":"https:\/\/www.orthodontist-dubai.com\/sv\/tandrontgen-i-dubai-uae\/","og_site_name":"BEST Orthodontist &amp; Dentist in Dubai UAE for all Dental Treatments","article_publisher":"https:\/\/www.facebook.com\/Orthodontist.Dentist.Dubai\/","article_modified_time":"2024-09-08T18:23:37+00:00","og_image":[{"url":"https:\/\/www.orthodontist-dubai.com\/wp-content\/uploads\/2023\/09\/Dental-X-Ray-in-Dubai-UAE.webp","type":"","width":"","height":""}],"twitter_card":"summary_large_image","twitter_misc":{"Ber\u00e4knad l\u00e4stid":"3 minuter"},"schema":{"@context":"https:\/\/schema.org","@graph":[{"@type":"WebPage","@id":"https:\/\/www.orthodontist-dubai.com\/dental-x-ray-in-dubai-uae\/","url":"https:\/\/www.orthodontist-dubai.com\/dental-x-ray-in-dubai-uae\/","name":"Prisv\u00e4rd tandr\u00f6ntgen i Dubai UAE | Dental r\u00f6ntgenkostnad i Dubai","isPartOf":{"@id":"https:\/\/www.orthodontist-dubai.com\/#website"},"primaryImageOfPage":{"@id":"https:\/\/www.orthodontist-dubai.com\/dental-x-ray-in-dubai-uae\/#primaryimage"},"image":{"@id":"https:\/\/www.orthodontist-dubai.com\/dental-x-ray-in-dubai-uae\/#primaryimage"},"thumbnailUrl":"https:\/\/www.orthodontist-dubai.com\/wp-content\/uploads\/2023\/09\/Dental-X-Ray-in-Dubai-UAE.webp","datePublished":"2023-09-15T18:42:41+00:00","dateModified":"2024-09-08T18:23:37+00:00","breadcrumb":{"@id":"https:\/\/www.orthodontist-dubai.com\/dental-x-ray-in-dubai-uae\/#breadcrumb"},"inLanguage":"sv-SE","potentialAction":[{"@type":"ReadAction","target":["https:\/\/www.orthodontist-dubai.com\/dental-x-ray-in-dubai-uae\/"]}]},{"@type":"ImageObject","inLanguage":"sv-SE","@id":"https:\/\/www.orthodontist-dubai.com\/dental-x-ray-in-dubai-uae\/#primaryimage","url":"https:\/\/www.orthodontist-dubai.com\/wp-content\/uploads\/2023\/09\/Dental-X-Ray-in-Dubai-UAE.webp","contentUrl":"https:\/\/www.orthodontist-dubai.com\/wp-content\/uploads\/2023\/09\/Dental-X-Ray-in-Dubai-UAE.webp"},{"@type":"BreadcrumbList","@id":"https:\/\/www.orthodontist-dubai.com\/dental-x-ray-in-dubai-uae\/#breadcrumb","itemListElement":[{"@type":"ListItem","position":1,"name":"\u2776 Home","item":"https:\/\/www.orthodontist-dubai.com\/"},{"@type":"ListItem","position":2,"name":"Dental X-Ray in Dubai UAE"}]},{"@type":"WebSite","@id":"https:\/\/www.orthodontist-dubai.com\/#website","url":"https:\/\/www.orthodontist-dubai.com\/","name":"B\u00c4STA ortodontist och tandl\u00e4kare i Dubai UAE f\u00f6r alla tandbehandlingar","description":"Billiga och b\u00e4sta ortodontist och tandl\u00e4kare f\u00f6r alla tandbehandlingar i Dubai UAE","publisher":{"@id":"https:\/\/www.orthodontist-dubai.com\/#organization"},"potentialAction":[{"@type":"SearchAction","target":{"@type":"EntryPoint","urlTemplate":"https:\/\/www.orthodontist-dubai.com\/?s={search_term_string}"},"query-input":{"@type":"PropertyValueSpecification","valueRequired":true,"valueName":"search_term_string"}}],"inLanguage":"sv-SE"},{"@type":"Organization","@id":"https:\/\/www.orthodontist-dubai.com\/#organization","name":"B\u00e4sta ortodontist och tandl\u00e4kare i Dubai UAE","url":"https:\/\/www.orthodontist-dubai.com\/","logo":{"@type":"ImageObject","inLanguage":"sv-SE","@id":"https:\/\/www.orthodontist-dubai.com\/#\/schema\/logo\/image\/","url":"https:\/\/www.orthodontist-dubai.com\/wp-content\/uploads\/2015\/04\/Othorontist-Dentist-UAE-Logo.png","contentUrl":"https:\/\/www.orthodontist-dubai.com\/wp-content\/uploads\/2015\/04\/Othorontist-Dentist-UAE-Logo.png","width":190,"height":70,"caption":"Best Orthodontist & Dentist in Dubai UAE"},"image":{"@id":"https:\/\/www.orthodontist-dubai.com\/#\/schema\/logo\/image\/"},"sameAs":["https:\/\/www.facebook.com\/Orthodontist.Dentist.Dubai\/","https:\/\/www.linkedin.com\/in\/dr-nazeer-ahmed-meeran-15691083\/"]}]}},"_links":{"self":[{"href":"https:\/\/www.orthodontist-dubai.com\/sv\/wp-json\/wp\/v2\/pages\/1920","targetHints":{"allow":["GET"]}}],"collection":[{"href":"https:\/\/www.orthodontist-dubai.com\/sv\/wp-json\/wp\/v2\/pages"}],"about":[{"href":"https:\/\/www.orthodontist-dubai.com\/sv\/wp-json\/wp\/v2\/types\/page"}],"author":[{"embeddable":true,"href":"https:\/\/www.orthodontist-dubai.com\/sv\/wp-json\/wp\/v2\/users\/1"}],"replies":[{"embeddable":true,"href":"https:\/\/www.orthodontist-dubai.com\/sv\/wp-json\/wp\/v2\/comments?post=1920"}],"version-history":[{"count":7,"href":"https:\/\/www.orthodontist-dubai.com\/sv\/wp-json\/wp\/v2\/pages\/1920\/revisions"}],"predecessor-version":[{"id":2379,"href":"https:\/\/www.orthodontist-dubai.com\/sv\/wp-json\/wp\/v2\/pages\/1920\/revisions\/2379"}],"wp:attachment":[{"href":"https:\/\/www.orthodontist-dubai.com\/sv\/wp-json\/wp\/v2\/media?parent=1920"}],"curies":[{"name":"wp","href":"https:\/\/api.w.org\/{rel}","templated":true}]}}