{"id":157,"date":"2015-04-15T07:04:06","date_gmt":"2015-04-15T07:04:06","guid":{"rendered":"https:\/\/www.orthodontist-dubai.com\/?page_id=157"},"modified":"2023-10-20T13:15:00","modified_gmt":"2023-10-20T09:15:00","slug":"crowns-and-bridges","status":"publish","type":"page","link":"https:\/\/www.orthodontist-dubai.com\/sv\/kronor-och-broar\/","title":{"rendered":"Tandkrona och tandbroar"},"content":{"rendered":"<p>Dessa \u00e4r <strong>fasta protesanordningar<\/strong> gjord av <strong>tandl\u00e4kare<\/strong>. De \u00e4r inte borttagbara liksom <strong>proteser<\/strong> och \u00e4r <strong>cementerade till dina befintliga t\u00e4nder eller implantat<\/strong>. De kan endast tas bort av tandl\u00e4kare. Tandkronor anv\u00e4nds f\u00f6r att skydda skadad eller f\u00f6rsvagad tand. Tandkronor kallas ocks\u00e5 &quot;<em>tandskydd<\/em>\u201d. De \u00e4r tandformade &quot;hattar&quot; som \u00e4r skr\u00e4ddarsydda av din tandl\u00e4kare och placeras \u00f6ver din f\u00f6rberedda tand. Tandkronor t\u00e4cker din tand fr\u00e5n tandk\u00f6ttskanten upp till bitytan.<\/p>\n<p><img decoding=\"async\" class=\"aligncenter lazyload\" data-src=\"https:\/\/www.orthodontist-dubai.com\/wp-content\/uploads\/2023\/10\/Dental-Crown-Bridges-in-Dubai-UAE-Before-After-treatment-pictures.jpg\" alt=\"Dental Crown &amp; Bridges i Dubai UAE F\u00f6re &amp; Efter behandling bilder\" width=\"1016\" height=\"867\" src=\"data:image\/svg+xml;base64,PHN2ZyB3aWR0aD0iMSIgaGVpZ2h0PSIxIiB4bWxucz0iaHR0cDovL3d3dy53My5vcmcvMjAwMC9zdmciPjwvc3ZnPg==\" style=\"--smush-placeholder-width: 1016px; --smush-placeholder-aspect-ratio: 1016\/867;\" \/><\/p>\n<h2><b>Hur fungerar tandkronor?<\/b><\/h2>\n<p>Kronor t\u00e4cker helt en skadad tand (<strong>tandskydd)<\/strong>. Det<strong> r\u00e4tar ut skadad tand<\/strong> och \u00e4ven<strong> f\u00f6rb\u00e4ttrar utseende, form och inriktning<\/strong>. En krona kan ocks\u00e5 placeras \u00f6ver ett implantat f\u00f6r att ge form och funktionalitet. <strong>Porslin<\/strong> eller <strong>keramiska kronor<\/strong> \u00e4r gjorda f\u00f6r att matcha f\u00e4rgen p\u00e5 din tand. De kan ocks\u00e5 tillverkas av guld och metallegeringar, akryl och keramik. F\u00f6rdelen \u00e4r att de \u00e4r starkare \u00e4n keramiska och rekommenderas f\u00f6r baktand. Alternativet \u00e4r porslin bundet till en metall f\u00f6r att ge ett f\u00f6rb\u00e4ttrat estetiskt \u00f6verl\u00e4gset utseende.<\/p>\n<h2><b>Hur fungerar tandbroar?<\/b><\/h2>\n<p>Om du saknar tand kan dessa luckor fyllas med broar. F\u00f6rdelen \u00e4r att de fixar obalansen och skyddar andra tand fr\u00e5n att bli felinriktade eftersom de tomma utrymmena kan orsaka ett d\u00e5ligt bett. \u00c4ven tandk\u00f6ttssjukdomar och temporo underk\u00e4ksledssjukdomar kan f\u00f6rebyggas. Porslin kan anv\u00e4ndas f\u00f6r att ge ett naturligt utseende.<\/p>\n<h3>Vilka \u00e4r f\u00f6rdelarna med tandkronor?<\/h3>\n<p>1. Tandkronor anv\u00e4nds f\u00f6r att skydda din svaga tand eller de som har skador som stora h\u00e5lrum eller frakturer. De anv\u00e4nds ibland efter rotfyllningsprocedur. Genom att omsluta din tand kan ytterligare skador p\u00e5 den f\u00f6rhindras och det kan ocks\u00e5 bibeh\u00e5lla din tands strukturella integritet.<br \/>\n2. Tandkronor \u00e4r designade f\u00f6r att se ut exakt som din naturliga tand, vilket hj\u00e4lper den med normal bit- och tuggningsfunktion.<br \/>\n3. Tandkronor gjorda av tandf\u00e4rgat porslin kan f\u00f6rb\u00e4ttra det \u00f6vergripande utseendet p\u00e5 en tand s\u00e5 att den ser v\u00e4ldigt naturlig ut.<br \/>\n4. Tandkronor anv\u00e4nds f\u00f6r att f\u00f6rankra tandbroar utformade f\u00f6r att \u00f6verbrygga gapet som skapas av saknade t\u00e4nder i munnen. Dessa tandkronor p\u00e5 n\u00e4rliggande friska t\u00e4nder st\u00f6djer tandbroarna.<br \/>\n5. Tandkronor anv\u00e4nds ocks\u00e5 f\u00f6r att t\u00e4cka tandimplantat.<\/p>\n<h3>Vilka typer av material anv\u00e4nds f\u00f6r att tillverka tandkronor?<\/h3>\n<p>Det finns m\u00e5nga typer av material som anv\u00e4nds f\u00f6r tandkronor och \u00e4r de valda utifr\u00e5n faktorer som placeringen av tanden som beh\u00f6ver tandkrona, patientens personliga preferenser och \u00e4ven din tandl\u00e4kares rekommendation.<\/p>\n<p><img decoding=\"async\" class=\"aligncenter size-full wp-image-2121 lazyload\" data-src=\"https:\/\/www.orthodontist-dubai.com\/wp-content\/uploads\/2023\/10\/Types-of-Dental-Crowns-in-Dubai-UAE.jpg\" alt=\"Typer av tandkronor i Dubai UAE\" width=\"840\" height=\"259\" data-srcset=\"https:\/\/www.orthodontist-dubai.com\/wp-content\/uploads\/2023\/10\/Types-of-Dental-Crowns-in-Dubai-UAE.jpg 840w, https:\/\/www.orthodontist-dubai.com\/wp-content\/uploads\/2023\/10\/Types-of-Dental-Crowns-in-Dubai-UAE-300x93.jpg 300w, https:\/\/www.orthodontist-dubai.com\/wp-content\/uploads\/2023\/10\/Types-of-Dental-Crowns-in-Dubai-UAE-768x237.jpg 768w, https:\/\/www.orthodontist-dubai.com\/wp-content\/uploads\/2023\/10\/Types-of-Dental-Crowns-in-Dubai-UAE-18x6.jpg 18w\" data-sizes=\"(max-width: 840px) 100vw, 840px\" src=\"data:image\/svg+xml;base64,PHN2ZyB3aWR0aD0iMSIgaGVpZ2h0PSIxIiB4bWxucz0iaHR0cDovL3d3dy53My5vcmcvMjAwMC9zdmciPjwvc3ZnPg==\" style=\"--smush-placeholder-width: 840px; --smush-placeholder-aspect-ratio: 840\/259;\" \/><\/p>\n<p><strong> De typer av material som anv\u00e4nds f\u00f6r att tillverka tandkronor \u00e4r:<\/strong><\/p>\n<p>1. <strong>Porslin:<\/strong> Porslinskronor ser v\u00e4ldigt naturliga ut och kan g\u00f6ras f\u00f6r att matcha din befintliga tandf\u00e4rg av din tandl\u00e4kare. De rekommenderas f\u00f6r framt\u00e4nder.<br \/>\n2. <strong>Metall:<\/strong> Metallkronor \u00e4r vanligtvis gjorda av legeringar som inneh\u00e5ller guld. De \u00e4r v\u00e4ldigt starka och h\u00e5llbara i det l\u00e5nga loppet. De anv\u00e4nds mest f\u00f6r tand p\u00e5 baksidan av munnen (som molarer).<br \/>\n3. <strong>Porslin sm\u00e4lt till metall (PFM)<\/strong>: S\u00e5dana tandkronor kombinerar styrkan hos metall med det estetiska tandf\u00e4rgade utseendet som porslinsmaterialet ger. De \u00e4r l\u00e4mpliga f\u00f6r b\u00e5de dina fram- och bakt\u00e4nder.<br \/>\n4. <strong>Helt keramik eller helt porslin<\/strong>: Dessa kronor \u00e4r helt gjorda av porslinsmaterial och ger ett mycket naturligt utseende. De \u00e4r valt av m\u00e5nga f\u00f6r sin framtand.<br \/>\n5. <strong>Zirconia kronor:<\/strong> Dessa \u00e4r gjorda av zirkoniumdioxid (\u00e4ven k\u00e4nd som zirconia) som \u00e4r ett mycket starkt och h\u00e5llbart keramiskt material. Skillnaden mellan zirkoniumkronor &amp; porslinskronor \u00e4r att porslinsmaterialet \u00e4r mer genomskinligt och kan ge ett v\u00e4ldigt naturligt utseende medan zirkoniumoxid inte \u00e4r lika genomskinligt f\u00f6r att efterlikna en naturlig tand under vissa ljusf\u00f6rh\u00e5llanden.<\/p>\n<p>Valet av dentala kronans material beror p\u00e5 olika faktorer s\u00e5som placeringen av tanden som beh\u00f6ver tandkrona, patientens preferenser och \u00e4ven din tandl\u00e4kares rekommendation.<\/p>\n<h3>Vad \u00e4r steg f\u00f6r steg process f\u00f6r att f\u00e5 tandkronor i Dubai, UAE?<\/h3>\n<p>1. F\u00e5 en f\u00f6rsta konsultationstid med v\u00e5r tandl\u00e4kare i Dubai f\u00f6r att unders\u00f6ka din tand. Tandl\u00e4karen kommer att kontrollera och f\u00f6resl\u00e5 tillg\u00e4ngliga behandlingsalternativ och alternativ enligt din tands nuvarande tillst\u00e5nd, din tandhistoria, etc.,. <a href=\"https:\/\/www.orthodontist-dubai.com\/sv\/kontakta-oss\/\">Kontakta oss<\/a> f\u00f6r att st\u00e4lla in en GRATIS kostnadsfri konsultation f\u00f6r att f\u00e5 din tandkrona p\u00e5 v\u00e5r klinik i Dubai, UAE.<\/p>\n<p>2. R\u00f6ntgenstr\u00e5lar och avtryck: Din tandl\u00e4kare kan ta <a href=\"\/sv\/_wp_link_placeholder\/\" data-wplink-edit=\"true\">Tandr\u00f6ntgen<\/a> av din drabbade tand f\u00f6r att analysera den aktuella niv\u00e5n av skada eller f\u00f6rfall och \u00e4ven f\u00f6r att bed\u00f6ma det omgivande bentillst\u00e5ndet. Din tandl\u00e4kare tar avtryck av din tand och dess omgivning.<\/p>\n<p>3. Tandf\u00f6rberedelse: Om skadan p\u00e5 din nuvarande tand \u00e4r allvarlig, kommer din tandl\u00e4kare att omforma den genom att ta bort en del av dess yttre skikt f\u00f6r att ge plats \u00e5t tandkronan.<\/p>\n<p>4. Tillf\u00e4llig tillverkning av krona och krona: N\u00e4sta steg \u00e4r placeringen av en tillf\u00e4llig krona f\u00f6r att skydda tanden n\u00e4r den permanenta kronan skr\u00e4ddarsys i tandlaboratoriet med hj\u00e4lp av avtrycken fr\u00e5n tidigare steg. En tillf\u00e4llig krona hj\u00e4lper ocks\u00e5 till att bibeh\u00e5lla funktionaliteten och utseendet p\u00e5 din tand under tiden (eftersom krontillverkningsprocessen kan ta minst en vecka).<\/p>\n<p>5. Permanent tandkronanpassning: N\u00e4r din permanenta krona \u00e4r klar p\u00e5 labbet kommer din tandl\u00e4kare att boka en tid f\u00f6r att fixa den. Din tillf\u00e4lliga krona kommer att tas bort och din tandl\u00e4kare kommer att kontrollera den permanenta kronans passform, f\u00e4rg, form och inriktning med ditt naturliga bett. Han kommer att cementera den permanenta kronan p\u00e5 plats med hj\u00e4lp av ett dentalt lim och g\u00f6ra justeringar f\u00f6r att s\u00e4kerst\u00e4lla att den k\u00e4nns bekv\u00e4m och naturlig f\u00f6r patienten. Och sedan poleras kronan f\u00f6r att se ut som en naturlig tand.<\/p>\n<p>6. Sk\u00f6tsel efter behandling: F\u00f6lj god munhygien f\u00f6r l\u00e5ng livsl\u00e4ngd p\u00e5 din tandkrona och f\u00f6lj instruktionerna fr\u00e5n din tandl\u00e4kare efter behandlingen. Det \u00e4r bra att undvika r\u00f6kning, h\u00e5rd &amp; klibbig mat, tandgnissling p\u00e5 natten, etc.,. Om du k\u00e4nner att kronan lossnar, f\u00f6lj upp med din tandl\u00e4kare omedelbart och f\u00f6rs\u00f6k inte justera den sj\u00e4lv.<\/p>","protected":false},"excerpt":{"rendered":"<p>These are fixed prosthetic devices done by dentists. They are not removable like dentures and are cemented to your existing teeth or implants. They can be removed only by dentists. Dental crowns are used to protect damaged or weakened tooth. Dental crowns are also called as \u201cdental caps\u201d. They are tooth shaped &#8220;caps&#8221; that are [&hellip;]<\/p>\n","protected":false},"author":1,"featured_media":0,"parent":0,"menu_order":0,"comment_status":"closed","ping_status":"closed","template":"","meta":{"site-sidebar-layout":"default","site-content-layout":"","ast-site-content-layout":"default","site-content-style":"default","site-sidebar-style":"default","ast-global-header-display":"","ast-banner-title-visibility":"","ast-main-header-display":"","ast-hfb-above-header-display":"","ast-hfb-below-header-display":"","ast-hfb-mobile-header-display":"","site-post-title":"","ast-breadcrumbs-content":"","ast-featured-img":"","footer-sml-layout":"","ast-disable-related-posts":"","theme-transparent-header-meta":"","adv-header-id-meta":"","stick-header-meta":"","header-above-stick-meta":"","header-main-stick-meta":"","header-below-stick-meta":"","astra-migrate-meta-layouts":"set","ast-page-background-enabled":"default","ast-page-background-meta":{"desktop":{"background-color":"var(--ast-global-color-4)","background-image":"","background-repeat":"repeat","background-position":"center center","background-size":"auto","background-attachment":"scroll","background-type":"","background-media":"","overlay-type":"","overlay-color":"","overlay-opacity":"","overlay-gradient":""},"tablet":{"background-color":"","background-image":"","background-repeat":"repeat","background-position":"center center","background-size":"auto","background-attachment":"scroll","background-type":"","background-media":"","overlay-type":"","overlay-color":"","overlay-opacity":"","overlay-gradient":""},"mobile":{"background-color":"","background-image":"","background-repeat":"repeat","background-position":"center center","background-size":"auto","background-attachment":"scroll","background-type":"","background-media":"","overlay-type":"","overlay-color":"","overlay-opacity":"","overlay-gradient":""}},"ast-content-background-meta":{"desktop":{"background-color":"var(--ast-global-color-5)","background-image":"","background-repeat":"repeat","background-position":"center center","background-size":"auto","background-attachment":"scroll","background-type":"","background-media":"","overlay-type":"","overlay-color":"","overlay-opacity":"","overlay-gradient":""},"tablet":{"background-color":"var(--ast-global-color-5)","background-image":"","background-repeat":"repeat","background-position":"center center","background-size":"auto","background-attachment":"scroll","background-type":"","background-media":"","overlay-type":"","overlay-color":"","overlay-opacity":"","overlay-gradient":""},"mobile":{"background-color":"var(--ast-global-color-5)","background-image":"","background-repeat":"repeat","background-position":"center center","background-size":"auto","background-attachment":"scroll","background-type":"","background-media":"","overlay-type":"","overlay-color":"","overlay-opacity":"","overlay-gradient":""}},"footnotes":""},"class_list":["post-157","page","type-page","status-publish","hentry"],"yoast_head":"<!-- This site is optimized with the Yoast SEO plugin v27.5 - https:\/\/yoast.com\/product\/yoast-seo-wordpress\/ -->\n<title>DENTAL CROWNS IN DUBAI | DENTAL BRIDGES<\/title>\n<meta name=\"robots\" content=\"index, follow, max-snippet:-1, max-image-preview:large, max-video-preview:-1\" \/>\n<link rel=\"canonical\" href=\"https:\/\/www.orthodontist-dubai.com\/sv\/kronor-och-broar\/\" \/>\n<meta property=\"og:locale\" content=\"sv_SE\" \/>\n<meta property=\"og:type\" content=\"article\" \/>\n<meta property=\"og:title\" content=\"DENTAL CROWNS IN DUBAI | DENTAL BRIDGES\" \/>\n<meta property=\"og:description\" content=\"These are fixed prosthetic devices done by dentists. They are not removable like dentures and are cemented to your existing teeth or implants. They can be removed only by dentists. Dental crowns are used to protect damaged or weakened tooth. Dental crowns are also called as \u201cdental caps\u201d. They are tooth shaped &#8220;caps&#8221; that are [&hellip;]\" \/>\n<meta property=\"og:url\" content=\"https:\/\/www.orthodontist-dubai.com\/sv\/kronor-och-broar\/\" \/>\n<meta property=\"og:site_name\" content=\"BEST Orthodontist &amp; Dentist in Dubai UAE for all Dental Treatments\" \/>\n<meta property=\"article:publisher\" content=\"https:\/\/www.facebook.com\/Orthodontist.Dentist.Dubai\/\" \/>\n<meta property=\"article:modified_time\" content=\"2023-10-20T09:15:00+00:00\" \/>\n<meta property=\"og:image\" content=\"https:\/\/www.orthodontist-dubai.com\/wp-content\/uploads\/2023\/10\/Dental-Crown-Bridges-in-Dubai-UAE-Before-After-treatment-pictures.jpg\" \/>\n<meta name=\"twitter:card\" content=\"summary_large_image\" \/>\n<meta name=\"twitter:label1\" content=\"Ber\u00e4knad l\u00e4stid\" \/>\n\t<meta name=\"twitter:data1\" content=\"5 minuter\" \/>\n<script type=\"application\/ld+json\" class=\"yoast-schema-graph\">{\"@context\":\"https:\\\/\\\/schema.org\",\"@graph\":[{\"@type\":\"WebPage\",\"@id\":\"https:\\\/\\\/www.orthodontist-dubai.com\\\/crowns-and-bridges\\\/\",\"url\":\"https:\\\/\\\/www.orthodontist-dubai.com\\\/crowns-and-bridges\\\/\",\"name\":\"DENTAL CROWNS IN DUBAI | DENTAL BRIDGES\",\"isPartOf\":{\"@id\":\"https:\\\/\\\/www.orthodontist-dubai.com\\\/#website\"},\"primaryImageOfPage\":{\"@id\":\"https:\\\/\\\/www.orthodontist-dubai.com\\\/crowns-and-bridges\\\/#primaryimage\"},\"image\":{\"@id\":\"https:\\\/\\\/www.orthodontist-dubai.com\\\/crowns-and-bridges\\\/#primaryimage\"},\"thumbnailUrl\":\"https:\\\/\\\/www.orthodontist-dubai.com\\\/wp-content\\\/uploads\\\/2023\\\/10\\\/Dental-Crown-Bridges-in-Dubai-UAE-Before-After-treatment-pictures.jpg\",\"datePublished\":\"2015-04-15T07:04:06+00:00\",\"dateModified\":\"2023-10-20T09:15:00+00:00\",\"breadcrumb\":{\"@id\":\"https:\\\/\\\/www.orthodontist-dubai.com\\\/crowns-and-bridges\\\/#breadcrumb\"},\"inLanguage\":\"sv-SE\",\"potentialAction\":[{\"@type\":\"ReadAction\",\"target\":[\"https:\\\/\\\/www.orthodontist-dubai.com\\\/crowns-and-bridges\\\/\"]}]},{\"@type\":\"ImageObject\",\"inLanguage\":\"sv-SE\",\"@id\":\"https:\\\/\\\/www.orthodontist-dubai.com\\\/crowns-and-bridges\\\/#primaryimage\",\"url\":\"https:\\\/\\\/www.orthodontist-dubai.com\\\/wp-content\\\/uploads\\\/2023\\\/10\\\/Dental-Crown-Bridges-in-Dubai-UAE-Before-After-treatment-pictures.jpg\",\"contentUrl\":\"https:\\\/\\\/www.orthodontist-dubai.com\\\/wp-content\\\/uploads\\\/2023\\\/10\\\/Dental-Crown-Bridges-in-Dubai-UAE-Before-After-treatment-pictures.jpg\"},{\"@type\":\"BreadcrumbList\",\"@id\":\"https:\\\/\\\/www.orthodontist-dubai.com\\\/crowns-and-bridges\\\/#breadcrumb\",\"itemListElement\":[{\"@type\":\"ListItem\",\"position\":1,\"name\":\"\u2776 Home\",\"item\":\"https:\\\/\\\/www.orthodontist-dubai.com\\\/\"},{\"@type\":\"ListItem\",\"position\":2,\"name\":\"Dental Crown and Dental Bridges\"}]},{\"@type\":\"WebSite\",\"@id\":\"https:\\\/\\\/www.orthodontist-dubai.com\\\/#website\",\"url\":\"https:\\\/\\\/www.orthodontist-dubai.com\\\/\",\"name\":\"BEST Orthodontist &amp; Dentist in Dubai UAE for all Dental Treatments\",\"description\":\"Cheap &amp; Best Orthodontist &amp; Dentists for all dental treatments in Dubai UAE\",\"publisher\":{\"@id\":\"https:\\\/\\\/www.orthodontist-dubai.com\\\/#organization\"},\"potentialAction\":[{\"@type\":\"SearchAction\",\"target\":{\"@type\":\"EntryPoint\",\"urlTemplate\":\"https:\\\/\\\/www.orthodontist-dubai.com\\\/?s={search_term_string}\"},\"query-input\":{\"@type\":\"PropertyValueSpecification\",\"valueRequired\":true,\"valueName\":\"search_term_string\"}}],\"inLanguage\":\"sv-SE\"},{\"@type\":\"Organization\",\"@id\":\"https:\\\/\\\/www.orthodontist-dubai.com\\\/#organization\",\"name\":\"Best Orthodontist & Dentist in Dubai UAE\",\"url\":\"https:\\\/\\\/www.orthodontist-dubai.com\\\/\",\"logo\":{\"@type\":\"ImageObject\",\"inLanguage\":\"sv-SE\",\"@id\":\"https:\\\/\\\/www.orthodontist-dubai.com\\\/#\\\/schema\\\/logo\\\/image\\\/\",\"url\":\"https:\\\/\\\/www.orthodontist-dubai.com\\\/wp-content\\\/uploads\\\/2015\\\/04\\\/Othorontist-Dentist-UAE-Logo.png\",\"contentUrl\":\"https:\\\/\\\/www.orthodontist-dubai.com\\\/wp-content\\\/uploads\\\/2015\\\/04\\\/Othorontist-Dentist-UAE-Logo.png\",\"width\":190,\"height\":70,\"caption\":\"Best Orthodontist & Dentist in Dubai UAE\"},\"image\":{\"@id\":\"https:\\\/\\\/www.orthodontist-dubai.com\\\/#\\\/schema\\\/logo\\\/image\\\/\"},\"sameAs\":[\"https:\\\/\\\/www.facebook.com\\\/Orthodontist.Dentist.Dubai\\\/\",\"https:\\\/\\\/www.linkedin.com\\\/in\\\/dr-nazeer-ahmed-meeran-15691083\\\/\"]}]}<\/script>\n<!-- \/ Yoast SEO plugin. -->","yoast_head_json":{"title":"TANDKRONOR I DUBAI | TANDBROAR","robots":{"index":"index","follow":"follow","max-snippet":"max-snippet:-1","max-image-preview":"max-image-preview:large","max-video-preview":"max-video-preview:-1"},"canonical":"https:\/\/www.orthodontist-dubai.com\/sv\/kronor-och-broar\/","og_locale":"sv_SE","og_type":"article","og_title":"DENTAL CROWNS IN DUBAI | DENTAL BRIDGES","og_description":"These are fixed prosthetic devices done by dentists. They are not removable like dentures and are cemented to your existing teeth or implants. They can be removed only by dentists. Dental crowns are used to protect damaged or weakened tooth. Dental crowns are also called as \u201cdental caps\u201d. They are tooth shaped &#8220;caps&#8221; that are [&hellip;]","og_url":"https:\/\/www.orthodontist-dubai.com\/sv\/kronor-och-broar\/","og_site_name":"BEST Orthodontist &amp; Dentist in Dubai UAE for all Dental Treatments","article_publisher":"https:\/\/www.facebook.com\/Orthodontist.Dentist.Dubai\/","article_modified_time":"2023-10-20T09:15:00+00:00","og_image":[{"url":"https:\/\/www.orthodontist-dubai.com\/wp-content\/uploads\/2023\/10\/Dental-Crown-Bridges-in-Dubai-UAE-Before-After-treatment-pictures.jpg","type":"","width":"","height":""}],"twitter_card":"summary_large_image","twitter_misc":{"Ber\u00e4knad l\u00e4stid":"5 minuter"},"schema":{"@context":"https:\/\/schema.org","@graph":[{"@type":"WebPage","@id":"https:\/\/www.orthodontist-dubai.com\/crowns-and-bridges\/","url":"https:\/\/www.orthodontist-dubai.com\/crowns-and-bridges\/","name":"TANDKRONOR I DUBAI | TANDBROAR","isPartOf":{"@id":"https:\/\/www.orthodontist-dubai.com\/#website"},"primaryImageOfPage":{"@id":"https:\/\/www.orthodontist-dubai.com\/crowns-and-bridges\/#primaryimage"},"image":{"@id":"https:\/\/www.orthodontist-dubai.com\/crowns-and-bridges\/#primaryimage"},"thumbnailUrl":"https:\/\/www.orthodontist-dubai.com\/wp-content\/uploads\/2023\/10\/Dental-Crown-Bridges-in-Dubai-UAE-Before-After-treatment-pictures.jpg","datePublished":"2015-04-15T07:04:06+00:00","dateModified":"2023-10-20T09:15:00+00:00","breadcrumb":{"@id":"https:\/\/www.orthodontist-dubai.com\/crowns-and-bridges\/#breadcrumb"},"inLanguage":"sv-SE","potentialAction":[{"@type":"ReadAction","target":["https:\/\/www.orthodontist-dubai.com\/crowns-and-bridges\/"]}]},{"@type":"ImageObject","inLanguage":"sv-SE","@id":"https:\/\/www.orthodontist-dubai.com\/crowns-and-bridges\/#primaryimage","url":"https:\/\/www.orthodontist-dubai.com\/wp-content\/uploads\/2023\/10\/Dental-Crown-Bridges-in-Dubai-UAE-Before-After-treatment-pictures.jpg","contentUrl":"https:\/\/www.orthodontist-dubai.com\/wp-content\/uploads\/2023\/10\/Dental-Crown-Bridges-in-Dubai-UAE-Before-After-treatment-pictures.jpg"},{"@type":"BreadcrumbList","@id":"https:\/\/www.orthodontist-dubai.com\/crowns-and-bridges\/#breadcrumb","itemListElement":[{"@type":"ListItem","position":1,"name":"\u2776 Home","item":"https:\/\/www.orthodontist-dubai.com\/"},{"@type":"ListItem","position":2,"name":"Dental Crown and Dental Bridges"}]},{"@type":"WebSite","@id":"https:\/\/www.orthodontist-dubai.com\/#website","url":"https:\/\/www.orthodontist-dubai.com\/","name":"B\u00c4STA ortodontist och tandl\u00e4kare i Dubai UAE f\u00f6r alla tandbehandlingar","description":"Billiga och b\u00e4sta ortodontist och tandl\u00e4kare f\u00f6r alla tandbehandlingar i Dubai UAE","publisher":{"@id":"https:\/\/www.orthodontist-dubai.com\/#organization"},"potentialAction":[{"@type":"SearchAction","target":{"@type":"EntryPoint","urlTemplate":"https:\/\/www.orthodontist-dubai.com\/?s={search_term_string}"},"query-input":{"@type":"PropertyValueSpecification","valueRequired":true,"valueName":"search_term_string"}}],"inLanguage":"sv-SE"},{"@type":"Organization","@id":"https:\/\/www.orthodontist-dubai.com\/#organization","name":"B\u00e4sta ortodontist och tandl\u00e4kare i Dubai UAE","url":"https:\/\/www.orthodontist-dubai.com\/","logo":{"@type":"ImageObject","inLanguage":"sv-SE","@id":"https:\/\/www.orthodontist-dubai.com\/#\/schema\/logo\/image\/","url":"https:\/\/www.orthodontist-dubai.com\/wp-content\/uploads\/2015\/04\/Othorontist-Dentist-UAE-Logo.png","contentUrl":"https:\/\/www.orthodontist-dubai.com\/wp-content\/uploads\/2015\/04\/Othorontist-Dentist-UAE-Logo.png","width":190,"height":70,"caption":"Best Orthodontist & Dentist in Dubai UAE"},"image":{"@id":"https:\/\/www.orthodontist-dubai.com\/#\/schema\/logo\/image\/"},"sameAs":["https:\/\/www.facebook.com\/Orthodontist.Dentist.Dubai\/","https:\/\/www.linkedin.com\/in\/dr-nazeer-ahmed-meeran-15691083\/"]}]}},"_links":{"self":[{"href":"https:\/\/www.orthodontist-dubai.com\/sv\/wp-json\/wp\/v2\/pages\/157","targetHints":{"allow":["GET"]}}],"collection":[{"href":"https:\/\/www.orthodontist-dubai.com\/sv\/wp-json\/wp\/v2\/pages"}],"about":[{"href":"https:\/\/www.orthodontist-dubai.com\/sv\/wp-json\/wp\/v2\/types\/page"}],"author":[{"embeddable":true,"href":"https:\/\/www.orthodontist-dubai.com\/sv\/wp-json\/wp\/v2\/users\/1"}],"replies":[{"embeddable":true,"href":"https:\/\/www.orthodontist-dubai.com\/sv\/wp-json\/wp\/v2\/comments?post=157"}],"version-history":[{"count":8,"href":"https:\/\/www.orthodontist-dubai.com\/sv\/wp-json\/wp\/v2\/pages\/157\/revisions"}],"predecessor-version":[{"id":2129,"href":"https:\/\/www.orthodontist-dubai.com\/sv\/wp-json\/wp\/v2\/pages\/157\/revisions\/2129"}],"wp:attachment":[{"href":"https:\/\/www.orthodontist-dubai.com\/sv\/wp-json\/wp\/v2\/media?parent=157"}],"curies":[{"name":"wp","href":"https:\/\/api.w.org\/{rel}","templated":true}]}}