{"id":154,"date":"2015-04-15T06:53:45","date_gmt":"2015-04-15T06:53:45","guid":{"rendered":"https:\/\/www.orthodontist-dubai.com\/?page_id=154"},"modified":"2024-10-19T13:02:34","modified_gmt":"2024-10-19T09:02:34","slug":"dental-filling","status":"publish","type":"page","link":"https:\/\/www.orthodontist-dubai.com\/sv\/tandfyllning\/","title":{"rendered":"Tandfyllningskostnad i Dubai &amp; Tandfyllningsprocedur"},"content":{"rendered":"<p>En tandl\u00e4kare <strong>fyllning<\/strong> g\u00f6rs av din <strong>tandl\u00e4kare<\/strong> f\u00f6r att \u00e5terst\u00e4lla tand som skadats av f\u00f6rfall till sin normala funktion och form. Tandfyllningskostnaden i Dubai b\u00f6rjar p\u00e5 400 AED per tand.<br \/>\n<!--<a href=\"https:\/\/www.orthodontist-dubai.com\/clinic-reviews\/\"><img decoding=\"async\" class=\"aligncenter wp-image-346 size-full lazyload\" data-src=\"https:\/\/www.orthodontist-dubai.com\/wp-content\/uploads\/2014\/12\/banner-best2.jpg\" alt=\"Top dental clinic for dental filling in Dubai UAE\" width=\"795\" height=\"459\" src=\"data:image\/svg+xml;base64,PHN2ZyB3aWR0aD0iMSIgaGVpZ2h0PSIxIiB4bWxucz0iaHR0cDovL3d3dy53My5vcmcvMjAwMC9zdmciPjwvc3ZnPg==\" style=\"--smush-placeholder-width: 795px; --smush-placeholder-aspect-ratio: 795\/459;\"><\/a>--><br \/>\n<div id=\"metaslider-id-1219\" style=\"max-width: 700px; margin: 0 auto;\" class=\"ml-slider-3-108-0 metaslider metaslider-responsive metaslider-1219 ml-slider ms-theme-default\" role=\"region\" aria-label=\"Tandfyllning\" data-height=\"400\" data-width=\"700\">\n    <div id=\"metaslider_container_1219\">\n        <ul id='metaslider_1219' class='rslides'>\n            <li aria-roledescription='slide' aria-labelledby='slide-0'><a href=\"https:\/\/www.orthodontist-dubai.com\/sv\/kontakta-oss\/\" target=\"_self\"><img decoding=\"async\" data-src=\"https:\/\/www.orthodontist-dubai.com\/wp-content\/uploads\/2024\/01\/Inside-treatment-room-of-the-dental-clinic-in-Dubai-700x400.jpg\" height=\"400\" width=\"700\" alt=\"Inuti behandlingsrummet p\u00e5 tandkliniken i Dubai\" class=\"slider-1219 slide-1224 msDefaultImage lazyload\" title=\"Inuti behandlingsrummet p\u00e5 tandkliniken i Dubai\" src=\"data:image\/svg+xml;base64,PHN2ZyB3aWR0aD0iMSIgaGVpZ2h0PSIxIiB4bWxucz0iaHR0cDovL3d3dy53My5vcmcvMjAwMC9zdmciPjwvc3ZnPg==\" style=\"--smush-placeholder-width: 700px; --smush-placeholder-aspect-ratio: 700\/400;\" \/><\/a><\/li>\n            <li style='display: none;' aria-roledescription='slide' aria-labelledby='slide-1'><a href=\"https:\/\/www.orthodontist-dubai.com\/sv\/kontakta-oss\/\" target=\"_self\"><img decoding=\"async\" data-src=\"https:\/\/www.orthodontist-dubai.com\/wp-content\/uploads\/2023\/10\/tooth-filling-cost-dubai-pic2-700x400.jpg\" height=\"400\" width=\"700\" alt=\"Tandfyllande tandklinik i Dubais mottagningsrum\" class=\"slider-1219 slide-1222 msDefaultImage lazyload\" title=\"Tandfyllande tandklinik i Dubais mottagningsrum\" src=\"data:image\/svg+xml;base64,PHN2ZyB3aWR0aD0iMSIgaGVpZ2h0PSIxIiB4bWxucz0iaHR0cDovL3d3dy53My5vcmcvMjAwMC9zdmciPjwvc3ZnPg==\" style=\"--smush-placeholder-width: 700px; --smush-placeholder-aspect-ratio: 700\/400;\" \/><\/a><\/li>\n            <li style='display: none;' aria-roledescription='slide' aria-labelledby='slide-2'><a href=\"https:\/\/www.orthodontist-dubai.com\/sv\/kontakta-oss\/\" target=\"_self\"><img decoding=\"async\" data-src=\"https:\/\/www.orthodontist-dubai.com\/wp-content\/uploads\/2024\/01\/Patient-waiting-area-of-the-dental-clinic-in-Dubai-700x400.jpg\" height=\"400\" width=\"700\" alt=\"T\u00e5lmodigt v\u00e4nteomr\u00e5de p\u00e5 tandkliniken i Dubai\" class=\"slider-1219 slide-2236 msDefaultImage lazyload\" title=\"T\u00e5lmodigt v\u00e4nteomr\u00e5de p\u00e5 tandkliniken i Dubai\" src=\"data:image\/svg+xml;base64,PHN2ZyB3aWR0aD0iMSIgaGVpZ2h0PSIxIiB4bWxucz0iaHR0cDovL3d3dy53My5vcmcvMjAwMC9zdmciPjwvc3ZnPg==\" style=\"--smush-placeholder-width: 700px; --smush-placeholder-aspect-ratio: 700\/400;\" \/><\/a><\/li>\n            <li style='display: none;' aria-roledescription='slide' aria-labelledby='slide-3'><a href=\"https:\/\/www.orthodontist-dubai.com\/sv\/kontakta-oss\/\" target=\"_self\"><img decoding=\"async\" data-src=\"https:\/\/www.orthodontist-dubai.com\/wp-content\/uploads\/2023\/10\/tooth-filling-cost-dubai-pic3-700x400.jpg\" height=\"400\" width=\"700\" alt=\"Tandfyllningsklinik i Dubai UAE patientens v\u00e4nteomr\u00e5de\" class=\"slider-1219 slide-1223 msDefaultImage lazyload\" title=\"Tandfyllningsklinik i Dubai UAE patientens v\u00e4nteomr\u00e5de\" src=\"data:image\/svg+xml;base64,PHN2ZyB3aWR0aD0iMSIgaGVpZ2h0PSIxIiB4bWxucz0iaHR0cDovL3d3dy53My5vcmcvMjAwMC9zdmciPjwvc3ZnPg==\" style=\"--smush-placeholder-width: 700px; --smush-placeholder-aspect-ratio: 700\/400;\" \/><\/a><\/li>\n        <\/ul>\n        \n    <\/div>\n<\/div>\nF\u00f6r att f\u00f6rklara tandfyllningsproceduren p\u00e5 ett enklare s\u00e4tt tas tandmaterialet bort och din tandl\u00e4kare reng\u00f6r h\u00e5lrummet och fyller sedan med ett utvalt fyllnadsmaterial. D\u00e4rf\u00f6r f\u00f6rhindras ytterligare karies eftersom bakterier inte kan komma in.<\/p>\n<h3>H\u00e4r \u00e4r en steg f\u00f6r steg f\u00f6rklaring av hur en tandfyllningsbehandling g\u00f6rs av din tandl\u00e4kare i Dubai:<\/h3>\n<ol>\n<li>Innan tandfyllningsproceduren b\u00f6rjar kommer din tandl\u00e4kare att diagnostisera och unders\u00f6ka dina t\u00e4nder och kan ta r\u00f6ntgenstr\u00e5lar f\u00f6r att fastst\u00e4lla den befintliga niv\u00e5n av f\u00f6rfall i din tand. Detta hj\u00e4lper till att planera f\u00f6r n\u00f6dv\u00e4ndig behandling.<\/li>\n<li>Lokalbed\u00f6vning ges av din tandl\u00e4kare f\u00f6r att s\u00e4kerst\u00e4lla att du k\u00e4nner dig bekv\u00e4m under behandlingen och \u00e4ven f\u00f6r att minimera sm\u00e4rtan genom att bed\u00f6va den drabbade tanden och dess omgivande omr\u00e5den. Du kommer inte att k\u00e4nna yrsel eller s\u00f6mnighet p\u00e5 grund av den administrerade lokalbed\u00f6vningen. Det ges bara f\u00f6r att se till att du inte k\u00e4nner n\u00e5gon sm\u00e4rta under hela behandlingen.<\/li>\n<li>Din tandl\u00e4kare kommer att placera en gummidamm runt din tand f\u00f6r att isolera den (f\u00f6r att h\u00e5lla den torr och fri fr\u00e5n saliv) under p\u00e5fyllningsprocessen, vilket s\u00e4kerst\u00e4ller en ren arbetsmilj\u00f6.<\/li>\n<li>Den r\u00f6ta eller skadade delen av tanden avl\u00e4gsnas f\u00f6rsiktigt med en tandborr eller laser av din tandl\u00e4kare samtidigt som den friska delen av din tand bevaras.<\/li>\n<li>Efter att ha tagit bort r\u00f6ta eller skadad del av tanden, kommer din tandl\u00e4kare att b\u00f6rja forma h\u00e5lrummet baserat p\u00e5 fyllningsmaterialet som anv\u00e4nds f\u00f6r att f\u00f6rbereda det f\u00f6r n\u00e4sta steg. Det finns m\u00e5nga typer av tandfyllningsmaterial tillg\u00e4ngliga s\u00e5som:\n<ul>\n<li><strong>Kompositharts:<\/strong> Detta \u00e4r tandf\u00e4rgat material och anv\u00e4nds vanligtvis f\u00f6r fyllningar i synliga omr\u00e5den i munnen. Den appliceras i lager och ett speciellt ljus anv\u00e4nds f\u00f6r att h\u00e4rda den. Detta ger ett v\u00e4ldigt naturligt utseende.<\/li>\n<li><strong>Amalgam:<\/strong> Detta \u00e4r ett silverf\u00e4rgat material tillverkat av en blandning av metaller. Den \u00e4r v\u00e4ldigt stark men ger inte ett naturligt utseende. Det anv\u00e4nds vanligtvis f\u00f6r bakre t\u00e4nder p\u00e5 grund av det onaturliga utseendet.<\/li>\n<li><strong>Porslin\/keramik:<\/strong> Dessa ser v\u00e4ldigt naturliga ut och ger en estetiskt tilltalande finish. De \u00e4r ocks\u00e5 mycket h\u00e5llbara. Dessa \u00e4r skr\u00e4ddarsydda i tandlaboratorier.<\/li>\n<li><strong>Glasjonomer:<\/strong> Detta anv\u00e4nds i omr\u00e5den med minimalt tuggtryck. Eftersom det frig\u00f6r fluor hj\u00e4lper det till att f\u00f6rhindra ytterligare karies. De anv\u00e4nds vanligtvis f\u00f6r att fylla mycket sm\u00e5 ytor.<\/li>\n<li><strong>Guld:<\/strong> Guldfyllningar var popul\u00e4ra f\u00f6rr i tiden. Men de \u00e4r mindre popul\u00e4ra nuf\u00f6rtiden d\u00e5 de inte ger ett naturligt utseende trots att de \u00e4r mycket h\u00e5llbara &amp; h\u00e5ller v\u00e4ldigt l\u00e4nge.<\/li>\n<\/ul>\n<\/li>\n<li>Det fyllningsmaterial som patienten v\u00e4ljer placeras i den f\u00f6rberedda h\u00e5ligheten av din tandl\u00e4kare.<\/li>\n<li>Efter att fyllningsmaterialet har placerats kommer din tandl\u00e4kare att forma det ytterligare efter behov och polera det f\u00f6r att se till att det \u00e4r sl\u00e4tt och sm\u00e4lter in med de omgivande t\u00e4nderna och ger det ett naturligt utseende.<\/li>\n<li>Din tandl\u00e4kare kommer att kontrollera om fyllningen inte st\u00f6r ditt naturliga bett och kommer att se till att det k\u00e4nns bekv\u00e4mt.<\/li>\n<li>N\u00e4r gummidammen har tagits bort kommer din tandl\u00e4kare att reng\u00f6ra tanden och dess omgivning f\u00f6r att utv\u00e4rdera fyllningen f\u00f6r att se om den passar ordentligt.<\/li>\n<\/ol>\n<p>Hela tandfyllningen i Dubai tar mindre \u00e4n en timme. Efter tandfyllningsproceduren kan du uppleva mindre domningar n\u00e5gon g\u00e5ng. Men du kan \u00e5terg\u00e5 till dina vanliga dagliga aktiviteter strax efter att du f\u00e5tt en tandfyllning. Se till att f\u00f6lja din tandl\u00e4kares r\u00e5d ang\u00e5ende v\u00e5rd efter ingreppet och g\u00f6r uppf\u00f6ljningskontroller vid behov. Som alltid rekommenderat \u00e4r det ocks\u00e5 viktigt att uppr\u00e4tth\u00e5lla en god munhygien f\u00f6r att undvika tandrelaterade problem i framtiden. <a href=\"https:\/\/www.orthodontist-dubai.com\/sv\/kontakta-oss\/\">Kontakta oss<\/a> f\u00f6r en GRATIS kostnadsfri konsultation f\u00f6r din tandfyllning i Dubai p\u00e5 dentalkliniken.<\/p>\n<p><img decoding=\"async\" class=\"aligncenter size-full wp-image-2169 lazyload\" data-src=\"https:\/\/www.orthodontist-dubai.com\/wp-content\/uploads\/2023\/11\/types-of-tooth-filling-in-Dubai-UAE.jpg\" alt=\"typer av tandfyllning i Dubai UAE\" width=\"672\" height=\"300\" data-srcset=\"https:\/\/www.orthodontist-dubai.com\/wp-content\/uploads\/2023\/11\/types-of-tooth-filling-in-Dubai-UAE.jpg 672w, https:\/\/www.orthodontist-dubai.com\/wp-content\/uploads\/2023\/11\/types-of-tooth-filling-in-Dubai-UAE-300x134.jpg 300w, https:\/\/www.orthodontist-dubai.com\/wp-content\/uploads\/2023\/11\/types-of-tooth-filling-in-Dubai-UAE-18x8.jpg 18w\" data-sizes=\"(max-width: 672px) 100vw, 672px\" src=\"data:image\/svg+xml;base64,PHN2ZyB3aWR0aD0iMSIgaGVpZ2h0PSIxIiB4bWxucz0iaHR0cDovL3d3dy53My5vcmcvMjAwMC9zdmciPjwvc3ZnPg==\" style=\"--smush-placeholder-width: 672px; --smush-placeholder-aspect-ratio: 672\/300;\" \/><\/p>\n<p><img decoding=\"async\" class=\"aligncenter size-full wp-image-176 lazyload\" data-src=\"https:\/\/www.orthodontist-dubai.com\/wp-content\/uploads\/2015\/04\/dental-filling-dubai-UAE.jpg\" alt=\"Tandfyllningar kostar i Dubai\" width=\"350\" height=\"366\" data-srcset=\"https:\/\/www.orthodontist-dubai.com\/wp-content\/uploads\/2015\/04\/dental-filling-dubai-UAE.jpg 350w, https:\/\/www.orthodontist-dubai.com\/wp-content\/uploads\/2015\/04\/dental-filling-dubai-UAE-287x300.jpg 287w\" data-sizes=\"(max-width: 350px) 100vw, 350px\" src=\"data:image\/svg+xml;base64,PHN2ZyB3aWR0aD0iMSIgaGVpZ2h0PSIxIiB4bWxucz0iaHR0cDovL3d3dy53My5vcmcvMjAwMC9zdmciPjwvc3ZnPg==\" style=\"--smush-placeholder-width: 350px; --smush-placeholder-aspect-ratio: 350\/366;\" \/><br \/>\n<img decoding=\"async\" class=\"aligncenter wp-image-1229 size-full lazyload\" data-src=\"https:\/\/www.orthodontist-dubai.com\/wp-content\/uploads\/2022\/04\/Dental-fillings-cost-Dubai.jpg\" alt=\"Tandfyllningar kostar i Dubai\" width=\"1000\" height=\"297\" data-srcset=\"https:\/\/www.orthodontist-dubai.com\/wp-content\/uploads\/2022\/04\/Dental-fillings-cost-Dubai.jpg 1000w, https:\/\/www.orthodontist-dubai.com\/wp-content\/uploads\/2022\/04\/Dental-fillings-cost-Dubai-300x89.jpg 300w, https:\/\/www.orthodontist-dubai.com\/wp-content\/uploads\/2022\/04\/Dental-fillings-cost-Dubai-768x228.jpg 768w\" data-sizes=\"(max-width: 1000px) 100vw, 1000px\" src=\"data:image\/svg+xml;base64,PHN2ZyB3aWR0aD0iMSIgaGVpZ2h0PSIxIiB4bWxucz0iaHR0cDovL3d3dy53My5vcmcvMjAwMC9zdmciPjwvc3ZnPg==\" style=\"--smush-placeholder-width: 1000px; --smush-placeholder-aspect-ratio: 1000\/297;\" \/><br \/>\n<b>De vanligaste typerna av tandfyllning som f\u00f6redras i Dubai UAE \u00e4r:<\/b><\/p>\n<ul>\n<li><b>Guldfyllningar<\/b><\/li>\n<li><b>Amalgam (silver) fyllningar<\/b><\/li>\n<li><b>Komposithartser (plast).<\/b> (Kan g\u00f6ras f\u00f6r att matcha samma f\u00e4rg som din ursprungliga tand f\u00f6r att se v\u00e4ldigt naturlig ut)<\/li>\n<li><b>Porslinsfyllningar.<\/b><\/li>\n<\/ul>","protected":false},"excerpt":{"rendered":"<p>A dental filling is done by your dentist to restore tooth damaged by decay to its normal function and shape. Tooth filling cost in Dubai starts at 400 AED per tooth. To explain the tooth filling procedure in a simpler way, the tooth material is removed and your dentist cleans the cavity and then fills [&hellip;]<\/p>\n","protected":false},"author":1,"featured_media":0,"parent":0,"menu_order":0,"comment_status":"closed","ping_status":"closed","template":"","meta":{"site-sidebar-layout":"default","site-content-layout":"","ast-site-content-layout":"default","site-content-style":"default","site-sidebar-style":"default","ast-global-header-display":"","ast-banner-title-visibility":"","ast-main-header-display":"","ast-hfb-above-header-display":"","ast-hfb-below-header-display":"","ast-hfb-mobile-header-display":"","site-post-title":"","ast-breadcrumbs-content":"","ast-featured-img":"","footer-sml-layout":"","ast-disable-related-posts":"","theme-transparent-header-meta":"","adv-header-id-meta":"","stick-header-meta":"","header-above-stick-meta":"","header-main-stick-meta":"","header-below-stick-meta":"","astra-migrate-meta-layouts":"set","ast-page-background-enabled":"default","ast-page-background-meta":{"desktop":{"background-color":"var(--ast-global-color-4)","background-image":"","background-repeat":"repeat","background-position":"center center","background-size":"auto","background-attachment":"scroll","background-type":"","background-media":"","overlay-type":"","overlay-color":"","overlay-opacity":"","overlay-gradient":""},"tablet":{"background-color":"","background-image":"","background-repeat":"repeat","background-position":"center center","background-size":"auto","background-attachment":"scroll","background-type":"","background-media":"","overlay-type":"","overlay-color":"","overlay-opacity":"","overlay-gradient":""},"mobile":{"background-color":"","background-image":"","background-repeat":"repeat","background-position":"center center","background-size":"auto","background-attachment":"scroll","background-type":"","background-media":"","overlay-type":"","overlay-color":"","overlay-opacity":"","overlay-gradient":""}},"ast-content-background-meta":{"desktop":{"background-color":"var(--ast-global-color-5)","background-image":"","background-repeat":"repeat","background-position":"center center","background-size":"auto","background-attachment":"scroll","background-type":"","background-media":"","overlay-type":"","overlay-color":"","overlay-opacity":"","overlay-gradient":""},"tablet":{"background-color":"var(--ast-global-color-5)","background-image":"","background-repeat":"repeat","background-position":"center center","background-size":"auto","background-attachment":"scroll","background-type":"","background-media":"","overlay-type":"","overlay-color":"","overlay-opacity":"","overlay-gradient":""},"mobile":{"background-color":"var(--ast-global-color-5)","background-image":"","background-repeat":"repeat","background-position":"center center","background-size":"auto","background-attachment":"scroll","background-type":"","background-media":"","overlay-type":"","overlay-color":"","overlay-opacity":"","overlay-gradient":""}},"footnotes":""},"class_list":["post-154","page","type-page","status-publish","hentry"],"yoast_head":"<!-- This site is optimized with the Yoast SEO plugin v27.5 - https:\/\/yoast.com\/product\/yoast-seo-wordpress\/ -->\n<title>TOOTH FILLING COST IN DUBAI | TOOTH FILLING IN DUBAI<\/title>\n<meta name=\"robots\" content=\"index, follow, max-snippet:-1, max-image-preview:large, max-video-preview:-1\" \/>\n<link rel=\"canonical\" href=\"https:\/\/www.orthodontist-dubai.com\/sv\/tandfyllning\/\" \/>\n<meta property=\"og:locale\" content=\"sv_SE\" \/>\n<meta property=\"og:type\" content=\"article\" \/>\n<meta property=\"og:title\" content=\"TOOTH FILLING COST IN DUBAI | TOOTH FILLING IN DUBAI\" \/>\n<meta property=\"og:description\" content=\"A dental filling is done by your dentist to restore tooth damaged by decay to its normal function and shape. Tooth filling cost in Dubai starts at 400 AED per tooth. To explain the tooth filling procedure in a simpler way, the tooth material is removed and your dentist cleans the cavity and then fills [&hellip;]\" \/>\n<meta property=\"og:url\" content=\"https:\/\/www.orthodontist-dubai.com\/sv\/tandfyllning\/\" \/>\n<meta property=\"og:site_name\" content=\"BEST Orthodontist &amp; Dentist in Dubai UAE for all Dental Treatments\" \/>\n<meta property=\"article:publisher\" content=\"https:\/\/www.facebook.com\/Orthodontist.Dentist.Dubai\/\" \/>\n<meta property=\"article:modified_time\" content=\"2024-10-19T09:02:34+00:00\" \/>\n<meta property=\"og:image\" content=\"https:\/\/www.orthodontist-dubai.com\/wp-content\/uploads\/2014\/12\/banner-best2.jpg\" \/>\n<meta name=\"twitter:card\" content=\"summary_large_image\" \/>\n<meta name=\"twitter:label1\" content=\"Ber\u00e4knad l\u00e4stid\" \/>\n\t<meta name=\"twitter:data1\" content=\"4 minuter\" \/>\n<script type=\"application\/ld+json\" class=\"yoast-schema-graph\">{\"@context\":\"https:\\\/\\\/schema.org\",\"@graph\":[{\"@type\":\"WebPage\",\"@id\":\"https:\\\/\\\/www.orthodontist-dubai.com\\\/dental-filling\\\/\",\"url\":\"https:\\\/\\\/www.orthodontist-dubai.com\\\/dental-filling\\\/\",\"name\":\"TOOTH FILLING COST IN DUBAI | TOOTH FILLING IN DUBAI\",\"isPartOf\":{\"@id\":\"https:\\\/\\\/www.orthodontist-dubai.com\\\/#website\"},\"primaryImageOfPage\":{\"@id\":\"https:\\\/\\\/www.orthodontist-dubai.com\\\/dental-filling\\\/#primaryimage\"},\"image\":{\"@id\":\"https:\\\/\\\/www.orthodontist-dubai.com\\\/dental-filling\\\/#primaryimage\"},\"thumbnailUrl\":\"https:\\\/\\\/www.orthodontist-dubai.com\\\/wp-content\\\/uploads\\\/2014\\\/12\\\/banner-best2.jpg\",\"datePublished\":\"2015-04-15T06:53:45+00:00\",\"dateModified\":\"2024-10-19T09:02:34+00:00\",\"breadcrumb\":{\"@id\":\"https:\\\/\\\/www.orthodontist-dubai.com\\\/dental-filling\\\/#breadcrumb\"},\"inLanguage\":\"sv-SE\",\"potentialAction\":[{\"@type\":\"ReadAction\",\"target\":[\"https:\\\/\\\/www.orthodontist-dubai.com\\\/dental-filling\\\/\"]}]},{\"@type\":\"ImageObject\",\"inLanguage\":\"sv-SE\",\"@id\":\"https:\\\/\\\/www.orthodontist-dubai.com\\\/dental-filling\\\/#primaryimage\",\"url\":\"https:\\\/\\\/www.orthodontist-dubai.com\\\/wp-content\\\/uploads\\\/2014\\\/12\\\/banner-best2.jpg\",\"contentUrl\":\"https:\\\/\\\/www.orthodontist-dubai.com\\\/wp-content\\\/uploads\\\/2014\\\/12\\\/banner-best2.jpg\"},{\"@type\":\"BreadcrumbList\",\"@id\":\"https:\\\/\\\/www.orthodontist-dubai.com\\\/dental-filling\\\/#breadcrumb\",\"itemListElement\":[{\"@type\":\"ListItem\",\"position\":1,\"name\":\"\u2776 Home\",\"item\":\"https:\\\/\\\/www.orthodontist-dubai.com\\\/\"},{\"@type\":\"ListItem\",\"position\":2,\"name\":\"Tooth filling cost in Dubai &amp; Tooth filling procedure\"}]},{\"@type\":\"WebSite\",\"@id\":\"https:\\\/\\\/www.orthodontist-dubai.com\\\/#website\",\"url\":\"https:\\\/\\\/www.orthodontist-dubai.com\\\/\",\"name\":\"BEST Orthodontist &amp; Dentist in Dubai UAE for all Dental Treatments\",\"description\":\"Cheap &amp; Best Orthodontist &amp; Dentists for all dental treatments in Dubai UAE\",\"publisher\":{\"@id\":\"https:\\\/\\\/www.orthodontist-dubai.com\\\/#organization\"},\"potentialAction\":[{\"@type\":\"SearchAction\",\"target\":{\"@type\":\"EntryPoint\",\"urlTemplate\":\"https:\\\/\\\/www.orthodontist-dubai.com\\\/?s={search_term_string}\"},\"query-input\":{\"@type\":\"PropertyValueSpecification\",\"valueRequired\":true,\"valueName\":\"search_term_string\"}}],\"inLanguage\":\"sv-SE\"},{\"@type\":\"Organization\",\"@id\":\"https:\\\/\\\/www.orthodontist-dubai.com\\\/#organization\",\"name\":\"Best Orthodontist & Dentist in Dubai UAE\",\"url\":\"https:\\\/\\\/www.orthodontist-dubai.com\\\/\",\"logo\":{\"@type\":\"ImageObject\",\"inLanguage\":\"sv-SE\",\"@id\":\"https:\\\/\\\/www.orthodontist-dubai.com\\\/#\\\/schema\\\/logo\\\/image\\\/\",\"url\":\"https:\\\/\\\/www.orthodontist-dubai.com\\\/wp-content\\\/uploads\\\/2015\\\/04\\\/Othorontist-Dentist-UAE-Logo.png\",\"contentUrl\":\"https:\\\/\\\/www.orthodontist-dubai.com\\\/wp-content\\\/uploads\\\/2015\\\/04\\\/Othorontist-Dentist-UAE-Logo.png\",\"width\":190,\"height\":70,\"caption\":\"Best Orthodontist & Dentist in Dubai UAE\"},\"image\":{\"@id\":\"https:\\\/\\\/www.orthodontist-dubai.com\\\/#\\\/schema\\\/logo\\\/image\\\/\"},\"sameAs\":[\"https:\\\/\\\/www.facebook.com\\\/Orthodontist.Dentist.Dubai\\\/\",\"https:\\\/\\\/www.linkedin.com\\\/in\\\/dr-nazeer-ahmed-meeran-15691083\\\/\"]}]}<\/script>\n<!-- \/ Yoast SEO plugin. -->","yoast_head_json":{"title":"TANDFYLLNINGSKOSTNAD I DUBAI | TANDFYLLNING I DUBAI","robots":{"index":"index","follow":"follow","max-snippet":"max-snippet:-1","max-image-preview":"max-image-preview:large","max-video-preview":"max-video-preview:-1"},"canonical":"https:\/\/www.orthodontist-dubai.com\/sv\/tandfyllning\/","og_locale":"sv_SE","og_type":"article","og_title":"TOOTH FILLING COST IN DUBAI | TOOTH FILLING IN DUBAI","og_description":"A dental filling is done by your dentist to restore tooth damaged by decay to its normal function and shape. Tooth filling cost in Dubai starts at 400 AED per tooth. To explain the tooth filling procedure in a simpler way, the tooth material is removed and your dentist cleans the cavity and then fills [&hellip;]","og_url":"https:\/\/www.orthodontist-dubai.com\/sv\/tandfyllning\/","og_site_name":"BEST Orthodontist &amp; Dentist in Dubai UAE for all Dental Treatments","article_publisher":"https:\/\/www.facebook.com\/Orthodontist.Dentist.Dubai\/","article_modified_time":"2024-10-19T09:02:34+00:00","og_image":[{"url":"https:\/\/www.orthodontist-dubai.com\/wp-content\/uploads\/2014\/12\/banner-best2.jpg","type":"","width":"","height":""}],"twitter_card":"summary_large_image","twitter_misc":{"Ber\u00e4knad l\u00e4stid":"4 minuter"},"schema":{"@context":"https:\/\/schema.org","@graph":[{"@type":"WebPage","@id":"https:\/\/www.orthodontist-dubai.com\/dental-filling\/","url":"https:\/\/www.orthodontist-dubai.com\/dental-filling\/","name":"TANDFYLLNINGSKOSTNAD I DUBAI | TANDFYLLNING I DUBAI","isPartOf":{"@id":"https:\/\/www.orthodontist-dubai.com\/#website"},"primaryImageOfPage":{"@id":"https:\/\/www.orthodontist-dubai.com\/dental-filling\/#primaryimage"},"image":{"@id":"https:\/\/www.orthodontist-dubai.com\/dental-filling\/#primaryimage"},"thumbnailUrl":"https:\/\/www.orthodontist-dubai.com\/wp-content\/uploads\/2014\/12\/banner-best2.jpg","datePublished":"2015-04-15T06:53:45+00:00","dateModified":"2024-10-19T09:02:34+00:00","breadcrumb":{"@id":"https:\/\/www.orthodontist-dubai.com\/dental-filling\/#breadcrumb"},"inLanguage":"sv-SE","potentialAction":[{"@type":"ReadAction","target":["https:\/\/www.orthodontist-dubai.com\/dental-filling\/"]}]},{"@type":"ImageObject","inLanguage":"sv-SE","@id":"https:\/\/www.orthodontist-dubai.com\/dental-filling\/#primaryimage","url":"https:\/\/www.orthodontist-dubai.com\/wp-content\/uploads\/2014\/12\/banner-best2.jpg","contentUrl":"https:\/\/www.orthodontist-dubai.com\/wp-content\/uploads\/2014\/12\/banner-best2.jpg"},{"@type":"BreadcrumbList","@id":"https:\/\/www.orthodontist-dubai.com\/dental-filling\/#breadcrumb","itemListElement":[{"@type":"ListItem","position":1,"name":"\u2776 Home","item":"https:\/\/www.orthodontist-dubai.com\/"},{"@type":"ListItem","position":2,"name":"Tooth filling cost in Dubai &amp; Tooth filling procedure"}]},{"@type":"WebSite","@id":"https:\/\/www.orthodontist-dubai.com\/#website","url":"https:\/\/www.orthodontist-dubai.com\/","name":"B\u00c4STA ortodontist och tandl\u00e4kare i Dubai UAE f\u00f6r alla tandbehandlingar","description":"Billiga och b\u00e4sta ortodontist och tandl\u00e4kare f\u00f6r alla tandbehandlingar i Dubai UAE","publisher":{"@id":"https:\/\/www.orthodontist-dubai.com\/#organization"},"potentialAction":[{"@type":"SearchAction","target":{"@type":"EntryPoint","urlTemplate":"https:\/\/www.orthodontist-dubai.com\/?s={search_term_string}"},"query-input":{"@type":"PropertyValueSpecification","valueRequired":true,"valueName":"search_term_string"}}],"inLanguage":"sv-SE"},{"@type":"Organization","@id":"https:\/\/www.orthodontist-dubai.com\/#organization","name":"B\u00e4sta ortodontist och tandl\u00e4kare i Dubai UAE","url":"https:\/\/www.orthodontist-dubai.com\/","logo":{"@type":"ImageObject","inLanguage":"sv-SE","@id":"https:\/\/www.orthodontist-dubai.com\/#\/schema\/logo\/image\/","url":"https:\/\/www.orthodontist-dubai.com\/wp-content\/uploads\/2015\/04\/Othorontist-Dentist-UAE-Logo.png","contentUrl":"https:\/\/www.orthodontist-dubai.com\/wp-content\/uploads\/2015\/04\/Othorontist-Dentist-UAE-Logo.png","width":190,"height":70,"caption":"Best Orthodontist & Dentist in Dubai UAE"},"image":{"@id":"https:\/\/www.orthodontist-dubai.com\/#\/schema\/logo\/image\/"},"sameAs":["https:\/\/www.facebook.com\/Orthodontist.Dentist.Dubai\/","https:\/\/www.linkedin.com\/in\/dr-nazeer-ahmed-meeran-15691083\/"]}]}},"_links":{"self":[{"href":"https:\/\/www.orthodontist-dubai.com\/sv\/wp-json\/wp\/v2\/pages\/154","targetHints":{"allow":["GET"]}}],"collection":[{"href":"https:\/\/www.orthodontist-dubai.com\/sv\/wp-json\/wp\/v2\/pages"}],"about":[{"href":"https:\/\/www.orthodontist-dubai.com\/sv\/wp-json\/wp\/v2\/types\/page"}],"author":[{"embeddable":true,"href":"https:\/\/www.orthodontist-dubai.com\/sv\/wp-json\/wp\/v2\/users\/1"}],"replies":[{"embeddable":true,"href":"https:\/\/www.orthodontist-dubai.com\/sv\/wp-json\/wp\/v2\/comments?post=154"}],"version-history":[{"count":36,"href":"https:\/\/www.orthodontist-dubai.com\/sv\/wp-json\/wp\/v2\/pages\/154\/revisions"}],"predecessor-version":[{"id":2291,"href":"https:\/\/www.orthodontist-dubai.com\/sv\/wp-json\/wp\/v2\/pages\/154\/revisions\/2291"}],"wp:attachment":[{"href":"https:\/\/www.orthodontist-dubai.com\/sv\/wp-json\/wp\/v2\/media?parent=154"}],"curies":[{"name":"wp","href":"https:\/\/api.w.org\/{rel}","templated":true}]}}