{"id":112,"date":"2015-04-10T12:06:48","date_gmt":"2015-04-10T12:06:48","guid":{"rendered":"https:\/\/www.orthodontist-dubai.com\/?page_id=112"},"modified":"2015-05-04T15:08:35","modified_gmt":"2015-05-04T11:08:35","slug":"fun-dental-facts","status":"publish","type":"page","link":"https:\/\/www.orthodontist-dubai.com\/sv\/roliga-dental-fakta\/","title":{"rendered":"Roliga tandv\u00e5rdsfakta"},"content":{"rendered":"<p><strong>L\u00e5t oss le lite med dessa roliga tandl\u00e4karfakta... Ska vi?<\/strong><\/p>\n<ul>\n<li>Det finns mindre m\u00e4nsklig befolkning p\u00e5 jorden \u00e4n populationen av bakterier i en enda persons mun.<\/li>\n<li>Alla f\u00e5r 2 upps\u00e4ttningar t\u00e4nder under hela livet<\/li>\n<li>Kaffe, alkoholdrycker och cigaretter orsakar fl\u00e4ckar p\u00e5 t\u00e4nderna. F\u00e5 tandblekning gjort med din tandl\u00e4kare.<\/li>\n<li>Colgate Total \u00e4r den mest f\u00f6redragna tandkr\u00e4men i USA<\/li>\n<li>Alla krokodiler har m\u00e5nga upps\u00e4ttningar t\u00e4nder under sin livstid<\/li>\n<li>Tandemaljen \u00e4r den sv\u00e5raste delen i v\u00e5r m\u00e4nniskokropp men anv\u00e4nder den \u00e4nd\u00e5 inte f\u00f6r att \u00f6ppna l\u00e4skflaskor \ud83d\ude42<\/li>\n<li>Dina t\u00e4nder ska h\u00e5lla hela livet (skick \u2013 om du tar hand om det ordentligt)<\/li>\n<li>Att borsta tv\u00e5 g\u00e5nger varje dag \u00e4r mycket viktigt f\u00f6r att f\u00f6rhindra h\u00e5l.<\/li>\n<li>T\u00e4nderna best\u00e5r av kalcium, fosfater och mineralsalter<\/li>\n<li>Gr\u00f6nt te \u00e4r riktigt bra f\u00f6r tandk\u00f6ttet och tandh\u00e4lsan. Den har naturliga antioxidanter som f\u00f6rebygger plack och minskar risken f\u00f6r h\u00e5ligheter och d\u00e5lig andedr\u00e4kt. Gr\u00f6nt te inneh\u00e5ller ocks\u00e5 fluor som kan bek\u00e4mpa karies.<\/li>\n<li>Alkohol minskar saliv, skapar sur milj\u00f6 och mjukar upp tandemaljen. Det orsakar ocks\u00e5 f\u00f6rs\u00e4mring av tandk\u00f6ttet och f\u00f6rlust av tand.<\/li>\n<li>Att anv\u00e4nda tandtr\u00e5d en g\u00e5ng om dagen \u00f6kar din f\u00f6rv\u00e4ntade livsl\u00e4ngd med 7 \u00e5r.<\/li>\n<li>50% av folket betraktar ditt leende som den f\u00f6rsta ansiktsattraktionen.<\/li>\n<\/ul>","protected":false},"excerpt":{"rendered":"<p>Lets smile a little with these fun dental facts&#8230; Shall we? There is less human population in earth than population of bacteria in a single person&#8217;s mouth. Everyone gets 2 set of teeth throughout their lifetime Coffee, alcohol beverages &amp; cigarettes cause stains in teeth. Get teeth whitening done with your dentist. Colgate Total is [&hellip;]<\/p>\n","protected":false},"author":1,"featured_media":0,"parent":0,"menu_order":0,"comment_status":"closed","ping_status":"closed","template":"","meta":{"site-sidebar-layout":"default","site-content-layout":"","ast-site-content-layout":"default","site-content-style":"default","site-sidebar-style":"default","ast-global-header-display":"","ast-banner-title-visibility":"","ast-main-header-display":"","ast-hfb-above-header-display":"","ast-hfb-below-header-display":"","ast-hfb-mobile-header-display":"","site-post-title":"","ast-breadcrumbs-content":"","ast-featured-img":"","footer-sml-layout":"","ast-disable-related-posts":"","theme-transparent-header-meta":"","adv-header-id-meta":"","stick-header-meta":"","header-above-stick-meta":"","header-main-stick-meta":"","header-below-stick-meta":"","astra-migrate-meta-layouts":"default","ast-page-background-enabled":"default","ast-page-background-meta":{"desktop":{"background-color":"var(--ast-global-color-4)","background-image":"","background-repeat":"repeat","background-position":"center center","background-size":"auto","background-attachment":"scroll","background-type":"","background-media":"","overlay-type":"","overlay-color":"","overlay-opacity":"","overlay-gradient":""},"tablet":{"background-color":"","background-image":"","background-repeat":"repeat","background-position":"center center","background-size":"auto","background-attachment":"scroll","background-type":"","background-media":"","overlay-type":"","overlay-color":"","overlay-opacity":"","overlay-gradient":""},"mobile":{"background-color":"","background-image":"","background-repeat":"repeat","background-position":"center center","background-size":"auto","background-attachment":"scroll","background-type":"","background-media":"","overlay-type":"","overlay-color":"","overlay-opacity":"","overlay-gradient":""}},"ast-content-background-meta":{"desktop":{"background-color":"var(--ast-global-color-5)","background-image":"","background-repeat":"repeat","background-position":"center center","background-size":"auto","background-attachment":"scroll","background-type":"","background-media":"","overlay-type":"","overlay-color":"","overlay-opacity":"","overlay-gradient":""},"tablet":{"background-color":"var(--ast-global-color-5)","background-image":"","background-repeat":"repeat","background-position":"center center","background-size":"auto","background-attachment":"scroll","background-type":"","background-media":"","overlay-type":"","overlay-color":"","overlay-opacity":"","overlay-gradient":""},"mobile":{"background-color":"var(--ast-global-color-5)","background-image":"","background-repeat":"repeat","background-position":"center center","background-size":"auto","background-attachment":"scroll","background-type":"","background-media":"","overlay-type":"","overlay-color":"","overlay-opacity":"","overlay-gradient":""}},"footnotes":""},"class_list":["post-112","page","type-page","status-publish","hentry"],"yoast_head":"<!-- This site is optimized with the Yoast SEO plugin v27.4 - https:\/\/yoast.com\/product\/yoast-seo-wordpress\/ -->\n<title>FUN DENTAL FACTS<\/title>\n<meta name=\"robots\" content=\"index, follow, max-snippet:-1, max-image-preview:large, max-video-preview:-1\" \/>\n<link rel=\"canonical\" href=\"https:\/\/www.orthodontist-dubai.com\/sv\/roliga-dental-fakta\/\" \/>\n<meta property=\"og:locale\" content=\"sv_SE\" \/>\n<meta property=\"og:type\" content=\"article\" \/>\n<meta property=\"og:title\" content=\"FUN DENTAL FACTS\" \/>\n<meta property=\"og:description\" content=\"Lets smile a little with these fun dental facts&#8230; Shall we? There is less human population in earth than population of bacteria in a single person&#8217;s mouth. Everyone gets 2 set of teeth throughout their lifetime Coffee, alcohol beverages &amp; cigarettes cause stains in teeth. Get teeth whitening done with your dentist. Colgate Total is [&hellip;]\" \/>\n<meta property=\"og:url\" content=\"https:\/\/www.orthodontist-dubai.com\/sv\/roliga-dental-fakta\/\" \/>\n<meta property=\"og:site_name\" content=\"BEST Orthodontist &amp; Dentist in Dubai UAE for all Dental Treatments\" \/>\n<meta property=\"article:publisher\" content=\"https:\/\/www.facebook.com\/Orthodontist.Dentist.Dubai\/\" \/>\n<meta property=\"article:modified_time\" content=\"2015-05-04T11:08:35+00:00\" \/>\n<meta name=\"twitter:card\" content=\"summary_large_image\" \/>\n<meta name=\"twitter:label1\" content=\"Ber\u00e4knad l\u00e4stid\" \/>\n\t<meta name=\"twitter:data1\" content=\"1 minut\" \/>\n<script type=\"application\/ld+json\" class=\"yoast-schema-graph\">{\"@context\":\"https:\\\/\\\/schema.org\",\"@graph\":[{\"@type\":\"WebPage\",\"@id\":\"https:\\\/\\\/www.orthodontist-dubai.com\\\/fun-dental-facts\\\/\",\"url\":\"https:\\\/\\\/www.orthodontist-dubai.com\\\/fun-dental-facts\\\/\",\"name\":\"FUN DENTAL FACTS\",\"isPartOf\":{\"@id\":\"https:\\\/\\\/www.orthodontist-dubai.com\\\/#website\"},\"datePublished\":\"2015-04-10T12:06:48+00:00\",\"dateModified\":\"2015-05-04T11:08:35+00:00\",\"breadcrumb\":{\"@id\":\"https:\\\/\\\/www.orthodontist-dubai.com\\\/fun-dental-facts\\\/#breadcrumb\"},\"inLanguage\":\"sv-SE\",\"potentialAction\":[{\"@type\":\"ReadAction\",\"target\":[\"https:\\\/\\\/www.orthodontist-dubai.com\\\/fun-dental-facts\\\/\"]}]},{\"@type\":\"BreadcrumbList\",\"@id\":\"https:\\\/\\\/www.orthodontist-dubai.com\\\/fun-dental-facts\\\/#breadcrumb\",\"itemListElement\":[{\"@type\":\"ListItem\",\"position\":1,\"name\":\"\u2776 Home\",\"item\":\"https:\\\/\\\/www.orthodontist-dubai.com\\\/\"},{\"@type\":\"ListItem\",\"position\":2,\"name\":\"Fun Dental Facts\"}]},{\"@type\":\"WebSite\",\"@id\":\"https:\\\/\\\/www.orthodontist-dubai.com\\\/#website\",\"url\":\"https:\\\/\\\/www.orthodontist-dubai.com\\\/\",\"name\":\"BEST Orthodontist &amp; Dentist in Dubai UAE for all Dental Treatments\",\"description\":\"Cheap &amp; Best Orthodontist &amp; Dentists for all dental treatments in Dubai UAE\",\"publisher\":{\"@id\":\"https:\\\/\\\/www.orthodontist-dubai.com\\\/#organization\"},\"potentialAction\":[{\"@type\":\"SearchAction\",\"target\":{\"@type\":\"EntryPoint\",\"urlTemplate\":\"https:\\\/\\\/www.orthodontist-dubai.com\\\/?s={search_term_string}\"},\"query-input\":{\"@type\":\"PropertyValueSpecification\",\"valueRequired\":true,\"valueName\":\"search_term_string\"}}],\"inLanguage\":\"sv-SE\"},{\"@type\":\"Organization\",\"@id\":\"https:\\\/\\\/www.orthodontist-dubai.com\\\/#organization\",\"name\":\"Best Orthodontist & Dentist in Dubai UAE\",\"url\":\"https:\\\/\\\/www.orthodontist-dubai.com\\\/\",\"logo\":{\"@type\":\"ImageObject\",\"inLanguage\":\"sv-SE\",\"@id\":\"https:\\\/\\\/www.orthodontist-dubai.com\\\/#\\\/schema\\\/logo\\\/image\\\/\",\"url\":\"https:\\\/\\\/www.orthodontist-dubai.com\\\/wp-content\\\/uploads\\\/2015\\\/04\\\/Othorontist-Dentist-UAE-Logo.png\",\"contentUrl\":\"https:\\\/\\\/www.orthodontist-dubai.com\\\/wp-content\\\/uploads\\\/2015\\\/04\\\/Othorontist-Dentist-UAE-Logo.png\",\"width\":190,\"height\":70,\"caption\":\"Best Orthodontist & Dentist in Dubai UAE\"},\"image\":{\"@id\":\"https:\\\/\\\/www.orthodontist-dubai.com\\\/#\\\/schema\\\/logo\\\/image\\\/\"},\"sameAs\":[\"https:\\\/\\\/www.facebook.com\\\/Orthodontist.Dentist.Dubai\\\/\",\"https:\\\/\\\/www.linkedin.com\\\/in\\\/dr-nazeer-ahmed-meeran-15691083\\\/\"]}]}<\/script>\n<!-- \/ Yoast SEO plugin. -->","yoast_head_json":{"title":"KUL TANDFAKTA","robots":{"index":"index","follow":"follow","max-snippet":"max-snippet:-1","max-image-preview":"max-image-preview:large","max-video-preview":"max-video-preview:-1"},"canonical":"https:\/\/www.orthodontist-dubai.com\/sv\/roliga-dental-fakta\/","og_locale":"sv_SE","og_type":"article","og_title":"FUN DENTAL FACTS","og_description":"Lets smile a little with these fun dental facts&#8230; Shall we? There is less human population in earth than population of bacteria in a single person&#8217;s mouth. Everyone gets 2 set of teeth throughout their lifetime Coffee, alcohol beverages &amp; cigarettes cause stains in teeth. Get teeth whitening done with your dentist. Colgate Total is [&hellip;]","og_url":"https:\/\/www.orthodontist-dubai.com\/sv\/roliga-dental-fakta\/","og_site_name":"BEST Orthodontist &amp; Dentist in Dubai UAE for all Dental Treatments","article_publisher":"https:\/\/www.facebook.com\/Orthodontist.Dentist.Dubai\/","article_modified_time":"2015-05-04T11:08:35+00:00","twitter_card":"summary_large_image","twitter_misc":{"Ber\u00e4knad l\u00e4stid":"1 minut"},"schema":{"@context":"https:\/\/schema.org","@graph":[{"@type":"WebPage","@id":"https:\/\/www.orthodontist-dubai.com\/fun-dental-facts\/","url":"https:\/\/www.orthodontist-dubai.com\/fun-dental-facts\/","name":"KUL TANDFAKTA","isPartOf":{"@id":"https:\/\/www.orthodontist-dubai.com\/#website"},"datePublished":"2015-04-10T12:06:48+00:00","dateModified":"2015-05-04T11:08:35+00:00","breadcrumb":{"@id":"https:\/\/www.orthodontist-dubai.com\/fun-dental-facts\/#breadcrumb"},"inLanguage":"sv-SE","potentialAction":[{"@type":"ReadAction","target":["https:\/\/www.orthodontist-dubai.com\/fun-dental-facts\/"]}]},{"@type":"BreadcrumbList","@id":"https:\/\/www.orthodontist-dubai.com\/fun-dental-facts\/#breadcrumb","itemListElement":[{"@type":"ListItem","position":1,"name":"\u2776 Home","item":"https:\/\/www.orthodontist-dubai.com\/"},{"@type":"ListItem","position":2,"name":"Fun Dental Facts"}]},{"@type":"WebSite","@id":"https:\/\/www.orthodontist-dubai.com\/#website","url":"https:\/\/www.orthodontist-dubai.com\/","name":"B\u00c4STA ortodontist och tandl\u00e4kare i Dubai UAE f\u00f6r alla tandbehandlingar","description":"Billiga och b\u00e4sta ortodontist och tandl\u00e4kare f\u00f6r alla tandbehandlingar i Dubai UAE","publisher":{"@id":"https:\/\/www.orthodontist-dubai.com\/#organization"},"potentialAction":[{"@type":"SearchAction","target":{"@type":"EntryPoint","urlTemplate":"https:\/\/www.orthodontist-dubai.com\/?s={search_term_string}"},"query-input":{"@type":"PropertyValueSpecification","valueRequired":true,"valueName":"search_term_string"}}],"inLanguage":"sv-SE"},{"@type":"Organization","@id":"https:\/\/www.orthodontist-dubai.com\/#organization","name":"B\u00e4sta ortodontist och tandl\u00e4kare i Dubai UAE","url":"https:\/\/www.orthodontist-dubai.com\/","logo":{"@type":"ImageObject","inLanguage":"sv-SE","@id":"https:\/\/www.orthodontist-dubai.com\/#\/schema\/logo\/image\/","url":"https:\/\/www.orthodontist-dubai.com\/wp-content\/uploads\/2015\/04\/Othorontist-Dentist-UAE-Logo.png","contentUrl":"https:\/\/www.orthodontist-dubai.com\/wp-content\/uploads\/2015\/04\/Othorontist-Dentist-UAE-Logo.png","width":190,"height":70,"caption":"Best Orthodontist & Dentist in Dubai UAE"},"image":{"@id":"https:\/\/www.orthodontist-dubai.com\/#\/schema\/logo\/image\/"},"sameAs":["https:\/\/www.facebook.com\/Orthodontist.Dentist.Dubai\/","https:\/\/www.linkedin.com\/in\/dr-nazeer-ahmed-meeran-15691083\/"]}]}},"_links":{"self":[{"href":"https:\/\/www.orthodontist-dubai.com\/sv\/wp-json\/wp\/v2\/pages\/112","targetHints":{"allow":["GET"]}}],"collection":[{"href":"https:\/\/www.orthodontist-dubai.com\/sv\/wp-json\/wp\/v2\/pages"}],"about":[{"href":"https:\/\/www.orthodontist-dubai.com\/sv\/wp-json\/wp\/v2\/types\/page"}],"author":[{"embeddable":true,"href":"https:\/\/www.orthodontist-dubai.com\/sv\/wp-json\/wp\/v2\/users\/1"}],"replies":[{"embeddable":true,"href":"https:\/\/www.orthodontist-dubai.com\/sv\/wp-json\/wp\/v2\/comments?post=112"}],"version-history":[{"count":5,"href":"https:\/\/www.orthodontist-dubai.com\/sv\/wp-json\/wp\/v2\/pages\/112\/revisions"}],"predecessor-version":[{"id":209,"href":"https:\/\/www.orthodontist-dubai.com\/sv\/wp-json\/wp\/v2\/pages\/112\/revisions\/209"}],"wp:attachment":[{"href":"https:\/\/www.orthodontist-dubai.com\/sv\/wp-json\/wp\/v2\/media?parent=112"}],"curies":[{"name":"wp","href":"https:\/\/api.w.org\/{rel}","templated":true}]}}