{"id":11,"date":"2014-12-28T18:03:31","date_gmt":"2014-12-28T18:03:31","guid":{"rendered":"https:\/\/www.orthodontist-dubai.com\/?page_id=11"},"modified":"2016-06-25T04:58:10","modified_gmt":"2016-06-25T00:58:10","slug":"orthodontic-braces-types","status":"publish","type":"page","link":"https:\/\/www.orthodontist-dubai.com\/sv\/ortodontiska-hangslen-typer\/","title":{"rendered":"Typer av ortodontiska h\u00e4ngslen"},"content":{"rendered":"<p>En ortodontist \u00e4r en specialiserad tandl\u00e4kare som r\u00e4tar ut sneda t\u00e4nder eller felinriktade k\u00e4kar med hj\u00e4lp av tandst\u00e4llning eller apparater. F\u00f6rbi \u00e4r de dagar d\u00e5 endast metallh\u00e4ngslen innebar Ortodontiska behandlingar. Ta reda p\u00e5 de olika typerna av h\u00e4ngslen som finns tillg\u00e4ngliga idag och deras fullst\u00e4ndiga detaljer genom att v\u00e4lja \u00f6nskad i rullgardinsmenyn i huvudmenyn eller nedan.<\/p>\n<ul>\n<li><a href=\"https:\/\/www.orthodontist-dubai.com\/sv\/traditionella-metall-hangslen\/\">Typer av metallh\u00e4ngslen<\/a><\/li>\n<li><a href=\"https:\/\/www.orthodontist-dubai.com\/sv\/keramiska-hangslen\/\">Keramiska h\u00e4ngslen<\/a><\/li>\n<li><a href=\"https:\/\/www.orthodontist-dubai.com\/sv\/lingual-inkognito-hangslen\/\">Spr\u00e5kliga h\u00e4ngslen<\/a><\/li>\n<li><a href=\"https:\/\/www.orthodontist-dubai.com\/sv\/damon-hangslen\/\">Damon h\u00e4ngslen<\/a><\/li>\n<li><a href=\"https:\/\/www.orthodontist-dubai.com\/sv\/invisalign\/\">Invisalign \u2013 Osynliga h\u00e4ngslen i Dubai UAE<\/a><\/li>\n<li><a href=\"https:\/\/www.orthodontist-dubai.com\/sv\/eon-aligners\/\">Eon Aligners<\/a><\/li>\n<li><a href=\"https:\/\/www.orthodontist-dubai.com\/sv\/harmoni-system\/\">Harmony System<\/a><\/li>\n<li><a href=\"https:\/\/www.orthodontist-dubai.com\/sv\/inkognito-hangslen\/\">Inkognito h\u00e4ngslen<\/a><\/li>\n<li><a href=\"https:\/\/www.orthodontist-dubai.com\/sv\/smart-klipp\/\">Smart Clip<\/a><\/li>\n<li><a href=\"https:\/\/www.orthodontist-dubai.com\/sv\/tenbrook-t1-system\/\">Tenbrook T1 System<\/a><\/li>\n<li><a href=\"https:\/\/www.orthodontist-dubai.com\/sv\/ortopedisk-apparat\/\">Ortopedisk apparat<\/a><\/li>\n<\/ul>","protected":false},"excerpt":{"rendered":"<p>An orthodontist is a specialized dentist who straightens crooked teeth or misaligned jaws with the help of braces or appliances. Gone are the days when only the metal braces meant Orthodontic Treatments. Find out the various types of braces available today and their complete details by selecting the desired one from the main menu drop [&hellip;]<\/p>\n","protected":false},"author":1,"featured_media":0,"parent":0,"menu_order":0,"comment_status":"closed","ping_status":"closed","template":"page-templates\/full-width.php","meta":{"site-sidebar-layout":"default","site-content-layout":"","ast-site-content-layout":"default","site-content-style":"default","site-sidebar-style":"default","ast-global-header-display":"","ast-banner-title-visibility":"","ast-main-header-display":"","ast-hfb-above-header-display":"","ast-hfb-below-header-display":"","ast-hfb-mobile-header-display":"","site-post-title":"","ast-breadcrumbs-content":"","ast-featured-img":"","footer-sml-layout":"","ast-disable-related-posts":"","theme-transparent-header-meta":"","adv-header-id-meta":"","stick-header-meta":"","header-above-stick-meta":"","header-main-stick-meta":"","header-below-stick-meta":"","astra-migrate-meta-layouts":"default","ast-page-background-enabled":"default","ast-page-background-meta":{"desktop":{"background-color":"var(--ast-global-color-4)","background-image":"","background-repeat":"repeat","background-position":"center center","background-size":"auto","background-attachment":"scroll","background-type":"","background-media":"","overlay-type":"","overlay-color":"","overlay-opacity":"","overlay-gradient":""},"tablet":{"background-color":"","background-image":"","background-repeat":"repeat","background-position":"center center","background-size":"auto","background-attachment":"scroll","background-type":"","background-media":"","overlay-type":"","overlay-color":"","overlay-opacity":"","overlay-gradient":""},"mobile":{"background-color":"","background-image":"","background-repeat":"repeat","background-position":"center center","background-size":"auto","background-attachment":"scroll","background-type":"","background-media":"","overlay-type":"","overlay-color":"","overlay-opacity":"","overlay-gradient":""}},"ast-content-background-meta":{"desktop":{"background-color":"var(--ast-global-color-5)","background-image":"","background-repeat":"repeat","background-position":"center center","background-size":"auto","background-attachment":"scroll","background-type":"","background-media":"","overlay-type":"","overlay-color":"","overlay-opacity":"","overlay-gradient":""},"tablet":{"background-color":"var(--ast-global-color-5)","background-image":"","background-repeat":"repeat","background-position":"center center","background-size":"auto","background-attachment":"scroll","background-type":"","background-media":"","overlay-type":"","overlay-color":"","overlay-opacity":"","overlay-gradient":""},"mobile":{"background-color":"var(--ast-global-color-5)","background-image":"","background-repeat":"repeat","background-position":"center center","background-size":"auto","background-attachment":"scroll","background-type":"","background-media":"","overlay-type":"","overlay-color":"","overlay-opacity":"","overlay-gradient":""}},"footnotes":""},"class_list":["post-11","page","type-page","status-publish","hentry"],"yoast_head":"<!-- This site is optimized with the Yoast SEO plugin v27.4 - https:\/\/yoast.com\/product\/yoast-seo-wordpress\/ -->\n<title>ORTHODONTIC BRACES TYPES IN DUBAI UAE<\/title>\n<meta name=\"robots\" content=\"index, follow, max-snippet:-1, max-image-preview:large, max-video-preview:-1\" \/>\n<link rel=\"canonical\" href=\"https:\/\/www.orthodontist-dubai.com\/sv\/ortodontiska-hangslen-typer\/\" \/>\n<meta property=\"og:locale\" content=\"sv_SE\" \/>\n<meta property=\"og:type\" content=\"article\" \/>\n<meta property=\"og:title\" content=\"ORTHODONTIC BRACES TYPES IN DUBAI UAE\" \/>\n<meta property=\"og:description\" content=\"An orthodontist is a specialized dentist who straightens crooked teeth or misaligned jaws with the help of braces or appliances. Gone are the days when only the metal braces meant Orthodontic Treatments. Find out the various types of braces available today and their complete details by selecting the desired one from the main menu drop [&hellip;]\" \/>\n<meta property=\"og:url\" content=\"https:\/\/www.orthodontist-dubai.com\/sv\/ortodontiska-hangslen-typer\/\" \/>\n<meta property=\"og:site_name\" content=\"BEST Orthodontist &amp; Dentist in Dubai UAE for all Dental Treatments\" \/>\n<meta property=\"article:publisher\" content=\"https:\/\/www.facebook.com\/Orthodontist.Dentist.Dubai\/\" \/>\n<meta property=\"article:modified_time\" content=\"2016-06-25T00:58:10+00:00\" \/>\n<meta name=\"twitter:card\" content=\"summary_large_image\" \/>\n<script type=\"application\/ld+json\" class=\"yoast-schema-graph\">{\"@context\":\"https:\\\/\\\/schema.org\",\"@graph\":[{\"@type\":\"WebPage\",\"@id\":\"https:\\\/\\\/www.orthodontist-dubai.com\\\/orthodontic-braces-types\\\/\",\"url\":\"https:\\\/\\\/www.orthodontist-dubai.com\\\/orthodontic-braces-types\\\/\",\"name\":\"ORTHODONTIC BRACES TYPES IN DUBAI UAE\",\"isPartOf\":{\"@id\":\"https:\\\/\\\/www.orthodontist-dubai.com\\\/#website\"},\"datePublished\":\"2014-12-28T18:03:31+00:00\",\"dateModified\":\"2016-06-25T00:58:10+00:00\",\"breadcrumb\":{\"@id\":\"https:\\\/\\\/www.orthodontist-dubai.com\\\/orthodontic-braces-types\\\/#breadcrumb\"},\"inLanguage\":\"sv-SE\",\"potentialAction\":[{\"@type\":\"ReadAction\",\"target\":[\"https:\\\/\\\/www.orthodontist-dubai.com\\\/orthodontic-braces-types\\\/\"]}]},{\"@type\":\"BreadcrumbList\",\"@id\":\"https:\\\/\\\/www.orthodontist-dubai.com\\\/orthodontic-braces-types\\\/#breadcrumb\",\"itemListElement\":[{\"@type\":\"ListItem\",\"position\":1,\"name\":\"\u2776 Home\",\"item\":\"https:\\\/\\\/www.orthodontist-dubai.com\\\/\"},{\"@type\":\"ListItem\",\"position\":2,\"name\":\"Orthodontic Braces Types\"}]},{\"@type\":\"WebSite\",\"@id\":\"https:\\\/\\\/www.orthodontist-dubai.com\\\/#website\",\"url\":\"https:\\\/\\\/www.orthodontist-dubai.com\\\/\",\"name\":\"BEST Orthodontist &amp; Dentist in Dubai UAE for all Dental Treatments\",\"description\":\"Cheap &amp; Best Orthodontist &amp; Dentists for all dental treatments in Dubai UAE\",\"publisher\":{\"@id\":\"https:\\\/\\\/www.orthodontist-dubai.com\\\/#organization\"},\"potentialAction\":[{\"@type\":\"SearchAction\",\"target\":{\"@type\":\"EntryPoint\",\"urlTemplate\":\"https:\\\/\\\/www.orthodontist-dubai.com\\\/?s={search_term_string}\"},\"query-input\":{\"@type\":\"PropertyValueSpecification\",\"valueRequired\":true,\"valueName\":\"search_term_string\"}}],\"inLanguage\":\"sv-SE\"},{\"@type\":\"Organization\",\"@id\":\"https:\\\/\\\/www.orthodontist-dubai.com\\\/#organization\",\"name\":\"Best Orthodontist & Dentist in Dubai UAE\",\"url\":\"https:\\\/\\\/www.orthodontist-dubai.com\\\/\",\"logo\":{\"@type\":\"ImageObject\",\"inLanguage\":\"sv-SE\",\"@id\":\"https:\\\/\\\/www.orthodontist-dubai.com\\\/#\\\/schema\\\/logo\\\/image\\\/\",\"url\":\"https:\\\/\\\/www.orthodontist-dubai.com\\\/wp-content\\\/uploads\\\/2015\\\/04\\\/Othorontist-Dentist-UAE-Logo.png\",\"contentUrl\":\"https:\\\/\\\/www.orthodontist-dubai.com\\\/wp-content\\\/uploads\\\/2015\\\/04\\\/Othorontist-Dentist-UAE-Logo.png\",\"width\":190,\"height\":70,\"caption\":\"Best Orthodontist & Dentist in Dubai UAE\"},\"image\":{\"@id\":\"https:\\\/\\\/www.orthodontist-dubai.com\\\/#\\\/schema\\\/logo\\\/image\\\/\"},\"sameAs\":[\"https:\\\/\\\/www.facebook.com\\\/Orthodontist.Dentist.Dubai\\\/\",\"https:\\\/\\\/www.linkedin.com\\\/in\\\/dr-nazeer-ahmed-meeran-15691083\\\/\"]}]}<\/script>\n<!-- \/ Yoast SEO plugin. -->","yoast_head_json":{"title":"TYPER ORTODONTISK HANDS\u00c4NGD I DUBAI UAE","robots":{"index":"index","follow":"follow","max-snippet":"max-snippet:-1","max-image-preview":"max-image-preview:large","max-video-preview":"max-video-preview:-1"},"canonical":"https:\/\/www.orthodontist-dubai.com\/sv\/ortodontiska-hangslen-typer\/","og_locale":"sv_SE","og_type":"article","og_title":"ORTHODONTIC BRACES TYPES IN DUBAI UAE","og_description":"An orthodontist is a specialized dentist who straightens crooked teeth or misaligned jaws with the help of braces or appliances. Gone are the days when only the metal braces meant Orthodontic Treatments. Find out the various types of braces available today and their complete details by selecting the desired one from the main menu drop [&hellip;]","og_url":"https:\/\/www.orthodontist-dubai.com\/sv\/ortodontiska-hangslen-typer\/","og_site_name":"BEST Orthodontist &amp; Dentist in Dubai UAE for all Dental Treatments","article_publisher":"https:\/\/www.facebook.com\/Orthodontist.Dentist.Dubai\/","article_modified_time":"2016-06-25T00:58:10+00:00","twitter_card":"summary_large_image","schema":{"@context":"https:\/\/schema.org","@graph":[{"@type":"WebPage","@id":"https:\/\/www.orthodontist-dubai.com\/orthodontic-braces-types\/","url":"https:\/\/www.orthodontist-dubai.com\/orthodontic-braces-types\/","name":"TYPER ORTODONTISK HANDS\u00c4NGD I DUBAI UAE","isPartOf":{"@id":"https:\/\/www.orthodontist-dubai.com\/#website"},"datePublished":"2014-12-28T18:03:31+00:00","dateModified":"2016-06-25T00:58:10+00:00","breadcrumb":{"@id":"https:\/\/www.orthodontist-dubai.com\/orthodontic-braces-types\/#breadcrumb"},"inLanguage":"sv-SE","potentialAction":[{"@type":"ReadAction","target":["https:\/\/www.orthodontist-dubai.com\/orthodontic-braces-types\/"]}]},{"@type":"BreadcrumbList","@id":"https:\/\/www.orthodontist-dubai.com\/orthodontic-braces-types\/#breadcrumb","itemListElement":[{"@type":"ListItem","position":1,"name":"\u2776 Home","item":"https:\/\/www.orthodontist-dubai.com\/"},{"@type":"ListItem","position":2,"name":"Orthodontic Braces Types"}]},{"@type":"WebSite","@id":"https:\/\/www.orthodontist-dubai.com\/#website","url":"https:\/\/www.orthodontist-dubai.com\/","name":"B\u00c4STA ortodontist och tandl\u00e4kare i Dubai UAE f\u00f6r alla tandbehandlingar","description":"Billiga och b\u00e4sta ortodontist och tandl\u00e4kare f\u00f6r alla tandbehandlingar i Dubai UAE","publisher":{"@id":"https:\/\/www.orthodontist-dubai.com\/#organization"},"potentialAction":[{"@type":"SearchAction","target":{"@type":"EntryPoint","urlTemplate":"https:\/\/www.orthodontist-dubai.com\/?s={search_term_string}"},"query-input":{"@type":"PropertyValueSpecification","valueRequired":true,"valueName":"search_term_string"}}],"inLanguage":"sv-SE"},{"@type":"Organization","@id":"https:\/\/www.orthodontist-dubai.com\/#organization","name":"B\u00e4sta ortodontist och tandl\u00e4kare i Dubai UAE","url":"https:\/\/www.orthodontist-dubai.com\/","logo":{"@type":"ImageObject","inLanguage":"sv-SE","@id":"https:\/\/www.orthodontist-dubai.com\/#\/schema\/logo\/image\/","url":"https:\/\/www.orthodontist-dubai.com\/wp-content\/uploads\/2015\/04\/Othorontist-Dentist-UAE-Logo.png","contentUrl":"https:\/\/www.orthodontist-dubai.com\/wp-content\/uploads\/2015\/04\/Othorontist-Dentist-UAE-Logo.png","width":190,"height":70,"caption":"Best Orthodontist & Dentist in Dubai UAE"},"image":{"@id":"https:\/\/www.orthodontist-dubai.com\/#\/schema\/logo\/image\/"},"sameAs":["https:\/\/www.facebook.com\/Orthodontist.Dentist.Dubai\/","https:\/\/www.linkedin.com\/in\/dr-nazeer-ahmed-meeran-15691083\/"]}]}},"_links":{"self":[{"href":"https:\/\/www.orthodontist-dubai.com\/sv\/wp-json\/wp\/v2\/pages\/11","targetHints":{"allow":["GET"]}}],"collection":[{"href":"https:\/\/www.orthodontist-dubai.com\/sv\/wp-json\/wp\/v2\/pages"}],"about":[{"href":"https:\/\/www.orthodontist-dubai.com\/sv\/wp-json\/wp\/v2\/types\/page"}],"author":[{"embeddable":true,"href":"https:\/\/www.orthodontist-dubai.com\/sv\/wp-json\/wp\/v2\/users\/1"}],"replies":[{"embeddable":true,"href":"https:\/\/www.orthodontist-dubai.com\/sv\/wp-json\/wp\/v2\/comments?post=11"}],"version-history":[{"count":2,"href":"https:\/\/www.orthodontist-dubai.com\/sv\/wp-json\/wp\/v2\/pages\/11\/revisions"}],"predecessor-version":[{"id":292,"href":"https:\/\/www.orthodontist-dubai.com\/sv\/wp-json\/wp\/v2\/pages\/11\/revisions\/292"}],"wp:attachment":[{"href":"https:\/\/www.orthodontist-dubai.com\/sv\/wp-json\/wp\/v2\/media?parent=11"}],"curies":[{"name":"wp","href":"https:\/\/api.w.org\/{rel}","templated":true}]}}