{"id":246,"date":"2015-05-07T21:03:17","date_gmt":"2015-05-07T17:03:17","guid":{"rendered":"https:\/\/www.orthodontist-dubai.com\/?page_id=246"},"modified":"2015-05-07T23:06:58","modified_gmt":"2015-05-07T19:06:58","slug":"reviews-ratings-dubai-sky-clinic","status":"publish","type":"page","link":"https:\/\/www.orthodontist-dubai.com\/pl\/recenzje-oceny-dubai-sky-clinic\/","title":{"rendered":"Recenzje i oceny Dubai Sky Clinic"},"content":{"rendered":"<p><img decoding=\"async\" class=\"aligncenter size-full wp-image-250 lazyload\" data-src=\"https:\/\/www.orthodontist-dubai.com\/wp-content\/uploads\/2015\/05\/Dubai-Sky-Clinic-Reviews.jpg\" alt=\"Recenzje Dubai Sky Clinic\" width=\"300\" height=\"53\" src=\"data:image\/svg+xml;base64,PHN2ZyB3aWR0aD0iMSIgaGVpZ2h0PSIxIiB4bWxucz0iaHR0cDovL3d3dy53My5vcmcvMjAwMC9zdmciPjwvc3ZnPg==\" style=\"--smush-placeholder-width: 300px; --smush-placeholder-aspect-ratio: 300\/53;\" \/><\/p>\n<p><strong>Nazwa :<\/strong> Dubai Sky Clinic, Bur Dubai.<\/p>\n<p><strong>Telefon:<\/strong> + 971 4 355 8808<\/p>\n<p><strong>Adres:<\/strong><\/p>\n<address>Wie\u017ca biznesowa Burjuman, poziom 21,<br \/>\nTrade Center Street, Bur Dubaj.<br \/>\nSkrytka pocztowa 120769, Dubaj, Zjednoczone Emiraty Arabskie<\/address>\n<p><strong>E-mail :<\/strong> info@dubaiskyclinic.com<\/p>\n<p><span style=\"text-decoration: underline;\"><strong>Recenzje i oceny:<\/strong><\/span><\/p>\n<p><img decoding=\"async\" class=\"aligncenter size-full wp-image-251 lazyload\" data-src=\"https:\/\/www.orthodontist-dubai.com\/wp-content\/uploads\/2015\/05\/dubai-sky-clinic-reviews1.png\" alt=\"recenzje kliniki Dubai Sky 1\" width=\"412\" height=\"189\" data-srcset=\"https:\/\/www.orthodontist-dubai.com\/wp-content\/uploads\/2015\/05\/dubai-sky-clinic-reviews1.png 412w, https:\/\/www.orthodontist-dubai.com\/wp-content\/uploads\/2015\/05\/dubai-sky-clinic-reviews1-300x138.png 300w\" data-sizes=\"(max-width: 412px) 100vw, 412px\" src=\"data:image\/svg+xml;base64,PHN2ZyB3aWR0aD0iMSIgaGVpZ2h0PSIxIiB4bWxucz0iaHR0cDovL3d3dy53My5vcmcvMjAwMC9zdmciPjwvc3ZnPg==\" style=\"--smush-placeholder-width: 412px; --smush-placeholder-aspect-ratio: 412\/189;\" \/><\/p>\n<p><strong>Link \u017ar\u00f3d\u0142owy:<\/strong> <a title=\"Recenzje Dubai Sky Clinic\" href=\"https:\/\/www.facebook.com\/DubaiSkyClinic\/reviews\" target=\"_blank\" rel=\"nofollow\"><span style=\"color: #ff0000;\">https:\/\/www.facebook.com\/DubaiSkyClinic\/reviews<\/span><\/a><\/p>\n<p><a href=\"https:\/\/www.facebook.com\/DubaiSkyClinic\/reviews\" target=\"_blank\" rel=\"nofollow\"><img decoding=\"async\" class=\"aligncenter size-full wp-image-252 lazyload\" data-src=\"https:\/\/www.orthodontist-dubai.com\/wp-content\/uploads\/2015\/05\/dubai-sky-clinic-reviews.png\" alt=\"recenzje kliniki Dubai Sky\" width=\"516\" height=\"462\" data-srcset=\"https:\/\/www.orthodontist-dubai.com\/wp-content\/uploads\/2015\/05\/dubai-sky-clinic-reviews.png 516w, https:\/\/www.orthodontist-dubai.com\/wp-content\/uploads\/2015\/05\/dubai-sky-clinic-reviews-300x269.png 300w\" data-sizes=\"(max-width: 516px) 100vw, 516px\" src=\"data:image\/svg+xml;base64,PHN2ZyB3aWR0aD0iMSIgaGVpZ2h0PSIxIiB4bWxucz0iaHR0cDovL3d3dy53My5vcmcvMjAwMC9zdmciPjwvc3ZnPg==\" style=\"--smush-placeholder-width: 516px; --smush-placeholder-aspect-ratio: 516\/462;\" \/><\/a><\/p>\n<p>&nbsp;<\/p>","protected":false},"excerpt":{"rendered":"<p>Name : Dubai Sky Clinic, Bur Dubai. Phone : + 971 4 355 8808 Address: Burjuman Business Tower, Level 21, Trade Center Street, Bur Dubai. P O Box 120769, Dubai, U.A.E. Email : info@dubaiskyclinic.com Reviews &amp; Ratings : Source Link : https:\/\/www.facebook.com\/DubaiSkyClinic\/reviews &nbsp;<\/p>","protected":false},"author":1,"featured_media":0,"parent":0,"menu_order":0,"comment_status":"closed","ping_status":"closed","template":"","meta":{"site-sidebar-layout":"default","site-content-layout":"","ast-site-content-layout":"default","site-content-style":"default","site-sidebar-style":"default","ast-global-header-display":"","ast-banner-title-visibility":"","ast-main-header-display":"","ast-hfb-above-header-display":"","ast-hfb-below-header-display":"","ast-hfb-mobile-header-display":"","site-post-title":"","ast-breadcrumbs-content":"","ast-featured-img":"","footer-sml-layout":"","ast-disable-related-posts":"","theme-transparent-header-meta":"","adv-header-id-meta":"","stick-header-meta":"","header-above-stick-meta":"","header-main-stick-meta":"","header-below-stick-meta":"","astra-migrate-meta-layouts":"default","ast-page-background-enabled":"default","ast-page-background-meta":{"desktop":{"background-color":"var(--ast-global-color-4)","background-image":"","background-repeat":"repeat","background-position":"center center","background-size":"auto","background-attachment":"scroll","background-type":"","background-media":"","overlay-type":"","overlay-color":"","overlay-opacity":"","overlay-gradient":""},"tablet":{"background-color":"","background-image":"","background-repeat":"repeat","background-position":"center center","background-size":"auto","background-attachment":"scroll","background-type":"","background-media":"","overlay-type":"","overlay-color":"","overlay-opacity":"","overlay-gradient":""},"mobile":{"background-color":"","background-image":"","background-repeat":"repeat","background-position":"center center","background-size":"auto","background-attachment":"scroll","background-type":"","background-media":"","overlay-type":"","overlay-color":"","overlay-opacity":"","overlay-gradient":""}},"ast-content-background-meta":{"desktop":{"background-color":"var(--ast-global-color-5)","background-image":"","background-repeat":"repeat","background-position":"center center","background-size":"auto","background-attachment":"scroll","background-type":"","background-media":"","overlay-type":"","overlay-color":"","overlay-opacity":"","overlay-gradient":""},"tablet":{"background-color":"var(--ast-global-color-5)","background-image":"","background-repeat":"repeat","background-position":"center center","background-size":"auto","background-attachment":"scroll","background-type":"","background-media":"","overlay-type":"","overlay-color":"","overlay-opacity":"","overlay-gradient":""},"mobile":{"background-color":"var(--ast-global-color-5)","background-image":"","background-repeat":"repeat","background-position":"center center","background-size":"auto","background-attachment":"scroll","background-type":"","background-media":"","overlay-type":"","overlay-color":"","overlay-opacity":"","overlay-gradient":""}},"footnotes":""},"class_list":["post-246","page","type-page","status-publish","hentry"],"yoast_head":"<!-- This site is optimized with the Yoast SEO plugin v27.4 - https:\/\/yoast.com\/product\/yoast-seo-wordpress\/ -->\n<title>Reviews &amp; Ratings Dubai Sky Clinic<\/title>\n<meta name=\"robots\" content=\"index, follow, max-snippet:-1, max-image-preview:large, max-video-preview:-1\" \/>\n<link rel=\"canonical\" href=\"https:\/\/www.orthodontist-dubai.com\/pl\/recenzje-oceny-dubai-sky-clinic\/\" \/>\n<meta property=\"og:locale\" content=\"pl_PL\" \/>\n<meta property=\"og:type\" content=\"article\" \/>\n<meta property=\"og:title\" content=\"Reviews &amp; Ratings Dubai Sky Clinic\" \/>\n<meta property=\"og:description\" content=\"Name : Dubai Sky Clinic, Bur Dubai. Phone : + 971 4 355 8808 Address: Burjuman Business Tower, Level 21, Trade Center Street, Bur Dubai. P O Box 120769, Dubai, U.A.E. Email : info@dubaiskyclinic.com Reviews &amp; Ratings : Source Link : https:\/\/www.facebook.com\/DubaiSkyClinic\/reviews &nbsp;\" \/>\n<meta property=\"og:url\" content=\"https:\/\/www.orthodontist-dubai.com\/pl\/recenzje-oceny-dubai-sky-clinic\/\" \/>\n<meta property=\"og:site_name\" content=\"BEST Orthodontist &amp; Dentist in Dubai UAE for all Dental Treatments\" \/>\n<meta property=\"article:publisher\" content=\"https:\/\/www.facebook.com\/Orthodontist.Dentist.Dubai\/\" \/>\n<meta property=\"article:modified_time\" content=\"2015-05-07T19:06:58+00:00\" \/>\n<meta property=\"og:image\" content=\"https:\/\/www.orthodontist-dubai.com\/wp-content\/uploads\/2015\/05\/Dubai-Sky-Clinic-Reviews.jpg\" \/>\n<meta name=\"twitter:card\" content=\"summary_large_image\" \/>\n<script type=\"application\/ld+json\" class=\"yoast-schema-graph\">{\"@context\":\"https:\\\/\\\/schema.org\",\"@graph\":[{\"@type\":\"WebPage\",\"@id\":\"https:\\\/\\\/www.orthodontist-dubai.com\\\/reviews-ratings-dubai-sky-clinic\\\/\",\"url\":\"https:\\\/\\\/www.orthodontist-dubai.com\\\/reviews-ratings-dubai-sky-clinic\\\/\",\"name\":\"Reviews & Ratings Dubai Sky Clinic\",\"isPartOf\":{\"@id\":\"https:\\\/\\\/www.orthodontist-dubai.com\\\/#website\"},\"primaryImageOfPage\":{\"@id\":\"https:\\\/\\\/www.orthodontist-dubai.com\\\/reviews-ratings-dubai-sky-clinic\\\/#primaryimage\"},\"image\":{\"@id\":\"https:\\\/\\\/www.orthodontist-dubai.com\\\/reviews-ratings-dubai-sky-clinic\\\/#primaryimage\"},\"thumbnailUrl\":\"https:\\\/\\\/www.orthodontist-dubai.com\\\/wp-content\\\/uploads\\\/2015\\\/05\\\/Dubai-Sky-Clinic-Reviews.jpg\",\"datePublished\":\"2015-05-07T17:03:17+00:00\",\"dateModified\":\"2015-05-07T19:06:58+00:00\",\"breadcrumb\":{\"@id\":\"https:\\\/\\\/www.orthodontist-dubai.com\\\/reviews-ratings-dubai-sky-clinic\\\/#breadcrumb\"},\"inLanguage\":\"pl-PL\",\"potentialAction\":[{\"@type\":\"ReadAction\",\"target\":[\"https:\\\/\\\/www.orthodontist-dubai.com\\\/reviews-ratings-dubai-sky-clinic\\\/\"]}]},{\"@type\":\"ImageObject\",\"inLanguage\":\"pl-PL\",\"@id\":\"https:\\\/\\\/www.orthodontist-dubai.com\\\/reviews-ratings-dubai-sky-clinic\\\/#primaryimage\",\"url\":\"https:\\\/\\\/www.orthodontist-dubai.com\\\/wp-content\\\/uploads\\\/2015\\\/05\\\/Dubai-Sky-Clinic-Reviews.jpg\",\"contentUrl\":\"https:\\\/\\\/www.orthodontist-dubai.com\\\/wp-content\\\/uploads\\\/2015\\\/05\\\/Dubai-Sky-Clinic-Reviews.jpg\"},{\"@type\":\"BreadcrumbList\",\"@id\":\"https:\\\/\\\/www.orthodontist-dubai.com\\\/reviews-ratings-dubai-sky-clinic\\\/#breadcrumb\",\"itemListElement\":[{\"@type\":\"ListItem\",\"position\":1,\"name\":\"\u2776 Home\",\"item\":\"https:\\\/\\\/www.orthodontist-dubai.com\\\/\"},{\"@type\":\"ListItem\",\"position\":2,\"name\":\"Reviews &#038; Ratings Dubai Sky Clinic\"}]},{\"@type\":\"WebSite\",\"@id\":\"https:\\\/\\\/www.orthodontist-dubai.com\\\/#website\",\"url\":\"https:\\\/\\\/www.orthodontist-dubai.com\\\/\",\"name\":\"BEST Orthodontist &amp; Dentist in Dubai UAE for all Dental Treatments\",\"description\":\"Cheap &amp; Best Orthodontist &amp; Dentists for all dental treatments in Dubai UAE\",\"publisher\":{\"@id\":\"https:\\\/\\\/www.orthodontist-dubai.com\\\/#organization\"},\"potentialAction\":[{\"@type\":\"SearchAction\",\"target\":{\"@type\":\"EntryPoint\",\"urlTemplate\":\"https:\\\/\\\/www.orthodontist-dubai.com\\\/?s={search_term_string}\"},\"query-input\":{\"@type\":\"PropertyValueSpecification\",\"valueRequired\":true,\"valueName\":\"search_term_string\"}}],\"inLanguage\":\"pl-PL\"},{\"@type\":\"Organization\",\"@id\":\"https:\\\/\\\/www.orthodontist-dubai.com\\\/#organization\",\"name\":\"Best Orthodontist & Dentist in Dubai UAE\",\"url\":\"https:\\\/\\\/www.orthodontist-dubai.com\\\/\",\"logo\":{\"@type\":\"ImageObject\",\"inLanguage\":\"pl-PL\",\"@id\":\"https:\\\/\\\/www.orthodontist-dubai.com\\\/#\\\/schema\\\/logo\\\/image\\\/\",\"url\":\"https:\\\/\\\/www.orthodontist-dubai.com\\\/wp-content\\\/uploads\\\/2015\\\/04\\\/Othorontist-Dentist-UAE-Logo.png\",\"contentUrl\":\"https:\\\/\\\/www.orthodontist-dubai.com\\\/wp-content\\\/uploads\\\/2015\\\/04\\\/Othorontist-Dentist-UAE-Logo.png\",\"width\":190,\"height\":70,\"caption\":\"Best Orthodontist & Dentist in Dubai UAE\"},\"image\":{\"@id\":\"https:\\\/\\\/www.orthodontist-dubai.com\\\/#\\\/schema\\\/logo\\\/image\\\/\"},\"sameAs\":[\"https:\\\/\\\/www.facebook.com\\\/Orthodontist.Dentist.Dubai\\\/\",\"https:\\\/\\\/www.linkedin.com\\\/in\\\/dr-nazeer-ahmed-meeran-15691083\\\/\"]}]}<\/script>\n<!-- \/ Yoast SEO plugin. -->","yoast_head_json":{"title":"Recenzje i oceny Dubai Sky Clinic","robots":{"index":"index","follow":"follow","max-snippet":"max-snippet:-1","max-image-preview":"max-image-preview:large","max-video-preview":"max-video-preview:-1"},"canonical":"https:\/\/www.orthodontist-dubai.com\/pl\/recenzje-oceny-dubai-sky-clinic\/","og_locale":"pl_PL","og_type":"article","og_title":"Reviews & Ratings Dubai Sky Clinic","og_description":"Name : Dubai Sky Clinic, Bur Dubai. Phone : + 971 4 355 8808 Address: Burjuman Business Tower, Level 21, Trade Center Street, Bur Dubai. P O Box 120769, Dubai, U.A.E. Email : info@dubaiskyclinic.com Reviews &amp; Ratings : Source Link : https:\/\/www.facebook.com\/DubaiSkyClinic\/reviews &nbsp;","og_url":"https:\/\/www.orthodontist-dubai.com\/pl\/recenzje-oceny-dubai-sky-clinic\/","og_site_name":"BEST Orthodontist &amp; Dentist in Dubai UAE for all Dental Treatments","article_publisher":"https:\/\/www.facebook.com\/Orthodontist.Dentist.Dubai\/","article_modified_time":"2015-05-07T19:06:58+00:00","og_image":[{"url":"https:\/\/www.orthodontist-dubai.com\/wp-content\/uploads\/2015\/05\/Dubai-Sky-Clinic-Reviews.jpg","type":"","width":"","height":""}],"twitter_card":"summary_large_image","schema":{"@context":"https:\/\/schema.org","@graph":[{"@type":"WebPage","@id":"https:\/\/www.orthodontist-dubai.com\/reviews-ratings-dubai-sky-clinic\/","url":"https:\/\/www.orthodontist-dubai.com\/reviews-ratings-dubai-sky-clinic\/","name":"Recenzje i oceny Dubai Sky Clinic","isPartOf":{"@id":"https:\/\/www.orthodontist-dubai.com\/#website"},"primaryImageOfPage":{"@id":"https:\/\/www.orthodontist-dubai.com\/reviews-ratings-dubai-sky-clinic\/#primaryimage"},"image":{"@id":"https:\/\/www.orthodontist-dubai.com\/reviews-ratings-dubai-sky-clinic\/#primaryimage"},"thumbnailUrl":"https:\/\/www.orthodontist-dubai.com\/wp-content\/uploads\/2015\/05\/Dubai-Sky-Clinic-Reviews.jpg","datePublished":"2015-05-07T17:03:17+00:00","dateModified":"2015-05-07T19:06:58+00:00","breadcrumb":{"@id":"https:\/\/www.orthodontist-dubai.com\/reviews-ratings-dubai-sky-clinic\/#breadcrumb"},"inLanguage":"pl-PL","potentialAction":[{"@type":"ReadAction","target":["https:\/\/www.orthodontist-dubai.com\/reviews-ratings-dubai-sky-clinic\/"]}]},{"@type":"ImageObject","inLanguage":"pl-PL","@id":"https:\/\/www.orthodontist-dubai.com\/reviews-ratings-dubai-sky-clinic\/#primaryimage","url":"https:\/\/www.orthodontist-dubai.com\/wp-content\/uploads\/2015\/05\/Dubai-Sky-Clinic-Reviews.jpg","contentUrl":"https:\/\/www.orthodontist-dubai.com\/wp-content\/uploads\/2015\/05\/Dubai-Sky-Clinic-Reviews.jpg"},{"@type":"BreadcrumbList","@id":"https:\/\/www.orthodontist-dubai.com\/reviews-ratings-dubai-sky-clinic\/#breadcrumb","itemListElement":[{"@type":"ListItem","position":1,"name":"\u2776 Home","item":"https:\/\/www.orthodontist-dubai.com\/"},{"@type":"ListItem","position":2,"name":"Reviews &#038; Ratings Dubai Sky Clinic"}]},{"@type":"WebSite","@id":"https:\/\/www.orthodontist-dubai.com\/#website","url":"https:\/\/www.orthodontist-dubai.com\/","name":"NAJLEPSZY ortodonta i dentysta w Dubaju, Zjednoczone Emiraty Arabskie, oferuj\u0105cy wszystkie zabiegi stomatologiczne","description":"Tani i najlepszy ortodonta i denty\u015bci do wszystkich zabieg\u00f3w stomatologicznych w Dubaju, w Zjednoczonych Emiratach Arabskich","publisher":{"@id":"https:\/\/www.orthodontist-dubai.com\/#organization"},"potentialAction":[{"@type":"SearchAction","target":{"@type":"EntryPoint","urlTemplate":"https:\/\/www.orthodontist-dubai.com\/?s={search_term_string}"},"query-input":{"@type":"PropertyValueSpecification","valueRequired":true,"valueName":"search_term_string"}}],"inLanguage":"pl-PL"},{"@type":"Organization","@id":"https:\/\/www.orthodontist-dubai.com\/#organization","name":"Najlepszy ortodonta i dentysta w Dubaju, Zjednoczone Emiraty Arabskie","url":"https:\/\/www.orthodontist-dubai.com\/","logo":{"@type":"ImageObject","inLanguage":"pl-PL","@id":"https:\/\/www.orthodontist-dubai.com\/#\/schema\/logo\/image\/","url":"https:\/\/www.orthodontist-dubai.com\/wp-content\/uploads\/2015\/04\/Othorontist-Dentist-UAE-Logo.png","contentUrl":"https:\/\/www.orthodontist-dubai.com\/wp-content\/uploads\/2015\/04\/Othorontist-Dentist-UAE-Logo.png","width":190,"height":70,"caption":"Best Orthodontist & Dentist in Dubai UAE"},"image":{"@id":"https:\/\/www.orthodontist-dubai.com\/#\/schema\/logo\/image\/"},"sameAs":["https:\/\/www.facebook.com\/Orthodontist.Dentist.Dubai\/","https:\/\/www.linkedin.com\/in\/dr-nazeer-ahmed-meeran-15691083\/"]}]}},"_links":{"self":[{"href":"https:\/\/www.orthodontist-dubai.com\/pl\/wp-json\/wp\/v2\/pages\/246","targetHints":{"allow":["GET"]}}],"collection":[{"href":"https:\/\/www.orthodontist-dubai.com\/pl\/wp-json\/wp\/v2\/pages"}],"about":[{"href":"https:\/\/www.orthodontist-dubai.com\/pl\/wp-json\/wp\/v2\/types\/page"}],"author":[{"embeddable":true,"href":"https:\/\/www.orthodontist-dubai.com\/pl\/wp-json\/wp\/v2\/users\/1"}],"replies":[{"embeddable":true,"href":"https:\/\/www.orthodontist-dubai.com\/pl\/wp-json\/wp\/v2\/comments?post=246"}],"version-history":[{"count":2,"href":"https:\/\/www.orthodontist-dubai.com\/pl\/wp-json\/wp\/v2\/pages\/246\/revisions"}],"predecessor-version":[{"id":253,"href":"https:\/\/www.orthodontist-dubai.com\/pl\/wp-json\/wp\/v2\/pages\/246\/revisions\/253"}],"wp:attachment":[{"href":"https:\/\/www.orthodontist-dubai.com\/pl\/wp-json\/wp\/v2\/media?parent=246"}],"curies":[{"name":"wp","href":"https:\/\/api.w.org\/{rel}","templated":true}]}}