{"id":2336,"date":"2024-03-26T14:41:44","date_gmt":"2024-03-26T10:41:44","guid":{"rendered":"https:\/\/www.orthodontist-dubai.com\/?page_id=2336"},"modified":"2024-03-26T14:43:31","modified_gmt":"2024-03-26T10:43:31","slug":"teeth-whitening-dubai-results-before-after","status":"publish","type":"page","link":"https:\/\/www.orthodontist-dubai.com\/pl\/rezultaty-wybielania-zebow-w-dubaju-przed-i-po\/","title":{"rendered":"Wyniki wybielania z\u0119b\u00f3w przed i po naszych pacjent\u00f3w w Dubaju, w Zjednoczonych Emiratach Arabskich"},"content":{"rendered":"<figure class=\"wp-block-image aligncenter size-full is-resized\"><a href=\"https:\/\/www.orthodontist-dubai.com\/pl\/skontaktuj-sie-z-nami\/\"><img decoding=\"async\" width=\"600\" height=\"800\" data-src=\"https:\/\/www.orthodontist-dubai.com\/wp-content\/uploads\/2023\/09\/teeth-whitening-in-dubai-results-before-after-of-actual-patient-picture-1.jpg\" alt=\"Wyniki wybielania z\u0119b\u00f3w w Dubaju przed i po rzeczywistym zdj\u0119ciu pacjenta 1\" class=\"wp-image-2008 lazyload\" style=\"--smush-placeholder-width: 600px; --smush-placeholder-aspect-ratio: 600\/800;width:632px;height:auto\" data-srcset=\"https:\/\/www.orthodontist-dubai.com\/wp-content\/uploads\/2023\/09\/teeth-whitening-in-dubai-results-before-after-of-actual-patient-picture-1.jpg 600w, https:\/\/www.orthodontist-dubai.com\/wp-content\/uploads\/2023\/09\/teeth-whitening-in-dubai-results-before-after-of-actual-patient-picture-1-225x300.jpg 225w, https:\/\/www.orthodontist-dubai.com\/wp-content\/uploads\/2023\/09\/teeth-whitening-in-dubai-results-before-after-of-actual-patient-picture-1-9x12.jpg 9w\" data-sizes=\"(max-width: 600px) 100vw, 600px\" src=\"data:image\/svg+xml;base64,PHN2ZyB3aWR0aD0iMSIgaGVpZ2h0PSIxIiB4bWxucz0iaHR0cDovL3d3dy53My5vcmcvMjAwMC9zdmciPjwvc3ZnPg==\" \/><\/a><\/figure>\n\n\n\n<figure class=\"wp-block-image aligncenter size-full is-resized\"><a href=\"https:\/\/www.orthodontist-dubai.com\/pl\/skontaktuj-sie-z-nami\/\"><img decoding=\"async\" width=\"600\" height=\"600\" data-src=\"https:\/\/www.orthodontist-dubai.com\/wp-content\/uploads\/2023\/09\/teeth-whitening-in-dubai-results-before-after-of-actual-patient-picture-2.jpg\" alt=\"Wyniki wybielania z\u0119b\u00f3w w Dubaju przed i po rzeczywistym zdj\u0119ciu pacjenta 2\" class=\"wp-image-2009 lazyload\" style=\"--smush-placeholder-width: 600px; --smush-placeholder-aspect-ratio: 600\/600;width:642px;height:auto\" data-srcset=\"https:\/\/www.orthodontist-dubai.com\/wp-content\/uploads\/2023\/09\/teeth-whitening-in-dubai-results-before-after-of-actual-patient-picture-2.jpg 600w, https:\/\/www.orthodontist-dubai.com\/wp-content\/uploads\/2023\/09\/teeth-whitening-in-dubai-results-before-after-of-actual-patient-picture-2-300x300.jpg 300w, https:\/\/www.orthodontist-dubai.com\/wp-content\/uploads\/2023\/09\/teeth-whitening-in-dubai-results-before-after-of-actual-patient-picture-2-150x150.jpg 150w, https:\/\/www.orthodontist-dubai.com\/wp-content\/uploads\/2023\/09\/teeth-whitening-in-dubai-results-before-after-of-actual-patient-picture-2-12x12.jpg 12w\" data-sizes=\"(max-width: 600px) 100vw, 600px\" src=\"data:image\/svg+xml;base64,PHN2ZyB3aWR0aD0iMSIgaGVpZ2h0PSIxIiB4bWxucz0iaHR0cDovL3d3dy53My5vcmcvMjAwMC9zdmciPjwvc3ZnPg==\" \/><\/a><\/figure>\n\n\n\n<figure class=\"wp-block-image aligncenter size-full is-resized\"><a href=\"https:\/\/www.orthodontist-dubai.com\/pl\/skontaktuj-sie-z-nami\/\"><img decoding=\"async\" width=\"952\" height=\"999\" data-src=\"https:\/\/www.orthodontist-dubai.com\/wp-content\/uploads\/2023\/11\/teeth-whitening-in-dubai-results-before-after-of-actual-patient-picture-3.jpg\" alt=\"Wyniki wybielania z\u0119b\u00f3w w Dubaju przed i po rzeczywistym zdj\u0119ciu pacjenta 3\" class=\"wp-image-2160 lazyload\" style=\"--smush-placeholder-width: 952px; --smush-placeholder-aspect-ratio: 952\/999;aspect-ratio:0.9529529529529529;width:635px;height:auto\" data-srcset=\"https:\/\/www.orthodontist-dubai.com\/wp-content\/uploads\/2023\/11\/teeth-whitening-in-dubai-results-before-after-of-actual-patient-picture-3.jpg 952w, https:\/\/www.orthodontist-dubai.com\/wp-content\/uploads\/2023\/11\/teeth-whitening-in-dubai-results-before-after-of-actual-patient-picture-3-286x300.jpg 286w, https:\/\/www.orthodontist-dubai.com\/wp-content\/uploads\/2023\/11\/teeth-whitening-in-dubai-results-before-after-of-actual-patient-picture-3-768x806.jpg 768w, https:\/\/www.orthodontist-dubai.com\/wp-content\/uploads\/2023\/11\/teeth-whitening-in-dubai-results-before-after-of-actual-patient-picture-3-11x12.jpg 11w\" data-sizes=\"(max-width: 952px) 100vw, 952px\" src=\"data:image\/svg+xml;base64,PHN2ZyB3aWR0aD0iMSIgaGVpZ2h0PSIxIiB4bWxucz0iaHR0cDovL3d3dy53My5vcmcvMjAwMC9zdmciPjwvc3ZnPg==\" \/><\/a><\/figure>\n\n\n\n<figure class=\"wp-block-image aligncenter size-large is-resized\"><a href=\"https:\/\/www.orthodontist-dubai.com\/pl\/skontaktuj-sie-z-nami\/\"><img decoding=\"async\" width=\"789\" height=\"1024\" data-src=\"https:\/\/www.orthodontist-dubai.com\/wp-content\/uploads\/2023\/11\/teeth-whitening-in-dubai-results-before-after-of-actual-patient-picture-4-789x1024.jpg\" alt=\"Wyniki wybielania z\u0119b\u00f3w w Dubaju przed i po rzeczywistym zdj\u0119ciu pacjenta 4\" class=\"wp-image-2161 lazyload\" style=\"--smush-placeholder-width: 789px; --smush-placeholder-aspect-ratio: 789\/1024;aspect-ratio:0.7705078125;width:635px;height:auto\" data-srcset=\"https:\/\/www.orthodontist-dubai.com\/wp-content\/uploads\/2023\/11\/teeth-whitening-in-dubai-results-before-after-of-actual-patient-picture-4-789x1024.jpg 789w, https:\/\/www.orthodontist-dubai.com\/wp-content\/uploads\/2023\/11\/teeth-whitening-in-dubai-results-before-after-of-actual-patient-picture-4-231x300.jpg 231w, https:\/\/www.orthodontist-dubai.com\/wp-content\/uploads\/2023\/11\/teeth-whitening-in-dubai-results-before-after-of-actual-patient-picture-4-768x996.jpg 768w, https:\/\/www.orthodontist-dubai.com\/wp-content\/uploads\/2023\/11\/teeth-whitening-in-dubai-results-before-after-of-actual-patient-picture-4-1184x1536.jpg 1184w, https:\/\/www.orthodontist-dubai.com\/wp-content\/uploads\/2023\/11\/teeth-whitening-in-dubai-results-before-after-of-actual-patient-picture-4-9x12.jpg 9w, https:\/\/www.orthodontist-dubai.com\/wp-content\/uploads\/2023\/11\/teeth-whitening-in-dubai-results-before-after-of-actual-patient-picture-4.jpg 1386w\" data-sizes=\"(max-width: 789px) 100vw, 789px\" src=\"data:image\/svg+xml;base64,PHN2ZyB3aWR0aD0iMSIgaGVpZ2h0PSIxIiB4bWxucz0iaHR0cDovL3d3dy53My5vcmcvMjAwMC9zdmciPjwvc3ZnPg==\" \/><\/a><\/figure>\n\n\n\n<figure class=\"wp-block-image size-large\"><a href=\"https:\/\/www.orthodontist-dubai.com\/pl\/skontaktuj-sie-z-nami\/\"><img decoding=\"async\" width=\"1024\" height=\"335\" data-src=\"https:\/\/www.orthodontist-dubai.com\/wp-content\/uploads\/2023\/02\/teeth-whitening-dubai-post-treatment-1024x335.jpg\" alt=\"wybielanie z\u0119b\u00f3w Dubaj po leczeniu\" class=\"wp-image-1626 lazyload\" title=\"\" data-srcset=\"https:\/\/www.orthodontist-dubai.com\/wp-content\/uploads\/2023\/02\/teeth-whitening-dubai-post-treatment-1024x335.jpg 1024w, https:\/\/www.orthodontist-dubai.com\/wp-content\/uploads\/2023\/02\/teeth-whitening-dubai-post-treatment-300x98.jpg 300w, https:\/\/www.orthodontist-dubai.com\/wp-content\/uploads\/2023\/02\/teeth-whitening-dubai-post-treatment-768x251.jpg 768w, https:\/\/www.orthodontist-dubai.com\/wp-content\/uploads\/2023\/02\/teeth-whitening-dubai-post-treatment-1536x503.jpg 1536w, https:\/\/www.orthodontist-dubai.com\/wp-content\/uploads\/2023\/02\/teeth-whitening-dubai-post-treatment-18x6.jpg 18w, https:\/\/www.orthodontist-dubai.com\/wp-content\/uploads\/2023\/02\/teeth-whitening-dubai-post-treatment.jpg 1573w\" data-sizes=\"(max-width: 1024px) 100vw, 1024px\" src=\"data:image\/svg+xml;base64,PHN2ZyB3aWR0aD0iMSIgaGVpZ2h0PSIxIiB4bWxucz0iaHR0cDovL3d3dy53My5vcmcvMjAwMC9zdmciPjwvc3ZnPg==\" style=\"--smush-placeholder-width: 1024px; --smush-placeholder-aspect-ratio: 1024\/335;\" \/><\/a><\/figure>","protected":false},"excerpt":{"rendered":"","protected":false},"author":1,"featured_media":0,"parent":0,"menu_order":0,"comment_status":"closed","ping_status":"closed","template":"","meta":{"site-sidebar-layout":"default","site-content-layout":"","ast-site-content-layout":"default","site-content-style":"default","site-sidebar-style":"default","ast-global-header-display":"","ast-banner-title-visibility":"","ast-main-header-display":"","ast-hfb-above-header-display":"","ast-hfb-below-header-display":"","ast-hfb-mobile-header-display":"","site-post-title":"","ast-breadcrumbs-content":"","ast-featured-img":"","footer-sml-layout":"","ast-disable-related-posts":"","theme-transparent-header-meta":"","adv-header-id-meta":"","stick-header-meta":"","header-above-stick-meta":"","header-main-stick-meta":"","header-below-stick-meta":"","astra-migrate-meta-layouts":"set","ast-page-background-enabled":"default","ast-page-background-meta":{"desktop":{"background-color":"var(--ast-global-color-4)","background-image":"","background-repeat":"repeat","background-position":"center center","background-size":"auto","background-attachment":"scroll","background-type":"","background-media":"","overlay-type":"","overlay-color":"","overlay-opacity":"","overlay-gradient":""},"tablet":{"background-color":"","background-image":"","background-repeat":"repeat","background-position":"center center","background-size":"auto","background-attachment":"scroll","background-type":"","background-media":"","overlay-type":"","overlay-color":"","overlay-opacity":"","overlay-gradient":""},"mobile":{"background-color":"","background-image":"","background-repeat":"repeat","background-position":"center center","background-size":"auto","background-attachment":"scroll","background-type":"","background-media":"","overlay-type":"","overlay-color":"","overlay-opacity":"","overlay-gradient":""}},"ast-content-background-meta":{"desktop":{"background-color":"var(--ast-global-color-5)","background-image":"","background-repeat":"repeat","background-position":"center center","background-size":"auto","background-attachment":"scroll","background-type":"","background-media":"","overlay-type":"","overlay-color":"","overlay-opacity":"","overlay-gradient":""},"tablet":{"background-color":"var(--ast-global-color-5)","background-image":"","background-repeat":"repeat","background-position":"center center","background-size":"auto","background-attachment":"scroll","background-type":"","background-media":"","overlay-type":"","overlay-color":"","overlay-opacity":"","overlay-gradient":""},"mobile":{"background-color":"var(--ast-global-color-5)","background-image":"","background-repeat":"repeat","background-position":"center center","background-size":"auto","background-attachment":"scroll","background-type":"","background-media":"","overlay-type":"","overlay-color":"","overlay-opacity":"","overlay-gradient":""}},"footnotes":""},"class_list":["post-2336","page","type-page","status-publish","hentry"],"yoast_head":"<!-- This site is optimized with the Yoast SEO plugin v27.3 - https:\/\/yoast.com\/product\/yoast-seo-wordpress\/ -->\n<title>Teeth whitening Before &amp; After results of our patients in Dubai UAE<\/title>\n<meta name=\"robots\" content=\"index, follow, max-snippet:-1, max-image-preview:large, max-video-preview:-1\" \/>\n<link rel=\"canonical\" href=\"https:\/\/www.orthodontist-dubai.com\/pl\/rezultaty-wybielania-zebow-w-dubaju-przed-i-po\/\" \/>\n<meta property=\"og:locale\" content=\"pl_PL\" \/>\n<meta property=\"og:type\" content=\"article\" \/>\n<meta property=\"og:title\" content=\"Teeth whitening Before &amp; After results of our patients in Dubai UAE\" \/>\n<meta property=\"og:url\" content=\"https:\/\/www.orthodontist-dubai.com\/pl\/rezultaty-wybielania-zebow-w-dubaju-przed-i-po\/\" \/>\n<meta property=\"og:site_name\" content=\"BEST Orthodontist &amp; Dentist in Dubai UAE for all Dental Treatments\" \/>\n<meta property=\"article:publisher\" content=\"https:\/\/www.facebook.com\/Orthodontist.Dentist.Dubai\/\" \/>\n<meta property=\"article:modified_time\" content=\"2024-03-26T10:43:31+00:00\" \/>\n<meta property=\"og:image\" content=\"https:\/\/www.orthodontist-dubai.com\/wp-content\/uploads\/2023\/09\/teeth-whitening-in-dubai-results-before-after-of-actual-patient-picture-1.jpg\" \/>\n<meta name=\"twitter:card\" content=\"summary_large_image\" \/>\n<meta name=\"twitter:label1\" content=\"Szacowany czas czytania\" \/>\n\t<meta name=\"twitter:data1\" content=\"1 minuta\" \/>\n<script type=\"application\/ld+json\" class=\"yoast-schema-graph\">{\"@context\":\"https:\\\/\\\/schema.org\",\"@graph\":[{\"@type\":\"WebPage\",\"@id\":\"https:\\\/\\\/www.orthodontist-dubai.com\\\/teeth-whitening-dubai-results-before-after\\\/\",\"url\":\"https:\\\/\\\/www.orthodontist-dubai.com\\\/teeth-whitening-dubai-results-before-after\\\/\",\"name\":\"Teeth whitening Before & After results of our patients in Dubai UAE\",\"isPartOf\":{\"@id\":\"https:\\\/\\\/www.orthodontist-dubai.com\\\/#website\"},\"primaryImageOfPage\":{\"@id\":\"https:\\\/\\\/www.orthodontist-dubai.com\\\/teeth-whitening-dubai-results-before-after\\\/#primaryimage\"},\"image\":{\"@id\":\"https:\\\/\\\/www.orthodontist-dubai.com\\\/teeth-whitening-dubai-results-before-after\\\/#primaryimage\"},\"thumbnailUrl\":\"https:\\\/\\\/www.orthodontist-dubai.com\\\/wp-content\\\/uploads\\\/2023\\\/09\\\/teeth-whitening-in-dubai-results-before-after-of-actual-patient-picture-1.jpg\",\"datePublished\":\"2024-03-26T10:41:44+00:00\",\"dateModified\":\"2024-03-26T10:43:31+00:00\",\"breadcrumb\":{\"@id\":\"https:\\\/\\\/www.orthodontist-dubai.com\\\/teeth-whitening-dubai-results-before-after\\\/#breadcrumb\"},\"inLanguage\":\"pl-PL\",\"potentialAction\":[{\"@type\":\"ReadAction\",\"target\":[\"https:\\\/\\\/www.orthodontist-dubai.com\\\/teeth-whitening-dubai-results-before-after\\\/\"]}]},{\"@type\":\"ImageObject\",\"inLanguage\":\"pl-PL\",\"@id\":\"https:\\\/\\\/www.orthodontist-dubai.com\\\/teeth-whitening-dubai-results-before-after\\\/#primaryimage\",\"url\":\"https:\\\/\\\/www.orthodontist-dubai.com\\\/wp-content\\\/uploads\\\/2023\\\/09\\\/teeth-whitening-in-dubai-results-before-after-of-actual-patient-picture-1.jpg\",\"contentUrl\":\"https:\\\/\\\/www.orthodontist-dubai.com\\\/wp-content\\\/uploads\\\/2023\\\/09\\\/teeth-whitening-in-dubai-results-before-after-of-actual-patient-picture-1.jpg\"},{\"@type\":\"BreadcrumbList\",\"@id\":\"https:\\\/\\\/www.orthodontist-dubai.com\\\/teeth-whitening-dubai-results-before-after\\\/#breadcrumb\",\"itemListElement\":[{\"@type\":\"ListItem\",\"position\":1,\"name\":\"\u2776 Home\",\"item\":\"https:\\\/\\\/www.orthodontist-dubai.com\\\/\"},{\"@type\":\"ListItem\",\"position\":2,\"name\":\"Teeth whitening Before &#038; After results of our patients in Dubai UAE\"}]},{\"@type\":\"WebSite\",\"@id\":\"https:\\\/\\\/www.orthodontist-dubai.com\\\/#website\",\"url\":\"https:\\\/\\\/www.orthodontist-dubai.com\\\/\",\"name\":\"BEST Orthodontist &amp; Dentist in Dubai UAE for all Dental Treatments\",\"description\":\"Cheap &amp; Best Orthodontist &amp; Dentists for all dental treatments in Dubai UAE\",\"publisher\":{\"@id\":\"https:\\\/\\\/www.orthodontist-dubai.com\\\/#organization\"},\"potentialAction\":[{\"@type\":\"SearchAction\",\"target\":{\"@type\":\"EntryPoint\",\"urlTemplate\":\"https:\\\/\\\/www.orthodontist-dubai.com\\\/?s={search_term_string}\"},\"query-input\":{\"@type\":\"PropertyValueSpecification\",\"valueRequired\":true,\"valueName\":\"search_term_string\"}}],\"inLanguage\":\"pl-PL\"},{\"@type\":\"Organization\",\"@id\":\"https:\\\/\\\/www.orthodontist-dubai.com\\\/#organization\",\"name\":\"Best Orthodontist & Dentist in Dubai UAE\",\"url\":\"https:\\\/\\\/www.orthodontist-dubai.com\\\/\",\"logo\":{\"@type\":\"ImageObject\",\"inLanguage\":\"pl-PL\",\"@id\":\"https:\\\/\\\/www.orthodontist-dubai.com\\\/#\\\/schema\\\/logo\\\/image\\\/\",\"url\":\"https:\\\/\\\/www.orthodontist-dubai.com\\\/wp-content\\\/uploads\\\/2015\\\/04\\\/Othorontist-Dentist-UAE-Logo.png\",\"contentUrl\":\"https:\\\/\\\/www.orthodontist-dubai.com\\\/wp-content\\\/uploads\\\/2015\\\/04\\\/Othorontist-Dentist-UAE-Logo.png\",\"width\":190,\"height\":70,\"caption\":\"Best Orthodontist & Dentist in Dubai UAE\"},\"image\":{\"@id\":\"https:\\\/\\\/www.orthodontist-dubai.com\\\/#\\\/schema\\\/logo\\\/image\\\/\"},\"sameAs\":[\"https:\\\/\\\/www.facebook.com\\\/Orthodontist.Dentist.Dubai\\\/\",\"https:\\\/\\\/www.linkedin.com\\\/in\\\/dr-nazeer-ahmed-meeran-15691083\\\/\"]}]}<\/script>\n<!-- \/ Yoast SEO plugin. -->","yoast_head_json":{"title":"Wyniki wybielania z\u0119b\u00f3w przed i po naszych pacjent\u00f3w w Dubaju, w Zjednoczonych Emiratach Arabskich","robots":{"index":"index","follow":"follow","max-snippet":"max-snippet:-1","max-image-preview":"max-image-preview:large","max-video-preview":"max-video-preview:-1"},"canonical":"https:\/\/www.orthodontist-dubai.com\/pl\/rezultaty-wybielania-zebow-w-dubaju-przed-i-po\/","og_locale":"pl_PL","og_type":"article","og_title":"Teeth whitening Before & After results of our patients in Dubai UAE","og_url":"https:\/\/www.orthodontist-dubai.com\/pl\/rezultaty-wybielania-zebow-w-dubaju-przed-i-po\/","og_site_name":"BEST Orthodontist &amp; Dentist in Dubai UAE for all Dental Treatments","article_publisher":"https:\/\/www.facebook.com\/Orthodontist.Dentist.Dubai\/","article_modified_time":"2024-03-26T10:43:31+00:00","og_image":[{"url":"https:\/\/www.orthodontist-dubai.com\/wp-content\/uploads\/2023\/09\/teeth-whitening-in-dubai-results-before-after-of-actual-patient-picture-1.jpg","type":"","width":"","height":""}],"twitter_card":"summary_large_image","twitter_misc":{"Szacowany czas czytania":"1 minuta"},"schema":{"@context":"https:\/\/schema.org","@graph":[{"@type":"WebPage","@id":"https:\/\/www.orthodontist-dubai.com\/teeth-whitening-dubai-results-before-after\/","url":"https:\/\/www.orthodontist-dubai.com\/teeth-whitening-dubai-results-before-after\/","name":"Wyniki wybielania z\u0119b\u00f3w przed i po naszych pacjent\u00f3w w Dubaju, w Zjednoczonych Emiratach Arabskich","isPartOf":{"@id":"https:\/\/www.orthodontist-dubai.com\/#website"},"primaryImageOfPage":{"@id":"https:\/\/www.orthodontist-dubai.com\/teeth-whitening-dubai-results-before-after\/#primaryimage"},"image":{"@id":"https:\/\/www.orthodontist-dubai.com\/teeth-whitening-dubai-results-before-after\/#primaryimage"},"thumbnailUrl":"https:\/\/www.orthodontist-dubai.com\/wp-content\/uploads\/2023\/09\/teeth-whitening-in-dubai-results-before-after-of-actual-patient-picture-1.jpg","datePublished":"2024-03-26T10:41:44+00:00","dateModified":"2024-03-26T10:43:31+00:00","breadcrumb":{"@id":"https:\/\/www.orthodontist-dubai.com\/teeth-whitening-dubai-results-before-after\/#breadcrumb"},"inLanguage":"pl-PL","potentialAction":[{"@type":"ReadAction","target":["https:\/\/www.orthodontist-dubai.com\/teeth-whitening-dubai-results-before-after\/"]}]},{"@type":"ImageObject","inLanguage":"pl-PL","@id":"https:\/\/www.orthodontist-dubai.com\/teeth-whitening-dubai-results-before-after\/#primaryimage","url":"https:\/\/www.orthodontist-dubai.com\/wp-content\/uploads\/2023\/09\/teeth-whitening-in-dubai-results-before-after-of-actual-patient-picture-1.jpg","contentUrl":"https:\/\/www.orthodontist-dubai.com\/wp-content\/uploads\/2023\/09\/teeth-whitening-in-dubai-results-before-after-of-actual-patient-picture-1.jpg"},{"@type":"BreadcrumbList","@id":"https:\/\/www.orthodontist-dubai.com\/teeth-whitening-dubai-results-before-after\/#breadcrumb","itemListElement":[{"@type":"ListItem","position":1,"name":"\u2776 Home","item":"https:\/\/www.orthodontist-dubai.com\/"},{"@type":"ListItem","position":2,"name":"Teeth whitening Before &#038; After results of our patients in Dubai UAE"}]},{"@type":"WebSite","@id":"https:\/\/www.orthodontist-dubai.com\/#website","url":"https:\/\/www.orthodontist-dubai.com\/","name":"NAJLEPSZY ortodonta i dentysta w Dubaju, Zjednoczone Emiraty Arabskie, oferuj\u0105cy wszystkie zabiegi stomatologiczne","description":"Tani i najlepszy ortodonta i denty\u015bci do wszystkich zabieg\u00f3w stomatologicznych w Dubaju, w Zjednoczonych Emiratach Arabskich","publisher":{"@id":"https:\/\/www.orthodontist-dubai.com\/#organization"},"potentialAction":[{"@type":"SearchAction","target":{"@type":"EntryPoint","urlTemplate":"https:\/\/www.orthodontist-dubai.com\/?s={search_term_string}"},"query-input":{"@type":"PropertyValueSpecification","valueRequired":true,"valueName":"search_term_string"}}],"inLanguage":"pl-PL"},{"@type":"Organization","@id":"https:\/\/www.orthodontist-dubai.com\/#organization","name":"Najlepszy ortodonta i dentysta w Dubaju, Zjednoczone Emiraty Arabskie","url":"https:\/\/www.orthodontist-dubai.com\/","logo":{"@type":"ImageObject","inLanguage":"pl-PL","@id":"https:\/\/www.orthodontist-dubai.com\/#\/schema\/logo\/image\/","url":"https:\/\/www.orthodontist-dubai.com\/wp-content\/uploads\/2015\/04\/Othorontist-Dentist-UAE-Logo.png","contentUrl":"https:\/\/www.orthodontist-dubai.com\/wp-content\/uploads\/2015\/04\/Othorontist-Dentist-UAE-Logo.png","width":190,"height":70,"caption":"Best Orthodontist & Dentist in Dubai UAE"},"image":{"@id":"https:\/\/www.orthodontist-dubai.com\/#\/schema\/logo\/image\/"},"sameAs":["https:\/\/www.facebook.com\/Orthodontist.Dentist.Dubai\/","https:\/\/www.linkedin.com\/in\/dr-nazeer-ahmed-meeran-15691083\/"]}]}},"_links":{"self":[{"href":"https:\/\/www.orthodontist-dubai.com\/pl\/wp-json\/wp\/v2\/pages\/2336","targetHints":{"allow":["GET"]}}],"collection":[{"href":"https:\/\/www.orthodontist-dubai.com\/pl\/wp-json\/wp\/v2\/pages"}],"about":[{"href":"https:\/\/www.orthodontist-dubai.com\/pl\/wp-json\/wp\/v2\/types\/page"}],"author":[{"embeddable":true,"href":"https:\/\/www.orthodontist-dubai.com\/pl\/wp-json\/wp\/v2\/users\/1"}],"replies":[{"embeddable":true,"href":"https:\/\/www.orthodontist-dubai.com\/pl\/wp-json\/wp\/v2\/comments?post=2336"}],"version-history":[{"count":2,"href":"https:\/\/www.orthodontist-dubai.com\/pl\/wp-json\/wp\/v2\/pages\/2336\/revisions"}],"predecessor-version":[{"id":2341,"href":"https:\/\/www.orthodontist-dubai.com\/pl\/wp-json\/wp\/v2\/pages\/2336\/revisions\/2341"}],"wp:attachment":[{"href":"https:\/\/www.orthodontist-dubai.com\/pl\/wp-json\/wp\/v2\/media?parent=2336"}],"curies":[{"name":"wp","href":"https:\/\/api.w.org\/{rel}","templated":true}]}}