{"id":157,"date":"2015-04-15T07:04:06","date_gmt":"2015-04-15T07:04:06","guid":{"rendered":"https:\/\/www.orthodontist-dubai.com\/?page_id=157"},"modified":"2023-10-20T13:15:00","modified_gmt":"2023-10-20T09:15:00","slug":"crowns-and-bridges","status":"publish","type":"page","link":"https:\/\/www.orthodontist-dubai.com\/pl\/korony-i-mosty\/","title":{"rendered":"Korony dentystyczne i mosty dentystyczne"},"content":{"rendered":"<p>To s\u0105 <strong>sta\u0142e urz\u0105dzenia protetyczne<\/strong> zrobione przez <strong>denty\u015bci<\/strong>. Nie mo\u017cna ich zdj\u0105\u0107 np <strong>protezy<\/strong> i s\u0105 <strong>cementowane do istniej\u0105cych z\u0119b\u00f3w lub implant\u00f3w<\/strong>. Mog\u0105 je usun\u0105\u0107 wy\u0142\u0105cznie denty\u015bci. Korony dentystyczne stosuje si\u0119 w celu ochrony uszkodzonego lub os\u0142abionego z\u0119ba. Korony dentystyczne nazywane s\u0105 r\u00f3wnie\u017c \u201e<em>czapki dentystyczne<\/em>\u201d. S\u0105 to \u201eczapki\u201d w kszta\u0142cie z\u0119ba, kt\u00f3re s\u0105 wykonywane na zam\u00f3wienie przez dentyst\u0119 i umieszczane na przygotowanym z\u0119bie. Korony dentystyczne zakrywaj\u0105 z\u0105b od linii dzi\u0105se\u0142 a\u017c do powierzchni \u017cuj\u0105cej.<\/p>\n<p><img decoding=\"async\" class=\"aligncenter lazyload\" data-src=\"https:\/\/www.orthodontist-dubai.com\/wp-content\/uploads\/2023\/10\/Dental-Crown-Bridges-in-Dubai-UAE-Before-After-treatment-pictures.jpg\" alt=\"Korony i mosty dentystyczne w Dubaju, Zjednoczone Emiraty Arabskie Zdj\u0119cia przed i po leczeniu\" width=\"1016\" height=\"867\" src=\"data:image\/svg+xml;base64,PHN2ZyB3aWR0aD0iMSIgaGVpZ2h0PSIxIiB4bWxucz0iaHR0cDovL3d3dy53My5vcmcvMjAwMC9zdmciPjwvc3ZnPg==\" style=\"--smush-placeholder-width: 1016px; --smush-placeholder-aspect-ratio: 1016\/867;\" \/><\/p>\n<h2><b>Jak dzia\u0142aj\u0105 korony dentystyczne?<\/b><\/h2>\n<p>Korony ca\u0142kowicie zakrywaj\u0105 uszkodzony z\u0105b (<strong>czapeczki dentystyczne)<\/strong>. To<strong> prostuje uszkodzony z\u0105b<\/strong> i r\u00f3wnie\u017c<strong> poprawia wygl\u0105d, kszta\u0142t i wyr\u00f3wnanie<\/strong>. Koron\u0119 mo\u017cna r\u00f3wnie\u017c umie\u015bci\u0107 na implancie, aby nada\u0107 mu kszta\u0142t i funkcjonalno\u015b\u0107. <strong>Porcelana<\/strong> Lub <strong>korony ceramiczne<\/strong> s\u0105 dopasowane do koloru z\u0119ba. Mog\u0105 by\u0107 r\u00f3wnie\u017c wykonane ze z\u0142ota i stop\u00f3w metali, akrylu i ceramiki. Zalet\u0105 jest to, \u017ce s\u0105 mocniejsze od ceramicznych i s\u0105 zalecane do z\u0119b\u00f3w tylnych. Alternatyw\u0105 jest porcelana po\u0142\u0105czona z metalem, aby uzyska\u0107 lepszy, estetyczny wygl\u0105d.<\/p>\n<h2><b>Jak dzia\u0142aj\u0105 mosty dentystyczne?<\/b><\/h2>\n<p>Je\u015bli brakuje Ci z\u0119ba, luki te mo\u017cna wype\u0142ni\u0107 mostami. Zalet\u0105 jest to, \u017ce koryguj\u0105 brak r\u00f3wnowagi i chroni\u0105 inny z\u0105b przed przesuni\u0119ciem, poniewa\u017c puste przestrzenie mog\u0105 powodowa\u0107 z\u0142y zgryz. Mo\u017cna r\u00f3wnie\u017c zapobiega\u0107 chorobom dzi\u0105se\u0142 i stawom skroniowo-\u017cuchwowym. Aby uzyska\u0107 naturalny wygl\u0105d, mo\u017cna zastosowa\u0107 porcelan\u0119.<\/p>\n<h3>Jakie s\u0105 zalety koron dentystycznych?<\/h3>\n<p>1. Korony dentystyczne s\u0142u\u017c\u0105 do ochrony s\u0142abych z\u0119b\u00f3w lub z\u0119b\u00f3w z uszkodzeniami, takimi jak du\u017ce ubytki lub z\u0142amania. Czasami stosuje si\u0119 je po leczeniu kana\u0142owym. Obudowuj\u0105c z\u0105b, mo\u017cna zapobiec dalszym jego uszkodzeniom, a tak\u017ce zachowa\u0107 integralno\u015b\u0107 strukturaln\u0105 z\u0119ba.<br \/>\n2. Korony dentystyczne s\u0105 zaprojektowane tak, aby wygl\u0105da\u0107 dok\u0142adnie tak, jak naturalny z\u0105b, pomagaj\u0105c mu w normalnym funkcjonowaniu gryzienia i \u017cucia.<br \/>\n3. Korony dentystyczne wykonane z porcelany w kolorze z\u0119ba mog\u0105 poprawi\u0107 og\u00f3lny wygl\u0105d z\u0119ba, nadaj\u0105c mu bardzo naturalny wygl\u0105d.<br \/>\n4. Korony dentystyczne s\u0142u\u017c\u0105 do zakotwiczenia most\u00f3w dentystycznych zaprojektowanych w celu wype\u0142nienia luki utworzonej przez brakuj\u0105ce z\u0119by w jamie ustnej. Te korony dentystyczne na pobliskich zdrowych z\u0119bach podtrzymuj\u0105 mosty dentystyczne.<br \/>\n5. Korony dentystyczne s\u0142u\u017c\u0105 tak\u017ce do przykrycia implant\u00f3w stomatologicznych.<\/p>\n<h3>Jakie s\u0105 rodzaje materia\u0142\u00f3w u\u017cywanych do wykonywania koron dentystycznych?<\/h3>\n<p>Istnieje wiele rodzaj\u00f3w materia\u0142\u00f3w stosowanych na korony dentystyczne, a ich wyb\u00f3r opiera si\u0119 na takich czynnikach, jak lokalizacja z\u0119ba wymagaj\u0105cego korony dentystycznej, osobiste preferencje pacjenta, a tak\u017ce zalecenia dentysty.<\/p>\n<p><img decoding=\"async\" class=\"aligncenter size-full wp-image-2121 lazyload\" data-src=\"https:\/\/www.orthodontist-dubai.com\/wp-content\/uploads\/2023\/10\/Types-of-Dental-Crowns-in-Dubai-UAE.jpg\" alt=\"Rodzaje koron dentystycznych w Dubaju, Zjednoczone Emiraty Arabskie\" width=\"840\" height=\"259\" data-srcset=\"https:\/\/www.orthodontist-dubai.com\/wp-content\/uploads\/2023\/10\/Types-of-Dental-Crowns-in-Dubai-UAE.jpg 840w, https:\/\/www.orthodontist-dubai.com\/wp-content\/uploads\/2023\/10\/Types-of-Dental-Crowns-in-Dubai-UAE-300x93.jpg 300w, https:\/\/www.orthodontist-dubai.com\/wp-content\/uploads\/2023\/10\/Types-of-Dental-Crowns-in-Dubai-UAE-768x237.jpg 768w, https:\/\/www.orthodontist-dubai.com\/wp-content\/uploads\/2023\/10\/Types-of-Dental-Crowns-in-Dubai-UAE-18x6.jpg 18w\" data-sizes=\"(max-width: 840px) 100vw, 840px\" src=\"data:image\/svg+xml;base64,PHN2ZyB3aWR0aD0iMSIgaGVpZ2h0PSIxIiB4bWxucz0iaHR0cDovL3d3dy53My5vcmcvMjAwMC9zdmciPjwvc3ZnPg==\" style=\"--smush-placeholder-width: 840px; --smush-placeholder-aspect-ratio: 840\/259;\" \/><\/p>\n<p><strong> Rodzaje materia\u0142\u00f3w u\u017cywanych do wykonywania koron dentystycznych to:<\/strong><\/p>\n<p>1. <strong>Porcelana:<\/strong> Korony porcelanowe wygl\u0105daj\u0105 bardzo naturalnie i mog\u0105 zosta\u0107 dopasowane przez dentyst\u0119 do istniej\u0105cego koloru z\u0119b\u00f3w. Polecane s\u0105 do z\u0119b\u00f3w przednich.<br \/>\n2. <strong>Metal:<\/strong> Korony metalowe najcz\u0119\u015bciej wykonuje si\u0119 ze stop\u00f3w zawieraj\u0105cych z\u0142oto. S\u0105 bardzo mocne i trwa\u0142e na d\u0142u\u017csz\u0105 met\u0119. Stosowane s\u0105 najcz\u0119\u015bciej do z\u0119b\u00f3w znajduj\u0105cych si\u0119 w tylnej cz\u0119\u015bci jamy ustnej (takich jak z\u0119by trzonowe).<br \/>\n3. <strong>Porcelana stapiana z metalem (PFM)<\/strong>: Takie korony dentystyczne \u0142\u0105cz\u0105 w sobie wytrzyma\u0142o\u015b\u0107 metalu z estetycznym wygl\u0105dem koloru z\u0119b\u00f3w, jaki zapewnia materia\u0142 porcelanowy. Nadaj\u0105 si\u0119 zar\u00f3wno do z\u0119b\u00f3w przednich, jak i tylnych.<br \/>\n4. <strong>Ca\u0142a ceramika lub ca\u0142a porcelana<\/strong>: Korony te s\u0105 w ca\u0142o\u015bci wykonane z materia\u0142u porcelanowego i nadaj\u0105 bardzo naturalny wygl\u0105d. Wielu wybiera je ze wzgl\u0119du na przedni z\u0105b.<br \/>\n5. <strong>Korony cyrkonowe:<\/strong> S\u0105 one wykonane z dwutlenku cyrkonu (znanego r\u00f3wnie\u017c jako tlenek cyrkonu), kt\u00f3ry jest bardzo mocnym i trwa\u0142ym materia\u0142em ceramicznym. R\u00f3\u017cnica mi\u0119dzy koronami cyrkonowymi a koronami porcelanowymi polega na tym, \u017ce materia\u0142 porcelanowy jest bardziej przezroczysty i mo\u017ce nada\u0107 bardzo naturalny wygl\u0105d, podczas gdy tlenek cyrkonu nie jest tak przezroczysty, aby na\u015bladowa\u0107 naturalny z\u0105b w okre\u015blonych warunkach o\u015bwietleniowych.<\/p>\n<p>Wyb\u00f3r materia\u0142u na koron\u0119 dentystyczn\u0105 zale\u017cy od r\u00f3\u017cnych czynnik\u00f3w, takich jak lokalizacja z\u0119ba wymagaj\u0105cego korony dentystycznej, preferencje pacjenta, a tak\u017ce zalecenia dentysty.<\/p>\n<h3>Jaki jest proces krok po kroku zdobycia koron dentystycznych w Dubaju w Zjednoczonych Emiratach Arabskich?<\/h3>\n<p>1. Um\u00f3w si\u0119 na wst\u0119pn\u0105 konsultacj\u0119 z naszym dentyst\u0105 w Dubaju w celu zbadania z\u0119ba. Dentysta sprawdzi i zasugeruje dost\u0119pne mo\u017cliwo\u015bci leczenia oraz alternatywy w zale\u017cno\u015bci od aktualnego stanu z\u0119ba, historii stomatologicznej itp. <a href=\"https:\/\/www.orthodontist-dubai.com\/pl\/skontaktuj-sie-z-nami\/\">Skontaktuj si\u0119 z nami<\/a> aby um\u00f3wi\u0107 si\u0119 na BEZP\u0141ATN\u0104 bezp\u0142atn\u0105 konsultacj\u0119 w celu uzyskania korony dentystycznej w naszej klinice w Dubaju w Zjednoczonych Emiratach Arabskich.<\/p>\n<p>2. Zdj\u0119cia rentgenowskie i wyciski: Tw\u00f3j dentysta mo\u017ce je wykona\u0107 <a href=\"\/pl\/_wp_link_placeholder\/\" data-wplink-edit=\"true\">Rentgen z\u0119b\u00f3w<\/a> chorego z\u0119ba, aby przeanalizowa\u0107 aktualny poziom uszkodze\u0144 lub pr\u00f3chnicy, a tak\u017ce oceni\u0107 stan otaczaj\u0105cych ko\u015bci. Tw\u00f3j dentysta pobierze wycisk z\u0119ba i jego okolic.<\/p>\n<p>3. Przygotowanie z\u0119ba: Je\u015bli uszkodzenie obecnego z\u0119ba jest powa\u017cne, dentysta zmieni jego kszta\u0142t, usuwaj\u0105c cz\u0119\u015b\u0107 jego zewn\u0119trznej warstwy, aby zrobi\u0107 miejsce na koron\u0119 z\u0119ba.<\/p>\n<p>4. Korona tymczasowa i wykonanie korony: Nast\u0119pnym krokiem jest za\u0142o\u017cenie korony tymczasowej, aby pom\u00f3c chroni\u0107 z\u0105b, gdy korona sta\u0142a jest wykonywana na zam\u00f3wienie w laboratorium dentystycznym z wykorzystaniem wycisk\u00f3w pobranych na wcze\u015bniejszych etapach. Korona tymczasowa pomaga r\u00f3wnie\u017c w utrzymaniu funkcjonalno\u015bci i wygl\u0105du z\u0119ba w mi\u0119dzyczasie (poniewa\u017c proces wytwarzania korony mo\u017ce zaj\u0105\u0107 co najmniej tydzie\u0144).<\/p>\n<p>5. Zamontowanie trwa\u0142ej korony dentystycznej: Gdy Twoja sta\u0142a korona b\u0119dzie gotowa w laboratorium, Tw\u00f3j dentysta um\u00f3wi si\u0119 na wizyt\u0119 w celu jej za\u0142o\u017cenia. Twoja tymczasowa korona zostanie usuni\u0119ta, a dentysta sprawdzi dopasowanie, kolor, kszta\u0142t i dopasowanie korony sta\u0142ej do naturalnego zgryzu. Zacementuje sta\u0142\u0105 koron\u0119 za pomoc\u0105 kleju dentystycznego i dokona regulacji, aby zapewni\u0107 pacjentowi wygod\u0119 i naturalno\u015b\u0107. Nast\u0119pnie korona jest polerowana tak, aby wygl\u0105da\u0142a jak naturalny z\u0105b.<\/p>\n<p>6. Piel\u0119gnacja po zabiegu: Przestrzegaj w\u0142a\u015bciwej higieny jamy ustnej, aby zapewni\u0107 d\u0142ugowieczno\u015b\u0107 korony z\u0119ba i post\u0119puj zgodnie z instrukcjami wydanymi przez dentyst\u0119 po leczeniu. Dobrze jest unika\u0107 palenia, twardych i lepkich potraw, zgrzytania z\u0119bami w nocy itp. Je\u015bli czujesz, \u017ce korona si\u0119 rozlu\u017ania, natychmiast skontaktuj si\u0119 ze swoim dentyst\u0105 i nie pr\u00f3buj jej samodzielnie regulowa\u0107.<\/p>","protected":false},"excerpt":{"rendered":"<p>These are fixed prosthetic devices done by dentists. They are not removable like dentures and are cemented to your existing teeth or implants. They can be removed only by dentists. Dental crowns are used to protect damaged or weakened tooth. Dental crowns are also called as \u201cdental caps\u201d. They are tooth shaped &#8220;caps&#8221; that are [&hellip;]<\/p>\n","protected":false},"author":1,"featured_media":0,"parent":0,"menu_order":0,"comment_status":"closed","ping_status":"closed","template":"","meta":{"site-sidebar-layout":"default","site-content-layout":"","ast-site-content-layout":"default","site-content-style":"default","site-sidebar-style":"default","ast-global-header-display":"","ast-banner-title-visibility":"","ast-main-header-display":"","ast-hfb-above-header-display":"","ast-hfb-below-header-display":"","ast-hfb-mobile-header-display":"","site-post-title":"","ast-breadcrumbs-content":"","ast-featured-img":"","footer-sml-layout":"","ast-disable-related-posts":"","theme-transparent-header-meta":"","adv-header-id-meta":"","stick-header-meta":"","header-above-stick-meta":"","header-main-stick-meta":"","header-below-stick-meta":"","astra-migrate-meta-layouts":"set","ast-page-background-enabled":"default","ast-page-background-meta":{"desktop":{"background-color":"var(--ast-global-color-4)","background-image":"","background-repeat":"repeat","background-position":"center center","background-size":"auto","background-attachment":"scroll","background-type":"","background-media":"","overlay-type":"","overlay-color":"","overlay-opacity":"","overlay-gradient":""},"tablet":{"background-color":"","background-image":"","background-repeat":"repeat","background-position":"center center","background-size":"auto","background-attachment":"scroll","background-type":"","background-media":"","overlay-type":"","overlay-color":"","overlay-opacity":"","overlay-gradient":""},"mobile":{"background-color":"","background-image":"","background-repeat":"repeat","background-position":"center center","background-size":"auto","background-attachment":"scroll","background-type":"","background-media":"","overlay-type":"","overlay-color":"","overlay-opacity":"","overlay-gradient":""}},"ast-content-background-meta":{"desktop":{"background-color":"var(--ast-global-color-5)","background-image":"","background-repeat":"repeat","background-position":"center center","background-size":"auto","background-attachment":"scroll","background-type":"","background-media":"","overlay-type":"","overlay-color":"","overlay-opacity":"","overlay-gradient":""},"tablet":{"background-color":"var(--ast-global-color-5)","background-image":"","background-repeat":"repeat","background-position":"center center","background-size":"auto","background-attachment":"scroll","background-type":"","background-media":"","overlay-type":"","overlay-color":"","overlay-opacity":"","overlay-gradient":""},"mobile":{"background-color":"var(--ast-global-color-5)","background-image":"","background-repeat":"repeat","background-position":"center center","background-size":"auto","background-attachment":"scroll","background-type":"","background-media":"","overlay-type":"","overlay-color":"","overlay-opacity":"","overlay-gradient":""}},"footnotes":""},"class_list":["post-157","page","type-page","status-publish","hentry"],"yoast_head":"<!-- This site is optimized with the Yoast SEO plugin v27.6 - https:\/\/yoast.com\/product\/yoast-seo-wordpress\/ -->\n<title>DENTAL CROWNS IN DUBAI | DENTAL BRIDGES<\/title>\n<meta name=\"robots\" content=\"index, follow, max-snippet:-1, max-image-preview:large, max-video-preview:-1\" \/>\n<link rel=\"canonical\" href=\"https:\/\/www.orthodontist-dubai.com\/pl\/korony-i-mosty\/\" \/>\n<meta property=\"og:locale\" content=\"pl_PL\" \/>\n<meta property=\"og:type\" content=\"article\" \/>\n<meta property=\"og:title\" content=\"DENTAL CROWNS IN DUBAI | DENTAL BRIDGES\" \/>\n<meta property=\"og:description\" content=\"These are fixed prosthetic devices done by dentists. They are not removable like dentures and are cemented to your existing teeth or implants. They can be removed only by dentists. Dental crowns are used to protect damaged or weakened tooth. Dental crowns are also called as \u201cdental caps\u201d. They are tooth shaped &#8220;caps&#8221; that are [&hellip;]\" \/>\n<meta property=\"og:url\" content=\"https:\/\/www.orthodontist-dubai.com\/pl\/korony-i-mosty\/\" \/>\n<meta property=\"og:site_name\" content=\"BEST Orthodontist &amp; Dentist in Dubai UAE for all Dental Treatments\" \/>\n<meta property=\"article:publisher\" content=\"https:\/\/www.facebook.com\/Orthodontist.Dentist.Dubai\/\" \/>\n<meta property=\"article:modified_time\" content=\"2023-10-20T09:15:00+00:00\" \/>\n<meta property=\"og:image\" content=\"https:\/\/www.orthodontist-dubai.com\/wp-content\/uploads\/2023\/10\/Dental-Crown-Bridges-in-Dubai-UAE-Before-After-treatment-pictures.jpg\" \/>\n<meta name=\"twitter:card\" content=\"summary_large_image\" \/>\n<meta name=\"twitter:label1\" content=\"Szacowany czas czytania\" \/>\n\t<meta name=\"twitter:data1\" content=\"5 minut\" \/>\n<script type=\"application\/ld+json\" class=\"yoast-schema-graph\">{\"@context\":\"https:\\\/\\\/schema.org\",\"@graph\":[{\"@type\":\"WebPage\",\"@id\":\"https:\\\/\\\/www.orthodontist-dubai.com\\\/crowns-and-bridges\\\/\",\"url\":\"https:\\\/\\\/www.orthodontist-dubai.com\\\/crowns-and-bridges\\\/\",\"name\":\"DENTAL CROWNS IN DUBAI | DENTAL BRIDGES\",\"isPartOf\":{\"@id\":\"https:\\\/\\\/www.orthodontist-dubai.com\\\/#website\"},\"primaryImageOfPage\":{\"@id\":\"https:\\\/\\\/www.orthodontist-dubai.com\\\/crowns-and-bridges\\\/#primaryimage\"},\"image\":{\"@id\":\"https:\\\/\\\/www.orthodontist-dubai.com\\\/crowns-and-bridges\\\/#primaryimage\"},\"thumbnailUrl\":\"https:\\\/\\\/www.orthodontist-dubai.com\\\/wp-content\\\/uploads\\\/2023\\\/10\\\/Dental-Crown-Bridges-in-Dubai-UAE-Before-After-treatment-pictures.jpg\",\"datePublished\":\"2015-04-15T07:04:06+00:00\",\"dateModified\":\"2023-10-20T09:15:00+00:00\",\"breadcrumb\":{\"@id\":\"https:\\\/\\\/www.orthodontist-dubai.com\\\/crowns-and-bridges\\\/#breadcrumb\"},\"inLanguage\":\"pl-PL\",\"potentialAction\":[{\"@type\":\"ReadAction\",\"target\":[\"https:\\\/\\\/www.orthodontist-dubai.com\\\/crowns-and-bridges\\\/\"]}]},{\"@type\":\"ImageObject\",\"inLanguage\":\"pl-PL\",\"@id\":\"https:\\\/\\\/www.orthodontist-dubai.com\\\/crowns-and-bridges\\\/#primaryimage\",\"url\":\"https:\\\/\\\/www.orthodontist-dubai.com\\\/wp-content\\\/uploads\\\/2023\\\/10\\\/Dental-Crown-Bridges-in-Dubai-UAE-Before-After-treatment-pictures.jpg\",\"contentUrl\":\"https:\\\/\\\/www.orthodontist-dubai.com\\\/wp-content\\\/uploads\\\/2023\\\/10\\\/Dental-Crown-Bridges-in-Dubai-UAE-Before-After-treatment-pictures.jpg\"},{\"@type\":\"BreadcrumbList\",\"@id\":\"https:\\\/\\\/www.orthodontist-dubai.com\\\/crowns-and-bridges\\\/#breadcrumb\",\"itemListElement\":[{\"@type\":\"ListItem\",\"position\":1,\"name\":\"\u2776 Home\",\"item\":\"https:\\\/\\\/www.orthodontist-dubai.com\\\/\"},{\"@type\":\"ListItem\",\"position\":2,\"name\":\"Dental Crown and Dental Bridges\"}]},{\"@type\":\"WebSite\",\"@id\":\"https:\\\/\\\/www.orthodontist-dubai.com\\\/#website\",\"url\":\"https:\\\/\\\/www.orthodontist-dubai.com\\\/\",\"name\":\"BEST Orthodontist &amp; Dentist in Dubai UAE for all Dental Treatments\",\"description\":\"Cheap &amp; Best Orthodontist &amp; Dentists for all dental treatments in Dubai UAE\",\"publisher\":{\"@id\":\"https:\\\/\\\/www.orthodontist-dubai.com\\\/#organization\"},\"potentialAction\":[{\"@type\":\"SearchAction\",\"target\":{\"@type\":\"EntryPoint\",\"urlTemplate\":\"https:\\\/\\\/www.orthodontist-dubai.com\\\/?s={search_term_string}\"},\"query-input\":{\"@type\":\"PropertyValueSpecification\",\"valueRequired\":true,\"valueName\":\"search_term_string\"}}],\"inLanguage\":\"pl-PL\"},{\"@type\":\"Organization\",\"@id\":\"https:\\\/\\\/www.orthodontist-dubai.com\\\/#organization\",\"name\":\"Best Orthodontist & Dentist in Dubai UAE\",\"url\":\"https:\\\/\\\/www.orthodontist-dubai.com\\\/\",\"logo\":{\"@type\":\"ImageObject\",\"inLanguage\":\"pl-PL\",\"@id\":\"https:\\\/\\\/www.orthodontist-dubai.com\\\/#\\\/schema\\\/logo\\\/image\\\/\",\"url\":\"https:\\\/\\\/www.orthodontist-dubai.com\\\/wp-content\\\/uploads\\\/2015\\\/04\\\/Othorontist-Dentist-UAE-Logo.png\",\"contentUrl\":\"https:\\\/\\\/www.orthodontist-dubai.com\\\/wp-content\\\/uploads\\\/2015\\\/04\\\/Othorontist-Dentist-UAE-Logo.png\",\"width\":190,\"height\":70,\"caption\":\"Best Orthodontist & Dentist in Dubai UAE\"},\"image\":{\"@id\":\"https:\\\/\\\/www.orthodontist-dubai.com\\\/#\\\/schema\\\/logo\\\/image\\\/\"},\"sameAs\":[\"https:\\\/\\\/www.facebook.com\\\/Orthodontist.Dentist.Dubai\\\/\",\"https:\\\/\\\/www.linkedin.com\\\/in\\\/dr-nazeer-ahmed-meeran-15691083\\\/\"]}]}<\/script>\n<!-- \/ Yoast SEO plugin. -->","yoast_head_json":{"title":"KORONY STOMATOLOGICZNE W DUBAJU | MOSTY STOMATOLOGICZNE","robots":{"index":"index","follow":"follow","max-snippet":"max-snippet:-1","max-image-preview":"max-image-preview:large","max-video-preview":"max-video-preview:-1"},"canonical":"https:\/\/www.orthodontist-dubai.com\/pl\/korony-i-mosty\/","og_locale":"pl_PL","og_type":"article","og_title":"DENTAL CROWNS IN DUBAI | DENTAL BRIDGES","og_description":"These are fixed prosthetic devices done by dentists. They are not removable like dentures and are cemented to your existing teeth or implants. They can be removed only by dentists. Dental crowns are used to protect damaged or weakened tooth. Dental crowns are also called as \u201cdental caps\u201d. They are tooth shaped &#8220;caps&#8221; that are [&hellip;]","og_url":"https:\/\/www.orthodontist-dubai.com\/pl\/korony-i-mosty\/","og_site_name":"BEST Orthodontist &amp; Dentist in Dubai UAE for all Dental Treatments","article_publisher":"https:\/\/www.facebook.com\/Orthodontist.Dentist.Dubai\/","article_modified_time":"2023-10-20T09:15:00+00:00","og_image":[{"url":"https:\/\/www.orthodontist-dubai.com\/wp-content\/uploads\/2023\/10\/Dental-Crown-Bridges-in-Dubai-UAE-Before-After-treatment-pictures.jpg","type":"","width":"","height":""}],"twitter_card":"summary_large_image","twitter_misc":{"Szacowany czas czytania":"5 minut"},"schema":{"@context":"https:\/\/schema.org","@graph":[{"@type":"WebPage","@id":"https:\/\/www.orthodontist-dubai.com\/crowns-and-bridges\/","url":"https:\/\/www.orthodontist-dubai.com\/crowns-and-bridges\/","name":"KORONY STOMATOLOGICZNE W DUBAJU | MOSTY STOMATOLOGICZNE","isPartOf":{"@id":"https:\/\/www.orthodontist-dubai.com\/#website"},"primaryImageOfPage":{"@id":"https:\/\/www.orthodontist-dubai.com\/crowns-and-bridges\/#primaryimage"},"image":{"@id":"https:\/\/www.orthodontist-dubai.com\/crowns-and-bridges\/#primaryimage"},"thumbnailUrl":"https:\/\/www.orthodontist-dubai.com\/wp-content\/uploads\/2023\/10\/Dental-Crown-Bridges-in-Dubai-UAE-Before-After-treatment-pictures.jpg","datePublished":"2015-04-15T07:04:06+00:00","dateModified":"2023-10-20T09:15:00+00:00","breadcrumb":{"@id":"https:\/\/www.orthodontist-dubai.com\/crowns-and-bridges\/#breadcrumb"},"inLanguage":"pl-PL","potentialAction":[{"@type":"ReadAction","target":["https:\/\/www.orthodontist-dubai.com\/crowns-and-bridges\/"]}]},{"@type":"ImageObject","inLanguage":"pl-PL","@id":"https:\/\/www.orthodontist-dubai.com\/crowns-and-bridges\/#primaryimage","url":"https:\/\/www.orthodontist-dubai.com\/wp-content\/uploads\/2023\/10\/Dental-Crown-Bridges-in-Dubai-UAE-Before-After-treatment-pictures.jpg","contentUrl":"https:\/\/www.orthodontist-dubai.com\/wp-content\/uploads\/2023\/10\/Dental-Crown-Bridges-in-Dubai-UAE-Before-After-treatment-pictures.jpg"},{"@type":"BreadcrumbList","@id":"https:\/\/www.orthodontist-dubai.com\/crowns-and-bridges\/#breadcrumb","itemListElement":[{"@type":"ListItem","position":1,"name":"\u2776 Home","item":"https:\/\/www.orthodontist-dubai.com\/"},{"@type":"ListItem","position":2,"name":"Dental Crown and Dental Bridges"}]},{"@type":"WebSite","@id":"https:\/\/www.orthodontist-dubai.com\/#website","url":"https:\/\/www.orthodontist-dubai.com\/","name":"NAJLEPSZY ortodonta i dentysta w Dubaju, Zjednoczone Emiraty Arabskie, oferuj\u0105cy wszystkie zabiegi stomatologiczne","description":"Tani i najlepszy ortodonta i denty\u015bci do wszystkich zabieg\u00f3w stomatologicznych w Dubaju, w Zjednoczonych Emiratach Arabskich","publisher":{"@id":"https:\/\/www.orthodontist-dubai.com\/#organization"},"potentialAction":[{"@type":"SearchAction","target":{"@type":"EntryPoint","urlTemplate":"https:\/\/www.orthodontist-dubai.com\/?s={search_term_string}"},"query-input":{"@type":"PropertyValueSpecification","valueRequired":true,"valueName":"search_term_string"}}],"inLanguage":"pl-PL"},{"@type":"Organization","@id":"https:\/\/www.orthodontist-dubai.com\/#organization","name":"Najlepszy ortodonta i dentysta w Dubaju, Zjednoczone Emiraty Arabskie","url":"https:\/\/www.orthodontist-dubai.com\/","logo":{"@type":"ImageObject","inLanguage":"pl-PL","@id":"https:\/\/www.orthodontist-dubai.com\/#\/schema\/logo\/image\/","url":"https:\/\/www.orthodontist-dubai.com\/wp-content\/uploads\/2015\/04\/Othorontist-Dentist-UAE-Logo.png","contentUrl":"https:\/\/www.orthodontist-dubai.com\/wp-content\/uploads\/2015\/04\/Othorontist-Dentist-UAE-Logo.png","width":190,"height":70,"caption":"Best Orthodontist & Dentist in Dubai UAE"},"image":{"@id":"https:\/\/www.orthodontist-dubai.com\/#\/schema\/logo\/image\/"},"sameAs":["https:\/\/www.facebook.com\/Orthodontist.Dentist.Dubai\/","https:\/\/www.linkedin.com\/in\/dr-nazeer-ahmed-meeran-15691083\/"]}]}},"_links":{"self":[{"href":"https:\/\/www.orthodontist-dubai.com\/pl\/wp-json\/wp\/v2\/pages\/157","targetHints":{"allow":["GET"]}}],"collection":[{"href":"https:\/\/www.orthodontist-dubai.com\/pl\/wp-json\/wp\/v2\/pages"}],"about":[{"href":"https:\/\/www.orthodontist-dubai.com\/pl\/wp-json\/wp\/v2\/types\/page"}],"author":[{"embeddable":true,"href":"https:\/\/www.orthodontist-dubai.com\/pl\/wp-json\/wp\/v2\/users\/1"}],"replies":[{"embeddable":true,"href":"https:\/\/www.orthodontist-dubai.com\/pl\/wp-json\/wp\/v2\/comments?post=157"}],"version-history":[{"count":8,"href":"https:\/\/www.orthodontist-dubai.com\/pl\/wp-json\/wp\/v2\/pages\/157\/revisions"}],"predecessor-version":[{"id":2129,"href":"https:\/\/www.orthodontist-dubai.com\/pl\/wp-json\/wp\/v2\/pages\/157\/revisions\/2129"}],"wp:attachment":[{"href":"https:\/\/www.orthodontist-dubai.com\/pl\/wp-json\/wp\/v2\/media?parent=157"}],"curies":[{"name":"wp","href":"https:\/\/api.w.org\/{rel}","templated":true}]}}