{"id":154,"date":"2015-04-15T06:53:45","date_gmt":"2015-04-15T06:53:45","guid":{"rendered":"https:\/\/www.orthodontist-dubai.com\/?page_id=154"},"modified":"2024-10-19T13:02:34","modified_gmt":"2024-10-19T09:02:34","slug":"dental-filling","status":"publish","type":"page","link":"https:\/\/www.orthodontist-dubai.com\/pl\/wypelnienie-stomatologiczne\/","title":{"rendered":"Koszt wype\u0142nienia z\u0119ba w Dubaju i procedura wype\u0142nienia z\u0119ba"},"content":{"rendered":"<p>Dentysta <strong>po\u017cywny<\/strong> jest zrobione przez ciebie <strong>dentysta<\/strong> w celu przywr\u00f3cenia z\u0119ba uszkodzonego przez pr\u00f3chnic\u0119 do normalnej funkcji i kszta\u0142tu. Koszt wype\u0142nienia z\u0119ba w Dubaju zaczyna si\u0119 od 400 AED za z\u0105b.<br \/>\n<!--<a href=\"https:\/\/www.orthodontist-dubai.com\/clinic-reviews\/\"><img decoding=\"async\" class=\"aligncenter wp-image-346 size-full lazyload\" data-src=\"https:\/\/www.orthodontist-dubai.com\/wp-content\/uploads\/2014\/12\/banner-best2.jpg\" alt=\"Top dental clinic for dental filling in Dubai UAE\" width=\"795\" height=\"459\" src=\"data:image\/svg+xml;base64,PHN2ZyB3aWR0aD0iMSIgaGVpZ2h0PSIxIiB4bWxucz0iaHR0cDovL3d3dy53My5vcmcvMjAwMC9zdmciPjwvc3ZnPg==\" style=\"--smush-placeholder-width: 795px; --smush-placeholder-aspect-ratio: 795\/459;\"><\/a>--><br \/>\n<div id=\"metaslider-id-1219\" style=\"max-width: 700px; margin: 0 auto;\" class=\"ml-slider-3-109-0 metaslider metaslider-responsive metaslider-1219 ml-slider ms-theme-default\" role=\"region\" aria-label=\"Wype\u0142nienie z\u0119ba dentystycznego\" data-height=\"400\" data-width=\"700\">\n    <div id=\"metaslider_container_1219\">\n        <ul id='metaslider_1219' class='rslides'>\n            <li aria-roledescription='slide' aria-labelledby='slide-0'><a href=\"https:\/\/www.orthodontist-dubai.com\/pl\/skontaktuj-sie-z-nami\/\" target=\"_self\"><img decoding=\"async\" data-src=\"https:\/\/www.orthodontist-dubai.com\/wp-content\/uploads\/2024\/01\/Inside-treatment-room-of-the-dental-clinic-in-Dubai-700x400.jpg\" height=\"400\" width=\"700\" alt=\"Wewn\u0105trz gabinetu zabiegowego kliniki dentystycznej w Dubaju\" class=\"slider-1219 slide-1224 msDefaultImage lazyload\" title=\"Wewn\u0105trz gabinetu zabiegowego kliniki dentystycznej w Dubaju\" src=\"data:image\/svg+xml;base64,PHN2ZyB3aWR0aD0iMSIgaGVpZ2h0PSIxIiB4bWxucz0iaHR0cDovL3d3dy53My5vcmcvMjAwMC9zdmciPjwvc3ZnPg==\" style=\"--smush-placeholder-width: 700px; --smush-placeholder-aspect-ratio: 700\/400;\" \/><\/a><\/li>\n            <li style='display: none;' aria-roledescription='slide' aria-labelledby='slide-1'><a href=\"https:\/\/www.orthodontist-dubai.com\/pl\/skontaktuj-sie-z-nami\/\" target=\"_self\"><img decoding=\"async\" data-src=\"https:\/\/www.orthodontist-dubai.com\/wp-content\/uploads\/2023\/10\/tooth-filling-cost-dubai-pic2-700x400.jpg\" height=\"400\" width=\"700\" alt=\"Klinika stomatologiczna wype\u0142niania z\u0119b\u00f3w w recepcji w Dubaju\" class=\"slider-1219 slide-1222 msDefaultImage lazyload\" title=\"Klinika stomatologiczna wype\u0142niania z\u0119b\u00f3w w recepcji w Dubaju\" src=\"data:image\/svg+xml;base64,PHN2ZyB3aWR0aD0iMSIgaGVpZ2h0PSIxIiB4bWxucz0iaHR0cDovL3d3dy53My5vcmcvMjAwMC9zdmciPjwvc3ZnPg==\" style=\"--smush-placeholder-width: 700px; --smush-placeholder-aspect-ratio: 700\/400;\" \/><\/a><\/li>\n            <li style='display: none;' aria-roledescription='slide' aria-labelledby='slide-2'><a href=\"https:\/\/www.orthodontist-dubai.com\/pl\/skontaktuj-sie-z-nami\/\" target=\"_self\"><img decoding=\"async\" data-src=\"https:\/\/www.orthodontist-dubai.com\/wp-content\/uploads\/2024\/01\/Patient-waiting-area-of-the-dental-clinic-in-Dubai-700x400.jpg\" height=\"400\" width=\"700\" alt=\"Poczekalnia pacjenta kliniki dentystycznej w Dubaju\" class=\"slider-1219 slide-2236 msDefaultImage lazyload\" title=\"Poczekalnia pacjenta kliniki dentystycznej w Dubaju\" src=\"data:image\/svg+xml;base64,PHN2ZyB3aWR0aD0iMSIgaGVpZ2h0PSIxIiB4bWxucz0iaHR0cDovL3d3dy53My5vcmcvMjAwMC9zdmciPjwvc3ZnPg==\" style=\"--smush-placeholder-width: 700px; --smush-placeholder-aspect-ratio: 700\/400;\" \/><\/a><\/li>\n            <li style='display: none;' aria-roledescription='slide' aria-labelledby='slide-3'><a href=\"https:\/\/www.orthodontist-dubai.com\/pl\/skontaktuj-sie-z-nami\/\" target=\"_self\"><img decoding=\"async\" data-src=\"https:\/\/www.orthodontist-dubai.com\/wp-content\/uploads\/2023\/10\/tooth-filling-cost-dubai-pic3-700x400.jpg\" height=\"400\" width=\"700\" alt=\"Klinika wype\u0142nie\u0144 stomatologicznych w poczekalni dla pacjent\u00f3w w Dubaju, w Zjednoczonych Emiratach Arabskich\" class=\"slider-1219 slide-1223 msDefaultImage lazyload\" title=\"Klinika wype\u0142nie\u0144 stomatologicznych w poczekalni dla pacjent\u00f3w w Dubaju, w Zjednoczonych Emiratach Arabskich\" src=\"data:image\/svg+xml;base64,PHN2ZyB3aWR0aD0iMSIgaGVpZ2h0PSIxIiB4bWxucz0iaHR0cDovL3d3dy53My5vcmcvMjAwMC9zdmciPjwvc3ZnPg==\" style=\"--smush-placeholder-width: 700px; --smush-placeholder-aspect-ratio: 700\/400;\" \/><\/a><\/li>\n        <\/ul>\n        \n    <\/div>\n<\/div>\nAby pro\u015bciej wyja\u015bni\u0107 procedur\u0119 wype\u0142niania z\u0119ba, usuwa si\u0119 materia\u0142 z\u0119ba, a dentysta oczyszcza ubytek, a nast\u0119pnie wype\u0142nia go wybranym materia\u0142em wype\u0142niaj\u0105cym. W ten spos\u00f3b zapobiega si\u0119 dalszej pr\u00f3chnicy z\u0119b\u00f3w, poniewa\u017c bakterie nie mog\u0105 si\u0119 przedosta\u0107.<\/p>\n<h3>Oto wyja\u015bnienie krok po kroku, jak zabieg wype\u0142nienia z\u0119ba przeprowadza dentysta w Dubaju:<\/h3>\n<ol>\n<li>Przed rozpocz\u0119ciem procedury wype\u0142niania z\u0119b\u00f3w dentysta zdiagnozuje i zbada Twoje z\u0119by oraz mo\u017ce wykona\u0107 prze\u015bwietlenie rentgenowskie, aby okre\u015bli\u0107 istniej\u0105cy poziom pr\u00f3chnicy w z\u0119bie. Pomaga to w planowaniu niezb\u0119dnego leczenia.<\/li>\n<li>Znieczulenie miejscowe podawane jest przez dentyst\u0119, aby zapewni\u0107 pacjentowi komfort podczas zabiegu, a tak\u017ce zminimalizowa\u0107 b\u00f3l poprzez znieczulenie dotkni\u0119tego z\u0119ba i jego okolic. Dzi\u0119ki podanemu znieczuleniu miejscowemu nie b\u0119dziesz odczuwa\u0107 zawrot\u00f3w g\u0142owy ani senno\u015bci. Podaje si\u0119 go tak, aby pacjent nie odczuwa\u0142 b\u00f3lu podczas ca\u0142ego leczenia.<\/li>\n<li>Tw\u00f3j dentysta umie\u015bci koferdam wok\u00f3\u0142 z\u0119ba, aby go odizolowa\u0107 (aby by\u0142 suchy i wolny od \u015bliny) podczas procedury wype\u0142niania, zapewniaj\u0105c w ten spos\u00f3b czyste \u015brodowisko pracy.<\/li>\n<li>Pr\u00f3chnica lub uszkodzona cz\u0119\u015b\u0107 z\u0119ba jest ostro\u017cnie usuwana przez dentyst\u0119 za pomoc\u0105 wiert\u0142a dentystycznego lub lasera, zachowuj\u0105c jednocze\u015bnie zdrow\u0105 cz\u0119\u015b\u0107 z\u0119ba.<\/li>\n<li>Po usuni\u0119ciu pr\u00f3chnicy lub uszkodzonej cz\u0119\u015bci z\u0119ba dentysta rozpocznie kszta\u0142towanie ubytku w oparciu o materia\u0142 wype\u0142niaj\u0105cy, kt\u00f3ry przygotuje go do nast\u0119pnego kroku. Dost\u0119pnych jest wiele rodzaj\u00f3w materia\u0142\u00f3w do wype\u0142nie\u0144 stomatologicznych, takich jak:\n<ul>\n<li><strong>\u017bywica kompozytowa:<\/strong> Jest to materia\u0142 w kolorze z\u0119ba i jest zwykle u\u017cywany do wype\u0142nie\u0144 w widocznych obszarach jamy ustnej. Nak\u0142ada si\u0119 go warstwami i utwardza za pomoc\u0105 specjalnego \u015bwiat\u0142a. Daje to bardzo naturalny wygl\u0105d.<\/li>\n<li><strong>Amalgamat:<\/strong> Jest to materia\u0142 w kolorze srebrnym, wykonany z mieszaniny metali. Jest bardzo mocny, ale nie daje naturalnego wygl\u0105du. Stosowany jest najcz\u0119\u015bciej w przypadku z\u0119b\u00f3w tylnych ze wzgl\u0119du na nienaturalny wygl\u0105d.<\/li>\n<li><strong>Porcelana\/Ceramika:<\/strong> Wygl\u0105daj\u0105 bardzo naturalnie i daj\u0105 estetyczne wyko\u0144czenie. S\u0105 r\u00f3wnie\u017c bardzo trwa\u0142e. S\u0105 one wykonywane na zam\u00f3wienie w laboratoriach dentystycznych.<\/li>\n<li><strong>Szk\u0142ojonomer:<\/strong> Jest to stosowane w obszarach o minimalnym nacisku \u017cucia. Poniewa\u017c uwalnia fluor, pomaga zapobiega\u0107 dalszej pr\u00f3chnicy z\u0119b\u00f3w. Zwykle stosuje si\u0119 je do wype\u0142niania bardzo ma\u0142ych powierzchni.<\/li>\n<li><strong>Z\u0142oto:<\/strong> Z\u0142ote wype\u0142nienia by\u0142y kiedy\u015b popularne. Jednak obecnie s\u0105 one mniej popularne, poniewa\u017c nie daj\u0105 naturalnego wygl\u0105du, mimo \u017ce s\u0105 bardzo trwa\u0142e i wytrzymuj\u0105 bardzo d\u0142ugo.<\/li>\n<\/ul>\n<\/li>\n<li>Wybrany przez pacjenta materia\u0142 wype\u0142niaj\u0105cy umieszczany jest w przygotowanym ubytku przez dentyst\u0119.<\/li>\n<li>Po umieszczeniu materia\u0142u wype\u0142niaj\u0105cego dentysta nada mu dalszy kszta\u0142t zgodnie z potrzebami i wypoleruje go, aby by\u0142 g\u0142adki i zlewa\u0142 si\u0119 z otaczaj\u0105cymi z\u0119bami oraz nada\u0142 mu naturalny wygl\u0105d.<\/li>\n<li>Tw\u00f3j dentysta sprawdzi, czy wype\u0142nienie nie koliduje z naturalnym zgryzem i zadba o komfort.<\/li>\n<li>Po usuni\u0119ciu koferdamu dentysta oczy\u015bci z\u0105b i jego okolice, aby oceni\u0107 wype\u0142nienie i sprawdzi\u0107, czy pasuje prawid\u0142owo.<\/li>\n<\/ol>\n<p>Ca\u0142y proces wype\u0142niania z\u0119ba w Dubaju trwa nieca\u0142\u0105 godzin\u0119. Po zabiegu wype\u0142niania z\u0119ba, przez jaki\u015b czas mo\u017ce wyst\u0105pi\u0107 lekkie dr\u0119twienie. Jednak wkr\u00f3tce po za\u0142o\u017ceniu plomby dentystycznej mo\u017cesz wr\u00f3ci\u0107 do normalnych codziennych zaj\u0119\u0107. Pami\u0119taj, aby post\u0119powa\u0107 zgodnie z zaleceniami dentysty dotycz\u0105cymi opieki po zabiegu i, je\u015bli to konieczne, przeprowadza\u0107 kontrole kontrolne. Jak zawsze zaleca si\u0119, aby w przysz\u0142o\u015bci unikn\u0105\u0107 problem\u00f3w z z\u0119bami, nale\u017cy r\u00f3wnie\u017c dba\u0107 o higien\u0119 jamy ustnej. <a href=\"https:\/\/www.orthodontist-dubai.com\/pl\/skontaktuj-sie-z-nami\/\">Skontaktuj si\u0119 z nami<\/a> aby uzyska\u0107 DARMOW\u0104 bezp\u0142atn\u0105 konsultacj\u0119 dotycz\u0105c\u0105 wype\u0142nienia z\u0119ba w Dubaju w naszej Dental Clinic.<\/p>\n<p><img decoding=\"async\" class=\"aligncenter size-full wp-image-2169 lazyload\" data-src=\"https:\/\/www.orthodontist-dubai.com\/wp-content\/uploads\/2023\/11\/types-of-tooth-filling-in-Dubai-UAE.jpg\" alt=\"rodzaje wype\u0142nie\u0144 z\u0119b\u00f3w w Dubaju, Zjednoczone Emiraty Arabskie\" width=\"672\" height=\"300\" data-srcset=\"https:\/\/www.orthodontist-dubai.com\/wp-content\/uploads\/2023\/11\/types-of-tooth-filling-in-Dubai-UAE.jpg 672w, https:\/\/www.orthodontist-dubai.com\/wp-content\/uploads\/2023\/11\/types-of-tooth-filling-in-Dubai-UAE-300x134.jpg 300w, https:\/\/www.orthodontist-dubai.com\/wp-content\/uploads\/2023\/11\/types-of-tooth-filling-in-Dubai-UAE-18x8.jpg 18w\" data-sizes=\"(max-width: 672px) 100vw, 672px\" src=\"data:image\/svg+xml;base64,PHN2ZyB3aWR0aD0iMSIgaGVpZ2h0PSIxIiB4bWxucz0iaHR0cDovL3d3dy53My5vcmcvMjAwMC9zdmciPjwvc3ZnPg==\" style=\"--smush-placeholder-width: 672px; --smush-placeholder-aspect-ratio: 672\/300;\" \/><\/p>\n<p><img decoding=\"async\" class=\"aligncenter size-full wp-image-176 lazyload\" data-src=\"https:\/\/www.orthodontist-dubai.com\/wp-content\/uploads\/2015\/04\/dental-filling-dubai-UAE.jpg\" alt=\"Koszt wype\u0142nienia z\u0119b\u00f3w w Dubaju\" width=\"350\" height=\"366\" data-srcset=\"https:\/\/www.orthodontist-dubai.com\/wp-content\/uploads\/2015\/04\/dental-filling-dubai-UAE.jpg 350w, https:\/\/www.orthodontist-dubai.com\/wp-content\/uploads\/2015\/04\/dental-filling-dubai-UAE-287x300.jpg 287w\" data-sizes=\"(max-width: 350px) 100vw, 350px\" src=\"data:image\/svg+xml;base64,PHN2ZyB3aWR0aD0iMSIgaGVpZ2h0PSIxIiB4bWxucz0iaHR0cDovL3d3dy53My5vcmcvMjAwMC9zdmciPjwvc3ZnPg==\" style=\"--smush-placeholder-width: 350px; --smush-placeholder-aspect-ratio: 350\/366;\" \/><br \/>\n<img decoding=\"async\" class=\"aligncenter wp-image-1229 size-full lazyload\" data-src=\"https:\/\/www.orthodontist-dubai.com\/wp-content\/uploads\/2022\/04\/Dental-fillings-cost-Dubai.jpg\" alt=\"Koszt wype\u0142nienia z\u0119b\u00f3w w Dubaju\" width=\"1000\" height=\"297\" data-srcset=\"https:\/\/www.orthodontist-dubai.com\/wp-content\/uploads\/2022\/04\/Dental-fillings-cost-Dubai.jpg 1000w, https:\/\/www.orthodontist-dubai.com\/wp-content\/uploads\/2022\/04\/Dental-fillings-cost-Dubai-300x89.jpg 300w, https:\/\/www.orthodontist-dubai.com\/wp-content\/uploads\/2022\/04\/Dental-fillings-cost-Dubai-768x228.jpg 768w\" data-sizes=\"(max-width: 1000px) 100vw, 1000px\" src=\"data:image\/svg+xml;base64,PHN2ZyB3aWR0aD0iMSIgaGVpZ2h0PSIxIiB4bWxucz0iaHR0cDovL3d3dy53My5vcmcvMjAwMC9zdmciPjwvc3ZnPg==\" style=\"--smush-placeholder-width: 1000px; --smush-placeholder-aspect-ratio: 1000\/297;\" \/><br \/>\n<b>Najpopularniejsze rodzaje wype\u0142nie\u0144 z\u0119b\u00f3w preferowane w Dubaju w Zjednoczonych Emiratach Arabskich to:<\/b><\/p>\n<ul>\n<li><b>Z\u0142ote wype\u0142nienia<\/b><\/li>\n<li><b>Wype\u0142nienia amalgamatowe (srebrne).<\/b><\/li>\n<li><b>\u017bywice kompozytowe (plastikowe).<\/b> (Mo\u017cna dopasowa\u0107 do koloru pierwotnego z\u0119ba, aby wygl\u0105da\u0107 bardzo naturalnie)<\/li>\n<li><b>Wype\u0142nienia porcelanowe.<\/b><\/li>\n<\/ul>","protected":false},"excerpt":{"rendered":"<p>A dental filling is done by your dentist to restore tooth damaged by decay to its normal function and shape. Tooth filling cost in Dubai starts at 400 AED per tooth. To explain the tooth filling procedure in a simpler way, the tooth material is removed and your dentist cleans the cavity and then fills [&hellip;]<\/p>\n","protected":false},"author":1,"featured_media":0,"parent":0,"menu_order":0,"comment_status":"closed","ping_status":"closed","template":"","meta":{"site-sidebar-layout":"default","site-content-layout":"","ast-site-content-layout":"default","site-content-style":"default","site-sidebar-style":"default","ast-global-header-display":"","ast-banner-title-visibility":"","ast-main-header-display":"","ast-hfb-above-header-display":"","ast-hfb-below-header-display":"","ast-hfb-mobile-header-display":"","site-post-title":"","ast-breadcrumbs-content":"","ast-featured-img":"","footer-sml-layout":"","ast-disable-related-posts":"","theme-transparent-header-meta":"","adv-header-id-meta":"","stick-header-meta":"","header-above-stick-meta":"","header-main-stick-meta":"","header-below-stick-meta":"","astra-migrate-meta-layouts":"set","ast-page-background-enabled":"default","ast-page-background-meta":{"desktop":{"background-color":"var(--ast-global-color-4)","background-image":"","background-repeat":"repeat","background-position":"center center","background-size":"auto","background-attachment":"scroll","background-type":"","background-media":"","overlay-type":"","overlay-color":"","overlay-opacity":"","overlay-gradient":""},"tablet":{"background-color":"","background-image":"","background-repeat":"repeat","background-position":"center center","background-size":"auto","background-attachment":"scroll","background-type":"","background-media":"","overlay-type":"","overlay-color":"","overlay-opacity":"","overlay-gradient":""},"mobile":{"background-color":"","background-image":"","background-repeat":"repeat","background-position":"center center","background-size":"auto","background-attachment":"scroll","background-type":"","background-media":"","overlay-type":"","overlay-color":"","overlay-opacity":"","overlay-gradient":""}},"ast-content-background-meta":{"desktop":{"background-color":"var(--ast-global-color-5)","background-image":"","background-repeat":"repeat","background-position":"center center","background-size":"auto","background-attachment":"scroll","background-type":"","background-media":"","overlay-type":"","overlay-color":"","overlay-opacity":"","overlay-gradient":""},"tablet":{"background-color":"var(--ast-global-color-5)","background-image":"","background-repeat":"repeat","background-position":"center center","background-size":"auto","background-attachment":"scroll","background-type":"","background-media":"","overlay-type":"","overlay-color":"","overlay-opacity":"","overlay-gradient":""},"mobile":{"background-color":"var(--ast-global-color-5)","background-image":"","background-repeat":"repeat","background-position":"center center","background-size":"auto","background-attachment":"scroll","background-type":"","background-media":"","overlay-type":"","overlay-color":"","overlay-opacity":"","overlay-gradient":""}},"footnotes":""},"class_list":["post-154","page","type-page","status-publish","hentry"],"yoast_head":"<!-- This site is optimized with the Yoast SEO plugin v27.6 - https:\/\/yoast.com\/product\/yoast-seo-wordpress\/ -->\n<title>TOOTH FILLING COST IN DUBAI | TOOTH FILLING IN DUBAI<\/title>\n<meta name=\"robots\" content=\"index, follow, max-snippet:-1, max-image-preview:large, max-video-preview:-1\" \/>\n<link rel=\"canonical\" href=\"https:\/\/www.orthodontist-dubai.com\/pl\/wypelnienie-stomatologiczne\/\" \/>\n<meta property=\"og:locale\" content=\"pl_PL\" \/>\n<meta property=\"og:type\" content=\"article\" \/>\n<meta property=\"og:title\" content=\"TOOTH FILLING COST IN DUBAI | TOOTH FILLING IN DUBAI\" \/>\n<meta property=\"og:description\" content=\"A dental filling is done by your dentist to restore tooth damaged by decay to its normal function and shape. Tooth filling cost in Dubai starts at 400 AED per tooth. To explain the tooth filling procedure in a simpler way, the tooth material is removed and your dentist cleans the cavity and then fills [&hellip;]\" \/>\n<meta property=\"og:url\" content=\"https:\/\/www.orthodontist-dubai.com\/pl\/wypelnienie-stomatologiczne\/\" \/>\n<meta property=\"og:site_name\" content=\"BEST Orthodontist &amp; Dentist in Dubai UAE for all Dental Treatments\" \/>\n<meta property=\"article:publisher\" content=\"https:\/\/www.facebook.com\/Orthodontist.Dentist.Dubai\/\" \/>\n<meta property=\"article:modified_time\" content=\"2024-10-19T09:02:34+00:00\" \/>\n<meta property=\"og:image\" content=\"https:\/\/www.orthodontist-dubai.com\/wp-content\/uploads\/2014\/12\/banner-best2.jpg\" \/>\n<meta name=\"twitter:card\" content=\"summary_large_image\" \/>\n<meta name=\"twitter:label1\" content=\"Szacowany czas czytania\" \/>\n\t<meta name=\"twitter:data1\" content=\"4 minuty\" \/>\n<script type=\"application\/ld+json\" class=\"yoast-schema-graph\">{\"@context\":\"https:\\\/\\\/schema.org\",\"@graph\":[{\"@type\":\"WebPage\",\"@id\":\"https:\\\/\\\/www.orthodontist-dubai.com\\\/dental-filling\\\/\",\"url\":\"https:\\\/\\\/www.orthodontist-dubai.com\\\/dental-filling\\\/\",\"name\":\"TOOTH FILLING COST IN DUBAI | TOOTH FILLING IN DUBAI\",\"isPartOf\":{\"@id\":\"https:\\\/\\\/www.orthodontist-dubai.com\\\/#website\"},\"primaryImageOfPage\":{\"@id\":\"https:\\\/\\\/www.orthodontist-dubai.com\\\/dental-filling\\\/#primaryimage\"},\"image\":{\"@id\":\"https:\\\/\\\/www.orthodontist-dubai.com\\\/dental-filling\\\/#primaryimage\"},\"thumbnailUrl\":\"https:\\\/\\\/www.orthodontist-dubai.com\\\/wp-content\\\/uploads\\\/2014\\\/12\\\/banner-best2.jpg\",\"datePublished\":\"2015-04-15T06:53:45+00:00\",\"dateModified\":\"2024-10-19T09:02:34+00:00\",\"breadcrumb\":{\"@id\":\"https:\\\/\\\/www.orthodontist-dubai.com\\\/dental-filling\\\/#breadcrumb\"},\"inLanguage\":\"pl-PL\",\"potentialAction\":[{\"@type\":\"ReadAction\",\"target\":[\"https:\\\/\\\/www.orthodontist-dubai.com\\\/dental-filling\\\/\"]}]},{\"@type\":\"ImageObject\",\"inLanguage\":\"pl-PL\",\"@id\":\"https:\\\/\\\/www.orthodontist-dubai.com\\\/dental-filling\\\/#primaryimage\",\"url\":\"https:\\\/\\\/www.orthodontist-dubai.com\\\/wp-content\\\/uploads\\\/2014\\\/12\\\/banner-best2.jpg\",\"contentUrl\":\"https:\\\/\\\/www.orthodontist-dubai.com\\\/wp-content\\\/uploads\\\/2014\\\/12\\\/banner-best2.jpg\"},{\"@type\":\"BreadcrumbList\",\"@id\":\"https:\\\/\\\/www.orthodontist-dubai.com\\\/dental-filling\\\/#breadcrumb\",\"itemListElement\":[{\"@type\":\"ListItem\",\"position\":1,\"name\":\"\u2776 Home\",\"item\":\"https:\\\/\\\/www.orthodontist-dubai.com\\\/\"},{\"@type\":\"ListItem\",\"position\":2,\"name\":\"Tooth filling cost in Dubai &amp; Tooth filling procedure\"}]},{\"@type\":\"WebSite\",\"@id\":\"https:\\\/\\\/www.orthodontist-dubai.com\\\/#website\",\"url\":\"https:\\\/\\\/www.orthodontist-dubai.com\\\/\",\"name\":\"BEST Orthodontist &amp; Dentist in Dubai UAE for all Dental Treatments\",\"description\":\"Cheap &amp; Best Orthodontist &amp; Dentists for all dental treatments in Dubai UAE\",\"publisher\":{\"@id\":\"https:\\\/\\\/www.orthodontist-dubai.com\\\/#organization\"},\"potentialAction\":[{\"@type\":\"SearchAction\",\"target\":{\"@type\":\"EntryPoint\",\"urlTemplate\":\"https:\\\/\\\/www.orthodontist-dubai.com\\\/?s={search_term_string}\"},\"query-input\":{\"@type\":\"PropertyValueSpecification\",\"valueRequired\":true,\"valueName\":\"search_term_string\"}}],\"inLanguage\":\"pl-PL\"},{\"@type\":\"Organization\",\"@id\":\"https:\\\/\\\/www.orthodontist-dubai.com\\\/#organization\",\"name\":\"Best Orthodontist & Dentist in Dubai UAE\",\"url\":\"https:\\\/\\\/www.orthodontist-dubai.com\\\/\",\"logo\":{\"@type\":\"ImageObject\",\"inLanguage\":\"pl-PL\",\"@id\":\"https:\\\/\\\/www.orthodontist-dubai.com\\\/#\\\/schema\\\/logo\\\/image\\\/\",\"url\":\"https:\\\/\\\/www.orthodontist-dubai.com\\\/wp-content\\\/uploads\\\/2015\\\/04\\\/Othorontist-Dentist-UAE-Logo.png\",\"contentUrl\":\"https:\\\/\\\/www.orthodontist-dubai.com\\\/wp-content\\\/uploads\\\/2015\\\/04\\\/Othorontist-Dentist-UAE-Logo.png\",\"width\":190,\"height\":70,\"caption\":\"Best Orthodontist & Dentist in Dubai UAE\"},\"image\":{\"@id\":\"https:\\\/\\\/www.orthodontist-dubai.com\\\/#\\\/schema\\\/logo\\\/image\\\/\"},\"sameAs\":[\"https:\\\/\\\/www.facebook.com\\\/Orthodontist.Dentist.Dubai\\\/\",\"https:\\\/\\\/www.linkedin.com\\\/in\\\/dr-nazeer-ahmed-meeran-15691083\\\/\"]}]}<\/script>\n<!-- \/ Yoast SEO plugin. -->","yoast_head_json":{"title":"KOSZT WYPE\u0141NIANIA Z\u0118B\u00d3W W DUBAJU | WYPE\u0141NIANIE Z\u0118B\u00d3W W DUBAJU","robots":{"index":"index","follow":"follow","max-snippet":"max-snippet:-1","max-image-preview":"max-image-preview:large","max-video-preview":"max-video-preview:-1"},"canonical":"https:\/\/www.orthodontist-dubai.com\/pl\/wypelnienie-stomatologiczne\/","og_locale":"pl_PL","og_type":"article","og_title":"TOOTH FILLING COST IN DUBAI | TOOTH FILLING IN DUBAI","og_description":"A dental filling is done by your dentist to restore tooth damaged by decay to its normal function and shape. Tooth filling cost in Dubai starts at 400 AED per tooth. To explain the tooth filling procedure in a simpler way, the tooth material is removed and your dentist cleans the cavity and then fills [&hellip;]","og_url":"https:\/\/www.orthodontist-dubai.com\/pl\/wypelnienie-stomatologiczne\/","og_site_name":"BEST Orthodontist &amp; Dentist in Dubai UAE for all Dental Treatments","article_publisher":"https:\/\/www.facebook.com\/Orthodontist.Dentist.Dubai\/","article_modified_time":"2024-10-19T09:02:34+00:00","og_image":[{"url":"https:\/\/www.orthodontist-dubai.com\/wp-content\/uploads\/2014\/12\/banner-best2.jpg","type":"","width":"","height":""}],"twitter_card":"summary_large_image","twitter_misc":{"Szacowany czas czytania":"4 minuty"},"schema":{"@context":"https:\/\/schema.org","@graph":[{"@type":"WebPage","@id":"https:\/\/www.orthodontist-dubai.com\/dental-filling\/","url":"https:\/\/www.orthodontist-dubai.com\/dental-filling\/","name":"KOSZT WYPE\u0141NIANIA Z\u0118B\u00d3W W DUBAJU | WYPE\u0141NIANIE Z\u0118B\u00d3W W DUBAJU","isPartOf":{"@id":"https:\/\/www.orthodontist-dubai.com\/#website"},"primaryImageOfPage":{"@id":"https:\/\/www.orthodontist-dubai.com\/dental-filling\/#primaryimage"},"image":{"@id":"https:\/\/www.orthodontist-dubai.com\/dental-filling\/#primaryimage"},"thumbnailUrl":"https:\/\/www.orthodontist-dubai.com\/wp-content\/uploads\/2014\/12\/banner-best2.jpg","datePublished":"2015-04-15T06:53:45+00:00","dateModified":"2024-10-19T09:02:34+00:00","breadcrumb":{"@id":"https:\/\/www.orthodontist-dubai.com\/dental-filling\/#breadcrumb"},"inLanguage":"pl-PL","potentialAction":[{"@type":"ReadAction","target":["https:\/\/www.orthodontist-dubai.com\/dental-filling\/"]}]},{"@type":"ImageObject","inLanguage":"pl-PL","@id":"https:\/\/www.orthodontist-dubai.com\/dental-filling\/#primaryimage","url":"https:\/\/www.orthodontist-dubai.com\/wp-content\/uploads\/2014\/12\/banner-best2.jpg","contentUrl":"https:\/\/www.orthodontist-dubai.com\/wp-content\/uploads\/2014\/12\/banner-best2.jpg"},{"@type":"BreadcrumbList","@id":"https:\/\/www.orthodontist-dubai.com\/dental-filling\/#breadcrumb","itemListElement":[{"@type":"ListItem","position":1,"name":"\u2776 Home","item":"https:\/\/www.orthodontist-dubai.com\/"},{"@type":"ListItem","position":2,"name":"Tooth filling cost in Dubai &amp; Tooth filling procedure"}]},{"@type":"WebSite","@id":"https:\/\/www.orthodontist-dubai.com\/#website","url":"https:\/\/www.orthodontist-dubai.com\/","name":"NAJLEPSZY ortodonta i dentysta w Dubaju, Zjednoczone Emiraty Arabskie, oferuj\u0105cy wszystkie zabiegi stomatologiczne","description":"Tani i najlepszy ortodonta i denty\u015bci do wszystkich zabieg\u00f3w stomatologicznych w Dubaju, w Zjednoczonych Emiratach Arabskich","publisher":{"@id":"https:\/\/www.orthodontist-dubai.com\/#organization"},"potentialAction":[{"@type":"SearchAction","target":{"@type":"EntryPoint","urlTemplate":"https:\/\/www.orthodontist-dubai.com\/?s={search_term_string}"},"query-input":{"@type":"PropertyValueSpecification","valueRequired":true,"valueName":"search_term_string"}}],"inLanguage":"pl-PL"},{"@type":"Organization","@id":"https:\/\/www.orthodontist-dubai.com\/#organization","name":"Najlepszy ortodonta i dentysta w Dubaju, Zjednoczone Emiraty Arabskie","url":"https:\/\/www.orthodontist-dubai.com\/","logo":{"@type":"ImageObject","inLanguage":"pl-PL","@id":"https:\/\/www.orthodontist-dubai.com\/#\/schema\/logo\/image\/","url":"https:\/\/www.orthodontist-dubai.com\/wp-content\/uploads\/2015\/04\/Othorontist-Dentist-UAE-Logo.png","contentUrl":"https:\/\/www.orthodontist-dubai.com\/wp-content\/uploads\/2015\/04\/Othorontist-Dentist-UAE-Logo.png","width":190,"height":70,"caption":"Best Orthodontist & Dentist in Dubai UAE"},"image":{"@id":"https:\/\/www.orthodontist-dubai.com\/#\/schema\/logo\/image\/"},"sameAs":["https:\/\/www.facebook.com\/Orthodontist.Dentist.Dubai\/","https:\/\/www.linkedin.com\/in\/dr-nazeer-ahmed-meeran-15691083\/"]}]}},"_links":{"self":[{"href":"https:\/\/www.orthodontist-dubai.com\/pl\/wp-json\/wp\/v2\/pages\/154","targetHints":{"allow":["GET"]}}],"collection":[{"href":"https:\/\/www.orthodontist-dubai.com\/pl\/wp-json\/wp\/v2\/pages"}],"about":[{"href":"https:\/\/www.orthodontist-dubai.com\/pl\/wp-json\/wp\/v2\/types\/page"}],"author":[{"embeddable":true,"href":"https:\/\/www.orthodontist-dubai.com\/pl\/wp-json\/wp\/v2\/users\/1"}],"replies":[{"embeddable":true,"href":"https:\/\/www.orthodontist-dubai.com\/pl\/wp-json\/wp\/v2\/comments?post=154"}],"version-history":[{"count":36,"href":"https:\/\/www.orthodontist-dubai.com\/pl\/wp-json\/wp\/v2\/pages\/154\/revisions"}],"predecessor-version":[{"id":2291,"href":"https:\/\/www.orthodontist-dubai.com\/pl\/wp-json\/wp\/v2\/pages\/154\/revisions\/2291"}],"wp:attachment":[{"href":"https:\/\/www.orthodontist-dubai.com\/pl\/wp-json\/wp\/v2\/media?parent=154"}],"curies":[{"name":"wp","href":"https:\/\/api.w.org\/{rel}","templated":true}]}}