{"id":112,"date":"2015-04-10T12:06:48","date_gmt":"2015-04-10T12:06:48","guid":{"rendered":"https:\/\/www.orthodontist-dubai.com\/?page_id=112"},"modified":"2015-05-04T15:08:35","modified_gmt":"2015-05-04T11:08:35","slug":"fun-dental-facts","status":"publish","type":"page","link":"https:\/\/www.orthodontist-dubai.com\/pl\/zabawne-fakty-dentystyczne\/","title":{"rendered":"Zabawne fakty dentystyczne"},"content":{"rendered":"<p><strong>U\u015bmiechnijmy si\u0119 troch\u0119, opowiadaj\u0105c o tych zabawnych faktach dentystycznych\u2026 Dobrze?<\/strong><\/p>\n<ul>\n<li>Na Ziemi jest mniej populacji ludzkiej ni\u017c populacji bakterii w jamie ustnej pojedynczego cz\u0142owieka.<\/li>\n<li>Ka\u017cdemu cz\u0142owiekowi przez ca\u0142e \u017cycie przys\u0142uguj\u0105 2 pary z\u0119b\u00f3w<\/li>\n<li>Kawa, napoje alkoholowe i papierosy powoduj\u0105 przebarwienia na z\u0119bach. Wykonaj wybielanie z\u0119b\u00f3w u swojego dentysty.<\/li>\n<li>Colgate Total jest najpopularniejsz\u0105 past\u0105 do z\u0119b\u00f3w w USA<\/li>\n<li>Wszystkie krokodyle maj\u0105 w ci\u0105gu swojego \u017cycia wiele zestaw\u00f3w z\u0119b\u00f3w<\/li>\n<li>Szkliwo z\u0119bowe jest najtwardsz\u0105 cz\u0119\u015bci\u0105 naszego cia\u0142a, ale mimo to nie otwierajmy nim butelek z napojami gazowanymi \ud83d\ude42<\/li>\n<li>Twoje z\u0119by maj\u0105 s\u0142u\u017cy\u0107 przez ca\u0142e \u017cycie (Stan \u2013 je\u015bli odpowiednio o nie dbasz)<\/li>\n<li>Szczotkowanie dwa razy dziennie jest bardzo wa\u017cne, aby zapobiec pr\u00f3chnicy.<\/li>\n<li>Z\u0119by sk\u0142adaj\u0105 si\u0119 z wapnia, fosforan\u00f3w i soli mineralnych<\/li>\n<li>Zielona herbata jest naprawd\u0119 dobra dla zdrowia dzi\u0105se\u0142 i z\u0119b\u00f3w. Zawiera naturalne przeciwutleniacze, kt\u00f3re zapobiegaj\u0105 tworzeniu si\u0119 p\u0142ytki naz\u0119bnej oraz zmniejszaj\u0105 ryzyko pr\u00f3chnicy i nie\u015bwie\u017cego oddechu. Zielone herbaty zawieraj\u0105 r\u00f3wnie\u017c fluor, kt\u00f3ry mo\u017ce zwalcza\u0107 pr\u00f3chnic\u0119.<\/li>\n<li>Alkohol zmniejsza wydzielanie \u015bliny, tworzy kwa\u015bne \u015brodowisko i zmi\u0119kcza szkliwo z\u0119b\u00f3w. Powoduje tak\u017ce pogorszenie stanu dzi\u0105se\u0142 i utrat\u0119 z\u0119b\u00f3w.<\/li>\n<li>Nitkowanie raz dziennie wyd\u0142u\u017ca \u017cycie o 7 lat.<\/li>\n<li>50% os\u00f3b uwa\u017ca u\u015bmiech za pierwsz\u0105 atrakcj\u0119 na twarzy.<\/li>\n<\/ul>","protected":false},"excerpt":{"rendered":"<p>Lets smile a little with these fun dental facts&#8230; Shall we? There is less human population in earth than population of bacteria in a single person&#8217;s mouth. Everyone gets 2 set of teeth throughout their lifetime Coffee, alcohol beverages &amp; cigarettes cause stains in teeth. Get teeth whitening done with your dentist. Colgate Total is [&hellip;]<\/p>\n","protected":false},"author":1,"featured_media":0,"parent":0,"menu_order":0,"comment_status":"closed","ping_status":"closed","template":"","meta":{"site-sidebar-layout":"default","site-content-layout":"","ast-site-content-layout":"default","site-content-style":"default","site-sidebar-style":"default","ast-global-header-display":"","ast-banner-title-visibility":"","ast-main-header-display":"","ast-hfb-above-header-display":"","ast-hfb-below-header-display":"","ast-hfb-mobile-header-display":"","site-post-title":"","ast-breadcrumbs-content":"","ast-featured-img":"","footer-sml-layout":"","ast-disable-related-posts":"","theme-transparent-header-meta":"","adv-header-id-meta":"","stick-header-meta":"","header-above-stick-meta":"","header-main-stick-meta":"","header-below-stick-meta":"","astra-migrate-meta-layouts":"default","ast-page-background-enabled":"default","ast-page-background-meta":{"desktop":{"background-color":"var(--ast-global-color-4)","background-image":"","background-repeat":"repeat","background-position":"center center","background-size":"auto","background-attachment":"scroll","background-type":"","background-media":"","overlay-type":"","overlay-color":"","overlay-opacity":"","overlay-gradient":""},"tablet":{"background-color":"","background-image":"","background-repeat":"repeat","background-position":"center center","background-size":"auto","background-attachment":"scroll","background-type":"","background-media":"","overlay-type":"","overlay-color":"","overlay-opacity":"","overlay-gradient":""},"mobile":{"background-color":"","background-image":"","background-repeat":"repeat","background-position":"center center","background-size":"auto","background-attachment":"scroll","background-type":"","background-media":"","overlay-type":"","overlay-color":"","overlay-opacity":"","overlay-gradient":""}},"ast-content-background-meta":{"desktop":{"background-color":"var(--ast-global-color-5)","background-image":"","background-repeat":"repeat","background-position":"center center","background-size":"auto","background-attachment":"scroll","background-type":"","background-media":"","overlay-type":"","overlay-color":"","overlay-opacity":"","overlay-gradient":""},"tablet":{"background-color":"var(--ast-global-color-5)","background-image":"","background-repeat":"repeat","background-position":"center center","background-size":"auto","background-attachment":"scroll","background-type":"","background-media":"","overlay-type":"","overlay-color":"","overlay-opacity":"","overlay-gradient":""},"mobile":{"background-color":"var(--ast-global-color-5)","background-image":"","background-repeat":"repeat","background-position":"center center","background-size":"auto","background-attachment":"scroll","background-type":"","background-media":"","overlay-type":"","overlay-color":"","overlay-opacity":"","overlay-gradient":""}},"footnotes":""},"class_list":["post-112","page","type-page","status-publish","hentry"],"yoast_head":"<!-- This site is optimized with the Yoast SEO plugin v27.5 - https:\/\/yoast.com\/product\/yoast-seo-wordpress\/ -->\n<title>FUN DENTAL FACTS<\/title>\n<meta name=\"robots\" content=\"index, follow, max-snippet:-1, max-image-preview:large, max-video-preview:-1\" \/>\n<link rel=\"canonical\" href=\"https:\/\/www.orthodontist-dubai.com\/pl\/zabawne-fakty-dentystyczne\/\" \/>\n<meta property=\"og:locale\" content=\"pl_PL\" \/>\n<meta property=\"og:type\" content=\"article\" \/>\n<meta property=\"og:title\" content=\"FUN DENTAL FACTS\" \/>\n<meta property=\"og:description\" content=\"Lets smile a little with these fun dental facts&#8230; Shall we? There is less human population in earth than population of bacteria in a single person&#8217;s mouth. Everyone gets 2 set of teeth throughout their lifetime Coffee, alcohol beverages &amp; cigarettes cause stains in teeth. Get teeth whitening done with your dentist. Colgate Total is [&hellip;]\" \/>\n<meta property=\"og:url\" content=\"https:\/\/www.orthodontist-dubai.com\/pl\/zabawne-fakty-dentystyczne\/\" \/>\n<meta property=\"og:site_name\" content=\"BEST Orthodontist &amp; Dentist in Dubai UAE for all Dental Treatments\" \/>\n<meta property=\"article:publisher\" content=\"https:\/\/www.facebook.com\/Orthodontist.Dentist.Dubai\/\" \/>\n<meta property=\"article:modified_time\" content=\"2015-05-04T11:08:35+00:00\" \/>\n<meta name=\"twitter:card\" content=\"summary_large_image\" \/>\n<meta name=\"twitter:label1\" content=\"Szacowany czas czytania\" \/>\n\t<meta name=\"twitter:data1\" content=\"1 minuta\" \/>\n<script type=\"application\/ld+json\" class=\"yoast-schema-graph\">{\"@context\":\"https:\\\/\\\/schema.org\",\"@graph\":[{\"@type\":\"WebPage\",\"@id\":\"https:\\\/\\\/www.orthodontist-dubai.com\\\/fun-dental-facts\\\/\",\"url\":\"https:\\\/\\\/www.orthodontist-dubai.com\\\/fun-dental-facts\\\/\",\"name\":\"FUN DENTAL FACTS\",\"isPartOf\":{\"@id\":\"https:\\\/\\\/www.orthodontist-dubai.com\\\/#website\"},\"datePublished\":\"2015-04-10T12:06:48+00:00\",\"dateModified\":\"2015-05-04T11:08:35+00:00\",\"breadcrumb\":{\"@id\":\"https:\\\/\\\/www.orthodontist-dubai.com\\\/fun-dental-facts\\\/#breadcrumb\"},\"inLanguage\":\"pl-PL\",\"potentialAction\":[{\"@type\":\"ReadAction\",\"target\":[\"https:\\\/\\\/www.orthodontist-dubai.com\\\/fun-dental-facts\\\/\"]}]},{\"@type\":\"BreadcrumbList\",\"@id\":\"https:\\\/\\\/www.orthodontist-dubai.com\\\/fun-dental-facts\\\/#breadcrumb\",\"itemListElement\":[{\"@type\":\"ListItem\",\"position\":1,\"name\":\"\u2776 Home\",\"item\":\"https:\\\/\\\/www.orthodontist-dubai.com\\\/\"},{\"@type\":\"ListItem\",\"position\":2,\"name\":\"Fun Dental Facts\"}]},{\"@type\":\"WebSite\",\"@id\":\"https:\\\/\\\/www.orthodontist-dubai.com\\\/#website\",\"url\":\"https:\\\/\\\/www.orthodontist-dubai.com\\\/\",\"name\":\"BEST Orthodontist &amp; Dentist in Dubai UAE for all Dental Treatments\",\"description\":\"Cheap &amp; Best Orthodontist &amp; Dentists for all dental treatments in Dubai UAE\",\"publisher\":{\"@id\":\"https:\\\/\\\/www.orthodontist-dubai.com\\\/#organization\"},\"potentialAction\":[{\"@type\":\"SearchAction\",\"target\":{\"@type\":\"EntryPoint\",\"urlTemplate\":\"https:\\\/\\\/www.orthodontist-dubai.com\\\/?s={search_term_string}\"},\"query-input\":{\"@type\":\"PropertyValueSpecification\",\"valueRequired\":true,\"valueName\":\"search_term_string\"}}],\"inLanguage\":\"pl-PL\"},{\"@type\":\"Organization\",\"@id\":\"https:\\\/\\\/www.orthodontist-dubai.com\\\/#organization\",\"name\":\"Best Orthodontist & Dentist in Dubai UAE\",\"url\":\"https:\\\/\\\/www.orthodontist-dubai.com\\\/\",\"logo\":{\"@type\":\"ImageObject\",\"inLanguage\":\"pl-PL\",\"@id\":\"https:\\\/\\\/www.orthodontist-dubai.com\\\/#\\\/schema\\\/logo\\\/image\\\/\",\"url\":\"https:\\\/\\\/www.orthodontist-dubai.com\\\/wp-content\\\/uploads\\\/2015\\\/04\\\/Othorontist-Dentist-UAE-Logo.png\",\"contentUrl\":\"https:\\\/\\\/www.orthodontist-dubai.com\\\/wp-content\\\/uploads\\\/2015\\\/04\\\/Othorontist-Dentist-UAE-Logo.png\",\"width\":190,\"height\":70,\"caption\":\"Best Orthodontist & Dentist in Dubai UAE\"},\"image\":{\"@id\":\"https:\\\/\\\/www.orthodontist-dubai.com\\\/#\\\/schema\\\/logo\\\/image\\\/\"},\"sameAs\":[\"https:\\\/\\\/www.facebook.com\\\/Orthodontist.Dentist.Dubai\\\/\",\"https:\\\/\\\/www.linkedin.com\\\/in\\\/dr-nazeer-ahmed-meeran-15691083\\\/\"]}]}<\/script>\n<!-- \/ Yoast SEO plugin. -->","yoast_head_json":{"title":"ZABAWNE FAKTY STOMATOLOGICZNE","robots":{"index":"index","follow":"follow","max-snippet":"max-snippet:-1","max-image-preview":"max-image-preview:large","max-video-preview":"max-video-preview:-1"},"canonical":"https:\/\/www.orthodontist-dubai.com\/pl\/zabawne-fakty-dentystyczne\/","og_locale":"pl_PL","og_type":"article","og_title":"FUN DENTAL FACTS","og_description":"Lets smile a little with these fun dental facts&#8230; Shall we? There is less human population in earth than population of bacteria in a single person&#8217;s mouth. Everyone gets 2 set of teeth throughout their lifetime Coffee, alcohol beverages &amp; cigarettes cause stains in teeth. Get teeth whitening done with your dentist. Colgate Total is [&hellip;]","og_url":"https:\/\/www.orthodontist-dubai.com\/pl\/zabawne-fakty-dentystyczne\/","og_site_name":"BEST Orthodontist &amp; Dentist in Dubai UAE for all Dental Treatments","article_publisher":"https:\/\/www.facebook.com\/Orthodontist.Dentist.Dubai\/","article_modified_time":"2015-05-04T11:08:35+00:00","twitter_card":"summary_large_image","twitter_misc":{"Szacowany czas czytania":"1 minuta"},"schema":{"@context":"https:\/\/schema.org","@graph":[{"@type":"WebPage","@id":"https:\/\/www.orthodontist-dubai.com\/fun-dental-facts\/","url":"https:\/\/www.orthodontist-dubai.com\/fun-dental-facts\/","name":"ZABAWNE FAKTY STOMATOLOGICZNE","isPartOf":{"@id":"https:\/\/www.orthodontist-dubai.com\/#website"},"datePublished":"2015-04-10T12:06:48+00:00","dateModified":"2015-05-04T11:08:35+00:00","breadcrumb":{"@id":"https:\/\/www.orthodontist-dubai.com\/fun-dental-facts\/#breadcrumb"},"inLanguage":"pl-PL","potentialAction":[{"@type":"ReadAction","target":["https:\/\/www.orthodontist-dubai.com\/fun-dental-facts\/"]}]},{"@type":"BreadcrumbList","@id":"https:\/\/www.orthodontist-dubai.com\/fun-dental-facts\/#breadcrumb","itemListElement":[{"@type":"ListItem","position":1,"name":"\u2776 Home","item":"https:\/\/www.orthodontist-dubai.com\/"},{"@type":"ListItem","position":2,"name":"Fun Dental Facts"}]},{"@type":"WebSite","@id":"https:\/\/www.orthodontist-dubai.com\/#website","url":"https:\/\/www.orthodontist-dubai.com\/","name":"NAJLEPSZY ortodonta i dentysta w Dubaju, Zjednoczone Emiraty Arabskie, oferuj\u0105cy wszystkie zabiegi stomatologiczne","description":"Tani i najlepszy ortodonta i denty\u015bci do wszystkich zabieg\u00f3w stomatologicznych w Dubaju, w Zjednoczonych Emiratach Arabskich","publisher":{"@id":"https:\/\/www.orthodontist-dubai.com\/#organization"},"potentialAction":[{"@type":"SearchAction","target":{"@type":"EntryPoint","urlTemplate":"https:\/\/www.orthodontist-dubai.com\/?s={search_term_string}"},"query-input":{"@type":"PropertyValueSpecification","valueRequired":true,"valueName":"search_term_string"}}],"inLanguage":"pl-PL"},{"@type":"Organization","@id":"https:\/\/www.orthodontist-dubai.com\/#organization","name":"Najlepszy ortodonta i dentysta w Dubaju, Zjednoczone Emiraty Arabskie","url":"https:\/\/www.orthodontist-dubai.com\/","logo":{"@type":"ImageObject","inLanguage":"pl-PL","@id":"https:\/\/www.orthodontist-dubai.com\/#\/schema\/logo\/image\/","url":"https:\/\/www.orthodontist-dubai.com\/wp-content\/uploads\/2015\/04\/Othorontist-Dentist-UAE-Logo.png","contentUrl":"https:\/\/www.orthodontist-dubai.com\/wp-content\/uploads\/2015\/04\/Othorontist-Dentist-UAE-Logo.png","width":190,"height":70,"caption":"Best Orthodontist & Dentist in Dubai UAE"},"image":{"@id":"https:\/\/www.orthodontist-dubai.com\/#\/schema\/logo\/image\/"},"sameAs":["https:\/\/www.facebook.com\/Orthodontist.Dentist.Dubai\/","https:\/\/www.linkedin.com\/in\/dr-nazeer-ahmed-meeran-15691083\/"]}]}},"_links":{"self":[{"href":"https:\/\/www.orthodontist-dubai.com\/pl\/wp-json\/wp\/v2\/pages\/112","targetHints":{"allow":["GET"]}}],"collection":[{"href":"https:\/\/www.orthodontist-dubai.com\/pl\/wp-json\/wp\/v2\/pages"}],"about":[{"href":"https:\/\/www.orthodontist-dubai.com\/pl\/wp-json\/wp\/v2\/types\/page"}],"author":[{"embeddable":true,"href":"https:\/\/www.orthodontist-dubai.com\/pl\/wp-json\/wp\/v2\/users\/1"}],"replies":[{"embeddable":true,"href":"https:\/\/www.orthodontist-dubai.com\/pl\/wp-json\/wp\/v2\/comments?post=112"}],"version-history":[{"count":5,"href":"https:\/\/www.orthodontist-dubai.com\/pl\/wp-json\/wp\/v2\/pages\/112\/revisions"}],"predecessor-version":[{"id":209,"href":"https:\/\/www.orthodontist-dubai.com\/pl\/wp-json\/wp\/v2\/pages\/112\/revisions\/209"}],"wp:attachment":[{"href":"https:\/\/www.orthodontist-dubai.com\/pl\/wp-json\/wp\/v2\/media?parent=112"}],"curies":[{"name":"wp","href":"https:\/\/api.w.org\/{rel}","templated":true}]}}