{"id":11,"date":"2014-12-28T18:03:31","date_gmt":"2014-12-28T18:03:31","guid":{"rendered":"https:\/\/www.orthodontist-dubai.com\/?page_id=11"},"modified":"2016-06-25T04:58:10","modified_gmt":"2016-06-25T00:58:10","slug":"orthodontic-braces-types","status":"publish","type":"page","link":"https:\/\/www.orthodontist-dubai.com\/pl\/rodzaje-aparatow-ortodontycznych\/","title":{"rendered":"Rodzaje aparat\u00f3w ortodontycznych"},"content":{"rendered":"<p>Ortodonta to wyspecjalizowany dentysta, kt\u00f3ry prostuje krzywe z\u0119by lub \u017ale ustawione szcz\u0119ki za pomoc\u0105 aparatu ortodontycznego lub aparat\u00f3w. Dawno min\u0119\u0142y czasy, gdy tylko metalowy aparat ortodontyczny oznacza\u0142 leczenie ortodontyczne. Zapoznaj si\u0119 z r\u00f3\u017cnymi rodzajami aparat\u00f3w dost\u0119pnych obecnie i ich pe\u0142nymi szczeg\u00f3\u0142ami, wybieraj\u0105c \u017c\u0105dany z rozwijanego menu g\u0142\u00f3wnego lub poni\u017cej.<\/p>\n<ul>\n<li><a href=\"https:\/\/www.orthodontist-dubai.com\/pl\/tradycyjne-metalowe-szelki\/\">Typy aparat\u00f3w metalowych<\/a><\/li>\n<li><a href=\"https:\/\/www.orthodontist-dubai.com\/pl\/aparaty-ceramiczne\/\">Ceramiczne szelki<\/a><\/li>\n<li><a href=\"https:\/\/www.orthodontist-dubai.com\/pl\/aparat-lingwalny-incognito\/\">Aparaty j\u0119zykowe<\/a><\/li>\n<li><a href=\"https:\/\/www.orthodontist-dubai.com\/pl\/aparat-damona\/\">Aparat Damona<\/a><\/li>\n<li><a href=\"https:\/\/www.orthodontist-dubai.com\/pl\/niewidoczne\/\">Invisalign \u2013 niewidoczny aparat ortodontyczny w Dubaju, w Zjednoczonych Emiratach Arabskich<\/a><\/li>\n<li><a href=\"https:\/\/www.orthodontist-dubai.com\/pl\/nakladki-eon\/\">Wyr\u00f3wnywacze Eon<\/a><\/li>\n<li><a href=\"https:\/\/www.orthodontist-dubai.com\/pl\/system-harmonii\/\">System Harmonii<\/a><\/li>\n<li><a href=\"https:\/\/www.orthodontist-dubai.com\/pl\/aparat-incognito\/\">Aparat incognito<\/a><\/li>\n<li><a href=\"https:\/\/www.orthodontist-dubai.com\/pl\/inteligentny-klip\/\">Inteligentny klip<\/a><\/li>\n<li><a href=\"https:\/\/www.orthodontist-dubai.com\/pl\/system-tenbrook-t1\/\">System Tenbrook T1<\/a><\/li>\n<li><a href=\"https:\/\/www.orthodontist-dubai.com\/pl\/aparat-ortopedyczny\/\">Aparat ortopedyczny<\/a><\/li>\n<\/ul>","protected":false},"excerpt":{"rendered":"<p>An orthodontist is a specialized dentist who straightens crooked teeth or misaligned jaws with the help of braces or appliances. Gone are the days when only the metal braces meant Orthodontic Treatments. Find out the various types of braces available today and their complete details by selecting the desired one from the main menu drop [&hellip;]<\/p>\n","protected":false},"author":1,"featured_media":0,"parent":0,"menu_order":0,"comment_status":"closed","ping_status":"closed","template":"page-templates\/full-width.php","meta":{"site-sidebar-layout":"default","site-content-layout":"","ast-site-content-layout":"default","site-content-style":"default","site-sidebar-style":"default","ast-global-header-display":"","ast-banner-title-visibility":"","ast-main-header-display":"","ast-hfb-above-header-display":"","ast-hfb-below-header-display":"","ast-hfb-mobile-header-display":"","site-post-title":"","ast-breadcrumbs-content":"","ast-featured-img":"","footer-sml-layout":"","ast-disable-related-posts":"","theme-transparent-header-meta":"","adv-header-id-meta":"","stick-header-meta":"","header-above-stick-meta":"","header-main-stick-meta":"","header-below-stick-meta":"","astra-migrate-meta-layouts":"default","ast-page-background-enabled":"default","ast-page-background-meta":{"desktop":{"background-color":"var(--ast-global-color-4)","background-image":"","background-repeat":"repeat","background-position":"center center","background-size":"auto","background-attachment":"scroll","background-type":"","background-media":"","overlay-type":"","overlay-color":"","overlay-opacity":"","overlay-gradient":""},"tablet":{"background-color":"","background-image":"","background-repeat":"repeat","background-position":"center center","background-size":"auto","background-attachment":"scroll","background-type":"","background-media":"","overlay-type":"","overlay-color":"","overlay-opacity":"","overlay-gradient":""},"mobile":{"background-color":"","background-image":"","background-repeat":"repeat","background-position":"center center","background-size":"auto","background-attachment":"scroll","background-type":"","background-media":"","overlay-type":"","overlay-color":"","overlay-opacity":"","overlay-gradient":""}},"ast-content-background-meta":{"desktop":{"background-color":"var(--ast-global-color-5)","background-image":"","background-repeat":"repeat","background-position":"center center","background-size":"auto","background-attachment":"scroll","background-type":"","background-media":"","overlay-type":"","overlay-color":"","overlay-opacity":"","overlay-gradient":""},"tablet":{"background-color":"var(--ast-global-color-5)","background-image":"","background-repeat":"repeat","background-position":"center center","background-size":"auto","background-attachment":"scroll","background-type":"","background-media":"","overlay-type":"","overlay-color":"","overlay-opacity":"","overlay-gradient":""},"mobile":{"background-color":"var(--ast-global-color-5)","background-image":"","background-repeat":"repeat","background-position":"center center","background-size":"auto","background-attachment":"scroll","background-type":"","background-media":"","overlay-type":"","overlay-color":"","overlay-opacity":"","overlay-gradient":""}},"footnotes":""},"class_list":["post-11","page","type-page","status-publish","hentry"],"yoast_head":"<!-- This site is optimized with the Yoast SEO plugin v27.4 - https:\/\/yoast.com\/product\/yoast-seo-wordpress\/ -->\n<title>ORTHODONTIC BRACES TYPES IN DUBAI UAE<\/title>\n<meta name=\"robots\" content=\"index, follow, max-snippet:-1, max-image-preview:large, max-video-preview:-1\" \/>\n<link rel=\"canonical\" href=\"https:\/\/www.orthodontist-dubai.com\/pl\/rodzaje-aparatow-ortodontycznych\/\" \/>\n<meta property=\"og:locale\" content=\"pl_PL\" \/>\n<meta property=\"og:type\" content=\"article\" \/>\n<meta property=\"og:title\" content=\"ORTHODONTIC BRACES TYPES IN DUBAI UAE\" \/>\n<meta property=\"og:description\" content=\"An orthodontist is a specialized dentist who straightens crooked teeth or misaligned jaws with the help of braces or appliances. Gone are the days when only the metal braces meant Orthodontic Treatments. Find out the various types of braces available today and their complete details by selecting the desired one from the main menu drop [&hellip;]\" \/>\n<meta property=\"og:url\" content=\"https:\/\/www.orthodontist-dubai.com\/pl\/rodzaje-aparatow-ortodontycznych\/\" \/>\n<meta property=\"og:site_name\" content=\"BEST Orthodontist &amp; Dentist in Dubai UAE for all Dental Treatments\" \/>\n<meta property=\"article:publisher\" content=\"https:\/\/www.facebook.com\/Orthodontist.Dentist.Dubai\/\" \/>\n<meta property=\"article:modified_time\" content=\"2016-06-25T00:58:10+00:00\" \/>\n<meta name=\"twitter:card\" content=\"summary_large_image\" \/>\n<script type=\"application\/ld+json\" class=\"yoast-schema-graph\">{\"@context\":\"https:\\\/\\\/schema.org\",\"@graph\":[{\"@type\":\"WebPage\",\"@id\":\"https:\\\/\\\/www.orthodontist-dubai.com\\\/orthodontic-braces-types\\\/\",\"url\":\"https:\\\/\\\/www.orthodontist-dubai.com\\\/orthodontic-braces-types\\\/\",\"name\":\"ORTHODONTIC BRACES TYPES IN DUBAI UAE\",\"isPartOf\":{\"@id\":\"https:\\\/\\\/www.orthodontist-dubai.com\\\/#website\"},\"datePublished\":\"2014-12-28T18:03:31+00:00\",\"dateModified\":\"2016-06-25T00:58:10+00:00\",\"breadcrumb\":{\"@id\":\"https:\\\/\\\/www.orthodontist-dubai.com\\\/orthodontic-braces-types\\\/#breadcrumb\"},\"inLanguage\":\"pl-PL\",\"potentialAction\":[{\"@type\":\"ReadAction\",\"target\":[\"https:\\\/\\\/www.orthodontist-dubai.com\\\/orthodontic-braces-types\\\/\"]}]},{\"@type\":\"BreadcrumbList\",\"@id\":\"https:\\\/\\\/www.orthodontist-dubai.com\\\/orthodontic-braces-types\\\/#breadcrumb\",\"itemListElement\":[{\"@type\":\"ListItem\",\"position\":1,\"name\":\"\u2776 Home\",\"item\":\"https:\\\/\\\/www.orthodontist-dubai.com\\\/\"},{\"@type\":\"ListItem\",\"position\":2,\"name\":\"Orthodontic Braces Types\"}]},{\"@type\":\"WebSite\",\"@id\":\"https:\\\/\\\/www.orthodontist-dubai.com\\\/#website\",\"url\":\"https:\\\/\\\/www.orthodontist-dubai.com\\\/\",\"name\":\"BEST Orthodontist &amp; Dentist in Dubai UAE for all Dental Treatments\",\"description\":\"Cheap &amp; Best Orthodontist &amp; Dentists for all dental treatments in Dubai UAE\",\"publisher\":{\"@id\":\"https:\\\/\\\/www.orthodontist-dubai.com\\\/#organization\"},\"potentialAction\":[{\"@type\":\"SearchAction\",\"target\":{\"@type\":\"EntryPoint\",\"urlTemplate\":\"https:\\\/\\\/www.orthodontist-dubai.com\\\/?s={search_term_string}\"},\"query-input\":{\"@type\":\"PropertyValueSpecification\",\"valueRequired\":true,\"valueName\":\"search_term_string\"}}],\"inLanguage\":\"pl-PL\"},{\"@type\":\"Organization\",\"@id\":\"https:\\\/\\\/www.orthodontist-dubai.com\\\/#organization\",\"name\":\"Best Orthodontist & Dentist in Dubai UAE\",\"url\":\"https:\\\/\\\/www.orthodontist-dubai.com\\\/\",\"logo\":{\"@type\":\"ImageObject\",\"inLanguage\":\"pl-PL\",\"@id\":\"https:\\\/\\\/www.orthodontist-dubai.com\\\/#\\\/schema\\\/logo\\\/image\\\/\",\"url\":\"https:\\\/\\\/www.orthodontist-dubai.com\\\/wp-content\\\/uploads\\\/2015\\\/04\\\/Othorontist-Dentist-UAE-Logo.png\",\"contentUrl\":\"https:\\\/\\\/www.orthodontist-dubai.com\\\/wp-content\\\/uploads\\\/2015\\\/04\\\/Othorontist-Dentist-UAE-Logo.png\",\"width\":190,\"height\":70,\"caption\":\"Best Orthodontist & Dentist in Dubai UAE\"},\"image\":{\"@id\":\"https:\\\/\\\/www.orthodontist-dubai.com\\\/#\\\/schema\\\/logo\\\/image\\\/\"},\"sameAs\":[\"https:\\\/\\\/www.facebook.com\\\/Orthodontist.Dentist.Dubai\\\/\",\"https:\\\/\\\/www.linkedin.com\\\/in\\\/dr-nazeer-ahmed-meeran-15691083\\\/\"]}]}<\/script>\n<!-- \/ Yoast SEO plugin. -->","yoast_head_json":{"title":"TYPY APARATU ORTODONTYCZNEGO W DUBAJU, ZEA","robots":{"index":"index","follow":"follow","max-snippet":"max-snippet:-1","max-image-preview":"max-image-preview:large","max-video-preview":"max-video-preview:-1"},"canonical":"https:\/\/www.orthodontist-dubai.com\/pl\/rodzaje-aparatow-ortodontycznych\/","og_locale":"pl_PL","og_type":"article","og_title":"ORTHODONTIC BRACES TYPES IN DUBAI UAE","og_description":"An orthodontist is a specialized dentist who straightens crooked teeth or misaligned jaws with the help of braces or appliances. Gone are the days when only the metal braces meant Orthodontic Treatments. Find out the various types of braces available today and their complete details by selecting the desired one from the main menu drop [&hellip;]","og_url":"https:\/\/www.orthodontist-dubai.com\/pl\/rodzaje-aparatow-ortodontycznych\/","og_site_name":"BEST Orthodontist &amp; Dentist in Dubai UAE for all Dental Treatments","article_publisher":"https:\/\/www.facebook.com\/Orthodontist.Dentist.Dubai\/","article_modified_time":"2016-06-25T00:58:10+00:00","twitter_card":"summary_large_image","schema":{"@context":"https:\/\/schema.org","@graph":[{"@type":"WebPage","@id":"https:\/\/www.orthodontist-dubai.com\/orthodontic-braces-types\/","url":"https:\/\/www.orthodontist-dubai.com\/orthodontic-braces-types\/","name":"TYPY APARATU ORTODONTYCZNEGO W DUBAJU, ZEA","isPartOf":{"@id":"https:\/\/www.orthodontist-dubai.com\/#website"},"datePublished":"2014-12-28T18:03:31+00:00","dateModified":"2016-06-25T00:58:10+00:00","breadcrumb":{"@id":"https:\/\/www.orthodontist-dubai.com\/orthodontic-braces-types\/#breadcrumb"},"inLanguage":"pl-PL","potentialAction":[{"@type":"ReadAction","target":["https:\/\/www.orthodontist-dubai.com\/orthodontic-braces-types\/"]}]},{"@type":"BreadcrumbList","@id":"https:\/\/www.orthodontist-dubai.com\/orthodontic-braces-types\/#breadcrumb","itemListElement":[{"@type":"ListItem","position":1,"name":"\u2776 Home","item":"https:\/\/www.orthodontist-dubai.com\/"},{"@type":"ListItem","position":2,"name":"Orthodontic Braces Types"}]},{"@type":"WebSite","@id":"https:\/\/www.orthodontist-dubai.com\/#website","url":"https:\/\/www.orthodontist-dubai.com\/","name":"NAJLEPSZY ortodonta i dentysta w Dubaju, Zjednoczone Emiraty Arabskie, oferuj\u0105cy wszystkie zabiegi stomatologiczne","description":"Tani i najlepszy ortodonta i denty\u015bci do wszystkich zabieg\u00f3w stomatologicznych w Dubaju, w Zjednoczonych Emiratach Arabskich","publisher":{"@id":"https:\/\/www.orthodontist-dubai.com\/#organization"},"potentialAction":[{"@type":"SearchAction","target":{"@type":"EntryPoint","urlTemplate":"https:\/\/www.orthodontist-dubai.com\/?s={search_term_string}"},"query-input":{"@type":"PropertyValueSpecification","valueRequired":true,"valueName":"search_term_string"}}],"inLanguage":"pl-PL"},{"@type":"Organization","@id":"https:\/\/www.orthodontist-dubai.com\/#organization","name":"Najlepszy ortodonta i dentysta w Dubaju, Zjednoczone Emiraty Arabskie","url":"https:\/\/www.orthodontist-dubai.com\/","logo":{"@type":"ImageObject","inLanguage":"pl-PL","@id":"https:\/\/www.orthodontist-dubai.com\/#\/schema\/logo\/image\/","url":"https:\/\/www.orthodontist-dubai.com\/wp-content\/uploads\/2015\/04\/Othorontist-Dentist-UAE-Logo.png","contentUrl":"https:\/\/www.orthodontist-dubai.com\/wp-content\/uploads\/2015\/04\/Othorontist-Dentist-UAE-Logo.png","width":190,"height":70,"caption":"Best Orthodontist & Dentist in Dubai UAE"},"image":{"@id":"https:\/\/www.orthodontist-dubai.com\/#\/schema\/logo\/image\/"},"sameAs":["https:\/\/www.facebook.com\/Orthodontist.Dentist.Dubai\/","https:\/\/www.linkedin.com\/in\/dr-nazeer-ahmed-meeran-15691083\/"]}]}},"_links":{"self":[{"href":"https:\/\/www.orthodontist-dubai.com\/pl\/wp-json\/wp\/v2\/pages\/11","targetHints":{"allow":["GET"]}}],"collection":[{"href":"https:\/\/www.orthodontist-dubai.com\/pl\/wp-json\/wp\/v2\/pages"}],"about":[{"href":"https:\/\/www.orthodontist-dubai.com\/pl\/wp-json\/wp\/v2\/types\/page"}],"author":[{"embeddable":true,"href":"https:\/\/www.orthodontist-dubai.com\/pl\/wp-json\/wp\/v2\/users\/1"}],"replies":[{"embeddable":true,"href":"https:\/\/www.orthodontist-dubai.com\/pl\/wp-json\/wp\/v2\/comments?post=11"}],"version-history":[{"count":2,"href":"https:\/\/www.orthodontist-dubai.com\/pl\/wp-json\/wp\/v2\/pages\/11\/revisions"}],"predecessor-version":[{"id":292,"href":"https:\/\/www.orthodontist-dubai.com\/pl\/wp-json\/wp\/v2\/pages\/11\/revisions\/292"}],"wp:attachment":[{"href":"https:\/\/www.orthodontist-dubai.com\/pl\/wp-json\/wp\/v2\/media?parent=11"}],"curies":[{"name":"wp","href":"https:\/\/api.w.org\/{rel}","templated":true}]}}