{"id":1920,"date":"2023-09-15T22:42:41","date_gmt":"2023-09-15T18:42:41","guid":{"rendered":"https:\/\/www.orthodontist-dubai.com\/?page_id=1920"},"modified":"2024-09-08T22:23:37","modified_gmt":"2024-09-08T18:23:37","slug":"dental-x-ray-in-dubai-uae","status":"publish","type":"page","link":"https:\/\/www.orthodontist-dubai.com\/nl\/tandheelkundige-rontgenfoto-in-dubai-vae\/","title":{"rendered":"Tandheelkundige r\u00f6ntgenfoto in Dubai, VAE"},"content":{"rendered":"<p>Tandheelkundige r\u00f6ntgenfoto&#039;s worden door tandartsen in Dubai gebruikt om de conditie van de tanden, het tandvlees en andere omliggende orale structuren van een pati\u00ebnt te diagnosticeren en visualiseren voor verschillende tandheelkundige behandelingen. Deze r\u00f6ntgenfoto&#039;s bieden inzicht in de orale conditie van een pati\u00ebnt en de vereiste behandeling, omdat deze niet alleen kan worden bevestigd door een eenvoudig visueel onderzoek. De kosten van een enkele periapicale r\u00f6ntgenfoto in Dubai VAE bedragen 75 AED. Een OPG (Orthopantomogram) r\u00f6ntgenfoto, ook wel een panoramische r\u00f6ntgenfoto genoemd, is een gespecialiseerde tandheelkundige r\u00f6ntgenfoto die een uitgebreid en panoramisch beeld geeft van uw boven- en onderkaak, tanden en alle omliggende structuren in \u00e9\u00e9n afbeelding. De kosten van een OPG r\u00f6ntgenfoto bedragen 300 AED.<\/p>\n\n\n\n<figure class=\"wp-block-image aligncenter size-full\"><a href=\"https:\/\/www.orthodontist-dubai.com\/nl\/neem-contact-met-ons-op\/\"><img decoding=\"async\" width=\"800\" height=\"510\" data-src=\"https:\/\/www.orthodontist-dubai.com\/wp-content\/uploads\/2023\/09\/Dental-X-Ray-in-Dubai-UAE.webp\" alt=\"Tandheelkundige r\u00f6ntgenfoto in Dubai, VAE\" class=\"wp-image-1921 lazyload\" data-srcset=\"https:\/\/www.orthodontist-dubai.com\/wp-content\/uploads\/2023\/09\/Dental-X-Ray-in-Dubai-UAE.webp 800w, https:\/\/www.orthodontist-dubai.com\/wp-content\/uploads\/2023\/09\/Dental-X-Ray-in-Dubai-UAE-300x191.webp 300w, https:\/\/www.orthodontist-dubai.com\/wp-content\/uploads\/2023\/09\/Dental-X-Ray-in-Dubai-UAE-768x490.webp 768w, https:\/\/www.orthodontist-dubai.com\/wp-content\/uploads\/2023\/09\/Dental-X-Ray-in-Dubai-UAE-18x12.webp 18w\" data-sizes=\"(max-width: 800px) 100vw, 800px\" src=\"data:image\/svg+xml;base64,PHN2ZyB3aWR0aD0iMSIgaGVpZ2h0PSIxIiB4bWxucz0iaHR0cDovL3d3dy53My5vcmcvMjAwMC9zdmciPjwvc3ZnPg==\" style=\"--smush-placeholder-width: 800px; --smush-placeholder-aspect-ratio: 800\/510;\" \/><\/a><\/figure>\n\n\n\n<p><strong>Gebruik van tandheelkundige r\u00f6ntgenstralen:<\/strong><\/p>\n\n\n\n<ol class=\"wp-block-list\">\n<li>Voor het detecteren van tandbederf: Tandheelkundige r\u00f6ntgenfoto&#039;s kunnen informatie geven over tandbederf (dat gaatjes veroorzaakt) die mogelijk niet zichtbaar is voor het blote oog van een tandarts. Als gaatjes in een vroeg stadium worden ontdekt, is de schade die hierdoor ontstaat zeer minimaal.<\/li>\n\n\n\n<li>Beoordeling van uw tand- en wortelstructuur: Tandheelkundige r\u00f6ntgenfoto&#039;s helpen tandartsen de structuur van uw tanden en wortels te analyseren en zo wortelinfecties, breuken of andere afwijkingen op te sporen.<\/li>\n\n\n\n<li>Tandvlees- en parodontale gezondheid: Deze r\u00f6ntgenfoto&#039;s kunnen de gezondheid van uw tandvlees en de gezondheid van het bot dat uw tanden ondersteunt onthullen, waardoor ze helpen bij het diagnosticeren van tandvleesaandoeningen zoals gingivitis en parodontitis.<\/li>\n\n\n\n<li>Ge\u00efmpacteerde tanden: Tandheelkundige r\u00f6ntgenfoto&#039;s zijn zeer nuttig bij het identificeren van ge\u00efmpacteerde tanden, zoals uw <a href=\"https:\/\/www.orthodontist-dubai.com\/nl\/verstandskies-verwijdering-extractie\/\">verstandskies<\/a> waarvoor mogelijk een extractie nodig is.<\/li>\n\n\n\n<li>Orthodontische behandelingen: Tandartsen en orthodontisten gebruiken r\u00f6ntgenfoto&#039;s voor het plannen van orthodontische behandelingen, zoals <a href=\"https:\/\/www.orthodontist-dubai.com\/nl\/beugels-in-dubai\/\">beugel<\/a> of <a href=\"https:\/\/www.orthodontist-dubai.com\/nl\/invisalign\/\">Invisalign<\/a>.<\/li>\n\n\n\n<li>Implantaatplanning: Tandheelkundige r\u00f6ntgenfoto&#039;s kunnen helpen de botkwaliteit voor een goede beoordeling te beoordelen <a href=\"https:\/\/www.orthodontist-dubai.com\/nl\/kunstgebit-tandimplantaten\/\">tandheelkundig implantaat<\/a> plaatsing.<\/li>\n<\/ol>\n\n\n\n<p><strong>Voordelen van het gebruik van tandheelkundige r\u00f6ntgenfoto&#039;s:<\/strong><\/p>\n\n\n\n<p>Er zijn veel voordelen verbonden aan het gebruik van tandheelkundige r\u00f6ntgenfoto&#039;s voor diagnose, zoals:<\/p>\n\n\n\n<ol class=\"wp-block-list\">\n<li>Vroegtijdige detectie van tandheelkundige problemen, waardoor een tijdige behandeling mogelijk is en escalatie van tandheelkundige problemen wordt voorkomen.<\/li>\n\n\n\n<li>Tandheelkundige r\u00f6ntgenfoto&#039;s bieden nauwkeurige beelden van uw orale structuren, wat helpt bij een zeer nauwkeurige diagnose van uw toestand en het effici\u00ebnt plannen van de tandheelkundige behandeling.<\/li>\n\n\n\n<li>Ze helpen tandartsen rechtstreeks aan pati\u00ebnten uit te leggen over hun tandheelkundige aandoeningen en beschikbare behandelingsopties door de tandheelkundige r\u00f6ntgenfoto&#039;s te tonen.<\/li>\n<\/ol>\n\n\n\n<p><strong>Nadelen van tandheelkundige r\u00f6ntgenfoto&#039;s:<\/strong><\/p>\n\n\n\n<ol class=\"wp-block-list\">\n<li>Hoewel de blootstelling aan straling door tandheelkundige r\u00f6ntgenfoto&#039;s minimaal is, bestaat er een risico op herhaalde blootstelling in de loop van de tijd en dit moet vooral worden vermeden bij zwangere vrouwen.<\/li>\n\n\n\n<li>Sommige pati\u00ebnten ervaren een licht ongemak als gevolg van het r\u00f6ntgenapparaat en de gebruikte beschermingsmiddelen.<\/li>\n\n\n\n<li>In enkele gevallen bieden de tandheelkundige r\u00f6ntgenfoto&#039;s niet altijd een volledige diagnose van de mondgezondheid en kunnen aanvullende beeldvormings- of diagnostische methoden nodig zijn.<\/li>\n<\/ol>\n\n\n\n<p><strong>De procedure voor het maken van een tandheelkundige r\u00f6ntgenfoto bestaat uit de onderstaande stappen:<\/strong><\/p>\n\n\n\n<ol class=\"wp-block-list\">\n<li>De pati\u00ebnt draagt een loden schort ter bescherming tegen blootstelling aan straling en is voorbereid op het maken van de tandheelkundige r\u00f6ntgenfoto.<\/li>\n\n\n\n<li>De pati\u00ebnt wordt gepositioneerd afhankelijk van het type tandheelkundige r\u00f6ntgenfoto \u2013 bijvoorbeeld voor het detecteren van gaatjes of voor het evalueren van een specifieke tand of voor het geven van een volledig overzicht van uw mond, enz.<\/li>\n\n\n\n<li>Uw tandarts of de tandtechnicus in de kliniek gebruikt een r\u00f6ntgenapparaat om de beelden vast te leggen terwijl de pati\u00ebnt stilhoudt.<\/li>\n\n\n\n<li>Beelden worden ontwikkeld op r\u00f6ntgenfilm of digitaal. Later analyseert uw tandarts de r\u00f6ntgenfoto&#039;s om een diagnose te stellen en de behandeling dienovereenkomstig te plannen.<\/li>\n<\/ol>\n\n\n\n<p><a href=\"https:\/\/www.orthodontist-dubai.com\/nl\/neem-contact-met-ons-op\/\">Neem contact met ons op<\/a> voor een GRATIS consult voor het laten maken van uw tandheelkundige r\u00f6ntgenfoto in Dubai, VAE.<\/p>","protected":false},"excerpt":{"rendered":"<p>Dental X-rays are used by dentists in Dubai for diagnosing &amp; visualizing the condition of a patient&#8217;s teeth, gums and other surrounding oral structures for various dental treatments. These X-rays provide insights about a patient&#8217;s oral condition &amp; the treatment required as it cannot be just confirmed from a simple visual examination. Cost of a [&hellip;]<\/p>\n","protected":false},"author":1,"featured_media":0,"parent":0,"menu_order":0,"comment_status":"closed","ping_status":"closed","template":"","meta":{"site-sidebar-layout":"default","site-content-layout":"","ast-site-content-layout":"default","site-content-style":"default","site-sidebar-style":"default","ast-global-header-display":"","ast-banner-title-visibility":"","ast-main-header-display":"","ast-hfb-above-header-display":"","ast-hfb-below-header-display":"","ast-hfb-mobile-header-display":"","site-post-title":"","ast-breadcrumbs-content":"","ast-featured-img":"","footer-sml-layout":"","ast-disable-related-posts":"","theme-transparent-header-meta":"","adv-header-id-meta":"","stick-header-meta":"","header-above-stick-meta":"","header-main-stick-meta":"","header-below-stick-meta":"","astra-migrate-meta-layouts":"set","ast-page-background-enabled":"default","ast-page-background-meta":{"desktop":{"background-color":"var(--ast-global-color-4)","background-image":"","background-repeat":"repeat","background-position":"center center","background-size":"auto","background-attachment":"scroll","background-type":"","background-media":"","overlay-type":"","overlay-color":"","overlay-opacity":"","overlay-gradient":""},"tablet":{"background-color":"","background-image":"","background-repeat":"repeat","background-position":"center center","background-size":"auto","background-attachment":"scroll","background-type":"","background-media":"","overlay-type":"","overlay-color":"","overlay-opacity":"","overlay-gradient":""},"mobile":{"background-color":"","background-image":"","background-repeat":"repeat","background-position":"center center","background-size":"auto","background-attachment":"scroll","background-type":"","background-media":"","overlay-type":"","overlay-color":"","overlay-opacity":"","overlay-gradient":""}},"ast-content-background-meta":{"desktop":{"background-color":"var(--ast-global-color-5)","background-image":"","background-repeat":"repeat","background-position":"center center","background-size":"auto","background-attachment":"scroll","background-type":"","background-media":"","overlay-type":"","overlay-color":"","overlay-opacity":"","overlay-gradient":""},"tablet":{"background-color":"var(--ast-global-color-5)","background-image":"","background-repeat":"repeat","background-position":"center center","background-size":"auto","background-attachment":"scroll","background-type":"","background-media":"","overlay-type":"","overlay-color":"","overlay-opacity":"","overlay-gradient":""},"mobile":{"background-color":"var(--ast-global-color-5)","background-image":"","background-repeat":"repeat","background-position":"center center","background-size":"auto","background-attachment":"scroll","background-type":"","background-media":"","overlay-type":"","overlay-color":"","overlay-opacity":"","overlay-gradient":""}},"footnotes":""},"class_list":["post-1920","page","type-page","status-publish","hentry"],"yoast_head":"<!-- This site is optimized with the Yoast SEO plugin v27.6 - https:\/\/yoast.com\/product\/yoast-seo-wordpress\/ -->\n<title>Affordable Dental X-Ray in Dubai UAE | Dental X ray cost in Dubai<\/title>\n<meta name=\"robots\" content=\"index, follow, max-snippet:-1, max-image-preview:large, max-video-preview:-1\" \/>\n<link rel=\"canonical\" href=\"https:\/\/www.orthodontist-dubai.com\/nl\/tandheelkundige-rontgenfoto-in-dubai-vae\/\" \/>\n<meta property=\"og:locale\" content=\"nl_BE\" \/>\n<meta property=\"og:type\" content=\"article\" \/>\n<meta property=\"og:title\" content=\"Affordable Dental X-Ray in Dubai UAE | Dental X ray cost in Dubai\" \/>\n<meta property=\"og:description\" content=\"Dental X-rays are used by dentists in Dubai for diagnosing &amp; visualizing the condition of a patient&#8217;s teeth, gums and other surrounding oral structures for various dental treatments. These X-rays provide insights about a patient&#8217;s oral condition &amp; the treatment required as it cannot be just confirmed from a simple visual examination. Cost of a [&hellip;]\" \/>\n<meta property=\"og:url\" content=\"https:\/\/www.orthodontist-dubai.com\/nl\/tandheelkundige-rontgenfoto-in-dubai-vae\/\" \/>\n<meta property=\"og:site_name\" content=\"BEST Orthodontist &amp; Dentist in Dubai UAE for all Dental Treatments\" \/>\n<meta property=\"article:publisher\" content=\"https:\/\/www.facebook.com\/Orthodontist.Dentist.Dubai\/\" \/>\n<meta property=\"article:modified_time\" content=\"2024-09-08T18:23:37+00:00\" \/>\n<meta property=\"og:image\" content=\"https:\/\/www.orthodontist-dubai.com\/wp-content\/uploads\/2023\/09\/Dental-X-Ray-in-Dubai-UAE.webp\" \/>\n<meta name=\"twitter:card\" content=\"summary_large_image\" \/>\n<meta name=\"twitter:label1\" content=\"Geschatte leestijd\" \/>\n\t<meta name=\"twitter:data1\" content=\"3 minuten\" \/>\n<script type=\"application\/ld+json\" class=\"yoast-schema-graph\">{\"@context\":\"https:\\\/\\\/schema.org\",\"@graph\":[{\"@type\":\"WebPage\",\"@id\":\"https:\\\/\\\/www.orthodontist-dubai.com\\\/dental-x-ray-in-dubai-uae\\\/\",\"url\":\"https:\\\/\\\/www.orthodontist-dubai.com\\\/dental-x-ray-in-dubai-uae\\\/\",\"name\":\"Affordable Dental X-Ray in Dubai UAE | Dental X ray cost in Dubai\",\"isPartOf\":{\"@id\":\"https:\\\/\\\/www.orthodontist-dubai.com\\\/#website\"},\"primaryImageOfPage\":{\"@id\":\"https:\\\/\\\/www.orthodontist-dubai.com\\\/dental-x-ray-in-dubai-uae\\\/#primaryimage\"},\"image\":{\"@id\":\"https:\\\/\\\/www.orthodontist-dubai.com\\\/dental-x-ray-in-dubai-uae\\\/#primaryimage\"},\"thumbnailUrl\":\"https:\\\/\\\/www.orthodontist-dubai.com\\\/wp-content\\\/uploads\\\/2023\\\/09\\\/Dental-X-Ray-in-Dubai-UAE.webp\",\"datePublished\":\"2023-09-15T18:42:41+00:00\",\"dateModified\":\"2024-09-08T18:23:37+00:00\",\"breadcrumb\":{\"@id\":\"https:\\\/\\\/www.orthodontist-dubai.com\\\/dental-x-ray-in-dubai-uae\\\/#breadcrumb\"},\"inLanguage\":\"nl-BE\",\"potentialAction\":[{\"@type\":\"ReadAction\",\"target\":[\"https:\\\/\\\/www.orthodontist-dubai.com\\\/dental-x-ray-in-dubai-uae\\\/\"]}]},{\"@type\":\"ImageObject\",\"inLanguage\":\"nl-BE\",\"@id\":\"https:\\\/\\\/www.orthodontist-dubai.com\\\/dental-x-ray-in-dubai-uae\\\/#primaryimage\",\"url\":\"https:\\\/\\\/www.orthodontist-dubai.com\\\/wp-content\\\/uploads\\\/2023\\\/09\\\/Dental-X-Ray-in-Dubai-UAE.webp\",\"contentUrl\":\"https:\\\/\\\/www.orthodontist-dubai.com\\\/wp-content\\\/uploads\\\/2023\\\/09\\\/Dental-X-Ray-in-Dubai-UAE.webp\"},{\"@type\":\"BreadcrumbList\",\"@id\":\"https:\\\/\\\/www.orthodontist-dubai.com\\\/dental-x-ray-in-dubai-uae\\\/#breadcrumb\",\"itemListElement\":[{\"@type\":\"ListItem\",\"position\":1,\"name\":\"\u2776 Home\",\"item\":\"https:\\\/\\\/www.orthodontist-dubai.com\\\/\"},{\"@type\":\"ListItem\",\"position\":2,\"name\":\"Dental X-Ray in Dubai UAE\"}]},{\"@type\":\"WebSite\",\"@id\":\"https:\\\/\\\/www.orthodontist-dubai.com\\\/#website\",\"url\":\"https:\\\/\\\/www.orthodontist-dubai.com\\\/\",\"name\":\"BEST Orthodontist &amp; Dentist in Dubai UAE for all Dental Treatments\",\"description\":\"Cheap &amp; Best Orthodontist &amp; Dentists for all dental treatments in Dubai UAE\",\"publisher\":{\"@id\":\"https:\\\/\\\/www.orthodontist-dubai.com\\\/#organization\"},\"potentialAction\":[{\"@type\":\"SearchAction\",\"target\":{\"@type\":\"EntryPoint\",\"urlTemplate\":\"https:\\\/\\\/www.orthodontist-dubai.com\\\/?s={search_term_string}\"},\"query-input\":{\"@type\":\"PropertyValueSpecification\",\"valueRequired\":true,\"valueName\":\"search_term_string\"}}],\"inLanguage\":\"nl-BE\"},{\"@type\":\"Organization\",\"@id\":\"https:\\\/\\\/www.orthodontist-dubai.com\\\/#organization\",\"name\":\"Best Orthodontist & Dentist in Dubai UAE\",\"url\":\"https:\\\/\\\/www.orthodontist-dubai.com\\\/\",\"logo\":{\"@type\":\"ImageObject\",\"inLanguage\":\"nl-BE\",\"@id\":\"https:\\\/\\\/www.orthodontist-dubai.com\\\/#\\\/schema\\\/logo\\\/image\\\/\",\"url\":\"https:\\\/\\\/www.orthodontist-dubai.com\\\/wp-content\\\/uploads\\\/2015\\\/04\\\/Othorontist-Dentist-UAE-Logo.png\",\"contentUrl\":\"https:\\\/\\\/www.orthodontist-dubai.com\\\/wp-content\\\/uploads\\\/2015\\\/04\\\/Othorontist-Dentist-UAE-Logo.png\",\"width\":190,\"height\":70,\"caption\":\"Best Orthodontist & Dentist in Dubai UAE\"},\"image\":{\"@id\":\"https:\\\/\\\/www.orthodontist-dubai.com\\\/#\\\/schema\\\/logo\\\/image\\\/\"},\"sameAs\":[\"https:\\\/\\\/www.facebook.com\\\/Orthodontist.Dentist.Dubai\\\/\",\"https:\\\/\\\/www.linkedin.com\\\/in\\\/dr-nazeer-ahmed-meeran-15691083\\\/\"]}]}<\/script>\n<!-- \/ Yoast SEO plugin. -->","yoast_head_json":{"title":"Betaalbare tandheelkundige r\u00f6ntgenfoto&#039;s in Dubai, VAE | Kosten voor tandheelkundige r\u00f6ntgenfoto&#039;s in Dubai","robots":{"index":"index","follow":"follow","max-snippet":"max-snippet:-1","max-image-preview":"max-image-preview:large","max-video-preview":"max-video-preview:-1"},"canonical":"https:\/\/www.orthodontist-dubai.com\/nl\/tandheelkundige-rontgenfoto-in-dubai-vae\/","og_locale":"nl_BE","og_type":"article","og_title":"Affordable Dental X-Ray in Dubai UAE | Dental X ray cost in Dubai","og_description":"Dental X-rays are used by dentists in Dubai for diagnosing &amp; visualizing the condition of a patient&#8217;s teeth, gums and other surrounding oral structures for various dental treatments. These X-rays provide insights about a patient&#8217;s oral condition &amp; the treatment required as it cannot be just confirmed from a simple visual examination. Cost of a [&hellip;]","og_url":"https:\/\/www.orthodontist-dubai.com\/nl\/tandheelkundige-rontgenfoto-in-dubai-vae\/","og_site_name":"BEST Orthodontist &amp; Dentist in Dubai UAE for all Dental Treatments","article_publisher":"https:\/\/www.facebook.com\/Orthodontist.Dentist.Dubai\/","article_modified_time":"2024-09-08T18:23:37+00:00","og_image":[{"url":"https:\/\/www.orthodontist-dubai.com\/wp-content\/uploads\/2023\/09\/Dental-X-Ray-in-Dubai-UAE.webp","type":"","width":"","height":""}],"twitter_card":"summary_large_image","twitter_misc":{"Geschatte leestijd":"3 minuten"},"schema":{"@context":"https:\/\/schema.org","@graph":[{"@type":"WebPage","@id":"https:\/\/www.orthodontist-dubai.com\/dental-x-ray-in-dubai-uae\/","url":"https:\/\/www.orthodontist-dubai.com\/dental-x-ray-in-dubai-uae\/","name":"Betaalbare tandheelkundige r\u00f6ntgenfoto&#039;s in Dubai, VAE | Kosten voor tandheelkundige r\u00f6ntgenfoto&#039;s in Dubai","isPartOf":{"@id":"https:\/\/www.orthodontist-dubai.com\/#website"},"primaryImageOfPage":{"@id":"https:\/\/www.orthodontist-dubai.com\/dental-x-ray-in-dubai-uae\/#primaryimage"},"image":{"@id":"https:\/\/www.orthodontist-dubai.com\/dental-x-ray-in-dubai-uae\/#primaryimage"},"thumbnailUrl":"https:\/\/www.orthodontist-dubai.com\/wp-content\/uploads\/2023\/09\/Dental-X-Ray-in-Dubai-UAE.webp","datePublished":"2023-09-15T18:42:41+00:00","dateModified":"2024-09-08T18:23:37+00:00","breadcrumb":{"@id":"https:\/\/www.orthodontist-dubai.com\/dental-x-ray-in-dubai-uae\/#breadcrumb"},"inLanguage":"nl-BE","potentialAction":[{"@type":"ReadAction","target":["https:\/\/www.orthodontist-dubai.com\/dental-x-ray-in-dubai-uae\/"]}]},{"@type":"ImageObject","inLanguage":"nl-BE","@id":"https:\/\/www.orthodontist-dubai.com\/dental-x-ray-in-dubai-uae\/#primaryimage","url":"https:\/\/www.orthodontist-dubai.com\/wp-content\/uploads\/2023\/09\/Dental-X-Ray-in-Dubai-UAE.webp","contentUrl":"https:\/\/www.orthodontist-dubai.com\/wp-content\/uploads\/2023\/09\/Dental-X-Ray-in-Dubai-UAE.webp"},{"@type":"BreadcrumbList","@id":"https:\/\/www.orthodontist-dubai.com\/dental-x-ray-in-dubai-uae\/#breadcrumb","itemListElement":[{"@type":"ListItem","position":1,"name":"\u2776 Home","item":"https:\/\/www.orthodontist-dubai.com\/"},{"@type":"ListItem","position":2,"name":"Dental X-Ray in Dubai UAE"}]},{"@type":"WebSite","@id":"https:\/\/www.orthodontist-dubai.com\/#website","url":"https:\/\/www.orthodontist-dubai.com\/","name":"BESTE orthodontist en tandarts in Dubai, VAE voor alle tandheelkundige behandelingen","description":"Goedkope en beste orthodontist en tandartsen voor alle tandheelkundige behandelingen in Dubai, VAE","publisher":{"@id":"https:\/\/www.orthodontist-dubai.com\/#organization"},"potentialAction":[{"@type":"SearchAction","target":{"@type":"EntryPoint","urlTemplate":"https:\/\/www.orthodontist-dubai.com\/?s={search_term_string}"},"query-input":{"@type":"PropertyValueSpecification","valueRequired":true,"valueName":"search_term_string"}}],"inLanguage":"nl-BE"},{"@type":"Organization","@id":"https:\/\/www.orthodontist-dubai.com\/#organization","name":"Beste orthodontist en tandarts in Dubai, VAE","url":"https:\/\/www.orthodontist-dubai.com\/","logo":{"@type":"ImageObject","inLanguage":"nl-BE","@id":"https:\/\/www.orthodontist-dubai.com\/#\/schema\/logo\/image\/","url":"https:\/\/www.orthodontist-dubai.com\/wp-content\/uploads\/2015\/04\/Othorontist-Dentist-UAE-Logo.png","contentUrl":"https:\/\/www.orthodontist-dubai.com\/wp-content\/uploads\/2015\/04\/Othorontist-Dentist-UAE-Logo.png","width":190,"height":70,"caption":"Best Orthodontist & Dentist in Dubai UAE"},"image":{"@id":"https:\/\/www.orthodontist-dubai.com\/#\/schema\/logo\/image\/"},"sameAs":["https:\/\/www.facebook.com\/Orthodontist.Dentist.Dubai\/","https:\/\/www.linkedin.com\/in\/dr-nazeer-ahmed-meeran-15691083\/"]}]}},"_links":{"self":[{"href":"https:\/\/www.orthodontist-dubai.com\/nl\/wp-json\/wp\/v2\/pages\/1920","targetHints":{"allow":["GET"]}}],"collection":[{"href":"https:\/\/www.orthodontist-dubai.com\/nl\/wp-json\/wp\/v2\/pages"}],"about":[{"href":"https:\/\/www.orthodontist-dubai.com\/nl\/wp-json\/wp\/v2\/types\/page"}],"author":[{"embeddable":true,"href":"https:\/\/www.orthodontist-dubai.com\/nl\/wp-json\/wp\/v2\/users\/1"}],"replies":[{"embeddable":true,"href":"https:\/\/www.orthodontist-dubai.com\/nl\/wp-json\/wp\/v2\/comments?post=1920"}],"version-history":[{"count":7,"href":"https:\/\/www.orthodontist-dubai.com\/nl\/wp-json\/wp\/v2\/pages\/1920\/revisions"}],"predecessor-version":[{"id":2379,"href":"https:\/\/www.orthodontist-dubai.com\/nl\/wp-json\/wp\/v2\/pages\/1920\/revisions\/2379"}],"wp:attachment":[{"href":"https:\/\/www.orthodontist-dubai.com\/nl\/wp-json\/wp\/v2\/media?parent=1920"}],"curies":[{"name":"wp","href":"https:\/\/api.w.org\/{rel}","templated":true}]}}