{"id":112,"date":"2015-04-10T12:06:48","date_gmt":"2015-04-10T12:06:48","guid":{"rendered":"https:\/\/www.orthodontist-dubai.com\/?page_id=112"},"modified":"2015-05-04T15:08:35","modified_gmt":"2015-05-04T11:08:35","slug":"fun-dental-facts","status":"publish","type":"page","link":"https:\/\/www.orthodontist-dubai.com\/nl\/leuke-tandheelkundige-feiten\/","title":{"rendered":"Leuke tandheelkundige feiten"},"content":{"rendered":"<p><strong>Laten we een beetje lachen met deze leuke tandheelkundige feiten... Zullen we?<\/strong><\/p>\n<ul>\n<li>Er is minder menselijke populatie op aarde dan de populatie bacteri\u00ebn in de mond van \u00e9\u00e9n persoon.<\/li>\n<li>Iedereen krijgt tijdens zijn leven twee sets tanden<\/li>\n<li>Koffie, alcoholische dranken en sigaretten veroorzaken vlekken op de tanden. Laat tanden bleken bij uw tandarts.<\/li>\n<li>Colgate Total is de tandpasta met de meeste voorkeur in de VS<\/li>\n<li>Alle krokodillen hebben tijdens hun leven veel tanden<\/li>\n<li>Tandglazuur is het hardste deel van ons menselijk lichaam, maar gebruik het toch niet om frisdrankflessen te openen \ud83d\ude42<\/li>\n<li>Je tanden gaan een leven lang mee (conditie \u2013 als je er goed voor zorgt)<\/li>\n<li>Twee keer per dag poetsen is erg belangrijk om gaatjes te voorkomen.<\/li>\n<li>Tanden bestaan uit: calcium, fosfaten en minerale zouten<\/li>\n<li>Groene thee is echt goed voor de gezondheid van het tandvlees en de tanden. Het heeft natuurlijke antioxidanten die tandplak voorkomen en het risico op gaatjes en slechte adem verminderen. Groene thee bevat ook fluoride dat tandbederf kan bestrijden.<\/li>\n<li>Alcohol vermindert speeksel, cre\u00ebert een zuur milieu en verzacht het tandglazuur. Het veroorzaakt ook verslechtering van het tandvlees en verlies van tanden.<\/li>\n<li>E\u00e9n keer per dag flossen verhoogt uw levensverwachting met 7 jaar.<\/li>\n<li>50% van de mensen beschouwt jouw glimlach als de eerste gezichtsattractie.<\/li>\n<\/ul>","protected":false},"excerpt":{"rendered":"<p>Lets smile a little with these fun dental facts&#8230; Shall we? There is less human population in earth than population of bacteria in a single person&#8217;s mouth. Everyone gets 2 set of teeth throughout their lifetime Coffee, alcohol beverages &amp; cigarettes cause stains in teeth. Get teeth whitening done with your dentist. Colgate Total is [&hellip;]<\/p>\n","protected":false},"author":1,"featured_media":0,"parent":0,"menu_order":0,"comment_status":"closed","ping_status":"closed","template":"","meta":{"site-sidebar-layout":"default","site-content-layout":"","ast-site-content-layout":"default","site-content-style":"default","site-sidebar-style":"default","ast-global-header-display":"","ast-banner-title-visibility":"","ast-main-header-display":"","ast-hfb-above-header-display":"","ast-hfb-below-header-display":"","ast-hfb-mobile-header-display":"","site-post-title":"","ast-breadcrumbs-content":"","ast-featured-img":"","footer-sml-layout":"","ast-disable-related-posts":"","theme-transparent-header-meta":"","adv-header-id-meta":"","stick-header-meta":"","header-above-stick-meta":"","header-main-stick-meta":"","header-below-stick-meta":"","astra-migrate-meta-layouts":"default","ast-page-background-enabled":"default","ast-page-background-meta":{"desktop":{"background-color":"var(--ast-global-color-4)","background-image":"","background-repeat":"repeat","background-position":"center center","background-size":"auto","background-attachment":"scroll","background-type":"","background-media":"","overlay-type":"","overlay-color":"","overlay-opacity":"","overlay-gradient":""},"tablet":{"background-color":"","background-image":"","background-repeat":"repeat","background-position":"center center","background-size":"auto","background-attachment":"scroll","background-type":"","background-media":"","overlay-type":"","overlay-color":"","overlay-opacity":"","overlay-gradient":""},"mobile":{"background-color":"","background-image":"","background-repeat":"repeat","background-position":"center center","background-size":"auto","background-attachment":"scroll","background-type":"","background-media":"","overlay-type":"","overlay-color":"","overlay-opacity":"","overlay-gradient":""}},"ast-content-background-meta":{"desktop":{"background-color":"var(--ast-global-color-5)","background-image":"","background-repeat":"repeat","background-position":"center center","background-size":"auto","background-attachment":"scroll","background-type":"","background-media":"","overlay-type":"","overlay-color":"","overlay-opacity":"","overlay-gradient":""},"tablet":{"background-color":"var(--ast-global-color-5)","background-image":"","background-repeat":"repeat","background-position":"center center","background-size":"auto","background-attachment":"scroll","background-type":"","background-media":"","overlay-type":"","overlay-color":"","overlay-opacity":"","overlay-gradient":""},"mobile":{"background-color":"var(--ast-global-color-5)","background-image":"","background-repeat":"repeat","background-position":"center center","background-size":"auto","background-attachment":"scroll","background-type":"","background-media":"","overlay-type":"","overlay-color":"","overlay-opacity":"","overlay-gradient":""}},"footnotes":""},"class_list":["post-112","page","type-page","status-publish","hentry"],"yoast_head":"<!-- This site is optimized with the Yoast SEO plugin v27.4 - https:\/\/yoast.com\/product\/yoast-seo-wordpress\/ -->\n<title>FUN DENTAL FACTS<\/title>\n<meta name=\"robots\" content=\"index, follow, max-snippet:-1, max-image-preview:large, max-video-preview:-1\" \/>\n<link rel=\"canonical\" href=\"https:\/\/www.orthodontist-dubai.com\/nl\/leuke-tandheelkundige-feiten\/\" \/>\n<meta property=\"og:locale\" content=\"nl_BE\" \/>\n<meta property=\"og:type\" content=\"article\" \/>\n<meta property=\"og:title\" content=\"FUN DENTAL FACTS\" \/>\n<meta property=\"og:description\" content=\"Lets smile a little with these fun dental facts&#8230; Shall we? There is less human population in earth than population of bacteria in a single person&#8217;s mouth. Everyone gets 2 set of teeth throughout their lifetime Coffee, alcohol beverages &amp; cigarettes cause stains in teeth. Get teeth whitening done with your dentist. Colgate Total is [&hellip;]\" \/>\n<meta property=\"og:url\" content=\"https:\/\/www.orthodontist-dubai.com\/nl\/leuke-tandheelkundige-feiten\/\" \/>\n<meta property=\"og:site_name\" content=\"BEST Orthodontist &amp; Dentist in Dubai UAE for all Dental Treatments\" \/>\n<meta property=\"article:publisher\" content=\"https:\/\/www.facebook.com\/Orthodontist.Dentist.Dubai\/\" \/>\n<meta property=\"article:modified_time\" content=\"2015-05-04T11:08:35+00:00\" \/>\n<meta name=\"twitter:card\" content=\"summary_large_image\" \/>\n<meta name=\"twitter:label1\" content=\"Geschatte leestijd\" \/>\n\t<meta name=\"twitter:data1\" content=\"1 minuut\" \/>\n<script type=\"application\/ld+json\" class=\"yoast-schema-graph\">{\"@context\":\"https:\\\/\\\/schema.org\",\"@graph\":[{\"@type\":\"WebPage\",\"@id\":\"https:\\\/\\\/www.orthodontist-dubai.com\\\/fun-dental-facts\\\/\",\"url\":\"https:\\\/\\\/www.orthodontist-dubai.com\\\/fun-dental-facts\\\/\",\"name\":\"FUN DENTAL FACTS\",\"isPartOf\":{\"@id\":\"https:\\\/\\\/www.orthodontist-dubai.com\\\/#website\"},\"datePublished\":\"2015-04-10T12:06:48+00:00\",\"dateModified\":\"2015-05-04T11:08:35+00:00\",\"breadcrumb\":{\"@id\":\"https:\\\/\\\/www.orthodontist-dubai.com\\\/fun-dental-facts\\\/#breadcrumb\"},\"inLanguage\":\"nl-BE\",\"potentialAction\":[{\"@type\":\"ReadAction\",\"target\":[\"https:\\\/\\\/www.orthodontist-dubai.com\\\/fun-dental-facts\\\/\"]}]},{\"@type\":\"BreadcrumbList\",\"@id\":\"https:\\\/\\\/www.orthodontist-dubai.com\\\/fun-dental-facts\\\/#breadcrumb\",\"itemListElement\":[{\"@type\":\"ListItem\",\"position\":1,\"name\":\"\u2776 Home\",\"item\":\"https:\\\/\\\/www.orthodontist-dubai.com\\\/\"},{\"@type\":\"ListItem\",\"position\":2,\"name\":\"Fun Dental Facts\"}]},{\"@type\":\"WebSite\",\"@id\":\"https:\\\/\\\/www.orthodontist-dubai.com\\\/#website\",\"url\":\"https:\\\/\\\/www.orthodontist-dubai.com\\\/\",\"name\":\"BEST Orthodontist &amp; Dentist in Dubai UAE for all Dental Treatments\",\"description\":\"Cheap &amp; Best Orthodontist &amp; Dentists for all dental treatments in Dubai UAE\",\"publisher\":{\"@id\":\"https:\\\/\\\/www.orthodontist-dubai.com\\\/#organization\"},\"potentialAction\":[{\"@type\":\"SearchAction\",\"target\":{\"@type\":\"EntryPoint\",\"urlTemplate\":\"https:\\\/\\\/www.orthodontist-dubai.com\\\/?s={search_term_string}\"},\"query-input\":{\"@type\":\"PropertyValueSpecification\",\"valueRequired\":true,\"valueName\":\"search_term_string\"}}],\"inLanguage\":\"nl-BE\"},{\"@type\":\"Organization\",\"@id\":\"https:\\\/\\\/www.orthodontist-dubai.com\\\/#organization\",\"name\":\"Best Orthodontist & Dentist in Dubai UAE\",\"url\":\"https:\\\/\\\/www.orthodontist-dubai.com\\\/\",\"logo\":{\"@type\":\"ImageObject\",\"inLanguage\":\"nl-BE\",\"@id\":\"https:\\\/\\\/www.orthodontist-dubai.com\\\/#\\\/schema\\\/logo\\\/image\\\/\",\"url\":\"https:\\\/\\\/www.orthodontist-dubai.com\\\/wp-content\\\/uploads\\\/2015\\\/04\\\/Othorontist-Dentist-UAE-Logo.png\",\"contentUrl\":\"https:\\\/\\\/www.orthodontist-dubai.com\\\/wp-content\\\/uploads\\\/2015\\\/04\\\/Othorontist-Dentist-UAE-Logo.png\",\"width\":190,\"height\":70,\"caption\":\"Best Orthodontist & Dentist in Dubai UAE\"},\"image\":{\"@id\":\"https:\\\/\\\/www.orthodontist-dubai.com\\\/#\\\/schema\\\/logo\\\/image\\\/\"},\"sameAs\":[\"https:\\\/\\\/www.facebook.com\\\/Orthodontist.Dentist.Dubai\\\/\",\"https:\\\/\\\/www.linkedin.com\\\/in\\\/dr-nazeer-ahmed-meeran-15691083\\\/\"]}]}<\/script>\n<!-- \/ Yoast SEO plugin. -->","yoast_head_json":{"title":"LEUKE TANDHEELFEITEN","robots":{"index":"index","follow":"follow","max-snippet":"max-snippet:-1","max-image-preview":"max-image-preview:large","max-video-preview":"max-video-preview:-1"},"canonical":"https:\/\/www.orthodontist-dubai.com\/nl\/leuke-tandheelkundige-feiten\/","og_locale":"nl_BE","og_type":"article","og_title":"FUN DENTAL FACTS","og_description":"Lets smile a little with these fun dental facts&#8230; Shall we? There is less human population in earth than population of bacteria in a single person&#8217;s mouth. Everyone gets 2 set of teeth throughout their lifetime Coffee, alcohol beverages &amp; cigarettes cause stains in teeth. Get teeth whitening done with your dentist. Colgate Total is [&hellip;]","og_url":"https:\/\/www.orthodontist-dubai.com\/nl\/leuke-tandheelkundige-feiten\/","og_site_name":"BEST Orthodontist &amp; Dentist in Dubai UAE for all Dental Treatments","article_publisher":"https:\/\/www.facebook.com\/Orthodontist.Dentist.Dubai\/","article_modified_time":"2015-05-04T11:08:35+00:00","twitter_card":"summary_large_image","twitter_misc":{"Geschatte leestijd":"1 minuut"},"schema":{"@context":"https:\/\/schema.org","@graph":[{"@type":"WebPage","@id":"https:\/\/www.orthodontist-dubai.com\/fun-dental-facts\/","url":"https:\/\/www.orthodontist-dubai.com\/fun-dental-facts\/","name":"LEUKE TANDHEELFEITEN","isPartOf":{"@id":"https:\/\/www.orthodontist-dubai.com\/#website"},"datePublished":"2015-04-10T12:06:48+00:00","dateModified":"2015-05-04T11:08:35+00:00","breadcrumb":{"@id":"https:\/\/www.orthodontist-dubai.com\/fun-dental-facts\/#breadcrumb"},"inLanguage":"nl-BE","potentialAction":[{"@type":"ReadAction","target":["https:\/\/www.orthodontist-dubai.com\/fun-dental-facts\/"]}]},{"@type":"BreadcrumbList","@id":"https:\/\/www.orthodontist-dubai.com\/fun-dental-facts\/#breadcrumb","itemListElement":[{"@type":"ListItem","position":1,"name":"\u2776 Home","item":"https:\/\/www.orthodontist-dubai.com\/"},{"@type":"ListItem","position":2,"name":"Fun Dental Facts"}]},{"@type":"WebSite","@id":"https:\/\/www.orthodontist-dubai.com\/#website","url":"https:\/\/www.orthodontist-dubai.com\/","name":"BESTE orthodontist en tandarts in Dubai, VAE voor alle tandheelkundige behandelingen","description":"Goedkope en beste orthodontist en tandartsen voor alle tandheelkundige behandelingen in Dubai, VAE","publisher":{"@id":"https:\/\/www.orthodontist-dubai.com\/#organization"},"potentialAction":[{"@type":"SearchAction","target":{"@type":"EntryPoint","urlTemplate":"https:\/\/www.orthodontist-dubai.com\/?s={search_term_string}"},"query-input":{"@type":"PropertyValueSpecification","valueRequired":true,"valueName":"search_term_string"}}],"inLanguage":"nl-BE"},{"@type":"Organization","@id":"https:\/\/www.orthodontist-dubai.com\/#organization","name":"Beste orthodontist en tandarts in Dubai, VAE","url":"https:\/\/www.orthodontist-dubai.com\/","logo":{"@type":"ImageObject","inLanguage":"nl-BE","@id":"https:\/\/www.orthodontist-dubai.com\/#\/schema\/logo\/image\/","url":"https:\/\/www.orthodontist-dubai.com\/wp-content\/uploads\/2015\/04\/Othorontist-Dentist-UAE-Logo.png","contentUrl":"https:\/\/www.orthodontist-dubai.com\/wp-content\/uploads\/2015\/04\/Othorontist-Dentist-UAE-Logo.png","width":190,"height":70,"caption":"Best Orthodontist & Dentist in Dubai UAE"},"image":{"@id":"https:\/\/www.orthodontist-dubai.com\/#\/schema\/logo\/image\/"},"sameAs":["https:\/\/www.facebook.com\/Orthodontist.Dentist.Dubai\/","https:\/\/www.linkedin.com\/in\/dr-nazeer-ahmed-meeran-15691083\/"]}]}},"_links":{"self":[{"href":"https:\/\/www.orthodontist-dubai.com\/nl\/wp-json\/wp\/v2\/pages\/112","targetHints":{"allow":["GET"]}}],"collection":[{"href":"https:\/\/www.orthodontist-dubai.com\/nl\/wp-json\/wp\/v2\/pages"}],"about":[{"href":"https:\/\/www.orthodontist-dubai.com\/nl\/wp-json\/wp\/v2\/types\/page"}],"author":[{"embeddable":true,"href":"https:\/\/www.orthodontist-dubai.com\/nl\/wp-json\/wp\/v2\/users\/1"}],"replies":[{"embeddable":true,"href":"https:\/\/www.orthodontist-dubai.com\/nl\/wp-json\/wp\/v2\/comments?post=112"}],"version-history":[{"count":5,"href":"https:\/\/www.orthodontist-dubai.com\/nl\/wp-json\/wp\/v2\/pages\/112\/revisions"}],"predecessor-version":[{"id":209,"href":"https:\/\/www.orthodontist-dubai.com\/nl\/wp-json\/wp\/v2\/pages\/112\/revisions\/209"}],"wp:attachment":[{"href":"https:\/\/www.orthodontist-dubai.com\/nl\/wp-json\/wp\/v2\/media?parent=112"}],"curies":[{"name":"wp","href":"https:\/\/api.w.org\/{rel}","templated":true}]}}