{"id":526,"date":"2018-08-07T13:47:37","date_gmt":"2018-08-07T09:47:37","guid":{"rendered":"https:\/\/www.orthodontist-dubai.com\/?page_id=526"},"modified":"2023-02-08T13:24:01","modified_gmt":"2023-02-08T09:24:01","slug":"about-our-authors-contributors","status":"publish","type":"page","link":"https:\/\/www.orthodontist-dubai.com\/nb\/om-vare-forfattere-bidragsytere\/","title":{"rendered":"Les om v\u00e5re forfattere og bidragsytere"},"content":{"rendered":"<p>Vi gir autentisk kilde til tanninformasjon og detaljer om alle typer tannbehandlinger fra anerkjente toppbidragsytere i tannhelseindustrien i Dubai, UAE som doktor Nazeer Ahmed Meeran som har gjort sitt verdifulle <a href=\"https:\/\/www.researchgate.net\/project\/https-wwworthodontist-dubaicom\" target=\"_blank\" rel=\"nofollow\">forskning<\/a> prosjekter og bidro til vekst av tannlegen. <a href=\"https:\/\/plus.google.com\/+DrNazeerAhmedMeeran\" target=\"_blank\">Dr.Nazeer Ahmed Meeran<\/a>&#039;s detaljerte bidrag b\u00f8r definitivt v\u00e6re til nytte for v\u00e5re lesere som kommer p\u00e5 jakt etter deres tannlegebehov og ser etter behandlingsalternativer fra en meget anerkjent og p\u00e5litelig ekspert i tannlegebransjen.<\/p>\n<p><img decoding=\"async\" class=\"aligncenter size-full wp-image-591 lazyload\" data-src=\"https:\/\/www.orthodontist-dubai.com\/wp-content\/uploads\/2018\/11\/Address-Contact-Details.jpg\" alt=\"Adresse og kontaktdetaljer\" width=\"659\" height=\"310\" data-srcset=\"https:\/\/www.orthodontist-dubai.com\/wp-content\/uploads\/2018\/11\/Address-Contact-Details.jpg 659w, https:\/\/www.orthodontist-dubai.com\/wp-content\/uploads\/2018\/11\/Address-Contact-Details-300x141.jpg 300w\" data-sizes=\"(max-width: 659px) 100vw, 659px\" src=\"data:image\/svg+xml;base64,PHN2ZyB3aWR0aD0iMSIgaGVpZ2h0PSIxIiB4bWxucz0iaHR0cDovL3d3dy53My5vcmcvMjAwMC9zdmciPjwvc3ZnPg==\" style=\"--smush-placeholder-width: 659px; --smush-placeholder-aspect-ratio: 659\/310;\" \/><\/p>\n<p><img decoding=\"async\" class=\"aligncenter size-full wp-image-1433 lazyload\" data-src=\"https:\/\/www.orthodontist-dubai.com\/wp-content\/uploads\/2022\/10\/Dr.-Abhishek-Parashar.jpg\" alt=\"Dr. Abhishek Parashar\" width=\"794\" height=\"643\" data-srcset=\"https:\/\/www.orthodontist-dubai.com\/wp-content\/uploads\/2022\/10\/Dr.-Abhishek-Parashar.jpg 794w, https:\/\/www.orthodontist-dubai.com\/wp-content\/uploads\/2022\/10\/Dr.-Abhishek-Parashar-300x243.jpg 300w, https:\/\/www.orthodontist-dubai.com\/wp-content\/uploads\/2022\/10\/Dr.-Abhishek-Parashar-768x622.jpg 768w, https:\/\/www.orthodontist-dubai.com\/wp-content\/uploads\/2022\/10\/Dr.-Abhishek-Parashar-15x12.jpg 15w\" data-sizes=\"(max-width: 794px) 100vw, 794px\" src=\"data:image\/svg+xml;base64,PHN2ZyB3aWR0aD0iMSIgaGVpZ2h0PSIxIiB4bWxucz0iaHR0cDovL3d3dy53My5vcmcvMjAwMC9zdmciPjwvc3ZnPg==\" style=\"--smush-placeholder-width: 794px; --smush-placeholder-aspect-ratio: 794\/643;\" \/><\/p>\n<p><b>Dr. Nazeer Ahmed Meeran<\/b> har jobbet i Dubai og India i mer enn 12 \u00e5r. Han er anerkjent over hele UAE som den beste kjeveortopeden i Dubai med en rekke prestisjetunge priser og anerkjennelse for sitt beste i klassen og sv\u00e6rt rimelige behandlinger. Han er en godt anerkjent og anbefalt kjeveortoped som praktiserer ved Dr. Joy Dental Chain of Clinics i Dubai. Han har klinisk ekspertise innen kjeveortopedisk behandling med Invisalign, metall og keramiske bukseseler, Clear Aligners, Lingual braces &amp; Self Ligation-systemer inkludert Damon System, Smart clip &amp; Tenbrook-apparat og behandling av komplisert dental malocclusion ved bruk av kjeveortopedisk miniimplantater. Han har sertifisering for tilpasset Lingual Braces System (USA). Hans interessefelt inkluderer ogs\u00e5 ikke-ekstraksjonsbehandlingsmekanikk med ekspansjonsapparater inkludert slow og Rapid Palatal Expander (RME). Han har ogs\u00e5 lang klinisk erfaring innen kirurgisk kjeveortopedi for voksne og funksjonell apparatterapi for kjevekorreksjon og behandling av skjelettfeil for barn i vekst. Han er v\u00e5r forfatter og har bidratt til godt unders\u00f8kte tannlegeartikler og anbefalinger for <a href=\"https:\/\/www.Orthodontist-Dubai.com\" target=\"_blank\">https:\/\/www.Orthodontist-Dubai.com<\/a><\/p>\n<p><img decoding=\"async\" class=\"aligncenter wp-image-213 size-medium lazyload\" data-src=\"https:\/\/www.orthodontist-dubai.com\/wp-content\/uploads\/2015\/05\/Dr.-Nazeer-Ahmed-Meeran-200x300.jpg\" alt=\"Dr. Nazeer Ahmed Meeran\" width=\"200\" height=\"300\" data-srcset=\"https:\/\/www.orthodontist-dubai.com\/wp-content\/uploads\/2015\/05\/Dr.-Nazeer-Ahmed-Meeran-200x300.jpg 200w, https:\/\/www.orthodontist-dubai.com\/wp-content\/uploads\/2015\/05\/Dr.-Nazeer-Ahmed-Meeran.jpg 640w\" data-sizes=\"(max-width: 200px) 100vw, 200px\" src=\"data:image\/svg+xml;base64,PHN2ZyB3aWR0aD0iMSIgaGVpZ2h0PSIxIiB4bWxucz0iaHR0cDovL3d3dy53My5vcmcvMjAwMC9zdmciPjwvc3ZnPg==\" style=\"--smush-placeholder-width: 200px; --smush-placeholder-aspect-ratio: 200\/300;\" \/><\/p>\n<p>Les anmeldelser fra ulike <a href=\"https:\/\/www.orthodontist-dubai.com\/nb\/klinikk-anmeldelser\/\">verifiserte kilder<\/a> f\u00f8r du velger den billige og beste tannklinikken i Dubai, UAE. Vi er din beste verifiserte kilde for rimelige kjeveortoped og tannlege i Dubai, UAE. Finn detaljer om alle behandlinger som \u2013 metall, keramikk, lingual, invisalign usynlig tannregulering og andre <a href=\"https:\/\/www.orthodontist-dubai.com\/nb\/tannlege\/\">tannbehandlinger<\/a>. Hans arbeid er publisert i <a href=\"https:\/\/www.jco-online.com\/archive\/2012\/04\/235-overview-self-ligating-brackets-an-update\/\" target=\"_blank\" rel=\"nofollow\">Journal of clinical Ortodontics<\/a> og <a href=\"https:\/\/www.ncbi.nlm.nih.gov\/pmc\/articles\/PMC4072383\/\" target=\"_blank\" rel=\"nofollow\">Nasjonalt senter for bioteknologiinformasjon<\/a>. Finn den billige og beste tannlegen i n\u00e6rheten av deg i Dubai for voksne og barns tannlegebehov inkludert kjeveortopedi, smile-makeover, tannimplantater, tannbleking, rotbehandling, tannekstraksjon, pediatrisk, Inkognito, Damon, Lingual, Keramiske seler, hollywood smile only fra en bekreftet kilde. Bestill en gratis helt GRATIS avtale fra en topp ansett tannlege fra en av de beste tannklinikkene i Dubai, UAE ved \u00e5 bruke dette <a href=\"https:\/\/www.orthodontist-dubai.com\/nb\/pasient-registrering\/\">skjema for pasientregistrering<\/a>.<\/p>\n<hr \/>","protected":false},"excerpt":{"rendered":"<p>We provide authentic source of dental information and details about all kinds of dental treatments from well recognized top contributors in Dental industry in Dubai, UAE like Doctor Nazeer Ahmed Meeran who has done his valuable research projects and contributed to the growth of dentistry. Dr.Nazeer Ahmed Meeran&#8216;s detailed contribution should definitely benefit our readers [&hellip;]<\/p>\n","protected":false},"author":1,"featured_media":0,"parent":0,"menu_order":0,"comment_status":"closed","ping_status":"closed","template":"","meta":{"site-sidebar-layout":"default","site-content-layout":"","ast-site-content-layout":"default","site-content-style":"default","site-sidebar-style":"default","ast-global-header-display":"","ast-banner-title-visibility":"","ast-main-header-display":"","ast-hfb-above-header-display":"","ast-hfb-below-header-display":"","ast-hfb-mobile-header-display":"","site-post-title":"","ast-breadcrumbs-content":"","ast-featured-img":"","footer-sml-layout":"","ast-disable-related-posts":"","theme-transparent-header-meta":"","adv-header-id-meta":"","stick-header-meta":"","header-above-stick-meta":"","header-main-stick-meta":"","header-below-stick-meta":"","astra-migrate-meta-layouts":"default","ast-page-background-enabled":"default","ast-page-background-meta":{"desktop":{"background-color":"var(--ast-global-color-4)","background-image":"","background-repeat":"repeat","background-position":"center center","background-size":"auto","background-attachment":"scroll","background-type":"","background-media":"","overlay-type":"","overlay-color":"","overlay-opacity":"","overlay-gradient":""},"tablet":{"background-color":"","background-image":"","background-repeat":"repeat","background-position":"center center","background-size":"auto","background-attachment":"scroll","background-type":"","background-media":"","overlay-type":"","overlay-color":"","overlay-opacity":"","overlay-gradient":""},"mobile":{"background-color":"","background-image":"","background-repeat":"repeat","background-position":"center center","background-size":"auto","background-attachment":"scroll","background-type":"","background-media":"","overlay-type":"","overlay-color":"","overlay-opacity":"","overlay-gradient":""}},"ast-content-background-meta":{"desktop":{"background-color":"var(--ast-global-color-5)","background-image":"","background-repeat":"repeat","background-position":"center center","background-size":"auto","background-attachment":"scroll","background-type":"","background-media":"","overlay-type":"","overlay-color":"","overlay-opacity":"","overlay-gradient":""},"tablet":{"background-color":"var(--ast-global-color-5)","background-image":"","background-repeat":"repeat","background-position":"center center","background-size":"auto","background-attachment":"scroll","background-type":"","background-media":"","overlay-type":"","overlay-color":"","overlay-opacity":"","overlay-gradient":""},"mobile":{"background-color":"var(--ast-global-color-5)","background-image":"","background-repeat":"repeat","background-position":"center center","background-size":"auto","background-attachment":"scroll","background-type":"","background-media":"","overlay-type":"","overlay-color":"","overlay-opacity":"","overlay-gradient":""}},"footnotes":""},"class_list":["post-526","page","type-page","status-publish","hentry"],"yoast_head":"<!-- This site is optimized with the Yoast SEO plugin v27.4 - https:\/\/yoast.com\/product\/yoast-seo-wordpress\/ -->\n<title>Read About Our Authors &amp; Contributors<\/title>\n<meta name=\"robots\" content=\"index, follow, max-snippet:-1, max-image-preview:large, max-video-preview:-1\" \/>\n<link rel=\"canonical\" href=\"https:\/\/www.orthodontist-dubai.com\/nb\/om-vare-forfattere-bidragsytere\/\" \/>\n<meta property=\"og:locale\" content=\"nb_NO\" \/>\n<meta property=\"og:type\" content=\"article\" \/>\n<meta property=\"og:title\" content=\"Read About Our Authors &amp; Contributors\" \/>\n<meta property=\"og:description\" content=\"We provide authentic source of dental information and details about all kinds of dental treatments from well recognized top contributors in Dental industry in Dubai, UAE like Doctor Nazeer Ahmed Meeran who has done his valuable research projects and contributed to the growth of dentistry. Dr.Nazeer Ahmed Meeran&#8216;s detailed contribution should definitely benefit our readers [&hellip;]\" \/>\n<meta property=\"og:url\" content=\"https:\/\/www.orthodontist-dubai.com\/nb\/om-vare-forfattere-bidragsytere\/\" \/>\n<meta property=\"og:site_name\" content=\"BEST Orthodontist &amp; Dentist in Dubai UAE for all Dental Treatments\" \/>\n<meta property=\"article:publisher\" content=\"https:\/\/www.facebook.com\/Orthodontist.Dentist.Dubai\/\" \/>\n<meta property=\"article:modified_time\" content=\"2023-02-08T09:24:01+00:00\" \/>\n<meta property=\"og:image\" content=\"https:\/\/www.orthodontist-dubai.com\/wp-content\/uploads\/2018\/11\/Address-Contact-Details.jpg\" \/>\n<meta name=\"twitter:card\" content=\"summary_large_image\" \/>\n<meta name=\"twitter:label1\" content=\"Ansl. lesetid\" \/>\n\t<meta name=\"twitter:data1\" content=\"3 minutter\" \/>\n<script type=\"application\/ld+json\" class=\"yoast-schema-graph\">{\"@context\":\"https:\\\/\\\/schema.org\",\"@graph\":[{\"@type\":\"WebPage\",\"@id\":\"https:\\\/\\\/www.orthodontist-dubai.com\\\/about-our-authors-contributors\\\/\",\"url\":\"https:\\\/\\\/www.orthodontist-dubai.com\\\/about-our-authors-contributors\\\/\",\"name\":\"Read About Our Authors & Contributors\",\"isPartOf\":{\"@id\":\"https:\\\/\\\/www.orthodontist-dubai.com\\\/#website\"},\"primaryImageOfPage\":{\"@id\":\"https:\\\/\\\/www.orthodontist-dubai.com\\\/about-our-authors-contributors\\\/#primaryimage\"},\"image\":{\"@id\":\"https:\\\/\\\/www.orthodontist-dubai.com\\\/about-our-authors-contributors\\\/#primaryimage\"},\"thumbnailUrl\":\"https:\\\/\\\/www.orthodontist-dubai.com\\\/wp-content\\\/uploads\\\/2018\\\/11\\\/Address-Contact-Details.jpg\",\"datePublished\":\"2018-08-07T09:47:37+00:00\",\"dateModified\":\"2023-02-08T09:24:01+00:00\",\"breadcrumb\":{\"@id\":\"https:\\\/\\\/www.orthodontist-dubai.com\\\/about-our-authors-contributors\\\/#breadcrumb\"},\"inLanguage\":\"nb-NO\",\"potentialAction\":[{\"@type\":\"ReadAction\",\"target\":[\"https:\\\/\\\/www.orthodontist-dubai.com\\\/about-our-authors-contributors\\\/\"]}]},{\"@type\":\"ImageObject\",\"inLanguage\":\"nb-NO\",\"@id\":\"https:\\\/\\\/www.orthodontist-dubai.com\\\/about-our-authors-contributors\\\/#primaryimage\",\"url\":\"https:\\\/\\\/www.orthodontist-dubai.com\\\/wp-content\\\/uploads\\\/2018\\\/11\\\/Address-Contact-Details.jpg\",\"contentUrl\":\"https:\\\/\\\/www.orthodontist-dubai.com\\\/wp-content\\\/uploads\\\/2018\\\/11\\\/Address-Contact-Details.jpg\"},{\"@type\":\"BreadcrumbList\",\"@id\":\"https:\\\/\\\/www.orthodontist-dubai.com\\\/about-our-authors-contributors\\\/#breadcrumb\",\"itemListElement\":[{\"@type\":\"ListItem\",\"position\":1,\"name\":\"\u2776 Home\",\"item\":\"https:\\\/\\\/www.orthodontist-dubai.com\\\/\"},{\"@type\":\"ListItem\",\"position\":2,\"name\":\"Read About Our Authors &#038; Contributors\"}]},{\"@type\":\"WebSite\",\"@id\":\"https:\\\/\\\/www.orthodontist-dubai.com\\\/#website\",\"url\":\"https:\\\/\\\/www.orthodontist-dubai.com\\\/\",\"name\":\"BEST Orthodontist &amp; Dentist in Dubai UAE for all Dental Treatments\",\"description\":\"Cheap &amp; Best Orthodontist &amp; Dentists for all dental treatments in Dubai UAE\",\"publisher\":{\"@id\":\"https:\\\/\\\/www.orthodontist-dubai.com\\\/#organization\"},\"potentialAction\":[{\"@type\":\"SearchAction\",\"target\":{\"@type\":\"EntryPoint\",\"urlTemplate\":\"https:\\\/\\\/www.orthodontist-dubai.com\\\/?s={search_term_string}\"},\"query-input\":{\"@type\":\"PropertyValueSpecification\",\"valueRequired\":true,\"valueName\":\"search_term_string\"}}],\"inLanguage\":\"nb-NO\"},{\"@type\":\"Organization\",\"@id\":\"https:\\\/\\\/www.orthodontist-dubai.com\\\/#organization\",\"name\":\"Best Orthodontist & Dentist in Dubai UAE\",\"url\":\"https:\\\/\\\/www.orthodontist-dubai.com\\\/\",\"logo\":{\"@type\":\"ImageObject\",\"inLanguage\":\"nb-NO\",\"@id\":\"https:\\\/\\\/www.orthodontist-dubai.com\\\/#\\\/schema\\\/logo\\\/image\\\/\",\"url\":\"https:\\\/\\\/www.orthodontist-dubai.com\\\/wp-content\\\/uploads\\\/2015\\\/04\\\/Othorontist-Dentist-UAE-Logo.png\",\"contentUrl\":\"https:\\\/\\\/www.orthodontist-dubai.com\\\/wp-content\\\/uploads\\\/2015\\\/04\\\/Othorontist-Dentist-UAE-Logo.png\",\"width\":190,\"height\":70,\"caption\":\"Best Orthodontist & Dentist in Dubai UAE\"},\"image\":{\"@id\":\"https:\\\/\\\/www.orthodontist-dubai.com\\\/#\\\/schema\\\/logo\\\/image\\\/\"},\"sameAs\":[\"https:\\\/\\\/www.facebook.com\\\/Orthodontist.Dentist.Dubai\\\/\",\"https:\\\/\\\/www.linkedin.com\\\/in\\\/dr-nazeer-ahmed-meeran-15691083\\\/\"]}]}<\/script>\n<!-- \/ Yoast SEO plugin. -->","yoast_head_json":{"title":"Les om v\u00e5re forfattere og bidragsytere","robots":{"index":"index","follow":"follow","max-snippet":"max-snippet:-1","max-image-preview":"max-image-preview:large","max-video-preview":"max-video-preview:-1"},"canonical":"https:\/\/www.orthodontist-dubai.com\/nb\/om-vare-forfattere-bidragsytere\/","og_locale":"nb_NO","og_type":"article","og_title":"Read About Our Authors & Contributors","og_description":"We provide authentic source of dental information and details about all kinds of dental treatments from well recognized top contributors in Dental industry in Dubai, UAE like Doctor Nazeer Ahmed Meeran who has done his valuable research projects and contributed to the growth of dentistry. Dr.Nazeer Ahmed Meeran&#8216;s detailed contribution should definitely benefit our readers [&hellip;]","og_url":"https:\/\/www.orthodontist-dubai.com\/nb\/om-vare-forfattere-bidragsytere\/","og_site_name":"BEST Orthodontist &amp; Dentist in Dubai UAE for all Dental Treatments","article_publisher":"https:\/\/www.facebook.com\/Orthodontist.Dentist.Dubai\/","article_modified_time":"2023-02-08T09:24:01+00:00","og_image":[{"url":"https:\/\/www.orthodontist-dubai.com\/wp-content\/uploads\/2018\/11\/Address-Contact-Details.jpg","type":"","width":"","height":""}],"twitter_card":"summary_large_image","twitter_misc":{"Ansl. lesetid":"3 minutter"},"schema":{"@context":"https:\/\/schema.org","@graph":[{"@type":"WebPage","@id":"https:\/\/www.orthodontist-dubai.com\/about-our-authors-contributors\/","url":"https:\/\/www.orthodontist-dubai.com\/about-our-authors-contributors\/","name":"Les om v\u00e5re forfattere og bidragsytere","isPartOf":{"@id":"https:\/\/www.orthodontist-dubai.com\/#website"},"primaryImageOfPage":{"@id":"https:\/\/www.orthodontist-dubai.com\/about-our-authors-contributors\/#primaryimage"},"image":{"@id":"https:\/\/www.orthodontist-dubai.com\/about-our-authors-contributors\/#primaryimage"},"thumbnailUrl":"https:\/\/www.orthodontist-dubai.com\/wp-content\/uploads\/2018\/11\/Address-Contact-Details.jpg","datePublished":"2018-08-07T09:47:37+00:00","dateModified":"2023-02-08T09:24:01+00:00","breadcrumb":{"@id":"https:\/\/www.orthodontist-dubai.com\/about-our-authors-contributors\/#breadcrumb"},"inLanguage":"nb-NO","potentialAction":[{"@type":"ReadAction","target":["https:\/\/www.orthodontist-dubai.com\/about-our-authors-contributors\/"]}]},{"@type":"ImageObject","inLanguage":"nb-NO","@id":"https:\/\/www.orthodontist-dubai.com\/about-our-authors-contributors\/#primaryimage","url":"https:\/\/www.orthodontist-dubai.com\/wp-content\/uploads\/2018\/11\/Address-Contact-Details.jpg","contentUrl":"https:\/\/www.orthodontist-dubai.com\/wp-content\/uploads\/2018\/11\/Address-Contact-Details.jpg"},{"@type":"BreadcrumbList","@id":"https:\/\/www.orthodontist-dubai.com\/about-our-authors-contributors\/#breadcrumb","itemListElement":[{"@type":"ListItem","position":1,"name":"\u2776 Home","item":"https:\/\/www.orthodontist-dubai.com\/"},{"@type":"ListItem","position":2,"name":"Read About Our Authors &#038; Contributors"}]},{"@type":"WebSite","@id":"https:\/\/www.orthodontist-dubai.com\/#website","url":"https:\/\/www.orthodontist-dubai.com\/","name":"BESTE kjeveortoped og tannlege i Dubai UAE for alle tannbehandlinger","description":"Billig og beste kjeveortoped og tannleger for alle tannbehandlinger i Dubai UAE","publisher":{"@id":"https:\/\/www.orthodontist-dubai.com\/#organization"},"potentialAction":[{"@type":"SearchAction","target":{"@type":"EntryPoint","urlTemplate":"https:\/\/www.orthodontist-dubai.com\/?s={search_term_string}"},"query-input":{"@type":"PropertyValueSpecification","valueRequired":true,"valueName":"search_term_string"}}],"inLanguage":"nb-NO"},{"@type":"Organization","@id":"https:\/\/www.orthodontist-dubai.com\/#organization","name":"Beste kjeveortoped og tannlege i Dubai UAE","url":"https:\/\/www.orthodontist-dubai.com\/","logo":{"@type":"ImageObject","inLanguage":"nb-NO","@id":"https:\/\/www.orthodontist-dubai.com\/#\/schema\/logo\/image\/","url":"https:\/\/www.orthodontist-dubai.com\/wp-content\/uploads\/2015\/04\/Othorontist-Dentist-UAE-Logo.png","contentUrl":"https:\/\/www.orthodontist-dubai.com\/wp-content\/uploads\/2015\/04\/Othorontist-Dentist-UAE-Logo.png","width":190,"height":70,"caption":"Best Orthodontist & Dentist in Dubai UAE"},"image":{"@id":"https:\/\/www.orthodontist-dubai.com\/#\/schema\/logo\/image\/"},"sameAs":["https:\/\/www.facebook.com\/Orthodontist.Dentist.Dubai\/","https:\/\/www.linkedin.com\/in\/dr-nazeer-ahmed-meeran-15691083\/"]}]}},"_links":{"self":[{"href":"https:\/\/www.orthodontist-dubai.com\/nb\/wp-json\/wp\/v2\/pages\/526","targetHints":{"allow":["GET"]}}],"collection":[{"href":"https:\/\/www.orthodontist-dubai.com\/nb\/wp-json\/wp\/v2\/pages"}],"about":[{"href":"https:\/\/www.orthodontist-dubai.com\/nb\/wp-json\/wp\/v2\/types\/page"}],"author":[{"embeddable":true,"href":"https:\/\/www.orthodontist-dubai.com\/nb\/wp-json\/wp\/v2\/users\/1"}],"replies":[{"embeddable":true,"href":"https:\/\/www.orthodontist-dubai.com\/nb\/wp-json\/wp\/v2\/comments?post=526"}],"version-history":[{"count":4,"href":"https:\/\/www.orthodontist-dubai.com\/nb\/wp-json\/wp\/v2\/pages\/526\/revisions"}],"predecessor-version":[{"id":1524,"href":"https:\/\/www.orthodontist-dubai.com\/nb\/wp-json\/wp\/v2\/pages\/526\/revisions\/1524"}],"wp:attachment":[{"href":"https:\/\/www.orthodontist-dubai.com\/nb\/wp-json\/wp\/v2\/media?parent=526"}],"curies":[{"name":"wp","href":"https:\/\/api.w.org\/{rel}","templated":true}]}}