{"id":157,"date":"2015-04-15T07:04:06","date_gmt":"2015-04-15T07:04:06","guid":{"rendered":"https:\/\/www.orthodontist-dubai.com\/?page_id=157"},"modified":"2023-10-20T13:15:00","modified_gmt":"2023-10-20T09:15:00","slug":"crowns-and-bridges","status":"publish","type":"page","link":"https:\/\/www.orthodontist-dubai.com\/nb\/kroner-og-broer\/","title":{"rendered":"Tannkrone og tannbroer"},"content":{"rendered":"<p>Disse er <strong>faste proteser<\/strong> gj\u00f8res ved \u00e5 <strong>tannleger<\/strong>. De er ikke avtagbare som <strong>proteser<\/strong> og er <strong>sementert til dine eksisterende tenner eller implantater<\/strong>. De kan bare fjernes av tannleger. Tannkroner brukes til \u00e5 beskytte skadet eller svekket tann. Tannkroner kalles ogs\u00e5 &quot;<em>tannhetter<\/em>&quot;. De er tannformede &quot;hetter&quot; som er skreddersydd av tannlegen din og plasseres over den forberedte tannen. Tannkroner dekker tannen din fra tannkj\u00f8ttkanten opp til biteoverflaten.<\/p>\n<p><img decoding=\"async\" class=\"aligncenter lazyload\" data-src=\"https:\/\/www.orthodontist-dubai.com\/wp-content\/uploads\/2023\/10\/Dental-Crown-Bridges-in-Dubai-UAE-Before-After-treatment-pictures.jpg\" alt=\"Tannkrone og broer i Dubai UAE F\u00f8r og etter behandlingsbilder\" width=\"1016\" height=\"867\" src=\"data:image\/svg+xml;base64,PHN2ZyB3aWR0aD0iMSIgaGVpZ2h0PSIxIiB4bWxucz0iaHR0cDovL3d3dy53My5vcmcvMjAwMC9zdmciPjwvc3ZnPg==\" style=\"--smush-placeholder-width: 1016px; --smush-placeholder-aspect-ratio: 1016\/867;\" \/><\/p>\n<h2><b>Hvordan fungerer tannkroner?<\/b><\/h2>\n<p>Kroner dekker helt en skadet tann (<strong>tannhetter)<\/strong>. Den<strong> retter ut skadet tann<\/strong> og ogs\u00e5<strong> forbedrer utseende, form og justering<\/strong>. En krone kan ogs\u00e5 plasseres over et implantat for \u00e5 gi en form og funksjonalitet. <strong>Porselen<\/strong> eller <strong>keramiske kroner<\/strong> er laget for \u00e5 matche fargen p\u00e5 tannen din. De kan ogs\u00e5 lages av gull og metallegeringer, akryl og keramikk. Fordelen er at de er sterkere enn keramiske og anbefales for baktann. Alternativet er porselen bundet til et metall for \u00e5 gi et forbedret estetisk overlegent utseende.<\/p>\n<h2><b>Hvordan fungerer tannbroer?<\/b><\/h2>\n<p>Hvis du mangler en tann, kan disse hullene fylles med broer. Fordelen er at de fikser ubalansen og beskytter andre tenner fra \u00e5 bli feiljustert, da de tomme mellomrommene kan for\u00e5rsake et d\u00e5rlig bitt. Ogs\u00e5 tannkj\u00f8ttsykdom og temporo underkjeveleddslidelser kan forebygges. Porselen kan brukes for \u00e5 gi et naturlig utseende.<\/p>\n<h3>Hva er fordelene med tannkroner?<\/h3>\n<p>1. Tannkroner brukes til \u00e5 beskytte din svake tann eller de som har skader som store hull eller brudd. De brukes noen ganger etter rotfyllingsprosedyre. Ved \u00e5 omslutte tannen din kan ytterligere skade p\u00e5 den forhindres, og den kan ogs\u00e5 opprettholde tannens strukturelle integritet.<br \/>\n2. Tannkroner er designet for \u00e5 se n\u00f8yaktig ut som din naturlige tann, og hjelper den med normal bite- og tyggefunksjon.<br \/>\n3. Tannkroner laget av tannfarget porselen kan forbedre det generelle utseendet til en tann slik at den ser veldig naturlig ut.<br \/>\n4. Tannkroner brukes til \u00e5 forankre tannbroer designet for \u00e5 bygge bro over gapet som skapes av manglende tenner i munnen. Disse tannkronene p\u00e5 n\u00e6rliggende sunne tenner st\u00f8tter tannbroene.<br \/>\n5. Tannkroner brukes ogs\u00e5 til \u00e5 dekke tannimplantater.<\/p>\n<h3>Hva er typene materialer som brukes til \u00e5 lage tannkroner?<\/h3>\n<p>Det er mange typer materialer som brukes til tannkroner og er de valgt basert p\u00e5 faktorer som plasseringen av tannen som trenger tannkrone, pasientens personlige preferanser og ogs\u00e5 tannlegens anbefaling.<\/p>\n<p><img decoding=\"async\" class=\"aligncenter size-full wp-image-2121 lazyload\" data-src=\"https:\/\/www.orthodontist-dubai.com\/wp-content\/uploads\/2023\/10\/Types-of-Dental-Crowns-in-Dubai-UAE.jpg\" alt=\"Typer tannkroner i Dubai UAE\" width=\"840\" height=\"259\" data-srcset=\"https:\/\/www.orthodontist-dubai.com\/wp-content\/uploads\/2023\/10\/Types-of-Dental-Crowns-in-Dubai-UAE.jpg 840w, https:\/\/www.orthodontist-dubai.com\/wp-content\/uploads\/2023\/10\/Types-of-Dental-Crowns-in-Dubai-UAE-300x93.jpg 300w, https:\/\/www.orthodontist-dubai.com\/wp-content\/uploads\/2023\/10\/Types-of-Dental-Crowns-in-Dubai-UAE-768x237.jpg 768w, https:\/\/www.orthodontist-dubai.com\/wp-content\/uploads\/2023\/10\/Types-of-Dental-Crowns-in-Dubai-UAE-18x6.jpg 18w\" data-sizes=\"(max-width: 840px) 100vw, 840px\" src=\"data:image\/svg+xml;base64,PHN2ZyB3aWR0aD0iMSIgaGVpZ2h0PSIxIiB4bWxucz0iaHR0cDovL3d3dy53My5vcmcvMjAwMC9zdmciPjwvc3ZnPg==\" style=\"--smush-placeholder-width: 840px; --smush-placeholder-aspect-ratio: 840\/259;\" \/><\/p>\n<p><strong> Materialtypene som brukes til \u00e5 lage tannkroner er:<\/strong><\/p>\n<p>1. <strong>Porselen:<\/strong> Porselenskroner ser veldig naturlige ut og kan lages for \u00e5 matche din eksisterende tannfarge av tannlegen din. De anbefales for fortenner.<br \/>\n2. <strong>Metall:<\/strong> Metallkroner er vanligvis laget av legeringer som inneholder gull. De er veldig sterke og holdbare i det lange l\u00f8p. De brukes mest til tenner p\u00e5 baksiden av munnen (som molarer).<br \/>\n3. <strong>Porselen smeltet til metall (PFM)<\/strong>: Slike tannkroner kombinerer styrken til metall med det estetiske tannfargede utseendet gitt av porselensmateriale. De passer for b\u00e5de for- og baktennene dine.<br \/>\n4. <strong>Helt keramikk eller helt porselen<\/strong>: Disse kronene er helt laget av porselensmateriale og gir et veldig naturlig utseende. De er valgt av mange for deres fortann.<br \/>\n5. <strong>Zirconia kroner:<\/strong> Disse er laget av zirkoniumdioksid (ogs\u00e5 kjent som zirconia) som er et veldig sterkt og slitesterkt keramisk materiale. Forskjellen mellom zirkonia-kroner og porselenskroner er at porselensmateriale er mer gjennomskinnelig og kan gi et veldig naturlig utseende mens zirkonia ikke er s\u00e5 gjennomskinnelig for \u00e5 etterligne en naturlig tann under visse lysforhold.<\/p>\n<p>Valget av tannkronemateriale avhenger av ulike faktorer som plasseringen av tannen som trenger tannkrone, pasientens preferanser og ogs\u00e5 tannlegens anbefaling.<\/p>\n<h3>Hva er trinnvise prosesser for \u00e5 f\u00e5 tannkroner i Dubai, UAE?<\/h3>\n<p>1. F\u00e5 en f\u00f8rste konsultasjonstime med tannlegen v\u00e5r i Dubai for \u00e5 unders\u00f8ke tannen din. Tannlegen vil sjekke og foresl\u00e5 tilgjengelige behandlingsalternativer og alternativer i henhold til tannens n\u00e5v\u00e6rende tilstand, din tannhistorie osv. <a href=\"https:\/\/www.orthodontist-dubai.com\/nb\/kontakt-oss\/\">Kontakt oss<\/a> for \u00e5 sette opp en GRATIS gratis konsultasjon for \u00e5 f\u00e5 din tannkrone p\u00e5 v\u00e5r klinikk i Dubai, UAE.<\/p>\n<p>2. R\u00f8ntgenbilder og avtrykk: Tannlegen din kan ta <a href=\"\/nb\/_wp_link_placeholder\/\" data-wplink-edit=\"true\">Dental r\u00f8ntgen<\/a> av den ber\u00f8rte tannen for \u00e5 analysere det n\u00e5v\u00e6rende niv\u00e5et av skade eller forr\u00e5tnelse og ogs\u00e5 for \u00e5 vurdere den omkringliggende beintilstanden. Tannlegen din vil ta inntrykk av tannen din og omr\u00e5det rundt.<\/p>\n<p>3. Tannforberedelse: Hvis skaden p\u00e5 den n\u00e5v\u00e6rende tannen din er alvorlig, vil tannlegen omforme den ved \u00e5 fjerne en del av det ytre laget for \u00e5 gi plass til tannkronen.<\/p>\n<p>4. Midlertidig fremstilling av krone og krone: Neste trinn er plassering av en midlertidig krone for \u00e5 beskytte tannen n\u00e5r den permanente kronen blir skreddersydd i tannlaboratoriet ved \u00e5 bruke avtrykkene tatt i tidligere trinn. En midlertidig krone hjelper ogs\u00e5 med \u00e5 opprettholde funksjonaliteten og utseendet til tannen din i mellomtiden (da kronefremstillingsprosessen kan ta minst en uke).<\/p>\n<p>5. Permanent tannkronetilpasning: N\u00e5r din permanente krone er klar p\u00e5 laboratoriet, vil tannlegen avtale en avtale for \u00e5 fikse den. Din midlertidige krone vil bli fjernet og tannlegen din vil sjekke den permanente kronens passform, farge, form og innretting med ditt naturlige bitt. Han vil sementere den permanente kronen p\u00e5 plass ved hjelp av et tannlim og gj\u00f8re justeringer for \u00e5 sikre at den f\u00f8les behagelig og naturlig for pasienten. Og s\u00e5 er kronen polert for \u00e5 se ut som en naturlig tann.<\/p>\n<p>6. Pleie etter behandling: F\u00f8lg god munnhygiene for lang levetid p\u00e5 tannkronen og f\u00f8lg instruksjonene gitt av tannlegen etter behandlingen. Det er bra \u00e5 unng\u00e5 r\u00f8yking, hard og klissete mat, tanngnissing om natten osv. Hvis du f\u00f8ler at kronen l\u00f8sner, f\u00f8lg opp med tannlegen din umiddelbart og ikke pr\u00f8v \u00e5 justere den selv.<\/p>","protected":false},"excerpt":{"rendered":"<p>These are fixed prosthetic devices done by dentists. They are not removable like dentures and are cemented to your existing teeth or implants. They can be removed only by dentists. Dental crowns are used to protect damaged or weakened tooth. Dental crowns are also called as \u201cdental caps\u201d. They are tooth shaped &#8220;caps&#8221; that are [&hellip;]<\/p>\n","protected":false},"author":1,"featured_media":0,"parent":0,"menu_order":0,"comment_status":"closed","ping_status":"closed","template":"","meta":{"site-sidebar-layout":"default","site-content-layout":"","ast-site-content-layout":"default","site-content-style":"default","site-sidebar-style":"default","ast-global-header-display":"","ast-banner-title-visibility":"","ast-main-header-display":"","ast-hfb-above-header-display":"","ast-hfb-below-header-display":"","ast-hfb-mobile-header-display":"","site-post-title":"","ast-breadcrumbs-content":"","ast-featured-img":"","footer-sml-layout":"","ast-disable-related-posts":"","theme-transparent-header-meta":"","adv-header-id-meta":"","stick-header-meta":"","header-above-stick-meta":"","header-main-stick-meta":"","header-below-stick-meta":"","astra-migrate-meta-layouts":"set","ast-page-background-enabled":"default","ast-page-background-meta":{"desktop":{"background-color":"var(--ast-global-color-4)","background-image":"","background-repeat":"repeat","background-position":"center center","background-size":"auto","background-attachment":"scroll","background-type":"","background-media":"","overlay-type":"","overlay-color":"","overlay-opacity":"","overlay-gradient":""},"tablet":{"background-color":"","background-image":"","background-repeat":"repeat","background-position":"center center","background-size":"auto","background-attachment":"scroll","background-type":"","background-media":"","overlay-type":"","overlay-color":"","overlay-opacity":"","overlay-gradient":""},"mobile":{"background-color":"","background-image":"","background-repeat":"repeat","background-position":"center center","background-size":"auto","background-attachment":"scroll","background-type":"","background-media":"","overlay-type":"","overlay-color":"","overlay-opacity":"","overlay-gradient":""}},"ast-content-background-meta":{"desktop":{"background-color":"var(--ast-global-color-5)","background-image":"","background-repeat":"repeat","background-position":"center center","background-size":"auto","background-attachment":"scroll","background-type":"","background-media":"","overlay-type":"","overlay-color":"","overlay-opacity":"","overlay-gradient":""},"tablet":{"background-color":"var(--ast-global-color-5)","background-image":"","background-repeat":"repeat","background-position":"center center","background-size":"auto","background-attachment":"scroll","background-type":"","background-media":"","overlay-type":"","overlay-color":"","overlay-opacity":"","overlay-gradient":""},"mobile":{"background-color":"var(--ast-global-color-5)","background-image":"","background-repeat":"repeat","background-position":"center center","background-size":"auto","background-attachment":"scroll","background-type":"","background-media":"","overlay-type":"","overlay-color":"","overlay-opacity":"","overlay-gradient":""}},"footnotes":""},"class_list":["post-157","page","type-page","status-publish","hentry"],"yoast_head":"<!-- This site is optimized with the Yoast SEO plugin v27.5 - https:\/\/yoast.com\/product\/yoast-seo-wordpress\/ -->\n<title>DENTAL CROWNS IN DUBAI | DENTAL BRIDGES<\/title>\n<meta name=\"robots\" content=\"index, follow, max-snippet:-1, max-image-preview:large, max-video-preview:-1\" \/>\n<link rel=\"canonical\" href=\"https:\/\/www.orthodontist-dubai.com\/nb\/kroner-og-broer\/\" \/>\n<meta property=\"og:locale\" content=\"nb_NO\" \/>\n<meta property=\"og:type\" content=\"article\" \/>\n<meta property=\"og:title\" content=\"DENTAL CROWNS IN DUBAI | DENTAL BRIDGES\" \/>\n<meta property=\"og:description\" content=\"These are fixed prosthetic devices done by dentists. They are not removable like dentures and are cemented to your existing teeth or implants. They can be removed only by dentists. Dental crowns are used to protect damaged or weakened tooth. Dental crowns are also called as \u201cdental caps\u201d. They are tooth shaped &#8220;caps&#8221; that are [&hellip;]\" \/>\n<meta property=\"og:url\" content=\"https:\/\/www.orthodontist-dubai.com\/nb\/kroner-og-broer\/\" \/>\n<meta property=\"og:site_name\" content=\"BEST Orthodontist &amp; Dentist in Dubai UAE for all Dental Treatments\" \/>\n<meta property=\"article:publisher\" content=\"https:\/\/www.facebook.com\/Orthodontist.Dentist.Dubai\/\" \/>\n<meta property=\"article:modified_time\" content=\"2023-10-20T09:15:00+00:00\" \/>\n<meta property=\"og:image\" content=\"https:\/\/www.orthodontist-dubai.com\/wp-content\/uploads\/2023\/10\/Dental-Crown-Bridges-in-Dubai-UAE-Before-After-treatment-pictures.jpg\" \/>\n<meta name=\"twitter:card\" content=\"summary_large_image\" \/>\n<meta name=\"twitter:label1\" content=\"Ansl. lesetid\" \/>\n\t<meta name=\"twitter:data1\" content=\"5 minutter\" \/>\n<script type=\"application\/ld+json\" class=\"yoast-schema-graph\">{\"@context\":\"https:\\\/\\\/schema.org\",\"@graph\":[{\"@type\":\"WebPage\",\"@id\":\"https:\\\/\\\/www.orthodontist-dubai.com\\\/crowns-and-bridges\\\/\",\"url\":\"https:\\\/\\\/www.orthodontist-dubai.com\\\/crowns-and-bridges\\\/\",\"name\":\"DENTAL CROWNS IN DUBAI | DENTAL BRIDGES\",\"isPartOf\":{\"@id\":\"https:\\\/\\\/www.orthodontist-dubai.com\\\/#website\"},\"primaryImageOfPage\":{\"@id\":\"https:\\\/\\\/www.orthodontist-dubai.com\\\/crowns-and-bridges\\\/#primaryimage\"},\"image\":{\"@id\":\"https:\\\/\\\/www.orthodontist-dubai.com\\\/crowns-and-bridges\\\/#primaryimage\"},\"thumbnailUrl\":\"https:\\\/\\\/www.orthodontist-dubai.com\\\/wp-content\\\/uploads\\\/2023\\\/10\\\/Dental-Crown-Bridges-in-Dubai-UAE-Before-After-treatment-pictures.jpg\",\"datePublished\":\"2015-04-15T07:04:06+00:00\",\"dateModified\":\"2023-10-20T09:15:00+00:00\",\"breadcrumb\":{\"@id\":\"https:\\\/\\\/www.orthodontist-dubai.com\\\/crowns-and-bridges\\\/#breadcrumb\"},\"inLanguage\":\"nb-NO\",\"potentialAction\":[{\"@type\":\"ReadAction\",\"target\":[\"https:\\\/\\\/www.orthodontist-dubai.com\\\/crowns-and-bridges\\\/\"]}]},{\"@type\":\"ImageObject\",\"inLanguage\":\"nb-NO\",\"@id\":\"https:\\\/\\\/www.orthodontist-dubai.com\\\/crowns-and-bridges\\\/#primaryimage\",\"url\":\"https:\\\/\\\/www.orthodontist-dubai.com\\\/wp-content\\\/uploads\\\/2023\\\/10\\\/Dental-Crown-Bridges-in-Dubai-UAE-Before-After-treatment-pictures.jpg\",\"contentUrl\":\"https:\\\/\\\/www.orthodontist-dubai.com\\\/wp-content\\\/uploads\\\/2023\\\/10\\\/Dental-Crown-Bridges-in-Dubai-UAE-Before-After-treatment-pictures.jpg\"},{\"@type\":\"BreadcrumbList\",\"@id\":\"https:\\\/\\\/www.orthodontist-dubai.com\\\/crowns-and-bridges\\\/#breadcrumb\",\"itemListElement\":[{\"@type\":\"ListItem\",\"position\":1,\"name\":\"\u2776 Home\",\"item\":\"https:\\\/\\\/www.orthodontist-dubai.com\\\/\"},{\"@type\":\"ListItem\",\"position\":2,\"name\":\"Dental Crown and Dental Bridges\"}]},{\"@type\":\"WebSite\",\"@id\":\"https:\\\/\\\/www.orthodontist-dubai.com\\\/#website\",\"url\":\"https:\\\/\\\/www.orthodontist-dubai.com\\\/\",\"name\":\"BEST Orthodontist &amp; Dentist in Dubai UAE for all Dental Treatments\",\"description\":\"Cheap &amp; Best Orthodontist &amp; Dentists for all dental treatments in Dubai UAE\",\"publisher\":{\"@id\":\"https:\\\/\\\/www.orthodontist-dubai.com\\\/#organization\"},\"potentialAction\":[{\"@type\":\"SearchAction\",\"target\":{\"@type\":\"EntryPoint\",\"urlTemplate\":\"https:\\\/\\\/www.orthodontist-dubai.com\\\/?s={search_term_string}\"},\"query-input\":{\"@type\":\"PropertyValueSpecification\",\"valueRequired\":true,\"valueName\":\"search_term_string\"}}],\"inLanguage\":\"nb-NO\"},{\"@type\":\"Organization\",\"@id\":\"https:\\\/\\\/www.orthodontist-dubai.com\\\/#organization\",\"name\":\"Best Orthodontist & Dentist in Dubai UAE\",\"url\":\"https:\\\/\\\/www.orthodontist-dubai.com\\\/\",\"logo\":{\"@type\":\"ImageObject\",\"inLanguage\":\"nb-NO\",\"@id\":\"https:\\\/\\\/www.orthodontist-dubai.com\\\/#\\\/schema\\\/logo\\\/image\\\/\",\"url\":\"https:\\\/\\\/www.orthodontist-dubai.com\\\/wp-content\\\/uploads\\\/2015\\\/04\\\/Othorontist-Dentist-UAE-Logo.png\",\"contentUrl\":\"https:\\\/\\\/www.orthodontist-dubai.com\\\/wp-content\\\/uploads\\\/2015\\\/04\\\/Othorontist-Dentist-UAE-Logo.png\",\"width\":190,\"height\":70,\"caption\":\"Best Orthodontist & Dentist in Dubai UAE\"},\"image\":{\"@id\":\"https:\\\/\\\/www.orthodontist-dubai.com\\\/#\\\/schema\\\/logo\\\/image\\\/\"},\"sameAs\":[\"https:\\\/\\\/www.facebook.com\\\/Orthodontist.Dentist.Dubai\\\/\",\"https:\\\/\\\/www.linkedin.com\\\/in\\\/dr-nazeer-ahmed-meeran-15691083\\\/\"]}]}<\/script>\n<!-- \/ Yoast SEO plugin. -->","yoast_head_json":{"title":"TANNKRONER I DUBAI | TANNBROER","robots":{"index":"index","follow":"follow","max-snippet":"max-snippet:-1","max-image-preview":"max-image-preview:large","max-video-preview":"max-video-preview:-1"},"canonical":"https:\/\/www.orthodontist-dubai.com\/nb\/kroner-og-broer\/","og_locale":"nb_NO","og_type":"article","og_title":"DENTAL CROWNS IN DUBAI | DENTAL BRIDGES","og_description":"These are fixed prosthetic devices done by dentists. They are not removable like dentures and are cemented to your existing teeth or implants. They can be removed only by dentists. Dental crowns are used to protect damaged or weakened tooth. Dental crowns are also called as \u201cdental caps\u201d. They are tooth shaped &#8220;caps&#8221; that are [&hellip;]","og_url":"https:\/\/www.orthodontist-dubai.com\/nb\/kroner-og-broer\/","og_site_name":"BEST Orthodontist &amp; Dentist in Dubai UAE for all Dental Treatments","article_publisher":"https:\/\/www.facebook.com\/Orthodontist.Dentist.Dubai\/","article_modified_time":"2023-10-20T09:15:00+00:00","og_image":[{"url":"https:\/\/www.orthodontist-dubai.com\/wp-content\/uploads\/2023\/10\/Dental-Crown-Bridges-in-Dubai-UAE-Before-After-treatment-pictures.jpg","type":"","width":"","height":""}],"twitter_card":"summary_large_image","twitter_misc":{"Ansl. lesetid":"5 minutter"},"schema":{"@context":"https:\/\/schema.org","@graph":[{"@type":"WebPage","@id":"https:\/\/www.orthodontist-dubai.com\/crowns-and-bridges\/","url":"https:\/\/www.orthodontist-dubai.com\/crowns-and-bridges\/","name":"TANNKRONER I DUBAI | TANNBROER","isPartOf":{"@id":"https:\/\/www.orthodontist-dubai.com\/#website"},"primaryImageOfPage":{"@id":"https:\/\/www.orthodontist-dubai.com\/crowns-and-bridges\/#primaryimage"},"image":{"@id":"https:\/\/www.orthodontist-dubai.com\/crowns-and-bridges\/#primaryimage"},"thumbnailUrl":"https:\/\/www.orthodontist-dubai.com\/wp-content\/uploads\/2023\/10\/Dental-Crown-Bridges-in-Dubai-UAE-Before-After-treatment-pictures.jpg","datePublished":"2015-04-15T07:04:06+00:00","dateModified":"2023-10-20T09:15:00+00:00","breadcrumb":{"@id":"https:\/\/www.orthodontist-dubai.com\/crowns-and-bridges\/#breadcrumb"},"inLanguage":"nb-NO","potentialAction":[{"@type":"ReadAction","target":["https:\/\/www.orthodontist-dubai.com\/crowns-and-bridges\/"]}]},{"@type":"ImageObject","inLanguage":"nb-NO","@id":"https:\/\/www.orthodontist-dubai.com\/crowns-and-bridges\/#primaryimage","url":"https:\/\/www.orthodontist-dubai.com\/wp-content\/uploads\/2023\/10\/Dental-Crown-Bridges-in-Dubai-UAE-Before-After-treatment-pictures.jpg","contentUrl":"https:\/\/www.orthodontist-dubai.com\/wp-content\/uploads\/2023\/10\/Dental-Crown-Bridges-in-Dubai-UAE-Before-After-treatment-pictures.jpg"},{"@type":"BreadcrumbList","@id":"https:\/\/www.orthodontist-dubai.com\/crowns-and-bridges\/#breadcrumb","itemListElement":[{"@type":"ListItem","position":1,"name":"\u2776 Home","item":"https:\/\/www.orthodontist-dubai.com\/"},{"@type":"ListItem","position":2,"name":"Dental Crown and Dental Bridges"}]},{"@type":"WebSite","@id":"https:\/\/www.orthodontist-dubai.com\/#website","url":"https:\/\/www.orthodontist-dubai.com\/","name":"BESTE kjeveortoped og tannlege i Dubai UAE for alle tannbehandlinger","description":"Billig og beste kjeveortoped og tannleger for alle tannbehandlinger i Dubai UAE","publisher":{"@id":"https:\/\/www.orthodontist-dubai.com\/#organization"},"potentialAction":[{"@type":"SearchAction","target":{"@type":"EntryPoint","urlTemplate":"https:\/\/www.orthodontist-dubai.com\/?s={search_term_string}"},"query-input":{"@type":"PropertyValueSpecification","valueRequired":true,"valueName":"search_term_string"}}],"inLanguage":"nb-NO"},{"@type":"Organization","@id":"https:\/\/www.orthodontist-dubai.com\/#organization","name":"Beste kjeveortoped og tannlege i Dubai UAE","url":"https:\/\/www.orthodontist-dubai.com\/","logo":{"@type":"ImageObject","inLanguage":"nb-NO","@id":"https:\/\/www.orthodontist-dubai.com\/#\/schema\/logo\/image\/","url":"https:\/\/www.orthodontist-dubai.com\/wp-content\/uploads\/2015\/04\/Othorontist-Dentist-UAE-Logo.png","contentUrl":"https:\/\/www.orthodontist-dubai.com\/wp-content\/uploads\/2015\/04\/Othorontist-Dentist-UAE-Logo.png","width":190,"height":70,"caption":"Best Orthodontist & Dentist in Dubai UAE"},"image":{"@id":"https:\/\/www.orthodontist-dubai.com\/#\/schema\/logo\/image\/"},"sameAs":["https:\/\/www.facebook.com\/Orthodontist.Dentist.Dubai\/","https:\/\/www.linkedin.com\/in\/dr-nazeer-ahmed-meeran-15691083\/"]}]}},"_links":{"self":[{"href":"https:\/\/www.orthodontist-dubai.com\/nb\/wp-json\/wp\/v2\/pages\/157","targetHints":{"allow":["GET"]}}],"collection":[{"href":"https:\/\/www.orthodontist-dubai.com\/nb\/wp-json\/wp\/v2\/pages"}],"about":[{"href":"https:\/\/www.orthodontist-dubai.com\/nb\/wp-json\/wp\/v2\/types\/page"}],"author":[{"embeddable":true,"href":"https:\/\/www.orthodontist-dubai.com\/nb\/wp-json\/wp\/v2\/users\/1"}],"replies":[{"embeddable":true,"href":"https:\/\/www.orthodontist-dubai.com\/nb\/wp-json\/wp\/v2\/comments?post=157"}],"version-history":[{"count":8,"href":"https:\/\/www.orthodontist-dubai.com\/nb\/wp-json\/wp\/v2\/pages\/157\/revisions"}],"predecessor-version":[{"id":2129,"href":"https:\/\/www.orthodontist-dubai.com\/nb\/wp-json\/wp\/v2\/pages\/157\/revisions\/2129"}],"wp:attachment":[{"href":"https:\/\/www.orthodontist-dubai.com\/nb\/wp-json\/wp\/v2\/media?parent=157"}],"curies":[{"name":"wp","href":"https:\/\/api.w.org\/{rel}","templated":true}]}}