{"id":526,"date":"2018-08-07T13:47:37","date_gmt":"2018-08-07T09:47:37","guid":{"rendered":"https:\/\/www.orthodontist-dubai.com\/?page_id=526"},"modified":"2023-02-08T13:24:01","modified_gmt":"2023-02-08T09:24:01","slug":"about-our-authors-contributors","status":"publish","type":"page","link":"https:\/\/www.orthodontist-dubai.com\/lv\/par-musu-autoriem-lidzstradniekiem\/","title":{"rendered":"Lasiet par m\u016bsu autoriem un l\u012bdzstr\u0101dniekiem"},"content":{"rendered":"<p>M\u0113s pied\u0101v\u0101jam autentisku zob\u0101rstniec\u012bbas inform\u0101cijas avotu un detaliz\u0113tu inform\u0101ciju par visa veida zob\u0101rstniec\u012bbas proced\u016br\u0101m no labi atz\u012btiem zob\u0101rstniec\u012bbas nozares vado\u0161ajiem darbiniekiem Dubaij\u0101, AAE, piem\u0113ram, doktors Naz\u012brs Ahmeds M\u0113rans, kur\u0161 ir paveicis savu v\u0113rt\u012bgo. <a href=\"https:\/\/www.researchgate.net\/project\/https-wwworthodontist-dubaicom\" target=\"_blank\" rel=\"nofollow\">p\u0113t\u012bjumiem<\/a> projektus un veicin\u0101ja zob\u0101rstniec\u012bbas izaugsmi. <a href=\"https:\/\/plus.google.com\/+DrNazeerAhmedMeeran\" target=\"_blank\">Dr.Nazeer Ahmed Meeran<\/a>Detaliz\u0113tajam ieguld\u012bjumam noteikti vajadz\u0113tu sniegt labumu m\u016bsu las\u012bt\u0101jiem, kuri mekl\u0113 savas zob\u0101rstniec\u012bbas vajadz\u012bbas un mekl\u0113 \u0101rst\u0113\u0161anas iesp\u0113jas no \u013coti paz\u012bstama un uzticama zob\u0101rstniec\u012bbas nozares eksperta.<\/p>\n<p><img decoding=\"async\" class=\"aligncenter size-full wp-image-591 lazyload\" data-src=\"https:\/\/www.orthodontist-dubai.com\/wp-content\/uploads\/2018\/11\/Address-Contact-Details.jpg\" alt=\"Adrese un kontaktinform\u0101cija\" width=\"659\" height=\"310\" data-srcset=\"https:\/\/www.orthodontist-dubai.com\/wp-content\/uploads\/2018\/11\/Address-Contact-Details.jpg 659w, https:\/\/www.orthodontist-dubai.com\/wp-content\/uploads\/2018\/11\/Address-Contact-Details-300x141.jpg 300w\" data-sizes=\"(max-width: 659px) 100vw, 659px\" src=\"data:image\/svg+xml;base64,PHN2ZyB3aWR0aD0iMSIgaGVpZ2h0PSIxIiB4bWxucz0iaHR0cDovL3d3dy53My5vcmcvMjAwMC9zdmciPjwvc3ZnPg==\" style=\"--smush-placeholder-width: 659px; --smush-placeholder-aspect-ratio: 659\/310;\" \/><\/p>\n<p><img decoding=\"async\" class=\"aligncenter size-full wp-image-1433 lazyload\" data-src=\"https:\/\/www.orthodontist-dubai.com\/wp-content\/uploads\/2022\/10\/Dr.-Abhishek-Parashar.jpg\" alt=\"Dr Abhi\u0161eks Para\u0161ars\" width=\"794\" height=\"643\" data-srcset=\"https:\/\/www.orthodontist-dubai.com\/wp-content\/uploads\/2022\/10\/Dr.-Abhishek-Parashar.jpg 794w, https:\/\/www.orthodontist-dubai.com\/wp-content\/uploads\/2022\/10\/Dr.-Abhishek-Parashar-300x243.jpg 300w, https:\/\/www.orthodontist-dubai.com\/wp-content\/uploads\/2022\/10\/Dr.-Abhishek-Parashar-768x622.jpg 768w, https:\/\/www.orthodontist-dubai.com\/wp-content\/uploads\/2022\/10\/Dr.-Abhishek-Parashar-15x12.jpg 15w\" data-sizes=\"(max-width: 794px) 100vw, 794px\" src=\"data:image\/svg+xml;base64,PHN2ZyB3aWR0aD0iMSIgaGVpZ2h0PSIxIiB4bWxucz0iaHR0cDovL3d3dy53My5vcmcvMjAwMC9zdmciPjwvc3ZnPg==\" style=\"--smush-placeholder-width: 794px; --smush-placeholder-aspect-ratio: 794\/643;\" \/><\/p>\n<p><b>Dr Nazeer Ahmed Meeran<\/b> str\u0101d\u0101 Dubaij\u0101 un Indij\u0101 vair\u0101k nek\u0101 12 gadus. Vi\u0146\u0161 ir atz\u012bts vis\u0101 AAE k\u0101 lab\u0101kais ortodonts Dubaij\u0101 ar daudz\u0101m presti\u017e\u0101m balv\u0101m un atzin\u012bb\u0101m par lab\u0101ko sav\u0101 klas\u0113 un \u013coti pieejam\u0101m proced\u016br\u0101m. Vi\u0146\u0161 ir labi atz\u012bts un ieteikts ortodonts, kas praktiz\u0113 Dr. Joy zob\u0101rstniec\u012bbas kl\u012bniku \u0137\u0113d\u0113 Dubaij\u0101. Vi\u0146am ir kl\u012bniska pieredze ortodontiskaj\u0101 \u0101rst\u0113\u0161an\u0101 ar Invisalign, met\u0101la un keramikas breket\u0113m, Clear Aligners, lingv\u0101laj\u0101m breket\u0113m un pa\u0161lig\u0101cijas sist\u0113m\u0101m, tostarp Damon System, Smart klipu un Tenbrook apar\u0101tu, k\u0101 ar\u012b sare\u017e\u0123\u012btas zobu nepareizas saspie\u0161anas \u0101rst\u0113\u0161an\u0101, izmantojot ortodontiskos mini implantus. Vi\u0146am ir piel\u0101gotas Lingual Braces System (ASV) sertifik\u0101ts. Vi\u0146a intere\u0161u lok\u0101 ietilpst ar\u012b neekstrakcijas apstr\u0101des meh\u0101nika ar papla\u0161in\u0101\u0161anas ier\u012bc\u0113m, tostarp l\u0113no un \u0101tro Palatal Expander (RME). Vi\u0146am ir ar\u012b liela kl\u012bnisk\u0101 pieredze \u0137irur\u0123iskaj\u0101 ortodontij\u0101 pieaugu\u0161ajiem un funkcion\u0101lo apar\u0101tu terapij\u0101 \u017eok\u013cu korekcijai un skeleta nepareizas saspie\u0161anas \u0101rst\u0113\u0161anai augo\u0161iem b\u0113rniem. Vi\u0146\u0161 ir m\u016bsu autors un sniedzis ieguld\u012bjumu labi izp\u0113t\u012btos zob\u0101rstniec\u012bbas rakstos un rekomend\u0101cij\u0101s <a href=\"https:\/\/www.Orthodontist-Dubai.com\" target=\"_blank\">https:\/\/www.Orthodontist-Dubai.com<\/a><\/p>\n<p><img decoding=\"async\" class=\"aligncenter wp-image-213 size-medium lazyload\" data-src=\"https:\/\/www.orthodontist-dubai.com\/wp-content\/uploads\/2015\/05\/Dr.-Nazeer-Ahmed-Meeran-200x300.jpg\" alt=\"Dr Nazeer Ahmed Meeran\" width=\"200\" height=\"300\" data-srcset=\"https:\/\/www.orthodontist-dubai.com\/wp-content\/uploads\/2015\/05\/Dr.-Nazeer-Ahmed-Meeran-200x300.jpg 200w, https:\/\/www.orthodontist-dubai.com\/wp-content\/uploads\/2015\/05\/Dr.-Nazeer-Ahmed-Meeran.jpg 640w\" data-sizes=\"(max-width: 200px) 100vw, 200px\" src=\"data:image\/svg+xml;base64,PHN2ZyB3aWR0aD0iMSIgaGVpZ2h0PSIxIiB4bWxucz0iaHR0cDovL3d3dy53My5vcmcvMjAwMC9zdmciPjwvc3ZnPg==\" style=\"--smush-placeholder-width: 200px; --smush-placeholder-aspect-ratio: 200\/300;\" \/><\/p>\n<p>Lasiet atsauksmes no da\u017e\u0101diem <a href=\"https:\/\/www.orthodontist-dubai.com\/lv\/klinikas-atsauksmes\/\">p\u0101rbaud\u012bti avoti<\/a> pirms izv\u0113l\u0113ties l\u0113tu un lab\u0101ko zob\u0101rstniec\u012bbas kl\u012bniku Dubaij\u0101, AAE. M\u0113s esam j\u016bsu lab\u0101kais p\u0101rbaud\u012btais avots ortodontiem un zob\u0101rstiem par pie\u0146emam\u0101m cen\u0101m Dubaij\u0101, AAE. Atrodiet inform\u0101ciju par vis\u0101m proced\u016br\u0101m, piem\u0113ram, met\u0101la, keramikas, lingv\u0101las, invisalign neredzam\u0101s lenc\u0113m un cit\u0101m <a href=\"https:\/\/www.orthodontist-dubai.com\/lv\/zobarstnieciba\/\">zobu \u0101rst\u0113\u0161ana<\/a>. Vi\u0146a darbs ir public\u0113ts <a href=\"https:\/\/www.jco-online.com\/archive\/2012\/04\/235-overview-self-ligating-brackets-an-update\/\" target=\"_blank\" rel=\"nofollow\">Kl\u012bnisk\u0101s ortodontijas \u017eurn\u0101ls<\/a> un <a href=\"https:\/\/www.ncbi.nlm.nih.gov\/pmc\/articles\/PMC4072383\/\" target=\"_blank\" rel=\"nofollow\">Nacion\u0101lais biotehnolo\u0123ijas inform\u0101cijas centrs<\/a>. Atrodiet sev tuv\u0101ko l\u0113tu un lab\u0101ko zob\u0101rstu Dubaij\u0101 pieaugu\u0161o un b\u0113rnu zob\u0101rstniec\u012bbas vajadz\u012bb\u0101m, tostarp ortodontija, smaida mai\u0146a, zobu implanti, zobu balin\u0101\u0161ana, sak\u0146u kan\u0101lu \u0101rst\u0113\u0161ana, zobu ekstrakcija, b\u0113rnu, inkognito, Damon, Lingual, keramikas breketes, holivudas smaids tikai no plkst. p\u0101rbaud\u012bts avots. Rezerv\u0113jiet bezmaksas, piln\u012bgi BEZMAKSAS viz\u012bti pie paz\u012bstama zob\u0101rsta no vienas no lab\u0101kaj\u0101m zob\u0101rstniec\u012bbas kl\u012bnik\u0101m Dubaij\u0101, AAE, izmantojot \u0161o <a href=\"https:\/\/www.orthodontist-dubai.com\/lv\/pacienta-registracija\/\">pacienta re\u0123istr\u0101cijas veidlapa<\/a>.<\/p>\n<hr \/>","protected":false},"excerpt":{"rendered":"<p>We provide authentic source of dental information and details about all kinds of dental treatments from well recognized top contributors in Dental industry in Dubai, UAE like Doctor Nazeer Ahmed Meeran who has done his valuable research projects and contributed to the growth of dentistry. Dr.Nazeer Ahmed Meeran&#8216;s detailed contribution should definitely benefit our readers [&hellip;]<\/p>\n","protected":false},"author":1,"featured_media":0,"parent":0,"menu_order":0,"comment_status":"closed","ping_status":"closed","template":"","meta":{"site-sidebar-layout":"default","site-content-layout":"","ast-site-content-layout":"default","site-content-style":"default","site-sidebar-style":"default","ast-global-header-display":"","ast-banner-title-visibility":"","ast-main-header-display":"","ast-hfb-above-header-display":"","ast-hfb-below-header-display":"","ast-hfb-mobile-header-display":"","site-post-title":"","ast-breadcrumbs-content":"","ast-featured-img":"","footer-sml-layout":"","ast-disable-related-posts":"","theme-transparent-header-meta":"","adv-header-id-meta":"","stick-header-meta":"","header-above-stick-meta":"","header-main-stick-meta":"","header-below-stick-meta":"","astra-migrate-meta-layouts":"default","ast-page-background-enabled":"default","ast-page-background-meta":{"desktop":{"background-color":"var(--ast-global-color-4)","background-image":"","background-repeat":"repeat","background-position":"center center","background-size":"auto","background-attachment":"scroll","background-type":"","background-media":"","overlay-type":"","overlay-color":"","overlay-opacity":"","overlay-gradient":""},"tablet":{"background-color":"","background-image":"","background-repeat":"repeat","background-position":"center center","background-size":"auto","background-attachment":"scroll","background-type":"","background-media":"","overlay-type":"","overlay-color":"","overlay-opacity":"","overlay-gradient":""},"mobile":{"background-color":"","background-image":"","background-repeat":"repeat","background-position":"center center","background-size":"auto","background-attachment":"scroll","background-type":"","background-media":"","overlay-type":"","overlay-color":"","overlay-opacity":"","overlay-gradient":""}},"ast-content-background-meta":{"desktop":{"background-color":"var(--ast-global-color-5)","background-image":"","background-repeat":"repeat","background-position":"center center","background-size":"auto","background-attachment":"scroll","background-type":"","background-media":"","overlay-type":"","overlay-color":"","overlay-opacity":"","overlay-gradient":""},"tablet":{"background-color":"var(--ast-global-color-5)","background-image":"","background-repeat":"repeat","background-position":"center center","background-size":"auto","background-attachment":"scroll","background-type":"","background-media":"","overlay-type":"","overlay-color":"","overlay-opacity":"","overlay-gradient":""},"mobile":{"background-color":"var(--ast-global-color-5)","background-image":"","background-repeat":"repeat","background-position":"center center","background-size":"auto","background-attachment":"scroll","background-type":"","background-media":"","overlay-type":"","overlay-color":"","overlay-opacity":"","overlay-gradient":""}},"footnotes":""},"class_list":["post-526","page","type-page","status-publish","hentry"],"yoast_head":"<!-- This site is optimized with the Yoast SEO plugin v27.5 - https:\/\/yoast.com\/product\/yoast-seo-wordpress\/ -->\n<title>Read About Our Authors &amp; Contributors<\/title>\n<meta name=\"robots\" content=\"index, follow, max-snippet:-1, max-image-preview:large, max-video-preview:-1\" \/>\n<link rel=\"canonical\" href=\"https:\/\/www.orthodontist-dubai.com\/lv\/par-musu-autoriem-lidzstradniekiem\/\" \/>\n<meta property=\"og:locale\" content=\"lv_LV\" \/>\n<meta property=\"og:type\" content=\"article\" \/>\n<meta property=\"og:title\" content=\"Read About Our Authors &amp; Contributors\" \/>\n<meta property=\"og:description\" content=\"We provide authentic source of dental information and details about all kinds of dental treatments from well recognized top contributors in Dental industry in Dubai, UAE like Doctor Nazeer Ahmed Meeran who has done his valuable research projects and contributed to the growth of dentistry. Dr.Nazeer Ahmed Meeran&#8216;s detailed contribution should definitely benefit our readers [&hellip;]\" \/>\n<meta property=\"og:url\" content=\"https:\/\/www.orthodontist-dubai.com\/lv\/par-musu-autoriem-lidzstradniekiem\/\" \/>\n<meta property=\"og:site_name\" content=\"BEST Orthodontist &amp; Dentist in Dubai UAE for all Dental Treatments\" \/>\n<meta property=\"article:publisher\" content=\"https:\/\/www.facebook.com\/Orthodontist.Dentist.Dubai\/\" \/>\n<meta property=\"article:modified_time\" content=\"2023-02-08T09:24:01+00:00\" \/>\n<meta property=\"og:image\" content=\"https:\/\/www.orthodontist-dubai.com\/wp-content\/uploads\/2018\/11\/Address-Contact-Details.jpg\" \/>\n<meta name=\"twitter:card\" content=\"summary_large_image\" \/>\n<meta name=\"twitter:label1\" content=\"Est. reading time\" \/>\n\t<meta name=\"twitter:data1\" content=\"3 min\u016btes\" \/>\n<script type=\"application\/ld+json\" class=\"yoast-schema-graph\">{\"@context\":\"https:\\\/\\\/schema.org\",\"@graph\":[{\"@type\":\"WebPage\",\"@id\":\"https:\\\/\\\/www.orthodontist-dubai.com\\\/about-our-authors-contributors\\\/\",\"url\":\"https:\\\/\\\/www.orthodontist-dubai.com\\\/about-our-authors-contributors\\\/\",\"name\":\"Read About Our Authors & Contributors\",\"isPartOf\":{\"@id\":\"https:\\\/\\\/www.orthodontist-dubai.com\\\/#website\"},\"primaryImageOfPage\":{\"@id\":\"https:\\\/\\\/www.orthodontist-dubai.com\\\/about-our-authors-contributors\\\/#primaryimage\"},\"image\":{\"@id\":\"https:\\\/\\\/www.orthodontist-dubai.com\\\/about-our-authors-contributors\\\/#primaryimage\"},\"thumbnailUrl\":\"https:\\\/\\\/www.orthodontist-dubai.com\\\/wp-content\\\/uploads\\\/2018\\\/11\\\/Address-Contact-Details.jpg\",\"datePublished\":\"2018-08-07T09:47:37+00:00\",\"dateModified\":\"2023-02-08T09:24:01+00:00\",\"breadcrumb\":{\"@id\":\"https:\\\/\\\/www.orthodontist-dubai.com\\\/about-our-authors-contributors\\\/#breadcrumb\"},\"inLanguage\":\"lv-LV\",\"potentialAction\":[{\"@type\":\"ReadAction\",\"target\":[\"https:\\\/\\\/www.orthodontist-dubai.com\\\/about-our-authors-contributors\\\/\"]}]},{\"@type\":\"ImageObject\",\"inLanguage\":\"lv-LV\",\"@id\":\"https:\\\/\\\/www.orthodontist-dubai.com\\\/about-our-authors-contributors\\\/#primaryimage\",\"url\":\"https:\\\/\\\/www.orthodontist-dubai.com\\\/wp-content\\\/uploads\\\/2018\\\/11\\\/Address-Contact-Details.jpg\",\"contentUrl\":\"https:\\\/\\\/www.orthodontist-dubai.com\\\/wp-content\\\/uploads\\\/2018\\\/11\\\/Address-Contact-Details.jpg\"},{\"@type\":\"BreadcrumbList\",\"@id\":\"https:\\\/\\\/www.orthodontist-dubai.com\\\/about-our-authors-contributors\\\/#breadcrumb\",\"itemListElement\":[{\"@type\":\"ListItem\",\"position\":1,\"name\":\"\u2776 Home\",\"item\":\"https:\\\/\\\/www.orthodontist-dubai.com\\\/\"},{\"@type\":\"ListItem\",\"position\":2,\"name\":\"Read About Our Authors &#038; Contributors\"}]},{\"@type\":\"WebSite\",\"@id\":\"https:\\\/\\\/www.orthodontist-dubai.com\\\/#website\",\"url\":\"https:\\\/\\\/www.orthodontist-dubai.com\\\/\",\"name\":\"BEST Orthodontist &amp; Dentist in Dubai UAE for all Dental Treatments\",\"description\":\"Cheap &amp; Best Orthodontist &amp; Dentists for all dental treatments in Dubai UAE\",\"publisher\":{\"@id\":\"https:\\\/\\\/www.orthodontist-dubai.com\\\/#organization\"},\"potentialAction\":[{\"@type\":\"SearchAction\",\"target\":{\"@type\":\"EntryPoint\",\"urlTemplate\":\"https:\\\/\\\/www.orthodontist-dubai.com\\\/?s={search_term_string}\"},\"query-input\":{\"@type\":\"PropertyValueSpecification\",\"valueRequired\":true,\"valueName\":\"search_term_string\"}}],\"inLanguage\":\"lv-LV\"},{\"@type\":\"Organization\",\"@id\":\"https:\\\/\\\/www.orthodontist-dubai.com\\\/#organization\",\"name\":\"Best Orthodontist & Dentist in Dubai UAE\",\"url\":\"https:\\\/\\\/www.orthodontist-dubai.com\\\/\",\"logo\":{\"@type\":\"ImageObject\",\"inLanguage\":\"lv-LV\",\"@id\":\"https:\\\/\\\/www.orthodontist-dubai.com\\\/#\\\/schema\\\/logo\\\/image\\\/\",\"url\":\"https:\\\/\\\/www.orthodontist-dubai.com\\\/wp-content\\\/uploads\\\/2015\\\/04\\\/Othorontist-Dentist-UAE-Logo.png\",\"contentUrl\":\"https:\\\/\\\/www.orthodontist-dubai.com\\\/wp-content\\\/uploads\\\/2015\\\/04\\\/Othorontist-Dentist-UAE-Logo.png\",\"width\":190,\"height\":70,\"caption\":\"Best Orthodontist & Dentist in Dubai UAE\"},\"image\":{\"@id\":\"https:\\\/\\\/www.orthodontist-dubai.com\\\/#\\\/schema\\\/logo\\\/image\\\/\"},\"sameAs\":[\"https:\\\/\\\/www.facebook.com\\\/Orthodontist.Dentist.Dubai\\\/\",\"https:\\\/\\\/www.linkedin.com\\\/in\\\/dr-nazeer-ahmed-meeran-15691083\\\/\"]}]}<\/script>\n<!-- \/ Yoast SEO plugin. -->","yoast_head_json":{"title":"Lasiet par m\u016bsu autoriem un l\u012bdzstr\u0101dniekiem","robots":{"index":"index","follow":"follow","max-snippet":"max-snippet:-1","max-image-preview":"max-image-preview:large","max-video-preview":"max-video-preview:-1"},"canonical":"https:\/\/www.orthodontist-dubai.com\/lv\/par-musu-autoriem-lidzstradniekiem\/","og_locale":"lv_LV","og_type":"article","og_title":"Read About Our Authors & Contributors","og_description":"We provide authentic source of dental information and details about all kinds of dental treatments from well recognized top contributors in Dental industry in Dubai, UAE like Doctor Nazeer Ahmed Meeran who has done his valuable research projects and contributed to the growth of dentistry. Dr.Nazeer Ahmed Meeran&#8216;s detailed contribution should definitely benefit our readers [&hellip;]","og_url":"https:\/\/www.orthodontist-dubai.com\/lv\/par-musu-autoriem-lidzstradniekiem\/","og_site_name":"BEST Orthodontist &amp; Dentist in Dubai UAE for all Dental Treatments","article_publisher":"https:\/\/www.facebook.com\/Orthodontist.Dentist.Dubai\/","article_modified_time":"2023-02-08T09:24:01+00:00","og_image":[{"url":"https:\/\/www.orthodontist-dubai.com\/wp-content\/uploads\/2018\/11\/Address-Contact-Details.jpg","type":"","width":"","height":""}],"twitter_card":"summary_large_image","twitter_misc":{"Est. reading time":"3 min\u016btes"},"schema":{"@context":"https:\/\/schema.org","@graph":[{"@type":"WebPage","@id":"https:\/\/www.orthodontist-dubai.com\/about-our-authors-contributors\/","url":"https:\/\/www.orthodontist-dubai.com\/about-our-authors-contributors\/","name":"Lasiet par m\u016bsu autoriem un l\u012bdzstr\u0101dniekiem","isPartOf":{"@id":"https:\/\/www.orthodontist-dubai.com\/#website"},"primaryImageOfPage":{"@id":"https:\/\/www.orthodontist-dubai.com\/about-our-authors-contributors\/#primaryimage"},"image":{"@id":"https:\/\/www.orthodontist-dubai.com\/about-our-authors-contributors\/#primaryimage"},"thumbnailUrl":"https:\/\/www.orthodontist-dubai.com\/wp-content\/uploads\/2018\/11\/Address-Contact-Details.jpg","datePublished":"2018-08-07T09:47:37+00:00","dateModified":"2023-02-08T09:24:01+00:00","breadcrumb":{"@id":"https:\/\/www.orthodontist-dubai.com\/about-our-authors-contributors\/#breadcrumb"},"inLanguage":"lv-LV","potentialAction":[{"@type":"ReadAction","target":["https:\/\/www.orthodontist-dubai.com\/about-our-authors-contributors\/"]}]},{"@type":"ImageObject","inLanguage":"lv-LV","@id":"https:\/\/www.orthodontist-dubai.com\/about-our-authors-contributors\/#primaryimage","url":"https:\/\/www.orthodontist-dubai.com\/wp-content\/uploads\/2018\/11\/Address-Contact-Details.jpg","contentUrl":"https:\/\/www.orthodontist-dubai.com\/wp-content\/uploads\/2018\/11\/Address-Contact-Details.jpg"},{"@type":"BreadcrumbList","@id":"https:\/\/www.orthodontist-dubai.com\/about-our-authors-contributors\/#breadcrumb","itemListElement":[{"@type":"ListItem","position":1,"name":"\u2776 Home","item":"https:\/\/www.orthodontist-dubai.com\/"},{"@type":"ListItem","position":2,"name":"Read About Our Authors &#038; Contributors"}]},{"@type":"WebSite","@id":"https:\/\/www.orthodontist-dubai.com\/#website","url":"https:\/\/www.orthodontist-dubai.com\/","name":"LAB\u0100KAIS ortodonts un zob\u0101rsts Dubaij\u0101 AAE vis\u0101m zobu proced\u016br\u0101m","description":"L\u0113ti un lab\u0101kie ortodonti un zob\u0101rsti vis\u0101m zobu proced\u016br\u0101m Dubaij\u0101, AAE","publisher":{"@id":"https:\/\/www.orthodontist-dubai.com\/#organization"},"potentialAction":[{"@type":"SearchAction","target":{"@type":"EntryPoint","urlTemplate":"https:\/\/www.orthodontist-dubai.com\/?s={search_term_string}"},"query-input":{"@type":"PropertyValueSpecification","valueRequired":true,"valueName":"search_term_string"}}],"inLanguage":"lv-LV"},{"@type":"Organization","@id":"https:\/\/www.orthodontist-dubai.com\/#organization","name":"Lab\u0101kais ortodonts un zob\u0101rsts Dubaij\u0101 AAE","url":"https:\/\/www.orthodontist-dubai.com\/","logo":{"@type":"ImageObject","inLanguage":"lv-LV","@id":"https:\/\/www.orthodontist-dubai.com\/#\/schema\/logo\/image\/","url":"https:\/\/www.orthodontist-dubai.com\/wp-content\/uploads\/2015\/04\/Othorontist-Dentist-UAE-Logo.png","contentUrl":"https:\/\/www.orthodontist-dubai.com\/wp-content\/uploads\/2015\/04\/Othorontist-Dentist-UAE-Logo.png","width":190,"height":70,"caption":"Best Orthodontist & Dentist in Dubai UAE"},"image":{"@id":"https:\/\/www.orthodontist-dubai.com\/#\/schema\/logo\/image\/"},"sameAs":["https:\/\/www.facebook.com\/Orthodontist.Dentist.Dubai\/","https:\/\/www.linkedin.com\/in\/dr-nazeer-ahmed-meeran-15691083\/"]}]}},"_links":{"self":[{"href":"https:\/\/www.orthodontist-dubai.com\/lv\/wp-json\/wp\/v2\/pages\/526","targetHints":{"allow":["GET"]}}],"collection":[{"href":"https:\/\/www.orthodontist-dubai.com\/lv\/wp-json\/wp\/v2\/pages"}],"about":[{"href":"https:\/\/www.orthodontist-dubai.com\/lv\/wp-json\/wp\/v2\/types\/page"}],"author":[{"embeddable":true,"href":"https:\/\/www.orthodontist-dubai.com\/lv\/wp-json\/wp\/v2\/users\/1"}],"replies":[{"embeddable":true,"href":"https:\/\/www.orthodontist-dubai.com\/lv\/wp-json\/wp\/v2\/comments?post=526"}],"version-history":[{"count":4,"href":"https:\/\/www.orthodontist-dubai.com\/lv\/wp-json\/wp\/v2\/pages\/526\/revisions"}],"predecessor-version":[{"id":1524,"href":"https:\/\/www.orthodontist-dubai.com\/lv\/wp-json\/wp\/v2\/pages\/526\/revisions\/1524"}],"wp:attachment":[{"href":"https:\/\/www.orthodontist-dubai.com\/lv\/wp-json\/wp\/v2\/media?parent=526"}],"curies":[{"name":"wp","href":"https:\/\/api.w.org\/{rel}","templated":true}]}}