{"id":36,"date":"2014-12-28T19:05:24","date_gmt":"2014-12-28T19:05:24","guid":{"rendered":"https:\/\/www.orthodontist-dubai.com\/?page_id=36"},"modified":"2026-03-02T03:34:46","modified_gmt":"2026-03-01T23:34:46","slug":"contact-us","status":"publish","type":"page","link":"https:\/\/www.orthodontist-dubai.com\/lv\/sazinies-ar-mums\/","title":{"rendered":"Sazinies ar mums"},"content":{"rendered":"<p><!--<a href=\"https:\/\/www.orthodontist-dubai.com\/clinic-reviews\/\"><img decoding=\"async\" class=\"aligncenter wp-image-346 size-full lazyload\" data-src=\"https:\/\/www.orthodontist-dubai.com\/wp-content\/uploads\/2014\/12\/banner-best2.jpg\" alt=\"Top dental clinic of the month in Dubai UAE\" width=\"795\" height=\"459\" src=\"data:image\/svg+xml;base64,PHN2ZyB3aWR0aD0iMSIgaGVpZ2h0PSIxIiB4bWxucz0iaHR0cDovL3d3dy53My5vcmcvMjAwMC9zdmciPjwvc3ZnPg==\" style=\"--smush-placeholder-width: 795px; --smush-placeholder-aspect-ratio: 795\/459;\"><\/a>--><br \/><div id=\"metaslider-id-1205\" style=\"max-width: 700px; margin: 0 auto;\" class=\"ml-slider-3-107-0 metaslider metaslider-responsive metaslider-1205 ml-slider ms-theme-default\" role=\"region\" aria-label=\"Kontaktpersonu lapas slaidr\u0101de\" data-height=\"400\" data-width=\"700\">\n    <div id=\"metaslider_container_1205\">\n        <ul id='metaslider_1205' class='rslides'>\n            <li aria-roledescription='slide' aria-labelledby='slide-0'><a href=\"https:\/\/www.orthodontist-dubai.com\/lv\/klinikas-atsauksmes\/\" target=\"_self\"><img decoding=\"async\" data-src=\"https:\/\/www.orthodontist-dubai.com\/wp-content\/uploads\/2025\/04\/inside-treatment-room-of-the-dental-clinic-in-dubai-700x400.jpg\" height=\"400\" width=\"700\" alt=\"zob\u0101rstniec\u012bbas kl\u012bnikas \u0101rstniec\u012bbas telp\u0101 Dubaij\u0101\" class=\"slider-1205 slide-1210 msDefaultImage lazyload\" title=\"zob\u0101rstniec\u012bbas kl\u012bnikas \u0101rstniec\u012bbas telp\u0101 Dubaij\u0101\" src=\"data:image\/svg+xml;base64,PHN2ZyB3aWR0aD0iMSIgaGVpZ2h0PSIxIiB4bWxucz0iaHR0cDovL3d3dy53My5vcmcvMjAwMC9zdmciPjwvc3ZnPg==\" style=\"--smush-placeholder-width: 700px; --smush-placeholder-aspect-ratio: 700\/400;\" \/><\/a><\/li>\n            <li style='display: none;' aria-roledescription='slide' aria-labelledby='slide-1'><a href=\"https:\/\/www.orthodontist-dubai.com\/lv\/klinikas-atsauksmes\/\" target=\"_self\"><img decoding=\"async\" data-src=\"https:\/\/www.orthodontist-dubai.com\/wp-content\/uploads\/2023\/09\/dental-clinic-in-dubai-700x400.jpg\" height=\"400\" width=\"700\" alt=\"zob\u0101rstniec\u012bbas kl\u012bnika Dubaij\u0101\" class=\"slider-1205 slide-1209 msDefaultImage lazyload\" title=\"zob\u0101rstniec\u012bbas kl\u012bnika-Dubai\" src=\"data:image\/svg+xml;base64,PHN2ZyB3aWR0aD0iMSIgaGVpZ2h0PSIxIiB4bWxucz0iaHR0cDovL3d3dy53My5vcmcvMjAwMC9zdmciPjwvc3ZnPg==\" style=\"--smush-placeholder-width: 700px; --smush-placeholder-aspect-ratio: 700\/400;\" \/><\/a><\/li>\n            <li style='display: none;' aria-roledescription='slide' aria-labelledby='slide-2'><a href=\"https:\/\/www.orthodontist-dubai.com\/lv\/klinikas-atsauksmes\/\" target=\"_self\"><img decoding=\"async\" data-src=\"https:\/\/www.orthodontist-dubai.com\/wp-content\/uploads\/2025\/04\/dental-clinic-dubai-700x400.jpg\" height=\"400\" width=\"700\" alt=\"Lab\u0101k\u0101 zob\u0101rstniec\u012bbas kl\u012bnika Dubaij\u0101 AAE\" class=\"slider-1205 slide-1208 msDefaultImage lazyload\" title=\"Lab\u0101k\u0101 zob\u0101rstniec\u012bbas kl\u012bnika Dubaij\u0101 AAE\" src=\"data:image\/svg+xml;base64,PHN2ZyB3aWR0aD0iMSIgaGVpZ2h0PSIxIiB4bWxucz0iaHR0cDovL3d3dy53My5vcmcvMjAwMC9zdmciPjwvc3ZnPg==\" style=\"--smush-placeholder-width: 700px; --smush-placeholder-aspect-ratio: 700\/400;\" \/><\/a><\/li>\n        <\/ul>\n        \n    <\/div>\n<\/div><!--<a href=\"https:\/\/www.orthodontist-dubai.com\/clinic-reviews\/\"><img decoding=\"async\" class=\"aligncenter size-full wp-image-266 lazyload\" data-src=\"https:\/\/www.orthodontist-dubai.com\/wp-content\/uploads\/2014\/12\/Find-the-Best-Orthodontist-in-Dubai-UAE.jpg\" alt=\"Find-the-Best-Orthodontist-in-Dubai-UAE\" width=\"618\" height=\"41\" data-srcset=\"https:\/\/www.orthodontist-dubai.com\/wp-content\/uploads\/2014\/12\/Find-the-Best-Orthodontist-in-Dubai-UAE.jpg 618w, https:\/\/www.orthodontist-dubai.com\/wp-content\/uploads\/2014\/12\/Find-the-Best-Orthodontist-in-Dubai-UAE-300x20.jpg 300w\" data-sizes=\"(max-width: 618px) 100vw, 618px\" src=\"data:image\/svg+xml;base64,PHN2ZyB3aWR0aD0iMSIgaGVpZ2h0PSIxIiB4bWxucz0iaHR0cDovL3d3dy53My5vcmcvMjAwMC9zdmciPjwvc3ZnPg==\" style=\"--smush-placeholder-width: 618px; --smush-placeholder-aspect-ratio: 618\/41;\" \/><\/a>--><\/p>\n<p style=\"text-align: center;\">Nos\u016btiet mums e-pastu uz Support@Orthodontist-Dubai.com (vai) sazinieties, izmantojot t\u0101l\u0101k eso\u0161o veidlapu.<\/p>\n<p style=\"text-align: center;\">\n<div class=\"wpcf7 no-js\" id=\"wpcf7-f809-o1\" lang=\"en-US\" dir=\"ltr\" data-wpcf7-id=\"809\">\n<div class=\"screen-reader-response\"><p role=\"status\" aria-live=\"polite\" aria-atomic=\"true\"><\/p> <ul><\/ul><\/div>\n<form action=\"\/lv\/wp-json\/wp\/v2\/pages\/36#wpcf7-f809-o1\" method=\"post\" class=\"wpcf7-form init\" aria-label=\"Contact form\" novalidate=\"novalidate\" data-status=\"init\" data-trp-original-action=\"\/lv\/wp-json\/wp\/v2\/pages\/36#wpcf7-f809-o1\">\n<fieldset class=\"hidden-fields-container\"><input type=\"hidden\" name=\"_wpcf7\" value=\"809\" \/><input type=\"hidden\" name=\"_wpcf7_version\" value=\"6.1.5\" \/><input type=\"hidden\" name=\"_wpcf7_locale\" value=\"en_US\" \/><input type=\"hidden\" name=\"_wpcf7_unit_tag\" value=\"wpcf7-f809-o1\" \/><input type=\"hidden\" name=\"_wpcf7_container_post\" value=\"0\" \/><input type=\"hidden\" name=\"_wpcf7_posted_data_hash\" value=\"\" \/><input type=\"hidden\" name=\"_wpcf7_recaptcha_response\" value=\"\" \/>\n<\/fieldset>\n<p><label> V\u0101rds<br \/>\n<span class=\"wpcf7-form-control-wrap\" data-name=\"your-name\"><input size=\"40\" maxlength=\"400\" class=\"wpcf7-form-control wpcf7-text wpcf7-validates-as-required\" aria-required=\"true\" aria-invalid=\"false\" value=\"\" type=\"text\" name=\"your-name\" \/><\/span> <\/label>\n<\/p>\n<p><label> T\u0101lrunis<br \/>\n<span class=\"wpcf7-form-control-wrap\" data-name=\"tel-97\"><input size=\"40\" maxlength=\"400\" class=\"wpcf7-form-control wpcf7-tel wpcf7-validates-as-required wpcf7-text wpcf7-validates-as-tel\" aria-required=\"true\" aria-invalid=\"false\" value=\"\" type=\"tel\" name=\"tel-97\" \/><\/span> <\/label>\n<\/p>\n<p><label> E-pasts<br \/>\n<span class=\"wpcf7-form-control-wrap\" data-name=\"your-email\"><input size=\"40\" maxlength=\"400\" class=\"wpcf7-form-control wpcf7-email wpcf7-validates-as-required wpcf7-text wpcf7-validates-as-email\" aria-required=\"true\" aria-invalid=\"false\" value=\"\" type=\"email\" name=\"your-email\" \/><\/span> <\/label>\n<\/p>\n<p><label> Nepiecie\u0161amais \u0101rst\u0113\u0161anas veids<br \/>\n<span class=\"wpcf7-form-control-wrap\" data-name=\"your-subject\"><input size=\"40\" maxlength=\"400\" class=\"wpcf7-form-control wpcf7-text wpcf7-validates-as-required\" aria-required=\"true\" aria-invalid=\"false\" value=\"\" type=\"text\" name=\"your-subject\" \/><\/span> <\/label>\n<\/p>\n<p><label> J\u016bsu zi\u0146ojums (p\u0113c izv\u0113les)<br \/>\n<span class=\"wpcf7-form-control-wrap\" data-name=\"your-message\"><textarea cols=\"40\" rows=\"10\" maxlength=\"140\" minlength=\"10\" class=\"wpcf7-form-control wpcf7-textarea\" aria-invalid=\"false\" name=\"your-message\"><\/textarea><\/span><span class=\"wpcf7-character-count up\" data-target-name=\"your-message\" data-starting-value=\"0\" data-current-value=\"0\" data-maximum-value=\"140\" data-minimum-value=\"10\">0<\/span> <\/label>\n<\/p>\n<p><input class=\"wpcf7-form-control wpcf7-submit has-spinner\" type=\"submit\" value=\"Iesniegt\" \/>\n<\/p><div class=\"wpcf7-response-output\" aria-hidden=\"true\"><\/div>\n<input type=\"hidden\" name=\"trp-form-language\" value=\"lv\"\/><\/form>\n<\/div>\n\n<hr \/>\n<p>Here is updated table of price list as of March 2026 of dental treatments offered by Dental clinics in Dubai UAE (Please note : price may vary according to the complexity of your case.)<\/p>\n<table width=\"678\">\n<tbody>\n<tr>\n<td width=\"517\"><strong>Zobu \u0101rst\u0113\u0161ana<\/strong><\/td>\n<td width=\"161\"><strong>Cena<\/strong><\/td>\n<\/tr>\n<tr>\n<td>Visp\u0101r\u0113ja konsult\u0101cija<\/td>\n<td>200 AED<\/td>\n<\/tr>\n<tr>\n<td>Smaida p\u0101rv\u0113rt\u012bbu konsult\u0101cija<\/td>\n<td>BEZMAKSAS<\/td>\n<\/tr>\n<tr>\n<td>Zobu breketes konsult\u0101cijas<\/td>\n<td>BEZMAKSAS<\/td>\n<\/tr>\n<tr>\n<td>Porcel\u0101na finiera konsult\u0101cija<\/td>\n<td>BEZMAKSAS<\/td>\n<\/tr>\n<tr>\n<td>Porcel\u0101na kro\u0146u konsult\u0101cija<\/td>\n<td>BEZMAKSAS<\/td>\n<\/tr>\n<tr>\n<td>Zobu balin\u0101\u0161anas konsult\u0101cija<\/td>\n<td>BEZMAKSAS<\/td>\n<\/tr>\n<tr>\n<td>Invisalign konsult\u0101cija<\/td>\n<td>BEZMAKSAS<\/td>\n<\/tr>\n<tr>\n<td>Aiztur\u0113t\u0101ja konsult\u0101cija<\/td>\n<td>BEZMAKSAS<\/td>\n<\/tr>\n<tr>\n<td>Zobu implantu konsult\u0101cija<\/td>\n<td>200 AED<\/td>\n<\/tr>\n<tr>\n<td>Periapik\u0101lais rentgens (viens)<\/td>\n<td>80 AED<\/td>\n<\/tr>\n<tr>\n<td>Kompoz\u012btmateri\u0101la pild\u012bjums (1 virsma)<\/td>\n<td>400 AED un t\u0101l\u0101k<\/td>\n<\/tr>\n<tr>\n<td>Kompoz\u012btu pild\u012bjums (2 virsmas)<\/td>\n<td>550 AED un t\u0101l\u0101k<\/td>\n<\/tr>\n<tr>\n<td>Kompoz\u012btu pild\u012bjums (3 virsmas)<\/td>\n<td>600 AED un t\u0101l\u0101k<\/td>\n<\/tr>\n<tr>\n<td>Essix fiksators (no\u0146emams)<\/td>\n<td>500 par arku<\/td>\n<\/tr>\n<tr>\n<td>Sak\u0146u kan\u0101lu \u0101rst\u0113\u0161ana (priek\u0161\u0113jie zobi \u2013 priek\u0161zobi\/ilk\u0146i)<\/td>\n<td>S\u0101kot no 1600 AED<\/td>\n<\/tr>\n<tr>\n<td>Sak\u0146u kan\u0101lu \u0101rst\u0113\u0161ana (premol\u0101ri)<\/td>\n<td>1800 AED un t\u0101l\u0101k<\/td>\n<\/tr>\n<tr>\n<td>Sak\u0146u kan\u0101lu \u0101rst\u0113\u0161ana (mol\u0101ri)<\/td>\n<td>2000 AED un t\u0101l\u0101k<\/td>\n<\/tr>\n<tr>\n<td>Zobu herm\u0113ti\u0137is (uz vienu zobu)<\/td>\n<td>350 AED<\/td>\n<\/tr>\n<tr>\n<td>Zobu implants (ar kroni)<\/td>\n<td>4500 AED un t\u0101l\u0101k<\/td>\n<\/tr>\n<tr>\n<td>Ekstrakcija (vienk\u0101r\u0161a)<\/td>\n<td>500 l\u012bdz 700 AED<\/td>\n<\/tr>\n<tr>\n<td>Ekstrakcija (ietekm\u0113)<\/td>\n<td>1350 l\u012bdz 2000 AED<\/td>\n<\/tr>\n<tr>\n<td>L\u0101zera zobu balin\u0101\u0161ana<\/td>\n<td>750 AED<\/td>\n<\/tr>\n<tr>\n<td>Zobu t\u012br\u012b\u0161ana un pul\u0113\u0161ana<\/td>\n<td>450 l\u012bdz 600 AED<\/td>\n<\/tr>\n<tr>\n<td>Zobu t\u012br\u012b\u0161anas laka ar gaisa pl\u016bsmu<\/td>\n<td>750 AED<\/td>\n<\/tr>\n<tr>\n<td>Gingivektomija (uz vienu zobu)<\/td>\n<td>400 AED<\/td>\n<\/tr>\n<tr>\n<td>Porcel\u0101na finieris (8 un vair\u0101k)<\/td>\n<td>850 AED un t\u0101l\u0101k<\/td>\n<\/tr>\n<tr>\n<td>Cirkonija finieris<\/td>\n<td>1250 AED un t\u0101l\u0101k<\/td>\n<\/tr>\n<tr>\n<td>Lumineers (8 un vair\u0101k)<\/td>\n<td>S\u0101kot no 1200 AED<\/td>\n<\/tr>\n<tr>\n<td>Porcel\u0101ns sakaus\u0113ts ar met\u0101la vainagu<\/td>\n<td>1300 AED<\/td>\n<\/tr>\n<tr>\n<td>Porcel\u0101na kronis<\/td>\n<td>2000 AED un t\u0101l\u0101k<\/td>\n<\/tr>\n<tr>\n<td>Cirkonija kronis<\/td>\n<td>2000 AED un t\u0101l\u0101k<\/td>\n<\/tr>\n<tr>\n<td>Zobu kro\u0146a atjauno\u0161ana<\/td>\n<td>500 AED<\/td>\n<\/tr>\n<tr>\n<td>Uzspie\u017eams smaids (uz arkas)<\/td>\n<td>1200 AED<\/td>\n<\/tr>\n<tr>\n<td>Lingv\u0101ls fiksators (uz arkas)<\/td>\n<td>600 AED un t\u0101l\u0101k<\/td>\n<\/tr>\n<tr>\n<td>Piln\u012bga akrila prot\u0113ze (vienai arkai)<\/td>\n<td>2500 AED un t\u0101l\u0101k<\/td>\n<\/tr>\n<tr>\n<td>Akrila da\u013c\u0113ja prot\u0113ze<\/td>\n<td>400 AED un t\u0101l\u0101k<\/td>\n<\/tr>\n<tr>\n<td>Flexite da\u013c\u0113ja prot\u0113ze<\/td>\n<td>600 AED un t\u0101l\u0101k<\/td>\n<\/tr>\n<tr>\n<td>Zobu breketes no\u0146em\u0161ana (atl\u012bm\u0113\u0161ana)<\/td>\n<td>800 AED<\/td>\n<\/tr>\n<tr>\n<td>Nakts sargs<\/td>\n<td>1200 l\u012bdz 1600 AED<\/td>\n<\/tr>\n<tr>\n<td>Telpu uztur\u0113t\u0101js<\/td>\n<td>1000 AED<\/td>\n<\/tr>\n<tr>\n<td>\u0100rst\u0113\u0161ana ar miltiem<\/td>\n<td>400 AED<\/td>\n<\/tr>\n<tr>\n<td>Kronis uz sve\u0137u b\u0101zes<\/td>\n<td>1200 AED<\/td>\n<\/tr>\n<tr>\n<td>OPG rentgens<\/td>\n<td>300 AED<\/td>\n<\/tr>\n<tr>\n<td>Met\u0101la kronis (pediatrija)<\/td>\n<td>900 AED<\/td>\n<\/tr>\n<tr>\n<td>Cirkona kronis (pediatrija)<\/td>\n<td>1200 AED<\/td>\n<\/tr>\n<tr>\n<td>Viss uz 4 implantiem<\/td>\n<td>18000 AED un t\u0101l\u0101k<\/td>\n<\/tr>\n<tr>\n<td>Visi uz 6 implantiem<\/td>\n<td>24000 AED un t\u0101l\u0101k<\/td>\n<\/tr>\n<\/tbody>\n<\/table>\n<p><!--<a href=\"https:\/\/www.orthodontist-dubai.com\/clinic-reviews\/\"><img decoding=\"async\" class=\"aligncenter wp-image-89 size-full lazyload\" data-src=\"https:\/\/www.orthodontist-dubai.com\/wp-content\/uploads\/2014\/12\/notes1.png\" alt=\"Notes\" width=\"650\" height=\"66\" data-srcset=\"https:\/\/www.orthodontist-dubai.com\/wp-content\/uploads\/2014\/12\/notes1.png 650w, https:\/\/www.orthodontist-dubai.com\/wp-content\/uploads\/2014\/12\/notes1-300x30.png 300w\" data-sizes=\"(max-width: 650px) 100vw, 650px\" src=\"data:image\/svg+xml;base64,PHN2ZyB3aWR0aD0iMSIgaGVpZ2h0PSIxIiB4bWxucz0iaHR0cDovL3d3dy53My5vcmcvMjAwMC9zdmciPjwvc3ZnPg==\" style=\"--smush-placeholder-width: 650px; --smush-placeholder-aspect-ratio: 650\/66;\" \/><\/a>--><\/p>\n\n\n<p><strong>Emirates Crew \u012bpa\u0161ais pied\u0101v\u0101jums<\/strong> : 50% OFF uz zobu t\u012br\u012b\u0161anas un pul\u0113\u0161anas Emirates Crew vai FACE (Emir\u0101tu lidojuma pavado\u0146u kluba) kar\u0161u \u012bpa\u0161niekiem!<\/p>","protected":false},"excerpt":{"rendered":"<p>Mail Us to Support@Orthodontist-Dubai.com (or) Contact using the below form. Here is updated table of price list as of March 2026 of dental treatments offered by Dental clinics in Dubai UAE (Please note : price may vary according to the complexity of your case.) Dental Treatment Price General Consultation 200 AED Smile Makeover Consultation FREE [&hellip;]<\/p>\n","protected":false},"author":1,"featured_media":0,"parent":0,"menu_order":0,"comment_status":"closed","ping_status":"closed","template":"","meta":{"site-sidebar-layout":"default","site-content-layout":"","ast-site-content-layout":"default","site-content-style":"default","site-sidebar-style":"default","ast-global-header-display":"","ast-banner-title-visibility":"","ast-main-header-display":"","ast-hfb-above-header-display":"","ast-hfb-below-header-display":"","ast-hfb-mobile-header-display":"","site-post-title":"","ast-breadcrumbs-content":"","ast-featured-img":"","footer-sml-layout":"","ast-disable-related-posts":"","theme-transparent-header-meta":"","adv-header-id-meta":"","stick-header-meta":"","header-above-stick-meta":"","header-main-stick-meta":"","header-below-stick-meta":"","astra-migrate-meta-layouts":"set","ast-page-background-enabled":"default","ast-page-background-meta":{"desktop":{"background-color":"var(--ast-global-color-4)","background-image":"","background-repeat":"repeat","background-position":"center center","background-size":"auto","background-attachment":"scroll","background-type":"","background-media":"","overlay-type":"","overlay-color":"","overlay-opacity":"","overlay-gradient":""},"tablet":{"background-color":"","background-image":"","background-repeat":"repeat","background-position":"center center","background-size":"auto","background-attachment":"scroll","background-type":"","background-media":"","overlay-type":"","overlay-color":"","overlay-opacity":"","overlay-gradient":""},"mobile":{"background-color":"","background-image":"","background-repeat":"repeat","background-position":"center center","background-size":"auto","background-attachment":"scroll","background-type":"","background-media":"","overlay-type":"","overlay-color":"","overlay-opacity":"","overlay-gradient":""}},"ast-content-background-meta":{"desktop":{"background-color":"var(--ast-global-color-5)","background-image":"","background-repeat":"repeat","background-position":"center center","background-size":"auto","background-attachment":"scroll","background-type":"","background-media":"","overlay-type":"","overlay-color":"","overlay-opacity":"","overlay-gradient":""},"tablet":{"background-color":"var(--ast-global-color-5)","background-image":"","background-repeat":"repeat","background-position":"center center","background-size":"auto","background-attachment":"scroll","background-type":"","background-media":"","overlay-type":"","overlay-color":"","overlay-opacity":"","overlay-gradient":""},"mobile":{"background-color":"var(--ast-global-color-5)","background-image":"","background-repeat":"repeat","background-position":"center center","background-size":"auto","background-attachment":"scroll","background-type":"","background-media":"","overlay-type":"","overlay-color":"","overlay-opacity":"","overlay-gradient":""}},"footnotes":""},"class_list":["post-36","page","type-page","status-publish","hentry"],"yoast_head":"<!-- This site is optimized with the Yoast SEO plugin v27.4 - https:\/\/yoast.com\/product\/yoast-seo-wordpress\/ -->\n<title>DENTIST DUBAI PRICE LIST | DENTAL CLINIC OFFERS | CONTACT US<\/title>\n<meta name=\"robots\" content=\"index, follow, max-snippet:-1, max-image-preview:large, max-video-preview:-1\" \/>\n<link rel=\"canonical\" href=\"https:\/\/www.orthodontist-dubai.com\/lv\/sazinies-ar-mums\/\" \/>\n<meta property=\"og:locale\" content=\"lv_LV\" \/>\n<meta property=\"og:type\" content=\"article\" \/>\n<meta property=\"og:title\" content=\"DENTIST DUBAI PRICE LIST | DENTAL CLINIC OFFERS | CONTACT US\" \/>\n<meta property=\"og:description\" content=\"Mail Us to Support@Orthodontist-Dubai.com (or) Contact using the below form. Here is updated table of price list as of March 2026 of dental treatments offered by Dental clinics in Dubai UAE (Please note : price may vary according to the complexity of your case.) Dental Treatment Price General Consultation 200 AED Smile Makeover Consultation FREE [&hellip;]\" \/>\n<meta property=\"og:url\" content=\"https:\/\/www.orthodontist-dubai.com\/lv\/sazinies-ar-mums\/\" \/>\n<meta property=\"og:site_name\" content=\"BEST Orthodontist &amp; Dentist in Dubai UAE for all Dental Treatments\" \/>\n<meta property=\"article:publisher\" content=\"https:\/\/www.facebook.com\/Orthodontist.Dentist.Dubai\/\" \/>\n<meta property=\"article:modified_time\" content=\"2026-03-01T23:34:46+00:00\" \/>\n<meta property=\"og:image\" content=\"https:\/\/www.orthodontist-dubai.com\/wp-content\/uploads\/2014\/12\/banner-best2.jpg\" \/>\n<meta name=\"twitter:card\" content=\"summary_large_image\" \/>\n<meta name=\"twitter:label1\" content=\"Est. reading time\" \/>\n\t<meta name=\"twitter:data1\" content=\"2 min\u016btes\" \/>\n<script type=\"application\/ld+json\" class=\"yoast-schema-graph\">{\"@context\":\"https:\\\/\\\/schema.org\",\"@graph\":[{\"@type\":\"WebPage\",\"@id\":\"https:\\\/\\\/www.orthodontist-dubai.com\\\/contact-us\\\/\",\"url\":\"https:\\\/\\\/www.orthodontist-dubai.com\\\/contact-us\\\/\",\"name\":\"DENTIST DUBAI PRICE LIST | DENTAL CLINIC OFFERS | CONTACT US\",\"isPartOf\":{\"@id\":\"https:\\\/\\\/www.orthodontist-dubai.com\\\/#website\"},\"primaryImageOfPage\":{\"@id\":\"https:\\\/\\\/www.orthodontist-dubai.com\\\/contact-us\\\/#primaryimage\"},\"image\":{\"@id\":\"https:\\\/\\\/www.orthodontist-dubai.com\\\/contact-us\\\/#primaryimage\"},\"thumbnailUrl\":\"https:\\\/\\\/www.orthodontist-dubai.com\\\/wp-content\\\/uploads\\\/2014\\\/12\\\/banner-best2.jpg\",\"datePublished\":\"2014-12-28T19:05:24+00:00\",\"dateModified\":\"2026-03-01T23:34:46+00:00\",\"breadcrumb\":{\"@id\":\"https:\\\/\\\/www.orthodontist-dubai.com\\\/contact-us\\\/#breadcrumb\"},\"inLanguage\":\"lv-LV\",\"potentialAction\":[{\"@type\":\"ReadAction\",\"target\":[\"https:\\\/\\\/www.orthodontist-dubai.com\\\/contact-us\\\/\"]}]},{\"@type\":\"ImageObject\",\"inLanguage\":\"lv-LV\",\"@id\":\"https:\\\/\\\/www.orthodontist-dubai.com\\\/contact-us\\\/#primaryimage\",\"url\":\"https:\\\/\\\/www.orthodontist-dubai.com\\\/wp-content\\\/uploads\\\/2014\\\/12\\\/banner-best2.jpg\",\"contentUrl\":\"https:\\\/\\\/www.orthodontist-dubai.com\\\/wp-content\\\/uploads\\\/2014\\\/12\\\/banner-best2.jpg\"},{\"@type\":\"BreadcrumbList\",\"@id\":\"https:\\\/\\\/www.orthodontist-dubai.com\\\/contact-us\\\/#breadcrumb\",\"itemListElement\":[{\"@type\":\"ListItem\",\"position\":1,\"name\":\"\u2776 Home\",\"item\":\"https:\\\/\\\/www.orthodontist-dubai.com\\\/\"},{\"@type\":\"ListItem\",\"position\":2,\"name\":\"Contact Us\"}]},{\"@type\":\"WebSite\",\"@id\":\"https:\\\/\\\/www.orthodontist-dubai.com\\\/#website\",\"url\":\"https:\\\/\\\/www.orthodontist-dubai.com\\\/\",\"name\":\"BEST Orthodontist &amp; Dentist in Dubai UAE for all Dental Treatments\",\"description\":\"Cheap &amp; Best Orthodontist &amp; Dentists for all dental treatments in Dubai UAE\",\"publisher\":{\"@id\":\"https:\\\/\\\/www.orthodontist-dubai.com\\\/#organization\"},\"potentialAction\":[{\"@type\":\"SearchAction\",\"target\":{\"@type\":\"EntryPoint\",\"urlTemplate\":\"https:\\\/\\\/www.orthodontist-dubai.com\\\/?s={search_term_string}\"},\"query-input\":{\"@type\":\"PropertyValueSpecification\",\"valueRequired\":true,\"valueName\":\"search_term_string\"}}],\"inLanguage\":\"lv-LV\"},{\"@type\":\"Organization\",\"@id\":\"https:\\\/\\\/www.orthodontist-dubai.com\\\/#organization\",\"name\":\"Best Orthodontist & Dentist in Dubai UAE\",\"url\":\"https:\\\/\\\/www.orthodontist-dubai.com\\\/\",\"logo\":{\"@type\":\"ImageObject\",\"inLanguage\":\"lv-LV\",\"@id\":\"https:\\\/\\\/www.orthodontist-dubai.com\\\/#\\\/schema\\\/logo\\\/image\\\/\",\"url\":\"https:\\\/\\\/www.orthodontist-dubai.com\\\/wp-content\\\/uploads\\\/2015\\\/04\\\/Othorontist-Dentist-UAE-Logo.png\",\"contentUrl\":\"https:\\\/\\\/www.orthodontist-dubai.com\\\/wp-content\\\/uploads\\\/2015\\\/04\\\/Othorontist-Dentist-UAE-Logo.png\",\"width\":190,\"height\":70,\"caption\":\"Best Orthodontist & Dentist in Dubai UAE\"},\"image\":{\"@id\":\"https:\\\/\\\/www.orthodontist-dubai.com\\\/#\\\/schema\\\/logo\\\/image\\\/\"},\"sameAs\":[\"https:\\\/\\\/www.facebook.com\\\/Orthodontist.Dentist.Dubai\\\/\",\"https:\\\/\\\/www.linkedin.com\\\/in\\\/dr-nazeer-ahmed-meeran-15691083\\\/\"]}]}<\/script>\n<!-- \/ Yoast SEO plugin. -->","yoast_head_json":{"title":"Zob\u0101rsts DUBAJ\u0100 CENS | Zob\u0101rstniec\u012bbas KL\u012aNIKA PIED\u0100V\u0100JUMI | SAZINIES AR MUMS","robots":{"index":"index","follow":"follow","max-snippet":"max-snippet:-1","max-image-preview":"max-image-preview:large","max-video-preview":"max-video-preview:-1"},"canonical":"https:\/\/www.orthodontist-dubai.com\/lv\/sazinies-ar-mums\/","og_locale":"lv_LV","og_type":"article","og_title":"DENTIST DUBAI PRICE LIST | DENTAL CLINIC OFFERS | CONTACT US","og_description":"Mail Us to Support@Orthodontist-Dubai.com (or) Contact using the below form. Here is updated table of price list as of March 2026 of dental treatments offered by Dental clinics in Dubai UAE (Please note : price may vary according to the complexity of your case.) Dental Treatment Price General Consultation 200 AED Smile Makeover Consultation FREE [&hellip;]","og_url":"https:\/\/www.orthodontist-dubai.com\/lv\/sazinies-ar-mums\/","og_site_name":"BEST Orthodontist &amp; Dentist in Dubai UAE for all Dental Treatments","article_publisher":"https:\/\/www.facebook.com\/Orthodontist.Dentist.Dubai\/","article_modified_time":"2026-03-01T23:34:46+00:00","og_image":[{"url":"https:\/\/www.orthodontist-dubai.com\/wp-content\/uploads\/2014\/12\/banner-best2.jpg","type":"","width":"","height":""}],"twitter_card":"summary_large_image","twitter_misc":{"Est. reading time":"2 min\u016btes"},"schema":{"@context":"https:\/\/schema.org","@graph":[{"@type":"WebPage","@id":"https:\/\/www.orthodontist-dubai.com\/contact-us\/","url":"https:\/\/www.orthodontist-dubai.com\/contact-us\/","name":"Zob\u0101rsts DUBAJ\u0100 CENS | Zob\u0101rstniec\u012bbas KL\u012aNIKA PIED\u0100V\u0100JUMI | SAZINIES AR MUMS","isPartOf":{"@id":"https:\/\/www.orthodontist-dubai.com\/#website"},"primaryImageOfPage":{"@id":"https:\/\/www.orthodontist-dubai.com\/contact-us\/#primaryimage"},"image":{"@id":"https:\/\/www.orthodontist-dubai.com\/contact-us\/#primaryimage"},"thumbnailUrl":"https:\/\/www.orthodontist-dubai.com\/wp-content\/uploads\/2014\/12\/banner-best2.jpg","datePublished":"2014-12-28T19:05:24+00:00","dateModified":"2026-03-01T23:34:46+00:00","breadcrumb":{"@id":"https:\/\/www.orthodontist-dubai.com\/contact-us\/#breadcrumb"},"inLanguage":"lv-LV","potentialAction":[{"@type":"ReadAction","target":["https:\/\/www.orthodontist-dubai.com\/contact-us\/"]}]},{"@type":"ImageObject","inLanguage":"lv-LV","@id":"https:\/\/www.orthodontist-dubai.com\/contact-us\/#primaryimage","url":"https:\/\/www.orthodontist-dubai.com\/wp-content\/uploads\/2014\/12\/banner-best2.jpg","contentUrl":"https:\/\/www.orthodontist-dubai.com\/wp-content\/uploads\/2014\/12\/banner-best2.jpg"},{"@type":"BreadcrumbList","@id":"https:\/\/www.orthodontist-dubai.com\/contact-us\/#breadcrumb","itemListElement":[{"@type":"ListItem","position":1,"name":"\u2776 Home","item":"https:\/\/www.orthodontist-dubai.com\/"},{"@type":"ListItem","position":2,"name":"Contact Us"}]},{"@type":"WebSite","@id":"https:\/\/www.orthodontist-dubai.com\/#website","url":"https:\/\/www.orthodontist-dubai.com\/","name":"LAB\u0100KAIS ortodonts un zob\u0101rsts Dubaij\u0101 AAE vis\u0101m zobu proced\u016br\u0101m","description":"L\u0113ti un lab\u0101kie ortodonti un zob\u0101rsti vis\u0101m zobu proced\u016br\u0101m Dubaij\u0101, AAE","publisher":{"@id":"https:\/\/www.orthodontist-dubai.com\/#organization"},"potentialAction":[{"@type":"SearchAction","target":{"@type":"EntryPoint","urlTemplate":"https:\/\/www.orthodontist-dubai.com\/?s={search_term_string}"},"query-input":{"@type":"PropertyValueSpecification","valueRequired":true,"valueName":"search_term_string"}}],"inLanguage":"lv-LV"},{"@type":"Organization","@id":"https:\/\/www.orthodontist-dubai.com\/#organization","name":"Lab\u0101kais ortodonts un zob\u0101rsts Dubaij\u0101 AAE","url":"https:\/\/www.orthodontist-dubai.com\/","logo":{"@type":"ImageObject","inLanguage":"lv-LV","@id":"https:\/\/www.orthodontist-dubai.com\/#\/schema\/logo\/image\/","url":"https:\/\/www.orthodontist-dubai.com\/wp-content\/uploads\/2015\/04\/Othorontist-Dentist-UAE-Logo.png","contentUrl":"https:\/\/www.orthodontist-dubai.com\/wp-content\/uploads\/2015\/04\/Othorontist-Dentist-UAE-Logo.png","width":190,"height":70,"caption":"Best Orthodontist & Dentist in Dubai UAE"},"image":{"@id":"https:\/\/www.orthodontist-dubai.com\/#\/schema\/logo\/image\/"},"sameAs":["https:\/\/www.facebook.com\/Orthodontist.Dentist.Dubai\/","https:\/\/www.linkedin.com\/in\/dr-nazeer-ahmed-meeran-15691083\/"]}]}},"_links":{"self":[{"href":"https:\/\/www.orthodontist-dubai.com\/lv\/wp-json\/wp\/v2\/pages\/36","targetHints":{"allow":["GET"]}}],"collection":[{"href":"https:\/\/www.orthodontist-dubai.com\/lv\/wp-json\/wp\/v2\/pages"}],"about":[{"href":"https:\/\/www.orthodontist-dubai.com\/lv\/wp-json\/wp\/v2\/types\/page"}],"author":[{"embeddable":true,"href":"https:\/\/www.orthodontist-dubai.com\/lv\/wp-json\/wp\/v2\/users\/1"}],"replies":[{"embeddable":true,"href":"https:\/\/www.orthodontist-dubai.com\/lv\/wp-json\/wp\/v2\/comments?post=36"}],"version-history":[{"count":17,"href":"https:\/\/www.orthodontist-dubai.com\/lv\/wp-json\/wp\/v2\/pages\/36\/revisions"}],"predecessor-version":[{"id":2483,"href":"https:\/\/www.orthodontist-dubai.com\/lv\/wp-json\/wp\/v2\/pages\/36\/revisions\/2483"}],"wp:attachment":[{"href":"https:\/\/www.orthodontist-dubai.com\/lv\/wp-json\/wp\/v2\/media?parent=36"}],"curies":[{"name":"wp","href":"https:\/\/api.w.org\/{rel}","templated":true}]}}