{"id":157,"date":"2015-04-15T07:04:06","date_gmt":"2015-04-15T07:04:06","guid":{"rendered":"https:\/\/www.orthodontist-dubai.com\/?page_id=157"},"modified":"2023-10-20T13:15:00","modified_gmt":"2023-10-20T09:15:00","slug":"crowns-and-bridges","status":"publish","type":"page","link":"https:\/\/www.orthodontist-dubai.com\/lv\/kroni-un-tilti\/","title":{"rendered":"Zobu kronis un zobu tilti"},"content":{"rendered":"<p>\u0160ie ir <strong>fiks\u0113tas protez\u0113\u0161anas ier\u012bces<\/strong> veicis <strong>zob\u0101rsti<\/strong>. Tie nav no\u0146emami k\u0101 <strong>prot\u0113zes<\/strong> un ir <strong>piel\u012bm\u0113ts pie eso\u0161ajiem zobiem vai implantiem<\/strong>. Tos var no\u0146emt tikai zob\u0101rsti. Zobu kro\u0146us izmanto, lai aizsarg\u0101tu boj\u0101tu vai nov\u0101jin\u0101tu zobu. Zobu kro\u0146us sauc ar\u012b par &quot;<em>zobu v\u0101ci\u0146i<\/em>\u201d. Tie ir zoba formas &quot;v\u0101ci\u0146i&quot;, kurus p\u0113c pas\u016bt\u012bjuma izgatavojis j\u016bsu zob\u0101rsts un kas tiek novietoti uz j\u016bsu sagatavot\u0101 zoba. Zobu kro\u0146i p\u0101rkl\u0101j j\u016bsu zobu no smaganu l\u012bnijas l\u012bdz sakodienai.<\/p>\n<p><img decoding=\"async\" class=\"aligncenter lazyload\" data-src=\"https:\/\/www.orthodontist-dubai.com\/wp-content\/uploads\/2023\/10\/Dental-Crown-Bridges-in-Dubai-UAE-Before-After-treatment-pictures.jpg\" alt=\"Zobu kronis un tilti Dubaij\u0101 AAE pirms un p\u0113c \u0101rst\u0113\u0161anas att\u0113li\" width=\"1016\" height=\"867\" src=\"data:image\/svg+xml;base64,PHN2ZyB3aWR0aD0iMSIgaGVpZ2h0PSIxIiB4bWxucz0iaHR0cDovL3d3dy53My5vcmcvMjAwMC9zdmciPjwvc3ZnPg==\" style=\"--smush-placeholder-width: 1016px; --smush-placeholder-aspect-ratio: 1016\/867;\" \/><\/p>\n<h2><b>K\u0101 darbojas zobu kro\u0146i?<\/b><\/h2>\n<p>Vainagi piln\u012bb\u0101 nosedz boj\u0101to zobu (<strong>zobu cepures)<\/strong>. Tas<strong> iztaisno boj\u0101to zobu<\/strong> un ar\u012b<strong> uzlabo izskatu, formu un izl\u012bdzin\u0101jumu<\/strong>. Kroni var uzlikt ar\u012b virs implanta, lai nodro\u0161in\u0101tu formu un funkcionalit\u0101ti. <strong>Porcel\u0101ns<\/strong> vai <strong>keramikas kro\u0146i<\/strong> ir izgatavoti t\u0101, lai tie atbilstu j\u016bsu zoba kr\u0101sai. Tos var izgatavot ar\u012b no zelta un met\u0101la sakaus\u0113jumiem, akrila un keramikas. Priek\u0161roc\u012bba ir t\u0101, ka tie ir stipr\u0101ki par keramikas un ir ieteicami aizmugur\u0113jiem zobiem. Alternat\u012bva ir porcel\u0101ns, kas savienots ar met\u0101lu, lai nodro\u0161in\u0101tu uzlabotu est\u0113tiski izcilu izskatu.<\/p>\n<h2><b>K\u0101 darbojas zobu tilti?<\/b><\/h2>\n<p>Ja jums tr\u016bkst zobu, tad \u0161\u012bs nepiln\u012bbas var aizpild\u012bt ar tiltiem. Priek\u0161roc\u012bba ir t\u0101da, ka tie nov\u0113r\u0161 nel\u012bdzsvarot\u012bbu un aizsarg\u0101 citus zobus no nepareizas izl\u012bdzin\u0101\u0161anas, jo tuk\u0161\u0101s vietas var izrais\u012bt sliktu sakodienu. Var nov\u0113rst ar\u012b smaganu slim\u012bbas un temporo apak\u0161\u017eok\u013ca loc\u012btavas trauc\u0113jumus. Porcel\u0101nu var izmantot, lai pie\u0161\u0137irtu dabisku izskatu.<\/p>\n<h3>K\u0101das ir zobu kro\u0146u priek\u0161roc\u012bbas?<\/h3>\n<p>1. Zobu kro\u0146us izmanto, lai aizsarg\u0101tu j\u016bsu v\u0101jos zobus vai tos, kuriem ir boj\u0101jumi, piem\u0113ram, lieli dobumi vai l\u016bzumi. Da\u017ereiz tos lieto p\u0113c sak\u0146u kan\u0101lu proced\u016bras. Apvalk\u0101jot zobu, var nov\u0113rst turpm\u0101kus t\u0101 boj\u0101jumus, k\u0101 ar\u012b saglab\u0101t zoba struktur\u0101lo integrit\u0101ti.<br \/>\n2. Zobu kro\u0146i ir izstr\u0101d\u0101ti t\u0101, lai tie izskat\u012btos tie\u0161i t\u0101pat k\u0101 j\u016bsu dabiskais zobs, pal\u012bdzot tiem veikt norm\u0101lu sako\u0161anas un ko\u0161\u013c\u0101jamo funkciju.<br \/>\n3. Zobu kro\u0146i, kas izgatavoti no zobu kr\u0101sas porcel\u0101na, var uzlabot zoba kop\u0113jo izskatu, padarot to \u013coti dabisku.<br \/>\n4. Zobu kron\u012b\u0161us izmanto, lai nostiprin\u0101tu zobu tiltus, kas paredz\u0113ti, lai nov\u0113rstu plaisu, ko rada tr\u016bksto\u0161ie zobi mut\u0113. \u0160ie zobu kro\u0146i uz blakus eso\u0161ajiem veselajiem zobiem atbalsta zobu tiltus.<br \/>\n5. Zobu kro\u0146us izmanto ar\u012b zobu implantu p\u0101rkl\u0101\u0161anai.<\/p>\n<h3>K\u0101di materi\u0101li tiek izmantoti zobu kro\u0146u izgatavo\u0161anai?<\/h3>\n<p>Ir daudz veidu materi\u0101lu, ko izmanto zobu kro\u0146iem, un vai tie tiek izv\u0113l\u0113ti, pamatojoties uz t\u0101diem faktoriem k\u0101 zoba atra\u0161an\u0101s vieta, kuram nepiecie\u0161ams zoba kronis, pacienta person\u012bg\u0101s izv\u0113les un ar\u012b zob\u0101rsta ieteikums.<\/p>\n<p><img decoding=\"async\" class=\"aligncenter size-full wp-image-2121 lazyload\" data-src=\"https:\/\/www.orthodontist-dubai.com\/wp-content\/uploads\/2023\/10\/Types-of-Dental-Crowns-in-Dubai-UAE.jpg\" alt=\"Zobu kronu veidi Dubaij\u0101, AAE\" width=\"840\" height=\"259\" data-srcset=\"https:\/\/www.orthodontist-dubai.com\/wp-content\/uploads\/2023\/10\/Types-of-Dental-Crowns-in-Dubai-UAE.jpg 840w, https:\/\/www.orthodontist-dubai.com\/wp-content\/uploads\/2023\/10\/Types-of-Dental-Crowns-in-Dubai-UAE-300x93.jpg 300w, https:\/\/www.orthodontist-dubai.com\/wp-content\/uploads\/2023\/10\/Types-of-Dental-Crowns-in-Dubai-UAE-768x237.jpg 768w, https:\/\/www.orthodontist-dubai.com\/wp-content\/uploads\/2023\/10\/Types-of-Dental-Crowns-in-Dubai-UAE-18x6.jpg 18w\" data-sizes=\"(max-width: 840px) 100vw, 840px\" src=\"data:image\/svg+xml;base64,PHN2ZyB3aWR0aD0iMSIgaGVpZ2h0PSIxIiB4bWxucz0iaHR0cDovL3d3dy53My5vcmcvMjAwMC9zdmciPjwvc3ZnPg==\" style=\"--smush-placeholder-width: 840px; --smush-placeholder-aspect-ratio: 840\/259;\" \/><\/p>\n<p><strong> Zobu kro\u0146u izgatavo\u0161anai tiek izmantoti \u0161\u0101di materi\u0101li:<\/strong><\/p>\n<p>1. <strong>Porcel\u0101ns:<\/strong> Porcel\u0101na kro\u0146i izskat\u0101s \u013coti dabiski, un zob\u0101rsts tos var piel\u0101got j\u016bsu eso\u0161ajai zobu kr\u0101sai. Tie ir ieteicami priek\u0161zobiem.<br \/>\n2. <strong>Met\u0101ls:<\/strong> Met\u0101la vainagi parasti ir izgatavoti no sakaus\u0113jumiem, kas satur zeltu. Tie ir \u013coti sp\u0113c\u012bgi un iztur\u012bgi ilgtermi\u0146\u0101. Tos galvenok\u0101rt izmanto zobiem mutes aizmugur\u0113 (piem\u0113ram, mol\u0101riem).<br \/>\n3. <strong>Porcel\u0101ns, kas sakaus\u0113ts ar met\u0101lu (PFM)<\/strong>: \u0160\u0101di zobu kro\u0146i apvieno met\u0101la iztur\u012bbu ar est\u0113tisko zobu kr\u0101saino izskatu, ko pie\u0161\u0137ir porcel\u0101na materi\u0101ls. Tie ir piem\u0113roti gan priek\u0161\u0113jiem, gan aizmugur\u0113jiem zobiem.<br \/>\n4. <strong>Visa keramika vai viss porcel\u0101ns<\/strong>: \u0160ie kro\u0146i ir piln\u012bb\u0101 izgatavoti no porcel\u0101na materi\u0101la un nodro\u0161ina \u013coti dabisku izskatu. Daudzi tos izv\u0113las priek\u0161\u0113j\u0101 zoba d\u0113\u013c.<br \/>\n5. <strong>Cirkonija kro\u0146i:<\/strong> Tie ir izgatavoti no cirkonija dioks\u012bda (paz\u012bstams ar\u012b k\u0101 cirkonijs), kas ir \u013coti sp\u0113c\u012bgs un iztur\u012bgs keramikas materi\u0101ls. At\u0161\u0137ir\u012bba starp cirkonija kro\u0146iem un porcel\u0101na kro\u0146iem ir t\u0101da, ka porcel\u0101na materi\u0101ls ir caursp\u012bd\u012bg\u0101ks un var rad\u012bt \u013coti dabisku izskatu, savuk\u0101rt cirkonija oks\u012bds nav tik caursp\u012bd\u012bgs, lai noteiktos apgaismojuma apst\u0101k\u013cos atdarin\u0101tu dabisko zobu.<\/p>\n<p>Zobu kro\u0146a materi\u0101la izv\u0113le ir atkar\u012bga no da\u017e\u0101diem faktoriem, piem\u0113ram, zoba atra\u0161an\u0101s vietas, kuram nepiecie\u0161ams zoba kronis, pacienta v\u0113lm\u0113m un ar\u012b zob\u0101rsta ieteikuma.<\/p>\n<h3>K\u0101ds ir soli pa solim process, lai ieg\u016btu zobu kro\u0146us Dubaij\u0101, AAE?<\/h3>\n<p>1. Piesakieties s\u0101kotn\u0113jai konsult\u0101cijai pie m\u016bsu zob\u0101rsta Dubaij\u0101, lai p\u0101rbaud\u012btu j\u016bsu zobu. Zob\u0101rsts p\u0101rbaud\u012bs un ieteiks pieejam\u0101s \u0101rst\u0113\u0161anas iesp\u0113jas un alternat\u012bvas atbilsto\u0161i j\u016bsu zoba pa\u0161reiz\u0113jam st\u0101voklim, zobu v\u0113sturei utt., <a href=\"https:\/\/www.orthodontist-dubai.com\/lv\/sazinies-ar-mums\/\">Sazinies ar mums<\/a> lai izveidotu BEZMAKSAS bezmaksas konsult\u0101ciju zobu kro\u0146a ieg\u016b\u0161anai m\u016bsu kl\u012bnik\u0101 Dubaij\u0101, AAE.<\/p>\n<p>2. Rentgenstari un iespaidi: J\u016bsu zob\u0101rsts var veikt <a href=\"\/lv\/_wp_link_placeholder\/\" data-wplink-edit=\"true\">Zobu rentgens<\/a> lai analiz\u0113tu pa\u0161reiz\u0113jo boj\u0101juma vai boj\u0101juma l\u012bmeni, k\u0101 ar\u012b nov\u0113rt\u0113tu apk\u0101rt\u0113jo kaulu st\u0101vokli. J\u016bsu zob\u0101rsts \u0146ems nospiedumu par j\u016bsu zobu un t\u0101 apk\u0101rtni.<\/p>\n<p>3. Zoba sagatavo\u0161ana: ja j\u016bsu pa\u0161reiz\u0113j\u0101 zoba boj\u0101jums ir nopietns, j\u016bsu zob\u0101rsts to p\u0101rveidos, no\u0146emot da\u013cu no t\u0101 \u0101r\u0113j\u0101 sl\u0101\u0146a, lai atbr\u012bvotu vietu zoba kronim.<\/p>\n<p>4. Pagaidu kro\u0146a un kro\u0146a izgatavo\u0161ana: N\u0101kamais solis ir pagaidu kro\u0146a novieto\u0161ana, lai pal\u012bdz\u0113tu aizsarg\u0101t zobu, kad past\u0101v\u012bgais kronis tiek izgatavots p\u0113c pas\u016bt\u012bjuma zob\u0101rstniec\u012bbas laboratorij\u0101, izmantojot iepriek\u0161\u0113jos so\u013cos ieg\u016btos nospiedumus. Pagaidu kronis ar\u012b pal\u012bdz uztur\u0113t zoba funkcionalit\u0101ti un izskatu tikm\u0113r (jo kro\u0146a izgatavo\u0161anas process var ilgt vismaz ned\u0113\u013cu).<\/p>\n<p>5. Past\u0101v\u012bg\u0101 zobu kro\u0146a uzst\u0101d\u012b\u0161ana: kad j\u016bsu past\u0101v\u012bgais kronis b\u016bs gatavs laboratorij\u0101, zob\u0101rsts iepl\u0101nos tik\u0161anos t\u0101 nostiprin\u0101\u0161anai. J\u016bsu pagaidu kronis tiks no\u0146emts, un j\u016bsu zob\u0101rsts p\u0101rbaud\u012bs past\u0101v\u012bg\u0101 vainaga piem\u0113rot\u012bbu, kr\u0101su, formu un atbilst\u012bbu j\u016bsu dabiskajam sakodienam. Vi\u0146\u0161 cement\u0113s past\u0101v\u012bgo vainagu viet\u0101, izmantojot zobu l\u012bmi, un veiks piel\u0101gojumus, lai nodro\u0161in\u0101tu, ka tas pacientam j\u016btas \u0113rti un dabiski. Un tad kronis tiek pul\u0113ts, lai tas izskat\u012btos k\u0101 dab\u012bgs zobs.<\/p>\n<p>6. Apr\u016bpe p\u0113c \u0101rst\u0113\u0161anas: iev\u0113rojiet labu mutes dobuma higi\u0113nu, lai j\u016bsu zobu kronis b\u016btu ilgm\u016b\u017e\u012bgs, un iev\u0113rojiet zob\u0101rsta nor\u0101d\u012bjumus p\u0113c \u0101rst\u0113\u0161anas. Ir labi izvair\u012bties no sm\u0113\u0137\u0113\u0161anas, cieta un lip\u012bga \u0113diena, zobu grie\u0161anas nakt\u012b utt. Ja j\u016btat, ka kronis atbr\u012bvojas, l\u016bdzu, nekav\u0113joties sazinieties ar savu zob\u0101rstu un nem\u0113\u0123iniet to piel\u0101got pats.<\/p>","protected":false},"excerpt":{"rendered":"<p>These are fixed prosthetic devices done by dentists. They are not removable like dentures and are cemented to your existing teeth or implants. They can be removed only by dentists. Dental crowns are used to protect damaged or weakened tooth. Dental crowns are also called as \u201cdental caps\u201d. They are tooth shaped &#8220;caps&#8221; that are [&hellip;]<\/p>\n","protected":false},"author":1,"featured_media":0,"parent":0,"menu_order":0,"comment_status":"closed","ping_status":"closed","template":"","meta":{"site-sidebar-layout":"default","site-content-layout":"","ast-site-content-layout":"default","site-content-style":"default","site-sidebar-style":"default","ast-global-header-display":"","ast-banner-title-visibility":"","ast-main-header-display":"","ast-hfb-above-header-display":"","ast-hfb-below-header-display":"","ast-hfb-mobile-header-display":"","site-post-title":"","ast-breadcrumbs-content":"","ast-featured-img":"","footer-sml-layout":"","ast-disable-related-posts":"","theme-transparent-header-meta":"","adv-header-id-meta":"","stick-header-meta":"","header-above-stick-meta":"","header-main-stick-meta":"","header-below-stick-meta":"","astra-migrate-meta-layouts":"set","ast-page-background-enabled":"default","ast-page-background-meta":{"desktop":{"background-color":"var(--ast-global-color-4)","background-image":"","background-repeat":"repeat","background-position":"center center","background-size":"auto","background-attachment":"scroll","background-type":"","background-media":"","overlay-type":"","overlay-color":"","overlay-opacity":"","overlay-gradient":""},"tablet":{"background-color":"","background-image":"","background-repeat":"repeat","background-position":"center center","background-size":"auto","background-attachment":"scroll","background-type":"","background-media":"","overlay-type":"","overlay-color":"","overlay-opacity":"","overlay-gradient":""},"mobile":{"background-color":"","background-image":"","background-repeat":"repeat","background-position":"center center","background-size":"auto","background-attachment":"scroll","background-type":"","background-media":"","overlay-type":"","overlay-color":"","overlay-opacity":"","overlay-gradient":""}},"ast-content-background-meta":{"desktop":{"background-color":"var(--ast-global-color-5)","background-image":"","background-repeat":"repeat","background-position":"center center","background-size":"auto","background-attachment":"scroll","background-type":"","background-media":"","overlay-type":"","overlay-color":"","overlay-opacity":"","overlay-gradient":""},"tablet":{"background-color":"var(--ast-global-color-5)","background-image":"","background-repeat":"repeat","background-position":"center center","background-size":"auto","background-attachment":"scroll","background-type":"","background-media":"","overlay-type":"","overlay-color":"","overlay-opacity":"","overlay-gradient":""},"mobile":{"background-color":"var(--ast-global-color-5)","background-image":"","background-repeat":"repeat","background-position":"center center","background-size":"auto","background-attachment":"scroll","background-type":"","background-media":"","overlay-type":"","overlay-color":"","overlay-opacity":"","overlay-gradient":""}},"footnotes":""},"class_list":["post-157","page","type-page","status-publish","hentry"],"yoast_head":"<!-- This site is optimized with the Yoast SEO plugin v27.6 - https:\/\/yoast.com\/product\/yoast-seo-wordpress\/ -->\n<title>DENTAL CROWNS IN DUBAI | DENTAL BRIDGES<\/title>\n<meta name=\"robots\" content=\"index, follow, max-snippet:-1, max-image-preview:large, max-video-preview:-1\" \/>\n<link rel=\"canonical\" href=\"https:\/\/www.orthodontist-dubai.com\/lv\/kroni-un-tilti\/\" \/>\n<meta property=\"og:locale\" content=\"lv_LV\" \/>\n<meta property=\"og:type\" content=\"article\" \/>\n<meta property=\"og:title\" content=\"DENTAL CROWNS IN DUBAI | DENTAL BRIDGES\" \/>\n<meta property=\"og:description\" content=\"These are fixed prosthetic devices done by dentists. They are not removable like dentures and are cemented to your existing teeth or implants. They can be removed only by dentists. Dental crowns are used to protect damaged or weakened tooth. Dental crowns are also called as \u201cdental caps\u201d. They are tooth shaped &#8220;caps&#8221; that are [&hellip;]\" \/>\n<meta property=\"og:url\" content=\"https:\/\/www.orthodontist-dubai.com\/lv\/kroni-un-tilti\/\" \/>\n<meta property=\"og:site_name\" content=\"BEST Orthodontist &amp; Dentist in Dubai UAE for all Dental Treatments\" \/>\n<meta property=\"article:publisher\" content=\"https:\/\/www.facebook.com\/Orthodontist.Dentist.Dubai\/\" \/>\n<meta property=\"article:modified_time\" content=\"2023-10-20T09:15:00+00:00\" \/>\n<meta property=\"og:image\" content=\"https:\/\/www.orthodontist-dubai.com\/wp-content\/uploads\/2023\/10\/Dental-Crown-Bridges-in-Dubai-UAE-Before-After-treatment-pictures.jpg\" \/>\n<meta name=\"twitter:card\" content=\"summary_large_image\" \/>\n<meta name=\"twitter:label1\" content=\"Est. reading time\" \/>\n\t<meta name=\"twitter:data1\" content=\"5 min\u016btes\" \/>\n<script type=\"application\/ld+json\" class=\"yoast-schema-graph\">{\"@context\":\"https:\\\/\\\/schema.org\",\"@graph\":[{\"@type\":\"WebPage\",\"@id\":\"https:\\\/\\\/www.orthodontist-dubai.com\\\/crowns-and-bridges\\\/\",\"url\":\"https:\\\/\\\/www.orthodontist-dubai.com\\\/crowns-and-bridges\\\/\",\"name\":\"DENTAL CROWNS IN DUBAI | DENTAL BRIDGES\",\"isPartOf\":{\"@id\":\"https:\\\/\\\/www.orthodontist-dubai.com\\\/#website\"},\"primaryImageOfPage\":{\"@id\":\"https:\\\/\\\/www.orthodontist-dubai.com\\\/crowns-and-bridges\\\/#primaryimage\"},\"image\":{\"@id\":\"https:\\\/\\\/www.orthodontist-dubai.com\\\/crowns-and-bridges\\\/#primaryimage\"},\"thumbnailUrl\":\"https:\\\/\\\/www.orthodontist-dubai.com\\\/wp-content\\\/uploads\\\/2023\\\/10\\\/Dental-Crown-Bridges-in-Dubai-UAE-Before-After-treatment-pictures.jpg\",\"datePublished\":\"2015-04-15T07:04:06+00:00\",\"dateModified\":\"2023-10-20T09:15:00+00:00\",\"breadcrumb\":{\"@id\":\"https:\\\/\\\/www.orthodontist-dubai.com\\\/crowns-and-bridges\\\/#breadcrumb\"},\"inLanguage\":\"lv-LV\",\"potentialAction\":[{\"@type\":\"ReadAction\",\"target\":[\"https:\\\/\\\/www.orthodontist-dubai.com\\\/crowns-and-bridges\\\/\"]}]},{\"@type\":\"ImageObject\",\"inLanguage\":\"lv-LV\",\"@id\":\"https:\\\/\\\/www.orthodontist-dubai.com\\\/crowns-and-bridges\\\/#primaryimage\",\"url\":\"https:\\\/\\\/www.orthodontist-dubai.com\\\/wp-content\\\/uploads\\\/2023\\\/10\\\/Dental-Crown-Bridges-in-Dubai-UAE-Before-After-treatment-pictures.jpg\",\"contentUrl\":\"https:\\\/\\\/www.orthodontist-dubai.com\\\/wp-content\\\/uploads\\\/2023\\\/10\\\/Dental-Crown-Bridges-in-Dubai-UAE-Before-After-treatment-pictures.jpg\"},{\"@type\":\"BreadcrumbList\",\"@id\":\"https:\\\/\\\/www.orthodontist-dubai.com\\\/crowns-and-bridges\\\/#breadcrumb\",\"itemListElement\":[{\"@type\":\"ListItem\",\"position\":1,\"name\":\"\u2776 Home\",\"item\":\"https:\\\/\\\/www.orthodontist-dubai.com\\\/\"},{\"@type\":\"ListItem\",\"position\":2,\"name\":\"Dental Crown and Dental Bridges\"}]},{\"@type\":\"WebSite\",\"@id\":\"https:\\\/\\\/www.orthodontist-dubai.com\\\/#website\",\"url\":\"https:\\\/\\\/www.orthodontist-dubai.com\\\/\",\"name\":\"BEST Orthodontist &amp; Dentist in Dubai UAE for all Dental Treatments\",\"description\":\"Cheap &amp; Best Orthodontist &amp; Dentists for all dental treatments in Dubai UAE\",\"publisher\":{\"@id\":\"https:\\\/\\\/www.orthodontist-dubai.com\\\/#organization\"},\"potentialAction\":[{\"@type\":\"SearchAction\",\"target\":{\"@type\":\"EntryPoint\",\"urlTemplate\":\"https:\\\/\\\/www.orthodontist-dubai.com\\\/?s={search_term_string}\"},\"query-input\":{\"@type\":\"PropertyValueSpecification\",\"valueRequired\":true,\"valueName\":\"search_term_string\"}}],\"inLanguage\":\"lv-LV\"},{\"@type\":\"Organization\",\"@id\":\"https:\\\/\\\/www.orthodontist-dubai.com\\\/#organization\",\"name\":\"Best Orthodontist & Dentist in Dubai UAE\",\"url\":\"https:\\\/\\\/www.orthodontist-dubai.com\\\/\",\"logo\":{\"@type\":\"ImageObject\",\"inLanguage\":\"lv-LV\",\"@id\":\"https:\\\/\\\/www.orthodontist-dubai.com\\\/#\\\/schema\\\/logo\\\/image\\\/\",\"url\":\"https:\\\/\\\/www.orthodontist-dubai.com\\\/wp-content\\\/uploads\\\/2015\\\/04\\\/Othorontist-Dentist-UAE-Logo.png\",\"contentUrl\":\"https:\\\/\\\/www.orthodontist-dubai.com\\\/wp-content\\\/uploads\\\/2015\\\/04\\\/Othorontist-Dentist-UAE-Logo.png\",\"width\":190,\"height\":70,\"caption\":\"Best Orthodontist & Dentist in Dubai UAE\"},\"image\":{\"@id\":\"https:\\\/\\\/www.orthodontist-dubai.com\\\/#\\\/schema\\\/logo\\\/image\\\/\"},\"sameAs\":[\"https:\\\/\\\/www.facebook.com\\\/Orthodontist.Dentist.Dubai\\\/\",\"https:\\\/\\\/www.linkedin.com\\\/in\\\/dr-nazeer-ahmed-meeran-15691083\\\/\"]}]}<\/script>\n<!-- \/ Yoast SEO plugin. -->","yoast_head_json":{"title":"Zobu kro\u0146i DUBAJ\u0100 | Zobu TILTI","robots":{"index":"index","follow":"follow","max-snippet":"max-snippet:-1","max-image-preview":"max-image-preview:large","max-video-preview":"max-video-preview:-1"},"canonical":"https:\/\/www.orthodontist-dubai.com\/lv\/kroni-un-tilti\/","og_locale":"lv_LV","og_type":"article","og_title":"DENTAL CROWNS IN DUBAI | DENTAL BRIDGES","og_description":"These are fixed prosthetic devices done by dentists. They are not removable like dentures and are cemented to your existing teeth or implants. They can be removed only by dentists. Dental crowns are used to protect damaged or weakened tooth. Dental crowns are also called as \u201cdental caps\u201d. They are tooth shaped &#8220;caps&#8221; that are [&hellip;]","og_url":"https:\/\/www.orthodontist-dubai.com\/lv\/kroni-un-tilti\/","og_site_name":"BEST Orthodontist &amp; Dentist in Dubai UAE for all Dental Treatments","article_publisher":"https:\/\/www.facebook.com\/Orthodontist.Dentist.Dubai\/","article_modified_time":"2023-10-20T09:15:00+00:00","og_image":[{"url":"https:\/\/www.orthodontist-dubai.com\/wp-content\/uploads\/2023\/10\/Dental-Crown-Bridges-in-Dubai-UAE-Before-After-treatment-pictures.jpg","type":"","width":"","height":""}],"twitter_card":"summary_large_image","twitter_misc":{"Est. reading time":"5 min\u016btes"},"schema":{"@context":"https:\/\/schema.org","@graph":[{"@type":"WebPage","@id":"https:\/\/www.orthodontist-dubai.com\/crowns-and-bridges\/","url":"https:\/\/www.orthodontist-dubai.com\/crowns-and-bridges\/","name":"Zobu kro\u0146i DUBAJ\u0100 | Zobu TILTI","isPartOf":{"@id":"https:\/\/www.orthodontist-dubai.com\/#website"},"primaryImageOfPage":{"@id":"https:\/\/www.orthodontist-dubai.com\/crowns-and-bridges\/#primaryimage"},"image":{"@id":"https:\/\/www.orthodontist-dubai.com\/crowns-and-bridges\/#primaryimage"},"thumbnailUrl":"https:\/\/www.orthodontist-dubai.com\/wp-content\/uploads\/2023\/10\/Dental-Crown-Bridges-in-Dubai-UAE-Before-After-treatment-pictures.jpg","datePublished":"2015-04-15T07:04:06+00:00","dateModified":"2023-10-20T09:15:00+00:00","breadcrumb":{"@id":"https:\/\/www.orthodontist-dubai.com\/crowns-and-bridges\/#breadcrumb"},"inLanguage":"lv-LV","potentialAction":[{"@type":"ReadAction","target":["https:\/\/www.orthodontist-dubai.com\/crowns-and-bridges\/"]}]},{"@type":"ImageObject","inLanguage":"lv-LV","@id":"https:\/\/www.orthodontist-dubai.com\/crowns-and-bridges\/#primaryimage","url":"https:\/\/www.orthodontist-dubai.com\/wp-content\/uploads\/2023\/10\/Dental-Crown-Bridges-in-Dubai-UAE-Before-After-treatment-pictures.jpg","contentUrl":"https:\/\/www.orthodontist-dubai.com\/wp-content\/uploads\/2023\/10\/Dental-Crown-Bridges-in-Dubai-UAE-Before-After-treatment-pictures.jpg"},{"@type":"BreadcrumbList","@id":"https:\/\/www.orthodontist-dubai.com\/crowns-and-bridges\/#breadcrumb","itemListElement":[{"@type":"ListItem","position":1,"name":"\u2776 Home","item":"https:\/\/www.orthodontist-dubai.com\/"},{"@type":"ListItem","position":2,"name":"Dental Crown and Dental Bridges"}]},{"@type":"WebSite","@id":"https:\/\/www.orthodontist-dubai.com\/#website","url":"https:\/\/www.orthodontist-dubai.com\/","name":"LAB\u0100KAIS ortodonts un zob\u0101rsts Dubaij\u0101 AAE vis\u0101m zobu proced\u016br\u0101m","description":"L\u0113ti un lab\u0101kie ortodonti un zob\u0101rsti vis\u0101m zobu proced\u016br\u0101m Dubaij\u0101, AAE","publisher":{"@id":"https:\/\/www.orthodontist-dubai.com\/#organization"},"potentialAction":[{"@type":"SearchAction","target":{"@type":"EntryPoint","urlTemplate":"https:\/\/www.orthodontist-dubai.com\/?s={search_term_string}"},"query-input":{"@type":"PropertyValueSpecification","valueRequired":true,"valueName":"search_term_string"}}],"inLanguage":"lv-LV"},{"@type":"Organization","@id":"https:\/\/www.orthodontist-dubai.com\/#organization","name":"Lab\u0101kais ortodonts un zob\u0101rsts Dubaij\u0101 AAE","url":"https:\/\/www.orthodontist-dubai.com\/","logo":{"@type":"ImageObject","inLanguage":"lv-LV","@id":"https:\/\/www.orthodontist-dubai.com\/#\/schema\/logo\/image\/","url":"https:\/\/www.orthodontist-dubai.com\/wp-content\/uploads\/2015\/04\/Othorontist-Dentist-UAE-Logo.png","contentUrl":"https:\/\/www.orthodontist-dubai.com\/wp-content\/uploads\/2015\/04\/Othorontist-Dentist-UAE-Logo.png","width":190,"height":70,"caption":"Best Orthodontist & Dentist in Dubai UAE"},"image":{"@id":"https:\/\/www.orthodontist-dubai.com\/#\/schema\/logo\/image\/"},"sameAs":["https:\/\/www.facebook.com\/Orthodontist.Dentist.Dubai\/","https:\/\/www.linkedin.com\/in\/dr-nazeer-ahmed-meeran-15691083\/"]}]}},"_links":{"self":[{"href":"https:\/\/www.orthodontist-dubai.com\/lv\/wp-json\/wp\/v2\/pages\/157","targetHints":{"allow":["GET"]}}],"collection":[{"href":"https:\/\/www.orthodontist-dubai.com\/lv\/wp-json\/wp\/v2\/pages"}],"about":[{"href":"https:\/\/www.orthodontist-dubai.com\/lv\/wp-json\/wp\/v2\/types\/page"}],"author":[{"embeddable":true,"href":"https:\/\/www.orthodontist-dubai.com\/lv\/wp-json\/wp\/v2\/users\/1"}],"replies":[{"embeddable":true,"href":"https:\/\/www.orthodontist-dubai.com\/lv\/wp-json\/wp\/v2\/comments?post=157"}],"version-history":[{"count":8,"href":"https:\/\/www.orthodontist-dubai.com\/lv\/wp-json\/wp\/v2\/pages\/157\/revisions"}],"predecessor-version":[{"id":2129,"href":"https:\/\/www.orthodontist-dubai.com\/lv\/wp-json\/wp\/v2\/pages\/157\/revisions\/2129"}],"wp:attachment":[{"href":"https:\/\/www.orthodontist-dubai.com\/lv\/wp-json\/wp\/v2\/media?parent=157"}],"curies":[{"name":"wp","href":"https:\/\/api.w.org\/{rel}","templated":true}]}}