{"id":154,"date":"2015-04-15T06:53:45","date_gmt":"2015-04-15T06:53:45","guid":{"rendered":"https:\/\/www.orthodontist-dubai.com\/?page_id=154"},"modified":"2024-10-19T13:02:34","modified_gmt":"2024-10-19T09:02:34","slug":"dental-filling","status":"publish","type":"page","link":"https:\/\/www.orthodontist-dubai.com\/lv\/zobu-plombesana\/","title":{"rendered":"Zobu plomb\u0113\u0161anas izmaksas Dubaij\u0101 &amp; Zobu plomb\u0113\u0161anas proced\u016bra"},"content":{"rendered":"<p>Zob\u0101rsts <strong>pild\u012bjums<\/strong> tiek veikta j\u016bsu <strong>zob\u0101rsts<\/strong> kariesa boj\u0101t\u0101 zoba norm\u0101las funkcijas un formas atjauno\u0161anai. Zobu plomb\u0113\u0161anas izmaksas Dubaij\u0101 ir s\u0101kot no 400 AED par zobu.<br \/>\n<!--<a href=\"https:\/\/www.orthodontist-dubai.com\/clinic-reviews\/\"><img decoding=\"async\" class=\"aligncenter wp-image-346 size-full lazyload\" data-src=\"https:\/\/www.orthodontist-dubai.com\/wp-content\/uploads\/2014\/12\/banner-best2.jpg\" alt=\"Top dental clinic for dental filling in Dubai UAE\" width=\"795\" height=\"459\" src=\"data:image\/svg+xml;base64,PHN2ZyB3aWR0aD0iMSIgaGVpZ2h0PSIxIiB4bWxucz0iaHR0cDovL3d3dy53My5vcmcvMjAwMC9zdmciPjwvc3ZnPg==\" style=\"--smush-placeholder-width: 795px; --smush-placeholder-aspect-ratio: 795\/459;\"><\/a>--><br \/>\n<div id=\"metaslider-id-1219\" style=\"max-width: 700px; margin: 0 auto;\" class=\"ml-slider-3-108-0 metaslider metaslider-responsive metaslider-1219 ml-slider ms-theme-default\" role=\"region\" aria-label=\"Zobu Zobu plomb\u0113\u0161ana\" data-height=\"400\" data-width=\"700\">\n    <div id=\"metaslider_container_1219\">\n        <ul id='metaslider_1219' class='rslides'>\n            <li aria-roledescription='slide' aria-labelledby='slide-0'><a href=\"https:\/\/www.orthodontist-dubai.com\/lv\/sazinies-ar-mums\/\" target=\"_self\"><img decoding=\"async\" data-src=\"https:\/\/www.orthodontist-dubai.com\/wp-content\/uploads\/2024\/01\/Inside-treatment-room-of-the-dental-clinic-in-Dubai-700x400.jpg\" height=\"400\" width=\"700\" alt=\"Zob\u0101rstniec\u012bbas kl\u012bnikas iek\u0161puse proced\u016bru telpa Dubaij\u0101\" class=\"slider-1219 slide-1224 msDefaultImage lazyload\" title=\"Zob\u0101rstniec\u012bbas kl\u012bnikas iek\u0161puse proced\u016bru telpa Dubaij\u0101\" src=\"data:image\/svg+xml;base64,PHN2ZyB3aWR0aD0iMSIgaGVpZ2h0PSIxIiB4bWxucz0iaHR0cDovL3d3dy53My5vcmcvMjAwMC9zdmciPjwvc3ZnPg==\" style=\"--smush-placeholder-width: 700px; --smush-placeholder-aspect-ratio: 700\/400;\" \/><\/a><\/li>\n            <li style='display: none;' aria-roledescription='slide' aria-labelledby='slide-1'><a href=\"https:\/\/www.orthodontist-dubai.com\/lv\/sazinies-ar-mums\/\" target=\"_self\"><img decoding=\"async\" data-src=\"https:\/\/www.orthodontist-dubai.com\/wp-content\/uploads\/2023\/10\/tooth-filling-cost-dubai-pic2-700x400.jpg\" height=\"400\" width=\"700\" alt=\"Zobu plomb\u0113\u0161anas zob\u0101rstniec\u012bbas kl\u012bnika Dubaijas uz\u0146em\u0161anas telp\u0101\" class=\"slider-1219 slide-1222 msDefaultImage lazyload\" title=\"Zobu plomb\u0113\u0161anas zob\u0101rstniec\u012bbas kl\u012bnika Dubaijas uz\u0146em\u0161anas telp\u0101\" src=\"data:image\/svg+xml;base64,PHN2ZyB3aWR0aD0iMSIgaGVpZ2h0PSIxIiB4bWxucz0iaHR0cDovL3d3dy53My5vcmcvMjAwMC9zdmciPjwvc3ZnPg==\" style=\"--smush-placeholder-width: 700px; --smush-placeholder-aspect-ratio: 700\/400;\" \/><\/a><\/li>\n            <li style='display: none;' aria-roledescription='slide' aria-labelledby='slide-2'><a href=\"https:\/\/www.orthodontist-dubai.com\/lv\/sazinies-ar-mums\/\" target=\"_self\"><img decoding=\"async\" data-src=\"https:\/\/www.orthodontist-dubai.com\/wp-content\/uploads\/2024\/01\/Patient-waiting-area-of-the-dental-clinic-in-Dubai-700x400.jpg\" height=\"400\" width=\"700\" alt=\"Zob\u0101rstniec\u012bbas kl\u012bnikas pacientu gaid\u012b\u0161anas zona Dubaij\u0101\" class=\"slider-1219 slide-2236 msDefaultImage lazyload\" title=\"Zob\u0101rstniec\u012bbas kl\u012bnikas pacientu gaid\u012b\u0161anas zona Dubaij\u0101\" src=\"data:image\/svg+xml;base64,PHN2ZyB3aWR0aD0iMSIgaGVpZ2h0PSIxIiB4bWxucz0iaHR0cDovL3d3dy53My5vcmcvMjAwMC9zdmciPjwvc3ZnPg==\" style=\"--smush-placeholder-width: 700px; --smush-placeholder-aspect-ratio: 700\/400;\" \/><\/a><\/li>\n            <li style='display: none;' aria-roledescription='slide' aria-labelledby='slide-3'><a href=\"https:\/\/www.orthodontist-dubai.com\/lv\/sazinies-ar-mums\/\" target=\"_self\"><img decoding=\"async\" data-src=\"https:\/\/www.orthodontist-dubai.com\/wp-content\/uploads\/2023\/10\/tooth-filling-cost-dubai-pic3-700x400.jpg\" height=\"400\" width=\"700\" alt=\"Zobu pild\u012b\u0161anas kl\u012bnika Dubaijas AAE pacientu gaid\u012b\u0161anas zon\u0101\" class=\"slider-1219 slide-1223 msDefaultImage lazyload\" title=\"Zobu pild\u012b\u0161anas kl\u012bnika Dubaijas AAE pacientu gaid\u012b\u0161anas zon\u0101\" src=\"data:image\/svg+xml;base64,PHN2ZyB3aWR0aD0iMSIgaGVpZ2h0PSIxIiB4bWxucz0iaHR0cDovL3d3dy53My5vcmcvMjAwMC9zdmciPjwvc3ZnPg==\" style=\"--smush-placeholder-width: 700px; --smush-placeholder-aspect-ratio: 700\/400;\" \/><\/a><\/li>\n        <\/ul>\n        \n    <\/div>\n<\/div>\nLai vienk\u0101r\u0161\u0101k izskaidrotu zoba plomb\u0113\u0161anas proced\u016bru, zoba materi\u0101ls tiek no\u0146emts un j\u016bsu zob\u0101rsts izt\u012bra dobumu un p\u0113c tam piepilda to ar izv\u0113l\u0113tu plomb\u0113\u0161anas materi\u0101lu. T\u0101d\u0113j\u0101di tiek nov\u0113rsta turpm\u0101ka zobu samazin\u0101\u0161an\u0101s, jo bakt\u0113rijas nevar iek\u013c\u016bt.<\/p>\n<h3>\u0160eit ir soli pa solim izskaidrots, k\u0101 zob\u0101rsts Dubaij\u0101 veic zobu plomb\u0113\u0161anas proced\u016bru:<\/h3>\n<ol>\n<li>Pirms zobu plomb\u0113\u0161anas proced\u016bras s\u0101k\u0161anas j\u016bsu zob\u0101rsts diagnostic\u0113s un p\u0101rbaud\u012bs j\u016bsu zobus un var veikt rentgena starus, lai noteiktu eso\u0161o zoba boj\u0101juma l\u012bmeni. Tas pal\u012bdz pl\u0101not nepiecie\u0161amo \u0101rst\u0113\u0161anu.<\/li>\n<li>J\u016bsu zob\u0101rsts veic viet\u0113jo anest\u0113ziju, lai nodro\u0161in\u0101tu, ka \u0101rst\u0113\u0161anas laik\u0101 j\u016bs j\u016btaties \u0113rti, k\u0101 ar\u012b lai mazin\u0101tu s\u0101pes, sastindzinot skarto zobu un t\u0101 apk\u0101rtnes. Ievad\u012bt\u0101s viet\u0113j\u0101s anest\u0113zijas d\u0113\u013c j\u016bs nejut\u012bsit reiboni vai miegain\u012bbu. Tas tiek ievad\u012bts, lai nodro\u0161in\u0101tu, ka visas \u0101rst\u0113\u0161anas laik\u0101 nej\u016btat s\u0101pes.<\/li>\n<li>J\u016bsu zob\u0101rsts uzliks gumijas aizsprostu ap j\u016bsu zobu, lai to izol\u0113tu (lai tas b\u016btu sauss un bez siekal\u0101m) plomb\u0113\u0161anas proced\u016bras laik\u0101, t\u0101d\u0113j\u0101di nodro\u0161inot t\u012bru darba vidi.<\/li>\n<li>Boj\u0101to vai boj\u0101to zoba da\u013cu zob\u0101rsts r\u016bp\u012bgi no\u0146em, izmantojot zobu urbi vai l\u0101zeru, vienlaikus saglab\u0101jot vesel\u012bgo zoba da\u013cu.<\/li>\n<li>P\u0113c kariesa vai boj\u0101t\u0101s zoba da\u013cas no\u0146em\u0161anas j\u016bsu zob\u0101rsts s\u0101ks veidot dobumu, pamatojoties uz plomb\u0113\u0161anas materi\u0101lu, kas izmantots, lai to sagatavotu n\u0101kamajai darb\u012bbai. Ir pieejami daudzu veidu zobu plomb\u0113\u0161anas materi\u0101li, piem\u0113ram:\n<ul>\n<li><strong>Saliktie sve\u0137i:<\/strong> \u0160is ir zobu kr\u0101sas materi\u0101ls, un to parasti izmanto plomb\u0113\u0161anai redzam\u0101s mutes viet\u0101s. Tas tiek uzkl\u0101ts sl\u0101\u0146os, un t\u0101 saciet\u0113\u0161anai tiek izmantota \u012bpa\u0161a gaisma. Tas nodro\u0161ina \u013coti dabisku izskatu.<\/li>\n<li><strong>Amalgama:<\/strong> \u0160is ir sudraba kr\u0101sas materi\u0101ls, kas izgatavots no met\u0101lu mais\u012bjuma. Tas ir \u013coti sp\u0113c\u012bgs, bet nedod dabisku izskatu. To parasti izmanto aizmugur\u0113jiem zobiem nedabisk\u0101 izskata d\u0113\u013c.<\/li>\n<li><strong>Porcel\u0101ns\/keramika:<\/strong> Tie izskat\u0101s \u013coti dabiski un nodro\u0161ina est\u0113tiski pat\u012bkamu apdari. Tie ir ar\u012b \u013coti iztur\u012bgi. Tie ir izgatavoti p\u0113c pas\u016bt\u012bjuma zob\u0101rstniec\u012bbas laboratorij\u0101s.<\/li>\n<li><strong>Stikla jonom\u0113rs:<\/strong> To lieto viet\u0101s ar minim\u0101lu ko\u0161\u013c\u0101jamo spiedienu. T\u0101 k\u0101 tas atbr\u012bvo fluoru, tas pal\u012bdz nov\u0113rst turpm\u0101ku zobu boj\u0101\u0161anos. Tos parasti izmanto \u013coti mazu laukumu aizpild\u012b\u0161anai.<\/li>\n<li><strong>Zelts:<\/strong> Zelta pild\u012bjumi agr\u0101k bija popul\u0101ri. Ta\u010du m\u016bsdien\u0101s tie ir maz\u0101k popul\u0101ri, jo nedod dabisku izskatu, lai gan ir \u013coti iztur\u012bgi un kalpo \u013coti ilgi.<\/li>\n<\/ul>\n<\/li>\n<li>Pacienta izv\u0113l\u0113to plomb\u0113\u0161anas materi\u0101lu J\u016bsu zob\u0101rsts ievieto sagatavotaj\u0101 dobum\u0101.<\/li>\n<li>P\u0113c plomb\u0113jam\u0101 materi\u0101la uzlik\u0161anas zob\u0101rsts to turpm\u0101k veidos p\u0113c vajadz\u012bbas un nopul\u0113s, lai p\u0101rliecin\u0101tos, ka tas ir gluds un sapl\u016bst ar apk\u0101rt\u0113jiem zobiem un pie\u0161\u0137irs tai dabisku izskatu.<\/li>\n<li>J\u016bsu zob\u0101rsts p\u0101rbaud\u012bs, vai plomba netrauc\u0113 j\u016bsu dabisko sakodienu, un p\u0101rliecin\u0101sies, ka tas j\u016btas \u0113rti.<\/li>\n<li>Kad gumijas aizsprosts ir no\u0146emts, j\u016bsu zob\u0101rsts not\u012br\u012bs zobu un t\u0101 apk\u0101rtni, lai nov\u0113rt\u0113tu plomb\u0113jumu un noskaidrotu, vai tas ir pareizi piem\u0113rots.<\/li>\n<\/ol>\n<p>Viss zobu plomb\u0113\u0161anas process Dubaij\u0101 aiz\u0146em maz\u0101k nek\u0101 stundu. P\u0113c zobu plomb\u0113\u0161anas proced\u016bras j\u016bs k\u0101du laiku varat izjust nelielu nejut\u012bgumu. Ta\u010du dr\u012bz p\u0113c zobu plomb\u0113\u0161anas varat atgriezties pie parastaj\u0101m ikdienas aktivit\u0101t\u0113m. Noteikti iev\u0113rojiet zob\u0101rsta ieteikumus par apr\u016bpi p\u0113c proced\u016bras un, ja nepiecie\u0161ams, veiciet papildu p\u0101rbaudes. K\u0101 vienm\u0113r ieteicams, ir svar\u012bgi ar\u012b uztur\u0113t labu mutes dobuma higi\u0113nu, lai n\u0101kotn\u0113 izvair\u012btos no probl\u0113m\u0101m, kas saist\u012btas ar zobiem. <a href=\"https:\/\/www.orthodontist-dubai.com\/lv\/sazinies-ar-mums\/\">Sazinies ar mums<\/a> BEZMAKSAS bezmaksas konsult\u0101cija par zobu plomb\u0113\u0161anu Dubaij\u0101 zob\u0101rstniec\u012bbas kl\u012bnik\u0101.<\/p>\n<p><img decoding=\"async\" class=\"aligncenter size-full wp-image-2169 lazyload\" data-src=\"https:\/\/www.orthodontist-dubai.com\/wp-content\/uploads\/2023\/11\/types-of-tooth-filling-in-Dubai-UAE.jpg\" alt=\"zobu zobu plomb\u0113\u0161anas veidi Dubaij\u0101 AAE\" width=\"672\" height=\"300\" data-srcset=\"https:\/\/www.orthodontist-dubai.com\/wp-content\/uploads\/2023\/11\/types-of-tooth-filling-in-Dubai-UAE.jpg 672w, https:\/\/www.orthodontist-dubai.com\/wp-content\/uploads\/2023\/11\/types-of-tooth-filling-in-Dubai-UAE-300x134.jpg 300w, https:\/\/www.orthodontist-dubai.com\/wp-content\/uploads\/2023\/11\/types-of-tooth-filling-in-Dubai-UAE-18x8.jpg 18w\" data-sizes=\"(max-width: 672px) 100vw, 672px\" src=\"data:image\/svg+xml;base64,PHN2ZyB3aWR0aD0iMSIgaGVpZ2h0PSIxIiB4bWxucz0iaHR0cDovL3d3dy53My5vcmcvMjAwMC9zdmciPjwvc3ZnPg==\" style=\"--smush-placeholder-width: 672px; --smush-placeholder-aspect-ratio: 672\/300;\" \/><\/p>\n<p><img decoding=\"async\" class=\"aligncenter size-full wp-image-176 lazyload\" data-src=\"https:\/\/www.orthodontist-dubai.com\/wp-content\/uploads\/2015\/04\/dental-filling-dubai-UAE.jpg\" alt=\"Zobu plomb\u0113\u0161anas izmaksas Dubaij\u0101\" width=\"350\" height=\"366\" data-srcset=\"https:\/\/www.orthodontist-dubai.com\/wp-content\/uploads\/2015\/04\/dental-filling-dubai-UAE.jpg 350w, https:\/\/www.orthodontist-dubai.com\/wp-content\/uploads\/2015\/04\/dental-filling-dubai-UAE-287x300.jpg 287w\" data-sizes=\"(max-width: 350px) 100vw, 350px\" src=\"data:image\/svg+xml;base64,PHN2ZyB3aWR0aD0iMSIgaGVpZ2h0PSIxIiB4bWxucz0iaHR0cDovL3d3dy53My5vcmcvMjAwMC9zdmciPjwvc3ZnPg==\" style=\"--smush-placeholder-width: 350px; --smush-placeholder-aspect-ratio: 350\/366;\" \/><br \/>\n<img decoding=\"async\" class=\"aligncenter wp-image-1229 size-full lazyload\" data-src=\"https:\/\/www.orthodontist-dubai.com\/wp-content\/uploads\/2022\/04\/Dental-fillings-cost-Dubai.jpg\" alt=\"Zobu plomb\u0113\u0161anas izmaksas Dubaij\u0101\" width=\"1000\" height=\"297\" data-srcset=\"https:\/\/www.orthodontist-dubai.com\/wp-content\/uploads\/2022\/04\/Dental-fillings-cost-Dubai.jpg 1000w, https:\/\/www.orthodontist-dubai.com\/wp-content\/uploads\/2022\/04\/Dental-fillings-cost-Dubai-300x89.jpg 300w, https:\/\/www.orthodontist-dubai.com\/wp-content\/uploads\/2022\/04\/Dental-fillings-cost-Dubai-768x228.jpg 768w\" data-sizes=\"(max-width: 1000px) 100vw, 1000px\" src=\"data:image\/svg+xml;base64,PHN2ZyB3aWR0aD0iMSIgaGVpZ2h0PSIxIiB4bWxucz0iaHR0cDovL3d3dy53My5vcmcvMjAwMC9zdmciPjwvc3ZnPg==\" style=\"--smush-placeholder-width: 1000px; --smush-placeholder-aspect-ratio: 1000\/297;\" \/><br \/>\n<b>Visizplat\u012bt\u0101kie zobu pild\u012b\u0161anas veidi Dubaij\u0101 AAE ir:<\/b><\/p>\n<ul>\n<li><b>Zelta pild\u012bjumi<\/b><\/li>\n<li><b>Amalgamas (sudraba) pild\u012bjumi<\/b><\/li>\n<li><b>Kompoz\u012btmateri\u0101lu (plastmasas) sve\u0137i<\/b> (Var pieska\u0146ot ori\u0123in\u0101l\u0101 zoba kr\u0101sai, lai tas izskat\u012btos \u013coti dabiski)<\/li>\n<li><b>Porcel\u0101na pild\u012bjumi.<\/b><\/li>\n<\/ul>","protected":false},"excerpt":{"rendered":"<p>A dental filling is done by your dentist to restore tooth damaged by decay to its normal function and shape. Tooth filling cost in Dubai starts at 400 AED per tooth. To explain the tooth filling procedure in a simpler way, the tooth material is removed and your dentist cleans the cavity and then fills [&hellip;]<\/p>\n","protected":false},"author":1,"featured_media":0,"parent":0,"menu_order":0,"comment_status":"closed","ping_status":"closed","template":"","meta":{"site-sidebar-layout":"default","site-content-layout":"","ast-site-content-layout":"default","site-content-style":"default","site-sidebar-style":"default","ast-global-header-display":"","ast-banner-title-visibility":"","ast-main-header-display":"","ast-hfb-above-header-display":"","ast-hfb-below-header-display":"","ast-hfb-mobile-header-display":"","site-post-title":"","ast-breadcrumbs-content":"","ast-featured-img":"","footer-sml-layout":"","ast-disable-related-posts":"","theme-transparent-header-meta":"","adv-header-id-meta":"","stick-header-meta":"","header-above-stick-meta":"","header-main-stick-meta":"","header-below-stick-meta":"","astra-migrate-meta-layouts":"set","ast-page-background-enabled":"default","ast-page-background-meta":{"desktop":{"background-color":"var(--ast-global-color-4)","background-image":"","background-repeat":"repeat","background-position":"center center","background-size":"auto","background-attachment":"scroll","background-type":"","background-media":"","overlay-type":"","overlay-color":"","overlay-opacity":"","overlay-gradient":""},"tablet":{"background-color":"","background-image":"","background-repeat":"repeat","background-position":"center center","background-size":"auto","background-attachment":"scroll","background-type":"","background-media":"","overlay-type":"","overlay-color":"","overlay-opacity":"","overlay-gradient":""},"mobile":{"background-color":"","background-image":"","background-repeat":"repeat","background-position":"center center","background-size":"auto","background-attachment":"scroll","background-type":"","background-media":"","overlay-type":"","overlay-color":"","overlay-opacity":"","overlay-gradient":""}},"ast-content-background-meta":{"desktop":{"background-color":"var(--ast-global-color-5)","background-image":"","background-repeat":"repeat","background-position":"center center","background-size":"auto","background-attachment":"scroll","background-type":"","background-media":"","overlay-type":"","overlay-color":"","overlay-opacity":"","overlay-gradient":""},"tablet":{"background-color":"var(--ast-global-color-5)","background-image":"","background-repeat":"repeat","background-position":"center center","background-size":"auto","background-attachment":"scroll","background-type":"","background-media":"","overlay-type":"","overlay-color":"","overlay-opacity":"","overlay-gradient":""},"mobile":{"background-color":"var(--ast-global-color-5)","background-image":"","background-repeat":"repeat","background-position":"center center","background-size":"auto","background-attachment":"scroll","background-type":"","background-media":"","overlay-type":"","overlay-color":"","overlay-opacity":"","overlay-gradient":""}},"footnotes":""},"class_list":["post-154","page","type-page","status-publish","hentry"],"yoast_head":"<!-- This site is optimized with the Yoast SEO plugin v27.5 - https:\/\/yoast.com\/product\/yoast-seo-wordpress\/ -->\n<title>TOOTH FILLING COST IN DUBAI | TOOTH FILLING IN DUBAI<\/title>\n<meta name=\"robots\" content=\"index, follow, max-snippet:-1, max-image-preview:large, max-video-preview:-1\" \/>\n<link rel=\"canonical\" href=\"https:\/\/www.orthodontist-dubai.com\/lv\/zobu-plombesana\/\" \/>\n<meta property=\"og:locale\" content=\"lv_LV\" \/>\n<meta property=\"og:type\" content=\"article\" \/>\n<meta property=\"og:title\" content=\"TOOTH FILLING COST IN DUBAI | TOOTH FILLING IN DUBAI\" \/>\n<meta property=\"og:description\" content=\"A dental filling is done by your dentist to restore tooth damaged by decay to its normal function and shape. Tooth filling cost in Dubai starts at 400 AED per tooth. To explain the tooth filling procedure in a simpler way, the tooth material is removed and your dentist cleans the cavity and then fills [&hellip;]\" \/>\n<meta property=\"og:url\" content=\"https:\/\/www.orthodontist-dubai.com\/lv\/zobu-plombesana\/\" \/>\n<meta property=\"og:site_name\" content=\"BEST Orthodontist &amp; Dentist in Dubai UAE for all Dental Treatments\" \/>\n<meta property=\"article:publisher\" content=\"https:\/\/www.facebook.com\/Orthodontist.Dentist.Dubai\/\" \/>\n<meta property=\"article:modified_time\" content=\"2024-10-19T09:02:34+00:00\" \/>\n<meta property=\"og:image\" content=\"https:\/\/www.orthodontist-dubai.com\/wp-content\/uploads\/2014\/12\/banner-best2.jpg\" \/>\n<meta name=\"twitter:card\" content=\"summary_large_image\" \/>\n<meta name=\"twitter:label1\" content=\"Est. reading time\" \/>\n\t<meta name=\"twitter:data1\" content=\"4 min\u016btes\" \/>\n<script type=\"application\/ld+json\" class=\"yoast-schema-graph\">{\"@context\":\"https:\\\/\\\/schema.org\",\"@graph\":[{\"@type\":\"WebPage\",\"@id\":\"https:\\\/\\\/www.orthodontist-dubai.com\\\/dental-filling\\\/\",\"url\":\"https:\\\/\\\/www.orthodontist-dubai.com\\\/dental-filling\\\/\",\"name\":\"TOOTH FILLING COST IN DUBAI | TOOTH FILLING IN DUBAI\",\"isPartOf\":{\"@id\":\"https:\\\/\\\/www.orthodontist-dubai.com\\\/#website\"},\"primaryImageOfPage\":{\"@id\":\"https:\\\/\\\/www.orthodontist-dubai.com\\\/dental-filling\\\/#primaryimage\"},\"image\":{\"@id\":\"https:\\\/\\\/www.orthodontist-dubai.com\\\/dental-filling\\\/#primaryimage\"},\"thumbnailUrl\":\"https:\\\/\\\/www.orthodontist-dubai.com\\\/wp-content\\\/uploads\\\/2014\\\/12\\\/banner-best2.jpg\",\"datePublished\":\"2015-04-15T06:53:45+00:00\",\"dateModified\":\"2024-10-19T09:02:34+00:00\",\"breadcrumb\":{\"@id\":\"https:\\\/\\\/www.orthodontist-dubai.com\\\/dental-filling\\\/#breadcrumb\"},\"inLanguage\":\"lv-LV\",\"potentialAction\":[{\"@type\":\"ReadAction\",\"target\":[\"https:\\\/\\\/www.orthodontist-dubai.com\\\/dental-filling\\\/\"]}]},{\"@type\":\"ImageObject\",\"inLanguage\":\"lv-LV\",\"@id\":\"https:\\\/\\\/www.orthodontist-dubai.com\\\/dental-filling\\\/#primaryimage\",\"url\":\"https:\\\/\\\/www.orthodontist-dubai.com\\\/wp-content\\\/uploads\\\/2014\\\/12\\\/banner-best2.jpg\",\"contentUrl\":\"https:\\\/\\\/www.orthodontist-dubai.com\\\/wp-content\\\/uploads\\\/2014\\\/12\\\/banner-best2.jpg\"},{\"@type\":\"BreadcrumbList\",\"@id\":\"https:\\\/\\\/www.orthodontist-dubai.com\\\/dental-filling\\\/#breadcrumb\",\"itemListElement\":[{\"@type\":\"ListItem\",\"position\":1,\"name\":\"\u2776 Home\",\"item\":\"https:\\\/\\\/www.orthodontist-dubai.com\\\/\"},{\"@type\":\"ListItem\",\"position\":2,\"name\":\"Tooth filling cost in Dubai &amp; Tooth filling procedure\"}]},{\"@type\":\"WebSite\",\"@id\":\"https:\\\/\\\/www.orthodontist-dubai.com\\\/#website\",\"url\":\"https:\\\/\\\/www.orthodontist-dubai.com\\\/\",\"name\":\"BEST Orthodontist &amp; Dentist in Dubai UAE for all Dental Treatments\",\"description\":\"Cheap &amp; Best Orthodontist &amp; Dentists for all dental treatments in Dubai UAE\",\"publisher\":{\"@id\":\"https:\\\/\\\/www.orthodontist-dubai.com\\\/#organization\"},\"potentialAction\":[{\"@type\":\"SearchAction\",\"target\":{\"@type\":\"EntryPoint\",\"urlTemplate\":\"https:\\\/\\\/www.orthodontist-dubai.com\\\/?s={search_term_string}\"},\"query-input\":{\"@type\":\"PropertyValueSpecification\",\"valueRequired\":true,\"valueName\":\"search_term_string\"}}],\"inLanguage\":\"lv-LV\"},{\"@type\":\"Organization\",\"@id\":\"https:\\\/\\\/www.orthodontist-dubai.com\\\/#organization\",\"name\":\"Best Orthodontist & Dentist in Dubai UAE\",\"url\":\"https:\\\/\\\/www.orthodontist-dubai.com\\\/\",\"logo\":{\"@type\":\"ImageObject\",\"inLanguage\":\"lv-LV\",\"@id\":\"https:\\\/\\\/www.orthodontist-dubai.com\\\/#\\\/schema\\\/logo\\\/image\\\/\",\"url\":\"https:\\\/\\\/www.orthodontist-dubai.com\\\/wp-content\\\/uploads\\\/2015\\\/04\\\/Othorontist-Dentist-UAE-Logo.png\",\"contentUrl\":\"https:\\\/\\\/www.orthodontist-dubai.com\\\/wp-content\\\/uploads\\\/2015\\\/04\\\/Othorontist-Dentist-UAE-Logo.png\",\"width\":190,\"height\":70,\"caption\":\"Best Orthodontist & Dentist in Dubai UAE\"},\"image\":{\"@id\":\"https:\\\/\\\/www.orthodontist-dubai.com\\\/#\\\/schema\\\/logo\\\/image\\\/\"},\"sameAs\":[\"https:\\\/\\\/www.facebook.com\\\/Orthodontist.Dentist.Dubai\\\/\",\"https:\\\/\\\/www.linkedin.com\\\/in\\\/dr-nazeer-ahmed-meeran-15691083\\\/\"]}]}<\/script>\n<!-- \/ Yoast SEO plugin. -->","yoast_head_json":{"title":"ZOBU PILDO\u0160ANAS IZMAKSAS DUBAJ\u0100 | ZOBU PILDO\u0160ANA DUBAJ\u0100","robots":{"index":"index","follow":"follow","max-snippet":"max-snippet:-1","max-image-preview":"max-image-preview:large","max-video-preview":"max-video-preview:-1"},"canonical":"https:\/\/www.orthodontist-dubai.com\/lv\/zobu-plombesana\/","og_locale":"lv_LV","og_type":"article","og_title":"TOOTH FILLING COST IN DUBAI | TOOTH FILLING IN DUBAI","og_description":"A dental filling is done by your dentist to restore tooth damaged by decay to its normal function and shape. Tooth filling cost in Dubai starts at 400 AED per tooth. To explain the tooth filling procedure in a simpler way, the tooth material is removed and your dentist cleans the cavity and then fills [&hellip;]","og_url":"https:\/\/www.orthodontist-dubai.com\/lv\/zobu-plombesana\/","og_site_name":"BEST Orthodontist &amp; Dentist in Dubai UAE for all Dental Treatments","article_publisher":"https:\/\/www.facebook.com\/Orthodontist.Dentist.Dubai\/","article_modified_time":"2024-10-19T09:02:34+00:00","og_image":[{"url":"https:\/\/www.orthodontist-dubai.com\/wp-content\/uploads\/2014\/12\/banner-best2.jpg","type":"","width":"","height":""}],"twitter_card":"summary_large_image","twitter_misc":{"Est. reading time":"4 min\u016btes"},"schema":{"@context":"https:\/\/schema.org","@graph":[{"@type":"WebPage","@id":"https:\/\/www.orthodontist-dubai.com\/dental-filling\/","url":"https:\/\/www.orthodontist-dubai.com\/dental-filling\/","name":"ZOBU PILDO\u0160ANAS IZMAKSAS DUBAJ\u0100 | ZOBU PILDO\u0160ANA DUBAJ\u0100","isPartOf":{"@id":"https:\/\/www.orthodontist-dubai.com\/#website"},"primaryImageOfPage":{"@id":"https:\/\/www.orthodontist-dubai.com\/dental-filling\/#primaryimage"},"image":{"@id":"https:\/\/www.orthodontist-dubai.com\/dental-filling\/#primaryimage"},"thumbnailUrl":"https:\/\/www.orthodontist-dubai.com\/wp-content\/uploads\/2014\/12\/banner-best2.jpg","datePublished":"2015-04-15T06:53:45+00:00","dateModified":"2024-10-19T09:02:34+00:00","breadcrumb":{"@id":"https:\/\/www.orthodontist-dubai.com\/dental-filling\/#breadcrumb"},"inLanguage":"lv-LV","potentialAction":[{"@type":"ReadAction","target":["https:\/\/www.orthodontist-dubai.com\/dental-filling\/"]}]},{"@type":"ImageObject","inLanguage":"lv-LV","@id":"https:\/\/www.orthodontist-dubai.com\/dental-filling\/#primaryimage","url":"https:\/\/www.orthodontist-dubai.com\/wp-content\/uploads\/2014\/12\/banner-best2.jpg","contentUrl":"https:\/\/www.orthodontist-dubai.com\/wp-content\/uploads\/2014\/12\/banner-best2.jpg"},{"@type":"BreadcrumbList","@id":"https:\/\/www.orthodontist-dubai.com\/dental-filling\/#breadcrumb","itemListElement":[{"@type":"ListItem","position":1,"name":"\u2776 Home","item":"https:\/\/www.orthodontist-dubai.com\/"},{"@type":"ListItem","position":2,"name":"Tooth filling cost in Dubai &amp; Tooth filling procedure"}]},{"@type":"WebSite","@id":"https:\/\/www.orthodontist-dubai.com\/#website","url":"https:\/\/www.orthodontist-dubai.com\/","name":"LAB\u0100KAIS ortodonts un zob\u0101rsts Dubaij\u0101 AAE vis\u0101m zobu proced\u016br\u0101m","description":"L\u0113ti un lab\u0101kie ortodonti un zob\u0101rsti vis\u0101m zobu proced\u016br\u0101m Dubaij\u0101, AAE","publisher":{"@id":"https:\/\/www.orthodontist-dubai.com\/#organization"},"potentialAction":[{"@type":"SearchAction","target":{"@type":"EntryPoint","urlTemplate":"https:\/\/www.orthodontist-dubai.com\/?s={search_term_string}"},"query-input":{"@type":"PropertyValueSpecification","valueRequired":true,"valueName":"search_term_string"}}],"inLanguage":"lv-LV"},{"@type":"Organization","@id":"https:\/\/www.orthodontist-dubai.com\/#organization","name":"Lab\u0101kais ortodonts un zob\u0101rsts Dubaij\u0101 AAE","url":"https:\/\/www.orthodontist-dubai.com\/","logo":{"@type":"ImageObject","inLanguage":"lv-LV","@id":"https:\/\/www.orthodontist-dubai.com\/#\/schema\/logo\/image\/","url":"https:\/\/www.orthodontist-dubai.com\/wp-content\/uploads\/2015\/04\/Othorontist-Dentist-UAE-Logo.png","contentUrl":"https:\/\/www.orthodontist-dubai.com\/wp-content\/uploads\/2015\/04\/Othorontist-Dentist-UAE-Logo.png","width":190,"height":70,"caption":"Best Orthodontist & Dentist in Dubai UAE"},"image":{"@id":"https:\/\/www.orthodontist-dubai.com\/#\/schema\/logo\/image\/"},"sameAs":["https:\/\/www.facebook.com\/Orthodontist.Dentist.Dubai\/","https:\/\/www.linkedin.com\/in\/dr-nazeer-ahmed-meeran-15691083\/"]}]}},"_links":{"self":[{"href":"https:\/\/www.orthodontist-dubai.com\/lv\/wp-json\/wp\/v2\/pages\/154","targetHints":{"allow":["GET"]}}],"collection":[{"href":"https:\/\/www.orthodontist-dubai.com\/lv\/wp-json\/wp\/v2\/pages"}],"about":[{"href":"https:\/\/www.orthodontist-dubai.com\/lv\/wp-json\/wp\/v2\/types\/page"}],"author":[{"embeddable":true,"href":"https:\/\/www.orthodontist-dubai.com\/lv\/wp-json\/wp\/v2\/users\/1"}],"replies":[{"embeddable":true,"href":"https:\/\/www.orthodontist-dubai.com\/lv\/wp-json\/wp\/v2\/comments?post=154"}],"version-history":[{"count":36,"href":"https:\/\/www.orthodontist-dubai.com\/lv\/wp-json\/wp\/v2\/pages\/154\/revisions"}],"predecessor-version":[{"id":2291,"href":"https:\/\/www.orthodontist-dubai.com\/lv\/wp-json\/wp\/v2\/pages\/154\/revisions\/2291"}],"wp:attachment":[{"href":"https:\/\/www.orthodontist-dubai.com\/lv\/wp-json\/wp\/v2\/media?parent=154"}],"curies":[{"name":"wp","href":"https:\/\/api.w.org\/{rel}","templated":true}]}}