{"id":140,"date":"2015-04-10T13:10:00","date_gmt":"2015-04-10T13:10:00","guid":{"rendered":"https:\/\/www.orthodontist-dubai.com\/?page_id=140"},"modified":"2020-03-13T10:40:44","modified_gmt":"2020-03-13T06:40:44","slug":"orthopaedic-appliance","status":"publish","type":"page","link":"https:\/\/www.orthodontist-dubai.com\/lv\/ortopediskais-aparats\/","title":{"rendered":"Ortop\u0113diskais apar\u0101ts"},"content":{"rendered":"<p><strong>Vai j\u016bs dom\u0101jat, ka j\u016bsu b\u0113rnam var b\u016bt p\u0101rm\u0113r\u012bgs vai maz\u0101ks \u017eok\u013ca augums? Tagad nav j\u0101uztraucas, jo funkcion\u0101las ier\u012bces var nov\u0113rst \u0161o probl\u0113mu, ja t\u0101s tiek apstr\u0101d\u0101tas \u012bstaj\u0101 br\u012bd\u012b!<br \/>\n<\/strong><\/p>\n<p>Ortodontiem ir kl\u012bniska pieredze skeleta sak\u0146u un \u017eok\u013cu aug\u0161anas probl\u0113mu \u0101rst\u0113\u0161an\u0101. Probl\u0113mas ar \u017eok\u013cu aug\u0161anu var identific\u0113t un \u0101rst\u0113t ar funkcion\u0101laj\u0101m ier\u012bc\u0113m, ja t\u0101s tiek atkl\u0101tas agr\u0101k par 12-14 gadu vecumu. Noteikti konsult\u0113jieties ar savu ortodontu, kad j\u016bsu b\u0113rns ir vecum\u0101 no 10 l\u012bdz 11 gadiem, lai atkl\u0101tu iesp\u0113jam\u0101s probl\u0113mas ar \u017eok\u013ca aug\u0161anu. Agr\u0101k \u0101rst\u0113\u0161ana ir lab\u0101ka vi\u0146u n\u0101kotnei.<\/p>\n<p><img decoding=\"async\" class=\"aligncenter size-full wp-image-141 lazyload\" data-src=\"https:\/\/www.orthodontist-dubai.com\/wp-content\/uploads\/2015\/04\/functionalappliance2.jpg\" alt=\"funkcion\u0101la ier\u012bce\" width=\"504\" height=\"272\" data-srcset=\"https:\/\/www.orthodontist-dubai.com\/wp-content\/uploads\/2015\/04\/functionalappliance2.jpg 504w, https:\/\/www.orthodontist-dubai.com\/wp-content\/uploads\/2015\/04\/functionalappliance2-300x162.jpg 300w\" data-sizes=\"(max-width: 504px) 100vw, 504px\" src=\"data:image\/svg+xml;base64,PHN2ZyB3aWR0aD0iMSIgaGVpZ2h0PSIxIiB4bWxucz0iaHR0cDovL3d3dy53My5vcmcvMjAwMC9zdmciPjwvc3ZnPg==\" style=\"--smush-placeholder-width: 504px; --smush-placeholder-aspect-ratio: 504\/272;\" \/><\/p>\n<p>Funkcion\u0101l\u0101s ier\u012bces tiek izmantotas, lai veicin\u0101tu \u017eok\u013cu aug\u0161anu un uzlabotu aug\u0161\u0113jo un apak\u0161\u0113jo zobu saskari. Tie darbojas, novietojot apak\u0161\u017eokli uz priek\u0161u, savuk\u0101rt izstiepjot sejas un \u017eok\u013ca musku\u013cus, t\u0101d\u0113j\u0101di virzot \u017eok\u013ca korekciju kop\u0101 ar izvirz\u012bto zobu korekciju. Tie ir j\u0101valk\u0101 stingri stingri, pat ja tie ir no\u0146emami.<\/p>\n<p>Tiek sauktas popul\u0101r\u0101k\u0101s un p\u0101rbaud\u012bt\u0101k\u0101s funkcion\u0101l\u0101s ier\u012bces <strong>dv\u012b\u0146u bloki <\/strong>kas \u013coti \u0101tri rada labv\u0113l\u012bgus rezult\u0101tus. Parastais \u0101rst\u0113\u0161anas ilgums var ilgt no 6 l\u012bdz 8 m\u0113ne\u0161iem. P\u0113c \u0101rst\u0113\u0161anas da\u017ek\u0101rt var b\u016bt nepiecie\u0161ama papildu ortodontiska \u0101rst\u0113\u0161ana, lai prec\u012bzi noregul\u0113tu atsevi\u0161\u0137u zobu st\u0101vokli.<br \/>\n<a href=\"https:\/\/www.orthodontist-dubai.com\/lv\/klinikas-atsauksmes\/\"><img decoding=\"async\" class=\"aligncenter wp-image-346 size-full lazyload\" data-src=\"https:\/\/www.orthodontist-dubai.com\/wp-content\/uploads\/2014\/12\/banner-best2.jpg\" alt=\"Ortop\u0113disk\u0101 iek\u0101rta Dubaij\u0101, AAE\" width=\"795\" height=\"459\" src=\"data:image\/svg+xml;base64,PHN2ZyB3aWR0aD0iMSIgaGVpZ2h0PSIxIiB4bWxucz0iaHR0cDovL3d3dy53My5vcmcvMjAwMC9zdmciPjwvc3ZnPg==\" style=\"--smush-placeholder-width: 795px; --smush-placeholder-aspect-ratio: 795\/459;\"><\/a><\/p>","protected":false},"excerpt":{"rendered":"<p>Do you think that your kid may have an excess or less Jaw growth ? No need to worry now as functional appliances can correct this problem if treated at the right moment! Orthodontists have clinical expertise in treatment of skeletal malocclusion &amp; Jaw Growth problems. Problems with jaw growth can be identified and treated [&hellip;]<\/p>\n","protected":false},"author":1,"featured_media":0,"parent":0,"menu_order":0,"comment_status":"closed","ping_status":"closed","template":"","meta":{"site-sidebar-layout":"default","site-content-layout":"","ast-site-content-layout":"default","site-content-style":"default","site-sidebar-style":"default","ast-global-header-display":"","ast-banner-title-visibility":"","ast-main-header-display":"","ast-hfb-above-header-display":"","ast-hfb-below-header-display":"","ast-hfb-mobile-header-display":"","site-post-title":"","ast-breadcrumbs-content":"","ast-featured-img":"","footer-sml-layout":"","ast-disable-related-posts":"","theme-transparent-header-meta":"","adv-header-id-meta":"","stick-header-meta":"","header-above-stick-meta":"","header-main-stick-meta":"","header-below-stick-meta":"","astra-migrate-meta-layouts":"default","ast-page-background-enabled":"default","ast-page-background-meta":{"desktop":{"background-color":"var(--ast-global-color-4)","background-image":"","background-repeat":"repeat","background-position":"center center","background-size":"auto","background-attachment":"scroll","background-type":"","background-media":"","overlay-type":"","overlay-color":"","overlay-opacity":"","overlay-gradient":""},"tablet":{"background-color":"","background-image":"","background-repeat":"repeat","background-position":"center center","background-size":"auto","background-attachment":"scroll","background-type":"","background-media":"","overlay-type":"","overlay-color":"","overlay-opacity":"","overlay-gradient":""},"mobile":{"background-color":"","background-image":"","background-repeat":"repeat","background-position":"center center","background-size":"auto","background-attachment":"scroll","background-type":"","background-media":"","overlay-type":"","overlay-color":"","overlay-opacity":"","overlay-gradient":""}},"ast-content-background-meta":{"desktop":{"background-color":"var(--ast-global-color-5)","background-image":"","background-repeat":"repeat","background-position":"center center","background-size":"auto","background-attachment":"scroll","background-type":"","background-media":"","overlay-type":"","overlay-color":"","overlay-opacity":"","overlay-gradient":""},"tablet":{"background-color":"var(--ast-global-color-5)","background-image":"","background-repeat":"repeat","background-position":"center center","background-size":"auto","background-attachment":"scroll","background-type":"","background-media":"","overlay-type":"","overlay-color":"","overlay-opacity":"","overlay-gradient":""},"mobile":{"background-color":"var(--ast-global-color-5)","background-image":"","background-repeat":"repeat","background-position":"center center","background-size":"auto","background-attachment":"scroll","background-type":"","background-media":"","overlay-type":"","overlay-color":"","overlay-opacity":"","overlay-gradient":""}},"footnotes":""},"class_list":["post-140","page","type-page","status-publish","hentry"],"yoast_head":"<!-- This site is optimized with the Yoast SEO plugin v27.5 - https:\/\/yoast.com\/product\/yoast-seo-wordpress\/ -->\n<title>ORTHOPAEDIC APPLIANCE IN DUBAI UAE<\/title>\n<meta name=\"robots\" content=\"index, follow, max-snippet:-1, max-image-preview:large, max-video-preview:-1\" \/>\n<link rel=\"canonical\" href=\"https:\/\/www.orthodontist-dubai.com\/lv\/ortopediskais-aparats\/\" \/>\n<meta property=\"og:locale\" content=\"lv_LV\" \/>\n<meta property=\"og:type\" content=\"article\" \/>\n<meta property=\"og:title\" content=\"ORTHOPAEDIC APPLIANCE IN DUBAI UAE\" \/>\n<meta property=\"og:description\" content=\"Do you think that your kid may have an excess or less Jaw growth ? No need to worry now as functional appliances can correct this problem if treated at the right moment! Orthodontists have clinical expertise in treatment of skeletal malocclusion &amp; Jaw Growth problems. Problems with jaw growth can be identified and treated [&hellip;]\" \/>\n<meta property=\"og:url\" content=\"https:\/\/www.orthodontist-dubai.com\/lv\/ortopediskais-aparats\/\" \/>\n<meta property=\"og:site_name\" content=\"BEST Orthodontist &amp; Dentist in Dubai UAE for all Dental Treatments\" \/>\n<meta property=\"article:publisher\" content=\"https:\/\/www.facebook.com\/Orthodontist.Dentist.Dubai\/\" \/>\n<meta property=\"article:modified_time\" content=\"2020-03-13T06:40:44+00:00\" \/>\n<meta property=\"og:image\" content=\"https:\/\/www.orthodontist-dubai.com\/wp-content\/uploads\/2015\/04\/functionalappliance2.jpg\" \/>\n<meta name=\"twitter:card\" content=\"summary_large_image\" \/>\n<meta name=\"twitter:label1\" content=\"Est. reading time\" \/>\n\t<meta name=\"twitter:data1\" content=\"1 min\u016bte\" \/>\n<script type=\"application\/ld+json\" class=\"yoast-schema-graph\">{\"@context\":\"https:\\\/\\\/schema.org\",\"@graph\":[{\"@type\":\"WebPage\",\"@id\":\"https:\\\/\\\/www.orthodontist-dubai.com\\\/orthopaedic-appliance\\\/\",\"url\":\"https:\\\/\\\/www.orthodontist-dubai.com\\\/orthopaedic-appliance\\\/\",\"name\":\"ORTHOPAEDIC APPLIANCE IN DUBAI UAE\",\"isPartOf\":{\"@id\":\"https:\\\/\\\/www.orthodontist-dubai.com\\\/#website\"},\"primaryImageOfPage\":{\"@id\":\"https:\\\/\\\/www.orthodontist-dubai.com\\\/orthopaedic-appliance\\\/#primaryimage\"},\"image\":{\"@id\":\"https:\\\/\\\/www.orthodontist-dubai.com\\\/orthopaedic-appliance\\\/#primaryimage\"},\"thumbnailUrl\":\"https:\\\/\\\/www.orthodontist-dubai.com\\\/wp-content\\\/uploads\\\/2015\\\/04\\\/functionalappliance2.jpg\",\"datePublished\":\"2015-04-10T13:10:00+00:00\",\"dateModified\":\"2020-03-13T06:40:44+00:00\",\"breadcrumb\":{\"@id\":\"https:\\\/\\\/www.orthodontist-dubai.com\\\/orthopaedic-appliance\\\/#breadcrumb\"},\"inLanguage\":\"lv-LV\",\"potentialAction\":[{\"@type\":\"ReadAction\",\"target\":[\"https:\\\/\\\/www.orthodontist-dubai.com\\\/orthopaedic-appliance\\\/\"]}]},{\"@type\":\"ImageObject\",\"inLanguage\":\"lv-LV\",\"@id\":\"https:\\\/\\\/www.orthodontist-dubai.com\\\/orthopaedic-appliance\\\/#primaryimage\",\"url\":\"https:\\\/\\\/www.orthodontist-dubai.com\\\/wp-content\\\/uploads\\\/2015\\\/04\\\/functionalappliance2.jpg\",\"contentUrl\":\"https:\\\/\\\/www.orthodontist-dubai.com\\\/wp-content\\\/uploads\\\/2015\\\/04\\\/functionalappliance2.jpg\"},{\"@type\":\"BreadcrumbList\",\"@id\":\"https:\\\/\\\/www.orthodontist-dubai.com\\\/orthopaedic-appliance\\\/#breadcrumb\",\"itemListElement\":[{\"@type\":\"ListItem\",\"position\":1,\"name\":\"\u2776 Home\",\"item\":\"https:\\\/\\\/www.orthodontist-dubai.com\\\/\"},{\"@type\":\"ListItem\",\"position\":2,\"name\":\"Orthopaedic Appliance\"}]},{\"@type\":\"WebSite\",\"@id\":\"https:\\\/\\\/www.orthodontist-dubai.com\\\/#website\",\"url\":\"https:\\\/\\\/www.orthodontist-dubai.com\\\/\",\"name\":\"BEST Orthodontist &amp; Dentist in Dubai UAE for all Dental Treatments\",\"description\":\"Cheap &amp; Best Orthodontist &amp; Dentists for all dental treatments in Dubai UAE\",\"publisher\":{\"@id\":\"https:\\\/\\\/www.orthodontist-dubai.com\\\/#organization\"},\"potentialAction\":[{\"@type\":\"SearchAction\",\"target\":{\"@type\":\"EntryPoint\",\"urlTemplate\":\"https:\\\/\\\/www.orthodontist-dubai.com\\\/?s={search_term_string}\"},\"query-input\":{\"@type\":\"PropertyValueSpecification\",\"valueRequired\":true,\"valueName\":\"search_term_string\"}}],\"inLanguage\":\"lv-LV\"},{\"@type\":\"Organization\",\"@id\":\"https:\\\/\\\/www.orthodontist-dubai.com\\\/#organization\",\"name\":\"Best Orthodontist & Dentist in Dubai UAE\",\"url\":\"https:\\\/\\\/www.orthodontist-dubai.com\\\/\",\"logo\":{\"@type\":\"ImageObject\",\"inLanguage\":\"lv-LV\",\"@id\":\"https:\\\/\\\/www.orthodontist-dubai.com\\\/#\\\/schema\\\/logo\\\/image\\\/\",\"url\":\"https:\\\/\\\/www.orthodontist-dubai.com\\\/wp-content\\\/uploads\\\/2015\\\/04\\\/Othorontist-Dentist-UAE-Logo.png\",\"contentUrl\":\"https:\\\/\\\/www.orthodontist-dubai.com\\\/wp-content\\\/uploads\\\/2015\\\/04\\\/Othorontist-Dentist-UAE-Logo.png\",\"width\":190,\"height\":70,\"caption\":\"Best Orthodontist & Dentist in Dubai UAE\"},\"image\":{\"@id\":\"https:\\\/\\\/www.orthodontist-dubai.com\\\/#\\\/schema\\\/logo\\\/image\\\/\"},\"sameAs\":[\"https:\\\/\\\/www.facebook.com\\\/Orthodontist.Dentist.Dubai\\\/\",\"https:\\\/\\\/www.linkedin.com\\\/in\\\/dr-nazeer-ahmed-meeran-15691083\\\/\"]}]}<\/script>\n<!-- \/ Yoast SEO plugin. -->","yoast_head_json":{"title":"ORTOP\u0112DIJAS IER\u012aCE DUBAJ\u0100 AAE","robots":{"index":"index","follow":"follow","max-snippet":"max-snippet:-1","max-image-preview":"max-image-preview:large","max-video-preview":"max-video-preview:-1"},"canonical":"https:\/\/www.orthodontist-dubai.com\/lv\/ortopediskais-aparats\/","og_locale":"lv_LV","og_type":"article","og_title":"ORTHOPAEDIC APPLIANCE IN DUBAI UAE","og_description":"Do you think that your kid may have an excess or less Jaw growth ? No need to worry now as functional appliances can correct this problem if treated at the right moment! Orthodontists have clinical expertise in treatment of skeletal malocclusion &amp; Jaw Growth problems. Problems with jaw growth can be identified and treated [&hellip;]","og_url":"https:\/\/www.orthodontist-dubai.com\/lv\/ortopediskais-aparats\/","og_site_name":"BEST Orthodontist &amp; Dentist in Dubai UAE for all Dental Treatments","article_publisher":"https:\/\/www.facebook.com\/Orthodontist.Dentist.Dubai\/","article_modified_time":"2020-03-13T06:40:44+00:00","og_image":[{"url":"https:\/\/www.orthodontist-dubai.com\/wp-content\/uploads\/2015\/04\/functionalappliance2.jpg","type":"","width":"","height":""}],"twitter_card":"summary_large_image","twitter_misc":{"Est. reading time":"1 min\u016bte"},"schema":{"@context":"https:\/\/schema.org","@graph":[{"@type":"WebPage","@id":"https:\/\/www.orthodontist-dubai.com\/orthopaedic-appliance\/","url":"https:\/\/www.orthodontist-dubai.com\/orthopaedic-appliance\/","name":"ORTOP\u0112DIJAS IER\u012aCE DUBAJ\u0100 AAE","isPartOf":{"@id":"https:\/\/www.orthodontist-dubai.com\/#website"},"primaryImageOfPage":{"@id":"https:\/\/www.orthodontist-dubai.com\/orthopaedic-appliance\/#primaryimage"},"image":{"@id":"https:\/\/www.orthodontist-dubai.com\/orthopaedic-appliance\/#primaryimage"},"thumbnailUrl":"https:\/\/www.orthodontist-dubai.com\/wp-content\/uploads\/2015\/04\/functionalappliance2.jpg","datePublished":"2015-04-10T13:10:00+00:00","dateModified":"2020-03-13T06:40:44+00:00","breadcrumb":{"@id":"https:\/\/www.orthodontist-dubai.com\/orthopaedic-appliance\/#breadcrumb"},"inLanguage":"lv-LV","potentialAction":[{"@type":"ReadAction","target":["https:\/\/www.orthodontist-dubai.com\/orthopaedic-appliance\/"]}]},{"@type":"ImageObject","inLanguage":"lv-LV","@id":"https:\/\/www.orthodontist-dubai.com\/orthopaedic-appliance\/#primaryimage","url":"https:\/\/www.orthodontist-dubai.com\/wp-content\/uploads\/2015\/04\/functionalappliance2.jpg","contentUrl":"https:\/\/www.orthodontist-dubai.com\/wp-content\/uploads\/2015\/04\/functionalappliance2.jpg"},{"@type":"BreadcrumbList","@id":"https:\/\/www.orthodontist-dubai.com\/orthopaedic-appliance\/#breadcrumb","itemListElement":[{"@type":"ListItem","position":1,"name":"\u2776 Home","item":"https:\/\/www.orthodontist-dubai.com\/"},{"@type":"ListItem","position":2,"name":"Orthopaedic Appliance"}]},{"@type":"WebSite","@id":"https:\/\/www.orthodontist-dubai.com\/#website","url":"https:\/\/www.orthodontist-dubai.com\/","name":"LAB\u0100KAIS ortodonts un zob\u0101rsts Dubaij\u0101 AAE vis\u0101m zobu proced\u016br\u0101m","description":"L\u0113ti un lab\u0101kie ortodonti un zob\u0101rsti vis\u0101m zobu proced\u016br\u0101m Dubaij\u0101, AAE","publisher":{"@id":"https:\/\/www.orthodontist-dubai.com\/#organization"},"potentialAction":[{"@type":"SearchAction","target":{"@type":"EntryPoint","urlTemplate":"https:\/\/www.orthodontist-dubai.com\/?s={search_term_string}"},"query-input":{"@type":"PropertyValueSpecification","valueRequired":true,"valueName":"search_term_string"}}],"inLanguage":"lv-LV"},{"@type":"Organization","@id":"https:\/\/www.orthodontist-dubai.com\/#organization","name":"Lab\u0101kais ortodonts un zob\u0101rsts Dubaij\u0101 AAE","url":"https:\/\/www.orthodontist-dubai.com\/","logo":{"@type":"ImageObject","inLanguage":"lv-LV","@id":"https:\/\/www.orthodontist-dubai.com\/#\/schema\/logo\/image\/","url":"https:\/\/www.orthodontist-dubai.com\/wp-content\/uploads\/2015\/04\/Othorontist-Dentist-UAE-Logo.png","contentUrl":"https:\/\/www.orthodontist-dubai.com\/wp-content\/uploads\/2015\/04\/Othorontist-Dentist-UAE-Logo.png","width":190,"height":70,"caption":"Best Orthodontist & Dentist in Dubai UAE"},"image":{"@id":"https:\/\/www.orthodontist-dubai.com\/#\/schema\/logo\/image\/"},"sameAs":["https:\/\/www.facebook.com\/Orthodontist.Dentist.Dubai\/","https:\/\/www.linkedin.com\/in\/dr-nazeer-ahmed-meeran-15691083\/"]}]}},"_links":{"self":[{"href":"https:\/\/www.orthodontist-dubai.com\/lv\/wp-json\/wp\/v2\/pages\/140","targetHints":{"allow":["GET"]}}],"collection":[{"href":"https:\/\/www.orthodontist-dubai.com\/lv\/wp-json\/wp\/v2\/pages"}],"about":[{"href":"https:\/\/www.orthodontist-dubai.com\/lv\/wp-json\/wp\/v2\/types\/page"}],"author":[{"embeddable":true,"href":"https:\/\/www.orthodontist-dubai.com\/lv\/wp-json\/wp\/v2\/users\/1"}],"replies":[{"embeddable":true,"href":"https:\/\/www.orthodontist-dubai.com\/lv\/wp-json\/wp\/v2\/comments?post=140"}],"version-history":[{"count":2,"href":"https:\/\/www.orthodontist-dubai.com\/lv\/wp-json\/wp\/v2\/pages\/140\/revisions"}],"predecessor-version":[{"id":767,"href":"https:\/\/www.orthodontist-dubai.com\/lv\/wp-json\/wp\/v2\/pages\/140\/revisions\/767"}],"wp:attachment":[{"href":"https:\/\/www.orthodontist-dubai.com\/lv\/wp-json\/wp\/v2\/media?parent=140"}],"curies":[{"name":"wp","href":"https:\/\/api.w.org\/{rel}","templated":true}]}}