{"id":112,"date":"2015-04-10T12:06:48","date_gmt":"2015-04-10T12:06:48","guid":{"rendered":"https:\/\/www.orthodontist-dubai.com\/?page_id=112"},"modified":"2015-05-04T15:08:35","modified_gmt":"2015-05-04T11:08:35","slug":"fun-dental-facts","status":"publish","type":"page","link":"https:\/\/www.orthodontist-dubai.com\/lv\/jautri-zobarstniecibas-fakti\/","title":{"rendered":"Jautri zob\u0101rstniec\u012bbas fakti"},"content":{"rendered":"<p><strong>Mazliet pasmaid\u012bsim par \u0161iem jautrajiem zob\u0101rstniec\u012bbas faktiem... Vai?<\/strong><\/p>\n<ul>\n<li>Uz Zemes ir maz\u0101k cilv\u0113ku nek\u0101 bakt\u0113riju popul\u0101cijas viena cilv\u0113ka mut\u0113.<\/li>\n<li>Katrs cilv\u0113ks savas dz\u012bves laik\u0101 ieg\u016bst 2 zobu komplektus<\/li>\n<li>Kafija, alkoholiskie dz\u0113rieni un cigaretes rada traipus uz zobiem. Veiciet zobu balin\u0101\u0161anu kop\u0101 ar savu zob\u0101rstu.<\/li>\n<li>Colgate Total ir visiecien\u012bt\u0101k\u0101 zobu pasta ASV<\/li>\n<li>Visiem krokodiliem dz\u012bves laik\u0101 ir daudz zobu<\/li>\n<li>Zobu emalja ir visciet\u0101k\u0101 da\u013ca m\u016bsu cilv\u0113ka \u0137ermen\u012b, ta\u010du to joproj\u0101m neizmanto, lai atv\u0113rtu sodas pudeles \ud83d\ude42<\/li>\n<li>J\u016bsu zobiem ir j\u0101turas visu m\u016b\u017eu (st\u0101voklis \u2013 ja j\u016bs par tiem pareizi kopjat)<\/li>\n<li>T\u012br\u012b\u0161ana divas reizes dien\u0101 ir \u013coti svar\u012bga, lai nov\u0113rstu dobumu veido\u0161anos.<\/li>\n<li>Zobi satur \u2013 kalciju, fosf\u0101tus un miner\u0101ls\u0101\u013cus<\/li>\n<li>Za\u013c\u0101 t\u0113ja ir patie\u0161\u0101m laba smaganu un zobu vesel\u012bbai. Tam ir dabiski antioksidanti, kas nov\u0113r\u0161 aplikuma veido\u0161anos un samazina dobumu un sliktas elpas risku. Za\u013c\u0101s t\u0113jas satur ar\u012b fluoru, kas var c\u012bn\u012bties ar zobu samazin\u0101jumu.<\/li>\n<li>Alkohols samazina siekalu veido\u0161anos, rada sk\u0101bu vidi un m\u012bkstina zobu emalju. Tas ar\u012b izraisa smaganu pasliktin\u0101\u0161anos un zobu zudumu.<\/li>\n<li>Izmantojot zobu diegu reizi dien\u0101, j\u016bsu dz\u012bves ilgums palielin\u0101s par 7 gadiem.<\/li>\n<li>50% cilv\u0113ku j\u016bsu smaidu uzskata par pirmo sejas pievilc\u012bbu.<\/li>\n<\/ul>","protected":false},"excerpt":{"rendered":"<p>Lets smile a little with these fun dental facts&#8230; Shall we? There is less human population in earth than population of bacteria in a single person&#8217;s mouth. Everyone gets 2 set of teeth throughout their lifetime Coffee, alcohol beverages &amp; cigarettes cause stains in teeth. Get teeth whitening done with your dentist. Colgate Total is [&hellip;]<\/p>\n","protected":false},"author":1,"featured_media":0,"parent":0,"menu_order":0,"comment_status":"closed","ping_status":"closed","template":"","meta":{"site-sidebar-layout":"default","site-content-layout":"","ast-site-content-layout":"default","site-content-style":"default","site-sidebar-style":"default","ast-global-header-display":"","ast-banner-title-visibility":"","ast-main-header-display":"","ast-hfb-above-header-display":"","ast-hfb-below-header-display":"","ast-hfb-mobile-header-display":"","site-post-title":"","ast-breadcrumbs-content":"","ast-featured-img":"","footer-sml-layout":"","ast-disable-related-posts":"","theme-transparent-header-meta":"","adv-header-id-meta":"","stick-header-meta":"","header-above-stick-meta":"","header-main-stick-meta":"","header-below-stick-meta":"","astra-migrate-meta-layouts":"default","ast-page-background-enabled":"default","ast-page-background-meta":{"desktop":{"background-color":"var(--ast-global-color-4)","background-image":"","background-repeat":"repeat","background-position":"center center","background-size":"auto","background-attachment":"scroll","background-type":"","background-media":"","overlay-type":"","overlay-color":"","overlay-opacity":"","overlay-gradient":""},"tablet":{"background-color":"","background-image":"","background-repeat":"repeat","background-position":"center center","background-size":"auto","background-attachment":"scroll","background-type":"","background-media":"","overlay-type":"","overlay-color":"","overlay-opacity":"","overlay-gradient":""},"mobile":{"background-color":"","background-image":"","background-repeat":"repeat","background-position":"center center","background-size":"auto","background-attachment":"scroll","background-type":"","background-media":"","overlay-type":"","overlay-color":"","overlay-opacity":"","overlay-gradient":""}},"ast-content-background-meta":{"desktop":{"background-color":"var(--ast-global-color-5)","background-image":"","background-repeat":"repeat","background-position":"center center","background-size":"auto","background-attachment":"scroll","background-type":"","background-media":"","overlay-type":"","overlay-color":"","overlay-opacity":"","overlay-gradient":""},"tablet":{"background-color":"var(--ast-global-color-5)","background-image":"","background-repeat":"repeat","background-position":"center center","background-size":"auto","background-attachment":"scroll","background-type":"","background-media":"","overlay-type":"","overlay-color":"","overlay-opacity":"","overlay-gradient":""},"mobile":{"background-color":"var(--ast-global-color-5)","background-image":"","background-repeat":"repeat","background-position":"center center","background-size":"auto","background-attachment":"scroll","background-type":"","background-media":"","overlay-type":"","overlay-color":"","overlay-opacity":"","overlay-gradient":""}},"footnotes":""},"class_list":["post-112","page","type-page","status-publish","hentry"],"yoast_head":"<!-- This site is optimized with the Yoast SEO plugin v27.5 - https:\/\/yoast.com\/product\/yoast-seo-wordpress\/ -->\n<title>FUN DENTAL FACTS<\/title>\n<meta name=\"robots\" content=\"index, follow, max-snippet:-1, max-image-preview:large, max-video-preview:-1\" \/>\n<link rel=\"canonical\" href=\"https:\/\/www.orthodontist-dubai.com\/lv\/jautri-zobarstniecibas-fakti\/\" \/>\n<meta property=\"og:locale\" content=\"lv_LV\" \/>\n<meta property=\"og:type\" content=\"article\" \/>\n<meta property=\"og:title\" content=\"FUN DENTAL FACTS\" \/>\n<meta property=\"og:description\" content=\"Lets smile a little with these fun dental facts&#8230; Shall we? There is less human population in earth than population of bacteria in a single person&#8217;s mouth. Everyone gets 2 set of teeth throughout their lifetime Coffee, alcohol beverages &amp; cigarettes cause stains in teeth. Get teeth whitening done with your dentist. Colgate Total is [&hellip;]\" \/>\n<meta property=\"og:url\" content=\"https:\/\/www.orthodontist-dubai.com\/lv\/jautri-zobarstniecibas-fakti\/\" \/>\n<meta property=\"og:site_name\" content=\"BEST Orthodontist &amp; Dentist in Dubai UAE for all Dental Treatments\" \/>\n<meta property=\"article:publisher\" content=\"https:\/\/www.facebook.com\/Orthodontist.Dentist.Dubai\/\" \/>\n<meta property=\"article:modified_time\" content=\"2015-05-04T11:08:35+00:00\" \/>\n<meta name=\"twitter:card\" content=\"summary_large_image\" \/>\n<meta name=\"twitter:label1\" content=\"Est. reading time\" \/>\n\t<meta name=\"twitter:data1\" content=\"1 min\u016bte\" \/>\n<script type=\"application\/ld+json\" class=\"yoast-schema-graph\">{\"@context\":\"https:\\\/\\\/schema.org\",\"@graph\":[{\"@type\":\"WebPage\",\"@id\":\"https:\\\/\\\/www.orthodontist-dubai.com\\\/fun-dental-facts\\\/\",\"url\":\"https:\\\/\\\/www.orthodontist-dubai.com\\\/fun-dental-facts\\\/\",\"name\":\"FUN DENTAL FACTS\",\"isPartOf\":{\"@id\":\"https:\\\/\\\/www.orthodontist-dubai.com\\\/#website\"},\"datePublished\":\"2015-04-10T12:06:48+00:00\",\"dateModified\":\"2015-05-04T11:08:35+00:00\",\"breadcrumb\":{\"@id\":\"https:\\\/\\\/www.orthodontist-dubai.com\\\/fun-dental-facts\\\/#breadcrumb\"},\"inLanguage\":\"lv-LV\",\"potentialAction\":[{\"@type\":\"ReadAction\",\"target\":[\"https:\\\/\\\/www.orthodontist-dubai.com\\\/fun-dental-facts\\\/\"]}]},{\"@type\":\"BreadcrumbList\",\"@id\":\"https:\\\/\\\/www.orthodontist-dubai.com\\\/fun-dental-facts\\\/#breadcrumb\",\"itemListElement\":[{\"@type\":\"ListItem\",\"position\":1,\"name\":\"\u2776 Home\",\"item\":\"https:\\\/\\\/www.orthodontist-dubai.com\\\/\"},{\"@type\":\"ListItem\",\"position\":2,\"name\":\"Fun Dental Facts\"}]},{\"@type\":\"WebSite\",\"@id\":\"https:\\\/\\\/www.orthodontist-dubai.com\\\/#website\",\"url\":\"https:\\\/\\\/www.orthodontist-dubai.com\\\/\",\"name\":\"BEST Orthodontist &amp; Dentist in Dubai UAE for all Dental Treatments\",\"description\":\"Cheap &amp; Best Orthodontist &amp; Dentists for all dental treatments in Dubai UAE\",\"publisher\":{\"@id\":\"https:\\\/\\\/www.orthodontist-dubai.com\\\/#organization\"},\"potentialAction\":[{\"@type\":\"SearchAction\",\"target\":{\"@type\":\"EntryPoint\",\"urlTemplate\":\"https:\\\/\\\/www.orthodontist-dubai.com\\\/?s={search_term_string}\"},\"query-input\":{\"@type\":\"PropertyValueSpecification\",\"valueRequired\":true,\"valueName\":\"search_term_string\"}}],\"inLanguage\":\"lv-LV\"},{\"@type\":\"Organization\",\"@id\":\"https:\\\/\\\/www.orthodontist-dubai.com\\\/#organization\",\"name\":\"Best Orthodontist & Dentist in Dubai UAE\",\"url\":\"https:\\\/\\\/www.orthodontist-dubai.com\\\/\",\"logo\":{\"@type\":\"ImageObject\",\"inLanguage\":\"lv-LV\",\"@id\":\"https:\\\/\\\/www.orthodontist-dubai.com\\\/#\\\/schema\\\/logo\\\/image\\\/\",\"url\":\"https:\\\/\\\/www.orthodontist-dubai.com\\\/wp-content\\\/uploads\\\/2015\\\/04\\\/Othorontist-Dentist-UAE-Logo.png\",\"contentUrl\":\"https:\\\/\\\/www.orthodontist-dubai.com\\\/wp-content\\\/uploads\\\/2015\\\/04\\\/Othorontist-Dentist-UAE-Logo.png\",\"width\":190,\"height\":70,\"caption\":\"Best Orthodontist & Dentist in Dubai UAE\"},\"image\":{\"@id\":\"https:\\\/\\\/www.orthodontist-dubai.com\\\/#\\\/schema\\\/logo\\\/image\\\/\"},\"sameAs\":[\"https:\\\/\\\/www.facebook.com\\\/Orthodontist.Dentist.Dubai\\\/\",\"https:\\\/\\\/www.linkedin.com\\\/in\\\/dr-nazeer-ahmed-meeran-15691083\\\/\"]}]}<\/script>\n<!-- \/ Yoast SEO plugin. -->","yoast_head_json":{"title":"Jautri zob\u0101rstniec\u012bbas fakti","robots":{"index":"index","follow":"follow","max-snippet":"max-snippet:-1","max-image-preview":"max-image-preview:large","max-video-preview":"max-video-preview:-1"},"canonical":"https:\/\/www.orthodontist-dubai.com\/lv\/jautri-zobarstniecibas-fakti\/","og_locale":"lv_LV","og_type":"article","og_title":"FUN DENTAL FACTS","og_description":"Lets smile a little with these fun dental facts&#8230; Shall we? There is less human population in earth than population of bacteria in a single person&#8217;s mouth. Everyone gets 2 set of teeth throughout their lifetime Coffee, alcohol beverages &amp; cigarettes cause stains in teeth. Get teeth whitening done with your dentist. Colgate Total is [&hellip;]","og_url":"https:\/\/www.orthodontist-dubai.com\/lv\/jautri-zobarstniecibas-fakti\/","og_site_name":"BEST Orthodontist &amp; Dentist in Dubai UAE for all Dental Treatments","article_publisher":"https:\/\/www.facebook.com\/Orthodontist.Dentist.Dubai\/","article_modified_time":"2015-05-04T11:08:35+00:00","twitter_card":"summary_large_image","twitter_misc":{"Est. reading time":"1 min\u016bte"},"schema":{"@context":"https:\/\/schema.org","@graph":[{"@type":"WebPage","@id":"https:\/\/www.orthodontist-dubai.com\/fun-dental-facts\/","url":"https:\/\/www.orthodontist-dubai.com\/fun-dental-facts\/","name":"Jautri zob\u0101rstniec\u012bbas fakti","isPartOf":{"@id":"https:\/\/www.orthodontist-dubai.com\/#website"},"datePublished":"2015-04-10T12:06:48+00:00","dateModified":"2015-05-04T11:08:35+00:00","breadcrumb":{"@id":"https:\/\/www.orthodontist-dubai.com\/fun-dental-facts\/#breadcrumb"},"inLanguage":"lv-LV","potentialAction":[{"@type":"ReadAction","target":["https:\/\/www.orthodontist-dubai.com\/fun-dental-facts\/"]}]},{"@type":"BreadcrumbList","@id":"https:\/\/www.orthodontist-dubai.com\/fun-dental-facts\/#breadcrumb","itemListElement":[{"@type":"ListItem","position":1,"name":"\u2776 Home","item":"https:\/\/www.orthodontist-dubai.com\/"},{"@type":"ListItem","position":2,"name":"Fun Dental Facts"}]},{"@type":"WebSite","@id":"https:\/\/www.orthodontist-dubai.com\/#website","url":"https:\/\/www.orthodontist-dubai.com\/","name":"LAB\u0100KAIS ortodonts un zob\u0101rsts Dubaij\u0101 AAE vis\u0101m zobu proced\u016br\u0101m","description":"L\u0113ti un lab\u0101kie ortodonti un zob\u0101rsti vis\u0101m zobu proced\u016br\u0101m Dubaij\u0101, AAE","publisher":{"@id":"https:\/\/www.orthodontist-dubai.com\/#organization"},"potentialAction":[{"@type":"SearchAction","target":{"@type":"EntryPoint","urlTemplate":"https:\/\/www.orthodontist-dubai.com\/?s={search_term_string}"},"query-input":{"@type":"PropertyValueSpecification","valueRequired":true,"valueName":"search_term_string"}}],"inLanguage":"lv-LV"},{"@type":"Organization","@id":"https:\/\/www.orthodontist-dubai.com\/#organization","name":"Lab\u0101kais ortodonts un zob\u0101rsts Dubaij\u0101 AAE","url":"https:\/\/www.orthodontist-dubai.com\/","logo":{"@type":"ImageObject","inLanguage":"lv-LV","@id":"https:\/\/www.orthodontist-dubai.com\/#\/schema\/logo\/image\/","url":"https:\/\/www.orthodontist-dubai.com\/wp-content\/uploads\/2015\/04\/Othorontist-Dentist-UAE-Logo.png","contentUrl":"https:\/\/www.orthodontist-dubai.com\/wp-content\/uploads\/2015\/04\/Othorontist-Dentist-UAE-Logo.png","width":190,"height":70,"caption":"Best Orthodontist & Dentist in Dubai UAE"},"image":{"@id":"https:\/\/www.orthodontist-dubai.com\/#\/schema\/logo\/image\/"},"sameAs":["https:\/\/www.facebook.com\/Orthodontist.Dentist.Dubai\/","https:\/\/www.linkedin.com\/in\/dr-nazeer-ahmed-meeran-15691083\/"]}]}},"_links":{"self":[{"href":"https:\/\/www.orthodontist-dubai.com\/lv\/wp-json\/wp\/v2\/pages\/112","targetHints":{"allow":["GET"]}}],"collection":[{"href":"https:\/\/www.orthodontist-dubai.com\/lv\/wp-json\/wp\/v2\/pages"}],"about":[{"href":"https:\/\/www.orthodontist-dubai.com\/lv\/wp-json\/wp\/v2\/types\/page"}],"author":[{"embeddable":true,"href":"https:\/\/www.orthodontist-dubai.com\/lv\/wp-json\/wp\/v2\/users\/1"}],"replies":[{"embeddable":true,"href":"https:\/\/www.orthodontist-dubai.com\/lv\/wp-json\/wp\/v2\/comments?post=112"}],"version-history":[{"count":5,"href":"https:\/\/www.orthodontist-dubai.com\/lv\/wp-json\/wp\/v2\/pages\/112\/revisions"}],"predecessor-version":[{"id":209,"href":"https:\/\/www.orthodontist-dubai.com\/lv\/wp-json\/wp\/v2\/pages\/112\/revisions\/209"}],"wp:attachment":[{"href":"https:\/\/www.orthodontist-dubai.com\/lv\/wp-json\/wp\/v2\/media?parent=112"}],"curies":[{"name":"wp","href":"https:\/\/api.w.org\/{rel}","templated":true}]}}