{"id":154,"date":"2015-04-15T06:53:45","date_gmt":"2015-04-15T06:53:45","guid":{"rendered":"https:\/\/www.orthodontist-dubai.com\/?page_id=154"},"modified":"2024-10-19T13:02:34","modified_gmt":"2024-10-19T09:02:34","slug":"dental-filling","status":"publish","type":"page","link":"https:\/\/www.orthodontist-dubai.com\/it\/otturazioni-dentali\/","title":{"rendered":"Costo del riempimento dei denti a Dubai e procedura di riempimento dei denti"},"content":{"rendered":"<p>Un dentista <strong>Riempimento<\/strong> \u00e8 fatto dal tuo <strong>dentista<\/strong> per riportare il dente danneggiato dalla carie alla sua normale funzione e forma. Il costo dell&#039;otturazione dei denti a Dubai parte da 400 AED per dente.<br \/>\n<!--<a href=\"https:\/\/www.orthodontist-dubai.com\/clinic-reviews\/\"><img decoding=\"async\" class=\"aligncenter wp-image-346 size-full lazyload\" data-src=\"https:\/\/www.orthodontist-dubai.com\/wp-content\/uploads\/2014\/12\/banner-best2.jpg\" alt=\"Top dental clinic for dental filling in Dubai UAE\" width=\"795\" height=\"459\" src=\"data:image\/svg+xml;base64,PHN2ZyB3aWR0aD0iMSIgaGVpZ2h0PSIxIiB4bWxucz0iaHR0cDovL3d3dy53My5vcmcvMjAwMC9zdmciPjwvc3ZnPg==\" style=\"--smush-placeholder-width: 795px; --smush-placeholder-aspect-ratio: 795\/459;\"><\/a>--><br \/>\n<div id=\"metaslider-id-1219\" style=\"max-width: 700px; margin: 0 auto;\" class=\"ml-slider-3-108-0 metaslider metaslider-responsive metaslider-1219 ml-slider ms-theme-default\" role=\"region\" aria-label=\"Otturazione del dente dentale\" data-height=\"400\" data-width=\"700\">\n    <div id=\"metaslider_container_1219\">\n        <ul id='metaslider_1219' class='rslides'>\n            <li aria-roledescription='slide' aria-labelledby='slide-0'><a href=\"https:\/\/www.orthodontist-dubai.com\/it\/contattaci\/\" target=\"_self\"><img decoding=\"async\" data-src=\"https:\/\/www.orthodontist-dubai.com\/wp-content\/uploads\/2024\/01\/Inside-treatment-room-of-the-dental-clinic-in-Dubai-700x400.jpg\" height=\"400\" width=\"700\" alt=\"Sala di trattamento interna della clinica dentale a Dubai\" class=\"slider-1219 slide-1224 msDefaultImage lazyload\" title=\"Sala di trattamento interna della clinica dentale a Dubai\" src=\"data:image\/svg+xml;base64,PHN2ZyB3aWR0aD0iMSIgaGVpZ2h0PSIxIiB4bWxucz0iaHR0cDovL3d3dy53My5vcmcvMjAwMC9zdmciPjwvc3ZnPg==\" style=\"--smush-placeholder-width: 700px; --smush-placeholder-aspect-ratio: 700\/400;\" \/><\/a><\/li>\n            <li style='display: none;' aria-roledescription='slide' aria-labelledby='slide-1'><a href=\"https:\/\/www.orthodontist-dubai.com\/it\/contattaci\/\" target=\"_self\"><img decoding=\"async\" data-src=\"https:\/\/www.orthodontist-dubai.com\/wp-content\/uploads\/2023\/10\/tooth-filling-cost-dubai-pic2-700x400.jpg\" height=\"400\" width=\"700\" alt=\"Clinica odontoiatrica per il riempimento dei denti nella sala di ricevimento di Dubai\" class=\"slider-1219 slide-1222 msDefaultImage lazyload\" title=\"Clinica odontoiatrica per il riempimento dei denti nella sala di ricevimento di Dubai\" src=\"data:image\/svg+xml;base64,PHN2ZyB3aWR0aD0iMSIgaGVpZ2h0PSIxIiB4bWxucz0iaHR0cDovL3d3dy53My5vcmcvMjAwMC9zdmciPjwvc3ZnPg==\" style=\"--smush-placeholder-width: 700px; --smush-placeholder-aspect-ratio: 700\/400;\" \/><\/a><\/li>\n            <li style='display: none;' aria-roledescription='slide' aria-labelledby='slide-2'><a href=\"https:\/\/www.orthodontist-dubai.com\/it\/contattaci\/\" target=\"_self\"><img decoding=\"async\" data-src=\"https:\/\/www.orthodontist-dubai.com\/wp-content\/uploads\/2024\/01\/Patient-waiting-area-of-the-dental-clinic-in-Dubai-700x400.jpg\" height=\"400\" width=\"700\" alt=\"Area di attesa dei pazienti della clinica dentale a Dubai\" class=\"slider-1219 slide-2236 msDefaultImage lazyload\" title=\"Area di attesa dei pazienti della clinica dentale a Dubai\" src=\"data:image\/svg+xml;base64,PHN2ZyB3aWR0aD0iMSIgaGVpZ2h0PSIxIiB4bWxucz0iaHR0cDovL3d3dy53My5vcmcvMjAwMC9zdmciPjwvc3ZnPg==\" style=\"--smush-placeholder-width: 700px; --smush-placeholder-aspect-ratio: 700\/400;\" \/><\/a><\/li>\n            <li style='display: none;' aria-roledescription='slide' aria-labelledby='slide-3'><a href=\"https:\/\/www.orthodontist-dubai.com\/it\/contattaci\/\" target=\"_self\"><img decoding=\"async\" data-src=\"https:\/\/www.orthodontist-dubai.com\/wp-content\/uploads\/2023\/10\/tooth-filling-cost-dubai-pic3-700x400.jpg\" height=\"400\" width=\"700\" alt=\"Clinica di riempimento dentale nell&#039;area di attesa dei pazienti di Dubai, Emirati Arabi Uniti\" class=\"slider-1219 slide-1223 msDefaultImage lazyload\" title=\"Clinica di riempimento dentale nell&#039;area di attesa dei pazienti di Dubai, Emirati Arabi Uniti\" src=\"data:image\/svg+xml;base64,PHN2ZyB3aWR0aD0iMSIgaGVpZ2h0PSIxIiB4bWxucz0iaHR0cDovL3d3dy53My5vcmcvMjAwMC9zdmciPjwvc3ZnPg==\" style=\"--smush-placeholder-width: 700px; --smush-placeholder-aspect-ratio: 700\/400;\" \/><\/a><\/li>\n        <\/ul>\n        \n    <\/div>\n<\/div>\nPer spiegare la procedura di otturazione del dente in modo pi\u00f9 semplice, il materiale del dente viene rimosso e il dentista pulisce la cavit\u00e0 e poi la riempie con il materiale di otturazione scelto. In questo modo si previene ulteriore carie poich\u00e9 i batteri non possono entrare.<\/p>\n<h3>Ecco una spiegazione passo passo di come viene eseguito un trattamento di otturazione dei denti dal tuo dentista a Dubai:<\/h3>\n<ol>\n<li>Prima che inizi la procedura di otturazione del dente, il dentista diagnosticher\u00e0 ed esaminer\u00e0 i denti e potrebbe eseguire delle radiografie per determinare il livello di carie esistente nel dente. Questo aiuta nella pianificazione del trattamento necessario.<\/li>\n<li>L&#039;anestesia locale viene somministrata dal dentista per garantire che tu ti senta a tuo agio durante il trattamento e anche per ridurre al minimo il dolore intorpidendo il dente interessato e le aree circostanti. Non avvertirai vertigini o sonnolenza grazie all&#039;anestesia locale somministrata. Viene somministrato solo per assicurarsi di non sentire alcun dolore durante l&#039;intero trattamento.<\/li>\n<li>Il dentista posizioner\u00e0 una diga di gomma attorno al dente per isolarlo (e mantenerlo asciutto e privo di saliva) durante la procedura di otturazione, garantendo cos\u00ec un ambiente di lavoro pulito.<\/li>\n<li>La parte cariata o danneggiata del dente viene rimossa con cura dal dentista utilizzando un trapano dentale o un laser, preservando la parte sana del dente.<\/li>\n<li>Dopo aver rimosso la carie o la parte danneggiata del dente, il dentista inizier\u00e0 a modellare la cavit\u00e0 in base al materiale di otturazione utilizzato per prepararla al passaggio successivo. Sono disponibili molti tipi di materiali per otturazioni dentali, come:\n<ul>\n<li><strong>Resina composita:<\/strong> Questo \u00e8 un materiale del colore del dente e viene solitamente utilizzato per le otturazioni nelle aree visibili della bocca. Si applica a strati e viene utilizzata una luce speciale per indurirlo. Questo d\u00e0 un aspetto molto naturale.<\/li>\n<li><strong>Amalgama:<\/strong> Questo \u00e8 un materiale color argento costituito da una miscela di metalli. \u00c8 molto forte ma non d\u00e0 un aspetto naturale. Di solito viene utilizzato per i denti posteriori a causa dell&#039;aspetto innaturale.<\/li>\n<li><strong>Porcellana\/Ceramica:<\/strong> Sembrano molto naturali e danno una finitura esteticamente gradevole. Sono anche molto resistenti. Questi sono realizzati su misura nei laboratori odontotecnici.<\/li>\n<li><strong>Vetroionomero:<\/strong> Viene utilizzato in aree con pressione masticatoria minima. Poich\u00e9 rilascia fluoro, aiuta a prevenire ulteriori carie. Solitamente vengono utilizzati per riempire aree molto piccole.<\/li>\n<li><strong>Oro:<\/strong> Le otturazioni in oro erano popolari in passato. Ma al giorno d&#039;oggi sono meno popolari perch\u00e9 non danno un aspetto naturale anche se sono altamente resistenti e durano a lungo.<\/li>\n<\/ul>\n<\/li>\n<li>Il materiale di otturazione scelto dal paziente verr\u00e0 inserito dal dentista nella cavit\u00e0 preparata.<\/li>\n<li>Dopo aver posizionato il materiale di otturazione, il dentista lo modeller\u00e0 ulteriormente secondo necessit\u00e0 e lo lucider\u00e0 per assicurarsi che sia liscio e si fonda con i denti circostanti e gli conferisca un aspetto naturale.<\/li>\n<li>Il tuo dentista controller\u00e0 se l&#039;otturazione non interferisce con il tuo morso naturale e si assicurer\u00e0 che sia confortevole.<\/li>\n<li>Una volta rimossa la diga di gomma, il dentista pulir\u00e0 il dente e l&#039;area circostante per valutare l&#039;otturazione e vedere se si adatta correttamente.<\/li>\n<\/ol>\n<p>L&#039;intero processo di otturazione dei denti a Dubai richiede meno di un&#039;ora. Dopo la procedura di otturazione del dente, potresti avvertire un leggero intorpidimento per qualche tempo. Ma puoi tornare alle normali attivit\u00e0 quotidiane subito dopo aver effettuato un\u2019otturazione dentale. Assicurati di seguire i consigli del tuo dentista per quanto riguarda la cura post-procedura e di eseguire controlli di follow-up, se necessario. Come sempre raccomandato, \u00e8 fondamentale anche mantenere una buona igiene orale per evitare in futuro problemi legati ai denti. <a href=\"https:\/\/www.orthodontist-dubai.com\/it\/contattaci\/\">Contattaci<\/a> per una consulenza gratuita GRATUITA per l&#039;otturazione dei denti a Dubai presso la nostra clinica dentale.<\/p>\n<p><img decoding=\"async\" class=\"aligncenter size-full wp-image-2169 lazyload\" data-src=\"https:\/\/www.orthodontist-dubai.com\/wp-content\/uploads\/2023\/11\/types-of-tooth-filling-in-Dubai-UAE.jpg\" alt=\"tipi di otturazione dentale a Dubai, Emirati Arabi Uniti\" width=\"672\" height=\"300\" data-srcset=\"https:\/\/www.orthodontist-dubai.com\/wp-content\/uploads\/2023\/11\/types-of-tooth-filling-in-Dubai-UAE.jpg 672w, https:\/\/www.orthodontist-dubai.com\/wp-content\/uploads\/2023\/11\/types-of-tooth-filling-in-Dubai-UAE-300x134.jpg 300w, https:\/\/www.orthodontist-dubai.com\/wp-content\/uploads\/2023\/11\/types-of-tooth-filling-in-Dubai-UAE-18x8.jpg 18w\" data-sizes=\"(max-width: 672px) 100vw, 672px\" src=\"data:image\/svg+xml;base64,PHN2ZyB3aWR0aD0iMSIgaGVpZ2h0PSIxIiB4bWxucz0iaHR0cDovL3d3dy53My5vcmcvMjAwMC9zdmciPjwvc3ZnPg==\" style=\"--smush-placeholder-width: 672px; --smush-placeholder-aspect-ratio: 672\/300;\" \/><\/p>\n<p><img decoding=\"async\" class=\"aligncenter size-full wp-image-176 lazyload\" data-src=\"https:\/\/www.orthodontist-dubai.com\/wp-content\/uploads\/2015\/04\/dental-filling-dubai-UAE.jpg\" alt=\"Le otturazioni dentali costano a Dubai\" width=\"350\" height=\"366\" data-srcset=\"https:\/\/www.orthodontist-dubai.com\/wp-content\/uploads\/2015\/04\/dental-filling-dubai-UAE.jpg 350w, https:\/\/www.orthodontist-dubai.com\/wp-content\/uploads\/2015\/04\/dental-filling-dubai-UAE-287x300.jpg 287w\" data-sizes=\"(max-width: 350px) 100vw, 350px\" src=\"data:image\/svg+xml;base64,PHN2ZyB3aWR0aD0iMSIgaGVpZ2h0PSIxIiB4bWxucz0iaHR0cDovL3d3dy53My5vcmcvMjAwMC9zdmciPjwvc3ZnPg==\" style=\"--smush-placeholder-width: 350px; --smush-placeholder-aspect-ratio: 350\/366;\" \/><br \/>\n<img decoding=\"async\" class=\"aligncenter wp-image-1229 size-full lazyload\" data-src=\"https:\/\/www.orthodontist-dubai.com\/wp-content\/uploads\/2022\/04\/Dental-fillings-cost-Dubai.jpg\" alt=\"Le otturazioni dentali costano a Dubai\" width=\"1000\" height=\"297\" data-srcset=\"https:\/\/www.orthodontist-dubai.com\/wp-content\/uploads\/2022\/04\/Dental-fillings-cost-Dubai.jpg 1000w, https:\/\/www.orthodontist-dubai.com\/wp-content\/uploads\/2022\/04\/Dental-fillings-cost-Dubai-300x89.jpg 300w, https:\/\/www.orthodontist-dubai.com\/wp-content\/uploads\/2022\/04\/Dental-fillings-cost-Dubai-768x228.jpg 768w\" data-sizes=\"(max-width: 1000px) 100vw, 1000px\" src=\"data:image\/svg+xml;base64,PHN2ZyB3aWR0aD0iMSIgaGVpZ2h0PSIxIiB4bWxucz0iaHR0cDovL3d3dy53My5vcmcvMjAwMC9zdmciPjwvc3ZnPg==\" style=\"--smush-placeholder-width: 1000px; --smush-placeholder-aspect-ratio: 1000\/297;\" \/><br \/>\n<b>I tipi pi\u00f9 comuni di otturazione dentale preferiti a Dubai, Emirati Arabi Uniti sono:<\/b><\/p>\n<ul>\n<li><b>Ripieni d&#039;oro<\/b><\/li>\n<li><b>Otturazioni in amalgama (argento).<\/b><\/li>\n<li><b>Resine composite (plastiche).<\/b> (Pu\u00f2 essere fatto in modo che corrisponda allo stesso colore del dente originale per un aspetto molto naturale)<\/li>\n<li><b>Ripieni di porcellana.<\/b><\/li>\n<\/ul>","protected":false},"excerpt":{"rendered":"<p>A dental filling is done by your dentist to restore tooth damaged by decay to its normal function and shape. Tooth filling cost in Dubai starts at 400 AED per tooth. To explain the tooth filling procedure in a simpler way, the tooth material is removed and your dentist cleans the cavity and then fills [&hellip;]<\/p>\n","protected":false},"author":1,"featured_media":0,"parent":0,"menu_order":0,"comment_status":"closed","ping_status":"closed","template":"","meta":{"site-sidebar-layout":"default","site-content-layout":"","ast-site-content-layout":"default","site-content-style":"default","site-sidebar-style":"default","ast-global-header-display":"","ast-banner-title-visibility":"","ast-main-header-display":"","ast-hfb-above-header-display":"","ast-hfb-below-header-display":"","ast-hfb-mobile-header-display":"","site-post-title":"","ast-breadcrumbs-content":"","ast-featured-img":"","footer-sml-layout":"","ast-disable-related-posts":"","theme-transparent-header-meta":"","adv-header-id-meta":"","stick-header-meta":"","header-above-stick-meta":"","header-main-stick-meta":"","header-below-stick-meta":"","astra-migrate-meta-layouts":"set","ast-page-background-enabled":"default","ast-page-background-meta":{"desktop":{"background-color":"var(--ast-global-color-4)","background-image":"","background-repeat":"repeat","background-position":"center center","background-size":"auto","background-attachment":"scroll","background-type":"","background-media":"","overlay-type":"","overlay-color":"","overlay-opacity":"","overlay-gradient":""},"tablet":{"background-color":"","background-image":"","background-repeat":"repeat","background-position":"center center","background-size":"auto","background-attachment":"scroll","background-type":"","background-media":"","overlay-type":"","overlay-color":"","overlay-opacity":"","overlay-gradient":""},"mobile":{"background-color":"","background-image":"","background-repeat":"repeat","background-position":"center center","background-size":"auto","background-attachment":"scroll","background-type":"","background-media":"","overlay-type":"","overlay-color":"","overlay-opacity":"","overlay-gradient":""}},"ast-content-background-meta":{"desktop":{"background-color":"var(--ast-global-color-5)","background-image":"","background-repeat":"repeat","background-position":"center center","background-size":"auto","background-attachment":"scroll","background-type":"","background-media":"","overlay-type":"","overlay-color":"","overlay-opacity":"","overlay-gradient":""},"tablet":{"background-color":"var(--ast-global-color-5)","background-image":"","background-repeat":"repeat","background-position":"center center","background-size":"auto","background-attachment":"scroll","background-type":"","background-media":"","overlay-type":"","overlay-color":"","overlay-opacity":"","overlay-gradient":""},"mobile":{"background-color":"var(--ast-global-color-5)","background-image":"","background-repeat":"repeat","background-position":"center center","background-size":"auto","background-attachment":"scroll","background-type":"","background-media":"","overlay-type":"","overlay-color":"","overlay-opacity":"","overlay-gradient":""}},"footnotes":""},"class_list":["post-154","page","type-page","status-publish","hentry"],"yoast_head":"<!-- This site is optimized with the Yoast SEO plugin v27.5 - https:\/\/yoast.com\/product\/yoast-seo-wordpress\/ -->\n<title>TOOTH FILLING COST IN DUBAI | TOOTH FILLING IN DUBAI<\/title>\n<meta name=\"robots\" content=\"index, follow, max-snippet:-1, max-image-preview:large, max-video-preview:-1\" \/>\n<link rel=\"canonical\" href=\"https:\/\/www.orthodontist-dubai.com\/it\/otturazioni-dentali\/\" \/>\n<meta property=\"og:locale\" content=\"it_IT\" \/>\n<meta property=\"og:type\" content=\"article\" \/>\n<meta property=\"og:title\" content=\"TOOTH FILLING COST IN DUBAI | TOOTH FILLING IN DUBAI\" \/>\n<meta property=\"og:description\" content=\"A dental filling is done by your dentist to restore tooth damaged by decay to its normal function and shape. Tooth filling cost in Dubai starts at 400 AED per tooth. To explain the tooth filling procedure in a simpler way, the tooth material is removed and your dentist cleans the cavity and then fills [&hellip;]\" \/>\n<meta property=\"og:url\" content=\"https:\/\/www.orthodontist-dubai.com\/it\/otturazioni-dentali\/\" \/>\n<meta property=\"og:site_name\" content=\"BEST Orthodontist &amp; Dentist in Dubai UAE for all Dental Treatments\" \/>\n<meta property=\"article:publisher\" content=\"https:\/\/www.facebook.com\/Orthodontist.Dentist.Dubai\/\" \/>\n<meta property=\"article:modified_time\" content=\"2024-10-19T09:02:34+00:00\" \/>\n<meta property=\"og:image\" content=\"https:\/\/www.orthodontist-dubai.com\/wp-content\/uploads\/2014\/12\/banner-best2.jpg\" \/>\n<meta name=\"twitter:card\" content=\"summary_large_image\" \/>\n<meta name=\"twitter:label1\" content=\"Tempo di lettura stimato\" \/>\n\t<meta name=\"twitter:data1\" content=\"4 minuti\" \/>\n<script type=\"application\/ld+json\" class=\"yoast-schema-graph\">{\"@context\":\"https:\\\/\\\/schema.org\",\"@graph\":[{\"@type\":\"WebPage\",\"@id\":\"https:\\\/\\\/www.orthodontist-dubai.com\\\/dental-filling\\\/\",\"url\":\"https:\\\/\\\/www.orthodontist-dubai.com\\\/dental-filling\\\/\",\"name\":\"TOOTH FILLING COST IN DUBAI | TOOTH FILLING IN DUBAI\",\"isPartOf\":{\"@id\":\"https:\\\/\\\/www.orthodontist-dubai.com\\\/#website\"},\"primaryImageOfPage\":{\"@id\":\"https:\\\/\\\/www.orthodontist-dubai.com\\\/dental-filling\\\/#primaryimage\"},\"image\":{\"@id\":\"https:\\\/\\\/www.orthodontist-dubai.com\\\/dental-filling\\\/#primaryimage\"},\"thumbnailUrl\":\"https:\\\/\\\/www.orthodontist-dubai.com\\\/wp-content\\\/uploads\\\/2014\\\/12\\\/banner-best2.jpg\",\"datePublished\":\"2015-04-15T06:53:45+00:00\",\"dateModified\":\"2024-10-19T09:02:34+00:00\",\"breadcrumb\":{\"@id\":\"https:\\\/\\\/www.orthodontist-dubai.com\\\/dental-filling\\\/#breadcrumb\"},\"inLanguage\":\"it-IT\",\"potentialAction\":[{\"@type\":\"ReadAction\",\"target\":[\"https:\\\/\\\/www.orthodontist-dubai.com\\\/dental-filling\\\/\"]}]},{\"@type\":\"ImageObject\",\"inLanguage\":\"it-IT\",\"@id\":\"https:\\\/\\\/www.orthodontist-dubai.com\\\/dental-filling\\\/#primaryimage\",\"url\":\"https:\\\/\\\/www.orthodontist-dubai.com\\\/wp-content\\\/uploads\\\/2014\\\/12\\\/banner-best2.jpg\",\"contentUrl\":\"https:\\\/\\\/www.orthodontist-dubai.com\\\/wp-content\\\/uploads\\\/2014\\\/12\\\/banner-best2.jpg\"},{\"@type\":\"BreadcrumbList\",\"@id\":\"https:\\\/\\\/www.orthodontist-dubai.com\\\/dental-filling\\\/#breadcrumb\",\"itemListElement\":[{\"@type\":\"ListItem\",\"position\":1,\"name\":\"\u2776 Home\",\"item\":\"https:\\\/\\\/www.orthodontist-dubai.com\\\/\"},{\"@type\":\"ListItem\",\"position\":2,\"name\":\"Tooth filling cost in Dubai &amp; Tooth filling procedure\"}]},{\"@type\":\"WebSite\",\"@id\":\"https:\\\/\\\/www.orthodontist-dubai.com\\\/#website\",\"url\":\"https:\\\/\\\/www.orthodontist-dubai.com\\\/\",\"name\":\"BEST Orthodontist &amp; Dentist in Dubai UAE for all Dental Treatments\",\"description\":\"Cheap &amp; Best Orthodontist &amp; Dentists for all dental treatments in Dubai UAE\",\"publisher\":{\"@id\":\"https:\\\/\\\/www.orthodontist-dubai.com\\\/#organization\"},\"potentialAction\":[{\"@type\":\"SearchAction\",\"target\":{\"@type\":\"EntryPoint\",\"urlTemplate\":\"https:\\\/\\\/www.orthodontist-dubai.com\\\/?s={search_term_string}\"},\"query-input\":{\"@type\":\"PropertyValueSpecification\",\"valueRequired\":true,\"valueName\":\"search_term_string\"}}],\"inLanguage\":\"it-IT\"},{\"@type\":\"Organization\",\"@id\":\"https:\\\/\\\/www.orthodontist-dubai.com\\\/#organization\",\"name\":\"Best Orthodontist & Dentist in Dubai UAE\",\"url\":\"https:\\\/\\\/www.orthodontist-dubai.com\\\/\",\"logo\":{\"@type\":\"ImageObject\",\"inLanguage\":\"it-IT\",\"@id\":\"https:\\\/\\\/www.orthodontist-dubai.com\\\/#\\\/schema\\\/logo\\\/image\\\/\",\"url\":\"https:\\\/\\\/www.orthodontist-dubai.com\\\/wp-content\\\/uploads\\\/2015\\\/04\\\/Othorontist-Dentist-UAE-Logo.png\",\"contentUrl\":\"https:\\\/\\\/www.orthodontist-dubai.com\\\/wp-content\\\/uploads\\\/2015\\\/04\\\/Othorontist-Dentist-UAE-Logo.png\",\"width\":190,\"height\":70,\"caption\":\"Best Orthodontist & Dentist in Dubai UAE\"},\"image\":{\"@id\":\"https:\\\/\\\/www.orthodontist-dubai.com\\\/#\\\/schema\\\/logo\\\/image\\\/\"},\"sameAs\":[\"https:\\\/\\\/www.facebook.com\\\/Orthodontist.Dentist.Dubai\\\/\",\"https:\\\/\\\/www.linkedin.com\\\/in\\\/dr-nazeer-ahmed-meeran-15691083\\\/\"]}]}<\/script>\n<!-- \/ Yoast SEO plugin. -->","yoast_head_json":{"title":"COSTO DELL&#039;OTTURAZIONE DENTALE A DUBAI | OTTURAZIONE DENTALE A DUBAI","robots":{"index":"index","follow":"follow","max-snippet":"max-snippet:-1","max-image-preview":"max-image-preview:large","max-video-preview":"max-video-preview:-1"},"canonical":"https:\/\/www.orthodontist-dubai.com\/it\/otturazioni-dentali\/","og_locale":"it_IT","og_type":"article","og_title":"TOOTH FILLING COST IN DUBAI | TOOTH FILLING IN DUBAI","og_description":"A dental filling is done by your dentist to restore tooth damaged by decay to its normal function and shape. Tooth filling cost in Dubai starts at 400 AED per tooth. To explain the tooth filling procedure in a simpler way, the tooth material is removed and your dentist cleans the cavity and then fills [&hellip;]","og_url":"https:\/\/www.orthodontist-dubai.com\/it\/otturazioni-dentali\/","og_site_name":"BEST Orthodontist &amp; Dentist in Dubai UAE for all Dental Treatments","article_publisher":"https:\/\/www.facebook.com\/Orthodontist.Dentist.Dubai\/","article_modified_time":"2024-10-19T09:02:34+00:00","og_image":[{"url":"https:\/\/www.orthodontist-dubai.com\/wp-content\/uploads\/2014\/12\/banner-best2.jpg","type":"","width":"","height":""}],"twitter_card":"summary_large_image","twitter_misc":{"Tempo di lettura stimato":"4 minuti"},"schema":{"@context":"https:\/\/schema.org","@graph":[{"@type":"WebPage","@id":"https:\/\/www.orthodontist-dubai.com\/dental-filling\/","url":"https:\/\/www.orthodontist-dubai.com\/dental-filling\/","name":"COSTO DELL&#039;OTTURAZIONE DENTALE A DUBAI | OTTURAZIONE DENTALE A DUBAI","isPartOf":{"@id":"https:\/\/www.orthodontist-dubai.com\/#website"},"primaryImageOfPage":{"@id":"https:\/\/www.orthodontist-dubai.com\/dental-filling\/#primaryimage"},"image":{"@id":"https:\/\/www.orthodontist-dubai.com\/dental-filling\/#primaryimage"},"thumbnailUrl":"https:\/\/www.orthodontist-dubai.com\/wp-content\/uploads\/2014\/12\/banner-best2.jpg","datePublished":"2015-04-15T06:53:45+00:00","dateModified":"2024-10-19T09:02:34+00:00","breadcrumb":{"@id":"https:\/\/www.orthodontist-dubai.com\/dental-filling\/#breadcrumb"},"inLanguage":"it-IT","potentialAction":[{"@type":"ReadAction","target":["https:\/\/www.orthodontist-dubai.com\/dental-filling\/"]}]},{"@type":"ImageObject","inLanguage":"it-IT","@id":"https:\/\/www.orthodontist-dubai.com\/dental-filling\/#primaryimage","url":"https:\/\/www.orthodontist-dubai.com\/wp-content\/uploads\/2014\/12\/banner-best2.jpg","contentUrl":"https:\/\/www.orthodontist-dubai.com\/wp-content\/uploads\/2014\/12\/banner-best2.jpg"},{"@type":"BreadcrumbList","@id":"https:\/\/www.orthodontist-dubai.com\/dental-filling\/#breadcrumb","itemListElement":[{"@type":"ListItem","position":1,"name":"\u2776 Home","item":"https:\/\/www.orthodontist-dubai.com\/"},{"@type":"ListItem","position":2,"name":"Tooth filling cost in Dubai &amp; Tooth filling procedure"}]},{"@type":"WebSite","@id":"https:\/\/www.orthodontist-dubai.com\/#website","url":"https:\/\/www.orthodontist-dubai.com\/","name":"MIGLIORE ortodontista e dentista a Dubai negli Emirati Arabi Uniti per tutti i trattamenti dentali","description":"Ortodontisti e dentisti economici e migliori per tutti i trattamenti dentistici a Dubai, Emirati Arabi Uniti","publisher":{"@id":"https:\/\/www.orthodontist-dubai.com\/#organization"},"potentialAction":[{"@type":"SearchAction","target":{"@type":"EntryPoint","urlTemplate":"https:\/\/www.orthodontist-dubai.com\/?s={search_term_string}"},"query-input":{"@type":"PropertyValueSpecification","valueRequired":true,"valueName":"search_term_string"}}],"inLanguage":"it-IT"},{"@type":"Organization","@id":"https:\/\/www.orthodontist-dubai.com\/#organization","name":"Miglior ortodontista e dentista a Dubai negli Emirati Arabi Uniti","url":"https:\/\/www.orthodontist-dubai.com\/","logo":{"@type":"ImageObject","inLanguage":"it-IT","@id":"https:\/\/www.orthodontist-dubai.com\/#\/schema\/logo\/image\/","url":"https:\/\/www.orthodontist-dubai.com\/wp-content\/uploads\/2015\/04\/Othorontist-Dentist-UAE-Logo.png","contentUrl":"https:\/\/www.orthodontist-dubai.com\/wp-content\/uploads\/2015\/04\/Othorontist-Dentist-UAE-Logo.png","width":190,"height":70,"caption":"Best Orthodontist & Dentist in Dubai UAE"},"image":{"@id":"https:\/\/www.orthodontist-dubai.com\/#\/schema\/logo\/image\/"},"sameAs":["https:\/\/www.facebook.com\/Orthodontist.Dentist.Dubai\/","https:\/\/www.linkedin.com\/in\/dr-nazeer-ahmed-meeran-15691083\/"]}]}},"_links":{"self":[{"href":"https:\/\/www.orthodontist-dubai.com\/it\/wp-json\/wp\/v2\/pages\/154","targetHints":{"allow":["GET"]}}],"collection":[{"href":"https:\/\/www.orthodontist-dubai.com\/it\/wp-json\/wp\/v2\/pages"}],"about":[{"href":"https:\/\/www.orthodontist-dubai.com\/it\/wp-json\/wp\/v2\/types\/page"}],"author":[{"embeddable":true,"href":"https:\/\/www.orthodontist-dubai.com\/it\/wp-json\/wp\/v2\/users\/1"}],"replies":[{"embeddable":true,"href":"https:\/\/www.orthodontist-dubai.com\/it\/wp-json\/wp\/v2\/comments?post=154"}],"version-history":[{"count":36,"href":"https:\/\/www.orthodontist-dubai.com\/it\/wp-json\/wp\/v2\/pages\/154\/revisions"}],"predecessor-version":[{"id":2291,"href":"https:\/\/www.orthodontist-dubai.com\/it\/wp-json\/wp\/v2\/pages\/154\/revisions\/2291"}],"wp:attachment":[{"href":"https:\/\/www.orthodontist-dubai.com\/it\/wp-json\/wp\/v2\/media?parent=154"}],"curies":[{"name":"wp","href":"https:\/\/api.w.org\/{rel}","templated":true}]}}