{"id":32,"date":"2014-12-28T18:55:19","date_gmt":"2014-12-28T18:55:19","guid":{"rendered":"https:\/\/www.orthodontist-dubai.com\/?page_id=32"},"modified":"2019-04-14T18:46:22","modified_gmt":"2019-04-14T14:46:22","slug":"lingual-incognito-braces","status":"publish","type":"page","link":"https:\/\/www.orthodontist-dubai.com\/hu\/nyelvi-inkognito-kapcsos\/","title":{"rendered":"Nyelvi fogszab\u00e1lyoz\u00f3"},"content":{"rendered":"<p>Tudtad, hogy nem kell mindenf\u00e9le fogszab\u00e1lyz\u00f3t a fogak el\u00e9 helyezni? Igen, vannak olyan fogszab\u00e1lyz\u00f3k, amelyeket a fogak m\u00f6g\u00e9 lehet helyezni. Ezeket \u00fagy h\u00edvj\u00e1k <strong>Nyelvi fogszab\u00e1lyoz\u00f3<\/strong> vagy <strong>Inkognit\u00f3. <\/strong><br \/>\n<a href=\"https:\/\/www.orthodontist-dubai.com\/hu\/klinika-velemenyek\/\" target=\"_blank\" rel=\"noopener noreferrer\"><img decoding=\"async\" class=\"aligncenter lazyload\" data-src=\"https:\/\/www.orthodontist-dubai.com\/wp-content\/uploads\/2015\/04\/banner-best-orthodontist-dubai.jpg\" alt=\"l\u00e1thatatlan fogszab\u00e1lyz\u00f3 Dubaiban, az Egyes\u00fclt Arab Em\u00edrs\u00e9gekben\" width=\"650\" height=\"717\" src=\"data:image\/svg+xml;base64,PHN2ZyB3aWR0aD0iMSIgaGVpZ2h0PSIxIiB4bWxucz0iaHR0cDovL3d3dy53My5vcmcvMjAwMC9zdmciPjwvc3ZnPg==\" style=\"--smush-placeholder-width: 650px; --smush-placeholder-aspect-ratio: 650\/717;\"><\/a><br \/>\nSoha senki nem fogja tudni, hogy hord-e fogszab\u00e1lyz\u00f3t vagy sem!<\/p>\n<p><img decoding=\"async\" class=\"aligncenter wp-image-33 size-full lazyload\" data-src=\"https:\/\/www.orthodontist-dubai.com\/wp-content\/uploads\/2014\/12\/lingual-incognito-braces-in-Dubai.jpg\" alt=\"nyelvi inkognit\u00f3 fogszab\u00e1lyoz\u00f3 Dubaiban\" width=\"340\" height=\"205\" data-srcset=\"https:\/\/www.orthodontist-dubai.com\/wp-content\/uploads\/2014\/12\/lingual-incognito-braces-in-Dubai.jpg 340w, https:\/\/www.orthodontist-dubai.com\/wp-content\/uploads\/2014\/12\/lingual-incognito-braces-in-Dubai-300x181.jpg 300w\" data-sizes=\"(max-width: 340px) 100vw, 340px\" src=\"data:image\/svg+xml;base64,PHN2ZyB3aWR0aD0iMSIgaGVpZ2h0PSIxIiB4bWxucz0iaHR0cDovL3d3dy53My5vcmcvMjAwMC9zdmciPjwvc3ZnPg==\" style=\"--smush-placeholder-width: 340px; --smush-placeholder-aspect-ratio: 340\/205;\" \/>Amikor az \u00e9szrevehetetlen fogszab\u00e1lyz\u00f3r\u00f3l van sz\u00f3, a f\u0151 k\u00fcl\u00f6nbs\u00e9g ez a nyelvi inkognit\u00f3 fogszab\u00e1lyoz\u00f3 \u00e9s <strong>invisalign<\/strong> az, hogy elt\u00e1vol\u00edtja a r\u00f6gz\u00edt\u0151ket, amikor fogat mos vagy eszik, amikor invisalignt visel, amelyet a fogak el\u00e9 kell helyezni. De nem ez a helyzet a nyelvi fogszab\u00e1lyz\u00f3val.<\/p>\n<p><strong>El\u0151ny\u00f6k:<\/strong><\/p>\n<p>1. Mivel a nyelvi fogszab\u00e1lyz\u00f3k a fog m\u00f6g\u00f6tt helyezkednek el, alig \u00e9szrevehet\u0151k.<\/p>\n<p>2. Kevesebb l\u00e1togat\u00e1s a fogszab\u00e1lyz\u00f3n\u00e1l.<\/p>\n<p>3. Ezek a 100% testre szabott fogak, amelyek nagyobb pontoss\u00e1got \u00e9s k\u00e9nyelmet biztos\u00edtanak a kezel\u00e9s sor\u00e1n<\/p>\n<p><strong>H\u00e1tr\u00e1nyok:<\/strong><\/p>\n<p>1. Dr\u00e1g\u00e1bb, mint a ker\u00e1mia \u00e9s f\u00e9m fogszab\u00e1lyoz\u00f3.<\/p>\n<p>2. El\u0151fordulhat egy kellemetlen id\u0151szak. A nyom\u00e1s \u00e9s a nyugtalans\u00e1g kezel\u00e9s\u00e9re a fogszab\u00e1lyz\u00f3 speci\u00e1lis viaszt biztos\u00edthat a fogszab\u00e1lyz\u00f3kra.<\/p>\n<p><strong>Lingual fogszab\u00e1lyz\u00f3 beszerz\u00e9s\u00e9nek l\u00e9p\u00e9sei:<\/strong><\/p>\n<p><strong>1. Konzult\u00e1ci\u00f3<\/strong><br \/>\nEl\u0151sz\u00f6r keresse fel fogszab\u00e1lyoz\u00f3 szakorvos\u00e1t konzult\u00e1ci\u00f3ra, \u00e9s \u0151 t\u00e1j\u00e9koztatja \u00d6nt arr\u00f3l, hogy \u00d6n az ide\u00e1lis jel\u00f6lt nyelvi fogszab\u00e1lyoz\u00e1sra. Felvesz egy sor diagnosztikai feljegyz\u00e9st, \u00e9s n\u00e9h\u00e1ny hetes gy\u00e1rt\u00e1s ut\u00e1n az \u00d6n digit\u00e1lisan testreszabott kezel\u00e9si \u00f6ssze\u00e1ll\u00edt\u00e1s\u00e1t tov\u00e1bb\u00edtja fogszab\u00e1lyz\u00f3j\u00e1hoz. Vele egy\u00fctt k\u00e9pzelheti el a v\u00e9gs\u0151 \u00f6ssze\u00e1ll\u00edt\u00e1st, \u00e9s \u0151 j\u00f3v\u00e1hagyja testreszabott nyelvi fogszab\u00e1lyz\u00f3j\u00e1nak elk\u00e9sz\u00edt\u00e9s\u00e9t.<\/p>\n<p><strong>2. Lingual Braces el\u0151\u00e1ll\u00edt\u00e1sa<\/strong><br \/>\nA fogak CAD\/CAM technol\u00f3gi\u00e1val k\u00e9sz\u00fclt rendk\u00edv\u00fcl pontos 3D-s k\u00e9p\u00e9nek felhaszn\u00e1l\u00e1s\u00e1val a laborat\u00f3rium digit\u00e1lisan szem\u00e9lyre szabott kezel\u00e9si szimul\u00e1ci\u00f3t k\u00e9sz\u00edt a k\u00edv\u00e1nt v\u00e9geredm\u00e9nyr\u0151l, valamint egy szem\u00e9lyre szabott megold\u00e1st, amelyet \u00fagy terveztek meg, hogy az egyes fogak z\u00f6kken\u0151mentesen form\u00e1lhat\u00f3 legyen. Az el\u0151re kialak\u00edtott \u00edvhuzalok pontoss\u00e1ggal k\u00e9sz\u00fclnek.<\/p>\n<p><strong>3. k\u00f6t\u00e9si id\u0151pont<\/strong><br \/>\nA Lingual Braces egy fejlett t\u00e1lcarendszert haszn\u00e1l a teljes k\u00e9szlet egyszerre t\u00f6rt\u00e9n\u0151 lead\u00e1s\u00e1hoz, ellent\u00e9tben a hagyom\u00e1nyos fogszab\u00e1lyoz\u00f3kkal. Ez\u00e9rt id\u0151hat\u00e9kony.<\/p>\n<p><strong>4. Klinikal\u00e1togat\u00e1s<\/strong><br \/>\nAz \u00edvhuzalok cser\u00e9j\u00e9hez rendszeres fogorvosi l\u00e1togat\u00e1sok sz\u00fcks\u00e9gesek. Minden v\u00e1ltoztat\u00e1s ut\u00e1n enyhe k\u00e9nyelmetlens\u00e9get \u00e9rezhet, de meg fog szokni. A kezel\u00e9s sor\u00e1n gondoskodnia kell fogszab\u00e1lyz\u00f3j\u00e1r\u00f3l.<\/p>\n<p><strong>5. Megtart\u00e1s<\/strong><br \/>\nMiut\u00e1n a fog\u00e1szati kezel\u00e9s utols\u00f3 szakasz\u00e1ban van, foga szigor\u00faan be kell tartania fogorvosa retenci\u00f3s programj\u00e1t. Ha a fogszab\u00e1lyz\u00f3 elt\u00e1vol\u00edt\u00e1s\u00e1nak napj\u00e1n a fogai egyenesek, gondoskodni kell a megfelel\u0151 retenci\u00f3r\u00f3l, k\u00fcl\u00f6nben ki\u00fajulnak, vagy elmozdulnak a hely\u00fckr\u0151l. Keresse fel fogorvos\u00e1t rendszeres ellen\u0151rz\u00e9sre.<\/p>","protected":false},"excerpt":{"rendered":"<p>Did you know that not all kinds of braces need to be placed in front of the teeth? Yes there are types of braces that can be placed behind your teeth. These are called as Lingual Braces or Incognito. No one will ever know if you are wearing braces or not! When it comes to [&hellip;]<\/p>\n","protected":false},"author":1,"featured_media":0,"parent":0,"menu_order":0,"comment_status":"closed","ping_status":"closed","template":"","meta":{"site-sidebar-layout":"default","site-content-layout":"","ast-site-content-layout":"default","site-content-style":"default","site-sidebar-style":"default","ast-global-header-display":"","ast-banner-title-visibility":"","ast-main-header-display":"","ast-hfb-above-header-display":"","ast-hfb-below-header-display":"","ast-hfb-mobile-header-display":"","site-post-title":"","ast-breadcrumbs-content":"","ast-featured-img":"","footer-sml-layout":"","ast-disable-related-posts":"","theme-transparent-header-meta":"","adv-header-id-meta":"","stick-header-meta":"","header-above-stick-meta":"","header-main-stick-meta":"","header-below-stick-meta":"","astra-migrate-meta-layouts":"default","ast-page-background-enabled":"default","ast-page-background-meta":{"desktop":{"background-color":"var(--ast-global-color-4)","background-image":"","background-repeat":"repeat","background-position":"center center","background-size":"auto","background-attachment":"scroll","background-type":"","background-media":"","overlay-type":"","overlay-color":"","overlay-opacity":"","overlay-gradient":""},"tablet":{"background-color":"","background-image":"","background-repeat":"repeat","background-position":"center center","background-size":"auto","background-attachment":"scroll","background-type":"","background-media":"","overlay-type":"","overlay-color":"","overlay-opacity":"","overlay-gradient":""},"mobile":{"background-color":"","background-image":"","background-repeat":"repeat","background-position":"center center","background-size":"auto","background-attachment":"scroll","background-type":"","background-media":"","overlay-type":"","overlay-color":"","overlay-opacity":"","overlay-gradient":""}},"ast-content-background-meta":{"desktop":{"background-color":"var(--ast-global-color-5)","background-image":"","background-repeat":"repeat","background-position":"center center","background-size":"auto","background-attachment":"scroll","background-type":"","background-media":"","overlay-type":"","overlay-color":"","overlay-opacity":"","overlay-gradient":""},"tablet":{"background-color":"var(--ast-global-color-5)","background-image":"","background-repeat":"repeat","background-position":"center center","background-size":"auto","background-attachment":"scroll","background-type":"","background-media":"","overlay-type":"","overlay-color":"","overlay-opacity":"","overlay-gradient":""},"mobile":{"background-color":"var(--ast-global-color-5)","background-image":"","background-repeat":"repeat","background-position":"center center","background-size":"auto","background-attachment":"scroll","background-type":"","background-media":"","overlay-type":"","overlay-color":"","overlay-opacity":"","overlay-gradient":""}},"footnotes":""},"class_list":["post-32","page","type-page","status-publish","hentry"],"yoast_head":"<!-- This site is optimized with the Yoast SEO plugin v27.5 - https:\/\/yoast.com\/product\/yoast-seo-wordpress\/ -->\n<title>LINGUAL BRACES IN DUBAI UAE<\/title>\n<meta name=\"robots\" content=\"index, follow, max-snippet:-1, max-image-preview:large, max-video-preview:-1\" \/>\n<link rel=\"canonical\" href=\"https:\/\/www.orthodontist-dubai.com\/hu\/nyelvi-inkognito-kapcsos\/\" \/>\n<meta property=\"og:locale\" content=\"hu_HU\" \/>\n<meta property=\"og:type\" content=\"article\" \/>\n<meta property=\"og:title\" content=\"LINGUAL BRACES IN DUBAI UAE\" \/>\n<meta property=\"og:description\" content=\"Did you know that not all kinds of braces need to be placed in front of the teeth? Yes there are types of braces that can be placed behind your teeth. These are called as Lingual Braces or Incognito. No one will ever know if you are wearing braces or not! When it comes to [&hellip;]\" \/>\n<meta property=\"og:url\" content=\"https:\/\/www.orthodontist-dubai.com\/hu\/nyelvi-inkognito-kapcsos\/\" \/>\n<meta property=\"og:site_name\" content=\"BEST Orthodontist &amp; Dentist in Dubai UAE for all Dental Treatments\" \/>\n<meta property=\"article:publisher\" content=\"https:\/\/www.facebook.com\/Orthodontist.Dentist.Dubai\/\" \/>\n<meta property=\"article:modified_time\" content=\"2019-04-14T14:46:22+00:00\" \/>\n<meta property=\"og:image\" content=\"https:\/\/www.orthodontist-dubai.com\/wp-content\/uploads\/2015\/04\/banner-best-orthodontist-dubai.jpg\" \/>\n<meta name=\"twitter:card\" content=\"summary_large_image\" \/>\n<meta name=\"twitter:label1\" content=\"Becs\u00fclt olvas\u00e1si id\u0151\" \/>\n\t<meta name=\"twitter:data1\" content=\"2 perc\" \/>\n<script type=\"application\/ld+json\" class=\"yoast-schema-graph\">{\"@context\":\"https:\\\/\\\/schema.org\",\"@graph\":[{\"@type\":\"WebPage\",\"@id\":\"https:\\\/\\\/www.orthodontist-dubai.com\\\/lingual-incognito-braces\\\/\",\"url\":\"https:\\\/\\\/www.orthodontist-dubai.com\\\/lingual-incognito-braces\\\/\",\"name\":\"LINGUAL BRACES IN DUBAI UAE\",\"isPartOf\":{\"@id\":\"https:\\\/\\\/www.orthodontist-dubai.com\\\/#website\"},\"primaryImageOfPage\":{\"@id\":\"https:\\\/\\\/www.orthodontist-dubai.com\\\/lingual-incognito-braces\\\/#primaryimage\"},\"image\":{\"@id\":\"https:\\\/\\\/www.orthodontist-dubai.com\\\/lingual-incognito-braces\\\/#primaryimage\"},\"thumbnailUrl\":\"https:\\\/\\\/www.orthodontist-dubai.com\\\/wp-content\\\/uploads\\\/2015\\\/04\\\/banner-best-orthodontist-dubai.jpg\",\"datePublished\":\"2014-12-28T18:55:19+00:00\",\"dateModified\":\"2019-04-14T14:46:22+00:00\",\"breadcrumb\":{\"@id\":\"https:\\\/\\\/www.orthodontist-dubai.com\\\/lingual-incognito-braces\\\/#breadcrumb\"},\"inLanguage\":\"hu\",\"potentialAction\":[{\"@type\":\"ReadAction\",\"target\":[\"https:\\\/\\\/www.orthodontist-dubai.com\\\/lingual-incognito-braces\\\/\"]}]},{\"@type\":\"ImageObject\",\"inLanguage\":\"hu\",\"@id\":\"https:\\\/\\\/www.orthodontist-dubai.com\\\/lingual-incognito-braces\\\/#primaryimage\",\"url\":\"https:\\\/\\\/www.orthodontist-dubai.com\\\/wp-content\\\/uploads\\\/2015\\\/04\\\/banner-best-orthodontist-dubai.jpg\",\"contentUrl\":\"https:\\\/\\\/www.orthodontist-dubai.com\\\/wp-content\\\/uploads\\\/2015\\\/04\\\/banner-best-orthodontist-dubai.jpg\"},{\"@type\":\"BreadcrumbList\",\"@id\":\"https:\\\/\\\/www.orthodontist-dubai.com\\\/lingual-incognito-braces\\\/#breadcrumb\",\"itemListElement\":[{\"@type\":\"ListItem\",\"position\":1,\"name\":\"\u2776 Home\",\"item\":\"https:\\\/\\\/www.orthodontist-dubai.com\\\/\"},{\"@type\":\"ListItem\",\"position\":2,\"name\":\"Lingual Braces\"}]},{\"@type\":\"WebSite\",\"@id\":\"https:\\\/\\\/www.orthodontist-dubai.com\\\/#website\",\"url\":\"https:\\\/\\\/www.orthodontist-dubai.com\\\/\",\"name\":\"BEST Orthodontist &amp; Dentist in Dubai UAE for all Dental Treatments\",\"description\":\"Cheap &amp; Best Orthodontist &amp; Dentists for all dental treatments in Dubai UAE\",\"publisher\":{\"@id\":\"https:\\\/\\\/www.orthodontist-dubai.com\\\/#organization\"},\"potentialAction\":[{\"@type\":\"SearchAction\",\"target\":{\"@type\":\"EntryPoint\",\"urlTemplate\":\"https:\\\/\\\/www.orthodontist-dubai.com\\\/?s={search_term_string}\"},\"query-input\":{\"@type\":\"PropertyValueSpecification\",\"valueRequired\":true,\"valueName\":\"search_term_string\"}}],\"inLanguage\":\"hu\"},{\"@type\":\"Organization\",\"@id\":\"https:\\\/\\\/www.orthodontist-dubai.com\\\/#organization\",\"name\":\"Best Orthodontist & Dentist in Dubai UAE\",\"url\":\"https:\\\/\\\/www.orthodontist-dubai.com\\\/\",\"logo\":{\"@type\":\"ImageObject\",\"inLanguage\":\"hu\",\"@id\":\"https:\\\/\\\/www.orthodontist-dubai.com\\\/#\\\/schema\\\/logo\\\/image\\\/\",\"url\":\"https:\\\/\\\/www.orthodontist-dubai.com\\\/wp-content\\\/uploads\\\/2015\\\/04\\\/Othorontist-Dentist-UAE-Logo.png\",\"contentUrl\":\"https:\\\/\\\/www.orthodontist-dubai.com\\\/wp-content\\\/uploads\\\/2015\\\/04\\\/Othorontist-Dentist-UAE-Logo.png\",\"width\":190,\"height\":70,\"caption\":\"Best Orthodontist & Dentist in Dubai UAE\"},\"image\":{\"@id\":\"https:\\\/\\\/www.orthodontist-dubai.com\\\/#\\\/schema\\\/logo\\\/image\\\/\"},\"sameAs\":[\"https:\\\/\\\/www.facebook.com\\\/Orthodontist.Dentist.Dubai\\\/\",\"https:\\\/\\\/www.linkedin.com\\\/in\\\/dr-nazeer-ahmed-meeran-15691083\\\/\"]}]}<\/script>\n<!-- \/ Yoast SEO plugin. -->","yoast_head_json":{"title":"NYELVI BE\u00c1LL\u00cdT\u00c1SOK DUBAJBAN, EAE","robots":{"index":"index","follow":"follow","max-snippet":"max-snippet:-1","max-image-preview":"max-image-preview:large","max-video-preview":"max-video-preview:-1"},"canonical":"https:\/\/www.orthodontist-dubai.com\/hu\/nyelvi-inkognito-kapcsos\/","og_locale":"hu_HU","og_type":"article","og_title":"LINGUAL BRACES IN DUBAI UAE","og_description":"Did you know that not all kinds of braces need to be placed in front of the teeth? Yes there are types of braces that can be placed behind your teeth. These are called as Lingual Braces or Incognito. No one will ever know if you are wearing braces or not! When it comes to [&hellip;]","og_url":"https:\/\/www.orthodontist-dubai.com\/hu\/nyelvi-inkognito-kapcsos\/","og_site_name":"BEST Orthodontist &amp; Dentist in Dubai UAE for all Dental Treatments","article_publisher":"https:\/\/www.facebook.com\/Orthodontist.Dentist.Dubai\/","article_modified_time":"2019-04-14T14:46:22+00:00","og_image":[{"url":"https:\/\/www.orthodontist-dubai.com\/wp-content\/uploads\/2015\/04\/banner-best-orthodontist-dubai.jpg","type":"","width":"","height":""}],"twitter_card":"summary_large_image","twitter_misc":{"Becs\u00fclt olvas\u00e1si id\u0151":"2 perc"},"schema":{"@context":"https:\/\/schema.org","@graph":[{"@type":"WebPage","@id":"https:\/\/www.orthodontist-dubai.com\/lingual-incognito-braces\/","url":"https:\/\/www.orthodontist-dubai.com\/lingual-incognito-braces\/","name":"NYELVI BE\u00c1LL\u00cdT\u00c1SOK DUBAJBAN, EAE","isPartOf":{"@id":"https:\/\/www.orthodontist-dubai.com\/#website"},"primaryImageOfPage":{"@id":"https:\/\/www.orthodontist-dubai.com\/lingual-incognito-braces\/#primaryimage"},"image":{"@id":"https:\/\/www.orthodontist-dubai.com\/lingual-incognito-braces\/#primaryimage"},"thumbnailUrl":"https:\/\/www.orthodontist-dubai.com\/wp-content\/uploads\/2015\/04\/banner-best-orthodontist-dubai.jpg","datePublished":"2014-12-28T18:55:19+00:00","dateModified":"2019-04-14T14:46:22+00:00","breadcrumb":{"@id":"https:\/\/www.orthodontist-dubai.com\/lingual-incognito-braces\/#breadcrumb"},"inLanguage":"hu","potentialAction":[{"@type":"ReadAction","target":["https:\/\/www.orthodontist-dubai.com\/lingual-incognito-braces\/"]}]},{"@type":"ImageObject","inLanguage":"hu","@id":"https:\/\/www.orthodontist-dubai.com\/lingual-incognito-braces\/#primaryimage","url":"https:\/\/www.orthodontist-dubai.com\/wp-content\/uploads\/2015\/04\/banner-best-orthodontist-dubai.jpg","contentUrl":"https:\/\/www.orthodontist-dubai.com\/wp-content\/uploads\/2015\/04\/banner-best-orthodontist-dubai.jpg"},{"@type":"BreadcrumbList","@id":"https:\/\/www.orthodontist-dubai.com\/lingual-incognito-braces\/#breadcrumb","itemListElement":[{"@type":"ListItem","position":1,"name":"\u2776 Home","item":"https:\/\/www.orthodontist-dubai.com\/"},{"@type":"ListItem","position":2,"name":"Lingual Braces"}]},{"@type":"WebSite","@id":"https:\/\/www.orthodontist-dubai.com\/#website","url":"https:\/\/www.orthodontist-dubai.com\/","name":"LEGJOBB fogszab\u00e1lyz\u00f3 \u00e9s fogorvos Dubaiban, az Egyes\u00fclt Arab Em\u00edrs\u00e9gekben minden fog\u00e1szati kezel\u00e9shez","description":"Olcs\u00f3 \u00e9s legjobb fogszab\u00e1lyoz\u00f3 \u00e9s fogorvosok minden fog\u00e1szati kezel\u00e9shez Dubaiban, az Egyes\u00fclt Arab Em\u00edrs\u00e9gekben","publisher":{"@id":"https:\/\/www.orthodontist-dubai.com\/#organization"},"potentialAction":[{"@type":"SearchAction","target":{"@type":"EntryPoint","urlTemplate":"https:\/\/www.orthodontist-dubai.com\/?s={search_term_string}"},"query-input":{"@type":"PropertyValueSpecification","valueRequired":true,"valueName":"search_term_string"}}],"inLanguage":"hu"},{"@type":"Organization","@id":"https:\/\/www.orthodontist-dubai.com\/#organization","name":"A legjobb fogszab\u00e1lyz\u00f3 \u00e9s fogorvos Dubaiban, az Egyes\u00fclt Arab Em\u00edrs\u00e9gekben","url":"https:\/\/www.orthodontist-dubai.com\/","logo":{"@type":"ImageObject","inLanguage":"hu","@id":"https:\/\/www.orthodontist-dubai.com\/#\/schema\/logo\/image\/","url":"https:\/\/www.orthodontist-dubai.com\/wp-content\/uploads\/2015\/04\/Othorontist-Dentist-UAE-Logo.png","contentUrl":"https:\/\/www.orthodontist-dubai.com\/wp-content\/uploads\/2015\/04\/Othorontist-Dentist-UAE-Logo.png","width":190,"height":70,"caption":"Best Orthodontist & Dentist in Dubai UAE"},"image":{"@id":"https:\/\/www.orthodontist-dubai.com\/#\/schema\/logo\/image\/"},"sameAs":["https:\/\/www.facebook.com\/Orthodontist.Dentist.Dubai\/","https:\/\/www.linkedin.com\/in\/dr-nazeer-ahmed-meeran-15691083\/"]}]}},"_links":{"self":[{"href":"https:\/\/www.orthodontist-dubai.com\/hu\/wp-json\/wp\/v2\/pages\/32","targetHints":{"allow":["GET"]}}],"collection":[{"href":"https:\/\/www.orthodontist-dubai.com\/hu\/wp-json\/wp\/v2\/pages"}],"about":[{"href":"https:\/\/www.orthodontist-dubai.com\/hu\/wp-json\/wp\/v2\/types\/page"}],"author":[{"embeddable":true,"href":"https:\/\/www.orthodontist-dubai.com\/hu\/wp-json\/wp\/v2\/users\/1"}],"replies":[{"embeddable":true,"href":"https:\/\/www.orthodontist-dubai.com\/hu\/wp-json\/wp\/v2\/comments?post=32"}],"version-history":[{"count":4,"href":"https:\/\/www.orthodontist-dubai.com\/hu\/wp-json\/wp\/v2\/pages\/32\/revisions"}],"predecessor-version":[{"id":714,"href":"https:\/\/www.orthodontist-dubai.com\/hu\/wp-json\/wp\/v2\/pages\/32\/revisions\/714"}],"wp:attachment":[{"href":"https:\/\/www.orthodontist-dubai.com\/hu\/wp-json\/wp\/v2\/media?parent=32"}],"curies":[{"name":"wp","href":"https:\/\/api.w.org\/{rel}","templated":true}]}}