{"id":157,"date":"2015-04-15T07:04:06","date_gmt":"2015-04-15T07:04:06","guid":{"rendered":"https:\/\/www.orthodontist-dubai.com\/?page_id=157"},"modified":"2023-10-20T13:15:00","modified_gmt":"2023-10-20T09:15:00","slug":"crowns-and-bridges","status":"publish","type":"page","link":"https:\/\/www.orthodontist-dubai.com\/hu\/koronak-es-hidak\/","title":{"rendered":"Fog\u00e1szati korona \u00e9s foghidak"},"content":{"rendered":"<p>Ezek <strong>r\u00f6gz\u00edtett prot\u00e9zis eszk\u00f6z\u00f6k<\/strong> \u00e1ltal v\u00e9gzett <strong>fogorvosok<\/strong>. Nem elt\u00e1vol\u00edthat\u00f3ak pl <strong>fogsor<\/strong> \u00e9s vannak <strong>megl\u00e9v\u0151 fogaira vagy implant\u00e1tumaira ragasztva<\/strong>. Csak fogorvos t\u00e1vol\u00edthatja el \u0151ket. A fogkoron\u00e1k a s\u00e9r\u00fclt vagy legyeng\u00fclt fogak v\u00e9delm\u00e9re szolg\u00e1lnak. A fogkoron\u00e1kat m\u00e1s n\u00e9ven &quot;<em>fog\u00e1szati sapk\u00e1k<\/em>\u201d. Ezek fog alak\u00fa \u201esapk\u00e1k\u201d, amelyeket a fogorvosa egyedileg k\u00e9sz\u00edtett, \u00e9s az el\u0151k\u00e9sz\u00edtett fogra helyezik. A fogkorona az \u00ednyvonalt\u00f3l a harap\u00e1sfel\u00fcletig fedi a fogat.<\/p>\n<p><img decoding=\"async\" class=\"aligncenter lazyload\" data-src=\"https:\/\/www.orthodontist-dubai.com\/wp-content\/uploads\/2023\/10\/Dental-Crown-Bridges-in-Dubai-UAE-Before-After-treatment-pictures.jpg\" alt=\"Dental Crown &amp; Bridges Dubaiban, Egyes\u00fclt Arab Em\u00edrs\u00e9gek Kezel\u00e9s el\u0151tt \u00e9s ut\u00e1n k\u00e9pek\" width=\"1016\" height=\"867\" src=\"data:image\/svg+xml;base64,PHN2ZyB3aWR0aD0iMSIgaGVpZ2h0PSIxIiB4bWxucz0iaHR0cDovL3d3dy53My5vcmcvMjAwMC9zdmciPjwvc3ZnPg==\" style=\"--smush-placeholder-width: 1016px; --smush-placeholder-aspect-ratio: 1016\/867;\" \/><\/p>\n<h2><b>Hogyan m\u0171k\u00f6dnek a fogkoron\u00e1k?<\/b><\/h2>\n<p>A koron\u00e1k teljesen lefedik a s\u00e9r\u00fclt fogat (<strong>fog\u00e1szati sapk\u00e1k)<\/strong>. Azt<strong> kiegyenes\u00edti a s\u00e9r\u00fclt fogat<\/strong> \u00e9s m\u00e9g<strong> jav\u00edtja a megjelen\u00e9st, az alakot \u00e9s az igazod\u00e1st<\/strong>. Koron\u00e1t is lehet helyezni az implant\u00e1tumra, hogy form\u00e1t \u00e9s funkcionalit\u00e1st biztos\u00edtson. <strong>Porcel\u00e1n<\/strong> vagy <strong>ker\u00e1mia koron\u00e1k<\/strong> \u00fagy k\u00e9sz\u00fcltek, hogy illeszkedjenek a fog sz\u00edn\u00e9hez. Aranyb\u00f3l \u00e9s f\u00e9m\u00f6tv\u00f6zetekb\u0151l, akrilb\u00f3l \u00e9s ker\u00e1mi\u00e1b\u00f3l is k\u00e9sz\u00fclhetnek. El\u0151nye, hogy er\u0151sebbek, mint a ker\u00e1mi\u00e1k, \u00e9s h\u00e1ts\u00f3 fogakra is aj\u00e1nlottak. Alternat\u00edv megold\u00e1sk\u00e9nt a f\u00e9mhez ragasztott porcel\u00e1n is eszt\u00e9tikailag kiv\u00e1l\u00f3 megjelen\u00e9st biztos\u00edt.<\/p>\n<h2><b>Hogyan m\u0171k\u00f6dnek a fog\u00e1szati hidak?<\/b><\/h2>\n<p>Ha hi\u00e1nyzik a fog, akkor ezeket a hi\u00e1nyoss\u00e1gokat hidakkal lehet p\u00f3tolni. El\u0151nye, hogy kijav\u00edtj\u00e1k az egyens\u00falyhi\u00e1nyt, \u00e9s meg\u00f3vj\u00e1k a t\u00f6bbi fogat az elcs\u00fasz\u00e1st\u00f3l, mivel az \u00fcres helyek rossz harap\u00e1st okozhatnak. Az \u00ednybetegs\u00e9gek \u00e9s a Temporo Mandibularis \u00edz\u00fcleti rendelleness\u00e9gek is megel\u0151zhet\u0151k. A porcel\u00e1n seg\u00edts\u00e9g\u00e9vel term\u00e9szetes megjelen\u00e9st k\u00f6lcs\u00f6n\u00f6zhet\u00fcnk.<\/p>\n<h3>Mik a fog\u00e1szati koron\u00e1k el\u0151nyei?<\/h3>\n<p>1. A fogkoron\u00e1k a gyenge fogak v\u00e9delm\u00e9re szolg\u00e1lnak, vagy amelyek olyan s\u00e9r\u00fcl\u00e9seket szenvednek, mint p\u00e9ld\u00e1ul a nagy \u00fcregek vagy t\u00f6r\u00e9sek. N\u00e9ha gy\u00f6k\u00e9rkezel\u00e9s ut\u00e1n haszn\u00e1lj\u00e1k \u0151ket. A fog burkol\u00e1s\u00e1val megel\u0151zhet\u0151 a fog tov\u00e1bbi k\u00e1rosod\u00e1sa, \u00e9s meg\u0151rizhet\u0151 a fog szerkezeti \u00e9ps\u00e9ge.<br \/>\n2. A fogkoron\u00e1kat \u00fagy tervezt\u00e9k, hogy pontosan \u00fagy n\u00e9zzenek ki, mint az \u00d6n term\u00e9szetes foga, seg\u00edtve a norm\u00e1l harap\u00e1si \u00e9s r\u00e1g\u00e1si funkci\u00f3t.<br \/>\n3. A fogsz\u00edn\u0171 porcel\u00e1nb\u00f3l k\u00e9sz\u00fclt fogkoron\u00e1k jav\u00edthatj\u00e1k a fog \u00e1ltal\u00e1nos megjelen\u00e9s\u00e9t, \u00edgy nagyon term\u00e9szetesnek t\u0171nnek.<br \/>\n4. A fogkoron\u00e1k a foghidak r\u00f6gz\u00edt\u00e9s\u00e9re szolg\u00e1lnak, hogy \u00e1thidalj\u00e1k a hi\u00e1nyz\u00f3 fogak okozta r\u00e9seket a sz\u00e1jban. Ezek a fogkoron\u00e1k a k\u00f6zeli eg\u00e9szs\u00e9ges fogakon t\u00e1mogatj\u00e1k a foghidakat.<br \/>\n5. A fogkoron\u00e1kat fog\u00e1szati implant\u00e1tumok fed\u00e9s\u00e9re is haszn\u00e1lj\u00e1k.<\/p>\n<h3>Milyen t\u00edpus\u00fa anyagokat haszn\u00e1lnak a fogkoron\u00e1k k\u00e9sz\u00edt\u00e9s\u00e9hez?<\/h3>\n<p>A fogkoron\u00e1khoz sokf\u00e9le anyagot haszn\u00e1lnak, \u00e9s olyan t\u00e9nyez\u0151k alapj\u00e1n v\u00e1lasztj\u00e1k ki \u0151ket, mint a fogkoron\u00e1t ig\u00e9nyl\u0151 fog elhelyezked\u00e9se, a p\u00e1ciens szem\u00e9lyes preferenci\u00e1ja \u00e9s a fogorvos aj\u00e1nl\u00e1sa.<\/p>\n<p><img decoding=\"async\" class=\"aligncenter size-full wp-image-2121 lazyload\" data-src=\"https:\/\/www.orthodontist-dubai.com\/wp-content\/uploads\/2023\/10\/Types-of-Dental-Crowns-in-Dubai-UAE.jpg\" alt=\"Fog\u00e1szati koron\u00e1k t\u00edpusai Dubaiban, az Egyes\u00fclt Arab Em\u00edrs\u00e9gekben\" width=\"840\" height=\"259\" data-srcset=\"https:\/\/www.orthodontist-dubai.com\/wp-content\/uploads\/2023\/10\/Types-of-Dental-Crowns-in-Dubai-UAE.jpg 840w, https:\/\/www.orthodontist-dubai.com\/wp-content\/uploads\/2023\/10\/Types-of-Dental-Crowns-in-Dubai-UAE-300x93.jpg 300w, https:\/\/www.orthodontist-dubai.com\/wp-content\/uploads\/2023\/10\/Types-of-Dental-Crowns-in-Dubai-UAE-768x237.jpg 768w, https:\/\/www.orthodontist-dubai.com\/wp-content\/uploads\/2023\/10\/Types-of-Dental-Crowns-in-Dubai-UAE-18x6.jpg 18w\" data-sizes=\"(max-width: 840px) 100vw, 840px\" src=\"data:image\/svg+xml;base64,PHN2ZyB3aWR0aD0iMSIgaGVpZ2h0PSIxIiB4bWxucz0iaHR0cDovL3d3dy53My5vcmcvMjAwMC9zdmciPjwvc3ZnPg==\" style=\"--smush-placeholder-width: 840px; --smush-placeholder-aspect-ratio: 840\/259;\" \/><\/p>\n<p><strong> A fogkoron\u00e1k k\u00e9sz\u00edt\u00e9s\u00e9hez felhaszn\u00e1lt anyagok t\u00edpusai:<\/strong><\/p>\n<p>1. <strong>Porcel\u00e1n:<\/strong> A porcel\u00e1n koron\u00e1k nagyon term\u00e9szetesnek t\u0171nnek, \u00e9s fogorvosa a megl\u00e9v\u0151 fogak sz\u00edn\u00e9hez igaz\u00edthatja. El\u00fcls\u0151 fogakra aj\u00e1nlottak.<br \/>\n2. <strong>F\u00e9m:<\/strong> A f\u00e9mkoron\u00e1k \u00e1ltal\u00e1ban aranyat tartalmaz\u00f3 \u00f6tv\u00f6zetekb\u0151l k\u00e9sz\u00fclnek. Nagyon er\u0151sek \u00e9s hossz\u00fa t\u00e1von tart\u00f3sak. Legink\u00e1bb a sz\u00e1j h\u00e1ts\u00f3 r\u00e9sz\u00e9n l\u00e9v\u0151 fogakra (p\u00e9ld\u00e1ul \u0151rl\u0151fogakra) haszn\u00e1lj\u00e1k.<br \/>\n3. <strong>F\u00e9mhez olvasztott porcel\u00e1n (PFM)<\/strong>: Az ilyen fogkoron\u00e1k egyes\u00edtik a f\u00e9m erej\u00e9t a porcel\u00e1n anyag \u00e1ltal adott eszt\u00e9tikus fogsz\u00edn megjelen\u00e9ssel. El\u00fcls\u0151 \u00e9s h\u00e1ts\u00f3 fogakra egyar\u00e1nt alkalmasak.<br \/>\n4. <strong>Minden ker\u00e1mia vagy porcel\u00e1n<\/strong>: Ezek a koron\u00e1k teljes eg\u00e9sz\u00e9ben porcel\u00e1n anyagb\u00f3l k\u00e9sz\u00fcltek, \u00e9s nagyon term\u00e9szetes megjelen\u00e9st k\u00f6lcs\u00f6n\u00f6znek. Sokan v\u00e1lasztj\u00e1k az el\u00fcls\u0151 fogukat.<br \/>\n5. <strong>Cirk\u00f3nium koron\u00e1k:<\/strong> Ezek cirk\u00f3nium-dioxidb\u00f3l (m\u00e1s n\u00e9ven cirk\u00f3nium-dioxidb\u00f3l) k\u00e9sz\u00fclnek, amely egy nagyon er\u0151s \u00e9s tart\u00f3s ker\u00e1miaanyag. A cirk\u00f3nium-koron\u00e1k \u00e9s a porcel\u00e1nkoron\u00e1k k\u00f6z\u00f6tti k\u00fcl\u00f6nbs\u00e9g az, hogy a porcel\u00e1n anyag \u00e1ttetsz\u0151bb, \u00e9s nagyon term\u00e9szetes megjelen\u00e9st k\u00f6lcs\u00f6n\u00f6z, m\u00edg a cirk\u00f3nium-oxid nem olyan \u00e1ttetsz\u0151, hogy bizonyos f\u00e9nyviszonyok mellett a term\u00e9szetes fogat ut\u00e1nozza.<\/p>\n<p>A fogkorona anyag\u00e1nak megv\u00e1laszt\u00e1sa sz\u00e1mos t\u00e9nyez\u0151t\u0151l f\u00fcgg, mint p\u00e9ld\u00e1ul a fogkoron\u00e1t ig\u00e9nyl\u0151 fog elhelyezked\u00e9se, a p\u00e1ciens preferenci\u00e1i \u00e9s a fogorvos aj\u00e1nl\u00e1sa.<\/p>\n<h3>Milyen l\u00e9p\u00e9sr\u0151l l\u00e9p\u00e9sre kaphat fog\u00e1szati koron\u00e1t Dubaiban, Egyes\u00fclt Arab Em\u00edrs\u00e9gekben?<\/h3>\n<p>1. K\u00e9rjen id\u0151pontot fogorvosunkhoz Dubaiban, hogy megvizsg\u00e1lja a fog\u00e1t. A fogorvos megvizsg\u00e1lja, \u00e9s javaslatot tesz a rendelkez\u00e9sre \u00e1ll\u00f3 kezel\u00e9si lehet\u0151s\u00e9gekre \u00e9s alternat\u00edv\u00e1kra az \u00d6n fog\u00e1nak aktu\u00e1lis \u00e1llapota, fog\u00e1szati t\u00f6rt\u00e9nete stb. <a href=\"https:\/\/www.orthodontist-dubai.com\/hu\/lepjen-kapcsolatba-velunk\/\">L\u00e9pjen kapcsolatba vel\u00fcnk<\/a> egy INGYENES, ingyenes konzult\u00e1ci\u00f3ra a fogkorona beszerz\u00e9s\u00e9hez az Egyes\u00fclt Arab Em\u00edrs\u00e9gekben tal\u00e1lhat\u00f3 Dubaiban tal\u00e1lhat\u00f3 klinik\u00e1nkon.<\/p>\n<p>2. R\u00f6ntgenfelv\u00e9telek \u00e9s lenyomatok: Fogorvosa elviheti <a href=\"\/hu\/_wp_link_placeholder\/\" data-wplink-edit=\"true\">Fog\u00e1szati r\u00f6ntgen<\/a> \u00e9rintett fog\u00e1nak vizsg\u00e1lat\u00e1hoz, hogy elemezze a k\u00e1rosod\u00e1s vagy szuvasod\u00e1s jelenlegi szintj\u00e9t, \u00e9s felm\u00e9rje a k\u00f6rnyez\u0151 csontok \u00e1llapot\u00e1t. Fogorvosa lenyomatot vesz a fog\u00e1r\u00f3l \u00e9s a k\u00f6rnyez\u0151 ter\u00fclet\u00e9r\u0151l.<\/p>\n<p>3. A fog el\u0151k\u00e9sz\u00edt\u00e9se: Ha a jelenlegi fog s\u00e9r\u00fcl\u00e9se s\u00falyos, fogorvosa \u00fagy alak\u00edtja \u00e1t, hogy elt\u00e1vol\u00edtja a k\u00fcls\u0151 r\u00e9teg egy r\u00e9sz\u00e9t, hogy helyet biztos\u00edtson a fogkoron\u00e1nak.<\/p>\n<p>4. Ideiglenes korona \u00e9s koronagy\u00e1rt\u00e1s: A k\u00f6vetkez\u0151 l\u00e9p\u00e9s egy ideiglenes korona felhelyez\u00e9se, amely seg\u00edt megv\u00e9deni a fogat, amikor a v\u00e9gleges koron\u00e1t egyedileg k\u00e9sz\u00edtik a fog\u00e1szati laborat\u00f3riumban a kor\u00e1bbi l\u00e9p\u00e9sek lenyomatai alapj\u00e1n. Az ideiglenes korona is seg\u00edt meg\u0151rizni foga funkcionalit\u00e1s\u00e1t \u00e9s megjelen\u00e9s\u00e9t (mivel a korona elk\u00e9sz\u00edt\u00e9si folyamata legal\u00e1bb egy hetet is ig\u00e9nybe vehet).<\/p>\n<p>5. Tart\u00f3s fogkorona felszerel\u00e9se: Ha a maradand\u00f3 korona k\u00e9szen \u00e1ll a laborban, fogorvosa id\u0151pontot egyeztet a r\u00f6gz\u00edt\u00e9s\u00e9re. Ideiglenes koron\u00e1j\u00e1t elt\u00e1vol\u00edtj\u00e1k, \u00e9s fogorvosa ellen\u0151rzi a tart\u00f3s korona illeszked\u00e9s\u00e9t, sz\u00edn\u00e9t, form\u00e1j\u00e1t \u00e9s a term\u00e9szetes harap\u00e1shoz val\u00f3 igazod\u00e1s\u00e1t. Fog\u00e1szati ragaszt\u00f3 seg\u00edts\u00e9g\u00e9vel r\u00f6gz\u00edti a hely\u00e9re az \u00e1lland\u00f3 koron\u00e1t, \u00e9s olyan be\u00e1ll\u00edt\u00e1sokat v\u00e9gez, amelyek k\u00e9nyelmesek \u00e9s term\u00e9szetesek a p\u00e1ciens sz\u00e1m\u00e1ra. Ezut\u00e1n a koron\u00e1t \u00fagy csiszolj\u00e1k, hogy \u00fagy n\u00e9zzen ki, mint egy term\u00e9szetes fog.<\/p>\n<p>6. Kezel\u00e9s ut\u00e1ni gondoz\u00e1s: K\u00f6vesse a megfelel\u0151 sz\u00e1jhigi\u00e9ni\u00e1t a fogkorona hossz\u00fa \u00e9lettartama \u00e9rdek\u00e9ben, \u00e9s k\u00f6vesse a fogorvosa kezel\u00e9s ut\u00e1ni utas\u00edt\u00e1sait. \u00c9rdemes elker\u00fclni a doh\u00e1nyz\u00e1st, a kem\u00e9ny \u00e9s ragad\u00f3s \u00e9teleket, az \u00e9jszakai fogcsikorgat\u00e1st stb. Ha \u00fagy \u00e9rzi, hogy a korona kilazul, halad\u00e9ktalanul keresse fel fogorvos\u00e1t, \u00e9s ne pr\u00f3b\u00e1lja saj\u00e1t maga be\u00e1ll\u00edtani.<\/p>","protected":false},"excerpt":{"rendered":"<p>These are fixed prosthetic devices done by dentists. They are not removable like dentures and are cemented to your existing teeth or implants. They can be removed only by dentists. Dental crowns are used to protect damaged or weakened tooth. Dental crowns are also called as \u201cdental caps\u201d. They are tooth shaped &#8220;caps&#8221; that are [&hellip;]<\/p>\n","protected":false},"author":1,"featured_media":0,"parent":0,"menu_order":0,"comment_status":"closed","ping_status":"closed","template":"","meta":{"site-sidebar-layout":"default","site-content-layout":"","ast-site-content-layout":"default","site-content-style":"default","site-sidebar-style":"default","ast-global-header-display":"","ast-banner-title-visibility":"","ast-main-header-display":"","ast-hfb-above-header-display":"","ast-hfb-below-header-display":"","ast-hfb-mobile-header-display":"","site-post-title":"","ast-breadcrumbs-content":"","ast-featured-img":"","footer-sml-layout":"","ast-disable-related-posts":"","theme-transparent-header-meta":"","adv-header-id-meta":"","stick-header-meta":"","header-above-stick-meta":"","header-main-stick-meta":"","header-below-stick-meta":"","astra-migrate-meta-layouts":"set","ast-page-background-enabled":"default","ast-page-background-meta":{"desktop":{"background-color":"var(--ast-global-color-4)","background-image":"","background-repeat":"repeat","background-position":"center center","background-size":"auto","background-attachment":"scroll","background-type":"","background-media":"","overlay-type":"","overlay-color":"","overlay-opacity":"","overlay-gradient":""},"tablet":{"background-color":"","background-image":"","background-repeat":"repeat","background-position":"center center","background-size":"auto","background-attachment":"scroll","background-type":"","background-media":"","overlay-type":"","overlay-color":"","overlay-opacity":"","overlay-gradient":""},"mobile":{"background-color":"","background-image":"","background-repeat":"repeat","background-position":"center center","background-size":"auto","background-attachment":"scroll","background-type":"","background-media":"","overlay-type":"","overlay-color":"","overlay-opacity":"","overlay-gradient":""}},"ast-content-background-meta":{"desktop":{"background-color":"var(--ast-global-color-5)","background-image":"","background-repeat":"repeat","background-position":"center center","background-size":"auto","background-attachment":"scroll","background-type":"","background-media":"","overlay-type":"","overlay-color":"","overlay-opacity":"","overlay-gradient":""},"tablet":{"background-color":"var(--ast-global-color-5)","background-image":"","background-repeat":"repeat","background-position":"center center","background-size":"auto","background-attachment":"scroll","background-type":"","background-media":"","overlay-type":"","overlay-color":"","overlay-opacity":"","overlay-gradient":""},"mobile":{"background-color":"var(--ast-global-color-5)","background-image":"","background-repeat":"repeat","background-position":"center center","background-size":"auto","background-attachment":"scroll","background-type":"","background-media":"","overlay-type":"","overlay-color":"","overlay-opacity":"","overlay-gradient":""}},"footnotes":""},"class_list":["post-157","page","type-page","status-publish","hentry"],"yoast_head":"<!-- This site is optimized with the Yoast SEO plugin v27.4 - https:\/\/yoast.com\/product\/yoast-seo-wordpress\/ -->\n<title>DENTAL CROWNS IN DUBAI | DENTAL BRIDGES<\/title>\n<meta name=\"robots\" content=\"index, follow, max-snippet:-1, max-image-preview:large, max-video-preview:-1\" \/>\n<link rel=\"canonical\" href=\"https:\/\/www.orthodontist-dubai.com\/hu\/koronak-es-hidak\/\" \/>\n<meta property=\"og:locale\" content=\"hu_HU\" \/>\n<meta property=\"og:type\" content=\"article\" \/>\n<meta property=\"og:title\" content=\"DENTAL CROWNS IN DUBAI | DENTAL BRIDGES\" \/>\n<meta property=\"og:description\" content=\"These are fixed prosthetic devices done by dentists. They are not removable like dentures and are cemented to your existing teeth or implants. They can be removed only by dentists. Dental crowns are used to protect damaged or weakened tooth. Dental crowns are also called as \u201cdental caps\u201d. They are tooth shaped &#8220;caps&#8221; that are [&hellip;]\" \/>\n<meta property=\"og:url\" content=\"https:\/\/www.orthodontist-dubai.com\/hu\/koronak-es-hidak\/\" \/>\n<meta property=\"og:site_name\" content=\"BEST Orthodontist &amp; Dentist in Dubai UAE for all Dental Treatments\" \/>\n<meta property=\"article:publisher\" content=\"https:\/\/www.facebook.com\/Orthodontist.Dentist.Dubai\/\" \/>\n<meta property=\"article:modified_time\" content=\"2023-10-20T09:15:00+00:00\" \/>\n<meta property=\"og:image\" content=\"https:\/\/www.orthodontist-dubai.com\/wp-content\/uploads\/2023\/10\/Dental-Crown-Bridges-in-Dubai-UAE-Before-After-treatment-pictures.jpg\" \/>\n<meta name=\"twitter:card\" content=\"summary_large_image\" \/>\n<meta name=\"twitter:label1\" content=\"Becs\u00fclt olvas\u00e1si id\u0151\" \/>\n\t<meta name=\"twitter:data1\" content=\"5 perc\" \/>\n<script type=\"application\/ld+json\" class=\"yoast-schema-graph\">{\"@context\":\"https:\\\/\\\/schema.org\",\"@graph\":[{\"@type\":\"WebPage\",\"@id\":\"https:\\\/\\\/www.orthodontist-dubai.com\\\/crowns-and-bridges\\\/\",\"url\":\"https:\\\/\\\/www.orthodontist-dubai.com\\\/crowns-and-bridges\\\/\",\"name\":\"DENTAL CROWNS IN DUBAI | DENTAL BRIDGES\",\"isPartOf\":{\"@id\":\"https:\\\/\\\/www.orthodontist-dubai.com\\\/#website\"},\"primaryImageOfPage\":{\"@id\":\"https:\\\/\\\/www.orthodontist-dubai.com\\\/crowns-and-bridges\\\/#primaryimage\"},\"image\":{\"@id\":\"https:\\\/\\\/www.orthodontist-dubai.com\\\/crowns-and-bridges\\\/#primaryimage\"},\"thumbnailUrl\":\"https:\\\/\\\/www.orthodontist-dubai.com\\\/wp-content\\\/uploads\\\/2023\\\/10\\\/Dental-Crown-Bridges-in-Dubai-UAE-Before-After-treatment-pictures.jpg\",\"datePublished\":\"2015-04-15T07:04:06+00:00\",\"dateModified\":\"2023-10-20T09:15:00+00:00\",\"breadcrumb\":{\"@id\":\"https:\\\/\\\/www.orthodontist-dubai.com\\\/crowns-and-bridges\\\/#breadcrumb\"},\"inLanguage\":\"hu\",\"potentialAction\":[{\"@type\":\"ReadAction\",\"target\":[\"https:\\\/\\\/www.orthodontist-dubai.com\\\/crowns-and-bridges\\\/\"]}]},{\"@type\":\"ImageObject\",\"inLanguage\":\"hu\",\"@id\":\"https:\\\/\\\/www.orthodontist-dubai.com\\\/crowns-and-bridges\\\/#primaryimage\",\"url\":\"https:\\\/\\\/www.orthodontist-dubai.com\\\/wp-content\\\/uploads\\\/2023\\\/10\\\/Dental-Crown-Bridges-in-Dubai-UAE-Before-After-treatment-pictures.jpg\",\"contentUrl\":\"https:\\\/\\\/www.orthodontist-dubai.com\\\/wp-content\\\/uploads\\\/2023\\\/10\\\/Dental-Crown-Bridges-in-Dubai-UAE-Before-After-treatment-pictures.jpg\"},{\"@type\":\"BreadcrumbList\",\"@id\":\"https:\\\/\\\/www.orthodontist-dubai.com\\\/crowns-and-bridges\\\/#breadcrumb\",\"itemListElement\":[{\"@type\":\"ListItem\",\"position\":1,\"name\":\"\u2776 Home\",\"item\":\"https:\\\/\\\/www.orthodontist-dubai.com\\\/\"},{\"@type\":\"ListItem\",\"position\":2,\"name\":\"Dental Crown and Dental Bridges\"}]},{\"@type\":\"WebSite\",\"@id\":\"https:\\\/\\\/www.orthodontist-dubai.com\\\/#website\",\"url\":\"https:\\\/\\\/www.orthodontist-dubai.com\\\/\",\"name\":\"BEST Orthodontist &amp; Dentist in Dubai UAE for all Dental Treatments\",\"description\":\"Cheap &amp; Best Orthodontist &amp; Dentists for all dental treatments in Dubai UAE\",\"publisher\":{\"@id\":\"https:\\\/\\\/www.orthodontist-dubai.com\\\/#organization\"},\"potentialAction\":[{\"@type\":\"SearchAction\",\"target\":{\"@type\":\"EntryPoint\",\"urlTemplate\":\"https:\\\/\\\/www.orthodontist-dubai.com\\\/?s={search_term_string}\"},\"query-input\":{\"@type\":\"PropertyValueSpecification\",\"valueRequired\":true,\"valueName\":\"search_term_string\"}}],\"inLanguage\":\"hu\"},{\"@type\":\"Organization\",\"@id\":\"https:\\\/\\\/www.orthodontist-dubai.com\\\/#organization\",\"name\":\"Best Orthodontist & Dentist in Dubai UAE\",\"url\":\"https:\\\/\\\/www.orthodontist-dubai.com\\\/\",\"logo\":{\"@type\":\"ImageObject\",\"inLanguage\":\"hu\",\"@id\":\"https:\\\/\\\/www.orthodontist-dubai.com\\\/#\\\/schema\\\/logo\\\/image\\\/\",\"url\":\"https:\\\/\\\/www.orthodontist-dubai.com\\\/wp-content\\\/uploads\\\/2015\\\/04\\\/Othorontist-Dentist-UAE-Logo.png\",\"contentUrl\":\"https:\\\/\\\/www.orthodontist-dubai.com\\\/wp-content\\\/uploads\\\/2015\\\/04\\\/Othorontist-Dentist-UAE-Logo.png\",\"width\":190,\"height\":70,\"caption\":\"Best Orthodontist & Dentist in Dubai UAE\"},\"image\":{\"@id\":\"https:\\\/\\\/www.orthodontist-dubai.com\\\/#\\\/schema\\\/logo\\\/image\\\/\"},\"sameAs\":[\"https:\\\/\\\/www.facebook.com\\\/Orthodontist.Dentist.Dubai\\\/\",\"https:\\\/\\\/www.linkedin.com\\\/in\\\/dr-nazeer-ahmed-meeran-15691083\\\/\"]}]}<\/script>\n<!-- \/ Yoast SEO plugin. -->","yoast_head_json":{"title":"FOGKORON\u00c1K DUBAIBAN | FOGOSZT\u00c1SI HIDAK","robots":{"index":"index","follow":"follow","max-snippet":"max-snippet:-1","max-image-preview":"max-image-preview:large","max-video-preview":"max-video-preview:-1"},"canonical":"https:\/\/www.orthodontist-dubai.com\/hu\/koronak-es-hidak\/","og_locale":"hu_HU","og_type":"article","og_title":"DENTAL CROWNS IN DUBAI | DENTAL BRIDGES","og_description":"These are fixed prosthetic devices done by dentists. They are not removable like dentures and are cemented to your existing teeth or implants. They can be removed only by dentists. Dental crowns are used to protect damaged or weakened tooth. Dental crowns are also called as \u201cdental caps\u201d. They are tooth shaped &#8220;caps&#8221; that are [&hellip;]","og_url":"https:\/\/www.orthodontist-dubai.com\/hu\/koronak-es-hidak\/","og_site_name":"BEST Orthodontist &amp; Dentist in Dubai UAE for all Dental Treatments","article_publisher":"https:\/\/www.facebook.com\/Orthodontist.Dentist.Dubai\/","article_modified_time":"2023-10-20T09:15:00+00:00","og_image":[{"url":"https:\/\/www.orthodontist-dubai.com\/wp-content\/uploads\/2023\/10\/Dental-Crown-Bridges-in-Dubai-UAE-Before-After-treatment-pictures.jpg","type":"","width":"","height":""}],"twitter_card":"summary_large_image","twitter_misc":{"Becs\u00fclt olvas\u00e1si id\u0151":"5 perc"},"schema":{"@context":"https:\/\/schema.org","@graph":[{"@type":"WebPage","@id":"https:\/\/www.orthodontist-dubai.com\/crowns-and-bridges\/","url":"https:\/\/www.orthodontist-dubai.com\/crowns-and-bridges\/","name":"FOGKORON\u00c1K DUBAIBAN | FOGOSZT\u00c1SI HIDAK","isPartOf":{"@id":"https:\/\/www.orthodontist-dubai.com\/#website"},"primaryImageOfPage":{"@id":"https:\/\/www.orthodontist-dubai.com\/crowns-and-bridges\/#primaryimage"},"image":{"@id":"https:\/\/www.orthodontist-dubai.com\/crowns-and-bridges\/#primaryimage"},"thumbnailUrl":"https:\/\/www.orthodontist-dubai.com\/wp-content\/uploads\/2023\/10\/Dental-Crown-Bridges-in-Dubai-UAE-Before-After-treatment-pictures.jpg","datePublished":"2015-04-15T07:04:06+00:00","dateModified":"2023-10-20T09:15:00+00:00","breadcrumb":{"@id":"https:\/\/www.orthodontist-dubai.com\/crowns-and-bridges\/#breadcrumb"},"inLanguage":"hu","potentialAction":[{"@type":"ReadAction","target":["https:\/\/www.orthodontist-dubai.com\/crowns-and-bridges\/"]}]},{"@type":"ImageObject","inLanguage":"hu","@id":"https:\/\/www.orthodontist-dubai.com\/crowns-and-bridges\/#primaryimage","url":"https:\/\/www.orthodontist-dubai.com\/wp-content\/uploads\/2023\/10\/Dental-Crown-Bridges-in-Dubai-UAE-Before-After-treatment-pictures.jpg","contentUrl":"https:\/\/www.orthodontist-dubai.com\/wp-content\/uploads\/2023\/10\/Dental-Crown-Bridges-in-Dubai-UAE-Before-After-treatment-pictures.jpg"},{"@type":"BreadcrumbList","@id":"https:\/\/www.orthodontist-dubai.com\/crowns-and-bridges\/#breadcrumb","itemListElement":[{"@type":"ListItem","position":1,"name":"\u2776 Home","item":"https:\/\/www.orthodontist-dubai.com\/"},{"@type":"ListItem","position":2,"name":"Dental Crown and Dental Bridges"}]},{"@type":"WebSite","@id":"https:\/\/www.orthodontist-dubai.com\/#website","url":"https:\/\/www.orthodontist-dubai.com\/","name":"LEGJOBB fogszab\u00e1lyz\u00f3 \u00e9s fogorvos Dubaiban, az Egyes\u00fclt Arab Em\u00edrs\u00e9gekben minden fog\u00e1szati kezel\u00e9shez","description":"Olcs\u00f3 \u00e9s legjobb fogszab\u00e1lyoz\u00f3 \u00e9s fogorvosok minden fog\u00e1szati kezel\u00e9shez Dubaiban, az Egyes\u00fclt Arab Em\u00edrs\u00e9gekben","publisher":{"@id":"https:\/\/www.orthodontist-dubai.com\/#organization"},"potentialAction":[{"@type":"SearchAction","target":{"@type":"EntryPoint","urlTemplate":"https:\/\/www.orthodontist-dubai.com\/?s={search_term_string}"},"query-input":{"@type":"PropertyValueSpecification","valueRequired":true,"valueName":"search_term_string"}}],"inLanguage":"hu"},{"@type":"Organization","@id":"https:\/\/www.orthodontist-dubai.com\/#organization","name":"A legjobb fogszab\u00e1lyz\u00f3 \u00e9s fogorvos Dubaiban, az Egyes\u00fclt Arab Em\u00edrs\u00e9gekben","url":"https:\/\/www.orthodontist-dubai.com\/","logo":{"@type":"ImageObject","inLanguage":"hu","@id":"https:\/\/www.orthodontist-dubai.com\/#\/schema\/logo\/image\/","url":"https:\/\/www.orthodontist-dubai.com\/wp-content\/uploads\/2015\/04\/Othorontist-Dentist-UAE-Logo.png","contentUrl":"https:\/\/www.orthodontist-dubai.com\/wp-content\/uploads\/2015\/04\/Othorontist-Dentist-UAE-Logo.png","width":190,"height":70,"caption":"Best Orthodontist & Dentist in Dubai UAE"},"image":{"@id":"https:\/\/www.orthodontist-dubai.com\/#\/schema\/logo\/image\/"},"sameAs":["https:\/\/www.facebook.com\/Orthodontist.Dentist.Dubai\/","https:\/\/www.linkedin.com\/in\/dr-nazeer-ahmed-meeran-15691083\/"]}]}},"_links":{"self":[{"href":"https:\/\/www.orthodontist-dubai.com\/hu\/wp-json\/wp\/v2\/pages\/157","targetHints":{"allow":["GET"]}}],"collection":[{"href":"https:\/\/www.orthodontist-dubai.com\/hu\/wp-json\/wp\/v2\/pages"}],"about":[{"href":"https:\/\/www.orthodontist-dubai.com\/hu\/wp-json\/wp\/v2\/types\/page"}],"author":[{"embeddable":true,"href":"https:\/\/www.orthodontist-dubai.com\/hu\/wp-json\/wp\/v2\/users\/1"}],"replies":[{"embeddable":true,"href":"https:\/\/www.orthodontist-dubai.com\/hu\/wp-json\/wp\/v2\/comments?post=157"}],"version-history":[{"count":8,"href":"https:\/\/www.orthodontist-dubai.com\/hu\/wp-json\/wp\/v2\/pages\/157\/revisions"}],"predecessor-version":[{"id":2129,"href":"https:\/\/www.orthodontist-dubai.com\/hu\/wp-json\/wp\/v2\/pages\/157\/revisions\/2129"}],"wp:attachment":[{"href":"https:\/\/www.orthodontist-dubai.com\/hu\/wp-json\/wp\/v2\/media?parent=157"}],"curies":[{"name":"wp","href":"https:\/\/api.w.org\/{rel}","templated":true}]}}