{"id":150,"date":"2015-04-15T06:47:15","date_gmt":"2015-04-15T06:47:15","guid":{"rendered":"https:\/\/www.orthodontist-dubai.com\/?page_id=150"},"modified":"2023-02-24T09:01:17","modified_gmt":"2023-02-24T05:01:17","slug":"dental","status":"publish","type":"page","link":"https:\/\/www.orthodontist-dubai.com\/hu\/fogaszati\/","title":{"rendered":"Fog\u00e1szati Klinika Trade Center k\u00f6rny\u00e9k\u00e9n"},"content":{"rendered":"<p>A megfelel\u0151 sz\u00e1jhigi\u00e9nia mindig sz\u00fcks\u00e9ges az eg\u00e9szs\u00e9ges fogak \u00e9s \u00edny meg\u0151rz\u00e9s\u00e9hez. Kateg\u00f3ri\u00e1j\u00e1ban a legjobb fog\u00e1szati klinika Dubaiban fejlett technol\u00f3gi\u00e1val \u00e9s megfizethet\u0151 fogorvosokkal minden fog\u00e1szati probl\u00e9m\u00e1j\u00e1nak megold\u00e1s\u00e1ban seg\u00edt.<br \/>\n<div id=\"metaslider-id-1239\" style=\"max-width: 700px; margin: 0 auto;\" class=\"ml-slider-3-109-0 metaslider metaslider-responsive metaslider-1239 ml-slider ms-theme-default\" role=\"region\" aria-label=\"Fog\u00e1szati oldal diavet\u00edt\u00e9se\" data-height=\"400\" data-width=\"700\">\n    <div id=\"metaslider_container_1239\">\n        <ul id='metaslider_1239' class='rslides'>\n            <li aria-roledescription='slide' aria-labelledby='slide-0'><img decoding=\"async\" data-src=\"https:\/\/www.orthodontist-dubai.com\/wp-content\/uploads\/2014\/12\/banner-best2-wpp1653499826733-700x400.jpg\" height=\"400\" width=\"700\" alt=\"Bur Dubai fog\u00e1szati klinika\" class=\"slider-1239 slide-1244 msDefaultImage lazyload\" title=\"Bur Dubai fog\u00e1szati klinika\" src=\"data:image\/svg+xml;base64,PHN2ZyB3aWR0aD0iMSIgaGVpZ2h0PSIxIiB4bWxucz0iaHR0cDovL3d3dy53My5vcmcvMjAwMC9zdmciPjwvc3ZnPg==\" style=\"--smush-placeholder-width: 700px; --smush-placeholder-aspect-ratio: 700\/400;\" \/><\/li>\n            <li style='display: none;' aria-roledescription='slide' aria-labelledby='slide-1'><a href=\"https:\/\/www.orthodontist-dubai.com\/hu\/lepjen-kapcsolatba-velunk\/\" target=\"_self\"><img decoding=\"async\" data-src=\"https:\/\/www.orthodontist-dubai.com\/wp-content\/uploads\/2022\/05\/Dental-Clinic-in-Bur-dubai-700x400.jpg\" height=\"400\" width=\"700\" alt=\"Fog\u00e1szati Klinika Bur dubaiban\" class=\"slider-1239 slide-1242 msDefaultImage lazyload\" title=\"Fog\u00e1szati Klinika Bur dubaiban\" src=\"data:image\/svg+xml;base64,PHN2ZyB3aWR0aD0iMSIgaGVpZ2h0PSIxIiB4bWxucz0iaHR0cDovL3d3dy53My5vcmcvMjAwMC9zdmciPjwvc3ZnPg==\" style=\"--smush-placeholder-width: 700px; --smush-placeholder-aspect-ratio: 700\/400;\" \/><\/a><\/li>\n            <li style='display: none;' aria-roledescription='slide' aria-labelledby='slide-2'><a href=\"https:\/\/www.orthodontist-dubai.com\/hu\/lepjen-kapcsolatba-velunk\/\" target=\"_self\"><img decoding=\"async\" data-src=\"https:\/\/www.orthodontist-dubai.com\/wp-content\/uploads\/2022\/05\/Dental-Clinics-Bur-dubai-700x400.jpg\" height=\"400\" width=\"700\" alt=\"Bur dubai fog\u00e1szati klinik\u00e1k\" class=\"slider-1239 slide-1243 msDefaultImage lazyload\" title=\"Bur dubai fog\u00e1szati klinik\u00e1k\" src=\"data:image\/svg+xml;base64,PHN2ZyB3aWR0aD0iMSIgaGVpZ2h0PSIxIiB4bWxucz0iaHR0cDovL3d3dy53My5vcmcvMjAwMC9zdmciPjwvc3ZnPg==\" style=\"--smush-placeholder-width: 700px; --smush-placeholder-aspect-ratio: 700\/400;\" \/><\/a><\/li>\n        <\/ul>\n        \n    <\/div>\n<\/div>\n<!--<a href=\"https:\/\/www.orthodontist-dubai.com\/clinic-reviews\/\"><img decoding=\"async\" class=\"aligncenter wp-image-346 size-full lazyload\" data-src=\"https:\/\/www.orthodontist-dubai.com\/wp-content\/uploads\/2014\/12\/banner-best2.jpg\" alt=\"Top dental clinic of the month in Dubai UAE\" width=\"795\" height=\"459\" src=\"data:image\/svg+xml;base64,PHN2ZyB3aWR0aD0iMSIgaGVpZ2h0PSIxIiB4bWxucz0iaHR0cDovL3d3dy53My5vcmcvMjAwMC9zdmciPjwvc3ZnPg==\" style=\"--smush-placeholder-width: 795px; --smush-placeholder-aspect-ratio: 795\/459;\"><\/a>--><\/p>\n<p>Sokf\u00e9le fog\u00e1szati kezel\u00e9s l\u00e9tezik, mint pl <strong>T\u00f6m\u00e9sek, fog\u00e1szati r\u00f6ntgenfelv\u00e9telek, koron\u00e1k \u00e9s hidak, gy\u00f6k\u00e9rkezel\u00e9s, fog\u00e1gybetegs\u00e9gek, fogsorok \u00e9s fogimplant\u00e1tumok, fogelt\u00e1vol\u00edt\u00e1s \u00e9s fogh\u00faz\u00e1s, fog\u00e1szati t\u00f6m\u00edt\u0151anyagok<\/strong>.<\/p>\n<p><a href=\"https:\/\/www.orthodontist-dubai.com\/hu\/klinika-velemenyek\/\"><img decoding=\"async\" class=\"alignnone wp-image-1247 size-full lazyload\" data-src=\"https:\/\/www.orthodontist-dubai.com\/wp-content\/uploads\/2022\/05\/Dentist-in-Bur-Dubai.jpg\" alt=\"Fogorvos Bur Dubaiban\" width=\"1000\" height=\"667\" data-srcset=\"https:\/\/www.orthodontist-dubai.com\/wp-content\/uploads\/2022\/05\/Dentist-in-Bur-Dubai.jpg 1000w, https:\/\/www.orthodontist-dubai.com\/wp-content\/uploads\/2022\/05\/Dentist-in-Bur-Dubai-300x200.jpg 300w, https:\/\/www.orthodontist-dubai.com\/wp-content\/uploads\/2022\/05\/Dentist-in-Bur-Dubai-768x512.jpg 768w\" data-sizes=\"(max-width: 1000px) 100vw, 1000px\" src=\"data:image\/svg+xml;base64,PHN2ZyB3aWR0aD0iMSIgaGVpZ2h0PSIxIiB4bWxucz0iaHR0cDovL3d3dy53My5vcmcvMjAwMC9zdmciPjwvc3ZnPg==\" style=\"--smush-placeholder-width: 1000px; --smush-placeholder-aspect-ratio: 1000\/667;\" \/><!--<img decoding=\"async\" class=\"aligncenter size-large wp-image-300 lazyload\" data-src=\"https:\/\/www.orthodontist-dubai.com\/wp-content\/uploads\/2015\/04\/dental-treatments-1024x585.png\" alt=\"Dentist in Dubai UAE\" width=\"750\" height=\"428\" data-srcset=\"https:\/\/www.orthodontist-dubai.com\/wp-content\/uploads\/2015\/04\/dental-treatments-1024x585.png 1024w, https:\/\/www.orthodontist-dubai.com\/wp-content\/uploads\/2015\/04\/dental-treatments-300x171.png 300w, https:\/\/www.orthodontist-dubai.com\/wp-content\/uploads\/2015\/04\/dental-treatments.png 1050w\" data-sizes=\"(max-width: 750px) 100vw, 750px\" src=\"data:image\/svg+xml;base64,PHN2ZyB3aWR0aD0iMSIgaGVpZ2h0PSIxIiB4bWxucz0iaHR0cDovL3d3dy53My5vcmcvMjAwMC9zdmciPjwvc3ZnPg==\" style=\"--smush-placeholder-width: 750px; --smush-placeholder-aspect-ratio: 750\/428;\" \/><\/a>--><\/a><\/p>\n<p><a href=\"https:\/\/www.orthodontist-dubai.com\/hu\/klinika-velemenyek\/\"><\/a><\/p>\n<p><a href=\"https:\/\/www.orthodontist-dubai.com\/hu\/klinika-velemenyek\/\"><\/a><\/p>\n<p><a href=\"https:\/\/www.orthodontist-dubai.com\/hu\/klinika-velemenyek\/\"><\/p>\n<h3>Kattintson egy fog\u00e1szati kezel\u00e9sre a men\u00fcb\u0151l, ha t\u00f6bbet szeretne megtudni r\u00f3la, vagy v\u00e1lasszon az al\u00e1bbiak k\u00f6z\u00fcl:<\/h3>\n<p><\/a><a href=\"https:\/\/www.orthodontist-dubai.com\/hu\/klinika-velemenyek\/\"><\/a><a href=\"https:\/\/www.orthodontist-dubai.com\/hu\/klinika-velemenyek\/\"><\/a><\/p>\n<ul><a href=\"https:\/\/www.orthodontist-dubai.com\/hu\/klinika-velemenyek\/\"><br \/>\n<\/a><\/p>\n<li><a href=\"https:\/\/www.orthodontist-dubai.com\/hu\/klinika-velemenyek\/\"><\/a><a href=\"https:\/\/www.orthodontist-dubai.com\/hu\/fogtomes\/\">Fogt\u00f6m\u00e9s<\/a><\/li>\n<li><a href=\"https:\/\/www.orthodontist-dubai.com\/hu\/koronak-es-hidak\/\">Koron\u00e1k \u00e9s hidak<\/a><\/li>\n<li><a href=\"https:\/\/www.orthodontist-dubai.com\/hu\/gyokerkezeles\/\">Gy\u00f6k\u00e9rkezel\u00e9s \u2013 A legjobb fogorvos Dubaiban, az Egyes\u00fclt Arab Em\u00edrs\u00e9gekben<\/a><\/li>\n<li><a href=\"https:\/\/www.orthodontist-dubai.com\/hu\/periodontalis-betegseg\/\">Parodont\u00e1lis betegs\u00e9g<\/a><\/li>\n<li><a href=\"https:\/\/www.orthodontist-dubai.com\/hu\/fogsorok-fog-implantatumok\/\">Fogsorok \u00e9s fog\u00e1szati implant\u00e1tumok<\/a><\/li>\n<li><a href=\"https:\/\/www.orthodontist-dubai.com\/hu\/tooth-removal-extraction\/\">Fogelt\u00e1vol\u00edt\u00e1s \u00e9s fogh\u00faz\u00e1s<\/a><\/li>\n<li><a href=\"https:\/\/www.orthodontist-dubai.com\/hu\/fogaszati-tomitoanyagok\/\">Fog\u00e1szati t\u00f6m\u00edt\u0151anyagok<\/a><\/li>\n<\/ul>\n<p><a href=\"https:\/\/www.orthodontist-dubai.com\/hu\/lepjen-kapcsolatba-velunk\/\">L\u00e9pjen kapcsolatba vel\u00fcnk<\/a> megeml\u00edti az eset r\u00e9szleteit a Dubai legjobb fog\u00e1szati klinik\u00e1ja \u00e1ltal k\u00edn\u00e1lt b\u00e1rmilyen t\u00edpus\u00fa fog\u00e1szati kezel\u00e9s \u00e1r\u00e1hoz.<\/p>","protected":false},"excerpt":{"rendered":"<p>A good oral hygiene is always needed to maintain healthy teeth and gums. The best in class dental clinic in Dubai with advanced technology and affordable dentists will help you resolve all your dental problems. There are many types of dental treatments available such as Fillings, Dental X-Rays, Crowns and Bridges, Root Canal Treatment, Periodontal [&hellip;]<\/p>\n","protected":false},"author":1,"featured_media":0,"parent":0,"menu_order":0,"comment_status":"closed","ping_status":"closed","template":"","meta":{"site-sidebar-layout":"default","site-content-layout":"","ast-site-content-layout":"default","site-content-style":"default","site-sidebar-style":"default","ast-global-header-display":"","ast-banner-title-visibility":"","ast-main-header-display":"","ast-hfb-above-header-display":"","ast-hfb-below-header-display":"","ast-hfb-mobile-header-display":"","site-post-title":"","ast-breadcrumbs-content":"","ast-featured-img":"","footer-sml-layout":"","ast-disable-related-posts":"","theme-transparent-header-meta":"","adv-header-id-meta":"","stick-header-meta":"","header-above-stick-meta":"","header-main-stick-meta":"","header-below-stick-meta":"","astra-migrate-meta-layouts":"default","ast-page-background-enabled":"default","ast-page-background-meta":{"desktop":{"background-color":"var(--ast-global-color-4)","background-image":"","background-repeat":"repeat","background-position":"center center","background-size":"auto","background-attachment":"scroll","background-type":"","background-media":"","overlay-type":"","overlay-color":"","overlay-opacity":"","overlay-gradient":""},"tablet":{"background-color":"","background-image":"","background-repeat":"repeat","background-position":"center center","background-size":"auto","background-attachment":"scroll","background-type":"","background-media":"","overlay-type":"","overlay-color":"","overlay-opacity":"","overlay-gradient":""},"mobile":{"background-color":"","background-image":"","background-repeat":"repeat","background-position":"center center","background-size":"auto","background-attachment":"scroll","background-type":"","background-media":"","overlay-type":"","overlay-color":"","overlay-opacity":"","overlay-gradient":""}},"ast-content-background-meta":{"desktop":{"background-color":"var(--ast-global-color-5)","background-image":"","background-repeat":"repeat","background-position":"center center","background-size":"auto","background-attachment":"scroll","background-type":"","background-media":"","overlay-type":"","overlay-color":"","overlay-opacity":"","overlay-gradient":""},"tablet":{"background-color":"var(--ast-global-color-5)","background-image":"","background-repeat":"repeat","background-position":"center center","background-size":"auto","background-attachment":"scroll","background-type":"","background-media":"","overlay-type":"","overlay-color":"","overlay-opacity":"","overlay-gradient":""},"mobile":{"background-color":"var(--ast-global-color-5)","background-image":"","background-repeat":"repeat","background-position":"center center","background-size":"auto","background-attachment":"scroll","background-type":"","background-media":"","overlay-type":"","overlay-color":"","overlay-opacity":"","overlay-gradient":""}},"footnotes":""},"class_list":["post-150","page","type-page","status-publish","hentry"],"yoast_head":"<!-- This site is optimized with the Yoast SEO plugin v27.5 - https:\/\/yoast.com\/product\/yoast-seo-wordpress\/ -->\n<title>Dental Clinic in Trade Centre Area | Dentist in Bur Dubai<\/title>\n<meta name=\"robots\" content=\"index, follow, max-snippet:-1, max-image-preview:large, max-video-preview:-1\" \/>\n<link rel=\"canonical\" href=\"https:\/\/www.orthodontist-dubai.com\/hu\/fogaszati\/\" \/>\n<meta property=\"og:locale\" content=\"hu_HU\" \/>\n<meta property=\"og:type\" content=\"article\" \/>\n<meta property=\"og:title\" content=\"Dental Clinic in Trade Centre Area | Dentist in Bur Dubai\" \/>\n<meta property=\"og:description\" content=\"A good oral hygiene is always needed to maintain healthy teeth and gums. The best in class dental clinic in Dubai with advanced technology and affordable dentists will help you resolve all your dental problems. There are many types of dental treatments available such as Fillings, Dental X-Rays, Crowns and Bridges, Root Canal Treatment, Periodontal [&hellip;]\" \/>\n<meta property=\"og:url\" content=\"https:\/\/www.orthodontist-dubai.com\/hu\/fogaszati\/\" \/>\n<meta property=\"og:site_name\" content=\"BEST Orthodontist &amp; Dentist in Dubai UAE for all Dental Treatments\" \/>\n<meta property=\"article:publisher\" content=\"https:\/\/www.facebook.com\/Orthodontist.Dentist.Dubai\/\" \/>\n<meta property=\"article:modified_time\" content=\"2023-02-24T05:01:17+00:00\" \/>\n<meta property=\"og:image\" content=\"https:\/\/www.orthodontist-dubai.com\/wp-content\/uploads\/2014\/12\/banner-best2.jpg\" \/>\n<meta name=\"twitter:card\" content=\"summary_large_image\" \/>\n<meta name=\"twitter:label1\" content=\"Becs\u00fclt olvas\u00e1si id\u0151\" \/>\n\t<meta name=\"twitter:data1\" content=\"2 perc\" \/>\n<script type=\"application\/ld+json\" class=\"yoast-schema-graph\">{\"@context\":\"https:\\\/\\\/schema.org\",\"@graph\":[{\"@type\":\"WebPage\",\"@id\":\"https:\\\/\\\/www.orthodontist-dubai.com\\\/dental\\\/\",\"url\":\"https:\\\/\\\/www.orthodontist-dubai.com\\\/dental\\\/\",\"name\":\"Dental Clinic in Trade Centre Area | Dentist in Bur Dubai\",\"isPartOf\":{\"@id\":\"https:\\\/\\\/www.orthodontist-dubai.com\\\/#website\"},\"primaryImageOfPage\":{\"@id\":\"https:\\\/\\\/www.orthodontist-dubai.com\\\/dental\\\/#primaryimage\"},\"image\":{\"@id\":\"https:\\\/\\\/www.orthodontist-dubai.com\\\/dental\\\/#primaryimage\"},\"thumbnailUrl\":\"https:\\\/\\\/www.orthodontist-dubai.com\\\/wp-content\\\/uploads\\\/2014\\\/12\\\/banner-best2.jpg\",\"datePublished\":\"2015-04-15T06:47:15+00:00\",\"dateModified\":\"2023-02-24T05:01:17+00:00\",\"breadcrumb\":{\"@id\":\"https:\\\/\\\/www.orthodontist-dubai.com\\\/dental\\\/#breadcrumb\"},\"inLanguage\":\"hu\",\"potentialAction\":[{\"@type\":\"ReadAction\",\"target\":[\"https:\\\/\\\/www.orthodontist-dubai.com\\\/dental\\\/\"]}]},{\"@type\":\"ImageObject\",\"inLanguage\":\"hu\",\"@id\":\"https:\\\/\\\/www.orthodontist-dubai.com\\\/dental\\\/#primaryimage\",\"url\":\"https:\\\/\\\/www.orthodontist-dubai.com\\\/wp-content\\\/uploads\\\/2014\\\/12\\\/banner-best2.jpg\",\"contentUrl\":\"https:\\\/\\\/www.orthodontist-dubai.com\\\/wp-content\\\/uploads\\\/2014\\\/12\\\/banner-best2.jpg\"},{\"@type\":\"BreadcrumbList\",\"@id\":\"https:\\\/\\\/www.orthodontist-dubai.com\\\/dental\\\/#breadcrumb\",\"itemListElement\":[{\"@type\":\"ListItem\",\"position\":1,\"name\":\"\u2776 Home\",\"item\":\"https:\\\/\\\/www.orthodontist-dubai.com\\\/\"},{\"@type\":\"ListItem\",\"position\":2,\"name\":\"Dental Clinic in Trade Centre Area\"}]},{\"@type\":\"WebSite\",\"@id\":\"https:\\\/\\\/www.orthodontist-dubai.com\\\/#website\",\"url\":\"https:\\\/\\\/www.orthodontist-dubai.com\\\/\",\"name\":\"BEST Orthodontist &amp; Dentist in Dubai UAE for all Dental Treatments\",\"description\":\"Cheap &amp; Best Orthodontist &amp; Dentists for all dental treatments in Dubai UAE\",\"publisher\":{\"@id\":\"https:\\\/\\\/www.orthodontist-dubai.com\\\/#organization\"},\"potentialAction\":[{\"@type\":\"SearchAction\",\"target\":{\"@type\":\"EntryPoint\",\"urlTemplate\":\"https:\\\/\\\/www.orthodontist-dubai.com\\\/?s={search_term_string}\"},\"query-input\":{\"@type\":\"PropertyValueSpecification\",\"valueRequired\":true,\"valueName\":\"search_term_string\"}}],\"inLanguage\":\"hu\"},{\"@type\":\"Organization\",\"@id\":\"https:\\\/\\\/www.orthodontist-dubai.com\\\/#organization\",\"name\":\"Best Orthodontist & Dentist in Dubai UAE\",\"url\":\"https:\\\/\\\/www.orthodontist-dubai.com\\\/\",\"logo\":{\"@type\":\"ImageObject\",\"inLanguage\":\"hu\",\"@id\":\"https:\\\/\\\/www.orthodontist-dubai.com\\\/#\\\/schema\\\/logo\\\/image\\\/\",\"url\":\"https:\\\/\\\/www.orthodontist-dubai.com\\\/wp-content\\\/uploads\\\/2015\\\/04\\\/Othorontist-Dentist-UAE-Logo.png\",\"contentUrl\":\"https:\\\/\\\/www.orthodontist-dubai.com\\\/wp-content\\\/uploads\\\/2015\\\/04\\\/Othorontist-Dentist-UAE-Logo.png\",\"width\":190,\"height\":70,\"caption\":\"Best Orthodontist & Dentist in Dubai UAE\"},\"image\":{\"@id\":\"https:\\\/\\\/www.orthodontist-dubai.com\\\/#\\\/schema\\\/logo\\\/image\\\/\"},\"sameAs\":[\"https:\\\/\\\/www.facebook.com\\\/Orthodontist.Dentist.Dubai\\\/\",\"https:\\\/\\\/www.linkedin.com\\\/in\\\/dr-nazeer-ahmed-meeran-15691083\\\/\"]}]}<\/script>\n<!-- \/ Yoast SEO plugin. -->","yoast_head_json":{"title":"Fog\u00e1szati Klinika Trade Center k\u00f6rny\u00e9k\u00e9n | Fogorvos Bur Dubaiban","robots":{"index":"index","follow":"follow","max-snippet":"max-snippet:-1","max-image-preview":"max-image-preview:large","max-video-preview":"max-video-preview:-1"},"canonical":"https:\/\/www.orthodontist-dubai.com\/hu\/fogaszati\/","og_locale":"hu_HU","og_type":"article","og_title":"Dental Clinic in Trade Centre Area | Dentist in Bur Dubai","og_description":"A good oral hygiene is always needed to maintain healthy teeth and gums. The best in class dental clinic in Dubai with advanced technology and affordable dentists will help you resolve all your dental problems. There are many types of dental treatments available such as Fillings, Dental X-Rays, Crowns and Bridges, Root Canal Treatment, Periodontal [&hellip;]","og_url":"https:\/\/www.orthodontist-dubai.com\/hu\/fogaszati\/","og_site_name":"BEST Orthodontist &amp; Dentist in Dubai UAE for all Dental Treatments","article_publisher":"https:\/\/www.facebook.com\/Orthodontist.Dentist.Dubai\/","article_modified_time":"2023-02-24T05:01:17+00:00","og_image":[{"url":"https:\/\/www.orthodontist-dubai.com\/wp-content\/uploads\/2014\/12\/banner-best2.jpg","type":"","width":"","height":""}],"twitter_card":"summary_large_image","twitter_misc":{"Becs\u00fclt olvas\u00e1si id\u0151":"2 perc"},"schema":{"@context":"https:\/\/schema.org","@graph":[{"@type":"WebPage","@id":"https:\/\/www.orthodontist-dubai.com\/dental\/","url":"https:\/\/www.orthodontist-dubai.com\/dental\/","name":"Fog\u00e1szati Klinika Trade Center k\u00f6rny\u00e9k\u00e9n | Fogorvos Bur Dubaiban","isPartOf":{"@id":"https:\/\/www.orthodontist-dubai.com\/#website"},"primaryImageOfPage":{"@id":"https:\/\/www.orthodontist-dubai.com\/dental\/#primaryimage"},"image":{"@id":"https:\/\/www.orthodontist-dubai.com\/dental\/#primaryimage"},"thumbnailUrl":"https:\/\/www.orthodontist-dubai.com\/wp-content\/uploads\/2014\/12\/banner-best2.jpg","datePublished":"2015-04-15T06:47:15+00:00","dateModified":"2023-02-24T05:01:17+00:00","breadcrumb":{"@id":"https:\/\/www.orthodontist-dubai.com\/dental\/#breadcrumb"},"inLanguage":"hu","potentialAction":[{"@type":"ReadAction","target":["https:\/\/www.orthodontist-dubai.com\/dental\/"]}]},{"@type":"ImageObject","inLanguage":"hu","@id":"https:\/\/www.orthodontist-dubai.com\/dental\/#primaryimage","url":"https:\/\/www.orthodontist-dubai.com\/wp-content\/uploads\/2014\/12\/banner-best2.jpg","contentUrl":"https:\/\/www.orthodontist-dubai.com\/wp-content\/uploads\/2014\/12\/banner-best2.jpg"},{"@type":"BreadcrumbList","@id":"https:\/\/www.orthodontist-dubai.com\/dental\/#breadcrumb","itemListElement":[{"@type":"ListItem","position":1,"name":"\u2776 Home","item":"https:\/\/www.orthodontist-dubai.com\/"},{"@type":"ListItem","position":2,"name":"Dental Clinic in Trade Centre Area"}]},{"@type":"WebSite","@id":"https:\/\/www.orthodontist-dubai.com\/#website","url":"https:\/\/www.orthodontist-dubai.com\/","name":"LEGJOBB fogszab\u00e1lyz\u00f3 \u00e9s fogorvos Dubaiban, az Egyes\u00fclt Arab Em\u00edrs\u00e9gekben minden fog\u00e1szati kezel\u00e9shez","description":"Olcs\u00f3 \u00e9s legjobb fogszab\u00e1lyoz\u00f3 \u00e9s fogorvosok minden fog\u00e1szati kezel\u00e9shez Dubaiban, az Egyes\u00fclt Arab Em\u00edrs\u00e9gekben","publisher":{"@id":"https:\/\/www.orthodontist-dubai.com\/#organization"},"potentialAction":[{"@type":"SearchAction","target":{"@type":"EntryPoint","urlTemplate":"https:\/\/www.orthodontist-dubai.com\/?s={search_term_string}"},"query-input":{"@type":"PropertyValueSpecification","valueRequired":true,"valueName":"search_term_string"}}],"inLanguage":"hu"},{"@type":"Organization","@id":"https:\/\/www.orthodontist-dubai.com\/#organization","name":"A legjobb fogszab\u00e1lyz\u00f3 \u00e9s fogorvos Dubaiban, az Egyes\u00fclt Arab Em\u00edrs\u00e9gekben","url":"https:\/\/www.orthodontist-dubai.com\/","logo":{"@type":"ImageObject","inLanguage":"hu","@id":"https:\/\/www.orthodontist-dubai.com\/#\/schema\/logo\/image\/","url":"https:\/\/www.orthodontist-dubai.com\/wp-content\/uploads\/2015\/04\/Othorontist-Dentist-UAE-Logo.png","contentUrl":"https:\/\/www.orthodontist-dubai.com\/wp-content\/uploads\/2015\/04\/Othorontist-Dentist-UAE-Logo.png","width":190,"height":70,"caption":"Best Orthodontist & Dentist in Dubai UAE"},"image":{"@id":"https:\/\/www.orthodontist-dubai.com\/#\/schema\/logo\/image\/"},"sameAs":["https:\/\/www.facebook.com\/Orthodontist.Dentist.Dubai\/","https:\/\/www.linkedin.com\/in\/dr-nazeer-ahmed-meeran-15691083\/"]}]}},"_links":{"self":[{"href":"https:\/\/www.orthodontist-dubai.com\/hu\/wp-json\/wp\/v2\/pages\/150","targetHints":{"allow":["GET"]}}],"collection":[{"href":"https:\/\/www.orthodontist-dubai.com\/hu\/wp-json\/wp\/v2\/pages"}],"about":[{"href":"https:\/\/www.orthodontist-dubai.com\/hu\/wp-json\/wp\/v2\/types\/page"}],"author":[{"embeddable":true,"href":"https:\/\/www.orthodontist-dubai.com\/hu\/wp-json\/wp\/v2\/users\/1"}],"replies":[{"embeddable":true,"href":"https:\/\/www.orthodontist-dubai.com\/hu\/wp-json\/wp\/v2\/comments?post=150"}],"version-history":[{"count":4,"href":"https:\/\/www.orthodontist-dubai.com\/hu\/wp-json\/wp\/v2\/pages\/150\/revisions"}],"predecessor-version":[{"id":1709,"href":"https:\/\/www.orthodontist-dubai.com\/hu\/wp-json\/wp\/v2\/pages\/150\/revisions\/1709"}],"wp:attachment":[{"href":"https:\/\/www.orthodontist-dubai.com\/hu\/wp-json\/wp\/v2\/media?parent=150"}],"curies":[{"name":"wp","href":"https:\/\/api.w.org\/{rel}","templated":true}]}}