{"id":118,"date":"2015-04-10T12:20:34","date_gmt":"2015-04-10T12:20:34","guid":{"rendered":"https:\/\/www.orthodontist-dubai.com\/?page_id=118"},"modified":"2020-03-13T10:37:04","modified_gmt":"2020-03-13T06:37:04","slug":"smart-clip","status":"publish","type":"page","link":"https:\/\/www.orthodontist-dubai.com\/hu\/smart-clip\/","title":{"rendered":"Intelligens klip"},"content":{"rendered":"<p>A SmartClip\u2122 \u00f6nk\u00f6t\u0151, s\u00farl\u00f3d\u00e1smentes fogszab\u00e1lyoz\u00f3 a leg\u00fajabb term\u00e9k a fogszab\u00e1lyoz\u00e1s ter\u00fclet\u00e9n. Sz\u00e1m\u00edt\u00f3g\u00e9pes tervez\u00e9s\u0171ek \u00e9s speci\u00e1lisak <em>nikkel-tit\u00e1n<\/em> f\u00e9m\u00f6tv\u00f6zet a kiv\u00e1l\u00f3 eredm\u00e9nyek \u00e9rdek\u00e9ben.<img decoding=\"async\" class=\"aligncenter size-full wp-image-119 lazyload\" data-src=\"https:\/\/www.orthodontist-dubai.com\/wp-content\/uploads\/2015\/04\/braces-smartclip.jpg\" alt=\"fogszab\u00e1lyoz\u00f3 smartclip\" width=\"400\" height=\"242\" data-srcset=\"https:\/\/www.orthodontist-dubai.com\/wp-content\/uploads\/2015\/04\/braces-smartclip.jpg 400w, https:\/\/www.orthodontist-dubai.com\/wp-content\/uploads\/2015\/04\/braces-smartclip-300x182.jpg 300w\" data-sizes=\"(max-width: 400px) 100vw, 400px\" src=\"data:image\/svg+xml;base64,PHN2ZyB3aWR0aD0iMSIgaGVpZ2h0PSIxIiB4bWxucz0iaHR0cDovL3d3dy53My5vcmcvMjAwMC9zdmciPjwvc3ZnPg==\" style=\"--smush-placeholder-width: 400px; --smush-placeholder-aspect-ratio: 400\/242;\" \/><\/p>\n<p>A norm\u00e1l merev\u00edt\u0151k \u201erugalmas szalagokat\u201d haszn\u00e1lnak, amelyeket \u201eligat\u00far\u00e1knak\u201d is neveznek, hogy r\u00f6gz\u00edts\u00e9k az \u00edvhuzalt az egyes konzolok ny\u00edl\u00e1saiban. Ezek a szalagok foltoss\u00e1 v\u00e1lnak vagy megny\u00falnak, ez\u00e9rt fogszab\u00e1lyz\u00f3j\u00e1nak gyakran cser\u00e9lnie kell \u0151ket.<\/p>\n<p><a href=\"https:\/\/www.orthodontist-dubai.com\/wp-content\/uploads\/2015\/04\/smart-clip.png\"><img decoding=\"async\" class=\"aligncenter size-large wp-image-120 lazyload\" data-src=\"https:\/\/www.orthodontist-dubai.com\/wp-content\/uploads\/2015\/04\/smart-clip.png\" alt=\"okos klip\" width=\"750\" height=\"453\" data-srcset=\"https:\/\/www.orthodontist-dubai.com\/wp-content\/uploads\/2015\/04\/smart-clip.png 800w, https:\/\/www.orthodontist-dubai.com\/wp-content\/uploads\/2015\/04\/smart-clip-300x181.png 300w\" data-sizes=\"(max-width: 750px) 100vw, 750px\" src=\"data:image\/svg+xml;base64,PHN2ZyB3aWR0aD0iMSIgaGVpZ2h0PSIxIiB4bWxucz0iaHR0cDovL3d3dy53My5vcmcvMjAwMC9zdmciPjwvc3ZnPg==\" style=\"--smush-placeholder-width: 750px; --smush-placeholder-aspect-ratio: 750\/453;\" \/><\/a><\/p>\n<p>Az \u00f6n\u00e1ll\u00f3 liSmartClip\u2122 merev\u00edt\u0151knek nincs sz\u00fcks\u00e9g\u00fck ligat\u00far\u00e1kra az \u00edvhuzal megtart\u00e1s\u00e1hoz. Elasztikus szalagok helyett a SmartClip\u2122 merev\u00edt\u0151k nagyon kicsi f\u00e9mkapcsokat haszn\u00e1lnak az \u00edvhuzal r\u00f6gz\u00edt\u00e9s\u00e9hez a konzolban.<\/p>\n<p>Lek\u00f6t\u00e9sek n\u00e9lk\u00fcl kisebb a s\u00farl\u00f3d\u00e1s az \u00edvhuzalon. Az intelligens klip merev\u00edt\u0151k ker\u00e1mia kivitelben is kaphat\u00f3k <strong>Clarity SL<\/strong> \u00edgy eszt\u00e9tikailag tetszet\u0151sek.<br \/>\n<a href=\"https:\/\/www.orthodontist-dubai.com\/hu\/klinika-velemenyek\/\"><img decoding=\"async\" class=\"aligncenter wp-image-346 size-full lazyload\" data-src=\"https:\/\/www.orthodontist-dubai.com\/wp-content\/uploads\/2014\/12\/banner-best2.jpg\" alt=\"Smart Clip Dubaiban, Egyes\u00fclt Arab Em\u00edrs\u00e9gekben\" width=\"795\" height=\"459\" src=\"data:image\/svg+xml;base64,PHN2ZyB3aWR0aD0iMSIgaGVpZ2h0PSIxIiB4bWxucz0iaHR0cDovL3d3dy53My5vcmcvMjAwMC9zdmciPjwvc3ZnPg==\" style=\"--smush-placeholder-width: 795px; --smush-placeholder-aspect-ratio: 795\/459;\"><\/a><\/p>","protected":false},"excerpt":{"rendered":"<p>SmartClip&#x2122; Self-Ligating friction-free Braces are the latest in the field of orthodontics. They\u2019re computer designed &amp; comprise special nickel-titanium metal alloy to ensure com great results. Normal braces use \u201celastic bands\u201d also called as \u201cligatures\u201d to secure the archwire into a slot in each bracket. Those bands become stained or stretched, requiring your orthodontist to [&hellip;]<\/p>\n","protected":false},"author":1,"featured_media":0,"parent":0,"menu_order":0,"comment_status":"closed","ping_status":"closed","template":"","meta":{"site-sidebar-layout":"default","site-content-layout":"","ast-site-content-layout":"default","site-content-style":"default","site-sidebar-style":"default","ast-global-header-display":"","ast-banner-title-visibility":"","ast-main-header-display":"","ast-hfb-above-header-display":"","ast-hfb-below-header-display":"","ast-hfb-mobile-header-display":"","site-post-title":"","ast-breadcrumbs-content":"","ast-featured-img":"","footer-sml-layout":"","ast-disable-related-posts":"","theme-transparent-header-meta":"","adv-header-id-meta":"","stick-header-meta":"","header-above-stick-meta":"","header-main-stick-meta":"","header-below-stick-meta":"","astra-migrate-meta-layouts":"default","ast-page-background-enabled":"default","ast-page-background-meta":{"desktop":{"background-color":"var(--ast-global-color-4)","background-image":"","background-repeat":"repeat","background-position":"center center","background-size":"auto","background-attachment":"scroll","background-type":"","background-media":"","overlay-type":"","overlay-color":"","overlay-opacity":"","overlay-gradient":""},"tablet":{"background-color":"","background-image":"","background-repeat":"repeat","background-position":"center center","background-size":"auto","background-attachment":"scroll","background-type":"","background-media":"","overlay-type":"","overlay-color":"","overlay-opacity":"","overlay-gradient":""},"mobile":{"background-color":"","background-image":"","background-repeat":"repeat","background-position":"center center","background-size":"auto","background-attachment":"scroll","background-type":"","background-media":"","overlay-type":"","overlay-color":"","overlay-opacity":"","overlay-gradient":""}},"ast-content-background-meta":{"desktop":{"background-color":"var(--ast-global-color-5)","background-image":"","background-repeat":"repeat","background-position":"center center","background-size":"auto","background-attachment":"scroll","background-type":"","background-media":"","overlay-type":"","overlay-color":"","overlay-opacity":"","overlay-gradient":""},"tablet":{"background-color":"var(--ast-global-color-5)","background-image":"","background-repeat":"repeat","background-position":"center center","background-size":"auto","background-attachment":"scroll","background-type":"","background-media":"","overlay-type":"","overlay-color":"","overlay-opacity":"","overlay-gradient":""},"mobile":{"background-color":"var(--ast-global-color-5)","background-image":"","background-repeat":"repeat","background-position":"center center","background-size":"auto","background-attachment":"scroll","background-type":"","background-media":"","overlay-type":"","overlay-color":"","overlay-opacity":"","overlay-gradient":""}},"footnotes":""},"class_list":["post-118","page","type-page","status-publish","hentry"],"yoast_head":"<!-- This site is optimized with the Yoast SEO plugin v27.5 - https:\/\/yoast.com\/product\/yoast-seo-wordpress\/ -->\n<title>SMART CLIP IN DUBAI UAE<\/title>\n<meta name=\"robots\" content=\"index, follow, max-snippet:-1, max-image-preview:large, max-video-preview:-1\" \/>\n<link rel=\"canonical\" href=\"https:\/\/www.orthodontist-dubai.com\/hu\/smart-clip\/\" \/>\n<meta property=\"og:locale\" content=\"hu_HU\" \/>\n<meta property=\"og:type\" content=\"article\" \/>\n<meta property=\"og:title\" content=\"SMART CLIP IN DUBAI UAE\" \/>\n<meta property=\"og:description\" content=\"SmartClip&#x2122; Self-Ligating friction-free Braces are the latest in the field of orthodontics. They\u2019re computer designed &amp; comprise special nickel-titanium metal alloy to ensure com great results. Normal braces use \u201celastic bands\u201d also called as \u201cligatures\u201d to secure the archwire into a slot in each bracket. Those bands become stained or stretched, requiring your orthodontist to [&hellip;]\" \/>\n<meta property=\"og:url\" content=\"https:\/\/www.orthodontist-dubai.com\/hu\/smart-clip\/\" \/>\n<meta property=\"og:site_name\" content=\"BEST Orthodontist &amp; Dentist in Dubai UAE for all Dental Treatments\" \/>\n<meta property=\"article:publisher\" content=\"https:\/\/www.facebook.com\/Orthodontist.Dentist.Dubai\/\" \/>\n<meta property=\"article:modified_time\" content=\"2020-03-13T06:37:04+00:00\" \/>\n<meta property=\"og:image\" content=\"https:\/\/www.orthodontist-dubai.com\/wp-content\/uploads\/2015\/04\/braces-smartclip.jpg\" \/>\n<meta name=\"twitter:card\" content=\"summary_large_image\" \/>\n<meta name=\"twitter:label1\" content=\"Becs\u00fclt olvas\u00e1si id\u0151\" \/>\n\t<meta name=\"twitter:data1\" content=\"1 perc\" \/>\n<script type=\"application\/ld+json\" class=\"yoast-schema-graph\">{\"@context\":\"https:\\\/\\\/schema.org\",\"@graph\":[{\"@type\":\"WebPage\",\"@id\":\"https:\\\/\\\/www.orthodontist-dubai.com\\\/smart-clip\\\/\",\"url\":\"https:\\\/\\\/www.orthodontist-dubai.com\\\/smart-clip\\\/\",\"name\":\"SMART CLIP IN DUBAI UAE\",\"isPartOf\":{\"@id\":\"https:\\\/\\\/www.orthodontist-dubai.com\\\/#website\"},\"primaryImageOfPage\":{\"@id\":\"https:\\\/\\\/www.orthodontist-dubai.com\\\/smart-clip\\\/#primaryimage\"},\"image\":{\"@id\":\"https:\\\/\\\/www.orthodontist-dubai.com\\\/smart-clip\\\/#primaryimage\"},\"thumbnailUrl\":\"https:\\\/\\\/www.orthodontist-dubai.com\\\/wp-content\\\/uploads\\\/2015\\\/04\\\/braces-smartclip.jpg\",\"datePublished\":\"2015-04-10T12:20:34+00:00\",\"dateModified\":\"2020-03-13T06:37:04+00:00\",\"breadcrumb\":{\"@id\":\"https:\\\/\\\/www.orthodontist-dubai.com\\\/smart-clip\\\/#breadcrumb\"},\"inLanguage\":\"hu\",\"potentialAction\":[{\"@type\":\"ReadAction\",\"target\":[\"https:\\\/\\\/www.orthodontist-dubai.com\\\/smart-clip\\\/\"]}]},{\"@type\":\"ImageObject\",\"inLanguage\":\"hu\",\"@id\":\"https:\\\/\\\/www.orthodontist-dubai.com\\\/smart-clip\\\/#primaryimage\",\"url\":\"https:\\\/\\\/www.orthodontist-dubai.com\\\/wp-content\\\/uploads\\\/2015\\\/04\\\/braces-smartclip.jpg\",\"contentUrl\":\"https:\\\/\\\/www.orthodontist-dubai.com\\\/wp-content\\\/uploads\\\/2015\\\/04\\\/braces-smartclip.jpg\"},{\"@type\":\"BreadcrumbList\",\"@id\":\"https:\\\/\\\/www.orthodontist-dubai.com\\\/smart-clip\\\/#breadcrumb\",\"itemListElement\":[{\"@type\":\"ListItem\",\"position\":1,\"name\":\"\u2776 Home\",\"item\":\"https:\\\/\\\/www.orthodontist-dubai.com\\\/\"},{\"@type\":\"ListItem\",\"position\":2,\"name\":\"Smart Clip\"}]},{\"@type\":\"WebSite\",\"@id\":\"https:\\\/\\\/www.orthodontist-dubai.com\\\/#website\",\"url\":\"https:\\\/\\\/www.orthodontist-dubai.com\\\/\",\"name\":\"BEST Orthodontist &amp; Dentist in Dubai UAE for all Dental Treatments\",\"description\":\"Cheap &amp; Best Orthodontist &amp; Dentists for all dental treatments in Dubai UAE\",\"publisher\":{\"@id\":\"https:\\\/\\\/www.orthodontist-dubai.com\\\/#organization\"},\"potentialAction\":[{\"@type\":\"SearchAction\",\"target\":{\"@type\":\"EntryPoint\",\"urlTemplate\":\"https:\\\/\\\/www.orthodontist-dubai.com\\\/?s={search_term_string}\"},\"query-input\":{\"@type\":\"PropertyValueSpecification\",\"valueRequired\":true,\"valueName\":\"search_term_string\"}}],\"inLanguage\":\"hu\"},{\"@type\":\"Organization\",\"@id\":\"https:\\\/\\\/www.orthodontist-dubai.com\\\/#organization\",\"name\":\"Best Orthodontist & Dentist in Dubai UAE\",\"url\":\"https:\\\/\\\/www.orthodontist-dubai.com\\\/\",\"logo\":{\"@type\":\"ImageObject\",\"inLanguage\":\"hu\",\"@id\":\"https:\\\/\\\/www.orthodontist-dubai.com\\\/#\\\/schema\\\/logo\\\/image\\\/\",\"url\":\"https:\\\/\\\/www.orthodontist-dubai.com\\\/wp-content\\\/uploads\\\/2015\\\/04\\\/Othorontist-Dentist-UAE-Logo.png\",\"contentUrl\":\"https:\\\/\\\/www.orthodontist-dubai.com\\\/wp-content\\\/uploads\\\/2015\\\/04\\\/Othorontist-Dentist-UAE-Logo.png\",\"width\":190,\"height\":70,\"caption\":\"Best Orthodontist & Dentist in Dubai UAE\"},\"image\":{\"@id\":\"https:\\\/\\\/www.orthodontist-dubai.com\\\/#\\\/schema\\\/logo\\\/image\\\/\"},\"sameAs\":[\"https:\\\/\\\/www.facebook.com\\\/Orthodontist.Dentist.Dubai\\\/\",\"https:\\\/\\\/www.linkedin.com\\\/in\\\/dr-nazeer-ahmed-meeran-15691083\\\/\"]}]}<\/script>\n<!-- \/ Yoast SEO plugin. -->","yoast_head_json":{"title":"SMART KLIP DUBAJBAN, EAE","robots":{"index":"index","follow":"follow","max-snippet":"max-snippet:-1","max-image-preview":"max-image-preview:large","max-video-preview":"max-video-preview:-1"},"canonical":"https:\/\/www.orthodontist-dubai.com\/hu\/smart-clip\/","og_locale":"hu_HU","og_type":"article","og_title":"SMART CLIP IN DUBAI UAE","og_description":"SmartClip&#x2122; Self-Ligating friction-free Braces are the latest in the field of orthodontics. They\u2019re computer designed &amp; comprise special nickel-titanium metal alloy to ensure com great results. Normal braces use \u201celastic bands\u201d also called as \u201cligatures\u201d to secure the archwire into a slot in each bracket. Those bands become stained or stretched, requiring your orthodontist to [&hellip;]","og_url":"https:\/\/www.orthodontist-dubai.com\/hu\/smart-clip\/","og_site_name":"BEST Orthodontist &amp; Dentist in Dubai UAE for all Dental Treatments","article_publisher":"https:\/\/www.facebook.com\/Orthodontist.Dentist.Dubai\/","article_modified_time":"2020-03-13T06:37:04+00:00","og_image":[{"url":"https:\/\/www.orthodontist-dubai.com\/wp-content\/uploads\/2015\/04\/braces-smartclip.jpg","type":"","width":"","height":""}],"twitter_card":"summary_large_image","twitter_misc":{"Becs\u00fclt olvas\u00e1si id\u0151":"1 perc"},"schema":{"@context":"https:\/\/schema.org","@graph":[{"@type":"WebPage","@id":"https:\/\/www.orthodontist-dubai.com\/smart-clip\/","url":"https:\/\/www.orthodontist-dubai.com\/smart-clip\/","name":"SMART KLIP DUBAJBAN, EAE","isPartOf":{"@id":"https:\/\/www.orthodontist-dubai.com\/#website"},"primaryImageOfPage":{"@id":"https:\/\/www.orthodontist-dubai.com\/smart-clip\/#primaryimage"},"image":{"@id":"https:\/\/www.orthodontist-dubai.com\/smart-clip\/#primaryimage"},"thumbnailUrl":"https:\/\/www.orthodontist-dubai.com\/wp-content\/uploads\/2015\/04\/braces-smartclip.jpg","datePublished":"2015-04-10T12:20:34+00:00","dateModified":"2020-03-13T06:37:04+00:00","breadcrumb":{"@id":"https:\/\/www.orthodontist-dubai.com\/smart-clip\/#breadcrumb"},"inLanguage":"hu","potentialAction":[{"@type":"ReadAction","target":["https:\/\/www.orthodontist-dubai.com\/smart-clip\/"]}]},{"@type":"ImageObject","inLanguage":"hu","@id":"https:\/\/www.orthodontist-dubai.com\/smart-clip\/#primaryimage","url":"https:\/\/www.orthodontist-dubai.com\/wp-content\/uploads\/2015\/04\/braces-smartclip.jpg","contentUrl":"https:\/\/www.orthodontist-dubai.com\/wp-content\/uploads\/2015\/04\/braces-smartclip.jpg"},{"@type":"BreadcrumbList","@id":"https:\/\/www.orthodontist-dubai.com\/smart-clip\/#breadcrumb","itemListElement":[{"@type":"ListItem","position":1,"name":"\u2776 Home","item":"https:\/\/www.orthodontist-dubai.com\/"},{"@type":"ListItem","position":2,"name":"Smart Clip"}]},{"@type":"WebSite","@id":"https:\/\/www.orthodontist-dubai.com\/#website","url":"https:\/\/www.orthodontist-dubai.com\/","name":"LEGJOBB fogszab\u00e1lyz\u00f3 \u00e9s fogorvos Dubaiban, az Egyes\u00fclt Arab Em\u00edrs\u00e9gekben minden fog\u00e1szati kezel\u00e9shez","description":"Olcs\u00f3 \u00e9s legjobb fogszab\u00e1lyoz\u00f3 \u00e9s fogorvosok minden fog\u00e1szati kezel\u00e9shez Dubaiban, az Egyes\u00fclt Arab Em\u00edrs\u00e9gekben","publisher":{"@id":"https:\/\/www.orthodontist-dubai.com\/#organization"},"potentialAction":[{"@type":"SearchAction","target":{"@type":"EntryPoint","urlTemplate":"https:\/\/www.orthodontist-dubai.com\/?s={search_term_string}"},"query-input":{"@type":"PropertyValueSpecification","valueRequired":true,"valueName":"search_term_string"}}],"inLanguage":"hu"},{"@type":"Organization","@id":"https:\/\/www.orthodontist-dubai.com\/#organization","name":"A legjobb fogszab\u00e1lyz\u00f3 \u00e9s fogorvos Dubaiban, az Egyes\u00fclt Arab Em\u00edrs\u00e9gekben","url":"https:\/\/www.orthodontist-dubai.com\/","logo":{"@type":"ImageObject","inLanguage":"hu","@id":"https:\/\/www.orthodontist-dubai.com\/#\/schema\/logo\/image\/","url":"https:\/\/www.orthodontist-dubai.com\/wp-content\/uploads\/2015\/04\/Othorontist-Dentist-UAE-Logo.png","contentUrl":"https:\/\/www.orthodontist-dubai.com\/wp-content\/uploads\/2015\/04\/Othorontist-Dentist-UAE-Logo.png","width":190,"height":70,"caption":"Best Orthodontist & Dentist in Dubai UAE"},"image":{"@id":"https:\/\/www.orthodontist-dubai.com\/#\/schema\/logo\/image\/"},"sameAs":["https:\/\/www.facebook.com\/Orthodontist.Dentist.Dubai\/","https:\/\/www.linkedin.com\/in\/dr-nazeer-ahmed-meeran-15691083\/"]}]}},"_links":{"self":[{"href":"https:\/\/www.orthodontist-dubai.com\/hu\/wp-json\/wp\/v2\/pages\/118","targetHints":{"allow":["GET"]}}],"collection":[{"href":"https:\/\/www.orthodontist-dubai.com\/hu\/wp-json\/wp\/v2\/pages"}],"about":[{"href":"https:\/\/www.orthodontist-dubai.com\/hu\/wp-json\/wp\/v2\/types\/page"}],"author":[{"embeddable":true,"href":"https:\/\/www.orthodontist-dubai.com\/hu\/wp-json\/wp\/v2\/users\/1"}],"replies":[{"embeddable":true,"href":"https:\/\/www.orthodontist-dubai.com\/hu\/wp-json\/wp\/v2\/comments?post=118"}],"version-history":[{"count":2,"href":"https:\/\/www.orthodontist-dubai.com\/hu\/wp-json\/wp\/v2\/pages\/118\/revisions"}],"predecessor-version":[{"id":763,"href":"https:\/\/www.orthodontist-dubai.com\/hu\/wp-json\/wp\/v2\/pages\/118\/revisions\/763"}],"wp:attachment":[{"href":"https:\/\/www.orthodontist-dubai.com\/hu\/wp-json\/wp\/v2\/media?parent=118"}],"curies":[{"name":"wp","href":"https:\/\/api.w.org\/{rel}","templated":true}]}}