{"id":11,"date":"2014-12-28T18:03:31","date_gmt":"2014-12-28T18:03:31","guid":{"rendered":"https:\/\/www.orthodontist-dubai.com\/?page_id=11"},"modified":"2016-06-25T04:58:10","modified_gmt":"2016-06-25T00:58:10","slug":"orthodontic-braces-types","status":"publish","type":"page","link":"https:\/\/www.orthodontist-dubai.com\/hu\/fogszabalyozasi-fogszabalyozo-tipusok\/","title":{"rendered":"Fogszab\u00e1lyoz\u00f3 fogszab\u00e1lyoz\u00f3 t\u00edpusok"},"content":{"rendered":"<p>A fogszab\u00e1lyz\u00f3 szakosodott fogorvos, aki fogszab\u00e1lyz\u00f3k vagy k\u00e9sz\u00fcl\u00e9kek seg\u00edts\u00e9g\u00e9vel kiegyenes\u00edti a ferde fogakat vagy az \u00e1llkapcsokat. Elm\u00faltak azok az id\u0151k, amikor csak a f\u00e9m fogszab\u00e1lyoz\u00f3 jelentette a fogszab\u00e1lyoz\u00e1st. Ismerje meg a ma kaphat\u00f3 k\u00fcl\u00f6nf\u00e9le t\u00edpus\u00fa fogszab\u00e1lyz\u00f3kat \u00e9s azok teljes r\u00e9szleteit, ha kiv\u00e1lasztja a k\u00edv\u00e1ntat a f\u0151men\u00fc leg\u00f6rd\u00fcl\u0151 men\u00fcj\u00e9b\u0151l vagy alulr\u00f3l.<\/p>\n<ul>\n<li><a href=\"https:\/\/www.orthodontist-dubai.com\/hu\/hagyomanyos-fem-fogszabalyozo\/\">F\u00e9m merev\u00edt\u0151k t\u00edpusai<\/a><\/li>\n<li><a href=\"https:\/\/www.orthodontist-dubai.com\/hu\/keramia-merevito\/\">Ker\u00e1mia fogszab\u00e1lyoz\u00f3<\/a><\/li>\n<li><a href=\"https:\/\/www.orthodontist-dubai.com\/hu\/nyelvi-inkognito-kapcsos\/\">Nyelvi fogszab\u00e1lyoz\u00f3<\/a><\/li>\n<li><a href=\"https:\/\/www.orthodontist-dubai.com\/hu\/damon-merevitok\/\">Damon Braces<\/a><\/li>\n<li><a href=\"https:\/\/www.orthodontist-dubai.com\/hu\/invisalign\/\">Invisalign \u2013 l\u00e1thatatlan fogszab\u00e1lyz\u00f3 Dubaiban, az Egyes\u00fclt Arab Em\u00edrs\u00e9gekben<\/a><\/li>\n<li><a href=\"https:\/\/www.orthodontist-dubai.com\/hu\/eon-aligners\/\">Eon Aligners<\/a><\/li>\n<li><a href=\"https:\/\/www.orthodontist-dubai.com\/hu\/harmonia-rendszer\/\">Harm\u00f3nia rendszer<\/a><\/li>\n<li><a href=\"https:\/\/www.orthodontist-dubai.com\/hu\/inkognito-kapcsos\/\">Inkognit\u00f3 fogszab\u00e1lyoz\u00f3<\/a><\/li>\n<li><a href=\"https:\/\/www.orthodontist-dubai.com\/hu\/smart-clip\/\">Intelligens klip<\/a><\/li>\n<li><a href=\"https:\/\/www.orthodontist-dubai.com\/hu\/tenbrook-t1-rendszer\/\">Tenbrook T1 rendszer<\/a><\/li>\n<li><a href=\"https:\/\/www.orthodontist-dubai.com\/hu\/ortopediai-keszulek\/\">Ortop\u00e9diai k\u00e9sz\u00fcl\u00e9k<\/a><\/li>\n<\/ul>","protected":false},"excerpt":{"rendered":"<p>An orthodontist is a specialized dentist who straightens crooked teeth or misaligned jaws with the help of braces or appliances. Gone are the days when only the metal braces meant Orthodontic Treatments. Find out the various types of braces available today and their complete details by selecting the desired one from the main menu drop [&hellip;]<\/p>\n","protected":false},"author":1,"featured_media":0,"parent":0,"menu_order":0,"comment_status":"closed","ping_status":"closed","template":"page-templates\/full-width.php","meta":{"site-sidebar-layout":"default","site-content-layout":"","ast-site-content-layout":"default","site-content-style":"default","site-sidebar-style":"default","ast-global-header-display":"","ast-banner-title-visibility":"","ast-main-header-display":"","ast-hfb-above-header-display":"","ast-hfb-below-header-display":"","ast-hfb-mobile-header-display":"","site-post-title":"","ast-breadcrumbs-content":"","ast-featured-img":"","footer-sml-layout":"","ast-disable-related-posts":"","theme-transparent-header-meta":"","adv-header-id-meta":"","stick-header-meta":"","header-above-stick-meta":"","header-main-stick-meta":"","header-below-stick-meta":"","astra-migrate-meta-layouts":"default","ast-page-background-enabled":"default","ast-page-background-meta":{"desktop":{"background-color":"var(--ast-global-color-4)","background-image":"","background-repeat":"repeat","background-position":"center center","background-size":"auto","background-attachment":"scroll","background-type":"","background-media":"","overlay-type":"","overlay-color":"","overlay-opacity":"","overlay-gradient":""},"tablet":{"background-color":"","background-image":"","background-repeat":"repeat","background-position":"center center","background-size":"auto","background-attachment":"scroll","background-type":"","background-media":"","overlay-type":"","overlay-color":"","overlay-opacity":"","overlay-gradient":""},"mobile":{"background-color":"","background-image":"","background-repeat":"repeat","background-position":"center center","background-size":"auto","background-attachment":"scroll","background-type":"","background-media":"","overlay-type":"","overlay-color":"","overlay-opacity":"","overlay-gradient":""}},"ast-content-background-meta":{"desktop":{"background-color":"var(--ast-global-color-5)","background-image":"","background-repeat":"repeat","background-position":"center center","background-size":"auto","background-attachment":"scroll","background-type":"","background-media":"","overlay-type":"","overlay-color":"","overlay-opacity":"","overlay-gradient":""},"tablet":{"background-color":"var(--ast-global-color-5)","background-image":"","background-repeat":"repeat","background-position":"center center","background-size":"auto","background-attachment":"scroll","background-type":"","background-media":"","overlay-type":"","overlay-color":"","overlay-opacity":"","overlay-gradient":""},"mobile":{"background-color":"var(--ast-global-color-5)","background-image":"","background-repeat":"repeat","background-position":"center center","background-size":"auto","background-attachment":"scroll","background-type":"","background-media":"","overlay-type":"","overlay-color":"","overlay-opacity":"","overlay-gradient":""}},"footnotes":""},"class_list":["post-11","page","type-page","status-publish","hentry"],"yoast_head":"<!-- This site is optimized with the Yoast SEO plugin v27.5 - https:\/\/yoast.com\/product\/yoast-seo-wordpress\/ -->\n<title>ORTHODONTIC BRACES TYPES IN DUBAI UAE<\/title>\n<meta name=\"robots\" content=\"index, follow, max-snippet:-1, max-image-preview:large, max-video-preview:-1\" \/>\n<link rel=\"canonical\" href=\"https:\/\/www.orthodontist-dubai.com\/hu\/fogszabalyozasi-fogszabalyozo-tipusok\/\" \/>\n<meta property=\"og:locale\" content=\"hu_HU\" \/>\n<meta property=\"og:type\" content=\"article\" \/>\n<meta property=\"og:title\" content=\"ORTHODONTIC BRACES TYPES IN DUBAI UAE\" \/>\n<meta property=\"og:description\" content=\"An orthodontist is a specialized dentist who straightens crooked teeth or misaligned jaws with the help of braces or appliances. Gone are the days when only the metal braces meant Orthodontic Treatments. Find out the various types of braces available today and their complete details by selecting the desired one from the main menu drop [&hellip;]\" \/>\n<meta property=\"og:url\" content=\"https:\/\/www.orthodontist-dubai.com\/hu\/fogszabalyozasi-fogszabalyozo-tipusok\/\" \/>\n<meta property=\"og:site_name\" content=\"BEST Orthodontist &amp; Dentist in Dubai UAE for all Dental Treatments\" \/>\n<meta property=\"article:publisher\" content=\"https:\/\/www.facebook.com\/Orthodontist.Dentist.Dubai\/\" \/>\n<meta property=\"article:modified_time\" content=\"2016-06-25T00:58:10+00:00\" \/>\n<meta name=\"twitter:card\" content=\"summary_large_image\" \/>\n<script type=\"application\/ld+json\" class=\"yoast-schema-graph\">{\"@context\":\"https:\\\/\\\/schema.org\",\"@graph\":[{\"@type\":\"WebPage\",\"@id\":\"https:\\\/\\\/www.orthodontist-dubai.com\\\/orthodontic-braces-types\\\/\",\"url\":\"https:\\\/\\\/www.orthodontist-dubai.com\\\/orthodontic-braces-types\\\/\",\"name\":\"ORTHODONTIC BRACES TYPES IN DUBAI UAE\",\"isPartOf\":{\"@id\":\"https:\\\/\\\/www.orthodontist-dubai.com\\\/#website\"},\"datePublished\":\"2014-12-28T18:03:31+00:00\",\"dateModified\":\"2016-06-25T00:58:10+00:00\",\"breadcrumb\":{\"@id\":\"https:\\\/\\\/www.orthodontist-dubai.com\\\/orthodontic-braces-types\\\/#breadcrumb\"},\"inLanguage\":\"hu\",\"potentialAction\":[{\"@type\":\"ReadAction\",\"target\":[\"https:\\\/\\\/www.orthodontist-dubai.com\\\/orthodontic-braces-types\\\/\"]}]},{\"@type\":\"BreadcrumbList\",\"@id\":\"https:\\\/\\\/www.orthodontist-dubai.com\\\/orthodontic-braces-types\\\/#breadcrumb\",\"itemListElement\":[{\"@type\":\"ListItem\",\"position\":1,\"name\":\"\u2776 Home\",\"item\":\"https:\\\/\\\/www.orthodontist-dubai.com\\\/\"},{\"@type\":\"ListItem\",\"position\":2,\"name\":\"Orthodontic Braces Types\"}]},{\"@type\":\"WebSite\",\"@id\":\"https:\\\/\\\/www.orthodontist-dubai.com\\\/#website\",\"url\":\"https:\\\/\\\/www.orthodontist-dubai.com\\\/\",\"name\":\"BEST Orthodontist &amp; Dentist in Dubai UAE for all Dental Treatments\",\"description\":\"Cheap &amp; Best Orthodontist &amp; Dentists for all dental treatments in Dubai UAE\",\"publisher\":{\"@id\":\"https:\\\/\\\/www.orthodontist-dubai.com\\\/#organization\"},\"potentialAction\":[{\"@type\":\"SearchAction\",\"target\":{\"@type\":\"EntryPoint\",\"urlTemplate\":\"https:\\\/\\\/www.orthodontist-dubai.com\\\/?s={search_term_string}\"},\"query-input\":{\"@type\":\"PropertyValueSpecification\",\"valueRequired\":true,\"valueName\":\"search_term_string\"}}],\"inLanguage\":\"hu\"},{\"@type\":\"Organization\",\"@id\":\"https:\\\/\\\/www.orthodontist-dubai.com\\\/#organization\",\"name\":\"Best Orthodontist & Dentist in Dubai UAE\",\"url\":\"https:\\\/\\\/www.orthodontist-dubai.com\\\/\",\"logo\":{\"@type\":\"ImageObject\",\"inLanguage\":\"hu\",\"@id\":\"https:\\\/\\\/www.orthodontist-dubai.com\\\/#\\\/schema\\\/logo\\\/image\\\/\",\"url\":\"https:\\\/\\\/www.orthodontist-dubai.com\\\/wp-content\\\/uploads\\\/2015\\\/04\\\/Othorontist-Dentist-UAE-Logo.png\",\"contentUrl\":\"https:\\\/\\\/www.orthodontist-dubai.com\\\/wp-content\\\/uploads\\\/2015\\\/04\\\/Othorontist-Dentist-UAE-Logo.png\",\"width\":190,\"height\":70,\"caption\":\"Best Orthodontist & Dentist in Dubai UAE\"},\"image\":{\"@id\":\"https:\\\/\\\/www.orthodontist-dubai.com\\\/#\\\/schema\\\/logo\\\/image\\\/\"},\"sameAs\":[\"https:\\\/\\\/www.facebook.com\\\/Orthodontist.Dentist.Dubai\\\/\",\"https:\\\/\\\/www.linkedin.com\\\/in\\\/dr-nazeer-ahmed-meeran-15691083\\\/\"]}]}<\/script>\n<!-- \/ Yoast SEO plugin. -->","yoast_head_json":{"title":"FOGSZAB\u00c1LYOZ\u00c1SI BREZETT\u00cdPUSOK DUBAJBAN, EAE","robots":{"index":"index","follow":"follow","max-snippet":"max-snippet:-1","max-image-preview":"max-image-preview:large","max-video-preview":"max-video-preview:-1"},"canonical":"https:\/\/www.orthodontist-dubai.com\/hu\/fogszabalyozasi-fogszabalyozo-tipusok\/","og_locale":"hu_HU","og_type":"article","og_title":"ORTHODONTIC BRACES TYPES IN DUBAI UAE","og_description":"An orthodontist is a specialized dentist who straightens crooked teeth or misaligned jaws with the help of braces or appliances. Gone are the days when only the metal braces meant Orthodontic Treatments. Find out the various types of braces available today and their complete details by selecting the desired one from the main menu drop [&hellip;]","og_url":"https:\/\/www.orthodontist-dubai.com\/hu\/fogszabalyozasi-fogszabalyozo-tipusok\/","og_site_name":"BEST Orthodontist &amp; Dentist in Dubai UAE for all Dental Treatments","article_publisher":"https:\/\/www.facebook.com\/Orthodontist.Dentist.Dubai\/","article_modified_time":"2016-06-25T00:58:10+00:00","twitter_card":"summary_large_image","schema":{"@context":"https:\/\/schema.org","@graph":[{"@type":"WebPage","@id":"https:\/\/www.orthodontist-dubai.com\/orthodontic-braces-types\/","url":"https:\/\/www.orthodontist-dubai.com\/orthodontic-braces-types\/","name":"FOGSZAB\u00c1LYOZ\u00c1SI BREZETT\u00cdPUSOK DUBAJBAN, EAE","isPartOf":{"@id":"https:\/\/www.orthodontist-dubai.com\/#website"},"datePublished":"2014-12-28T18:03:31+00:00","dateModified":"2016-06-25T00:58:10+00:00","breadcrumb":{"@id":"https:\/\/www.orthodontist-dubai.com\/orthodontic-braces-types\/#breadcrumb"},"inLanguage":"hu","potentialAction":[{"@type":"ReadAction","target":["https:\/\/www.orthodontist-dubai.com\/orthodontic-braces-types\/"]}]},{"@type":"BreadcrumbList","@id":"https:\/\/www.orthodontist-dubai.com\/orthodontic-braces-types\/#breadcrumb","itemListElement":[{"@type":"ListItem","position":1,"name":"\u2776 Home","item":"https:\/\/www.orthodontist-dubai.com\/"},{"@type":"ListItem","position":2,"name":"Orthodontic Braces Types"}]},{"@type":"WebSite","@id":"https:\/\/www.orthodontist-dubai.com\/#website","url":"https:\/\/www.orthodontist-dubai.com\/","name":"LEGJOBB fogszab\u00e1lyz\u00f3 \u00e9s fogorvos Dubaiban, az Egyes\u00fclt Arab Em\u00edrs\u00e9gekben minden fog\u00e1szati kezel\u00e9shez","description":"Olcs\u00f3 \u00e9s legjobb fogszab\u00e1lyoz\u00f3 \u00e9s fogorvosok minden fog\u00e1szati kezel\u00e9shez Dubaiban, az Egyes\u00fclt Arab Em\u00edrs\u00e9gekben","publisher":{"@id":"https:\/\/www.orthodontist-dubai.com\/#organization"},"potentialAction":[{"@type":"SearchAction","target":{"@type":"EntryPoint","urlTemplate":"https:\/\/www.orthodontist-dubai.com\/?s={search_term_string}"},"query-input":{"@type":"PropertyValueSpecification","valueRequired":true,"valueName":"search_term_string"}}],"inLanguage":"hu"},{"@type":"Organization","@id":"https:\/\/www.orthodontist-dubai.com\/#organization","name":"A legjobb fogszab\u00e1lyz\u00f3 \u00e9s fogorvos Dubaiban, az Egyes\u00fclt Arab Em\u00edrs\u00e9gekben","url":"https:\/\/www.orthodontist-dubai.com\/","logo":{"@type":"ImageObject","inLanguage":"hu","@id":"https:\/\/www.orthodontist-dubai.com\/#\/schema\/logo\/image\/","url":"https:\/\/www.orthodontist-dubai.com\/wp-content\/uploads\/2015\/04\/Othorontist-Dentist-UAE-Logo.png","contentUrl":"https:\/\/www.orthodontist-dubai.com\/wp-content\/uploads\/2015\/04\/Othorontist-Dentist-UAE-Logo.png","width":190,"height":70,"caption":"Best Orthodontist & Dentist in Dubai UAE"},"image":{"@id":"https:\/\/www.orthodontist-dubai.com\/#\/schema\/logo\/image\/"},"sameAs":["https:\/\/www.facebook.com\/Orthodontist.Dentist.Dubai\/","https:\/\/www.linkedin.com\/in\/dr-nazeer-ahmed-meeran-15691083\/"]}]}},"_links":{"self":[{"href":"https:\/\/www.orthodontist-dubai.com\/hu\/wp-json\/wp\/v2\/pages\/11","targetHints":{"allow":["GET"]}}],"collection":[{"href":"https:\/\/www.orthodontist-dubai.com\/hu\/wp-json\/wp\/v2\/pages"}],"about":[{"href":"https:\/\/www.orthodontist-dubai.com\/hu\/wp-json\/wp\/v2\/types\/page"}],"author":[{"embeddable":true,"href":"https:\/\/www.orthodontist-dubai.com\/hu\/wp-json\/wp\/v2\/users\/1"}],"replies":[{"embeddable":true,"href":"https:\/\/www.orthodontist-dubai.com\/hu\/wp-json\/wp\/v2\/comments?post=11"}],"version-history":[{"count":2,"href":"https:\/\/www.orthodontist-dubai.com\/hu\/wp-json\/wp\/v2\/pages\/11\/revisions"}],"predecessor-version":[{"id":292,"href":"https:\/\/www.orthodontist-dubai.com\/hu\/wp-json\/wp\/v2\/pages\/11\/revisions\/292"}],"wp:attachment":[{"href":"https:\/\/www.orthodontist-dubai.com\/hu\/wp-json\/wp\/v2\/media?parent=11"}],"curies":[{"name":"wp","href":"https:\/\/api.w.org\/{rel}","templated":true}]}}