{"id":97,"date":"2015-04-10T11:33:19","date_gmt":"2015-04-10T11:33:19","guid":{"rendered":"https:\/\/www.orthodontist-dubai.com\/?page_id=97"},"modified":"2020-03-13T10:39:07","modified_gmt":"2020-03-13T06:39:07","slug":"harmony-system","status":"publish","type":"page","link":"https:\/\/www.orthodontist-dubai.com\/fr\/systeme-dharmonie\/","title":{"rendered":"Syst\u00e8me d&#039;harmonie"},"content":{"rendered":"<div id=\"benefices-intro\">\n<ul>\n<li>HARMONY est le dernier syst\u00e8me de support lingual auto-ligaturant fabriqu\u00e9 aux \u00c9tats-Unis.<\/li>\n<li>Les appareils HARMONY sont personnalis\u00e9s num\u00e9riquement pour chaque patient.<\/li>\n<li>HARMONY sont invisibles car ils sont derri\u00e8re vos dents.<\/li>\n<\/ul>\n<p><img decoding=\"async\" class=\"aligncenter size-full wp-image-98 lazyload\" data-src=\"https:\/\/www.orthodontist-dubai.com\/wp-content\/uploads\/2015\/04\/harmony-system.png\" alt=\"syst\u00e8me d&#039;harmonie\" width=\"718\" height=\"293\" data-srcset=\"https:\/\/www.orthodontist-dubai.com\/wp-content\/uploads\/2015\/04\/harmony-system.png 718w, https:\/\/www.orthodontist-dubai.com\/wp-content\/uploads\/2015\/04\/harmony-system-300x122.png 300w\" data-sizes=\"(max-width: 718px) 100vw, 718px\" src=\"data:image\/svg+xml;base64,PHN2ZyB3aWR0aD0iMSIgaGVpZ2h0PSIxIiB4bWxucz0iaHR0cDovL3d3dy53My5vcmcvMjAwMC9zdmciPjwvc3ZnPg==\" style=\"--smush-placeholder-width: 718px; --smush-placeholder-aspect-ratio: 718\/293;\" \/><\/p>\n<\/div>\n<div>\n<div>\n<p>Ils sont personnalis\u00e9s pour vous \u00e0 l&#039;aide de la technologie CAD-CAM 3D avanc\u00e9e. Votre dentiste enregistre une empreinte de vos dents (enregistrement de vos dents mal align\u00e9es). La technologie logicielle num\u00e9rique permet \u00e0 votre expert dentaire de concevoir votre r\u00e9sultat final. Cela inclut les arcs pli\u00e9s robotis\u00e9s.<\/p>\n<\/div>\n<\/div>\n<div>\n<div><img decoding=\"async\" class=\"aligncenter size-full wp-image-99 lazyload\" data-src=\"https:\/\/www.orthodontist-dubai.com\/wp-content\/uploads\/2015\/04\/harmony-braces.png\" alt=\"accolades d&#039;harmonie\" width=\"523\" height=\"169\" data-srcset=\"https:\/\/www.orthodontist-dubai.com\/wp-content\/uploads\/2015\/04\/harmony-braces.png 523w, https:\/\/www.orthodontist-dubai.com\/wp-content\/uploads\/2015\/04\/harmony-braces-300x97.png 300w\" data-sizes=\"(max-width: 523px) 100vw, 523px\" src=\"data:image\/svg+xml;base64,PHN2ZyB3aWR0aD0iMSIgaGVpZ2h0PSIxIiB4bWxucz0iaHR0cDovL3d3dy53My5vcmcvMjAwMC9zdmciPjwvc3ZnPg==\" style=\"--smush-placeholder-width: 523px; --smush-placeholder-aspect-ratio: 523\/169;\" \/><\/div>\n<\/div>\n<div><\/div>\n<p>Il est petit et lisse, donc tr\u00e8s confortable. La technologie d&#039;auto-ligature offre une plus grande pr\u00e9cision, une friction r\u00e9duite et de meilleurs r\u00e9sultats confortables.<br \/>\n<a href=\"https:\/\/www.orthodontist-dubai.com\/fr\/avis-cliniques\/\"><img decoding=\"async\" class=\"aligncenter wp-image-346 size-full lazyload\" data-src=\"https:\/\/www.orthodontist-dubai.com\/wp-content\/uploads\/2014\/12\/banner-best2.jpg\" alt=\"Harmony System \u00e0 Duba\u00ef, \u00c9mirats Arabes Unis\" width=\"795\" height=\"459\" src=\"data:image\/svg+xml;base64,PHN2ZyB3aWR0aD0iMSIgaGVpZ2h0PSIxIiB4bWxucz0iaHR0cDovL3d3dy53My5vcmcvMjAwMC9zdmciPjwvc3ZnPg==\" style=\"--smush-placeholder-width: 795px; --smush-placeholder-aspect-ratio: 795\/459;\"><\/a><\/p>","protected":false},"excerpt":{"rendered":"<p>HARMONY is the latest self-ligating lingual bracket system made in USA. HARMONY braces are digitally customized for each patient. HARMONY are invisible as they are behind your teeth. The are customized for you using advanced 3D CAD-CAM technology. Your dentist records an impression of your teeth (recording your misaligned teeth). Digital software technology allows your [&hellip;]<\/p>\n","protected":false},"author":1,"featured_media":0,"parent":0,"menu_order":0,"comment_status":"closed","ping_status":"closed","template":"","meta":{"site-sidebar-layout":"default","site-content-layout":"","ast-site-content-layout":"default","site-content-style":"default","site-sidebar-style":"default","ast-global-header-display":"","ast-banner-title-visibility":"","ast-main-header-display":"","ast-hfb-above-header-display":"","ast-hfb-below-header-display":"","ast-hfb-mobile-header-display":"","site-post-title":"","ast-breadcrumbs-content":"","ast-featured-img":"","footer-sml-layout":"","ast-disable-related-posts":"","theme-transparent-header-meta":"","adv-header-id-meta":"","stick-header-meta":"","header-above-stick-meta":"","header-main-stick-meta":"","header-below-stick-meta":"","astra-migrate-meta-layouts":"default","ast-page-background-enabled":"default","ast-page-background-meta":{"desktop":{"background-color":"var(--ast-global-color-4)","background-image":"","background-repeat":"repeat","background-position":"center center","background-size":"auto","background-attachment":"scroll","background-type":"","background-media":"","overlay-type":"","overlay-color":"","overlay-opacity":"","overlay-gradient":""},"tablet":{"background-color":"","background-image":"","background-repeat":"repeat","background-position":"center center","background-size":"auto","background-attachment":"scroll","background-type":"","background-media":"","overlay-type":"","overlay-color":"","overlay-opacity":"","overlay-gradient":""},"mobile":{"background-color":"","background-image":"","background-repeat":"repeat","background-position":"center center","background-size":"auto","background-attachment":"scroll","background-type":"","background-media":"","overlay-type":"","overlay-color":"","overlay-opacity":"","overlay-gradient":""}},"ast-content-background-meta":{"desktop":{"background-color":"var(--ast-global-color-5)","background-image":"","background-repeat":"repeat","background-position":"center center","background-size":"auto","background-attachment":"scroll","background-type":"","background-media":"","overlay-type":"","overlay-color":"","overlay-opacity":"","overlay-gradient":""},"tablet":{"background-color":"var(--ast-global-color-5)","background-image":"","background-repeat":"repeat","background-position":"center center","background-size":"auto","background-attachment":"scroll","background-type":"","background-media":"","overlay-type":"","overlay-color":"","overlay-opacity":"","overlay-gradient":""},"mobile":{"background-color":"var(--ast-global-color-5)","background-image":"","background-repeat":"repeat","background-position":"center center","background-size":"auto","background-attachment":"scroll","background-type":"","background-media":"","overlay-type":"","overlay-color":"","overlay-opacity":"","overlay-gradient":""}},"footnotes":""},"class_list":["post-97","page","type-page","status-publish","hentry"],"yoast_head":"<!-- This site is optimized with the Yoast SEO plugin v27.5 - https:\/\/yoast.com\/product\/yoast-seo-wordpress\/ -->\n<title>HARMONY BRACES | Invisible lingual orthodontic system in Dubai UAE<\/title>\n<meta name=\"robots\" content=\"index, follow, max-snippet:-1, max-image-preview:large, max-video-preview:-1\" \/>\n<link rel=\"canonical\" href=\"https:\/\/www.orthodontist-dubai.com\/fr\/systeme-dharmonie\/\" \/>\n<meta property=\"og:locale\" content=\"fr_FR\" \/>\n<meta property=\"og:type\" content=\"article\" \/>\n<meta property=\"og:title\" content=\"HARMONY BRACES | Invisible lingual orthodontic system in Dubai UAE\" \/>\n<meta property=\"og:description\" content=\"HARMONY is the latest self-ligating lingual bracket system made in USA. HARMONY braces are digitally customized for each patient. HARMONY are invisible as they are behind your teeth. The are customized for you using advanced 3D CAD-CAM technology. Your dentist records an impression of your teeth (recording your misaligned teeth). Digital software technology allows your [&hellip;]\" \/>\n<meta property=\"og:url\" content=\"https:\/\/www.orthodontist-dubai.com\/fr\/systeme-dharmonie\/\" \/>\n<meta property=\"og:site_name\" content=\"BEST Orthodontist &amp; Dentist in Dubai UAE for all Dental Treatments\" \/>\n<meta property=\"article:publisher\" content=\"https:\/\/www.facebook.com\/Orthodontist.Dentist.Dubai\/\" \/>\n<meta property=\"article:modified_time\" content=\"2020-03-13T06:39:07+00:00\" \/>\n<meta property=\"og:image\" content=\"https:\/\/www.orthodontist-dubai.com\/wp-content\/uploads\/2015\/04\/harmony-system.png\" \/>\n<meta name=\"twitter:card\" content=\"summary_large_image\" \/>\n<script type=\"application\/ld+json\" class=\"yoast-schema-graph\">{\"@context\":\"https:\\\/\\\/schema.org\",\"@graph\":[{\"@type\":\"WebPage\",\"@id\":\"https:\\\/\\\/www.orthodontist-dubai.com\\\/harmony-system\\\/\",\"url\":\"https:\\\/\\\/www.orthodontist-dubai.com\\\/harmony-system\\\/\",\"name\":\"HARMONY BRACES | Invisible lingual orthodontic system in Dubai UAE\",\"isPartOf\":{\"@id\":\"https:\\\/\\\/www.orthodontist-dubai.com\\\/#website\"},\"primaryImageOfPage\":{\"@id\":\"https:\\\/\\\/www.orthodontist-dubai.com\\\/harmony-system\\\/#primaryimage\"},\"image\":{\"@id\":\"https:\\\/\\\/www.orthodontist-dubai.com\\\/harmony-system\\\/#primaryimage\"},\"thumbnailUrl\":\"https:\\\/\\\/www.orthodontist-dubai.com\\\/wp-content\\\/uploads\\\/2015\\\/04\\\/harmony-system.png\",\"datePublished\":\"2015-04-10T11:33:19+00:00\",\"dateModified\":\"2020-03-13T06:39:07+00:00\",\"breadcrumb\":{\"@id\":\"https:\\\/\\\/www.orthodontist-dubai.com\\\/harmony-system\\\/#breadcrumb\"},\"inLanguage\":\"fr-FR\",\"potentialAction\":[{\"@type\":\"ReadAction\",\"target\":[\"https:\\\/\\\/www.orthodontist-dubai.com\\\/harmony-system\\\/\"]}]},{\"@type\":\"ImageObject\",\"inLanguage\":\"fr-FR\",\"@id\":\"https:\\\/\\\/www.orthodontist-dubai.com\\\/harmony-system\\\/#primaryimage\",\"url\":\"https:\\\/\\\/www.orthodontist-dubai.com\\\/wp-content\\\/uploads\\\/2015\\\/04\\\/harmony-system.png\",\"contentUrl\":\"https:\\\/\\\/www.orthodontist-dubai.com\\\/wp-content\\\/uploads\\\/2015\\\/04\\\/harmony-system.png\"},{\"@type\":\"BreadcrumbList\",\"@id\":\"https:\\\/\\\/www.orthodontist-dubai.com\\\/harmony-system\\\/#breadcrumb\",\"itemListElement\":[{\"@type\":\"ListItem\",\"position\":1,\"name\":\"\u2776 Home\",\"item\":\"https:\\\/\\\/www.orthodontist-dubai.com\\\/\"},{\"@type\":\"ListItem\",\"position\":2,\"name\":\"Harmony System\"}]},{\"@type\":\"WebSite\",\"@id\":\"https:\\\/\\\/www.orthodontist-dubai.com\\\/#website\",\"url\":\"https:\\\/\\\/www.orthodontist-dubai.com\\\/\",\"name\":\"BEST Orthodontist &amp; Dentist in Dubai UAE for all Dental Treatments\",\"description\":\"Cheap &amp; Best Orthodontist &amp; Dentists for all dental treatments in Dubai UAE\",\"publisher\":{\"@id\":\"https:\\\/\\\/www.orthodontist-dubai.com\\\/#organization\"},\"potentialAction\":[{\"@type\":\"SearchAction\",\"target\":{\"@type\":\"EntryPoint\",\"urlTemplate\":\"https:\\\/\\\/www.orthodontist-dubai.com\\\/?s={search_term_string}\"},\"query-input\":{\"@type\":\"PropertyValueSpecification\",\"valueRequired\":true,\"valueName\":\"search_term_string\"}}],\"inLanguage\":\"fr-FR\"},{\"@type\":\"Organization\",\"@id\":\"https:\\\/\\\/www.orthodontist-dubai.com\\\/#organization\",\"name\":\"Best Orthodontist & Dentist in Dubai UAE\",\"url\":\"https:\\\/\\\/www.orthodontist-dubai.com\\\/\",\"logo\":{\"@type\":\"ImageObject\",\"inLanguage\":\"fr-FR\",\"@id\":\"https:\\\/\\\/www.orthodontist-dubai.com\\\/#\\\/schema\\\/logo\\\/image\\\/\",\"url\":\"https:\\\/\\\/www.orthodontist-dubai.com\\\/wp-content\\\/uploads\\\/2015\\\/04\\\/Othorontist-Dentist-UAE-Logo.png\",\"contentUrl\":\"https:\\\/\\\/www.orthodontist-dubai.com\\\/wp-content\\\/uploads\\\/2015\\\/04\\\/Othorontist-Dentist-UAE-Logo.png\",\"width\":190,\"height\":70,\"caption\":\"Best Orthodontist & Dentist in Dubai UAE\"},\"image\":{\"@id\":\"https:\\\/\\\/www.orthodontist-dubai.com\\\/#\\\/schema\\\/logo\\\/image\\\/\"},\"sameAs\":[\"https:\\\/\\\/www.facebook.com\\\/Orthodontist.Dentist.Dubai\\\/\",\"https:\\\/\\\/www.linkedin.com\\\/in\\\/dr-nazeer-ahmed-meeran-15691083\\\/\"]}]}<\/script>\n<!-- \/ Yoast SEO plugin. -->","yoast_head_json":{"title":"BRACELET D'HARMONIE | Syst\u00e8me d'orthodontie linguale invisible \u00e0 Duba\u00ef EAU","robots":{"index":"index","follow":"follow","max-snippet":"max-snippet:-1","max-image-preview":"max-image-preview:large","max-video-preview":"max-video-preview:-1"},"canonical":"https:\/\/www.orthodontist-dubai.com\/fr\/systeme-dharmonie\/","og_locale":"fr_FR","og_type":"article","og_title":"HARMONY BRACES | Invisible lingual orthodontic system in Dubai UAE","og_description":"HARMONY is the latest self-ligating lingual bracket system made in USA. HARMONY braces are digitally customized for each patient. HARMONY are invisible as they are behind your teeth. The are customized for you using advanced 3D CAD-CAM technology. Your dentist records an impression of your teeth (recording your misaligned teeth). Digital software technology allows your [&hellip;]","og_url":"https:\/\/www.orthodontist-dubai.com\/fr\/systeme-dharmonie\/","og_site_name":"BEST Orthodontist &amp; Dentist in Dubai UAE for all Dental Treatments","article_publisher":"https:\/\/www.facebook.com\/Orthodontist.Dentist.Dubai\/","article_modified_time":"2020-03-13T06:39:07+00:00","og_image":[{"url":"https:\/\/www.orthodontist-dubai.com\/wp-content\/uploads\/2015\/04\/harmony-system.png","type":"","width":"","height":""}],"twitter_card":"summary_large_image","schema":{"@context":"https:\/\/schema.org","@graph":[{"@type":"WebPage","@id":"https:\/\/www.orthodontist-dubai.com\/harmony-system\/","url":"https:\/\/www.orthodontist-dubai.com\/harmony-system\/","name":"BRACELET D'HARMONIE | Syst\u00e8me d'orthodontie linguale invisible \u00e0 Duba\u00ef EAU","isPartOf":{"@id":"https:\/\/www.orthodontist-dubai.com\/#website"},"primaryImageOfPage":{"@id":"https:\/\/www.orthodontist-dubai.com\/harmony-system\/#primaryimage"},"image":{"@id":"https:\/\/www.orthodontist-dubai.com\/harmony-system\/#primaryimage"},"thumbnailUrl":"https:\/\/www.orthodontist-dubai.com\/wp-content\/uploads\/2015\/04\/harmony-system.png","datePublished":"2015-04-10T11:33:19+00:00","dateModified":"2020-03-13T06:39:07+00:00","breadcrumb":{"@id":"https:\/\/www.orthodontist-dubai.com\/harmony-system\/#breadcrumb"},"inLanguage":"fr-FR","potentialAction":[{"@type":"ReadAction","target":["https:\/\/www.orthodontist-dubai.com\/harmony-system\/"]}]},{"@type":"ImageObject","inLanguage":"fr-FR","@id":"https:\/\/www.orthodontist-dubai.com\/harmony-system\/#primaryimage","url":"https:\/\/www.orthodontist-dubai.com\/wp-content\/uploads\/2015\/04\/harmony-system.png","contentUrl":"https:\/\/www.orthodontist-dubai.com\/wp-content\/uploads\/2015\/04\/harmony-system.png"},{"@type":"BreadcrumbList","@id":"https:\/\/www.orthodontist-dubai.com\/harmony-system\/#breadcrumb","itemListElement":[{"@type":"ListItem","position":1,"name":"\u2776 Home","item":"https:\/\/www.orthodontist-dubai.com\/"},{"@type":"ListItem","position":2,"name":"Harmony System"}]},{"@type":"WebSite","@id":"https:\/\/www.orthodontist-dubai.com\/#website","url":"https:\/\/www.orthodontist-dubai.com\/","name":"MEILLEUR orthodontiste et dentiste \u00e0 Duba\u00ef aux \u00c9mirats arabes unis pour tous les traitements dentaires","description":"Dentistes et orthodontistes bon march\u00e9 et meilleurs pour tous les traitements dentaires \u00e0 Duba\u00ef, \u00c9mirats Arabes Unis","publisher":{"@id":"https:\/\/www.orthodontist-dubai.com\/#organization"},"potentialAction":[{"@type":"SearchAction","target":{"@type":"EntryPoint","urlTemplate":"https:\/\/www.orthodontist-dubai.com\/?s={search_term_string}"},"query-input":{"@type":"PropertyValueSpecification","valueRequired":true,"valueName":"search_term_string"}}],"inLanguage":"fr-FR"},{"@type":"Organization","@id":"https:\/\/www.orthodontist-dubai.com\/#organization","name":"Meilleur orthodontiste et dentiste \u00e0 Duba\u00ef, \u00c9mirats arabes unis","url":"https:\/\/www.orthodontist-dubai.com\/","logo":{"@type":"ImageObject","inLanguage":"fr-FR","@id":"https:\/\/www.orthodontist-dubai.com\/#\/schema\/logo\/image\/","url":"https:\/\/www.orthodontist-dubai.com\/wp-content\/uploads\/2015\/04\/Othorontist-Dentist-UAE-Logo.png","contentUrl":"https:\/\/www.orthodontist-dubai.com\/wp-content\/uploads\/2015\/04\/Othorontist-Dentist-UAE-Logo.png","width":190,"height":70,"caption":"Best Orthodontist & Dentist in Dubai UAE"},"image":{"@id":"https:\/\/www.orthodontist-dubai.com\/#\/schema\/logo\/image\/"},"sameAs":["https:\/\/www.facebook.com\/Orthodontist.Dentist.Dubai\/","https:\/\/www.linkedin.com\/in\/dr-nazeer-ahmed-meeran-15691083\/"]}]}},"_links":{"self":[{"href":"https:\/\/www.orthodontist-dubai.com\/fr\/wp-json\/wp\/v2\/pages\/97","targetHints":{"allow":["GET"]}}],"collection":[{"href":"https:\/\/www.orthodontist-dubai.com\/fr\/wp-json\/wp\/v2\/pages"}],"about":[{"href":"https:\/\/www.orthodontist-dubai.com\/fr\/wp-json\/wp\/v2\/types\/page"}],"author":[{"embeddable":true,"href":"https:\/\/www.orthodontist-dubai.com\/fr\/wp-json\/wp\/v2\/users\/1"}],"replies":[{"embeddable":true,"href":"https:\/\/www.orthodontist-dubai.com\/fr\/wp-json\/wp\/v2\/comments?post=97"}],"version-history":[{"count":3,"href":"https:\/\/www.orthodontist-dubai.com\/fr\/wp-json\/wp\/v2\/pages\/97\/revisions"}],"predecessor-version":[{"id":765,"href":"https:\/\/www.orthodontist-dubai.com\/fr\/wp-json\/wp\/v2\/pages\/97\/revisions\/765"}],"wp:attachment":[{"href":"https:\/\/www.orthodontist-dubai.com\/fr\/wp-json\/wp\/v2\/media?parent=97"}],"curies":[{"name":"wp","href":"https:\/\/api.w.org\/{rel}","templated":true}]}}