{"id":36,"date":"2014-12-28T19:05:24","date_gmt":"2014-12-28T19:05:24","guid":{"rendered":"https:\/\/www.orthodontist-dubai.com\/?page_id=36"},"modified":"2026-03-02T03:34:46","modified_gmt":"2026-03-01T23:34:46","slug":"contact-us","status":"publish","type":"page","link":"https:\/\/www.orthodontist-dubai.com\/fr\/contactez-nous\/","title":{"rendered":"Nous contacter"},"content":{"rendered":"<p><!--<a href=\"https:\/\/www.orthodontist-dubai.com\/clinic-reviews\/\"><img decoding=\"async\" class=\"aligncenter wp-image-346 size-full lazyload\" data-src=\"https:\/\/www.orthodontist-dubai.com\/wp-content\/uploads\/2014\/12\/banner-best2.jpg\" alt=\"Top dental clinic of the month in Dubai UAE\" width=\"795\" height=\"459\" src=\"data:image\/svg+xml;base64,PHN2ZyB3aWR0aD0iMSIgaGVpZ2h0PSIxIiB4bWxucz0iaHR0cDovL3d3dy53My5vcmcvMjAwMC9zdmciPjwvc3ZnPg==\" style=\"--smush-placeholder-width: 795px; --smush-placeholder-aspect-ratio: 795\/459;\"><\/a>--><br \/><div id=\"metaslider-id-1205\" style=\"max-width: 700px; margin: 0 auto;\" class=\"ml-slider-3-108-0 metaslider metaslider-responsive metaslider-1205 ml-slider ms-theme-default\" role=\"region\" aria-label=\"Diaporama de la page de contact\" data-height=\"400\" data-width=\"700\">\n    <div id=\"metaslider_container_1205\">\n        <ul id='metaslider_1205' class='rslides'>\n            <li aria-roledescription='slide' aria-labelledby='slide-0'><a href=\"https:\/\/www.orthodontist-dubai.com\/fr\/avis-cliniques\/\" target=\"_self\"><img decoding=\"async\" data-src=\"https:\/\/www.orthodontist-dubai.com\/wp-content\/uploads\/2025\/04\/inside-treatment-room-of-the-dental-clinic-in-dubai-700x400.jpg\" height=\"400\" width=\"700\" alt=\"\u00e0 l&#039;int\u00e9rieur de la salle de traitement de la clinique dentaire \u00e0 Duba\u00ef\" class=\"slider-1205 slide-1210 msDefaultImage lazyload\" title=\"\u00e0 l&#039;int\u00e9rieur de la salle de traitement de la clinique dentaire \u00e0 Duba\u00ef\" src=\"data:image\/svg+xml;base64,PHN2ZyB3aWR0aD0iMSIgaGVpZ2h0PSIxIiB4bWxucz0iaHR0cDovL3d3dy53My5vcmcvMjAwMC9zdmciPjwvc3ZnPg==\" style=\"--smush-placeholder-width: 700px; --smush-placeholder-aspect-ratio: 700\/400;\" \/><\/a><\/li>\n            <li style='display: none;' aria-roledescription='slide' aria-labelledby='slide-1'><a href=\"https:\/\/www.orthodontist-dubai.com\/fr\/avis-cliniques\/\" target=\"_self\"><img decoding=\"async\" data-src=\"https:\/\/www.orthodontist-dubai.com\/wp-content\/uploads\/2023\/09\/dental-clinic-in-dubai-700x400.jpg\" height=\"400\" width=\"700\" alt=\"clinique dentaire \u00e0 Duba\u00ef\" class=\"slider-1205 slide-1209 msDefaultImage lazyload\" title=\"clinique-dentaire-\u00e0-dubai\" src=\"data:image\/svg+xml;base64,PHN2ZyB3aWR0aD0iMSIgaGVpZ2h0PSIxIiB4bWxucz0iaHR0cDovL3d3dy53My5vcmcvMjAwMC9zdmciPjwvc3ZnPg==\" style=\"--smush-placeholder-width: 700px; --smush-placeholder-aspect-ratio: 700\/400;\" \/><\/a><\/li>\n            <li style='display: none;' aria-roledescription='slide' aria-labelledby='slide-2'><a href=\"https:\/\/www.orthodontist-dubai.com\/fr\/avis-cliniques\/\" target=\"_self\"><img decoding=\"async\" data-src=\"https:\/\/www.orthodontist-dubai.com\/wp-content\/uploads\/2025\/04\/dental-clinic-dubai-700x400.jpg\" height=\"400\" width=\"700\" alt=\"Meilleure clinique dentaire \u00e0 Duba\u00ef, \u00c9mirats Arabes Unis\" class=\"slider-1205 slide-1208 msDefaultImage lazyload\" title=\"Meilleure clinique dentaire \u00e0 Duba\u00ef, \u00c9mirats Arabes Unis\" src=\"data:image\/svg+xml;base64,PHN2ZyB3aWR0aD0iMSIgaGVpZ2h0PSIxIiB4bWxucz0iaHR0cDovL3d3dy53My5vcmcvMjAwMC9zdmciPjwvc3ZnPg==\" style=\"--smush-placeholder-width: 700px; --smush-placeholder-aspect-ratio: 700\/400;\" \/><\/a><\/li>\n        <\/ul>\n        \n    <\/div>\n<\/div><!--<a href=\"https:\/\/www.orthodontist-dubai.com\/clinic-reviews\/\"><img decoding=\"async\" class=\"aligncenter size-full wp-image-266 lazyload\" data-src=\"https:\/\/www.orthodontist-dubai.com\/wp-content\/uploads\/2014\/12\/Find-the-Best-Orthodontist-in-Dubai-UAE.jpg\" alt=\"Find-the-Best-Orthodontist-in-Dubai-UAE\" width=\"618\" height=\"41\" data-srcset=\"https:\/\/www.orthodontist-dubai.com\/wp-content\/uploads\/2014\/12\/Find-the-Best-Orthodontist-in-Dubai-UAE.jpg 618w, https:\/\/www.orthodontist-dubai.com\/wp-content\/uploads\/2014\/12\/Find-the-Best-Orthodontist-in-Dubai-UAE-300x20.jpg 300w\" data-sizes=\"(max-width: 618px) 100vw, 618px\" src=\"data:image\/svg+xml;base64,PHN2ZyB3aWR0aD0iMSIgaGVpZ2h0PSIxIiB4bWxucz0iaHR0cDovL3d3dy53My5vcmcvMjAwMC9zdmciPjwvc3ZnPg==\" style=\"--smush-placeholder-width: 618px; --smush-placeholder-aspect-ratio: 618\/41;\" \/><\/a>--><\/p>\n<p style=\"text-align: center;\">Envoyez-nous un e-mail \u00e0 Support@Orthodontist-Dubai.com (ou) Contactez-nous en utilisant le formulaire ci-dessous.<\/p>\n<p style=\"text-align: center;\">\n<div class=\"wpcf7 no-js\" id=\"wpcf7-f809-o1\" lang=\"en-US\" dir=\"ltr\" data-wpcf7-id=\"809\">\n<div class=\"screen-reader-response\"><p role=\"status\" aria-live=\"polite\" aria-atomic=\"true\"><\/p> <ul><\/ul><\/div>\n<form action=\"\/fr\/wp-json\/wp\/v2\/pages\/36#wpcf7-f809-o1\" method=\"post\" class=\"wpcf7-form init\" aria-label=\"Contact form\" novalidate=\"novalidate\" data-status=\"init\" data-trp-original-action=\"\/fr\/wp-json\/wp\/v2\/pages\/36#wpcf7-f809-o1\">\n<fieldset class=\"hidden-fields-container\"><input type=\"hidden\" name=\"_wpcf7\" value=\"809\" \/><input type=\"hidden\" name=\"_wpcf7_version\" value=\"6.1.5\" \/><input type=\"hidden\" name=\"_wpcf7_locale\" value=\"en_US\" \/><input type=\"hidden\" name=\"_wpcf7_unit_tag\" value=\"wpcf7-f809-o1\" \/><input type=\"hidden\" name=\"_wpcf7_container_post\" value=\"0\" \/><input type=\"hidden\" name=\"_wpcf7_posted_data_hash\" value=\"\" \/><input type=\"hidden\" name=\"_wpcf7_recaptcha_response\" value=\"\" \/>\n<\/fieldset>\n<p><label> Nom<br \/>\n<span class=\"wpcf7-form-control-wrap\" data-name=\"your-name\"><input size=\"40\" maxlength=\"400\" class=\"wpcf7-form-control wpcf7-text wpcf7-validates-as-required\" aria-required=\"true\" aria-invalid=\"false\" value=\"\" type=\"text\" name=\"your-name\" \/><\/span> <\/label>\n<\/p>\n<p><label> T\u00e9l\u00e9phoner<br \/>\n<span class=\"wpcf7-form-control-wrap\" data-name=\"tel-97\"><input size=\"40\" maxlength=\"400\" class=\"wpcf7-form-control wpcf7-tel wpcf7-validates-as-required wpcf7-text wpcf7-validates-as-tel\" aria-required=\"true\" aria-invalid=\"false\" value=\"\" type=\"tel\" name=\"tel-97\" \/><\/span> <\/label>\n<\/p>\n<p><label> E-mail<br \/>\n<span class=\"wpcf7-form-control-wrap\" data-name=\"your-email\"><input size=\"40\" maxlength=\"400\" class=\"wpcf7-form-control wpcf7-email wpcf7-validates-as-required wpcf7-text wpcf7-validates-as-email\" aria-required=\"true\" aria-invalid=\"false\" value=\"\" type=\"email\" name=\"your-email\" \/><\/span> <\/label>\n<\/p>\n<p><label> Type de traitement requis<br \/>\n<span class=\"wpcf7-form-control-wrap\" data-name=\"your-subject\"><input size=\"40\" maxlength=\"400\" class=\"wpcf7-form-control wpcf7-text wpcf7-validates-as-required\" aria-required=\"true\" aria-invalid=\"false\" value=\"\" type=\"text\" name=\"your-subject\" \/><\/span> <\/label>\n<\/p>\n<p><label> Votre message (facultatif)<br \/>\n<span class=\"wpcf7-form-control-wrap\" data-name=\"your-message\"><textarea cols=\"40\" rows=\"10\" maxlength=\"140\" minlength=\"10\" class=\"wpcf7-form-control wpcf7-textarea\" aria-invalid=\"false\" name=\"your-message\"><\/textarea><\/span><span class=\"wpcf7-character-count up\" data-target-name=\"your-message\" data-starting-value=\"0\" data-current-value=\"0\" data-maximum-value=\"140\" data-minimum-value=\"10\">0<\/span> <\/label>\n<\/p>\n<p><input class=\"wpcf7-form-control wpcf7-submit has-spinner\" type=\"submit\" value=\"Soumettre\" \/>\n<\/p><div class=\"wpcf7-response-output\" aria-hidden=\"true\"><\/div>\n<input type=\"hidden\" name=\"trp-form-language\" value=\"fr\"\/><\/form>\n<\/div>\n\n<hr \/>\n<p>Here is updated table of price list as of March 2026 of dental treatments offered by Dental clinics in Dubai UAE (Please note : price may vary according to the complexity of your case.)<\/p>\n<table width=\"678\">\n<tbody>\n<tr>\n<td width=\"517\"><strong>Traitement dentaire<\/strong><\/td>\n<td width=\"161\"><strong>Prix<\/strong><\/td>\n<\/tr>\n<tr>\n<td>Consultation g\u00e9n\u00e9rale<\/td>\n<td>200 AED<\/td>\n<\/tr>\n<tr>\n<td>Consultation de relooking du sourire<\/td>\n<td>LIBRE<\/td>\n<\/tr>\n<tr>\n<td>Consultation sur les appareils dentaires<\/td>\n<td>LIBRE<\/td>\n<\/tr>\n<tr>\n<td>Consultation facettes en porcelaine<\/td>\n<td>LIBRE<\/td>\n<\/tr>\n<tr>\n<td>Consultation pour couronnes en porcelaine<\/td>\n<td>LIBRE<\/td>\n<\/tr>\n<tr>\n<td>Consultation de blanchiment des dents<\/td>\n<td>LIBRE<\/td>\n<\/tr>\n<tr>\n<td>Consultation Invisalign<\/td>\n<td>LIBRE<\/td>\n<\/tr>\n<tr>\n<td>Consultation de r\u00e9tention<\/td>\n<td>LIBRE<\/td>\n<\/tr>\n<tr>\n<td>Consultation d&#039;implant dentaire<\/td>\n<td>200 AED<\/td>\n<\/tr>\n<tr>\n<td>Radiographie p\u00e9riapicale (unique)<\/td>\n<td>80\u00a0AED<\/td>\n<\/tr>\n<tr>\n<td>Remplissage composite (1 surface)<\/td>\n<td>\u00c0 partir de 400 AED<\/td>\n<\/tr>\n<tr>\n<td>Remplissage composite (2 surfaces)<\/td>\n<td>\u00c0 partir de 550 AED<\/td>\n<\/tr>\n<tr>\n<td>Remplissage composite (3 surfaces)<\/td>\n<td>\u00c0 partir de 600 AED<\/td>\n<\/tr>\n<tr>\n<td>Dispositif de retenue Essix (amovible)<\/td>\n<td>500 par arche<\/td>\n<\/tr>\n<tr>\n<td>Traitement de canal (dents de devant \u2013 incisives\/canines)<\/td>\n<td>\u00c0 partir de 1600 AED<\/td>\n<\/tr>\n<tr>\n<td>Traitement canalaire (pr\u00e9molaires)<\/td>\n<td>\u00c0 partir de 1\u00a0800 AED<\/td>\n<\/tr>\n<tr>\n<td>Traitement canalaire (molaires)<\/td>\n<td>\u00c0 partir de 2000 AED<\/td>\n<\/tr>\n<tr>\n<td>Scellant dentaire (par dent)<\/td>\n<td>350 AED<\/td>\n<\/tr>\n<tr>\n<td>Implant dentaire (avec couronne)<\/td>\n<td>\u00c0 partir de 4\u00a0500 AED<\/td>\n<\/tr>\n<tr>\n<td>Extraction (simple)<\/td>\n<td>500 \u00e0 700 AED<\/td>\n<\/tr>\n<tr>\n<td>Extraction (impact\u00e9e)<\/td>\n<td>1 350 \u00e0 2 000 AED<\/td>\n<\/tr>\n<tr>\n<td>Blanchiment des dents au laser<\/td>\n<td>750\u00a0AED<\/td>\n<\/tr>\n<tr>\n<td>Nettoyage dentaire et polissage<\/td>\n<td>450 \u00e0 600 AED<\/td>\n<\/tr>\n<tr>\n<td>Vernis dentaire propre avec flux d&#039;air<\/td>\n<td>750\u00a0AED<\/td>\n<\/tr>\n<tr>\n<td>Gingivectomie (par dent)<\/td>\n<td>400 AED<\/td>\n<\/tr>\n<tr>\n<td>Placage de porcelaine (8 et plus)<\/td>\n<td>\u00c0 partir de 850 AED<\/td>\n<\/tr>\n<tr>\n<td>Placage de zircone<\/td>\n<td>\u00c0 partir de 1250 AED<\/td>\n<\/tr>\n<tr>\n<td>Lumineers (8 et plus)<\/td>\n<td>\u00c0 partir de 1200 AED<\/td>\n<\/tr>\n<tr>\n<td>Couronne en porcelaine fusionn\u00e9e \u00e0 du m\u00e9tal<\/td>\n<td>1300 AED<\/td>\n<\/tr>\n<tr>\n<td>Couronne en porcelaine<\/td>\n<td>\u00c0 partir de 2000 AED<\/td>\n<\/tr>\n<tr>\n<td>Couronne de zircone<\/td>\n<td>\u00c0 partir de 2000 AED<\/td>\n<\/tr>\n<tr>\n<td>Recmentation dentaire de la couronne<\/td>\n<td>500 AED<\/td>\n<\/tr>\n<tr>\n<td>Snap-On Smile (par arcade)<\/td>\n<td>1200 AED<\/td>\n<\/tr>\n<tr>\n<td>Contention linguale (par arcade)<\/td>\n<td>\u00c0 partir de 600 AED<\/td>\n<\/tr>\n<tr>\n<td>Proth\u00e8se acrylique compl\u00e8te (par arcade)<\/td>\n<td>\u00c0 partir de 2 500 AED<\/td>\n<\/tr>\n<tr>\n<td>Proth\u00e8se partielle en acrylique<\/td>\n<td>\u00c0 partir de 400 AED<\/td>\n<\/tr>\n<tr>\n<td>Proth\u00e8se partielle Flexite<\/td>\n<td>\u00c0 partir de 600 AED<\/td>\n<\/tr>\n<tr>\n<td>Enl\u00e8vement d&#039;appareils dentaires (d\u00e9collage)<\/td>\n<td>800\u00a0AED<\/td>\n<\/tr>\n<tr>\n<td>Gardien de nuit<\/td>\n<td>1 200 \u00e0 1 600 AED<\/td>\n<\/tr>\n<tr>\n<td>Responsable de l&#039;espace<\/td>\n<td>1 000 AED<\/td>\n<\/tr>\n<tr>\n<td>Traitement au fluorure<\/td>\n<td>400 AED<\/td>\n<\/tr>\n<tr>\n<td>Couronne \u00e0 base de r\u00e9sine<\/td>\n<td>1200 AED<\/td>\n<\/tr>\n<tr>\n<td>Radiographie OPG<\/td>\n<td>300\u00a0AED<\/td>\n<\/tr>\n<tr>\n<td>Couronne en m\u00e9tal (p\u00e9diatrique)<\/td>\n<td>900 AED<\/td>\n<\/tr>\n<tr>\n<td>Couronne en zircon (P\u00e9diatrique)<\/td>\n<td>1200 AED<\/td>\n<\/tr>\n<tr>\n<td>Tout sur 4 implants<\/td>\n<td>\u00c0 partir de 18 000 AED<\/td>\n<\/tr>\n<tr>\n<td>Le tout sur 6 implants<\/td>\n<td>\u00c0 partir de 24 000 AED<\/td>\n<\/tr>\n<\/tbody>\n<\/table>\n<p><!--<a href=\"https:\/\/www.orthodontist-dubai.com\/clinic-reviews\/\"><img decoding=\"async\" class=\"aligncenter wp-image-89 size-full lazyload\" data-src=\"https:\/\/www.orthodontist-dubai.com\/wp-content\/uploads\/2014\/12\/notes1.png\" alt=\"Notes\" width=\"650\" height=\"66\" data-srcset=\"https:\/\/www.orthodontist-dubai.com\/wp-content\/uploads\/2014\/12\/notes1.png 650w, https:\/\/www.orthodontist-dubai.com\/wp-content\/uploads\/2014\/12\/notes1-300x30.png 300w\" data-sizes=\"(max-width: 650px) 100vw, 650px\" src=\"data:image\/svg+xml;base64,PHN2ZyB3aWR0aD0iMSIgaGVpZ2h0PSIxIiB4bWxucz0iaHR0cDovL3d3dy53My5vcmcvMjAwMC9zdmciPjwvc3ZnPg==\" style=\"--smush-placeholder-width: 650px; --smush-placeholder-aspect-ratio: 650\/66;\" \/><\/a>--><\/p>\n\n\n<p><strong>Offre sp\u00e9ciale pour l&#039;\u00e9quipage Emirates<\/strong> :50% DE R\u00c9DUCTION sur le nettoyage et le polissage des dents pour les membres de l&#039;\u00e9quipage d&#039;Emirates ou les titulaires de la carte FACE (Flight Attendant Club of Emirates) !<\/p>","protected":false},"excerpt":{"rendered":"<p>Mail Us to Support@Orthodontist-Dubai.com (or) Contact using the below form. Here is updated table of price list as of March 2026 of dental treatments offered by Dental clinics in Dubai UAE (Please note : price may vary according to the complexity of your case.) Dental Treatment Price General Consultation 200 AED Smile Makeover Consultation FREE [&hellip;]<\/p>\n","protected":false},"author":1,"featured_media":0,"parent":0,"menu_order":0,"comment_status":"closed","ping_status":"closed","template":"","meta":{"site-sidebar-layout":"default","site-content-layout":"","ast-site-content-layout":"default","site-content-style":"default","site-sidebar-style":"default","ast-global-header-display":"","ast-banner-title-visibility":"","ast-main-header-display":"","ast-hfb-above-header-display":"","ast-hfb-below-header-display":"","ast-hfb-mobile-header-display":"","site-post-title":"","ast-breadcrumbs-content":"","ast-featured-img":"","footer-sml-layout":"","ast-disable-related-posts":"","theme-transparent-header-meta":"","adv-header-id-meta":"","stick-header-meta":"","header-above-stick-meta":"","header-main-stick-meta":"","header-below-stick-meta":"","astra-migrate-meta-layouts":"set","ast-page-background-enabled":"default","ast-page-background-meta":{"desktop":{"background-color":"var(--ast-global-color-4)","background-image":"","background-repeat":"repeat","background-position":"center center","background-size":"auto","background-attachment":"scroll","background-type":"","background-media":"","overlay-type":"","overlay-color":"","overlay-opacity":"","overlay-gradient":""},"tablet":{"background-color":"","background-image":"","background-repeat":"repeat","background-position":"center center","background-size":"auto","background-attachment":"scroll","background-type":"","background-media":"","overlay-type":"","overlay-color":"","overlay-opacity":"","overlay-gradient":""},"mobile":{"background-color":"","background-image":"","background-repeat":"repeat","background-position":"center center","background-size":"auto","background-attachment":"scroll","background-type":"","background-media":"","overlay-type":"","overlay-color":"","overlay-opacity":"","overlay-gradient":""}},"ast-content-background-meta":{"desktop":{"background-color":"var(--ast-global-color-5)","background-image":"","background-repeat":"repeat","background-position":"center center","background-size":"auto","background-attachment":"scroll","background-type":"","background-media":"","overlay-type":"","overlay-color":"","overlay-opacity":"","overlay-gradient":""},"tablet":{"background-color":"var(--ast-global-color-5)","background-image":"","background-repeat":"repeat","background-position":"center center","background-size":"auto","background-attachment":"scroll","background-type":"","background-media":"","overlay-type":"","overlay-color":"","overlay-opacity":"","overlay-gradient":""},"mobile":{"background-color":"var(--ast-global-color-5)","background-image":"","background-repeat":"repeat","background-position":"center center","background-size":"auto","background-attachment":"scroll","background-type":"","background-media":"","overlay-type":"","overlay-color":"","overlay-opacity":"","overlay-gradient":""}},"footnotes":""},"class_list":["post-36","page","type-page","status-publish","hentry"],"yoast_head":"<!-- This site is optimized with the Yoast SEO plugin v27.4 - https:\/\/yoast.com\/product\/yoast-seo-wordpress\/ -->\n<title>DENTIST DUBAI PRICE LIST | DENTAL CLINIC OFFERS | CONTACT US<\/title>\n<meta name=\"robots\" content=\"index, follow, max-snippet:-1, max-image-preview:large, max-video-preview:-1\" \/>\n<link rel=\"canonical\" href=\"https:\/\/www.orthodontist-dubai.com\/fr\/contactez-nous\/\" \/>\n<meta property=\"og:locale\" content=\"fr_FR\" \/>\n<meta property=\"og:type\" content=\"article\" \/>\n<meta property=\"og:title\" content=\"DENTIST DUBAI PRICE LIST | DENTAL CLINIC OFFERS | CONTACT US\" \/>\n<meta property=\"og:description\" content=\"Mail Us to Support@Orthodontist-Dubai.com (or) Contact using the below form. Here is updated table of price list as of March 2026 of dental treatments offered by Dental clinics in Dubai UAE (Please note : price may vary according to the complexity of your case.) Dental Treatment Price General Consultation 200 AED Smile Makeover Consultation FREE [&hellip;]\" \/>\n<meta property=\"og:url\" content=\"https:\/\/www.orthodontist-dubai.com\/fr\/contactez-nous\/\" \/>\n<meta property=\"og:site_name\" content=\"BEST Orthodontist &amp; Dentist in Dubai UAE for all Dental Treatments\" \/>\n<meta property=\"article:publisher\" content=\"https:\/\/www.facebook.com\/Orthodontist.Dentist.Dubai\/\" \/>\n<meta property=\"article:modified_time\" content=\"2026-03-01T23:34:46+00:00\" \/>\n<meta property=\"og:image\" content=\"https:\/\/www.orthodontist-dubai.com\/wp-content\/uploads\/2014\/12\/banner-best2.jpg\" \/>\n<meta name=\"twitter:card\" content=\"summary_large_image\" \/>\n<meta name=\"twitter:label1\" content=\"Dur\u00e9e de lecture estim\u00e9e\" \/>\n\t<meta name=\"twitter:data1\" content=\"2 minutes\" \/>\n<script type=\"application\/ld+json\" class=\"yoast-schema-graph\">{\"@context\":\"https:\\\/\\\/schema.org\",\"@graph\":[{\"@type\":\"WebPage\",\"@id\":\"https:\\\/\\\/www.orthodontist-dubai.com\\\/contact-us\\\/\",\"url\":\"https:\\\/\\\/www.orthodontist-dubai.com\\\/contact-us\\\/\",\"name\":\"DENTIST DUBAI PRICE LIST | DENTAL CLINIC OFFERS | CONTACT US\",\"isPartOf\":{\"@id\":\"https:\\\/\\\/www.orthodontist-dubai.com\\\/#website\"},\"primaryImageOfPage\":{\"@id\":\"https:\\\/\\\/www.orthodontist-dubai.com\\\/contact-us\\\/#primaryimage\"},\"image\":{\"@id\":\"https:\\\/\\\/www.orthodontist-dubai.com\\\/contact-us\\\/#primaryimage\"},\"thumbnailUrl\":\"https:\\\/\\\/www.orthodontist-dubai.com\\\/wp-content\\\/uploads\\\/2014\\\/12\\\/banner-best2.jpg\",\"datePublished\":\"2014-12-28T19:05:24+00:00\",\"dateModified\":\"2026-03-01T23:34:46+00:00\",\"breadcrumb\":{\"@id\":\"https:\\\/\\\/www.orthodontist-dubai.com\\\/contact-us\\\/#breadcrumb\"},\"inLanguage\":\"fr-FR\",\"potentialAction\":[{\"@type\":\"ReadAction\",\"target\":[\"https:\\\/\\\/www.orthodontist-dubai.com\\\/contact-us\\\/\"]}]},{\"@type\":\"ImageObject\",\"inLanguage\":\"fr-FR\",\"@id\":\"https:\\\/\\\/www.orthodontist-dubai.com\\\/contact-us\\\/#primaryimage\",\"url\":\"https:\\\/\\\/www.orthodontist-dubai.com\\\/wp-content\\\/uploads\\\/2014\\\/12\\\/banner-best2.jpg\",\"contentUrl\":\"https:\\\/\\\/www.orthodontist-dubai.com\\\/wp-content\\\/uploads\\\/2014\\\/12\\\/banner-best2.jpg\"},{\"@type\":\"BreadcrumbList\",\"@id\":\"https:\\\/\\\/www.orthodontist-dubai.com\\\/contact-us\\\/#breadcrumb\",\"itemListElement\":[{\"@type\":\"ListItem\",\"position\":1,\"name\":\"\u2776 Home\",\"item\":\"https:\\\/\\\/www.orthodontist-dubai.com\\\/\"},{\"@type\":\"ListItem\",\"position\":2,\"name\":\"Contact Us\"}]},{\"@type\":\"WebSite\",\"@id\":\"https:\\\/\\\/www.orthodontist-dubai.com\\\/#website\",\"url\":\"https:\\\/\\\/www.orthodontist-dubai.com\\\/\",\"name\":\"BEST Orthodontist &amp; Dentist in Dubai UAE for all Dental Treatments\",\"description\":\"Cheap &amp; Best Orthodontist &amp; Dentists for all dental treatments in Dubai UAE\",\"publisher\":{\"@id\":\"https:\\\/\\\/www.orthodontist-dubai.com\\\/#organization\"},\"potentialAction\":[{\"@type\":\"SearchAction\",\"target\":{\"@type\":\"EntryPoint\",\"urlTemplate\":\"https:\\\/\\\/www.orthodontist-dubai.com\\\/?s={search_term_string}\"},\"query-input\":{\"@type\":\"PropertyValueSpecification\",\"valueRequired\":true,\"valueName\":\"search_term_string\"}}],\"inLanguage\":\"fr-FR\"},{\"@type\":\"Organization\",\"@id\":\"https:\\\/\\\/www.orthodontist-dubai.com\\\/#organization\",\"name\":\"Best Orthodontist & Dentist in Dubai UAE\",\"url\":\"https:\\\/\\\/www.orthodontist-dubai.com\\\/\",\"logo\":{\"@type\":\"ImageObject\",\"inLanguage\":\"fr-FR\",\"@id\":\"https:\\\/\\\/www.orthodontist-dubai.com\\\/#\\\/schema\\\/logo\\\/image\\\/\",\"url\":\"https:\\\/\\\/www.orthodontist-dubai.com\\\/wp-content\\\/uploads\\\/2015\\\/04\\\/Othorontist-Dentist-UAE-Logo.png\",\"contentUrl\":\"https:\\\/\\\/www.orthodontist-dubai.com\\\/wp-content\\\/uploads\\\/2015\\\/04\\\/Othorontist-Dentist-UAE-Logo.png\",\"width\":190,\"height\":70,\"caption\":\"Best Orthodontist & Dentist in Dubai UAE\"},\"image\":{\"@id\":\"https:\\\/\\\/www.orthodontist-dubai.com\\\/#\\\/schema\\\/logo\\\/image\\\/\"},\"sameAs\":[\"https:\\\/\\\/www.facebook.com\\\/Orthodontist.Dentist.Dubai\\\/\",\"https:\\\/\\\/www.linkedin.com\\\/in\\\/dr-nazeer-ahmed-meeran-15691083\\\/\"]}]}<\/script>\n<!-- \/ Yoast SEO plugin. -->","yoast_head_json":{"title":"DENTISTE DUBA\u00cf LISTE DE PRIX | OFFRES CLINIQUE DENTAIRE | NOUS CONTACTER","robots":{"index":"index","follow":"follow","max-snippet":"max-snippet:-1","max-image-preview":"max-image-preview:large","max-video-preview":"max-video-preview:-1"},"canonical":"https:\/\/www.orthodontist-dubai.com\/fr\/contactez-nous\/","og_locale":"fr_FR","og_type":"article","og_title":"DENTIST DUBAI PRICE LIST | DENTAL CLINIC OFFERS | CONTACT US","og_description":"Mail Us to Support@Orthodontist-Dubai.com (or) Contact using the below form. Here is updated table of price list as of March 2026 of dental treatments offered by Dental clinics in Dubai UAE (Please note : price may vary according to the complexity of your case.) Dental Treatment Price General Consultation 200 AED Smile Makeover Consultation FREE [&hellip;]","og_url":"https:\/\/www.orthodontist-dubai.com\/fr\/contactez-nous\/","og_site_name":"BEST Orthodontist &amp; Dentist in Dubai UAE for all Dental Treatments","article_publisher":"https:\/\/www.facebook.com\/Orthodontist.Dentist.Dubai\/","article_modified_time":"2026-03-01T23:34:46+00:00","og_image":[{"url":"https:\/\/www.orthodontist-dubai.com\/wp-content\/uploads\/2014\/12\/banner-best2.jpg","type":"","width":"","height":""}],"twitter_card":"summary_large_image","twitter_misc":{"Dur\u00e9e de lecture estim\u00e9e":"2 minutes"},"schema":{"@context":"https:\/\/schema.org","@graph":[{"@type":"WebPage","@id":"https:\/\/www.orthodontist-dubai.com\/contact-us\/","url":"https:\/\/www.orthodontist-dubai.com\/contact-us\/","name":"DENTISTE DUBA\u00cf LISTE DE PRIX | OFFRES CLINIQUE DENTAIRE | NOUS CONTACTER","isPartOf":{"@id":"https:\/\/www.orthodontist-dubai.com\/#website"},"primaryImageOfPage":{"@id":"https:\/\/www.orthodontist-dubai.com\/contact-us\/#primaryimage"},"image":{"@id":"https:\/\/www.orthodontist-dubai.com\/contact-us\/#primaryimage"},"thumbnailUrl":"https:\/\/www.orthodontist-dubai.com\/wp-content\/uploads\/2014\/12\/banner-best2.jpg","datePublished":"2014-12-28T19:05:24+00:00","dateModified":"2026-03-01T23:34:46+00:00","breadcrumb":{"@id":"https:\/\/www.orthodontist-dubai.com\/contact-us\/#breadcrumb"},"inLanguage":"fr-FR","potentialAction":[{"@type":"ReadAction","target":["https:\/\/www.orthodontist-dubai.com\/contact-us\/"]}]},{"@type":"ImageObject","inLanguage":"fr-FR","@id":"https:\/\/www.orthodontist-dubai.com\/contact-us\/#primaryimage","url":"https:\/\/www.orthodontist-dubai.com\/wp-content\/uploads\/2014\/12\/banner-best2.jpg","contentUrl":"https:\/\/www.orthodontist-dubai.com\/wp-content\/uploads\/2014\/12\/banner-best2.jpg"},{"@type":"BreadcrumbList","@id":"https:\/\/www.orthodontist-dubai.com\/contact-us\/#breadcrumb","itemListElement":[{"@type":"ListItem","position":1,"name":"\u2776 Home","item":"https:\/\/www.orthodontist-dubai.com\/"},{"@type":"ListItem","position":2,"name":"Contact Us"}]},{"@type":"WebSite","@id":"https:\/\/www.orthodontist-dubai.com\/#website","url":"https:\/\/www.orthodontist-dubai.com\/","name":"MEILLEUR orthodontiste et dentiste \u00e0 Duba\u00ef aux \u00c9mirats arabes unis pour tous les traitements dentaires","description":"Dentistes et orthodontistes bon march\u00e9 et meilleurs pour tous les traitements dentaires \u00e0 Duba\u00ef, \u00c9mirats Arabes Unis","publisher":{"@id":"https:\/\/www.orthodontist-dubai.com\/#organization"},"potentialAction":[{"@type":"SearchAction","target":{"@type":"EntryPoint","urlTemplate":"https:\/\/www.orthodontist-dubai.com\/?s={search_term_string}"},"query-input":{"@type":"PropertyValueSpecification","valueRequired":true,"valueName":"search_term_string"}}],"inLanguage":"fr-FR"},{"@type":"Organization","@id":"https:\/\/www.orthodontist-dubai.com\/#organization","name":"Meilleur orthodontiste et dentiste \u00e0 Duba\u00ef, \u00c9mirats arabes unis","url":"https:\/\/www.orthodontist-dubai.com\/","logo":{"@type":"ImageObject","inLanguage":"fr-FR","@id":"https:\/\/www.orthodontist-dubai.com\/#\/schema\/logo\/image\/","url":"https:\/\/www.orthodontist-dubai.com\/wp-content\/uploads\/2015\/04\/Othorontist-Dentist-UAE-Logo.png","contentUrl":"https:\/\/www.orthodontist-dubai.com\/wp-content\/uploads\/2015\/04\/Othorontist-Dentist-UAE-Logo.png","width":190,"height":70,"caption":"Best Orthodontist & Dentist in Dubai UAE"},"image":{"@id":"https:\/\/www.orthodontist-dubai.com\/#\/schema\/logo\/image\/"},"sameAs":["https:\/\/www.facebook.com\/Orthodontist.Dentist.Dubai\/","https:\/\/www.linkedin.com\/in\/dr-nazeer-ahmed-meeran-15691083\/"]}]}},"_links":{"self":[{"href":"https:\/\/www.orthodontist-dubai.com\/fr\/wp-json\/wp\/v2\/pages\/36","targetHints":{"allow":["GET"]}}],"collection":[{"href":"https:\/\/www.orthodontist-dubai.com\/fr\/wp-json\/wp\/v2\/pages"}],"about":[{"href":"https:\/\/www.orthodontist-dubai.com\/fr\/wp-json\/wp\/v2\/types\/page"}],"author":[{"embeddable":true,"href":"https:\/\/www.orthodontist-dubai.com\/fr\/wp-json\/wp\/v2\/users\/1"}],"replies":[{"embeddable":true,"href":"https:\/\/www.orthodontist-dubai.com\/fr\/wp-json\/wp\/v2\/comments?post=36"}],"version-history":[{"count":17,"href":"https:\/\/www.orthodontist-dubai.com\/fr\/wp-json\/wp\/v2\/pages\/36\/revisions"}],"predecessor-version":[{"id":2483,"href":"https:\/\/www.orthodontist-dubai.com\/fr\/wp-json\/wp\/v2\/pages\/36\/revisions\/2483"}],"wp:attachment":[{"href":"https:\/\/www.orthodontist-dubai.com\/fr\/wp-json\/wp\/v2\/media?parent=36"}],"curies":[{"name":"wp","href":"https:\/\/api.w.org\/{rel}","templated":true}]}}