{"id":32,"date":"2014-12-28T18:55:19","date_gmt":"2014-12-28T18:55:19","guid":{"rendered":"https:\/\/www.orthodontist-dubai.com\/?page_id=32"},"modified":"2019-04-14T18:46:22","modified_gmt":"2019-04-14T14:46:22","slug":"lingual-incognito-braces","status":"publish","type":"page","link":"https:\/\/www.orthodontist-dubai.com\/fr\/accolades-linguales-incognito\/","title":{"rendered":"Bretelles linguales"},"content":{"rendered":"<p>Saviez-vous que tous les types d&#039;appareils orthodontiques n&#039;ont pas besoin d&#039;\u00eatre plac\u00e9s devant les dents ? Oui, il existe des types d&#039;appareils dentaires qui peuvent \u00eatre plac\u00e9s derri\u00e8re vos dents. Ceux-ci sont appel\u00e9s comme <strong>Bretelles linguales<\/strong> ou <strong>Incognito. <\/strong><br \/>\n<a href=\"https:\/\/www.orthodontist-dubai.com\/fr\/avis-cliniques\/\" target=\"_blank\" rel=\"noopener noreferrer\"><img decoding=\"async\" class=\"aligncenter lazyload\" data-src=\"https:\/\/www.orthodontist-dubai.com\/wp-content\/uploads\/2015\/04\/banner-best-orthodontist-dubai.jpg\" alt=\"Bretelles invisibles \u00e0 Duba\u00ef \u00c9mirats Arabes Unis\" width=\"650\" height=\"717\" src=\"data:image\/svg+xml;base64,PHN2ZyB3aWR0aD0iMSIgaGVpZ2h0PSIxIiB4bWxucz0iaHR0cDovL3d3dy53My5vcmcvMjAwMC9zdmciPjwvc3ZnPg==\" style=\"--smush-placeholder-width: 650px; --smush-placeholder-aspect-ratio: 650\/717;\"><\/a><br \/>\nPersonne ne saura jamais si vous portez un appareil dentaire ou non\u00a0!<\/p>\n<p><img decoding=\"async\" class=\"aligncenter wp-image-33 size-full lazyload\" data-src=\"https:\/\/www.orthodontist-dubai.com\/wp-content\/uploads\/2014\/12\/lingual-incognito-braces-in-Dubai.jpg\" alt=\"appareil dentaire lingual incognito \u00e0 Duba\u00ef\" width=\"340\" height=\"205\" data-srcset=\"https:\/\/www.orthodontist-dubai.com\/wp-content\/uploads\/2014\/12\/lingual-incognito-braces-in-Dubai.jpg 340w, https:\/\/www.orthodontist-dubai.com\/wp-content\/uploads\/2014\/12\/lingual-incognito-braces-in-Dubai-300x181.jpg 300w\" data-sizes=\"(max-width: 340px) 100vw, 340px\" src=\"data:image\/svg+xml;base64,PHN2ZyB3aWR0aD0iMSIgaGVpZ2h0PSIxIiB4bWxucz0iaHR0cDovL3d3dy53My5vcmcvMjAwMC9zdmciPjwvc3ZnPg==\" style=\"--smush-placeholder-width: 340px; --smush-placeholder-aspect-ratio: 340\/205;\" \/>En ce qui concerne les accolades imperceptibles, la principale diff\u00e9rence entre ces accolades linguales incognito et <strong>invisalign<\/strong> est que vous enlevez les dispositifs de retenue lorsque vous vous brossez les dents ou que vous mangez lorsque vous portez l&#039;invisalign qui doit \u00eatre positionn\u00e9 devant les dents. Mais ce n&#039;est pas le cas des bagues linguales.<\/p>\n<p><strong>Avantages :<\/strong><\/p>\n<p>1. \u00c9tant donn\u00e9 que les bagues linguales sont plac\u00e9es derri\u00e8re la dent, elles sont \u00e0 peine perceptibles.<\/p>\n<p>2. Moins de visites chez l&#039;orthodontiste.<\/p>\n<p>3. Ce sont des 100% adapt\u00e9s aux dents, ce qui garantit une pr\u00e9cision et un confort sup\u00e9rieurs tout au long du traitement<\/p>\n<p><strong>D\u00e9savantages :<\/strong><\/p>\n<p>1. Plus co\u00fbteux que les appareils en c\u00e9ramique et les appareils en m\u00e9tal.<\/p>\n<p>2. Il peut y avoir une p\u00e9riode d&#039;inconfort. Pour g\u00e9rer la pression et le malaise, l&#039;orthodontiste peut fournir une cire sp\u00e9ciale \u00e0 appliquer sur les accolades.<\/p>\n<p><strong>\u00c9tapes pour obtenir un appareil lingual :<\/strong><\/p>\n<p><strong>1. Consultation<\/strong><br \/>\nRendez d&#039;abord visite \u00e0 votre orthodontiste pour consultation et il vous dira si vous \u00eates un candidat id\u00e9al pour les accolades linguales. Il prendra un ensemble de dossiers de diagnostic et apr\u00e8s quelques semaines de production, votre configuration de traitement personnalis\u00e9e num\u00e9riquement est transmise \u00e0 votre orthodontiste. Vous pouvez visualiser la configuration finale avec lui et il donnera son approbation pour la fabrication de vos accolades linguales personnalis\u00e9es.<\/p>\n<p><strong>2. Production d&#039;accolades linguales<\/strong><br \/>\n\u00c0 l&#039;aide d&#039;une image 3D tr\u00e8s pr\u00e9cise de vos dents \u00e0 l&#039;aide des technologies CAD\/CAM, le laboratoire g\u00e9n\u00e8re une simulation de traitement personnalis\u00e9e num\u00e9riquement du r\u00e9sultat final souhait\u00e9 ainsi qu&#039;une solution personnalis\u00e9e con\u00e7ue pour s&#039;adapter parfaitement \u00e0 la pr\u00e9cision de chaque dent. Les arcs pr\u00e9form\u00e9s sont fabriqu\u00e9s avec pr\u00e9cision.<\/p>\n<p><strong>3. Rendez-vous de liaison<\/strong><br \/>\nLes accolades linguales utilisent un syst\u00e8me de plateau avanc\u00e9 pour livrer l&#039;ensemble complet en une seule fois, contrairement aux accolades ordinaires. Il est donc efficace dans le temps.<\/p>\n<p><strong>4. Visite \u00e0 la clinique<\/strong><br \/>\nDes visites p\u00e9riodiques chez le dentiste sont n\u00e9cessaires pour changer vos arcs. Une l\u00e9g\u00e8re g\u00eane peut \u00eatre ressentie apr\u00e8s chaque changement mais vous vous y habituerez. Vous devez prendre soin de vos broches pendant le traitement.<\/p>\n<p><strong>5. R\u00e9tention<\/strong><br \/>\nUne fois que vous \u00eates dans la phase finale du traitement dentaire, votre dent doit \u00eatre strictement conforme au programme de r\u00e9tention de votre dentiste. Une fois que vos dents sont droites le jour du retrait de l&#039;appareil dentaire, des soins de r\u00e9tention appropri\u00e9s doivent \u00eatre pris, sinon elles rechuteront ou se d\u00e9saligneront. Visitez votre dentiste pour des contr\u00f4les r\u00e9guliers.<\/p>","protected":false},"excerpt":{"rendered":"<p>Did you know that not all kinds of braces need to be placed in front of the teeth? Yes there are types of braces that can be placed behind your teeth. These are called as Lingual Braces or Incognito. No one will ever know if you are wearing braces or not! When it comes to [&hellip;]<\/p>\n","protected":false},"author":1,"featured_media":0,"parent":0,"menu_order":0,"comment_status":"closed","ping_status":"closed","template":"","meta":{"site-sidebar-layout":"default","site-content-layout":"","ast-site-content-layout":"default","site-content-style":"default","site-sidebar-style":"default","ast-global-header-display":"","ast-banner-title-visibility":"","ast-main-header-display":"","ast-hfb-above-header-display":"","ast-hfb-below-header-display":"","ast-hfb-mobile-header-display":"","site-post-title":"","ast-breadcrumbs-content":"","ast-featured-img":"","footer-sml-layout":"","ast-disable-related-posts":"","theme-transparent-header-meta":"","adv-header-id-meta":"","stick-header-meta":"","header-above-stick-meta":"","header-main-stick-meta":"","header-below-stick-meta":"","astra-migrate-meta-layouts":"default","ast-page-background-enabled":"default","ast-page-background-meta":{"desktop":{"background-color":"var(--ast-global-color-4)","background-image":"","background-repeat":"repeat","background-position":"center center","background-size":"auto","background-attachment":"scroll","background-type":"","background-media":"","overlay-type":"","overlay-color":"","overlay-opacity":"","overlay-gradient":""},"tablet":{"background-color":"","background-image":"","background-repeat":"repeat","background-position":"center center","background-size":"auto","background-attachment":"scroll","background-type":"","background-media":"","overlay-type":"","overlay-color":"","overlay-opacity":"","overlay-gradient":""},"mobile":{"background-color":"","background-image":"","background-repeat":"repeat","background-position":"center center","background-size":"auto","background-attachment":"scroll","background-type":"","background-media":"","overlay-type":"","overlay-color":"","overlay-opacity":"","overlay-gradient":""}},"ast-content-background-meta":{"desktop":{"background-color":"var(--ast-global-color-5)","background-image":"","background-repeat":"repeat","background-position":"center center","background-size":"auto","background-attachment":"scroll","background-type":"","background-media":"","overlay-type":"","overlay-color":"","overlay-opacity":"","overlay-gradient":""},"tablet":{"background-color":"var(--ast-global-color-5)","background-image":"","background-repeat":"repeat","background-position":"center center","background-size":"auto","background-attachment":"scroll","background-type":"","background-media":"","overlay-type":"","overlay-color":"","overlay-opacity":"","overlay-gradient":""},"mobile":{"background-color":"var(--ast-global-color-5)","background-image":"","background-repeat":"repeat","background-position":"center center","background-size":"auto","background-attachment":"scroll","background-type":"","background-media":"","overlay-type":"","overlay-color":"","overlay-opacity":"","overlay-gradient":""}},"footnotes":""},"class_list":["post-32","page","type-page","status-publish","hentry"],"yoast_head":"<!-- This site is optimized with the Yoast SEO plugin v27.4 - https:\/\/yoast.com\/product\/yoast-seo-wordpress\/ -->\n<title>LINGUAL BRACES IN DUBAI UAE<\/title>\n<meta name=\"robots\" content=\"index, follow, max-snippet:-1, max-image-preview:large, max-video-preview:-1\" \/>\n<link rel=\"canonical\" href=\"https:\/\/www.orthodontist-dubai.com\/fr\/accolades-linguales-incognito\/\" \/>\n<meta property=\"og:locale\" content=\"fr_FR\" \/>\n<meta property=\"og:type\" content=\"article\" \/>\n<meta property=\"og:title\" content=\"LINGUAL BRACES IN DUBAI UAE\" \/>\n<meta property=\"og:description\" content=\"Did you know that not all kinds of braces need to be placed in front of the teeth? Yes there are types of braces that can be placed behind your teeth. These are called as Lingual Braces or Incognito. No one will ever know if you are wearing braces or not! When it comes to [&hellip;]\" \/>\n<meta property=\"og:url\" content=\"https:\/\/www.orthodontist-dubai.com\/fr\/accolades-linguales-incognito\/\" \/>\n<meta property=\"og:site_name\" content=\"BEST Orthodontist &amp; Dentist in Dubai UAE for all Dental Treatments\" \/>\n<meta property=\"article:publisher\" content=\"https:\/\/www.facebook.com\/Orthodontist.Dentist.Dubai\/\" \/>\n<meta property=\"article:modified_time\" content=\"2019-04-14T14:46:22+00:00\" \/>\n<meta property=\"og:image\" content=\"https:\/\/www.orthodontist-dubai.com\/wp-content\/uploads\/2015\/04\/banner-best-orthodontist-dubai.jpg\" \/>\n<meta name=\"twitter:card\" content=\"summary_large_image\" \/>\n<meta name=\"twitter:label1\" content=\"Dur\u00e9e de lecture estim\u00e9e\" \/>\n\t<meta name=\"twitter:data1\" content=\"2 minutes\" \/>\n<script type=\"application\/ld+json\" class=\"yoast-schema-graph\">{\"@context\":\"https:\\\/\\\/schema.org\",\"@graph\":[{\"@type\":\"WebPage\",\"@id\":\"https:\\\/\\\/www.orthodontist-dubai.com\\\/lingual-incognito-braces\\\/\",\"url\":\"https:\\\/\\\/www.orthodontist-dubai.com\\\/lingual-incognito-braces\\\/\",\"name\":\"LINGUAL BRACES IN DUBAI UAE\",\"isPartOf\":{\"@id\":\"https:\\\/\\\/www.orthodontist-dubai.com\\\/#website\"},\"primaryImageOfPage\":{\"@id\":\"https:\\\/\\\/www.orthodontist-dubai.com\\\/lingual-incognito-braces\\\/#primaryimage\"},\"image\":{\"@id\":\"https:\\\/\\\/www.orthodontist-dubai.com\\\/lingual-incognito-braces\\\/#primaryimage\"},\"thumbnailUrl\":\"https:\\\/\\\/www.orthodontist-dubai.com\\\/wp-content\\\/uploads\\\/2015\\\/04\\\/banner-best-orthodontist-dubai.jpg\",\"datePublished\":\"2014-12-28T18:55:19+00:00\",\"dateModified\":\"2019-04-14T14:46:22+00:00\",\"breadcrumb\":{\"@id\":\"https:\\\/\\\/www.orthodontist-dubai.com\\\/lingual-incognito-braces\\\/#breadcrumb\"},\"inLanguage\":\"fr-FR\",\"potentialAction\":[{\"@type\":\"ReadAction\",\"target\":[\"https:\\\/\\\/www.orthodontist-dubai.com\\\/lingual-incognito-braces\\\/\"]}]},{\"@type\":\"ImageObject\",\"inLanguage\":\"fr-FR\",\"@id\":\"https:\\\/\\\/www.orthodontist-dubai.com\\\/lingual-incognito-braces\\\/#primaryimage\",\"url\":\"https:\\\/\\\/www.orthodontist-dubai.com\\\/wp-content\\\/uploads\\\/2015\\\/04\\\/banner-best-orthodontist-dubai.jpg\",\"contentUrl\":\"https:\\\/\\\/www.orthodontist-dubai.com\\\/wp-content\\\/uploads\\\/2015\\\/04\\\/banner-best-orthodontist-dubai.jpg\"},{\"@type\":\"BreadcrumbList\",\"@id\":\"https:\\\/\\\/www.orthodontist-dubai.com\\\/lingual-incognito-braces\\\/#breadcrumb\",\"itemListElement\":[{\"@type\":\"ListItem\",\"position\":1,\"name\":\"\u2776 Home\",\"item\":\"https:\\\/\\\/www.orthodontist-dubai.com\\\/\"},{\"@type\":\"ListItem\",\"position\":2,\"name\":\"Lingual Braces\"}]},{\"@type\":\"WebSite\",\"@id\":\"https:\\\/\\\/www.orthodontist-dubai.com\\\/#website\",\"url\":\"https:\\\/\\\/www.orthodontist-dubai.com\\\/\",\"name\":\"BEST Orthodontist &amp; Dentist in Dubai UAE for all Dental Treatments\",\"description\":\"Cheap &amp; Best Orthodontist &amp; Dentists for all dental treatments in Dubai UAE\",\"publisher\":{\"@id\":\"https:\\\/\\\/www.orthodontist-dubai.com\\\/#organization\"},\"potentialAction\":[{\"@type\":\"SearchAction\",\"target\":{\"@type\":\"EntryPoint\",\"urlTemplate\":\"https:\\\/\\\/www.orthodontist-dubai.com\\\/?s={search_term_string}\"},\"query-input\":{\"@type\":\"PropertyValueSpecification\",\"valueRequired\":true,\"valueName\":\"search_term_string\"}}],\"inLanguage\":\"fr-FR\"},{\"@type\":\"Organization\",\"@id\":\"https:\\\/\\\/www.orthodontist-dubai.com\\\/#organization\",\"name\":\"Best Orthodontist & Dentist in Dubai UAE\",\"url\":\"https:\\\/\\\/www.orthodontist-dubai.com\\\/\",\"logo\":{\"@type\":\"ImageObject\",\"inLanguage\":\"fr-FR\",\"@id\":\"https:\\\/\\\/www.orthodontist-dubai.com\\\/#\\\/schema\\\/logo\\\/image\\\/\",\"url\":\"https:\\\/\\\/www.orthodontist-dubai.com\\\/wp-content\\\/uploads\\\/2015\\\/04\\\/Othorontist-Dentist-UAE-Logo.png\",\"contentUrl\":\"https:\\\/\\\/www.orthodontist-dubai.com\\\/wp-content\\\/uploads\\\/2015\\\/04\\\/Othorontist-Dentist-UAE-Logo.png\",\"width\":190,\"height\":70,\"caption\":\"Best Orthodontist & Dentist in Dubai UAE\"},\"image\":{\"@id\":\"https:\\\/\\\/www.orthodontist-dubai.com\\\/#\\\/schema\\\/logo\\\/image\\\/\"},\"sameAs\":[\"https:\\\/\\\/www.facebook.com\\\/Orthodontist.Dentist.Dubai\\\/\",\"https:\\\/\\\/www.linkedin.com\\\/in\\\/dr-nazeer-ahmed-meeran-15691083\\\/\"]}]}<\/script>\n<!-- \/ Yoast SEO plugin. -->","yoast_head_json":{"title":"BRACELETTES LINGUALES \u00c0 DUBA\u00cf EAU","robots":{"index":"index","follow":"follow","max-snippet":"max-snippet:-1","max-image-preview":"max-image-preview:large","max-video-preview":"max-video-preview:-1"},"canonical":"https:\/\/www.orthodontist-dubai.com\/fr\/accolades-linguales-incognito\/","og_locale":"fr_FR","og_type":"article","og_title":"LINGUAL BRACES IN DUBAI UAE","og_description":"Did you know that not all kinds of braces need to be placed in front of the teeth? Yes there are types of braces that can be placed behind your teeth. These are called as Lingual Braces or Incognito. No one will ever know if you are wearing braces or not! When it comes to [&hellip;]","og_url":"https:\/\/www.orthodontist-dubai.com\/fr\/accolades-linguales-incognito\/","og_site_name":"BEST Orthodontist &amp; Dentist in Dubai UAE for all Dental Treatments","article_publisher":"https:\/\/www.facebook.com\/Orthodontist.Dentist.Dubai\/","article_modified_time":"2019-04-14T14:46:22+00:00","og_image":[{"url":"https:\/\/www.orthodontist-dubai.com\/wp-content\/uploads\/2015\/04\/banner-best-orthodontist-dubai.jpg","type":"","width":"","height":""}],"twitter_card":"summary_large_image","twitter_misc":{"Dur\u00e9e de lecture estim\u00e9e":"2 minutes"},"schema":{"@context":"https:\/\/schema.org","@graph":[{"@type":"WebPage","@id":"https:\/\/www.orthodontist-dubai.com\/lingual-incognito-braces\/","url":"https:\/\/www.orthodontist-dubai.com\/lingual-incognito-braces\/","name":"BRACELETTES LINGUALES \u00c0 DUBA\u00cf EAU","isPartOf":{"@id":"https:\/\/www.orthodontist-dubai.com\/#website"},"primaryImageOfPage":{"@id":"https:\/\/www.orthodontist-dubai.com\/lingual-incognito-braces\/#primaryimage"},"image":{"@id":"https:\/\/www.orthodontist-dubai.com\/lingual-incognito-braces\/#primaryimage"},"thumbnailUrl":"https:\/\/www.orthodontist-dubai.com\/wp-content\/uploads\/2015\/04\/banner-best-orthodontist-dubai.jpg","datePublished":"2014-12-28T18:55:19+00:00","dateModified":"2019-04-14T14:46:22+00:00","breadcrumb":{"@id":"https:\/\/www.orthodontist-dubai.com\/lingual-incognito-braces\/#breadcrumb"},"inLanguage":"fr-FR","potentialAction":[{"@type":"ReadAction","target":["https:\/\/www.orthodontist-dubai.com\/lingual-incognito-braces\/"]}]},{"@type":"ImageObject","inLanguage":"fr-FR","@id":"https:\/\/www.orthodontist-dubai.com\/lingual-incognito-braces\/#primaryimage","url":"https:\/\/www.orthodontist-dubai.com\/wp-content\/uploads\/2015\/04\/banner-best-orthodontist-dubai.jpg","contentUrl":"https:\/\/www.orthodontist-dubai.com\/wp-content\/uploads\/2015\/04\/banner-best-orthodontist-dubai.jpg"},{"@type":"BreadcrumbList","@id":"https:\/\/www.orthodontist-dubai.com\/lingual-incognito-braces\/#breadcrumb","itemListElement":[{"@type":"ListItem","position":1,"name":"\u2776 Home","item":"https:\/\/www.orthodontist-dubai.com\/"},{"@type":"ListItem","position":2,"name":"Lingual Braces"}]},{"@type":"WebSite","@id":"https:\/\/www.orthodontist-dubai.com\/#website","url":"https:\/\/www.orthodontist-dubai.com\/","name":"MEILLEUR orthodontiste et dentiste \u00e0 Duba\u00ef aux \u00c9mirats arabes unis pour tous les traitements dentaires","description":"Dentistes et orthodontistes bon march\u00e9 et meilleurs pour tous les traitements dentaires \u00e0 Duba\u00ef, \u00c9mirats Arabes Unis","publisher":{"@id":"https:\/\/www.orthodontist-dubai.com\/#organization"},"potentialAction":[{"@type":"SearchAction","target":{"@type":"EntryPoint","urlTemplate":"https:\/\/www.orthodontist-dubai.com\/?s={search_term_string}"},"query-input":{"@type":"PropertyValueSpecification","valueRequired":true,"valueName":"search_term_string"}}],"inLanguage":"fr-FR"},{"@type":"Organization","@id":"https:\/\/www.orthodontist-dubai.com\/#organization","name":"Meilleur orthodontiste et dentiste \u00e0 Duba\u00ef, \u00c9mirats arabes unis","url":"https:\/\/www.orthodontist-dubai.com\/","logo":{"@type":"ImageObject","inLanguage":"fr-FR","@id":"https:\/\/www.orthodontist-dubai.com\/#\/schema\/logo\/image\/","url":"https:\/\/www.orthodontist-dubai.com\/wp-content\/uploads\/2015\/04\/Othorontist-Dentist-UAE-Logo.png","contentUrl":"https:\/\/www.orthodontist-dubai.com\/wp-content\/uploads\/2015\/04\/Othorontist-Dentist-UAE-Logo.png","width":190,"height":70,"caption":"Best Orthodontist & Dentist in Dubai UAE"},"image":{"@id":"https:\/\/www.orthodontist-dubai.com\/#\/schema\/logo\/image\/"},"sameAs":["https:\/\/www.facebook.com\/Orthodontist.Dentist.Dubai\/","https:\/\/www.linkedin.com\/in\/dr-nazeer-ahmed-meeran-15691083\/"]}]}},"_links":{"self":[{"href":"https:\/\/www.orthodontist-dubai.com\/fr\/wp-json\/wp\/v2\/pages\/32","targetHints":{"allow":["GET"]}}],"collection":[{"href":"https:\/\/www.orthodontist-dubai.com\/fr\/wp-json\/wp\/v2\/pages"}],"about":[{"href":"https:\/\/www.orthodontist-dubai.com\/fr\/wp-json\/wp\/v2\/types\/page"}],"author":[{"embeddable":true,"href":"https:\/\/www.orthodontist-dubai.com\/fr\/wp-json\/wp\/v2\/users\/1"}],"replies":[{"embeddable":true,"href":"https:\/\/www.orthodontist-dubai.com\/fr\/wp-json\/wp\/v2\/comments?post=32"}],"version-history":[{"count":4,"href":"https:\/\/www.orthodontist-dubai.com\/fr\/wp-json\/wp\/v2\/pages\/32\/revisions"}],"predecessor-version":[{"id":714,"href":"https:\/\/www.orthodontist-dubai.com\/fr\/wp-json\/wp\/v2\/pages\/32\/revisions\/714"}],"wp:attachment":[{"href":"https:\/\/www.orthodontist-dubai.com\/fr\/wp-json\/wp\/v2\/media?parent=32"}],"curies":[{"name":"wp","href":"https:\/\/api.w.org\/{rel}","templated":true}]}}