{"id":28,"date":"2014-12-28T18:38:24","date_gmt":"2014-12-28T18:38:24","guid":{"rendered":"https:\/\/www.orthodontist-dubai.com\/?page_id=28"},"modified":"2020-03-13T10:42:02","modified_gmt":"2020-03-13T06:42:02","slug":"ceramic-braces","status":"publish","type":"page","link":"https:\/\/www.orthodontist-dubai.com\/fr\/accolades-en-ceramique\/","title":{"rendered":"Bretelles en c\u00e9ramique"},"content":{"rendered":"<h3>Conna\u00eetre les accolades en c\u00e9ramique<\/h3>\n<p>La diff\u00e9rence entre les accolades en m\u00e9tal et en c\u00e9ramique est que les accolades en c\u00e9ramique sont constitu\u00e9es de mat\u00e9riaux composites au lieu de m\u00e9tal. Il existe des bagues en c\u00e9ramique de transparence variable se fondant avec la couleur naturelle des dents. Il en existe m\u00eame des enti\u00e8rement translucides appel\u00e9s <strong>\u00ab accolades en c\u00e9ramique transparente \u00bb<\/strong> qui sont sans taches. Beaucoup de gens pr\u00e9f\u00e8rent cela parce que les accolades en m\u00e9tal sont visibles et esth\u00e9tiquement peu attrayantes.<\/p>\n<p><img decoding=\"async\" class=\"aligncenter size-full wp-image-29 lazyload\" data-src=\"https:\/\/www.orthodontist-dubai.com\/wp-content\/uploads\/2014\/12\/ceramic-braces-in-Dubai.jpg\" alt=\"accolades en c\u00e9ramique \u00e0 Duba\u00ef\" width=\"448\" height=\"286\" data-srcset=\"https:\/\/www.orthodontist-dubai.com\/wp-content\/uploads\/2014\/12\/ceramic-braces-in-Dubai.jpg 448w, https:\/\/www.orthodontist-dubai.com\/wp-content\/uploads\/2014\/12\/ceramic-braces-in-Dubai-300x192.jpg 300w\" data-sizes=\"(max-width: 448px) 100vw, 448px\" src=\"data:image\/svg+xml;base64,PHN2ZyB3aWR0aD0iMSIgaGVpZ2h0PSIxIiB4bWxucz0iaHR0cDovL3d3dy53My5vcmcvMjAwMC9zdmciPjwvc3ZnPg==\" style=\"--smush-placeholder-width: 448px; --smush-placeholder-aspect-ratio: 448\/286;\" \/><\/p>\n<h3>Bretelles en c\u00e9ramique transparente<\/h3>\n<p>Les accolades en c\u00e9ramique transparente sont construites \u00e0 l&#039;aide d&#039;alliages de c\u00e9ramique qui offrent une transparence totale, ce qui la rend totalement imperceptible. En plus des supports en c\u00e9ramique transparente, il existe 2 types de fils ou d&#039;attaches qui peuvent les rendre plus dissimul\u00e9s. Les attaches sont constitu\u00e9es d&#039;\u00e9lastique transparent ou de m\u00e9tal blanc. Ceux en m\u00e9tal offrent une liaison plus forte mais ont tendance \u00e0 perdre leur rev\u00eatement de couleur blanche avec le temps.<br \/>\n<a href=\"https:\/\/www.orthodontist-dubai.com\/fr\/avis-cliniques\/\"><img decoding=\"async\" class=\"aligncenter wp-image-346 size-full lazyload\" data-src=\"https:\/\/www.orthodontist-dubai.com\/wp-content\/uploads\/2014\/12\/banner-best2.jpg\" alt=\"accolades en c\u00e9ramique \u00e0 Duba\u00ef \u00c9mirats Arabes Unis\" width=\"795\" height=\"459\" src=\"data:image\/svg+xml;base64,PHN2ZyB3aWR0aD0iMSIgaGVpZ2h0PSIxIiB4bWxucz0iaHR0cDovL3d3dy53My5vcmcvMjAwMC9zdmciPjwvc3ZnPg==\" style=\"--smush-placeholder-width: 795px; --smush-placeholder-aspect-ratio: 795\/459;\"><\/a><\/p>\n<h3>Avantages des bagues en c\u00e9ramique<\/h3>\n<p>Attrait cosm\u00e9tique en rendant vos accolades totalement imperceptibles par rapport aux accolades m\u00e9talliques traditionnelles et elles ne tachent jamais.<\/p>\n<h3>Inconv\u00e9nients des bagues en c\u00e9ramique<\/h3>\n<ul>\n<li>Ils peuvent se casser ou s&#039;\u00e9cailler lors d&#039;un impact violent car la c\u00e9ramique n&#039;est pas aussi solide que les bagues en m\u00e9tal.<\/li>\n<li>Plus cher que les broches en m\u00e9tal.<\/li>\n<\/ul>","protected":false},"excerpt":{"rendered":"<p>Know About Ceramic Braces Difference between metal and ceramic braces is that the ceramic braces are made up of composite materials instead of metal. There are ceramic braces of varying transparency blending with the natural color of the teeth. There are even fully translucent ones called &#8220;clear ceramic braces&#8221; which are stain free. Many people [&hellip;]<\/p>\n","protected":false},"author":1,"featured_media":0,"parent":0,"menu_order":0,"comment_status":"closed","ping_status":"closed","template":"","meta":{"site-sidebar-layout":"default","site-content-layout":"","ast-site-content-layout":"default","site-content-style":"default","site-sidebar-style":"default","ast-global-header-display":"","ast-banner-title-visibility":"","ast-main-header-display":"","ast-hfb-above-header-display":"","ast-hfb-below-header-display":"","ast-hfb-mobile-header-display":"","site-post-title":"","ast-breadcrumbs-content":"","ast-featured-img":"","footer-sml-layout":"","ast-disable-related-posts":"","theme-transparent-header-meta":"","adv-header-id-meta":"","stick-header-meta":"","header-above-stick-meta":"","header-main-stick-meta":"","header-below-stick-meta":"","astra-migrate-meta-layouts":"default","ast-page-background-enabled":"default","ast-page-background-meta":{"desktop":{"background-color":"var(--ast-global-color-4)","background-image":"","background-repeat":"repeat","background-position":"center center","background-size":"auto","background-attachment":"scroll","background-type":"","background-media":"","overlay-type":"","overlay-color":"","overlay-opacity":"","overlay-gradient":""},"tablet":{"background-color":"","background-image":"","background-repeat":"repeat","background-position":"center center","background-size":"auto","background-attachment":"scroll","background-type":"","background-media":"","overlay-type":"","overlay-color":"","overlay-opacity":"","overlay-gradient":""},"mobile":{"background-color":"","background-image":"","background-repeat":"repeat","background-position":"center center","background-size":"auto","background-attachment":"scroll","background-type":"","background-media":"","overlay-type":"","overlay-color":"","overlay-opacity":"","overlay-gradient":""}},"ast-content-background-meta":{"desktop":{"background-color":"var(--ast-global-color-5)","background-image":"","background-repeat":"repeat","background-position":"center center","background-size":"auto","background-attachment":"scroll","background-type":"","background-media":"","overlay-type":"","overlay-color":"","overlay-opacity":"","overlay-gradient":""},"tablet":{"background-color":"var(--ast-global-color-5)","background-image":"","background-repeat":"repeat","background-position":"center center","background-size":"auto","background-attachment":"scroll","background-type":"","background-media":"","overlay-type":"","overlay-color":"","overlay-opacity":"","overlay-gradient":""},"mobile":{"background-color":"var(--ast-global-color-5)","background-image":"","background-repeat":"repeat","background-position":"center center","background-size":"auto","background-attachment":"scroll","background-type":"","background-media":"","overlay-type":"","overlay-color":"","overlay-opacity":"","overlay-gradient":""}},"footnotes":""},"class_list":["post-28","page","type-page","status-publish","hentry"],"yoast_head":"<!-- This site is optimized with the Yoast SEO plugin v27.6 - https:\/\/yoast.com\/product\/yoast-seo-wordpress\/ -->\n<title>CERAMIC BRACES IN DUBAI UAE<\/title>\n<meta name=\"robots\" content=\"index, follow, max-snippet:-1, max-image-preview:large, max-video-preview:-1\" \/>\n<link rel=\"canonical\" href=\"https:\/\/www.orthodontist-dubai.com\/fr\/accolades-en-ceramique\/\" \/>\n<meta property=\"og:locale\" content=\"fr_FR\" \/>\n<meta property=\"og:type\" content=\"article\" \/>\n<meta property=\"og:title\" content=\"CERAMIC BRACES IN DUBAI UAE\" \/>\n<meta property=\"og:description\" content=\"Know About Ceramic Braces Difference between metal and ceramic braces is that the ceramic braces are made up of composite materials instead of metal. There are ceramic braces of varying transparency blending with the natural color of the teeth. There are even fully translucent ones called &#8220;clear ceramic braces&#8221; which are stain free. Many people [&hellip;]\" \/>\n<meta property=\"og:url\" content=\"https:\/\/www.orthodontist-dubai.com\/fr\/accolades-en-ceramique\/\" \/>\n<meta property=\"og:site_name\" content=\"BEST Orthodontist &amp; Dentist in Dubai UAE for all Dental Treatments\" \/>\n<meta property=\"article:publisher\" content=\"https:\/\/www.facebook.com\/Orthodontist.Dentist.Dubai\/\" \/>\n<meta property=\"article:modified_time\" content=\"2020-03-13T06:42:02+00:00\" \/>\n<meta property=\"og:image\" content=\"https:\/\/www.orthodontist-dubai.com\/wp-content\/uploads\/2014\/12\/ceramic-braces-in-Dubai.jpg\" \/>\n<meta name=\"twitter:card\" content=\"summary_large_image\" \/>\n<meta name=\"twitter:label1\" content=\"Dur\u00e9e de lecture estim\u00e9e\" \/>\n\t<meta name=\"twitter:data1\" content=\"1 minute\" \/>\n<script type=\"application\/ld+json\" class=\"yoast-schema-graph\">{\"@context\":\"https:\\\/\\\/schema.org\",\"@graph\":[{\"@type\":\"WebPage\",\"@id\":\"https:\\\/\\\/www.orthodontist-dubai.com\\\/ceramic-braces\\\/\",\"url\":\"https:\\\/\\\/www.orthodontist-dubai.com\\\/ceramic-braces\\\/\",\"name\":\"CERAMIC BRACES IN DUBAI UAE\",\"isPartOf\":{\"@id\":\"https:\\\/\\\/www.orthodontist-dubai.com\\\/#website\"},\"primaryImageOfPage\":{\"@id\":\"https:\\\/\\\/www.orthodontist-dubai.com\\\/ceramic-braces\\\/#primaryimage\"},\"image\":{\"@id\":\"https:\\\/\\\/www.orthodontist-dubai.com\\\/ceramic-braces\\\/#primaryimage\"},\"thumbnailUrl\":\"https:\\\/\\\/www.orthodontist-dubai.com\\\/wp-content\\\/uploads\\\/2014\\\/12\\\/ceramic-braces-in-Dubai.jpg\",\"datePublished\":\"2014-12-28T18:38:24+00:00\",\"dateModified\":\"2020-03-13T06:42:02+00:00\",\"breadcrumb\":{\"@id\":\"https:\\\/\\\/www.orthodontist-dubai.com\\\/ceramic-braces\\\/#breadcrumb\"},\"inLanguage\":\"fr-FR\",\"potentialAction\":[{\"@type\":\"ReadAction\",\"target\":[\"https:\\\/\\\/www.orthodontist-dubai.com\\\/ceramic-braces\\\/\"]}]},{\"@type\":\"ImageObject\",\"inLanguage\":\"fr-FR\",\"@id\":\"https:\\\/\\\/www.orthodontist-dubai.com\\\/ceramic-braces\\\/#primaryimage\",\"url\":\"https:\\\/\\\/www.orthodontist-dubai.com\\\/wp-content\\\/uploads\\\/2014\\\/12\\\/ceramic-braces-in-Dubai.jpg\",\"contentUrl\":\"https:\\\/\\\/www.orthodontist-dubai.com\\\/wp-content\\\/uploads\\\/2014\\\/12\\\/ceramic-braces-in-Dubai.jpg\"},{\"@type\":\"BreadcrumbList\",\"@id\":\"https:\\\/\\\/www.orthodontist-dubai.com\\\/ceramic-braces\\\/#breadcrumb\",\"itemListElement\":[{\"@type\":\"ListItem\",\"position\":1,\"name\":\"\u2776 Home\",\"item\":\"https:\\\/\\\/www.orthodontist-dubai.com\\\/\"},{\"@type\":\"ListItem\",\"position\":2,\"name\":\"Ceramic Braces\"}]},{\"@type\":\"WebSite\",\"@id\":\"https:\\\/\\\/www.orthodontist-dubai.com\\\/#website\",\"url\":\"https:\\\/\\\/www.orthodontist-dubai.com\\\/\",\"name\":\"BEST Orthodontist &amp; Dentist in Dubai UAE for all Dental Treatments\",\"description\":\"Cheap &amp; Best Orthodontist &amp; Dentists for all dental treatments in Dubai UAE\",\"publisher\":{\"@id\":\"https:\\\/\\\/www.orthodontist-dubai.com\\\/#organization\"},\"potentialAction\":[{\"@type\":\"SearchAction\",\"target\":{\"@type\":\"EntryPoint\",\"urlTemplate\":\"https:\\\/\\\/www.orthodontist-dubai.com\\\/?s={search_term_string}\"},\"query-input\":{\"@type\":\"PropertyValueSpecification\",\"valueRequired\":true,\"valueName\":\"search_term_string\"}}],\"inLanguage\":\"fr-FR\"},{\"@type\":\"Organization\",\"@id\":\"https:\\\/\\\/www.orthodontist-dubai.com\\\/#organization\",\"name\":\"Best Orthodontist & Dentist in Dubai UAE\",\"url\":\"https:\\\/\\\/www.orthodontist-dubai.com\\\/\",\"logo\":{\"@type\":\"ImageObject\",\"inLanguage\":\"fr-FR\",\"@id\":\"https:\\\/\\\/www.orthodontist-dubai.com\\\/#\\\/schema\\\/logo\\\/image\\\/\",\"url\":\"https:\\\/\\\/www.orthodontist-dubai.com\\\/wp-content\\\/uploads\\\/2015\\\/04\\\/Othorontist-Dentist-UAE-Logo.png\",\"contentUrl\":\"https:\\\/\\\/www.orthodontist-dubai.com\\\/wp-content\\\/uploads\\\/2015\\\/04\\\/Othorontist-Dentist-UAE-Logo.png\",\"width\":190,\"height\":70,\"caption\":\"Best Orthodontist & Dentist in Dubai UAE\"},\"image\":{\"@id\":\"https:\\\/\\\/www.orthodontist-dubai.com\\\/#\\\/schema\\\/logo\\\/image\\\/\"},\"sameAs\":[\"https:\\\/\\\/www.facebook.com\\\/Orthodontist.Dentist.Dubai\\\/\",\"https:\\\/\\\/www.linkedin.com\\\/in\\\/dr-nazeer-ahmed-meeran-15691083\\\/\"]}]}<\/script>\n<!-- \/ Yoast SEO plugin. -->","yoast_head_json":{"title":"BRACELET EN C\u00c9RAMIQUE \u00c0 DUBA\u00cf EAU","robots":{"index":"index","follow":"follow","max-snippet":"max-snippet:-1","max-image-preview":"max-image-preview:large","max-video-preview":"max-video-preview:-1"},"canonical":"https:\/\/www.orthodontist-dubai.com\/fr\/accolades-en-ceramique\/","og_locale":"fr_FR","og_type":"article","og_title":"CERAMIC BRACES IN DUBAI UAE","og_description":"Know About Ceramic Braces Difference between metal and ceramic braces is that the ceramic braces are made up of composite materials instead of metal. There are ceramic braces of varying transparency blending with the natural color of the teeth. There are even fully translucent ones called &#8220;clear ceramic braces&#8221; which are stain free. Many people [&hellip;]","og_url":"https:\/\/www.orthodontist-dubai.com\/fr\/accolades-en-ceramique\/","og_site_name":"BEST Orthodontist &amp; Dentist in Dubai UAE for all Dental Treatments","article_publisher":"https:\/\/www.facebook.com\/Orthodontist.Dentist.Dubai\/","article_modified_time":"2020-03-13T06:42:02+00:00","og_image":[{"url":"https:\/\/www.orthodontist-dubai.com\/wp-content\/uploads\/2014\/12\/ceramic-braces-in-Dubai.jpg","type":"","width":"","height":""}],"twitter_card":"summary_large_image","twitter_misc":{"Dur\u00e9e de lecture estim\u00e9e":"1 minute"},"schema":{"@context":"https:\/\/schema.org","@graph":[{"@type":"WebPage","@id":"https:\/\/www.orthodontist-dubai.com\/ceramic-braces\/","url":"https:\/\/www.orthodontist-dubai.com\/ceramic-braces\/","name":"BRACELET EN C\u00c9RAMIQUE \u00c0 DUBA\u00cf EAU","isPartOf":{"@id":"https:\/\/www.orthodontist-dubai.com\/#website"},"primaryImageOfPage":{"@id":"https:\/\/www.orthodontist-dubai.com\/ceramic-braces\/#primaryimage"},"image":{"@id":"https:\/\/www.orthodontist-dubai.com\/ceramic-braces\/#primaryimage"},"thumbnailUrl":"https:\/\/www.orthodontist-dubai.com\/wp-content\/uploads\/2014\/12\/ceramic-braces-in-Dubai.jpg","datePublished":"2014-12-28T18:38:24+00:00","dateModified":"2020-03-13T06:42:02+00:00","breadcrumb":{"@id":"https:\/\/www.orthodontist-dubai.com\/ceramic-braces\/#breadcrumb"},"inLanguage":"fr-FR","potentialAction":[{"@type":"ReadAction","target":["https:\/\/www.orthodontist-dubai.com\/ceramic-braces\/"]}]},{"@type":"ImageObject","inLanguage":"fr-FR","@id":"https:\/\/www.orthodontist-dubai.com\/ceramic-braces\/#primaryimage","url":"https:\/\/www.orthodontist-dubai.com\/wp-content\/uploads\/2014\/12\/ceramic-braces-in-Dubai.jpg","contentUrl":"https:\/\/www.orthodontist-dubai.com\/wp-content\/uploads\/2014\/12\/ceramic-braces-in-Dubai.jpg"},{"@type":"BreadcrumbList","@id":"https:\/\/www.orthodontist-dubai.com\/ceramic-braces\/#breadcrumb","itemListElement":[{"@type":"ListItem","position":1,"name":"\u2776 Home","item":"https:\/\/www.orthodontist-dubai.com\/"},{"@type":"ListItem","position":2,"name":"Ceramic Braces"}]},{"@type":"WebSite","@id":"https:\/\/www.orthodontist-dubai.com\/#website","url":"https:\/\/www.orthodontist-dubai.com\/","name":"MEILLEUR orthodontiste et dentiste \u00e0 Duba\u00ef aux \u00c9mirats arabes unis pour tous les traitements dentaires","description":"Dentistes et orthodontistes bon march\u00e9 et meilleurs pour tous les traitements dentaires \u00e0 Duba\u00ef, \u00c9mirats Arabes Unis","publisher":{"@id":"https:\/\/www.orthodontist-dubai.com\/#organization"},"potentialAction":[{"@type":"SearchAction","target":{"@type":"EntryPoint","urlTemplate":"https:\/\/www.orthodontist-dubai.com\/?s={search_term_string}"},"query-input":{"@type":"PropertyValueSpecification","valueRequired":true,"valueName":"search_term_string"}}],"inLanguage":"fr-FR"},{"@type":"Organization","@id":"https:\/\/www.orthodontist-dubai.com\/#organization","name":"Meilleur orthodontiste et dentiste \u00e0 Duba\u00ef, \u00c9mirats arabes unis","url":"https:\/\/www.orthodontist-dubai.com\/","logo":{"@type":"ImageObject","inLanguage":"fr-FR","@id":"https:\/\/www.orthodontist-dubai.com\/#\/schema\/logo\/image\/","url":"https:\/\/www.orthodontist-dubai.com\/wp-content\/uploads\/2015\/04\/Othorontist-Dentist-UAE-Logo.png","contentUrl":"https:\/\/www.orthodontist-dubai.com\/wp-content\/uploads\/2015\/04\/Othorontist-Dentist-UAE-Logo.png","width":190,"height":70,"caption":"Best Orthodontist & Dentist in Dubai UAE"},"image":{"@id":"https:\/\/www.orthodontist-dubai.com\/#\/schema\/logo\/image\/"},"sameAs":["https:\/\/www.facebook.com\/Orthodontist.Dentist.Dubai\/","https:\/\/www.linkedin.com\/in\/dr-nazeer-ahmed-meeran-15691083\/"]}]}},"_links":{"self":[{"href":"https:\/\/www.orthodontist-dubai.com\/fr\/wp-json\/wp\/v2\/pages\/28","targetHints":{"allow":["GET"]}}],"collection":[{"href":"https:\/\/www.orthodontist-dubai.com\/fr\/wp-json\/wp\/v2\/pages"}],"about":[{"href":"https:\/\/www.orthodontist-dubai.com\/fr\/wp-json\/wp\/v2\/types\/page"}],"author":[{"embeddable":true,"href":"https:\/\/www.orthodontist-dubai.com\/fr\/wp-json\/wp\/v2\/users\/1"}],"replies":[{"embeddable":true,"href":"https:\/\/www.orthodontist-dubai.com\/fr\/wp-json\/wp\/v2\/comments?post=28"}],"version-history":[{"count":3,"href":"https:\/\/www.orthodontist-dubai.com\/fr\/wp-json\/wp\/v2\/pages\/28\/revisions"}],"predecessor-version":[{"id":768,"href":"https:\/\/www.orthodontist-dubai.com\/fr\/wp-json\/wp\/v2\/pages\/28\/revisions\/768"}],"wp:attachment":[{"href":"https:\/\/www.orthodontist-dubai.com\/fr\/wp-json\/wp\/v2\/media?parent=28"}],"curies":[{"name":"wp","href":"https:\/\/api.w.org\/{rel}","templated":true}]}}