{"id":157,"date":"2015-04-15T07:04:06","date_gmt":"2015-04-15T07:04:06","guid":{"rendered":"https:\/\/www.orthodontist-dubai.com\/?page_id=157"},"modified":"2023-10-20T13:15:00","modified_gmt":"2023-10-20T09:15:00","slug":"crowns-and-bridges","status":"publish","type":"page","link":"https:\/\/www.orthodontist-dubai.com\/fr\/couronnes-et-bridges\/","title":{"rendered":"Couronne dentaire et ponts dentaires"},"content":{"rendered":"<p>Ceux-ci sont <strong>proth\u00e8ses fixes<\/strong> fait par <strong>dentistes<\/strong>. Ils ne sont pas amovibles comme <strong>dentiers<\/strong> et sont <strong>ciment\u00e9 \u00e0 vos dents ou implants existants<\/strong>. Ils ne peuvent \u00eatre retir\u00e9s que par les dentistes. Les couronnes dentaires sont utilis\u00e9es pour prot\u00e9ger les dents endommag\u00e9es ou fragilis\u00e9es. Les couronnes dentaires sont \u00e9galement appel\u00e9es \u00ab<em>casquettes dentaires<\/em>\u00bb. Il s&#039;agit de \u00ab\u00a0capuchons\u00a0\u00bb en forme de dent, fabriqu\u00e9s sur mesure par votre dentiste et plac\u00e9s sur votre dent pr\u00e9par\u00e9e. Les couronnes dentaires couvrent votre dent depuis la gencive jusqu&#039;\u00e0 la surface mordante.<\/p>\n<p><img decoding=\"async\" class=\"aligncenter lazyload\" data-src=\"https:\/\/www.orthodontist-dubai.com\/wp-content\/uploads\/2023\/10\/Dental-Crown-Bridges-in-Dubai-UAE-Before-After-treatment-pictures.jpg\" alt=\"Couronnes et ponts dentaires \u00e0 Duba\u00ef, \u00c9mirats arabes unis, photos de traitement avant et apr\u00e8s\" width=\"1016\" height=\"867\" src=\"data:image\/svg+xml;base64,PHN2ZyB3aWR0aD0iMSIgaGVpZ2h0PSIxIiB4bWxucz0iaHR0cDovL3d3dy53My5vcmcvMjAwMC9zdmciPjwvc3ZnPg==\" style=\"--smush-placeholder-width: 1016px; --smush-placeholder-aspect-ratio: 1016\/867;\" \/><\/p>\n<h2><b>Comment fonctionnent les couronnes dentaires ?<\/b><\/h2>\n<p>Les couronnes recouvrent enti\u00e8rement une dent endommag\u00e9e (<strong>coiffes dentaires)<\/strong>. Ce<strong> redresse la dent endommag\u00e9e<\/strong> et aussi<strong> am\u00e9liore l&#039;apparence, la forme et l&#039;alignement<\/strong>. Une couronne peut \u00e9galement \u00eatre plac\u00e9e sur un implant pour fournir une forme et une fonctionnalit\u00e9. <strong>Porcelaine<\/strong> ou <strong>couronnes en c\u00e9ramique<\/strong> sont faites pour correspondre \u00e0 la couleur de votre dent. Ils peuvent \u00e9galement \u00eatre fabriqu\u00e9s \u00e0 partir d&#039;alliages d&#039;or et de m\u00e9taux, d&#039;acrylique et de c\u00e9ramique. L&#039;avantage est qu&#039;ils sont plus r\u00e9sistants que ceux en c\u00e9ramique et sont recommand\u00e9s pour les dents post\u00e9rieures. L&#039;alternative est la porcelaine coll\u00e9e \u00e0 un m\u00e9tal pour donner un aspect esth\u00e9tiquement sup\u00e9rieur.<\/p>\n<h2><b>Comment fonctionnent les bridges dentaires ?<\/b><\/h2>\n<p>S&#039;il vous manque une dent, ces lacunes peuvent \u00eatre combl\u00e9es par des ponts. L&#039;avantage est qu&#039;ils corrigent le d\u00e9s\u00e9quilibre et emp\u00eachent les autres dents de se d\u00e9saligner car les espaces vides peuvent provoquer une mauvaise occlusion. Les maladies des gencives et les troubles de l&#039;articulation temporo-mandibulaire peuvent \u00e9galement \u00eatre \u00e9vit\u00e9s. La porcelaine peut \u00eatre utilis\u00e9e pour donner un aspect naturel.<\/p>\n<h3>Quels sont les avantages des couronnes dentaires ?<\/h3>\n<p>1. Les couronnes dentaires sont utilis\u00e9es pour prot\u00e9ger vos dents faibles ou celles qui pr\u00e9sentent des dommages comme de grandes caries ou des fractures. Ils sont parfois utilis\u00e9s apr\u00e8s une intervention canalaire. En enveloppant votre dent, des dommages suppl\u00e9mentaires peuvent \u00eatre \u00e9vit\u00e9s et cela peut \u00e9galement maintenir l&#039;int\u00e9grit\u00e9 structurelle de votre dent.<br \/>\n2. Les couronnes dentaires sont con\u00e7ues pour ressembler exactement \u00e0 votre dent naturelle, l&#039;aidant ainsi \u00e0 avoir une fonction normale de morsure et de mastication.<br \/>\n3. Les couronnes dentaires en porcelaine color\u00e9e peuvent am\u00e9liorer l\u2019apparence g\u00e9n\u00e9rale d\u2019une dent, lui donnant un aspect tr\u00e8s naturel.<br \/>\n4. Les couronnes dentaires sont utilis\u00e9es pour ancrer les ponts dentaires con\u00e7us pour combler l&#039;\u00e9cart cr\u00e9\u00e9 par les dents manquantes dans votre bouche. Ces couronnes dentaires plac\u00e9es sur des dents saines voisines soutiennent les ponts dentaires.<br \/>\n5. Les couronnes dentaires sont \u00e9galement utilis\u00e9es pour recouvrir les implants dentaires.<\/p>\n<h3>Quels sont les types de mat\u00e9riaux utilis\u00e9s pour fabriquer des couronnes dentaires ?<\/h3>\n<p>Il existe de nombreux types de mat\u00e9riaux utilis\u00e9s pour les couronnes dentaires et ils sont choisis en fonction de facteurs tels que l&#039;emplacement de la dent n\u00e9cessitant une couronne dentaire, les pr\u00e9f\u00e9rences personnelles du patient ainsi que les recommandations de votre dentiste.<\/p>\n<p><img decoding=\"async\" class=\"aligncenter size-full wp-image-2121 lazyload\" data-src=\"https:\/\/www.orthodontist-dubai.com\/wp-content\/uploads\/2023\/10\/Types-of-Dental-Crowns-in-Dubai-UAE.jpg\" alt=\"Types de couronnes dentaires \u00e0 Duba\u00ef \u00c9mirats Arabes Unis\" width=\"840\" height=\"259\" data-srcset=\"https:\/\/www.orthodontist-dubai.com\/wp-content\/uploads\/2023\/10\/Types-of-Dental-Crowns-in-Dubai-UAE.jpg 840w, https:\/\/www.orthodontist-dubai.com\/wp-content\/uploads\/2023\/10\/Types-of-Dental-Crowns-in-Dubai-UAE-300x93.jpg 300w, https:\/\/www.orthodontist-dubai.com\/wp-content\/uploads\/2023\/10\/Types-of-Dental-Crowns-in-Dubai-UAE-768x237.jpg 768w, https:\/\/www.orthodontist-dubai.com\/wp-content\/uploads\/2023\/10\/Types-of-Dental-Crowns-in-Dubai-UAE-18x6.jpg 18w\" data-sizes=\"(max-width: 840px) 100vw, 840px\" src=\"data:image\/svg+xml;base64,PHN2ZyB3aWR0aD0iMSIgaGVpZ2h0PSIxIiB4bWxucz0iaHR0cDovL3d3dy53My5vcmcvMjAwMC9zdmciPjwvc3ZnPg==\" style=\"--smush-placeholder-width: 840px; --smush-placeholder-aspect-ratio: 840\/259;\" \/><\/p>\n<p><strong> Les types de mat\u00e9riaux utilis\u00e9s pour la fabrication des couronnes dentaires sont :<\/strong><\/p>\n<p>1. <strong>Porcelaine:<\/strong> Les couronnes en porcelaine semblent tr\u00e8s naturelles et peuvent \u00eatre adapt\u00e9es \u00e0 la couleur de vos dents existantes par votre dentiste. Ils sont recommand\u00e9s pour les dents de devant.<br \/>\n2. <strong>M\u00e9tal:<\/strong> Les couronnes m\u00e9talliques sont g\u00e9n\u00e9ralement constitu\u00e9es d\u2019alliages contenant de l\u2019or. Ils sont tr\u00e8s solides et durables \u00e0 long terme. Ils sont principalement utilis\u00e9s pour les dents du fond de la bouche (comme les molaires).<br \/>\n3. <strong>Porcelaine fondue sur m\u00e9tal (PFM)<\/strong>: De telles couronnes dentaires combinent la r\u00e9sistance du m\u00e9tal avec l\u2019aspect esth\u00e9tique de la couleur des dents donn\u00e9 par le mat\u00e9riau en porcelaine. Ils conviennent aussi bien \u00e0 vos dents de devant qu&#039;\u00e0 celles de votre arri\u00e8re-plan.<br \/>\n4. <strong>Tout en c\u00e9ramique ou tout en porcelaine<\/strong>: Ces couronnes sont enti\u00e8rement r\u00e9alis\u00e9es en porcelaine et donnent un aspect tr\u00e8s naturel. Beaucoup les choisissent pour leur dent de devant.<br \/>\n5. <strong>Couronnes en zircone :<\/strong> Ceux-ci sont fabriqu\u00e9s \u00e0 partir de dioxyde de zirconium (\u00e9galement connu sous le nom de zircone), un mat\u00e9riau c\u00e9ramique tr\u00e8s solide et durable. La diff\u00e9rence entre les couronnes en zircone et les couronnes en porcelaine r\u00e9side dans le fait que le mat\u00e9riau en porcelaine est plus translucide et peut donner un aspect tr\u00e8s naturel, tandis que la zircone n&#039;est pas aussi translucide pour imiter une dent naturelle dans certaines conditions d&#039;\u00e9clairage.<\/p>\n<p>Le choix du mat\u00e9riau de la couronne dentaire d\u00e9pend de divers facteurs tels que l&#039;emplacement de la dent n\u00e9cessitant une couronne dentaire, les pr\u00e9f\u00e9rences du patient ainsi que les recommandations de votre dentiste.<\/p>\n<h3>Quel est le processus \u00e9tape par \u00e9tape pour obtenir des couronnes dentaires \u00e0 Duba\u00ef, aux \u00c9mirats arabes unis ?<\/h3>\n<p>1. Obtenez un premier rendez-vous de consultation avec notre dentiste \u00e0 Duba\u00ef pour examiner votre dent. Le dentiste v\u00e9rifiera et sugg\u00e9rera des options de traitement et des alternatives disponibles en fonction de l&#039;\u00e9tat actuel de votre dent, de vos ant\u00e9c\u00e9dents dentaires, etc. <a href=\"https:\/\/www.orthodontist-dubai.com\/fr\/contactez-nous\/\">Contactez-nous<\/a> pour organiser une consultation gratuite GRATUITE pour obtenir votre couronne dentaire dans notre clinique de Duba\u00ef, aux \u00c9mirats arabes unis.<\/p>\n<p>2. Radiographies et empreintes\u00a0: votre dentiste peut prendre <a href=\"\/fr\/_wp_link_placeholder\/\" data-wplink-edit=\"true\">Radiographies dentaires<\/a> de votre dent affect\u00e9e pour analyser le niveau actuel de dommage ou de carie et \u00e9galement pour \u00e9valuer l&#039;\u00e9tat des os environnants. Votre dentiste prendra une empreinte de votre dent et de ses environs.<\/p>\n<p>3. Pr\u00e9paration des dents : Si les dommages caus\u00e9s \u00e0 votre dent actuelle sont graves, votre dentiste la remod\u00e8lera en retirant une partie de sa couche externe pour laisser de la place \u00e0 la couronne dentaire.<\/p>\n<p>4. Couronne temporaire et fabrication de la couronne\u00a0: L&#039;\u00e9tape suivante consiste \u00e0 placer une couronne temporaire pour aider \u00e0 prot\u00e9ger la dent lorsque la couronne permanente est fabriqu\u00e9e sur mesure dans le laboratoire dentaire en utilisant les empreintes prises lors des \u00e9tapes pr\u00e9c\u00e9dentes. Une couronne temporaire aide \u00e9galement \u00e0 maintenir la fonctionnalit\u00e9 et l\u2019apparence de votre dent (car le processus de fabrication de la couronne peut prendre au moins une semaine).<\/p>\n<p>5. Ajustement de la couronne dentaire permanente : Une fois votre couronne permanente pr\u00eate au laboratoire, votre dentiste fixera un rendez-vous pour la fixer. Votre couronne temporaire sera retir\u00e9e et votre dentiste v\u00e9rifiera l&#039;ajustement, la couleur, la forme et l&#039;alignement de la couronne permanente avec votre occlusion naturelle. Il cimentera la couronne permanente en place \u00e0 l&#039;aide d&#039;un adh\u00e9sif dentaire et effectuera des ajustements pour s&#039;assurer qu&#039;elle soit confortable et naturelle pour le patient. Ensuite, la couronne est polie pour ressembler \u00e0 une dent naturelle.<\/p>\n<p>6. Soins post-traitement\u00a0: suivez une bonne hygi\u00e8ne bucco-dentaire pour assurer la long\u00e9vit\u00e9 de votre couronne dentaire et suivez les instructions donn\u00e9es par votre dentiste apr\u00e8s le traitement. Il est bon d\u2019\u00e9viter de fumer, les aliments durs et collants, les grincements de dents la nuit, etc. Si vous sentez que la couronne se d\u00e9tache, veuillez consulter imm\u00e9diatement votre dentiste et n&#039;essayez pas de l&#039;ajuster vous-m\u00eame.<\/p>","protected":false},"excerpt":{"rendered":"<p>These are fixed prosthetic devices done by dentists. They are not removable like dentures and are cemented to your existing teeth or implants. They can be removed only by dentists. Dental crowns are used to protect damaged or weakened tooth. Dental crowns are also called as \u201cdental caps\u201d. They are tooth shaped &#8220;caps&#8221; that are [&hellip;]<\/p>\n","protected":false},"author":1,"featured_media":0,"parent":0,"menu_order":0,"comment_status":"closed","ping_status":"closed","template":"","meta":{"site-sidebar-layout":"default","site-content-layout":"","ast-site-content-layout":"default","site-content-style":"default","site-sidebar-style":"default","ast-global-header-display":"","ast-banner-title-visibility":"","ast-main-header-display":"","ast-hfb-above-header-display":"","ast-hfb-below-header-display":"","ast-hfb-mobile-header-display":"","site-post-title":"","ast-breadcrumbs-content":"","ast-featured-img":"","footer-sml-layout":"","ast-disable-related-posts":"","theme-transparent-header-meta":"","adv-header-id-meta":"","stick-header-meta":"","header-above-stick-meta":"","header-main-stick-meta":"","header-below-stick-meta":"","astra-migrate-meta-layouts":"set","ast-page-background-enabled":"default","ast-page-background-meta":{"desktop":{"background-color":"var(--ast-global-color-4)","background-image":"","background-repeat":"repeat","background-position":"center center","background-size":"auto","background-attachment":"scroll","background-type":"","background-media":"","overlay-type":"","overlay-color":"","overlay-opacity":"","overlay-gradient":""},"tablet":{"background-color":"","background-image":"","background-repeat":"repeat","background-position":"center center","background-size":"auto","background-attachment":"scroll","background-type":"","background-media":"","overlay-type":"","overlay-color":"","overlay-opacity":"","overlay-gradient":""},"mobile":{"background-color":"","background-image":"","background-repeat":"repeat","background-position":"center center","background-size":"auto","background-attachment":"scroll","background-type":"","background-media":"","overlay-type":"","overlay-color":"","overlay-opacity":"","overlay-gradient":""}},"ast-content-background-meta":{"desktop":{"background-color":"var(--ast-global-color-5)","background-image":"","background-repeat":"repeat","background-position":"center center","background-size":"auto","background-attachment":"scroll","background-type":"","background-media":"","overlay-type":"","overlay-color":"","overlay-opacity":"","overlay-gradient":""},"tablet":{"background-color":"var(--ast-global-color-5)","background-image":"","background-repeat":"repeat","background-position":"center center","background-size":"auto","background-attachment":"scroll","background-type":"","background-media":"","overlay-type":"","overlay-color":"","overlay-opacity":"","overlay-gradient":""},"mobile":{"background-color":"var(--ast-global-color-5)","background-image":"","background-repeat":"repeat","background-position":"center center","background-size":"auto","background-attachment":"scroll","background-type":"","background-media":"","overlay-type":"","overlay-color":"","overlay-opacity":"","overlay-gradient":""}},"footnotes":""},"class_list":["post-157","page","type-page","status-publish","hentry"],"yoast_head":"<!-- This site is optimized with the Yoast SEO plugin v27.5 - https:\/\/yoast.com\/product\/yoast-seo-wordpress\/ -->\n<title>DENTAL CROWNS IN DUBAI | DENTAL BRIDGES<\/title>\n<meta name=\"robots\" content=\"index, follow, max-snippet:-1, max-image-preview:large, max-video-preview:-1\" \/>\n<link rel=\"canonical\" href=\"https:\/\/www.orthodontist-dubai.com\/fr\/couronnes-et-bridges\/\" \/>\n<meta property=\"og:locale\" content=\"fr_FR\" \/>\n<meta property=\"og:type\" content=\"article\" \/>\n<meta property=\"og:title\" content=\"DENTAL CROWNS IN DUBAI | DENTAL BRIDGES\" \/>\n<meta property=\"og:description\" content=\"These are fixed prosthetic devices done by dentists. They are not removable like dentures and are cemented to your existing teeth or implants. They can be removed only by dentists. Dental crowns are used to protect damaged or weakened tooth. Dental crowns are also called as \u201cdental caps\u201d. They are tooth shaped &#8220;caps&#8221; that are [&hellip;]\" \/>\n<meta property=\"og:url\" content=\"https:\/\/www.orthodontist-dubai.com\/fr\/couronnes-et-bridges\/\" \/>\n<meta property=\"og:site_name\" content=\"BEST Orthodontist &amp; Dentist in Dubai UAE for all Dental Treatments\" \/>\n<meta property=\"article:publisher\" content=\"https:\/\/www.facebook.com\/Orthodontist.Dentist.Dubai\/\" \/>\n<meta property=\"article:modified_time\" content=\"2023-10-20T09:15:00+00:00\" \/>\n<meta property=\"og:image\" content=\"https:\/\/www.orthodontist-dubai.com\/wp-content\/uploads\/2023\/10\/Dental-Crown-Bridges-in-Dubai-UAE-Before-After-treatment-pictures.jpg\" \/>\n<meta name=\"twitter:card\" content=\"summary_large_image\" \/>\n<meta name=\"twitter:label1\" content=\"Dur\u00e9e de lecture estim\u00e9e\" \/>\n\t<meta name=\"twitter:data1\" content=\"5 minutes\" \/>\n<script type=\"application\/ld+json\" class=\"yoast-schema-graph\">{\"@context\":\"https:\\\/\\\/schema.org\",\"@graph\":[{\"@type\":\"WebPage\",\"@id\":\"https:\\\/\\\/www.orthodontist-dubai.com\\\/crowns-and-bridges\\\/\",\"url\":\"https:\\\/\\\/www.orthodontist-dubai.com\\\/crowns-and-bridges\\\/\",\"name\":\"DENTAL CROWNS IN DUBAI | DENTAL BRIDGES\",\"isPartOf\":{\"@id\":\"https:\\\/\\\/www.orthodontist-dubai.com\\\/#website\"},\"primaryImageOfPage\":{\"@id\":\"https:\\\/\\\/www.orthodontist-dubai.com\\\/crowns-and-bridges\\\/#primaryimage\"},\"image\":{\"@id\":\"https:\\\/\\\/www.orthodontist-dubai.com\\\/crowns-and-bridges\\\/#primaryimage\"},\"thumbnailUrl\":\"https:\\\/\\\/www.orthodontist-dubai.com\\\/wp-content\\\/uploads\\\/2023\\\/10\\\/Dental-Crown-Bridges-in-Dubai-UAE-Before-After-treatment-pictures.jpg\",\"datePublished\":\"2015-04-15T07:04:06+00:00\",\"dateModified\":\"2023-10-20T09:15:00+00:00\",\"breadcrumb\":{\"@id\":\"https:\\\/\\\/www.orthodontist-dubai.com\\\/crowns-and-bridges\\\/#breadcrumb\"},\"inLanguage\":\"fr-FR\",\"potentialAction\":[{\"@type\":\"ReadAction\",\"target\":[\"https:\\\/\\\/www.orthodontist-dubai.com\\\/crowns-and-bridges\\\/\"]}]},{\"@type\":\"ImageObject\",\"inLanguage\":\"fr-FR\",\"@id\":\"https:\\\/\\\/www.orthodontist-dubai.com\\\/crowns-and-bridges\\\/#primaryimage\",\"url\":\"https:\\\/\\\/www.orthodontist-dubai.com\\\/wp-content\\\/uploads\\\/2023\\\/10\\\/Dental-Crown-Bridges-in-Dubai-UAE-Before-After-treatment-pictures.jpg\",\"contentUrl\":\"https:\\\/\\\/www.orthodontist-dubai.com\\\/wp-content\\\/uploads\\\/2023\\\/10\\\/Dental-Crown-Bridges-in-Dubai-UAE-Before-After-treatment-pictures.jpg\"},{\"@type\":\"BreadcrumbList\",\"@id\":\"https:\\\/\\\/www.orthodontist-dubai.com\\\/crowns-and-bridges\\\/#breadcrumb\",\"itemListElement\":[{\"@type\":\"ListItem\",\"position\":1,\"name\":\"\u2776 Home\",\"item\":\"https:\\\/\\\/www.orthodontist-dubai.com\\\/\"},{\"@type\":\"ListItem\",\"position\":2,\"name\":\"Dental Crown and Dental Bridges\"}]},{\"@type\":\"WebSite\",\"@id\":\"https:\\\/\\\/www.orthodontist-dubai.com\\\/#website\",\"url\":\"https:\\\/\\\/www.orthodontist-dubai.com\\\/\",\"name\":\"BEST Orthodontist &amp; Dentist in Dubai UAE for all Dental Treatments\",\"description\":\"Cheap &amp; Best Orthodontist &amp; Dentists for all dental treatments in Dubai UAE\",\"publisher\":{\"@id\":\"https:\\\/\\\/www.orthodontist-dubai.com\\\/#organization\"},\"potentialAction\":[{\"@type\":\"SearchAction\",\"target\":{\"@type\":\"EntryPoint\",\"urlTemplate\":\"https:\\\/\\\/www.orthodontist-dubai.com\\\/?s={search_term_string}\"},\"query-input\":{\"@type\":\"PropertyValueSpecification\",\"valueRequired\":true,\"valueName\":\"search_term_string\"}}],\"inLanguage\":\"fr-FR\"},{\"@type\":\"Organization\",\"@id\":\"https:\\\/\\\/www.orthodontist-dubai.com\\\/#organization\",\"name\":\"Best Orthodontist & Dentist in Dubai UAE\",\"url\":\"https:\\\/\\\/www.orthodontist-dubai.com\\\/\",\"logo\":{\"@type\":\"ImageObject\",\"inLanguage\":\"fr-FR\",\"@id\":\"https:\\\/\\\/www.orthodontist-dubai.com\\\/#\\\/schema\\\/logo\\\/image\\\/\",\"url\":\"https:\\\/\\\/www.orthodontist-dubai.com\\\/wp-content\\\/uploads\\\/2015\\\/04\\\/Othorontist-Dentist-UAE-Logo.png\",\"contentUrl\":\"https:\\\/\\\/www.orthodontist-dubai.com\\\/wp-content\\\/uploads\\\/2015\\\/04\\\/Othorontist-Dentist-UAE-Logo.png\",\"width\":190,\"height\":70,\"caption\":\"Best Orthodontist & Dentist in Dubai UAE\"},\"image\":{\"@id\":\"https:\\\/\\\/www.orthodontist-dubai.com\\\/#\\\/schema\\\/logo\\\/image\\\/\"},\"sameAs\":[\"https:\\\/\\\/www.facebook.com\\\/Orthodontist.Dentist.Dubai\\\/\",\"https:\\\/\\\/www.linkedin.com\\\/in\\\/dr-nazeer-ahmed-meeran-15691083\\\/\"]}]}<\/script>\n<!-- \/ Yoast SEO plugin. -->","yoast_head_json":{"title":"Couronnes dentaires \u00e0 Duba\u00ef | Ponts dentaires","robots":{"index":"index","follow":"follow","max-snippet":"max-snippet:-1","max-image-preview":"max-image-preview:large","max-video-preview":"max-video-preview:-1"},"canonical":"https:\/\/www.orthodontist-dubai.com\/fr\/couronnes-et-bridges\/","og_locale":"fr_FR","og_type":"article","og_title":"DENTAL CROWNS IN DUBAI | DENTAL BRIDGES","og_description":"These are fixed prosthetic devices done by dentists. They are not removable like dentures and are cemented to your existing teeth or implants. They can be removed only by dentists. Dental crowns are used to protect damaged or weakened tooth. Dental crowns are also called as \u201cdental caps\u201d. They are tooth shaped &#8220;caps&#8221; that are [&hellip;]","og_url":"https:\/\/www.orthodontist-dubai.com\/fr\/couronnes-et-bridges\/","og_site_name":"BEST Orthodontist &amp; Dentist in Dubai UAE for all Dental Treatments","article_publisher":"https:\/\/www.facebook.com\/Orthodontist.Dentist.Dubai\/","article_modified_time":"2023-10-20T09:15:00+00:00","og_image":[{"url":"https:\/\/www.orthodontist-dubai.com\/wp-content\/uploads\/2023\/10\/Dental-Crown-Bridges-in-Dubai-UAE-Before-After-treatment-pictures.jpg","type":"","width":"","height":""}],"twitter_card":"summary_large_image","twitter_misc":{"Dur\u00e9e de lecture estim\u00e9e":"5 minutes"},"schema":{"@context":"https:\/\/schema.org","@graph":[{"@type":"WebPage","@id":"https:\/\/www.orthodontist-dubai.com\/crowns-and-bridges\/","url":"https:\/\/www.orthodontist-dubai.com\/crowns-and-bridges\/","name":"Couronnes dentaires \u00e0 Duba\u00ef | Ponts dentaires","isPartOf":{"@id":"https:\/\/www.orthodontist-dubai.com\/#website"},"primaryImageOfPage":{"@id":"https:\/\/www.orthodontist-dubai.com\/crowns-and-bridges\/#primaryimage"},"image":{"@id":"https:\/\/www.orthodontist-dubai.com\/crowns-and-bridges\/#primaryimage"},"thumbnailUrl":"https:\/\/www.orthodontist-dubai.com\/wp-content\/uploads\/2023\/10\/Dental-Crown-Bridges-in-Dubai-UAE-Before-After-treatment-pictures.jpg","datePublished":"2015-04-15T07:04:06+00:00","dateModified":"2023-10-20T09:15:00+00:00","breadcrumb":{"@id":"https:\/\/www.orthodontist-dubai.com\/crowns-and-bridges\/#breadcrumb"},"inLanguage":"fr-FR","potentialAction":[{"@type":"ReadAction","target":["https:\/\/www.orthodontist-dubai.com\/crowns-and-bridges\/"]}]},{"@type":"ImageObject","inLanguage":"fr-FR","@id":"https:\/\/www.orthodontist-dubai.com\/crowns-and-bridges\/#primaryimage","url":"https:\/\/www.orthodontist-dubai.com\/wp-content\/uploads\/2023\/10\/Dental-Crown-Bridges-in-Dubai-UAE-Before-After-treatment-pictures.jpg","contentUrl":"https:\/\/www.orthodontist-dubai.com\/wp-content\/uploads\/2023\/10\/Dental-Crown-Bridges-in-Dubai-UAE-Before-After-treatment-pictures.jpg"},{"@type":"BreadcrumbList","@id":"https:\/\/www.orthodontist-dubai.com\/crowns-and-bridges\/#breadcrumb","itemListElement":[{"@type":"ListItem","position":1,"name":"\u2776 Home","item":"https:\/\/www.orthodontist-dubai.com\/"},{"@type":"ListItem","position":2,"name":"Dental Crown and Dental Bridges"}]},{"@type":"WebSite","@id":"https:\/\/www.orthodontist-dubai.com\/#website","url":"https:\/\/www.orthodontist-dubai.com\/","name":"MEILLEUR orthodontiste et dentiste \u00e0 Duba\u00ef aux \u00c9mirats arabes unis pour tous les traitements dentaires","description":"Dentistes et orthodontistes bon march\u00e9 et meilleurs pour tous les traitements dentaires \u00e0 Duba\u00ef, \u00c9mirats Arabes Unis","publisher":{"@id":"https:\/\/www.orthodontist-dubai.com\/#organization"},"potentialAction":[{"@type":"SearchAction","target":{"@type":"EntryPoint","urlTemplate":"https:\/\/www.orthodontist-dubai.com\/?s={search_term_string}"},"query-input":{"@type":"PropertyValueSpecification","valueRequired":true,"valueName":"search_term_string"}}],"inLanguage":"fr-FR"},{"@type":"Organization","@id":"https:\/\/www.orthodontist-dubai.com\/#organization","name":"Meilleur orthodontiste et dentiste \u00e0 Duba\u00ef, \u00c9mirats arabes unis","url":"https:\/\/www.orthodontist-dubai.com\/","logo":{"@type":"ImageObject","inLanguage":"fr-FR","@id":"https:\/\/www.orthodontist-dubai.com\/#\/schema\/logo\/image\/","url":"https:\/\/www.orthodontist-dubai.com\/wp-content\/uploads\/2015\/04\/Othorontist-Dentist-UAE-Logo.png","contentUrl":"https:\/\/www.orthodontist-dubai.com\/wp-content\/uploads\/2015\/04\/Othorontist-Dentist-UAE-Logo.png","width":190,"height":70,"caption":"Best Orthodontist & Dentist in Dubai UAE"},"image":{"@id":"https:\/\/www.orthodontist-dubai.com\/#\/schema\/logo\/image\/"},"sameAs":["https:\/\/www.facebook.com\/Orthodontist.Dentist.Dubai\/","https:\/\/www.linkedin.com\/in\/dr-nazeer-ahmed-meeran-15691083\/"]}]}},"_links":{"self":[{"href":"https:\/\/www.orthodontist-dubai.com\/fr\/wp-json\/wp\/v2\/pages\/157","targetHints":{"allow":["GET"]}}],"collection":[{"href":"https:\/\/www.orthodontist-dubai.com\/fr\/wp-json\/wp\/v2\/pages"}],"about":[{"href":"https:\/\/www.orthodontist-dubai.com\/fr\/wp-json\/wp\/v2\/types\/page"}],"author":[{"embeddable":true,"href":"https:\/\/www.orthodontist-dubai.com\/fr\/wp-json\/wp\/v2\/users\/1"}],"replies":[{"embeddable":true,"href":"https:\/\/www.orthodontist-dubai.com\/fr\/wp-json\/wp\/v2\/comments?post=157"}],"version-history":[{"count":8,"href":"https:\/\/www.orthodontist-dubai.com\/fr\/wp-json\/wp\/v2\/pages\/157\/revisions"}],"predecessor-version":[{"id":2129,"href":"https:\/\/www.orthodontist-dubai.com\/fr\/wp-json\/wp\/v2\/pages\/157\/revisions\/2129"}],"wp:attachment":[{"href":"https:\/\/www.orthodontist-dubai.com\/fr\/wp-json\/wp\/v2\/media?parent=157"}],"curies":[{"name":"wp","href":"https:\/\/api.w.org\/{rel}","templated":true}]}}