{"id":11,"date":"2014-12-28T18:03:31","date_gmt":"2014-12-28T18:03:31","guid":{"rendered":"https:\/\/www.orthodontist-dubai.com\/?page_id=11"},"modified":"2016-06-25T04:58:10","modified_gmt":"2016-06-25T00:58:10","slug":"orthodontic-braces-types","status":"publish","type":"page","link":"https:\/\/www.orthodontist-dubai.com\/fr\/types-dappareils-orthodontiques\/","title":{"rendered":"Types d&#039;appareils orthodontiques"},"content":{"rendered":"<p>Un orthodontiste est un dentiste sp\u00e9cialis\u00e9 qui redresse les dents tordues ou les m\u00e2choires mal align\u00e9es \u00e0 l&#039;aide d&#039;appareils dentaires ou d&#039;appareils. Il est r\u00e9volu le temps o\u00f9 seuls les accolades en m\u00e9tal signifiaient des traitements orthodontiques. D\u00e9couvrez les diff\u00e9rents types d&#039;accolades disponibles aujourd&#039;hui et leurs d\u00e9tails complets en s\u00e9lectionnant celui que vous souhaitez dans le menu d\u00e9roulant principal ou ci-dessous.<\/p>\n<ul>\n<li><a href=\"https:\/\/www.orthodontist-dubai.com\/fr\/bretelles-traditionnelles-en-metal\/\">Types d&#039;accolades m\u00e9talliques<\/a><\/li>\n<li><a href=\"https:\/\/www.orthodontist-dubai.com\/fr\/accolades-en-ceramique\/\">Bretelles en c\u00e9ramique<\/a><\/li>\n<li><a href=\"https:\/\/www.orthodontist-dubai.com\/fr\/accolades-linguales-incognito\/\">Bretelles linguales<\/a><\/li>\n<li><a href=\"https:\/\/www.orthodontist-dubai.com\/fr\/damon-bretelles\/\">Bretelles Damon<\/a><\/li>\n<li><a href=\"https:\/\/www.orthodontist-dubai.com\/fr\/invisalign\/\">Invisalign \u2013 Appareils dentaires invisibles \u00e0 Duba\u00ef \u00c9mirats Arabes Unis<\/a><\/li>\n<li><a href=\"https:\/\/www.orthodontist-dubai.com\/fr\/eon-aligneurs\/\">Aligneurs Eon<\/a><\/li>\n<li><a href=\"https:\/\/www.orthodontist-dubai.com\/fr\/systeme-dharmonie\/\">Syst\u00e8me d&#039;harmonie<\/a><\/li>\n<li><a href=\"https:\/\/www.orthodontist-dubai.com\/fr\/incognito-accolades\/\">Bretelles Incognito<\/a><\/li>\n<li><a href=\"https:\/\/www.orthodontist-dubai.com\/fr\/smart-clip\/\">Clip intelligent<\/a><\/li>\n<li><a href=\"https:\/\/www.orthodontist-dubai.com\/fr\/systeme-tenbrook-t1\/\">Syst\u00e8me Tenbrook T1<\/a><\/li>\n<li><a href=\"https:\/\/www.orthodontist-dubai.com\/fr\/appareil-orthopedique\/\">Appareil orthop\u00e9dique<\/a><\/li>\n<\/ul>","protected":false},"excerpt":{"rendered":"<p>An orthodontist is a specialized dentist who straightens crooked teeth or misaligned jaws with the help of braces or appliances. Gone are the days when only the metal braces meant Orthodontic Treatments. Find out the various types of braces available today and their complete details by selecting the desired one from the main menu drop [&hellip;]<\/p>\n","protected":false},"author":1,"featured_media":0,"parent":0,"menu_order":0,"comment_status":"closed","ping_status":"closed","template":"page-templates\/full-width.php","meta":{"site-sidebar-layout":"default","site-content-layout":"","ast-site-content-layout":"default","site-content-style":"default","site-sidebar-style":"default","ast-global-header-display":"","ast-banner-title-visibility":"","ast-main-header-display":"","ast-hfb-above-header-display":"","ast-hfb-below-header-display":"","ast-hfb-mobile-header-display":"","site-post-title":"","ast-breadcrumbs-content":"","ast-featured-img":"","footer-sml-layout":"","ast-disable-related-posts":"","theme-transparent-header-meta":"","adv-header-id-meta":"","stick-header-meta":"","header-above-stick-meta":"","header-main-stick-meta":"","header-below-stick-meta":"","astra-migrate-meta-layouts":"default","ast-page-background-enabled":"default","ast-page-background-meta":{"desktop":{"background-color":"var(--ast-global-color-4)","background-image":"","background-repeat":"repeat","background-position":"center center","background-size":"auto","background-attachment":"scroll","background-type":"","background-media":"","overlay-type":"","overlay-color":"","overlay-opacity":"","overlay-gradient":""},"tablet":{"background-color":"","background-image":"","background-repeat":"repeat","background-position":"center center","background-size":"auto","background-attachment":"scroll","background-type":"","background-media":"","overlay-type":"","overlay-color":"","overlay-opacity":"","overlay-gradient":""},"mobile":{"background-color":"","background-image":"","background-repeat":"repeat","background-position":"center center","background-size":"auto","background-attachment":"scroll","background-type":"","background-media":"","overlay-type":"","overlay-color":"","overlay-opacity":"","overlay-gradient":""}},"ast-content-background-meta":{"desktop":{"background-color":"var(--ast-global-color-5)","background-image":"","background-repeat":"repeat","background-position":"center center","background-size":"auto","background-attachment":"scroll","background-type":"","background-media":"","overlay-type":"","overlay-color":"","overlay-opacity":"","overlay-gradient":""},"tablet":{"background-color":"var(--ast-global-color-5)","background-image":"","background-repeat":"repeat","background-position":"center center","background-size":"auto","background-attachment":"scroll","background-type":"","background-media":"","overlay-type":"","overlay-color":"","overlay-opacity":"","overlay-gradient":""},"mobile":{"background-color":"var(--ast-global-color-5)","background-image":"","background-repeat":"repeat","background-position":"center center","background-size":"auto","background-attachment":"scroll","background-type":"","background-media":"","overlay-type":"","overlay-color":"","overlay-opacity":"","overlay-gradient":""}},"footnotes":""},"class_list":["post-11","page","type-page","status-publish","hentry"],"yoast_head":"<!-- This site is optimized with the Yoast SEO plugin v27.4 - https:\/\/yoast.com\/product\/yoast-seo-wordpress\/ -->\n<title>ORTHODONTIC BRACES TYPES IN DUBAI UAE<\/title>\n<meta name=\"robots\" content=\"index, follow, max-snippet:-1, max-image-preview:large, max-video-preview:-1\" \/>\n<link rel=\"canonical\" href=\"https:\/\/www.orthodontist-dubai.com\/fr\/types-dappareils-orthodontiques\/\" \/>\n<meta property=\"og:locale\" content=\"fr_FR\" \/>\n<meta property=\"og:type\" content=\"article\" \/>\n<meta property=\"og:title\" content=\"ORTHODONTIC BRACES TYPES IN DUBAI UAE\" \/>\n<meta property=\"og:description\" content=\"An orthodontist is a specialized dentist who straightens crooked teeth or misaligned jaws with the help of braces or appliances. Gone are the days when only the metal braces meant Orthodontic Treatments. Find out the various types of braces available today and their complete details by selecting the desired one from the main menu drop [&hellip;]\" \/>\n<meta property=\"og:url\" content=\"https:\/\/www.orthodontist-dubai.com\/fr\/types-dappareils-orthodontiques\/\" \/>\n<meta property=\"og:site_name\" content=\"BEST Orthodontist &amp; Dentist in Dubai UAE for all Dental Treatments\" \/>\n<meta property=\"article:publisher\" content=\"https:\/\/www.facebook.com\/Orthodontist.Dentist.Dubai\/\" \/>\n<meta property=\"article:modified_time\" content=\"2016-06-25T00:58:10+00:00\" \/>\n<meta name=\"twitter:card\" content=\"summary_large_image\" \/>\n<script type=\"application\/ld+json\" class=\"yoast-schema-graph\">{\"@context\":\"https:\\\/\\\/schema.org\",\"@graph\":[{\"@type\":\"WebPage\",\"@id\":\"https:\\\/\\\/www.orthodontist-dubai.com\\\/orthodontic-braces-types\\\/\",\"url\":\"https:\\\/\\\/www.orthodontist-dubai.com\\\/orthodontic-braces-types\\\/\",\"name\":\"ORTHODONTIC BRACES TYPES IN DUBAI UAE\",\"isPartOf\":{\"@id\":\"https:\\\/\\\/www.orthodontist-dubai.com\\\/#website\"},\"datePublished\":\"2014-12-28T18:03:31+00:00\",\"dateModified\":\"2016-06-25T00:58:10+00:00\",\"breadcrumb\":{\"@id\":\"https:\\\/\\\/www.orthodontist-dubai.com\\\/orthodontic-braces-types\\\/#breadcrumb\"},\"inLanguage\":\"fr-FR\",\"potentialAction\":[{\"@type\":\"ReadAction\",\"target\":[\"https:\\\/\\\/www.orthodontist-dubai.com\\\/orthodontic-braces-types\\\/\"]}]},{\"@type\":\"BreadcrumbList\",\"@id\":\"https:\\\/\\\/www.orthodontist-dubai.com\\\/orthodontic-braces-types\\\/#breadcrumb\",\"itemListElement\":[{\"@type\":\"ListItem\",\"position\":1,\"name\":\"\u2776 Home\",\"item\":\"https:\\\/\\\/www.orthodontist-dubai.com\\\/\"},{\"@type\":\"ListItem\",\"position\":2,\"name\":\"Orthodontic Braces Types\"}]},{\"@type\":\"WebSite\",\"@id\":\"https:\\\/\\\/www.orthodontist-dubai.com\\\/#website\",\"url\":\"https:\\\/\\\/www.orthodontist-dubai.com\\\/\",\"name\":\"BEST Orthodontist &amp; Dentist in Dubai UAE for all Dental Treatments\",\"description\":\"Cheap &amp; Best Orthodontist &amp; Dentists for all dental treatments in Dubai UAE\",\"publisher\":{\"@id\":\"https:\\\/\\\/www.orthodontist-dubai.com\\\/#organization\"},\"potentialAction\":[{\"@type\":\"SearchAction\",\"target\":{\"@type\":\"EntryPoint\",\"urlTemplate\":\"https:\\\/\\\/www.orthodontist-dubai.com\\\/?s={search_term_string}\"},\"query-input\":{\"@type\":\"PropertyValueSpecification\",\"valueRequired\":true,\"valueName\":\"search_term_string\"}}],\"inLanguage\":\"fr-FR\"},{\"@type\":\"Organization\",\"@id\":\"https:\\\/\\\/www.orthodontist-dubai.com\\\/#organization\",\"name\":\"Best Orthodontist & Dentist in Dubai UAE\",\"url\":\"https:\\\/\\\/www.orthodontist-dubai.com\\\/\",\"logo\":{\"@type\":\"ImageObject\",\"inLanguage\":\"fr-FR\",\"@id\":\"https:\\\/\\\/www.orthodontist-dubai.com\\\/#\\\/schema\\\/logo\\\/image\\\/\",\"url\":\"https:\\\/\\\/www.orthodontist-dubai.com\\\/wp-content\\\/uploads\\\/2015\\\/04\\\/Othorontist-Dentist-UAE-Logo.png\",\"contentUrl\":\"https:\\\/\\\/www.orthodontist-dubai.com\\\/wp-content\\\/uploads\\\/2015\\\/04\\\/Othorontist-Dentist-UAE-Logo.png\",\"width\":190,\"height\":70,\"caption\":\"Best Orthodontist & Dentist in Dubai UAE\"},\"image\":{\"@id\":\"https:\\\/\\\/www.orthodontist-dubai.com\\\/#\\\/schema\\\/logo\\\/image\\\/\"},\"sameAs\":[\"https:\\\/\\\/www.facebook.com\\\/Orthodontist.Dentist.Dubai\\\/\",\"https:\\\/\\\/www.linkedin.com\\\/in\\\/dr-nazeer-ahmed-meeran-15691083\\\/\"]}]}<\/script>\n<!-- \/ Yoast SEO plugin. -->","yoast_head_json":{"title":"TYPES D'ACCESSOIRES ORTHODONTIQUES \u00c0 DUBA\u00cf EAU","robots":{"index":"index","follow":"follow","max-snippet":"max-snippet:-1","max-image-preview":"max-image-preview:large","max-video-preview":"max-video-preview:-1"},"canonical":"https:\/\/www.orthodontist-dubai.com\/fr\/types-dappareils-orthodontiques\/","og_locale":"fr_FR","og_type":"article","og_title":"ORTHODONTIC BRACES TYPES IN DUBAI UAE","og_description":"An orthodontist is a specialized dentist who straightens crooked teeth or misaligned jaws with the help of braces or appliances. Gone are the days when only the metal braces meant Orthodontic Treatments. Find out the various types of braces available today and their complete details by selecting the desired one from the main menu drop [&hellip;]","og_url":"https:\/\/www.orthodontist-dubai.com\/fr\/types-dappareils-orthodontiques\/","og_site_name":"BEST Orthodontist &amp; Dentist in Dubai UAE for all Dental Treatments","article_publisher":"https:\/\/www.facebook.com\/Orthodontist.Dentist.Dubai\/","article_modified_time":"2016-06-25T00:58:10+00:00","twitter_card":"summary_large_image","schema":{"@context":"https:\/\/schema.org","@graph":[{"@type":"WebPage","@id":"https:\/\/www.orthodontist-dubai.com\/orthodontic-braces-types\/","url":"https:\/\/www.orthodontist-dubai.com\/orthodontic-braces-types\/","name":"TYPES D'ACCESSOIRES ORTHODONTIQUES \u00c0 DUBA\u00cf EAU","isPartOf":{"@id":"https:\/\/www.orthodontist-dubai.com\/#website"},"datePublished":"2014-12-28T18:03:31+00:00","dateModified":"2016-06-25T00:58:10+00:00","breadcrumb":{"@id":"https:\/\/www.orthodontist-dubai.com\/orthodontic-braces-types\/#breadcrumb"},"inLanguage":"fr-FR","potentialAction":[{"@type":"ReadAction","target":["https:\/\/www.orthodontist-dubai.com\/orthodontic-braces-types\/"]}]},{"@type":"BreadcrumbList","@id":"https:\/\/www.orthodontist-dubai.com\/orthodontic-braces-types\/#breadcrumb","itemListElement":[{"@type":"ListItem","position":1,"name":"\u2776 Home","item":"https:\/\/www.orthodontist-dubai.com\/"},{"@type":"ListItem","position":2,"name":"Orthodontic Braces Types"}]},{"@type":"WebSite","@id":"https:\/\/www.orthodontist-dubai.com\/#website","url":"https:\/\/www.orthodontist-dubai.com\/","name":"MEILLEUR orthodontiste et dentiste \u00e0 Duba\u00ef aux \u00c9mirats arabes unis pour tous les traitements dentaires","description":"Dentistes et orthodontistes bon march\u00e9 et meilleurs pour tous les traitements dentaires \u00e0 Duba\u00ef, \u00c9mirats Arabes Unis","publisher":{"@id":"https:\/\/www.orthodontist-dubai.com\/#organization"},"potentialAction":[{"@type":"SearchAction","target":{"@type":"EntryPoint","urlTemplate":"https:\/\/www.orthodontist-dubai.com\/?s={search_term_string}"},"query-input":{"@type":"PropertyValueSpecification","valueRequired":true,"valueName":"search_term_string"}}],"inLanguage":"fr-FR"},{"@type":"Organization","@id":"https:\/\/www.orthodontist-dubai.com\/#organization","name":"Meilleur orthodontiste et dentiste \u00e0 Duba\u00ef, \u00c9mirats arabes unis","url":"https:\/\/www.orthodontist-dubai.com\/","logo":{"@type":"ImageObject","inLanguage":"fr-FR","@id":"https:\/\/www.orthodontist-dubai.com\/#\/schema\/logo\/image\/","url":"https:\/\/www.orthodontist-dubai.com\/wp-content\/uploads\/2015\/04\/Othorontist-Dentist-UAE-Logo.png","contentUrl":"https:\/\/www.orthodontist-dubai.com\/wp-content\/uploads\/2015\/04\/Othorontist-Dentist-UAE-Logo.png","width":190,"height":70,"caption":"Best Orthodontist & Dentist in Dubai UAE"},"image":{"@id":"https:\/\/www.orthodontist-dubai.com\/#\/schema\/logo\/image\/"},"sameAs":["https:\/\/www.facebook.com\/Orthodontist.Dentist.Dubai\/","https:\/\/www.linkedin.com\/in\/dr-nazeer-ahmed-meeran-15691083\/"]}]}},"_links":{"self":[{"href":"https:\/\/www.orthodontist-dubai.com\/fr\/wp-json\/wp\/v2\/pages\/11","targetHints":{"allow":["GET"]}}],"collection":[{"href":"https:\/\/www.orthodontist-dubai.com\/fr\/wp-json\/wp\/v2\/pages"}],"about":[{"href":"https:\/\/www.orthodontist-dubai.com\/fr\/wp-json\/wp\/v2\/types\/page"}],"author":[{"embeddable":true,"href":"https:\/\/www.orthodontist-dubai.com\/fr\/wp-json\/wp\/v2\/users\/1"}],"replies":[{"embeddable":true,"href":"https:\/\/www.orthodontist-dubai.com\/fr\/wp-json\/wp\/v2\/comments?post=11"}],"version-history":[{"count":2,"href":"https:\/\/www.orthodontist-dubai.com\/fr\/wp-json\/wp\/v2\/pages\/11\/revisions"}],"predecessor-version":[{"id":292,"href":"https:\/\/www.orthodontist-dubai.com\/fr\/wp-json\/wp\/v2\/pages\/11\/revisions\/292"}],"wp:attachment":[{"href":"https:\/\/www.orthodontist-dubai.com\/fr\/wp-json\/wp\/v2\/media?parent=11"}],"curies":[{"name":"wp","href":"https:\/\/api.w.org\/{rel}","templated":true}]}}