{"id":28,"date":"2014-12-28T18:38:24","date_gmt":"2014-12-28T18:38:24","guid":{"rendered":"https:\/\/www.orthodontist-dubai.com\/?page_id=28"},"modified":"2020-03-13T10:42:02","modified_gmt":"2020-03-13T06:42:02","slug":"ceramic-braces","status":"publish","type":"page","link":"https:\/\/www.orthodontist-dubai.com\/fi\/keraamiset-olkaimet\/","title":{"rendered":"Keraamiset olkaimet"},"content":{"rendered":"<h3>Tied\u00e4 keraamisista housuista<\/h3>\n<p>Erona metallisten ja keraamisten olkaimien v\u00e4lill\u00e4 on se, ett\u00e4 keraamiset olkaimet koostuvat komposiittimateriaaleista metallin sijaan. On olemassa keraamiset housunkannattimet, joiden l\u00e4pin\u00e4kyvyys vaihtelee hampaiden luonnollisen v\u00e4rin kanssa. On jopa t\u00e4ysin l\u00e4pikuultavia, nimelt\u00e4\u00e4n <strong>&quot;kirkkaat keraamiset olkaimet&quot;<\/strong> jotka ovat tahrattomia. Monet ihmiset pit\u00e4v\u00e4t t\u00e4st\u00e4 parempana, koska metallituet ovat n\u00e4kyviss\u00e4 ja esteettisesti ep\u00e4miellytt\u00e4vi\u00e4.<\/p>\n<p><img decoding=\"async\" class=\"aligncenter size-full wp-image-29 lazyload\" data-src=\"https:\/\/www.orthodontist-dubai.com\/wp-content\/uploads\/2014\/12\/ceramic-braces-in-Dubai.jpg\" alt=\"keraamiset housunkannattimet Dubaissa\" width=\"448\" height=\"286\" data-srcset=\"https:\/\/www.orthodontist-dubai.com\/wp-content\/uploads\/2014\/12\/ceramic-braces-in-Dubai.jpg 448w, https:\/\/www.orthodontist-dubai.com\/wp-content\/uploads\/2014\/12\/ceramic-braces-in-Dubai-300x192.jpg 300w\" data-sizes=\"(max-width: 448px) 100vw, 448px\" src=\"data:image\/svg+xml;base64,PHN2ZyB3aWR0aD0iMSIgaGVpZ2h0PSIxIiB4bWxucz0iaHR0cDovL3d3dy53My5vcmcvMjAwMC9zdmciPjwvc3ZnPg==\" style=\"--smush-placeholder-width: 448px; --smush-placeholder-aspect-ratio: 448\/286;\" \/><\/p>\n<h3>Kirkkaat keraamiset olkaimet<\/h3>\n<p>Kirkkaat keraamiset olkaimet on valmistettu keraamisista seoksista, jotka tarjoavat t\u00e4yden l\u00e4pin\u00e4kyvyyden, joten ne ovat t\u00e4ysin huomaamattomia. Kirkkaiden keraamisten kiinnikkeiden lis\u00e4ksi on olemassa 2 tyyppist\u00e4 tukilankoja tai siteit\u00e4, jotka voivat tehd\u00e4 niist\u00e4 enemm\u00e4n piilossa. Solmiot on valmistettu kirkkaasta elastisesta tai valkoisesta metallista. Metalliset antavat vahvemman sidoksen, mutta yleens\u00e4 menett\u00e4v\u00e4t valkoisen pinnoitteensa ajan my\u00f6t\u00e4.<br \/>\n<a href=\"https:\/\/www.orthodontist-dubai.com\/fi\/klinikan-arvostelut\/\"><img decoding=\"async\" class=\"aligncenter wp-image-346 size-full lazyload\" data-src=\"https:\/\/www.orthodontist-dubai.com\/wp-content\/uploads\/2014\/12\/banner-best2.jpg\" alt=\"keraamiset housunkannattimet Dubaissa, Yhdistyneet arabiemiirikunnat\" width=\"795\" height=\"459\" src=\"data:image\/svg+xml;base64,PHN2ZyB3aWR0aD0iMSIgaGVpZ2h0PSIxIiB4bWxucz0iaHR0cDovL3d3dy53My5vcmcvMjAwMC9zdmciPjwvc3ZnPg==\" style=\"--smush-placeholder-width: 795px; --smush-placeholder-aspect-ratio: 795\/459;\"><\/a><\/p>\n<h3>Keraamisten olkaimien edut<\/h3>\n<p>Kosmeettinen vieh\u00e4tys tekee housuistasi t\u00e4ysin huomaamattomia kuin perinteiset metallituet, eiv\u00e4tk\u00e4 ne koskaan tahraa.<\/p>\n<h3>Keraamisten henkselien haitat<\/h3>\n<ul>\n<li>Ne voivat murtua tai murtua kovan iskun aikana, koska keramiikka ei ole yht\u00e4 vahvaa kuin metallituet.<\/li>\n<li>Kalliimpia kuin metallituet.<\/li>\n<\/ul>","protected":false},"excerpt":{"rendered":"<p>Know About Ceramic Braces Difference between metal and ceramic braces is that the ceramic braces are made up of composite materials instead of metal. There are ceramic braces of varying transparency blending with the natural color of the teeth. There are even fully translucent ones called &#8220;clear ceramic braces&#8221; which are stain free. Many people [&hellip;]<\/p>\n","protected":false},"author":1,"featured_media":0,"parent":0,"menu_order":0,"comment_status":"closed","ping_status":"closed","template":"","meta":{"site-sidebar-layout":"default","site-content-layout":"","ast-site-content-layout":"default","site-content-style":"default","site-sidebar-style":"default","ast-global-header-display":"","ast-banner-title-visibility":"","ast-main-header-display":"","ast-hfb-above-header-display":"","ast-hfb-below-header-display":"","ast-hfb-mobile-header-display":"","site-post-title":"","ast-breadcrumbs-content":"","ast-featured-img":"","footer-sml-layout":"","ast-disable-related-posts":"","theme-transparent-header-meta":"","adv-header-id-meta":"","stick-header-meta":"","header-above-stick-meta":"","header-main-stick-meta":"","header-below-stick-meta":"","astra-migrate-meta-layouts":"default","ast-page-background-enabled":"default","ast-page-background-meta":{"desktop":{"background-color":"var(--ast-global-color-4)","background-image":"","background-repeat":"repeat","background-position":"center center","background-size":"auto","background-attachment":"scroll","background-type":"","background-media":"","overlay-type":"","overlay-color":"","overlay-opacity":"","overlay-gradient":""},"tablet":{"background-color":"","background-image":"","background-repeat":"repeat","background-position":"center center","background-size":"auto","background-attachment":"scroll","background-type":"","background-media":"","overlay-type":"","overlay-color":"","overlay-opacity":"","overlay-gradient":""},"mobile":{"background-color":"","background-image":"","background-repeat":"repeat","background-position":"center center","background-size":"auto","background-attachment":"scroll","background-type":"","background-media":"","overlay-type":"","overlay-color":"","overlay-opacity":"","overlay-gradient":""}},"ast-content-background-meta":{"desktop":{"background-color":"var(--ast-global-color-5)","background-image":"","background-repeat":"repeat","background-position":"center center","background-size":"auto","background-attachment":"scroll","background-type":"","background-media":"","overlay-type":"","overlay-color":"","overlay-opacity":"","overlay-gradient":""},"tablet":{"background-color":"var(--ast-global-color-5)","background-image":"","background-repeat":"repeat","background-position":"center center","background-size":"auto","background-attachment":"scroll","background-type":"","background-media":"","overlay-type":"","overlay-color":"","overlay-opacity":"","overlay-gradient":""},"mobile":{"background-color":"var(--ast-global-color-5)","background-image":"","background-repeat":"repeat","background-position":"center center","background-size":"auto","background-attachment":"scroll","background-type":"","background-media":"","overlay-type":"","overlay-color":"","overlay-opacity":"","overlay-gradient":""}},"footnotes":""},"class_list":["post-28","page","type-page","status-publish","hentry"],"yoast_head":"<!-- This site is optimized with the Yoast SEO plugin v27.5 - https:\/\/yoast.com\/product\/yoast-seo-wordpress\/ -->\n<title>CERAMIC BRACES IN DUBAI UAE<\/title>\n<meta name=\"robots\" content=\"index, follow, max-snippet:-1, max-image-preview:large, max-video-preview:-1\" \/>\n<link rel=\"canonical\" href=\"https:\/\/www.orthodontist-dubai.com\/fi\/keraamiset-olkaimet\/\" \/>\n<meta property=\"og:locale\" content=\"fi_FI\" \/>\n<meta property=\"og:type\" content=\"article\" \/>\n<meta property=\"og:title\" content=\"CERAMIC BRACES IN DUBAI UAE\" \/>\n<meta property=\"og:description\" content=\"Know About Ceramic Braces Difference between metal and ceramic braces is that the ceramic braces are made up of composite materials instead of metal. There are ceramic braces of varying transparency blending with the natural color of the teeth. There are even fully translucent ones called &#8220;clear ceramic braces&#8221; which are stain free. Many people [&hellip;]\" \/>\n<meta property=\"og:url\" content=\"https:\/\/www.orthodontist-dubai.com\/fi\/keraamiset-olkaimet\/\" \/>\n<meta property=\"og:site_name\" content=\"BEST Orthodontist &amp; Dentist in Dubai UAE for all Dental Treatments\" \/>\n<meta property=\"article:publisher\" content=\"https:\/\/www.facebook.com\/Orthodontist.Dentist.Dubai\/\" \/>\n<meta property=\"article:modified_time\" content=\"2020-03-13T06:42:02+00:00\" \/>\n<meta property=\"og:image\" content=\"https:\/\/www.orthodontist-dubai.com\/wp-content\/uploads\/2014\/12\/ceramic-braces-in-Dubai.jpg\" \/>\n<meta name=\"twitter:card\" content=\"summary_large_image\" \/>\n<meta name=\"twitter:label1\" content=\"Arvioitu lukuaika\" \/>\n\t<meta name=\"twitter:data1\" content=\"1 minuutti\" \/>\n<script type=\"application\/ld+json\" class=\"yoast-schema-graph\">{\"@context\":\"https:\\\/\\\/schema.org\",\"@graph\":[{\"@type\":\"WebPage\",\"@id\":\"https:\\\/\\\/www.orthodontist-dubai.com\\\/ceramic-braces\\\/\",\"url\":\"https:\\\/\\\/www.orthodontist-dubai.com\\\/ceramic-braces\\\/\",\"name\":\"CERAMIC BRACES IN DUBAI UAE\",\"isPartOf\":{\"@id\":\"https:\\\/\\\/www.orthodontist-dubai.com\\\/#website\"},\"primaryImageOfPage\":{\"@id\":\"https:\\\/\\\/www.orthodontist-dubai.com\\\/ceramic-braces\\\/#primaryimage\"},\"image\":{\"@id\":\"https:\\\/\\\/www.orthodontist-dubai.com\\\/ceramic-braces\\\/#primaryimage\"},\"thumbnailUrl\":\"https:\\\/\\\/www.orthodontist-dubai.com\\\/wp-content\\\/uploads\\\/2014\\\/12\\\/ceramic-braces-in-Dubai.jpg\",\"datePublished\":\"2014-12-28T18:38:24+00:00\",\"dateModified\":\"2020-03-13T06:42:02+00:00\",\"breadcrumb\":{\"@id\":\"https:\\\/\\\/www.orthodontist-dubai.com\\\/ceramic-braces\\\/#breadcrumb\"},\"inLanguage\":\"fi\",\"potentialAction\":[{\"@type\":\"ReadAction\",\"target\":[\"https:\\\/\\\/www.orthodontist-dubai.com\\\/ceramic-braces\\\/\"]}]},{\"@type\":\"ImageObject\",\"inLanguage\":\"fi\",\"@id\":\"https:\\\/\\\/www.orthodontist-dubai.com\\\/ceramic-braces\\\/#primaryimage\",\"url\":\"https:\\\/\\\/www.orthodontist-dubai.com\\\/wp-content\\\/uploads\\\/2014\\\/12\\\/ceramic-braces-in-Dubai.jpg\",\"contentUrl\":\"https:\\\/\\\/www.orthodontist-dubai.com\\\/wp-content\\\/uploads\\\/2014\\\/12\\\/ceramic-braces-in-Dubai.jpg\"},{\"@type\":\"BreadcrumbList\",\"@id\":\"https:\\\/\\\/www.orthodontist-dubai.com\\\/ceramic-braces\\\/#breadcrumb\",\"itemListElement\":[{\"@type\":\"ListItem\",\"position\":1,\"name\":\"\u2776 Home\",\"item\":\"https:\\\/\\\/www.orthodontist-dubai.com\\\/\"},{\"@type\":\"ListItem\",\"position\":2,\"name\":\"Ceramic Braces\"}]},{\"@type\":\"WebSite\",\"@id\":\"https:\\\/\\\/www.orthodontist-dubai.com\\\/#website\",\"url\":\"https:\\\/\\\/www.orthodontist-dubai.com\\\/\",\"name\":\"BEST Orthodontist &amp; Dentist in Dubai UAE for all Dental Treatments\",\"description\":\"Cheap &amp; Best Orthodontist &amp; Dentists for all dental treatments in Dubai UAE\",\"publisher\":{\"@id\":\"https:\\\/\\\/www.orthodontist-dubai.com\\\/#organization\"},\"potentialAction\":[{\"@type\":\"SearchAction\",\"target\":{\"@type\":\"EntryPoint\",\"urlTemplate\":\"https:\\\/\\\/www.orthodontist-dubai.com\\\/?s={search_term_string}\"},\"query-input\":{\"@type\":\"PropertyValueSpecification\",\"valueRequired\":true,\"valueName\":\"search_term_string\"}}],\"inLanguage\":\"fi\"},{\"@type\":\"Organization\",\"@id\":\"https:\\\/\\\/www.orthodontist-dubai.com\\\/#organization\",\"name\":\"Best Orthodontist & Dentist in Dubai UAE\",\"url\":\"https:\\\/\\\/www.orthodontist-dubai.com\\\/\",\"logo\":{\"@type\":\"ImageObject\",\"inLanguage\":\"fi\",\"@id\":\"https:\\\/\\\/www.orthodontist-dubai.com\\\/#\\\/schema\\\/logo\\\/image\\\/\",\"url\":\"https:\\\/\\\/www.orthodontist-dubai.com\\\/wp-content\\\/uploads\\\/2015\\\/04\\\/Othorontist-Dentist-UAE-Logo.png\",\"contentUrl\":\"https:\\\/\\\/www.orthodontist-dubai.com\\\/wp-content\\\/uploads\\\/2015\\\/04\\\/Othorontist-Dentist-UAE-Logo.png\",\"width\":190,\"height\":70,\"caption\":\"Best Orthodontist & Dentist in Dubai UAE\"},\"image\":{\"@id\":\"https:\\\/\\\/www.orthodontist-dubai.com\\\/#\\\/schema\\\/logo\\\/image\\\/\"},\"sameAs\":[\"https:\\\/\\\/www.facebook.com\\\/Orthodontist.Dentist.Dubai\\\/\",\"https:\\\/\\\/www.linkedin.com\\\/in\\\/dr-nazeer-ahmed-meeran-15691083\\\/\"]}]}<\/script>\n<!-- \/ Yoast SEO plugin. -->","yoast_head_json":{"title":"KERAAMISET AHDIT DUBAISSA UAE","robots":{"index":"index","follow":"follow","max-snippet":"max-snippet:-1","max-image-preview":"max-image-preview:large","max-video-preview":"max-video-preview:-1"},"canonical":"https:\/\/www.orthodontist-dubai.com\/fi\/keraamiset-olkaimet\/","og_locale":"fi_FI","og_type":"article","og_title":"CERAMIC BRACES IN DUBAI UAE","og_description":"Know About Ceramic Braces Difference between metal and ceramic braces is that the ceramic braces are made up of composite materials instead of metal. There are ceramic braces of varying transparency blending with the natural color of the teeth. There are even fully translucent ones called &#8220;clear ceramic braces&#8221; which are stain free. Many people [&hellip;]","og_url":"https:\/\/www.orthodontist-dubai.com\/fi\/keraamiset-olkaimet\/","og_site_name":"BEST Orthodontist &amp; Dentist in Dubai UAE for all Dental Treatments","article_publisher":"https:\/\/www.facebook.com\/Orthodontist.Dentist.Dubai\/","article_modified_time":"2020-03-13T06:42:02+00:00","og_image":[{"url":"https:\/\/www.orthodontist-dubai.com\/wp-content\/uploads\/2014\/12\/ceramic-braces-in-Dubai.jpg","type":"","width":"","height":""}],"twitter_card":"summary_large_image","twitter_misc":{"Arvioitu lukuaika":"1 minuutti"},"schema":{"@context":"https:\/\/schema.org","@graph":[{"@type":"WebPage","@id":"https:\/\/www.orthodontist-dubai.com\/ceramic-braces\/","url":"https:\/\/www.orthodontist-dubai.com\/ceramic-braces\/","name":"KERAAMISET AHDIT DUBAISSA UAE","isPartOf":{"@id":"https:\/\/www.orthodontist-dubai.com\/#website"},"primaryImageOfPage":{"@id":"https:\/\/www.orthodontist-dubai.com\/ceramic-braces\/#primaryimage"},"image":{"@id":"https:\/\/www.orthodontist-dubai.com\/ceramic-braces\/#primaryimage"},"thumbnailUrl":"https:\/\/www.orthodontist-dubai.com\/wp-content\/uploads\/2014\/12\/ceramic-braces-in-Dubai.jpg","datePublished":"2014-12-28T18:38:24+00:00","dateModified":"2020-03-13T06:42:02+00:00","breadcrumb":{"@id":"https:\/\/www.orthodontist-dubai.com\/ceramic-braces\/#breadcrumb"},"inLanguage":"fi","potentialAction":[{"@type":"ReadAction","target":["https:\/\/www.orthodontist-dubai.com\/ceramic-braces\/"]}]},{"@type":"ImageObject","inLanguage":"fi","@id":"https:\/\/www.orthodontist-dubai.com\/ceramic-braces\/#primaryimage","url":"https:\/\/www.orthodontist-dubai.com\/wp-content\/uploads\/2014\/12\/ceramic-braces-in-Dubai.jpg","contentUrl":"https:\/\/www.orthodontist-dubai.com\/wp-content\/uploads\/2014\/12\/ceramic-braces-in-Dubai.jpg"},{"@type":"BreadcrumbList","@id":"https:\/\/www.orthodontist-dubai.com\/ceramic-braces\/#breadcrumb","itemListElement":[{"@type":"ListItem","position":1,"name":"\u2776 Home","item":"https:\/\/www.orthodontist-dubai.com\/"},{"@type":"ListItem","position":2,"name":"Ceramic Braces"}]},{"@type":"WebSite","@id":"https:\/\/www.orthodontist-dubai.com\/#website","url":"https:\/\/www.orthodontist-dubai.com\/","name":"PARAS oikomisl\u00e4\u00e4k\u00e4ri ja hammasl\u00e4\u00e4k\u00e4ri Dubaissa Yhdistyneet arabiemiirikunnat kaikkiin hammashoitoihin","description":"Halvat ja parhaat oikomisl\u00e4\u00e4k\u00e4rit ja hammasl\u00e4\u00e4k\u00e4rit kaikkiin hammashoitoihin Dubain Arabiemiirikunnissa","publisher":{"@id":"https:\/\/www.orthodontist-dubai.com\/#organization"},"potentialAction":[{"@type":"SearchAction","target":{"@type":"EntryPoint","urlTemplate":"https:\/\/www.orthodontist-dubai.com\/?s={search_term_string}"},"query-input":{"@type":"PropertyValueSpecification","valueRequired":true,"valueName":"search_term_string"}}],"inLanguage":"fi"},{"@type":"Organization","@id":"https:\/\/www.orthodontist-dubai.com\/#organization","name":"Paras oikomisl\u00e4\u00e4k\u00e4ri ja hammasl\u00e4\u00e4k\u00e4ri Dubaissa, Yhdistyneet arabiemiirikunnat","url":"https:\/\/www.orthodontist-dubai.com\/","logo":{"@type":"ImageObject","inLanguage":"fi","@id":"https:\/\/www.orthodontist-dubai.com\/#\/schema\/logo\/image\/","url":"https:\/\/www.orthodontist-dubai.com\/wp-content\/uploads\/2015\/04\/Othorontist-Dentist-UAE-Logo.png","contentUrl":"https:\/\/www.orthodontist-dubai.com\/wp-content\/uploads\/2015\/04\/Othorontist-Dentist-UAE-Logo.png","width":190,"height":70,"caption":"Best Orthodontist & Dentist in Dubai UAE"},"image":{"@id":"https:\/\/www.orthodontist-dubai.com\/#\/schema\/logo\/image\/"},"sameAs":["https:\/\/www.facebook.com\/Orthodontist.Dentist.Dubai\/","https:\/\/www.linkedin.com\/in\/dr-nazeer-ahmed-meeran-15691083\/"]}]}},"_links":{"self":[{"href":"https:\/\/www.orthodontist-dubai.com\/fi\/wp-json\/wp\/v2\/pages\/28","targetHints":{"allow":["GET"]}}],"collection":[{"href":"https:\/\/www.orthodontist-dubai.com\/fi\/wp-json\/wp\/v2\/pages"}],"about":[{"href":"https:\/\/www.orthodontist-dubai.com\/fi\/wp-json\/wp\/v2\/types\/page"}],"author":[{"embeddable":true,"href":"https:\/\/www.orthodontist-dubai.com\/fi\/wp-json\/wp\/v2\/users\/1"}],"replies":[{"embeddable":true,"href":"https:\/\/www.orthodontist-dubai.com\/fi\/wp-json\/wp\/v2\/comments?post=28"}],"version-history":[{"count":3,"href":"https:\/\/www.orthodontist-dubai.com\/fi\/wp-json\/wp\/v2\/pages\/28\/revisions"}],"predecessor-version":[{"id":768,"href":"https:\/\/www.orthodontist-dubai.com\/fi\/wp-json\/wp\/v2\/pages\/28\/revisions\/768"}],"wp:attachment":[{"href":"https:\/\/www.orthodontist-dubai.com\/fi\/wp-json\/wp\/v2\/media?parent=28"}],"curies":[{"name":"wp","href":"https:\/\/api.w.org\/{rel}","templated":true}]}}