{"id":1920,"date":"2023-09-15T22:42:41","date_gmt":"2023-09-15T18:42:41","guid":{"rendered":"https:\/\/www.orthodontist-dubai.com\/?page_id=1920"},"modified":"2024-09-08T22:23:37","modified_gmt":"2024-09-08T18:23:37","slug":"dental-x-ray-in-dubai-uae","status":"publish","type":"page","link":"https:\/\/www.orthodontist-dubai.com\/fi\/hammasrontgenkuva-dubaiissa-yhdistyneet-arabiemiirikunnat\/","title":{"rendered":"Hammasr\u00f6ntgenkuva Dubaissa, Yhdistyneet arabiemiirikunnat"},"content":{"rendered":"<p>Hammasl\u00e4\u00e4k\u00e4rit k\u00e4ytt\u00e4v\u00e4t Dubaissa hammasr\u00f6ntgeni\u00e4 potilaan hampaiden, ikenien ja muiden ymp\u00e4r\u00f6ivien suun rakenteiden tilan diagnosointiin ja visualisointiin erilaisissa hammashoidoissa. N\u00e4m\u00e4 r\u00f6ntgenkuvat antavat tietoa potilaan suun tilasta ja tarvittavasta hoidosta, koska sit\u00e4 ei voida vain vahvistaa yksinkertaisella silm\u00e4m\u00e4\u00e4r\u00e4isell\u00e4 tutkimuksella. Yhden periapikaalisen r\u00f6ntgenkuvan hinta Dubaissa, Yhdistyneet arabiemiirikunnat, on 75 AED. OPG (ortopantomogrammi) -r\u00f6ntgenkuva, jota kutsutaan my\u00f6s panoraamar\u00f6ntgenkuvaksi, on hammasl\u00e4\u00e4ketieteellinen r\u00f6ntgenkuva, joka tarjoaa kattavan ja panoraaman\u00e4kym\u00e4n yl\u00e4- ja alaleuoistasi, hampaistasi ja kaikista ymp\u00e4r\u00f6ivist\u00e4 rakenteista yhdess\u00e4 kuvassa. OPG-r\u00f6ntgen hinta on 300 AED.<\/p>\n\n\n\n<figure class=\"wp-block-image aligncenter size-full\"><a href=\"https:\/\/www.orthodontist-dubai.com\/fi\/ota-meihin-yhteytta\/\"><img decoding=\"async\" width=\"800\" height=\"510\" data-src=\"https:\/\/www.orthodontist-dubai.com\/wp-content\/uploads\/2023\/09\/Dental-X-Ray-in-Dubai-UAE.webp\" alt=\"Hammasr\u00f6ntgenkuva Dubaissa, Yhdistyneet arabiemiirikunnat\" class=\"wp-image-1921 lazyload\" data-srcset=\"https:\/\/www.orthodontist-dubai.com\/wp-content\/uploads\/2023\/09\/Dental-X-Ray-in-Dubai-UAE.webp 800w, https:\/\/www.orthodontist-dubai.com\/wp-content\/uploads\/2023\/09\/Dental-X-Ray-in-Dubai-UAE-300x191.webp 300w, https:\/\/www.orthodontist-dubai.com\/wp-content\/uploads\/2023\/09\/Dental-X-Ray-in-Dubai-UAE-768x490.webp 768w, https:\/\/www.orthodontist-dubai.com\/wp-content\/uploads\/2023\/09\/Dental-X-Ray-in-Dubai-UAE-18x12.webp 18w\" data-sizes=\"(max-width: 800px) 100vw, 800px\" src=\"data:image\/svg+xml;base64,PHN2ZyB3aWR0aD0iMSIgaGVpZ2h0PSIxIiB4bWxucz0iaHR0cDovL3d3dy53My5vcmcvMjAwMC9zdmciPjwvc3ZnPg==\" style=\"--smush-placeholder-width: 800px; --smush-placeholder-aspect-ratio: 800\/510;\" \/><\/a><\/figure>\n\n\n\n<p><strong>Hammasr\u00f6ntgenin k\u00e4ytt\u00f6tarkoitukset:<\/strong><\/p>\n\n\n\n<ol class=\"wp-block-list\">\n<li>Hampaiden reikiintymisen havaitsemiseen: Hammasr\u00f6ntgenkuvat voivat antaa tietoja hampaiden reikiintymisest\u00e4 (aiheuttaa reiki\u00e4), jotka eiv\u00e4t v\u00e4ltt\u00e4m\u00e4tt\u00e4 n\u00e4y hammasl\u00e4\u00e4k\u00e4rin paljaalla silm\u00e4ll\u00e4. Jos ontelot havaitaan varhaisessa vaiheessa, niiden aiheuttamat vauriot ovat hyvin v\u00e4h\u00e4isi\u00e4.<\/li>\n\n\n\n<li>Hampaiden ja juurien rakenteen arviointi: Hammasr\u00f6ntgenkuvat auttavat hammasl\u00e4\u00e4k\u00e4reit\u00e4 analysoimaan hampaiden ja juurien rakennetta, mik\u00e4 auttaa havaitsemaan juuritulehduksia, murtumia tai muita poikkeavuuksia.<\/li>\n\n\n\n<li>Ienien ja parodontologian terveys: N\u00e4m\u00e4 r\u00f6ntgenkuvat voivat paljastaa ikeniesi ja hampaitasi tukevien luuston terveyden ja auttaa n\u00e4in diagnosoimaan iensairauksia, kuten ientulehdus ja parodontiitti.<\/li>\n\n\n\n<li>Hammastetut hampaat: Hammasr\u00f6ntgenkuvat ovat eritt\u00e4in hy\u00f6dyllisi\u00e4 hampaiden, kuten hampaiden, tunnistamisessa <a href=\"https:\/\/www.orthodontist-dubai.com\/fi\/viisaudenhampaan-poisto-poisto\/\">viisaudenhammas<\/a> joka saattaa vaatia purkamista.<\/li>\n\n\n\n<li>Oikomishoidot: Hammasl\u00e4\u00e4k\u00e4rit ja oikomisl\u00e4\u00e4k\u00e4rit k\u00e4ytt\u00e4v\u00e4t r\u00f6ntgens\u00e4teit\u00e4 suunnitellakseen oikomishoitoja, kuten <a href=\"https:\/\/www.orthodontist-dubai.com\/fi\/braces-in-dubai\/\">henkselit<\/a> tai <a href=\"https:\/\/www.orthodontist-dubai.com\/fi\/invisalign\/\">Invisalign<\/a>.<\/li>\n\n\n\n<li>Implanttien suunnittelu: Hammasr\u00f6ntgenkuvat voivat auttaa arvioimaan luun laatua <a href=\"https:\/\/www.orthodontist-dubai.com\/fi\/hammasproteesit-hammasimplantit\/\">hammasimplantti<\/a> sijoitus.<\/li>\n<\/ol>\n\n\n\n<p><strong>Hammasr\u00f6ntgenin k\u00e4yt\u00f6n edut:<\/strong><\/p>\n\n\n\n<p>Hammasr\u00f6ntgenill\u00e4 on monia etuja diagnoosiin, kuten:<\/p>\n\n\n\n<ol class=\"wp-block-list\">\n<li>Hammasongelmien varhainen havaitseminen, mik\u00e4 mahdollistaa oikea-aikaisen hoidon ja est\u00e4\u00e4 hammasongelmien pahenemisen.<\/li>\n\n\n\n<li>Hammasr\u00f6ntgenkuvat antavat tarkkoja kuvia suun rakenteista, mik\u00e4 auttaa sinua tekem\u00e4\u00e4n hyvin tarkan diagnoosin ja suunnittelemaan hammashoidon tehokkaasti.<\/li>\n\n\n\n<li>Ne auttavat hammasl\u00e4\u00e4k\u00e4reit\u00e4 kertomaan suoraan potilaille heid\u00e4n hammassairauksistaan ja k\u00e4ytett\u00e4viss\u00e4 olevista hoitovaihtoehdoista n\u00e4ytt\u00e4m\u00e4ll\u00e4 hammasr\u00f6ntgenkuvia.<\/li>\n<\/ol>\n\n\n\n<p><strong>Hammasr\u00f6ntgenin haitat:<\/strong><\/p>\n\n\n\n<ol class=\"wp-block-list\">\n<li>Vaikka hammasr\u00f6ntgens\u00e4teilyn aiheuttama s\u00e4teilyaltistus on minimaalinen, on olemassa toistuvan altistumisen riski ajan my\u00f6t\u00e4, ja sit\u00e4 tulee erityisesti v\u00e4ltt\u00e4\u00e4 raskaana oleville naisille.<\/li>\n\n\n\n<li>Jotkut potilaat kokevat liev\u00e4\u00e4 ep\u00e4mukavuutta r\u00f6ntgenlaitteen ja k\u00e4ytettyjen suojavarusteiden vuoksi.<\/li>\n\n\n\n<li>Joissakin tapauksissa hammasr\u00f6ntgenkuvat eiv\u00e4t aina anna t\u00e4ydellist\u00e4 diagnoosia suun terveydest\u00e4, ja lis\u00e4kuvaus- tai diagnostisia menetelmi\u00e4 voidaan tarvita.<\/li>\n<\/ol>\n\n\n\n<p><strong>Hammasr\u00f6ntgenin ottaminen koostuu seuraavista vaiheista:<\/strong><\/p>\n\n\n\n<ol class=\"wp-block-list\">\n<li>Potilas k\u00e4ytt\u00e4\u00e4 lyijyesiliinaa suojaamaan s\u00e4teilylt\u00e4 ja on valmis ottamaan hammasr\u00f6ntgenkuvan.<\/li>\n\n\n\n<li>Potilas sijoitetaan hammasr\u00f6ntgenin tyypin mukaan \u2013 esimerkiksi reikien havaitsemiseksi tai tietyn hampaan arvioimiseksi tai kokonaiskuvan saamiseksi suustasi jne.<\/li>\n\n\n\n<li>Hammasl\u00e4\u00e4k\u00e4risi tai klinikan hammasteknikko k\u00e4ytt\u00e4\u00e4 hammasr\u00f6ntgenlaitetta n\u00e4iden kuvien tallentamiseen, kun potilas pysyy paikallaan.<\/li>\n\n\n\n<li>Kuvat kehitet\u00e4\u00e4n r\u00f6ntgenfilmille tai digitaalisesti. My\u00f6hemmin hammasl\u00e4\u00e4k\u00e4risi analysoi r\u00f6ntgenkuvat tehd\u00e4kseen diagnoosin ja suunnitellakseen hoidon sen mukaan.<\/li>\n<\/ol>\n\n\n\n<p><a href=\"https:\/\/www.orthodontist-dubai.com\/fi\/ota-meihin-yhteytta\/\">Ota meihin yhteytt\u00e4<\/a> ILMAINEN konsultaatio hammasr\u00f6ntgenkuvan saamiseksi Dubain Arabiemiirikunnissa.<\/p>","protected":false},"excerpt":{"rendered":"<p>Dental X-rays are used by dentists in Dubai for diagnosing &amp; visualizing the condition of a patient&#8217;s teeth, gums and other surrounding oral structures for various dental treatments. These X-rays provide insights about a patient&#8217;s oral condition &amp; the treatment required as it cannot be just confirmed from a simple visual examination. Cost of a [&hellip;]<\/p>\n","protected":false},"author":1,"featured_media":0,"parent":0,"menu_order":0,"comment_status":"closed","ping_status":"closed","template":"","meta":{"site-sidebar-layout":"default","site-content-layout":"","ast-site-content-layout":"default","site-content-style":"default","site-sidebar-style":"default","ast-global-header-display":"","ast-banner-title-visibility":"","ast-main-header-display":"","ast-hfb-above-header-display":"","ast-hfb-below-header-display":"","ast-hfb-mobile-header-display":"","site-post-title":"","ast-breadcrumbs-content":"","ast-featured-img":"","footer-sml-layout":"","ast-disable-related-posts":"","theme-transparent-header-meta":"","adv-header-id-meta":"","stick-header-meta":"","header-above-stick-meta":"","header-main-stick-meta":"","header-below-stick-meta":"","astra-migrate-meta-layouts":"set","ast-page-background-enabled":"default","ast-page-background-meta":{"desktop":{"background-color":"var(--ast-global-color-4)","background-image":"","background-repeat":"repeat","background-position":"center center","background-size":"auto","background-attachment":"scroll","background-type":"","background-media":"","overlay-type":"","overlay-color":"","overlay-opacity":"","overlay-gradient":""},"tablet":{"background-color":"","background-image":"","background-repeat":"repeat","background-position":"center center","background-size":"auto","background-attachment":"scroll","background-type":"","background-media":"","overlay-type":"","overlay-color":"","overlay-opacity":"","overlay-gradient":""},"mobile":{"background-color":"","background-image":"","background-repeat":"repeat","background-position":"center center","background-size":"auto","background-attachment":"scroll","background-type":"","background-media":"","overlay-type":"","overlay-color":"","overlay-opacity":"","overlay-gradient":""}},"ast-content-background-meta":{"desktop":{"background-color":"var(--ast-global-color-5)","background-image":"","background-repeat":"repeat","background-position":"center center","background-size":"auto","background-attachment":"scroll","background-type":"","background-media":"","overlay-type":"","overlay-color":"","overlay-opacity":"","overlay-gradient":""},"tablet":{"background-color":"var(--ast-global-color-5)","background-image":"","background-repeat":"repeat","background-position":"center center","background-size":"auto","background-attachment":"scroll","background-type":"","background-media":"","overlay-type":"","overlay-color":"","overlay-opacity":"","overlay-gradient":""},"mobile":{"background-color":"var(--ast-global-color-5)","background-image":"","background-repeat":"repeat","background-position":"center center","background-size":"auto","background-attachment":"scroll","background-type":"","background-media":"","overlay-type":"","overlay-color":"","overlay-opacity":"","overlay-gradient":""}},"footnotes":""},"class_list":["post-1920","page","type-page","status-publish","hentry"],"yoast_head":"<!-- This site is optimized with the Yoast SEO plugin v27.5 - https:\/\/yoast.com\/product\/yoast-seo-wordpress\/ -->\n<title>Affordable Dental X-Ray in Dubai UAE | Dental X ray cost in Dubai<\/title>\n<meta name=\"robots\" content=\"index, follow, max-snippet:-1, max-image-preview:large, max-video-preview:-1\" \/>\n<link rel=\"canonical\" href=\"https:\/\/www.orthodontist-dubai.com\/fi\/hammasrontgenkuva-dubaiissa-yhdistyneet-arabiemiirikunnat\/\" \/>\n<meta property=\"og:locale\" content=\"fi_FI\" \/>\n<meta property=\"og:type\" content=\"article\" \/>\n<meta property=\"og:title\" content=\"Affordable Dental X-Ray in Dubai UAE | Dental X ray cost in Dubai\" \/>\n<meta property=\"og:description\" content=\"Dental X-rays are used by dentists in Dubai for diagnosing &amp; visualizing the condition of a patient&#8217;s teeth, gums and other surrounding oral structures for various dental treatments. These X-rays provide insights about a patient&#8217;s oral condition &amp; the treatment required as it cannot be just confirmed from a simple visual examination. Cost of a [&hellip;]\" \/>\n<meta property=\"og:url\" content=\"https:\/\/www.orthodontist-dubai.com\/fi\/hammasrontgenkuva-dubaiissa-yhdistyneet-arabiemiirikunnat\/\" \/>\n<meta property=\"og:site_name\" content=\"BEST Orthodontist &amp; Dentist in Dubai UAE for all Dental Treatments\" \/>\n<meta property=\"article:publisher\" content=\"https:\/\/www.facebook.com\/Orthodontist.Dentist.Dubai\/\" \/>\n<meta property=\"article:modified_time\" content=\"2024-09-08T18:23:37+00:00\" \/>\n<meta property=\"og:image\" content=\"https:\/\/www.orthodontist-dubai.com\/wp-content\/uploads\/2023\/09\/Dental-X-Ray-in-Dubai-UAE.webp\" \/>\n<meta name=\"twitter:card\" content=\"summary_large_image\" \/>\n<meta name=\"twitter:label1\" content=\"Arvioitu lukuaika\" \/>\n\t<meta name=\"twitter:data1\" content=\"3 minuuttia\" \/>\n<script type=\"application\/ld+json\" class=\"yoast-schema-graph\">{\"@context\":\"https:\\\/\\\/schema.org\",\"@graph\":[{\"@type\":\"WebPage\",\"@id\":\"https:\\\/\\\/www.orthodontist-dubai.com\\\/dental-x-ray-in-dubai-uae\\\/\",\"url\":\"https:\\\/\\\/www.orthodontist-dubai.com\\\/dental-x-ray-in-dubai-uae\\\/\",\"name\":\"Affordable Dental X-Ray in Dubai UAE | Dental X ray cost in Dubai\",\"isPartOf\":{\"@id\":\"https:\\\/\\\/www.orthodontist-dubai.com\\\/#website\"},\"primaryImageOfPage\":{\"@id\":\"https:\\\/\\\/www.orthodontist-dubai.com\\\/dental-x-ray-in-dubai-uae\\\/#primaryimage\"},\"image\":{\"@id\":\"https:\\\/\\\/www.orthodontist-dubai.com\\\/dental-x-ray-in-dubai-uae\\\/#primaryimage\"},\"thumbnailUrl\":\"https:\\\/\\\/www.orthodontist-dubai.com\\\/wp-content\\\/uploads\\\/2023\\\/09\\\/Dental-X-Ray-in-Dubai-UAE.webp\",\"datePublished\":\"2023-09-15T18:42:41+00:00\",\"dateModified\":\"2024-09-08T18:23:37+00:00\",\"breadcrumb\":{\"@id\":\"https:\\\/\\\/www.orthodontist-dubai.com\\\/dental-x-ray-in-dubai-uae\\\/#breadcrumb\"},\"inLanguage\":\"fi\",\"potentialAction\":[{\"@type\":\"ReadAction\",\"target\":[\"https:\\\/\\\/www.orthodontist-dubai.com\\\/dental-x-ray-in-dubai-uae\\\/\"]}]},{\"@type\":\"ImageObject\",\"inLanguage\":\"fi\",\"@id\":\"https:\\\/\\\/www.orthodontist-dubai.com\\\/dental-x-ray-in-dubai-uae\\\/#primaryimage\",\"url\":\"https:\\\/\\\/www.orthodontist-dubai.com\\\/wp-content\\\/uploads\\\/2023\\\/09\\\/Dental-X-Ray-in-Dubai-UAE.webp\",\"contentUrl\":\"https:\\\/\\\/www.orthodontist-dubai.com\\\/wp-content\\\/uploads\\\/2023\\\/09\\\/Dental-X-Ray-in-Dubai-UAE.webp\"},{\"@type\":\"BreadcrumbList\",\"@id\":\"https:\\\/\\\/www.orthodontist-dubai.com\\\/dental-x-ray-in-dubai-uae\\\/#breadcrumb\",\"itemListElement\":[{\"@type\":\"ListItem\",\"position\":1,\"name\":\"\u2776 Home\",\"item\":\"https:\\\/\\\/www.orthodontist-dubai.com\\\/\"},{\"@type\":\"ListItem\",\"position\":2,\"name\":\"Dental X-Ray in Dubai UAE\"}]},{\"@type\":\"WebSite\",\"@id\":\"https:\\\/\\\/www.orthodontist-dubai.com\\\/#website\",\"url\":\"https:\\\/\\\/www.orthodontist-dubai.com\\\/\",\"name\":\"BEST Orthodontist &amp; Dentist in Dubai UAE for all Dental Treatments\",\"description\":\"Cheap &amp; Best Orthodontist &amp; Dentists for all dental treatments in Dubai UAE\",\"publisher\":{\"@id\":\"https:\\\/\\\/www.orthodontist-dubai.com\\\/#organization\"},\"potentialAction\":[{\"@type\":\"SearchAction\",\"target\":{\"@type\":\"EntryPoint\",\"urlTemplate\":\"https:\\\/\\\/www.orthodontist-dubai.com\\\/?s={search_term_string}\"},\"query-input\":{\"@type\":\"PropertyValueSpecification\",\"valueRequired\":true,\"valueName\":\"search_term_string\"}}],\"inLanguage\":\"fi\"},{\"@type\":\"Organization\",\"@id\":\"https:\\\/\\\/www.orthodontist-dubai.com\\\/#organization\",\"name\":\"Best Orthodontist & Dentist in Dubai UAE\",\"url\":\"https:\\\/\\\/www.orthodontist-dubai.com\\\/\",\"logo\":{\"@type\":\"ImageObject\",\"inLanguage\":\"fi\",\"@id\":\"https:\\\/\\\/www.orthodontist-dubai.com\\\/#\\\/schema\\\/logo\\\/image\\\/\",\"url\":\"https:\\\/\\\/www.orthodontist-dubai.com\\\/wp-content\\\/uploads\\\/2015\\\/04\\\/Othorontist-Dentist-UAE-Logo.png\",\"contentUrl\":\"https:\\\/\\\/www.orthodontist-dubai.com\\\/wp-content\\\/uploads\\\/2015\\\/04\\\/Othorontist-Dentist-UAE-Logo.png\",\"width\":190,\"height\":70,\"caption\":\"Best Orthodontist & Dentist in Dubai UAE\"},\"image\":{\"@id\":\"https:\\\/\\\/www.orthodontist-dubai.com\\\/#\\\/schema\\\/logo\\\/image\\\/\"},\"sameAs\":[\"https:\\\/\\\/www.facebook.com\\\/Orthodontist.Dentist.Dubai\\\/\",\"https:\\\/\\\/www.linkedin.com\\\/in\\\/dr-nazeer-ahmed-meeran-15691083\\\/\"]}]}<\/script>\n<!-- \/ Yoast SEO plugin. -->","yoast_head_json":{"title":"Edullinen hammasr\u00f6ntgenkuva Dubaissa Yhdistyneet arabiemiirikunnat | Hammasr\u00f6ntgenkustannukset Dubaissa","robots":{"index":"index","follow":"follow","max-snippet":"max-snippet:-1","max-image-preview":"max-image-preview:large","max-video-preview":"max-video-preview:-1"},"canonical":"https:\/\/www.orthodontist-dubai.com\/fi\/hammasrontgenkuva-dubaiissa-yhdistyneet-arabiemiirikunnat\/","og_locale":"fi_FI","og_type":"article","og_title":"Affordable Dental X-Ray in Dubai UAE | Dental X ray cost in Dubai","og_description":"Dental X-rays are used by dentists in Dubai for diagnosing &amp; visualizing the condition of a patient&#8217;s teeth, gums and other surrounding oral structures for various dental treatments. These X-rays provide insights about a patient&#8217;s oral condition &amp; the treatment required as it cannot be just confirmed from a simple visual examination. Cost of a [&hellip;]","og_url":"https:\/\/www.orthodontist-dubai.com\/fi\/hammasrontgenkuva-dubaiissa-yhdistyneet-arabiemiirikunnat\/","og_site_name":"BEST Orthodontist &amp; Dentist in Dubai UAE for all Dental Treatments","article_publisher":"https:\/\/www.facebook.com\/Orthodontist.Dentist.Dubai\/","article_modified_time":"2024-09-08T18:23:37+00:00","og_image":[{"url":"https:\/\/www.orthodontist-dubai.com\/wp-content\/uploads\/2023\/09\/Dental-X-Ray-in-Dubai-UAE.webp","type":"","width":"","height":""}],"twitter_card":"summary_large_image","twitter_misc":{"Arvioitu lukuaika":"3 minuuttia"},"schema":{"@context":"https:\/\/schema.org","@graph":[{"@type":"WebPage","@id":"https:\/\/www.orthodontist-dubai.com\/dental-x-ray-in-dubai-uae\/","url":"https:\/\/www.orthodontist-dubai.com\/dental-x-ray-in-dubai-uae\/","name":"Edullinen hammasr\u00f6ntgenkuva Dubaissa Yhdistyneet arabiemiirikunnat | Hammasr\u00f6ntgenkustannukset Dubaissa","isPartOf":{"@id":"https:\/\/www.orthodontist-dubai.com\/#website"},"primaryImageOfPage":{"@id":"https:\/\/www.orthodontist-dubai.com\/dental-x-ray-in-dubai-uae\/#primaryimage"},"image":{"@id":"https:\/\/www.orthodontist-dubai.com\/dental-x-ray-in-dubai-uae\/#primaryimage"},"thumbnailUrl":"https:\/\/www.orthodontist-dubai.com\/wp-content\/uploads\/2023\/09\/Dental-X-Ray-in-Dubai-UAE.webp","datePublished":"2023-09-15T18:42:41+00:00","dateModified":"2024-09-08T18:23:37+00:00","breadcrumb":{"@id":"https:\/\/www.orthodontist-dubai.com\/dental-x-ray-in-dubai-uae\/#breadcrumb"},"inLanguage":"fi","potentialAction":[{"@type":"ReadAction","target":["https:\/\/www.orthodontist-dubai.com\/dental-x-ray-in-dubai-uae\/"]}]},{"@type":"ImageObject","inLanguage":"fi","@id":"https:\/\/www.orthodontist-dubai.com\/dental-x-ray-in-dubai-uae\/#primaryimage","url":"https:\/\/www.orthodontist-dubai.com\/wp-content\/uploads\/2023\/09\/Dental-X-Ray-in-Dubai-UAE.webp","contentUrl":"https:\/\/www.orthodontist-dubai.com\/wp-content\/uploads\/2023\/09\/Dental-X-Ray-in-Dubai-UAE.webp"},{"@type":"BreadcrumbList","@id":"https:\/\/www.orthodontist-dubai.com\/dental-x-ray-in-dubai-uae\/#breadcrumb","itemListElement":[{"@type":"ListItem","position":1,"name":"\u2776 Home","item":"https:\/\/www.orthodontist-dubai.com\/"},{"@type":"ListItem","position":2,"name":"Dental X-Ray in Dubai UAE"}]},{"@type":"WebSite","@id":"https:\/\/www.orthodontist-dubai.com\/#website","url":"https:\/\/www.orthodontist-dubai.com\/","name":"PARAS oikomisl\u00e4\u00e4k\u00e4ri ja hammasl\u00e4\u00e4k\u00e4ri Dubaissa Yhdistyneet arabiemiirikunnat kaikkiin hammashoitoihin","description":"Halvat ja parhaat oikomisl\u00e4\u00e4k\u00e4rit ja hammasl\u00e4\u00e4k\u00e4rit kaikkiin hammashoitoihin Dubain Arabiemiirikunnissa","publisher":{"@id":"https:\/\/www.orthodontist-dubai.com\/#organization"},"potentialAction":[{"@type":"SearchAction","target":{"@type":"EntryPoint","urlTemplate":"https:\/\/www.orthodontist-dubai.com\/?s={search_term_string}"},"query-input":{"@type":"PropertyValueSpecification","valueRequired":true,"valueName":"search_term_string"}}],"inLanguage":"fi"},{"@type":"Organization","@id":"https:\/\/www.orthodontist-dubai.com\/#organization","name":"Paras oikomisl\u00e4\u00e4k\u00e4ri ja hammasl\u00e4\u00e4k\u00e4ri Dubaissa, Yhdistyneet arabiemiirikunnat","url":"https:\/\/www.orthodontist-dubai.com\/","logo":{"@type":"ImageObject","inLanguage":"fi","@id":"https:\/\/www.orthodontist-dubai.com\/#\/schema\/logo\/image\/","url":"https:\/\/www.orthodontist-dubai.com\/wp-content\/uploads\/2015\/04\/Othorontist-Dentist-UAE-Logo.png","contentUrl":"https:\/\/www.orthodontist-dubai.com\/wp-content\/uploads\/2015\/04\/Othorontist-Dentist-UAE-Logo.png","width":190,"height":70,"caption":"Best Orthodontist & Dentist in Dubai UAE"},"image":{"@id":"https:\/\/www.orthodontist-dubai.com\/#\/schema\/logo\/image\/"},"sameAs":["https:\/\/www.facebook.com\/Orthodontist.Dentist.Dubai\/","https:\/\/www.linkedin.com\/in\/dr-nazeer-ahmed-meeran-15691083\/"]}]}},"_links":{"self":[{"href":"https:\/\/www.orthodontist-dubai.com\/fi\/wp-json\/wp\/v2\/pages\/1920","targetHints":{"allow":["GET"]}}],"collection":[{"href":"https:\/\/www.orthodontist-dubai.com\/fi\/wp-json\/wp\/v2\/pages"}],"about":[{"href":"https:\/\/www.orthodontist-dubai.com\/fi\/wp-json\/wp\/v2\/types\/page"}],"author":[{"embeddable":true,"href":"https:\/\/www.orthodontist-dubai.com\/fi\/wp-json\/wp\/v2\/users\/1"}],"replies":[{"embeddable":true,"href":"https:\/\/www.orthodontist-dubai.com\/fi\/wp-json\/wp\/v2\/comments?post=1920"}],"version-history":[{"count":7,"href":"https:\/\/www.orthodontist-dubai.com\/fi\/wp-json\/wp\/v2\/pages\/1920\/revisions"}],"predecessor-version":[{"id":2379,"href":"https:\/\/www.orthodontist-dubai.com\/fi\/wp-json\/wp\/v2\/pages\/1920\/revisions\/2379"}],"wp:attachment":[{"href":"https:\/\/www.orthodontist-dubai.com\/fi\/wp-json\/wp\/v2\/media?parent=1920"}],"curies":[{"name":"wp","href":"https:\/\/api.w.org\/{rel}","templated":true}]}}