{"id":157,"date":"2015-04-15T07:04:06","date_gmt":"2015-04-15T07:04:06","guid":{"rendered":"https:\/\/www.orthodontist-dubai.com\/?page_id=157"},"modified":"2023-10-20T13:15:00","modified_gmt":"2023-10-20T09:15:00","slug":"crowns-and-bridges","status":"publish","type":"page","link":"https:\/\/www.orthodontist-dubai.com\/fi\/kruunuja-ja-siltoja\/","title":{"rendered":"Hammaskruunu ja hammassillat"},"content":{"rendered":"<p>N\u00e4m\u00e4 ovat <strong>kiinte\u00e4t proteesilaitteet<\/strong> tehnyt <strong>hammasl\u00e4\u00e4k\u00e4rit<\/strong>. Ne eiv\u00e4t ole irrotettavia kuten <strong>tekohampaat<\/strong> ja ovat <strong>kiinnitetty olemassa oleviin hampaihisi tai implantteihin<\/strong>. Vain hammasl\u00e4\u00e4k\u00e4rit voivat poistaa ne. Hammaskruunuja k\u00e4ytet\u00e4\u00e4n suojaamaan vaurioitunutta tai heikentynytt\u00e4 hampaita. Hammaskruunut kutsutaan my\u00f6s nimell\u00e4 &quot;<em>hammaskorkit<\/em>\u201d. Ne ovat hampaan muotoisia &quot;korkkeja&quot;, jotka hammasl\u00e4\u00e4k\u00e4risi on valmistanut mittatilausty\u00f6n\u00e4 ja jotka asetetaan valmistetun hampaan p\u00e4\u00e4lle. Hammaskruunut peitt\u00e4v\u00e4t hampaan ienrajasta puremispinnalle.<\/p>\n<p><img decoding=\"async\" class=\"aligncenter lazyload\" data-src=\"https:\/\/www.orthodontist-dubai.com\/wp-content\/uploads\/2023\/10\/Dental-Crown-Bridges-in-Dubai-UAE-Before-After-treatment-pictures.jpg\" alt=\"Dental Crown &amp; Bridges Dubaissa Yhdistyneet arabiemiirikunnat Ennen ja j\u00e4lkeen hoidon kuvia\" width=\"1016\" height=\"867\" src=\"data:image\/svg+xml;base64,PHN2ZyB3aWR0aD0iMSIgaGVpZ2h0PSIxIiB4bWxucz0iaHR0cDovL3d3dy53My5vcmcvMjAwMC9zdmciPjwvc3ZnPg==\" style=\"--smush-placeholder-width: 1016px; --smush-placeholder-aspect-ratio: 1016\/867;\" \/><\/p>\n<h2><b>Miten hammaskruunut toimivat?<\/b><\/h2>\n<p>Kruunut peitt\u00e4v\u00e4t vaurioituneen hampaan kokonaan (<strong>hammaskorkit)<\/strong>. Se<strong> suoristaa vaurioituneen hampaan<\/strong> ja my\u00f6s<strong> parantaa ulkon\u00e4k\u00f6\u00e4, muotoa ja kohdistusta<\/strong>. Kruunu voidaan my\u00f6s asettaa implantin p\u00e4\u00e4lle muodon ja toimivuuden saamiseksi. <strong>Posliini<\/strong> tai <strong>keraamiset kruunut<\/strong> on tehty vastaamaan hampaan v\u00e4ri\u00e4. Ne voidaan valmistaa my\u00f6s kullasta ja metalliseoksista, akryylist\u00e4 ja keramiikasta. Etuna on, ett\u00e4 ne ovat vahvempia kuin keraamiset ja niit\u00e4 suositellaan takahampaan. Vaihtoehtona posliini on liimattu metalliin, mik\u00e4 antaa parannetun esteettisen ulkon\u00e4\u00f6n.<\/p>\n<h2><b>Miten hammassillat toimivat?<\/b><\/h2>\n<p>Jos hammas puuttuu, ne voidaan t\u00e4ytt\u00e4\u00e4 siltojen avulla. Niiden etuna on, ett\u00e4 ne korjaavat ep\u00e4tasapainoa ja suojaavat toista hampaita v\u00e4\u00e4ristym\u00e4lt\u00e4, koska tyhj\u00e4t paikat voivat aiheuttaa huonon purenman. My\u00f6s iensairauksia ja alaleuan nivelsairauksia voidaan ehk\u00e4ist\u00e4. Posliinia voidaan k\u00e4ytt\u00e4\u00e4 luonnollisen ulkon\u00e4\u00f6n luomiseen.<\/p>\n<h3>Mitk\u00e4 ovat hammaskruunujen edut?<\/h3>\n<p>1. Hammaskruunuja k\u00e4ytet\u00e4\u00e4n suojaamaan heikkoja hampaita tai sellaisia, joissa on vaurioita, kuten suuria reiki\u00e4 tai murtumia. Niit\u00e4 k\u00e4ytet\u00e4\u00e4n joskus juurihoitotoimenpiteen j\u00e4lkeen. P\u00e4\u00e4llyst\u00e4m\u00e4ll\u00e4 hampaan lis\u00e4vaurioita voidaan est\u00e4\u00e4 ja se voi my\u00f6s s\u00e4ilytt\u00e4\u00e4 hampaan rakenteellisen eheyden.<br \/>\n2. Hammaskruunut on suunniteltu n\u00e4ytt\u00e4m\u00e4\u00e4n t\u00e4sm\u00e4lleen luonnolliselta hampaasi ja auttavat sit\u00e4 normaalissa puremis- ja pureskelutoiminnassa.<br \/>\n3. Hampaiden v\u00e4rillisest\u00e4 posliinista valmistetut hammaskruunut voivat parantaa hampaan ulkon\u00e4k\u00f6\u00e4, jolloin se n\u00e4ytt\u00e4\u00e4 hyvin luonnolliselta.<br \/>\n4. Hammaskruunuja k\u00e4ytet\u00e4\u00e4n hammassiltojen ankkuroimiseen, jotka on suunniteltu kattamaan suuhun puuttuvien hampaiden aiheuttama aukko. N\u00e4m\u00e4 l\u00e4hell\u00e4 olevien terveiden hampaiden hammaskruunut tukevat hammassiltoja.<br \/>\n5. Hammaskruunuja k\u00e4ytet\u00e4\u00e4n my\u00f6s hammasimplanttien peitt\u00e4miseen.<\/p>\n<h3>Mink\u00e4 tyyppisi\u00e4 materiaaleja k\u00e4ytet\u00e4\u00e4n hammaskruunujen valmistukseen?<\/h3>\n<p>Hammaskruunuissa k\u00e4ytet\u00e4\u00e4n monenlaisia materiaaleja, ja valitaanko ne tekij\u00f6iden perusteella, kuten kruunun tarvitsevan hampaan sijainti, potilaan henkil\u00f6kohtainen mieltymys ja my\u00f6s hammasl\u00e4\u00e4k\u00e4risi suositus.<\/p>\n<p><img decoding=\"async\" class=\"aligncenter size-full wp-image-2121 lazyload\" data-src=\"https:\/\/www.orthodontist-dubai.com\/wp-content\/uploads\/2023\/10\/Types-of-Dental-Crowns-in-Dubai-UAE.jpg\" alt=\"Hammaskruunutyypit Dubaissa, Yhdistyneet arabiemiirikunnat\" width=\"840\" height=\"259\" data-srcset=\"https:\/\/www.orthodontist-dubai.com\/wp-content\/uploads\/2023\/10\/Types-of-Dental-Crowns-in-Dubai-UAE.jpg 840w, https:\/\/www.orthodontist-dubai.com\/wp-content\/uploads\/2023\/10\/Types-of-Dental-Crowns-in-Dubai-UAE-300x93.jpg 300w, https:\/\/www.orthodontist-dubai.com\/wp-content\/uploads\/2023\/10\/Types-of-Dental-Crowns-in-Dubai-UAE-768x237.jpg 768w, https:\/\/www.orthodontist-dubai.com\/wp-content\/uploads\/2023\/10\/Types-of-Dental-Crowns-in-Dubai-UAE-18x6.jpg 18w\" data-sizes=\"(max-width: 840px) 100vw, 840px\" src=\"data:image\/svg+xml;base64,PHN2ZyB3aWR0aD0iMSIgaGVpZ2h0PSIxIiB4bWxucz0iaHR0cDovL3d3dy53My5vcmcvMjAwMC9zdmciPjwvc3ZnPg==\" style=\"--smush-placeholder-width: 840px; --smush-placeholder-aspect-ratio: 840\/259;\" \/><\/p>\n<p><strong> Hammaskruunujen valmistukseen k\u00e4ytetyt materiaalityypit ovat:<\/strong><\/p>\n<p>1. <strong>Posliini:<\/strong> Posliinikruunut n\u00e4ytt\u00e4v\u00e4t eritt\u00e4in luonnollisilta, ja hammasl\u00e4\u00e4k\u00e4risi voi tehd\u00e4 ne sopimaan olemassa olevien hampaiden v\u00e4riin. Niit\u00e4 suositellaan etuhampaille.<br \/>\n2. <strong>Metalli:<\/strong> Metallikruunut valmistetaan yleens\u00e4 kultaa sis\u00e4lt\u00e4vist\u00e4 seoksista. Ne ovat eritt\u00e4in vahvoja ja kest\u00e4vi\u00e4 pitk\u00e4ll\u00e4 aikav\u00e4lill\u00e4. Niit\u00e4 k\u00e4ytet\u00e4\u00e4n enimm\u00e4kseen suun takaosassa oleviin hampaisiin (kuten poskihampaan).<br \/>\n3. <strong>Metalliin sulatettu posliini (PFM)<\/strong>: T\u00e4llaisissa hammaskruunuissa metallin lujuus yhdistyy posliinimateriaalin antamaan esteettiseen hampaiden v\u00e4rilliseen ulkon\u00e4k\u00f6\u00f6n. Ne sopivat sek\u00e4 etu- ett\u00e4 takahampaillesi.<br \/>\n4. <strong>Kaikki keramiikka tai kokonaan posliini<\/strong>: N\u00e4m\u00e4 kruunut on valmistettu kokonaan posliinimateriaalista ja antavat eritt\u00e4in luonnollisen ulkon\u00e4\u00f6n. Monet ovat valinneet ne etuhampaansa vuoksi.<br \/>\n5. <strong>Zirkoniumoksidikruunut:<\/strong> N\u00e4m\u00e4 on valmistettu zirkoniumdioksidista (tunnetaan my\u00f6s nimell\u00e4 Zirkonia), joka on eritt\u00e4in vahva ja kest\u00e4v\u00e4 keraaminen materiaali. Ero zirkoniumoksidikruunujen ja posliinikruunujen v\u00e4lill\u00e4 on se, ett\u00e4 posliinimateriaali on l\u00e4pikuultavampaa ja voi antaa eritt\u00e4in luonnollisen ulkon\u00e4\u00f6n, kun taas zirkoniumoksidi ei ole niin l\u00e4pikuultava j\u00e4ljittelem\u00e4\u00e4n luonnollista hammasta tietyiss\u00e4 valaistusolosuhteissa.<\/p>\n<p>Hammaskruunun materiaalin valinta riippuu useista tekij\u00f6ist\u00e4, kuten kruunua tarvitsevan hampaan sijainnista, potilaan mieltymyksist\u00e4 ja my\u00f6s hammasl\u00e4\u00e4k\u00e4risi suosituksesta.<\/p>\n<h3>Mitk\u00e4 ovat vaiheittaiset prosessit hammaskruunujen hankkimiseksi Dubaissa, Arabiemiirikunnissa?<\/h3>\n<p>1. Varaa ensimm\u00e4inen konsultaatioaika hammasl\u00e4\u00e4k\u00e4rillemme Dubaissa hampaasi tutkimista varten. Hammasl\u00e4\u00e4k\u00e4ri tarkistaa ja ehdottaa k\u00e4ytett\u00e4viss\u00e4 olevia hoitovaihtoehtoja hampaan nykyisen kunnon, hammashistoriasi jne. mukaan. <a href=\"https:\/\/www.orthodontist-dubai.com\/fi\/ota-meihin-yhteytta\/\">Ota meihin yhteytt\u00e4<\/a> j\u00e4rjest\u00e4\u00e4 ILMAINEN ilmainen konsultaatio hammaskruunun hankkimiseksi klinikallamme Dubaissa, Arabiemiirikunnissa.<\/p>\n<p>2. R\u00f6ntgenkuvat ja vaikutelmat: Hammasl\u00e4\u00e4k\u00e4risi voi ottaa <a href=\"\/fi\/_wp_link_placeholder\/\" data-wplink-edit=\"true\">Hammasr\u00f6ntgenkuvat<\/a> vaurioituneen hampaan nykyisen tason analysoimiseksi ja my\u00f6s ymp\u00e4r\u00f6iv\u00e4n luun tilan arvioimiseksi. Hammasl\u00e4\u00e4k\u00e4risi ottaa j\u00e4ljenn\u00f6ksen hampaastasi ja sit\u00e4 ymp\u00e4r\u00f6iv\u00e4st\u00e4 alueesta.<\/p>\n<p>3. Hampaiden valmistelu: Jos nykyisen hampaan vaurio on vakava, hammasl\u00e4\u00e4k\u00e4ri muotoilee sen uudelleen poistamalla osan sen ulkokerroksesta tehd\u00e4kseen tilaa hammaskruunulle.<\/p>\n<p>4. V\u00e4liaikainen kruunu ja kruunun valmistus: Seuraava vaihe on v\u00e4liaikainen kruunu, joka auttaa suojaamaan hampaita, kun pysyv\u00e4 kruunu valmistetaan mittatilausty\u00f6n\u00e4 hammaslaboratoriossa k\u00e4ytt\u00e4m\u00e4ll\u00e4 aikaisemmissa vaiheissa otettuja j\u00e4ljenn\u00f6ksi\u00e4. V\u00e4liaikainen kruunu auttaa my\u00f6s yll\u00e4pit\u00e4m\u00e4\u00e4n hampaasi toimivuutta ja ulkon\u00e4k\u00f6\u00e4 sill\u00e4 v\u00e4lin (koska kruunun valmistusprosessi voi kest\u00e4\u00e4 v\u00e4hint\u00e4\u00e4n viikon).<\/p>\n<p>5. Pysyv\u00e4n hammaskruunun kiinnitys: Kun pysyv\u00e4 kruunu on valmis laboratoriossa, hammasl\u00e4\u00e4k\u00e4risi varaa ajan sen korjaamiseksi. V\u00e4liaikainen kruunusi poistetaan ja hammasl\u00e4\u00e4k\u00e4risi tarkistaa pysyv\u00e4n kruunun istuvuuden, v\u00e4rin, muodon ja kohdistuksen luonnollisen purentasi kanssa. H\u00e4n sementoi pysyv\u00e4n kruunun paikoilleen hammasliimalla ja tekee s\u00e4\u00e4t\u00f6j\u00e4 varmistaakseen, ett\u00e4 se tuntuu mukavalta ja luonnolliselta potilaalle. Ja sitten kruunu kiillotetaan n\u00e4ytt\u00e4m\u00e4\u00e4n luonnolliselta hampaalta.<\/p>\n<p>6. Hoito hoidon j\u00e4lkeen: Noudata hyv\u00e4\u00e4 suuhygieniaa hammaskruunusi pitk\u00e4ik\u00e4isyyden varmistamiseksi ja noudata hammasl\u00e4\u00e4k\u00e4risi hoidon j\u00e4lkeen antamia ohjeita. On hyv\u00e4 v\u00e4ltt\u00e4\u00e4 tupakointia, kovia ja tahmeita ruokia, hampaiden narskuttelua y\u00f6ll\u00e4 jne. Jos tunnet kruunun l\u00f6ystyv\u00e4n, ota v\u00e4litt\u00f6m\u00e4sti yhteytt\u00e4 hammasl\u00e4\u00e4k\u00e4riisi \u00e4l\u00e4k\u00e4 yrit\u00e4 s\u00e4\u00e4t\u00e4\u00e4 sit\u00e4 itse.<\/p>","protected":false},"excerpt":{"rendered":"<p>These are fixed prosthetic devices done by dentists. They are not removable like dentures and are cemented to your existing teeth or implants. They can be removed only by dentists. Dental crowns are used to protect damaged or weakened tooth. Dental crowns are also called as \u201cdental caps\u201d. They are tooth shaped &#8220;caps&#8221; that are [&hellip;]<\/p>\n","protected":false},"author":1,"featured_media":0,"parent":0,"menu_order":0,"comment_status":"closed","ping_status":"closed","template":"","meta":{"site-sidebar-layout":"default","site-content-layout":"","ast-site-content-layout":"default","site-content-style":"default","site-sidebar-style":"default","ast-global-header-display":"","ast-banner-title-visibility":"","ast-main-header-display":"","ast-hfb-above-header-display":"","ast-hfb-below-header-display":"","ast-hfb-mobile-header-display":"","site-post-title":"","ast-breadcrumbs-content":"","ast-featured-img":"","footer-sml-layout":"","ast-disable-related-posts":"","theme-transparent-header-meta":"","adv-header-id-meta":"","stick-header-meta":"","header-above-stick-meta":"","header-main-stick-meta":"","header-below-stick-meta":"","astra-migrate-meta-layouts":"set","ast-page-background-enabled":"default","ast-page-background-meta":{"desktop":{"background-color":"var(--ast-global-color-4)","background-image":"","background-repeat":"repeat","background-position":"center center","background-size":"auto","background-attachment":"scroll","background-type":"","background-media":"","overlay-type":"","overlay-color":"","overlay-opacity":"","overlay-gradient":""},"tablet":{"background-color":"","background-image":"","background-repeat":"repeat","background-position":"center center","background-size":"auto","background-attachment":"scroll","background-type":"","background-media":"","overlay-type":"","overlay-color":"","overlay-opacity":"","overlay-gradient":""},"mobile":{"background-color":"","background-image":"","background-repeat":"repeat","background-position":"center center","background-size":"auto","background-attachment":"scroll","background-type":"","background-media":"","overlay-type":"","overlay-color":"","overlay-opacity":"","overlay-gradient":""}},"ast-content-background-meta":{"desktop":{"background-color":"var(--ast-global-color-5)","background-image":"","background-repeat":"repeat","background-position":"center center","background-size":"auto","background-attachment":"scroll","background-type":"","background-media":"","overlay-type":"","overlay-color":"","overlay-opacity":"","overlay-gradient":""},"tablet":{"background-color":"var(--ast-global-color-5)","background-image":"","background-repeat":"repeat","background-position":"center center","background-size":"auto","background-attachment":"scroll","background-type":"","background-media":"","overlay-type":"","overlay-color":"","overlay-opacity":"","overlay-gradient":""},"mobile":{"background-color":"var(--ast-global-color-5)","background-image":"","background-repeat":"repeat","background-position":"center center","background-size":"auto","background-attachment":"scroll","background-type":"","background-media":"","overlay-type":"","overlay-color":"","overlay-opacity":"","overlay-gradient":""}},"footnotes":""},"class_list":["post-157","page","type-page","status-publish","hentry"],"yoast_head":"<!-- This site is optimized with the Yoast SEO plugin v27.5 - https:\/\/yoast.com\/product\/yoast-seo-wordpress\/ -->\n<title>DENTAL CROWNS IN DUBAI | DENTAL BRIDGES<\/title>\n<meta name=\"robots\" content=\"index, follow, max-snippet:-1, max-image-preview:large, max-video-preview:-1\" \/>\n<link rel=\"canonical\" href=\"https:\/\/www.orthodontist-dubai.com\/fi\/kruunuja-ja-siltoja\/\" \/>\n<meta property=\"og:locale\" content=\"fi_FI\" \/>\n<meta property=\"og:type\" content=\"article\" \/>\n<meta property=\"og:title\" content=\"DENTAL CROWNS IN DUBAI | DENTAL BRIDGES\" \/>\n<meta property=\"og:description\" content=\"These are fixed prosthetic devices done by dentists. They are not removable like dentures and are cemented to your existing teeth or implants. They can be removed only by dentists. Dental crowns are used to protect damaged or weakened tooth. Dental crowns are also called as \u201cdental caps\u201d. They are tooth shaped &#8220;caps&#8221; that are [&hellip;]\" \/>\n<meta property=\"og:url\" content=\"https:\/\/www.orthodontist-dubai.com\/fi\/kruunuja-ja-siltoja\/\" \/>\n<meta property=\"og:site_name\" content=\"BEST Orthodontist &amp; Dentist in Dubai UAE for all Dental Treatments\" \/>\n<meta property=\"article:publisher\" content=\"https:\/\/www.facebook.com\/Orthodontist.Dentist.Dubai\/\" \/>\n<meta property=\"article:modified_time\" content=\"2023-10-20T09:15:00+00:00\" \/>\n<meta property=\"og:image\" content=\"https:\/\/www.orthodontist-dubai.com\/wp-content\/uploads\/2023\/10\/Dental-Crown-Bridges-in-Dubai-UAE-Before-After-treatment-pictures.jpg\" \/>\n<meta name=\"twitter:card\" content=\"summary_large_image\" \/>\n<meta name=\"twitter:label1\" content=\"Arvioitu lukuaika\" \/>\n\t<meta name=\"twitter:data1\" content=\"5 minuuttia\" \/>\n<script type=\"application\/ld+json\" class=\"yoast-schema-graph\">{\"@context\":\"https:\\\/\\\/schema.org\",\"@graph\":[{\"@type\":\"WebPage\",\"@id\":\"https:\\\/\\\/www.orthodontist-dubai.com\\\/crowns-and-bridges\\\/\",\"url\":\"https:\\\/\\\/www.orthodontist-dubai.com\\\/crowns-and-bridges\\\/\",\"name\":\"DENTAL CROWNS IN DUBAI | DENTAL BRIDGES\",\"isPartOf\":{\"@id\":\"https:\\\/\\\/www.orthodontist-dubai.com\\\/#website\"},\"primaryImageOfPage\":{\"@id\":\"https:\\\/\\\/www.orthodontist-dubai.com\\\/crowns-and-bridges\\\/#primaryimage\"},\"image\":{\"@id\":\"https:\\\/\\\/www.orthodontist-dubai.com\\\/crowns-and-bridges\\\/#primaryimage\"},\"thumbnailUrl\":\"https:\\\/\\\/www.orthodontist-dubai.com\\\/wp-content\\\/uploads\\\/2023\\\/10\\\/Dental-Crown-Bridges-in-Dubai-UAE-Before-After-treatment-pictures.jpg\",\"datePublished\":\"2015-04-15T07:04:06+00:00\",\"dateModified\":\"2023-10-20T09:15:00+00:00\",\"breadcrumb\":{\"@id\":\"https:\\\/\\\/www.orthodontist-dubai.com\\\/crowns-and-bridges\\\/#breadcrumb\"},\"inLanguage\":\"fi\",\"potentialAction\":[{\"@type\":\"ReadAction\",\"target\":[\"https:\\\/\\\/www.orthodontist-dubai.com\\\/crowns-and-bridges\\\/\"]}]},{\"@type\":\"ImageObject\",\"inLanguage\":\"fi\",\"@id\":\"https:\\\/\\\/www.orthodontist-dubai.com\\\/crowns-and-bridges\\\/#primaryimage\",\"url\":\"https:\\\/\\\/www.orthodontist-dubai.com\\\/wp-content\\\/uploads\\\/2023\\\/10\\\/Dental-Crown-Bridges-in-Dubai-UAE-Before-After-treatment-pictures.jpg\",\"contentUrl\":\"https:\\\/\\\/www.orthodontist-dubai.com\\\/wp-content\\\/uploads\\\/2023\\\/10\\\/Dental-Crown-Bridges-in-Dubai-UAE-Before-After-treatment-pictures.jpg\"},{\"@type\":\"BreadcrumbList\",\"@id\":\"https:\\\/\\\/www.orthodontist-dubai.com\\\/crowns-and-bridges\\\/#breadcrumb\",\"itemListElement\":[{\"@type\":\"ListItem\",\"position\":1,\"name\":\"\u2776 Home\",\"item\":\"https:\\\/\\\/www.orthodontist-dubai.com\\\/\"},{\"@type\":\"ListItem\",\"position\":2,\"name\":\"Dental Crown and Dental Bridges\"}]},{\"@type\":\"WebSite\",\"@id\":\"https:\\\/\\\/www.orthodontist-dubai.com\\\/#website\",\"url\":\"https:\\\/\\\/www.orthodontist-dubai.com\\\/\",\"name\":\"BEST Orthodontist &amp; Dentist in Dubai UAE for all Dental Treatments\",\"description\":\"Cheap &amp; Best Orthodontist &amp; Dentists for all dental treatments in Dubai UAE\",\"publisher\":{\"@id\":\"https:\\\/\\\/www.orthodontist-dubai.com\\\/#organization\"},\"potentialAction\":[{\"@type\":\"SearchAction\",\"target\":{\"@type\":\"EntryPoint\",\"urlTemplate\":\"https:\\\/\\\/www.orthodontist-dubai.com\\\/?s={search_term_string}\"},\"query-input\":{\"@type\":\"PropertyValueSpecification\",\"valueRequired\":true,\"valueName\":\"search_term_string\"}}],\"inLanguage\":\"fi\"},{\"@type\":\"Organization\",\"@id\":\"https:\\\/\\\/www.orthodontist-dubai.com\\\/#organization\",\"name\":\"Best Orthodontist & Dentist in Dubai UAE\",\"url\":\"https:\\\/\\\/www.orthodontist-dubai.com\\\/\",\"logo\":{\"@type\":\"ImageObject\",\"inLanguage\":\"fi\",\"@id\":\"https:\\\/\\\/www.orthodontist-dubai.com\\\/#\\\/schema\\\/logo\\\/image\\\/\",\"url\":\"https:\\\/\\\/www.orthodontist-dubai.com\\\/wp-content\\\/uploads\\\/2015\\\/04\\\/Othorontist-Dentist-UAE-Logo.png\",\"contentUrl\":\"https:\\\/\\\/www.orthodontist-dubai.com\\\/wp-content\\\/uploads\\\/2015\\\/04\\\/Othorontist-Dentist-UAE-Logo.png\",\"width\":190,\"height\":70,\"caption\":\"Best Orthodontist & Dentist in Dubai UAE\"},\"image\":{\"@id\":\"https:\\\/\\\/www.orthodontist-dubai.com\\\/#\\\/schema\\\/logo\\\/image\\\/\"},\"sameAs\":[\"https:\\\/\\\/www.facebook.com\\\/Orthodontist.Dentist.Dubai\\\/\",\"https:\\\/\\\/www.linkedin.com\\\/in\\\/dr-nazeer-ahmed-meeran-15691083\\\/\"]}]}<\/script>\n<!-- \/ Yoast SEO plugin. -->","yoast_head_json":{"title":"HAMMASKRRUUNUT DUBAISSA | HAMPASILLAT","robots":{"index":"index","follow":"follow","max-snippet":"max-snippet:-1","max-image-preview":"max-image-preview:large","max-video-preview":"max-video-preview:-1"},"canonical":"https:\/\/www.orthodontist-dubai.com\/fi\/kruunuja-ja-siltoja\/","og_locale":"fi_FI","og_type":"article","og_title":"DENTAL CROWNS IN DUBAI | DENTAL BRIDGES","og_description":"These are fixed prosthetic devices done by dentists. They are not removable like dentures and are cemented to your existing teeth or implants. They can be removed only by dentists. Dental crowns are used to protect damaged or weakened tooth. Dental crowns are also called as \u201cdental caps\u201d. They are tooth shaped &#8220;caps&#8221; that are [&hellip;]","og_url":"https:\/\/www.orthodontist-dubai.com\/fi\/kruunuja-ja-siltoja\/","og_site_name":"BEST Orthodontist &amp; Dentist in Dubai UAE for all Dental Treatments","article_publisher":"https:\/\/www.facebook.com\/Orthodontist.Dentist.Dubai\/","article_modified_time":"2023-10-20T09:15:00+00:00","og_image":[{"url":"https:\/\/www.orthodontist-dubai.com\/wp-content\/uploads\/2023\/10\/Dental-Crown-Bridges-in-Dubai-UAE-Before-After-treatment-pictures.jpg","type":"","width":"","height":""}],"twitter_card":"summary_large_image","twitter_misc":{"Arvioitu lukuaika":"5 minuuttia"},"schema":{"@context":"https:\/\/schema.org","@graph":[{"@type":"WebPage","@id":"https:\/\/www.orthodontist-dubai.com\/crowns-and-bridges\/","url":"https:\/\/www.orthodontist-dubai.com\/crowns-and-bridges\/","name":"HAMMASKRRUUNUT DUBAISSA | HAMPASILLAT","isPartOf":{"@id":"https:\/\/www.orthodontist-dubai.com\/#website"},"primaryImageOfPage":{"@id":"https:\/\/www.orthodontist-dubai.com\/crowns-and-bridges\/#primaryimage"},"image":{"@id":"https:\/\/www.orthodontist-dubai.com\/crowns-and-bridges\/#primaryimage"},"thumbnailUrl":"https:\/\/www.orthodontist-dubai.com\/wp-content\/uploads\/2023\/10\/Dental-Crown-Bridges-in-Dubai-UAE-Before-After-treatment-pictures.jpg","datePublished":"2015-04-15T07:04:06+00:00","dateModified":"2023-10-20T09:15:00+00:00","breadcrumb":{"@id":"https:\/\/www.orthodontist-dubai.com\/crowns-and-bridges\/#breadcrumb"},"inLanguage":"fi","potentialAction":[{"@type":"ReadAction","target":["https:\/\/www.orthodontist-dubai.com\/crowns-and-bridges\/"]}]},{"@type":"ImageObject","inLanguage":"fi","@id":"https:\/\/www.orthodontist-dubai.com\/crowns-and-bridges\/#primaryimage","url":"https:\/\/www.orthodontist-dubai.com\/wp-content\/uploads\/2023\/10\/Dental-Crown-Bridges-in-Dubai-UAE-Before-After-treatment-pictures.jpg","contentUrl":"https:\/\/www.orthodontist-dubai.com\/wp-content\/uploads\/2023\/10\/Dental-Crown-Bridges-in-Dubai-UAE-Before-After-treatment-pictures.jpg"},{"@type":"BreadcrumbList","@id":"https:\/\/www.orthodontist-dubai.com\/crowns-and-bridges\/#breadcrumb","itemListElement":[{"@type":"ListItem","position":1,"name":"\u2776 Home","item":"https:\/\/www.orthodontist-dubai.com\/"},{"@type":"ListItem","position":2,"name":"Dental Crown and Dental Bridges"}]},{"@type":"WebSite","@id":"https:\/\/www.orthodontist-dubai.com\/#website","url":"https:\/\/www.orthodontist-dubai.com\/","name":"PARAS oikomisl\u00e4\u00e4k\u00e4ri ja hammasl\u00e4\u00e4k\u00e4ri Dubaissa Yhdistyneet arabiemiirikunnat kaikkiin hammashoitoihin","description":"Halvat ja parhaat oikomisl\u00e4\u00e4k\u00e4rit ja hammasl\u00e4\u00e4k\u00e4rit kaikkiin hammashoitoihin Dubain Arabiemiirikunnissa","publisher":{"@id":"https:\/\/www.orthodontist-dubai.com\/#organization"},"potentialAction":[{"@type":"SearchAction","target":{"@type":"EntryPoint","urlTemplate":"https:\/\/www.orthodontist-dubai.com\/?s={search_term_string}"},"query-input":{"@type":"PropertyValueSpecification","valueRequired":true,"valueName":"search_term_string"}}],"inLanguage":"fi"},{"@type":"Organization","@id":"https:\/\/www.orthodontist-dubai.com\/#organization","name":"Paras oikomisl\u00e4\u00e4k\u00e4ri ja hammasl\u00e4\u00e4k\u00e4ri Dubaissa, Yhdistyneet arabiemiirikunnat","url":"https:\/\/www.orthodontist-dubai.com\/","logo":{"@type":"ImageObject","inLanguage":"fi","@id":"https:\/\/www.orthodontist-dubai.com\/#\/schema\/logo\/image\/","url":"https:\/\/www.orthodontist-dubai.com\/wp-content\/uploads\/2015\/04\/Othorontist-Dentist-UAE-Logo.png","contentUrl":"https:\/\/www.orthodontist-dubai.com\/wp-content\/uploads\/2015\/04\/Othorontist-Dentist-UAE-Logo.png","width":190,"height":70,"caption":"Best Orthodontist & Dentist in Dubai UAE"},"image":{"@id":"https:\/\/www.orthodontist-dubai.com\/#\/schema\/logo\/image\/"},"sameAs":["https:\/\/www.facebook.com\/Orthodontist.Dentist.Dubai\/","https:\/\/www.linkedin.com\/in\/dr-nazeer-ahmed-meeran-15691083\/"]}]}},"_links":{"self":[{"href":"https:\/\/www.orthodontist-dubai.com\/fi\/wp-json\/wp\/v2\/pages\/157","targetHints":{"allow":["GET"]}}],"collection":[{"href":"https:\/\/www.orthodontist-dubai.com\/fi\/wp-json\/wp\/v2\/pages"}],"about":[{"href":"https:\/\/www.orthodontist-dubai.com\/fi\/wp-json\/wp\/v2\/types\/page"}],"author":[{"embeddable":true,"href":"https:\/\/www.orthodontist-dubai.com\/fi\/wp-json\/wp\/v2\/users\/1"}],"replies":[{"embeddable":true,"href":"https:\/\/www.orthodontist-dubai.com\/fi\/wp-json\/wp\/v2\/comments?post=157"}],"version-history":[{"count":8,"href":"https:\/\/www.orthodontist-dubai.com\/fi\/wp-json\/wp\/v2\/pages\/157\/revisions"}],"predecessor-version":[{"id":2129,"href":"https:\/\/www.orthodontist-dubai.com\/fi\/wp-json\/wp\/v2\/pages\/157\/revisions\/2129"}],"wp:attachment":[{"href":"https:\/\/www.orthodontist-dubai.com\/fi\/wp-json\/wp\/v2\/media?parent=157"}],"curies":[{"name":"wp","href":"https:\/\/api.w.org\/{rel}","templated":true}]}}