{"id":154,"date":"2015-04-15T06:53:45","date_gmt":"2015-04-15T06:53:45","guid":{"rendered":"https:\/\/www.orthodontist-dubai.com\/?page_id=154"},"modified":"2024-10-19T13:02:34","modified_gmt":"2024-10-19T09:02:34","slug":"dental-filling","status":"publish","type":"page","link":"https:\/\/www.orthodontist-dubai.com\/fi\/hampaiden-taytto\/","title":{"rendered":"Hampaiden t\u00e4ytt\u00f6kustannukset Dubaissa ja hampaiden t\u00e4ytt\u00f6menettely"},"content":{"rendered":"<p>Hammasl\u00e4\u00e4k\u00e4ri <strong>t\u00e4yte<\/strong> on sinun tekem\u00e4si <strong>hammasl\u00e4\u00e4k\u00e4ri<\/strong> palauttaa kariesvaurion hampaiden normaali toiminta ja muoto. Hampaiden t\u00e4yt\u00f6n hinta Dubaissa alkaa 400 AED per hammas.<br \/>\n<!--<a href=\"https:\/\/www.orthodontist-dubai.com\/clinic-reviews\/\"><img decoding=\"async\" class=\"aligncenter wp-image-346 size-full lazyload\" data-src=\"https:\/\/www.orthodontist-dubai.com\/wp-content\/uploads\/2014\/12\/banner-best2.jpg\" alt=\"Top dental clinic for dental filling in Dubai UAE\" width=\"795\" height=\"459\" src=\"data:image\/svg+xml;base64,PHN2ZyB3aWR0aD0iMSIgaGVpZ2h0PSIxIiB4bWxucz0iaHR0cDovL3d3dy53My5vcmcvMjAwMC9zdmciPjwvc3ZnPg==\" style=\"--smush-placeholder-width: 795px; --smush-placeholder-aspect-ratio: 795\/459;\"><\/a>--><br \/>\n<div id=\"metaslider-id-1219\" style=\"max-width: 700px; margin: 0 auto;\" class=\"ml-slider-3-108-0 metaslider metaslider-responsive metaslider-1219 ml-slider ms-theme-default\" role=\"region\" aria-label=\"Hampaiden hampaiden t\u00e4ytt\u00f6\" data-height=\"400\" data-width=\"700\">\n    <div id=\"metaslider_container_1219\">\n        <ul id='metaslider_1219' class='rslides'>\n            <li aria-roledescription='slide' aria-labelledby='slide-0'><a href=\"https:\/\/www.orthodontist-dubai.com\/fi\/ota-meihin-yhteytta\/\" target=\"_self\"><img decoding=\"async\" data-src=\"https:\/\/www.orthodontist-dubai.com\/wp-content\/uploads\/2024\/01\/Inside-treatment-room-of-the-dental-clinic-in-Dubai-700x400.jpg\" height=\"400\" width=\"700\" alt=\"Dubain hammasklinikan sis\u00e4hoitohuone\" class=\"slider-1219 slide-1224 msDefaultImage lazyload\" title=\"Dubain hammasklinikan sis\u00e4hoitohuone\" src=\"data:image\/svg+xml;base64,PHN2ZyB3aWR0aD0iMSIgaGVpZ2h0PSIxIiB4bWxucz0iaHR0cDovL3d3dy53My5vcmcvMjAwMC9zdmciPjwvc3ZnPg==\" style=\"--smush-placeholder-width: 700px; --smush-placeholder-aspect-ratio: 700\/400;\" \/><\/a><\/li>\n            <li style='display: none;' aria-roledescription='slide' aria-labelledby='slide-1'><a href=\"https:\/\/www.orthodontist-dubai.com\/fi\/ota-meihin-yhteytta\/\" target=\"_self\"><img decoding=\"async\" data-src=\"https:\/\/www.orthodontist-dubai.com\/wp-content\/uploads\/2023\/10\/tooth-filling-cost-dubai-pic2-700x400.jpg\" height=\"400\" width=\"700\" alt=\"Hampaiden t\u00e4ytt\u00f6hammasklinikka Dubain vastaanottohuoneessa\" class=\"slider-1219 slide-1222 msDefaultImage lazyload\" title=\"Hampaiden t\u00e4ytt\u00f6hammasklinikka Dubain vastaanottohuoneessa\" src=\"data:image\/svg+xml;base64,PHN2ZyB3aWR0aD0iMSIgaGVpZ2h0PSIxIiB4bWxucz0iaHR0cDovL3d3dy53My5vcmcvMjAwMC9zdmciPjwvc3ZnPg==\" style=\"--smush-placeholder-width: 700px; --smush-placeholder-aspect-ratio: 700\/400;\" \/><\/a><\/li>\n            <li style='display: none;' aria-roledescription='slide' aria-labelledby='slide-2'><a href=\"https:\/\/www.orthodontist-dubai.com\/fi\/ota-meihin-yhteytta\/\" target=\"_self\"><img decoding=\"async\" data-src=\"https:\/\/www.orthodontist-dubai.com\/wp-content\/uploads\/2024\/01\/Patient-waiting-area-of-the-dental-clinic-in-Dubai-700x400.jpg\" height=\"400\" width=\"700\" alt=\"Hammasklinikan potilas odotusalue Dubaissa\" class=\"slider-1219 slide-2236 msDefaultImage lazyload\" title=\"Hammasklinikan potilas odotusalue Dubaissa\" src=\"data:image\/svg+xml;base64,PHN2ZyB3aWR0aD0iMSIgaGVpZ2h0PSIxIiB4bWxucz0iaHR0cDovL3d3dy53My5vcmcvMjAwMC9zdmciPjwvc3ZnPg==\" style=\"--smush-placeholder-width: 700px; --smush-placeholder-aspect-ratio: 700\/400;\" \/><\/a><\/li>\n            <li style='display: none;' aria-roledescription='slide' aria-labelledby='slide-3'><a href=\"https:\/\/www.orthodontist-dubai.com\/fi\/ota-meihin-yhteytta\/\" target=\"_self\"><img decoding=\"async\" data-src=\"https:\/\/www.orthodontist-dubai.com\/wp-content\/uploads\/2023\/10\/tooth-filling-cost-dubai-pic3-700x400.jpg\" height=\"400\" width=\"700\" alt=\"Hammast\u00e4ytt\u00f6klinikka Dubain Arabiemiirikuntien potilaiden odotusalueella\" class=\"slider-1219 slide-1223 msDefaultImage lazyload\" title=\"Hammast\u00e4ytt\u00f6klinikka Dubain Arabiemiirikuntien potilaiden odotusalueella\" src=\"data:image\/svg+xml;base64,PHN2ZyB3aWR0aD0iMSIgaGVpZ2h0PSIxIiB4bWxucz0iaHR0cDovL3d3dy53My5vcmcvMjAwMC9zdmciPjwvc3ZnPg==\" style=\"--smush-placeholder-width: 700px; --smush-placeholder-aspect-ratio: 700\/400;\" \/><\/a><\/li>\n        <\/ul>\n        \n    <\/div>\n<\/div>\nSelvitt\u00e4\u00e4ksesi hampaan t\u00e4ytt\u00f6menettelyn yksinkertaisemmin, hampaan materiaali poistetaan ja hammasl\u00e4\u00e4k\u00e4risi puhdistaa ontelon ja t\u00e4ytt\u00e4\u00e4 sen sitten valitulla t\u00e4ytt\u00f6materiaalilla. N\u00e4in ollen hampaiden reikiintyminen estet\u00e4\u00e4n, koska bakteerit eiv\u00e4t p\u00e4\u00e4se sis\u00e4\u00e4n.<\/p>\n<h3>T\u00e4ss\u00e4 on askel askeleelta selitys siit\u00e4, kuinka hammasl\u00e4\u00e4k\u00e4risi tekee hampaiden t\u00e4ytt\u00f6hoidon Dubaissa:<\/h3>\n<ol>\n<li>Ennen hampaiden t\u00e4ytt\u00f6toimenpiteen aloittamista hammasl\u00e4\u00e4k\u00e4risi diagnosoi ja tutkii hampaasi ja voi ottaa r\u00f6ntgens\u00e4teit\u00e4 m\u00e4\u00e4ritt\u00e4\u00e4kseen hampaan reikiintymisen. T\u00e4m\u00e4 auttaa suunnittelemaan tarvittavaa hoitoa.<\/li>\n<li>Hammasl\u00e4\u00e4k\u00e4ri antaa paikallispuudutuksen varmistaakseen, ett\u00e4 tunnet olosi mukavaksi hoidon aikana ja my\u00f6s minimoimaan kipua turruttamalla vahingoittunutta hammasta ja sit\u00e4 ymp\u00e4r\u00f6iv\u00e4t alueet. Et tunne huimausta tai uneliaisuutta annetun paikallispuudutuksen takia. Sit\u00e4 annetaan vain sen varmistamiseksi, ett\u00e4 et tunne kipua koko hoidon ajan.<\/li>\n<li>Hammasl\u00e4\u00e4k\u00e4ri asettaa kumipadon hampaan ymp\u00e4rille sen erist\u00e4miseksi (jotta se pysyy kuivana ja syljett\u00f6m\u00e4n\u00e4) t\u00e4ytteen aikana ja varmistaa siten puhtaan ty\u00f6ymp\u00e4rist\u00f6n.<\/li>\n<li>Hammasl\u00e4\u00e4k\u00e4ri poistaa hampaan reikiintymisen tai vaurioituneen osan huolellisesti hammasporalla tai laserilla samalla, kun hampaan terve osa s\u00e4ilyy.<\/li>\n<li>Kun hampaan reikiintym\u00e4 tai vaurioitunut osa on poistettu, hammasl\u00e4\u00e4k\u00e4risi alkaa muotoilla onteloa t\u00e4ytt\u00f6materiaalin perusteella, jolla se valmistetaan seuraavaa vaihetta varten. Saatavilla on monenlaisia hampaiden t\u00e4ytt\u00f6materiaaleja, kuten:\n<ul>\n<li><strong>Komposiittihartsi:<\/strong> T\u00e4m\u00e4 on hampaan v\u00e4rist\u00e4 materiaalia ja sit\u00e4 k\u00e4ytet\u00e4\u00e4n yleens\u00e4 t\u00e4ytteisiin suussa n\u00e4kyviss\u00e4 alueilla. Levitet\u00e4\u00e4n kerroksittain ja sen kovettamiseen k\u00e4ytet\u00e4\u00e4n erityist\u00e4 valoa. T\u00e4m\u00e4 antaa eritt\u00e4in luonnollisen ilmeen.<\/li>\n<li><strong>Amalgaami:<\/strong> T\u00e4m\u00e4 on hopeanv\u00e4rist\u00e4 materiaalia, joka on valmistettu metalliseoksesta. Se on eritt\u00e4in vahva, mutta ei anna luonnollista ilmett\u00e4. Sit\u00e4 k\u00e4ytet\u00e4\u00e4n yleens\u00e4 takahampaisiin ep\u00e4luonnollisen ulkon\u00e4\u00f6n vuoksi.<\/li>\n<li><strong>Posliini\/Keraami:<\/strong> N\u00e4m\u00e4 n\u00e4ytt\u00e4v\u00e4t eritt\u00e4in luonnollisilta ja antavat esteettisesti miellytt\u00e4v\u00e4n lopputuloksen. Ne ovat my\u00f6s eritt\u00e4in kest\u00e4vi\u00e4. N\u00e4m\u00e4 valmistetaan mittatilausty\u00f6n\u00e4 hammaslaboratorioissa.<\/li>\n<li><strong>Lasi-ionomeeri:<\/strong> T\u00e4t\u00e4 k\u00e4ytet\u00e4\u00e4n alueilla, joilla on minimaalinen pureskelupaine. Koska se vapauttaa fluoria, se auttaa est\u00e4m\u00e4\u00e4n hampaiden reikiintymist\u00e4. Niit\u00e4 k\u00e4ytet\u00e4\u00e4n yleens\u00e4 hyvin pienten alueiden t\u00e4ytt\u00e4miseen.<\/li>\n<li><strong>Kulta:<\/strong> Kultat\u00e4ytteet olivat aikoinaan suosittuja. Mutta ne ovat nyky\u00e4\u00e4n v\u00e4hemm\u00e4n suosittuja, koska ne eiv\u00e4t anna luonnollista ulkon\u00e4k\u00f6\u00e4, vaikka ne ovat eritt\u00e4in kest\u00e4vi\u00e4 ja kest\u00e4v\u00e4t eritt\u00e4in pitk\u00e4\u00e4n.<\/li>\n<\/ul>\n<\/li>\n<li>Hammasl\u00e4\u00e4k\u00e4risi asettaa potilaan valitseman t\u00e4ytemateriaalin valmisteltuun onteloon.<\/li>\n<li>T\u00e4ytemateriaalin asettamisen j\u00e4lkeen hammasl\u00e4\u00e4k\u00e4risi muotoilee sit\u00e4 edelleen tarpeen mukaan ja kiillottaa sen varmistaakseen, ett\u00e4 se on sile\u00e4 ja sulautuu ymp\u00e4r\u00f6iviin hampaisiin ja antaa sille luonnollisen ilmeen.<\/li>\n<li>Hammasl\u00e4\u00e4k\u00e4risi tarkistaa, ettei t\u00e4ytt\u00f6 h\u00e4iritse luonnollista purenta, ja varmistaa, ett\u00e4 se tuntuu mukavalta.<\/li>\n<li>Kun kumilevy on poistettu, hammasl\u00e4\u00e4k\u00e4risi puhdistaa hampaan ja sit\u00e4 ymp\u00e4r\u00f6iv\u00e4n alueen arvioidakseen t\u00e4ytteen sopivuutta.<\/li>\n<\/ol>\n<p>Koko hampaan t\u00e4ytt\u00f6 Dubaissa kest\u00e4\u00e4 alle tunnin. Hampaiden t\u00e4ytt\u00f6toimenpiteen j\u00e4lkeen saatat kokea liev\u00e4\u00e4 tunnottomuutta jonkin aikaa. Mutta voit palata normaaliin p\u00e4ivitt\u00e4iseen toimintaasi pian hammast\u00e4yt\u00f6n j\u00e4lkeen. Muista noudattaa hammasl\u00e4\u00e4k\u00e4risi ohjeita toimenpiteen j\u00e4lkeisest\u00e4 hoidosta ja tehd\u00e4 tarvittaessa j\u00e4lkitarkastuksia. Kuten aina suositellaan, on my\u00f6s t\u00e4rke\u00e4\u00e4 yll\u00e4pit\u00e4\u00e4 hyv\u00e4\u00e4 suuhygieniaa hampaisiin liittyvien ongelmien v\u00e4ltt\u00e4miseksi tulevaisuudessa. <a href=\"https:\/\/www.orthodontist-dubai.com\/fi\/ota-meihin-yhteytta\/\">Ota meihin yhteytt\u00e4<\/a> ILMAINEN ilmainen konsultaatio hampaiden t\u00e4ytt\u00f6\u00e4 varten Dubaissa hammasklinikalla.<\/p>\n<p><img decoding=\"async\" class=\"aligncenter size-full wp-image-2169 lazyload\" data-src=\"https:\/\/www.orthodontist-dubai.com\/wp-content\/uploads\/2023\/11\/types-of-tooth-filling-in-Dubai-UAE.jpg\" alt=\"hampaiden t\u00e4ytt\u00f6tyypit Dubaissa, Yhdistyneet arabiemiirikunnat\" width=\"672\" height=\"300\" data-srcset=\"https:\/\/www.orthodontist-dubai.com\/wp-content\/uploads\/2023\/11\/types-of-tooth-filling-in-Dubai-UAE.jpg 672w, https:\/\/www.orthodontist-dubai.com\/wp-content\/uploads\/2023\/11\/types-of-tooth-filling-in-Dubai-UAE-300x134.jpg 300w, https:\/\/www.orthodontist-dubai.com\/wp-content\/uploads\/2023\/11\/types-of-tooth-filling-in-Dubai-UAE-18x8.jpg 18w\" data-sizes=\"(max-width: 672px) 100vw, 672px\" src=\"data:image\/svg+xml;base64,PHN2ZyB3aWR0aD0iMSIgaGVpZ2h0PSIxIiB4bWxucz0iaHR0cDovL3d3dy53My5vcmcvMjAwMC9zdmciPjwvc3ZnPg==\" style=\"--smush-placeholder-width: 672px; --smush-placeholder-aspect-ratio: 672\/300;\" \/><\/p>\n<p><img decoding=\"async\" class=\"aligncenter size-full wp-image-176 lazyload\" data-src=\"https:\/\/www.orthodontist-dubai.com\/wp-content\/uploads\/2015\/04\/dental-filling-dubai-UAE.jpg\" alt=\"Hampaiden t\u00e4ytteet maksavat Dubaissa\" width=\"350\" height=\"366\" data-srcset=\"https:\/\/www.orthodontist-dubai.com\/wp-content\/uploads\/2015\/04\/dental-filling-dubai-UAE.jpg 350w, https:\/\/www.orthodontist-dubai.com\/wp-content\/uploads\/2015\/04\/dental-filling-dubai-UAE-287x300.jpg 287w\" data-sizes=\"(max-width: 350px) 100vw, 350px\" src=\"data:image\/svg+xml;base64,PHN2ZyB3aWR0aD0iMSIgaGVpZ2h0PSIxIiB4bWxucz0iaHR0cDovL3d3dy53My5vcmcvMjAwMC9zdmciPjwvc3ZnPg==\" style=\"--smush-placeholder-width: 350px; --smush-placeholder-aspect-ratio: 350\/366;\" \/><br \/>\n<img decoding=\"async\" class=\"aligncenter wp-image-1229 size-full lazyload\" data-src=\"https:\/\/www.orthodontist-dubai.com\/wp-content\/uploads\/2022\/04\/Dental-fillings-cost-Dubai.jpg\" alt=\"Hampaiden t\u00e4ytteet maksavat Dubaissa\" width=\"1000\" height=\"297\" data-srcset=\"https:\/\/www.orthodontist-dubai.com\/wp-content\/uploads\/2022\/04\/Dental-fillings-cost-Dubai.jpg 1000w, https:\/\/www.orthodontist-dubai.com\/wp-content\/uploads\/2022\/04\/Dental-fillings-cost-Dubai-300x89.jpg 300w, https:\/\/www.orthodontist-dubai.com\/wp-content\/uploads\/2022\/04\/Dental-fillings-cost-Dubai-768x228.jpg 768w\" data-sizes=\"(max-width: 1000px) 100vw, 1000px\" src=\"data:image\/svg+xml;base64,PHN2ZyB3aWR0aD0iMSIgaGVpZ2h0PSIxIiB4bWxucz0iaHR0cDovL3d3dy53My5vcmcvMjAwMC9zdmciPjwvc3ZnPg==\" style=\"--smush-placeholder-width: 1000px; --smush-placeholder-aspect-ratio: 1000\/297;\" \/><br \/>\n<b>Yleisimm\u00e4t hampaiden t\u00e4ytt\u00f6tyypit, jotka suositaan Dubaissa, Yhdistyneet arabiemiirikunnat ovat:<\/b><\/p>\n<ul>\n<li><b>Kultaiset t\u00e4ytteet<\/b><\/li>\n<li><b>Amalgaami (hopea) t\u00e4ytteet<\/b><\/li>\n<li><b>Komposiitti (muovi) hartsit<\/b> (Voidaan tehd\u00e4 vastaamaan alkuper\u00e4isen hampaan v\u00e4ri\u00e4, jotta se n\u00e4ytt\u00e4\u00e4 hyvin luonnolliselta)<\/li>\n<li><b>Posliini t\u00e4ytteet.<\/b><\/li>\n<\/ul>","protected":false},"excerpt":{"rendered":"<p>A dental filling is done by your dentist to restore tooth damaged by decay to its normal function and shape. Tooth filling cost in Dubai starts at 400 AED per tooth. To explain the tooth filling procedure in a simpler way, the tooth material is removed and your dentist cleans the cavity and then fills [&hellip;]<\/p>\n","protected":false},"author":1,"featured_media":0,"parent":0,"menu_order":0,"comment_status":"closed","ping_status":"closed","template":"","meta":{"site-sidebar-layout":"default","site-content-layout":"","ast-site-content-layout":"default","site-content-style":"default","site-sidebar-style":"default","ast-global-header-display":"","ast-banner-title-visibility":"","ast-main-header-display":"","ast-hfb-above-header-display":"","ast-hfb-below-header-display":"","ast-hfb-mobile-header-display":"","site-post-title":"","ast-breadcrumbs-content":"","ast-featured-img":"","footer-sml-layout":"","ast-disable-related-posts":"","theme-transparent-header-meta":"","adv-header-id-meta":"","stick-header-meta":"","header-above-stick-meta":"","header-main-stick-meta":"","header-below-stick-meta":"","astra-migrate-meta-layouts":"set","ast-page-background-enabled":"default","ast-page-background-meta":{"desktop":{"background-color":"var(--ast-global-color-4)","background-image":"","background-repeat":"repeat","background-position":"center center","background-size":"auto","background-attachment":"scroll","background-type":"","background-media":"","overlay-type":"","overlay-color":"","overlay-opacity":"","overlay-gradient":""},"tablet":{"background-color":"","background-image":"","background-repeat":"repeat","background-position":"center center","background-size":"auto","background-attachment":"scroll","background-type":"","background-media":"","overlay-type":"","overlay-color":"","overlay-opacity":"","overlay-gradient":""},"mobile":{"background-color":"","background-image":"","background-repeat":"repeat","background-position":"center center","background-size":"auto","background-attachment":"scroll","background-type":"","background-media":"","overlay-type":"","overlay-color":"","overlay-opacity":"","overlay-gradient":""}},"ast-content-background-meta":{"desktop":{"background-color":"var(--ast-global-color-5)","background-image":"","background-repeat":"repeat","background-position":"center center","background-size":"auto","background-attachment":"scroll","background-type":"","background-media":"","overlay-type":"","overlay-color":"","overlay-opacity":"","overlay-gradient":""},"tablet":{"background-color":"var(--ast-global-color-5)","background-image":"","background-repeat":"repeat","background-position":"center center","background-size":"auto","background-attachment":"scroll","background-type":"","background-media":"","overlay-type":"","overlay-color":"","overlay-opacity":"","overlay-gradient":""},"mobile":{"background-color":"var(--ast-global-color-5)","background-image":"","background-repeat":"repeat","background-position":"center center","background-size":"auto","background-attachment":"scroll","background-type":"","background-media":"","overlay-type":"","overlay-color":"","overlay-opacity":"","overlay-gradient":""}},"footnotes":""},"class_list":["post-154","page","type-page","status-publish","hentry"],"yoast_head":"<!-- This site is optimized with the Yoast SEO plugin v27.5 - https:\/\/yoast.com\/product\/yoast-seo-wordpress\/ -->\n<title>TOOTH FILLING COST IN DUBAI | TOOTH FILLING IN DUBAI<\/title>\n<meta name=\"robots\" content=\"index, follow, max-snippet:-1, max-image-preview:large, max-video-preview:-1\" \/>\n<link rel=\"canonical\" href=\"https:\/\/www.orthodontist-dubai.com\/fi\/hampaiden-taytto\/\" \/>\n<meta property=\"og:locale\" content=\"fi_FI\" \/>\n<meta property=\"og:type\" content=\"article\" \/>\n<meta property=\"og:title\" content=\"TOOTH FILLING COST IN DUBAI | TOOTH FILLING IN DUBAI\" \/>\n<meta property=\"og:description\" content=\"A dental filling is done by your dentist to restore tooth damaged by decay to its normal function and shape. Tooth filling cost in Dubai starts at 400 AED per tooth. To explain the tooth filling procedure in a simpler way, the tooth material is removed and your dentist cleans the cavity and then fills [&hellip;]\" \/>\n<meta property=\"og:url\" content=\"https:\/\/www.orthodontist-dubai.com\/fi\/hampaiden-taytto\/\" \/>\n<meta property=\"og:site_name\" content=\"BEST Orthodontist &amp; Dentist in Dubai UAE for all Dental Treatments\" \/>\n<meta property=\"article:publisher\" content=\"https:\/\/www.facebook.com\/Orthodontist.Dentist.Dubai\/\" \/>\n<meta property=\"article:modified_time\" content=\"2024-10-19T09:02:34+00:00\" \/>\n<meta property=\"og:image\" content=\"https:\/\/www.orthodontist-dubai.com\/wp-content\/uploads\/2014\/12\/banner-best2.jpg\" \/>\n<meta name=\"twitter:card\" content=\"summary_large_image\" \/>\n<meta name=\"twitter:label1\" content=\"Arvioitu lukuaika\" \/>\n\t<meta name=\"twitter:data1\" content=\"4 minuuttia\" \/>\n<script type=\"application\/ld+json\" class=\"yoast-schema-graph\">{\"@context\":\"https:\\\/\\\/schema.org\",\"@graph\":[{\"@type\":\"WebPage\",\"@id\":\"https:\\\/\\\/www.orthodontist-dubai.com\\\/dental-filling\\\/\",\"url\":\"https:\\\/\\\/www.orthodontist-dubai.com\\\/dental-filling\\\/\",\"name\":\"TOOTH FILLING COST IN DUBAI | TOOTH FILLING IN DUBAI\",\"isPartOf\":{\"@id\":\"https:\\\/\\\/www.orthodontist-dubai.com\\\/#website\"},\"primaryImageOfPage\":{\"@id\":\"https:\\\/\\\/www.orthodontist-dubai.com\\\/dental-filling\\\/#primaryimage\"},\"image\":{\"@id\":\"https:\\\/\\\/www.orthodontist-dubai.com\\\/dental-filling\\\/#primaryimage\"},\"thumbnailUrl\":\"https:\\\/\\\/www.orthodontist-dubai.com\\\/wp-content\\\/uploads\\\/2014\\\/12\\\/banner-best2.jpg\",\"datePublished\":\"2015-04-15T06:53:45+00:00\",\"dateModified\":\"2024-10-19T09:02:34+00:00\",\"breadcrumb\":{\"@id\":\"https:\\\/\\\/www.orthodontist-dubai.com\\\/dental-filling\\\/#breadcrumb\"},\"inLanguage\":\"fi\",\"potentialAction\":[{\"@type\":\"ReadAction\",\"target\":[\"https:\\\/\\\/www.orthodontist-dubai.com\\\/dental-filling\\\/\"]}]},{\"@type\":\"ImageObject\",\"inLanguage\":\"fi\",\"@id\":\"https:\\\/\\\/www.orthodontist-dubai.com\\\/dental-filling\\\/#primaryimage\",\"url\":\"https:\\\/\\\/www.orthodontist-dubai.com\\\/wp-content\\\/uploads\\\/2014\\\/12\\\/banner-best2.jpg\",\"contentUrl\":\"https:\\\/\\\/www.orthodontist-dubai.com\\\/wp-content\\\/uploads\\\/2014\\\/12\\\/banner-best2.jpg\"},{\"@type\":\"BreadcrumbList\",\"@id\":\"https:\\\/\\\/www.orthodontist-dubai.com\\\/dental-filling\\\/#breadcrumb\",\"itemListElement\":[{\"@type\":\"ListItem\",\"position\":1,\"name\":\"\u2776 Home\",\"item\":\"https:\\\/\\\/www.orthodontist-dubai.com\\\/\"},{\"@type\":\"ListItem\",\"position\":2,\"name\":\"Tooth filling cost in Dubai &amp; Tooth filling procedure\"}]},{\"@type\":\"WebSite\",\"@id\":\"https:\\\/\\\/www.orthodontist-dubai.com\\\/#website\",\"url\":\"https:\\\/\\\/www.orthodontist-dubai.com\\\/\",\"name\":\"BEST Orthodontist &amp; Dentist in Dubai UAE for all Dental Treatments\",\"description\":\"Cheap &amp; Best Orthodontist &amp; Dentists for all dental treatments in Dubai UAE\",\"publisher\":{\"@id\":\"https:\\\/\\\/www.orthodontist-dubai.com\\\/#organization\"},\"potentialAction\":[{\"@type\":\"SearchAction\",\"target\":{\"@type\":\"EntryPoint\",\"urlTemplate\":\"https:\\\/\\\/www.orthodontist-dubai.com\\\/?s={search_term_string}\"},\"query-input\":{\"@type\":\"PropertyValueSpecification\",\"valueRequired\":true,\"valueName\":\"search_term_string\"}}],\"inLanguage\":\"fi\"},{\"@type\":\"Organization\",\"@id\":\"https:\\\/\\\/www.orthodontist-dubai.com\\\/#organization\",\"name\":\"Best Orthodontist & Dentist in Dubai UAE\",\"url\":\"https:\\\/\\\/www.orthodontist-dubai.com\\\/\",\"logo\":{\"@type\":\"ImageObject\",\"inLanguage\":\"fi\",\"@id\":\"https:\\\/\\\/www.orthodontist-dubai.com\\\/#\\\/schema\\\/logo\\\/image\\\/\",\"url\":\"https:\\\/\\\/www.orthodontist-dubai.com\\\/wp-content\\\/uploads\\\/2015\\\/04\\\/Othorontist-Dentist-UAE-Logo.png\",\"contentUrl\":\"https:\\\/\\\/www.orthodontist-dubai.com\\\/wp-content\\\/uploads\\\/2015\\\/04\\\/Othorontist-Dentist-UAE-Logo.png\",\"width\":190,\"height\":70,\"caption\":\"Best Orthodontist & Dentist in Dubai UAE\"},\"image\":{\"@id\":\"https:\\\/\\\/www.orthodontist-dubai.com\\\/#\\\/schema\\\/logo\\\/image\\\/\"},\"sameAs\":[\"https:\\\/\\\/www.facebook.com\\\/Orthodontist.Dentist.Dubai\\\/\",\"https:\\\/\\\/www.linkedin.com\\\/in\\\/dr-nazeer-ahmed-meeran-15691083\\\/\"]}]}<\/script>\n<!-- \/ Yoast SEO plugin. -->","yoast_head_json":{"title":"HAMPAIDEN T\u00c4YTT\u00d6KUSTANNUKSET DUBAISSA | HAMPAIDEN T\u00c4YTT\u00d6 DUBAISSA","robots":{"index":"index","follow":"follow","max-snippet":"max-snippet:-1","max-image-preview":"max-image-preview:large","max-video-preview":"max-video-preview:-1"},"canonical":"https:\/\/www.orthodontist-dubai.com\/fi\/hampaiden-taytto\/","og_locale":"fi_FI","og_type":"article","og_title":"TOOTH FILLING COST IN DUBAI | TOOTH FILLING IN DUBAI","og_description":"A dental filling is done by your dentist to restore tooth damaged by decay to its normal function and shape. Tooth filling cost in Dubai starts at 400 AED per tooth. To explain the tooth filling procedure in a simpler way, the tooth material is removed and your dentist cleans the cavity and then fills [&hellip;]","og_url":"https:\/\/www.orthodontist-dubai.com\/fi\/hampaiden-taytto\/","og_site_name":"BEST Orthodontist &amp; Dentist in Dubai UAE for all Dental Treatments","article_publisher":"https:\/\/www.facebook.com\/Orthodontist.Dentist.Dubai\/","article_modified_time":"2024-10-19T09:02:34+00:00","og_image":[{"url":"https:\/\/www.orthodontist-dubai.com\/wp-content\/uploads\/2014\/12\/banner-best2.jpg","type":"","width":"","height":""}],"twitter_card":"summary_large_image","twitter_misc":{"Arvioitu lukuaika":"4 minuuttia"},"schema":{"@context":"https:\/\/schema.org","@graph":[{"@type":"WebPage","@id":"https:\/\/www.orthodontist-dubai.com\/dental-filling\/","url":"https:\/\/www.orthodontist-dubai.com\/dental-filling\/","name":"HAMPAIDEN T\u00c4YTT\u00d6KUSTANNUKSET DUBAISSA | HAMPAIDEN T\u00c4YTT\u00d6 DUBAISSA","isPartOf":{"@id":"https:\/\/www.orthodontist-dubai.com\/#website"},"primaryImageOfPage":{"@id":"https:\/\/www.orthodontist-dubai.com\/dental-filling\/#primaryimage"},"image":{"@id":"https:\/\/www.orthodontist-dubai.com\/dental-filling\/#primaryimage"},"thumbnailUrl":"https:\/\/www.orthodontist-dubai.com\/wp-content\/uploads\/2014\/12\/banner-best2.jpg","datePublished":"2015-04-15T06:53:45+00:00","dateModified":"2024-10-19T09:02:34+00:00","breadcrumb":{"@id":"https:\/\/www.orthodontist-dubai.com\/dental-filling\/#breadcrumb"},"inLanguage":"fi","potentialAction":[{"@type":"ReadAction","target":["https:\/\/www.orthodontist-dubai.com\/dental-filling\/"]}]},{"@type":"ImageObject","inLanguage":"fi","@id":"https:\/\/www.orthodontist-dubai.com\/dental-filling\/#primaryimage","url":"https:\/\/www.orthodontist-dubai.com\/wp-content\/uploads\/2014\/12\/banner-best2.jpg","contentUrl":"https:\/\/www.orthodontist-dubai.com\/wp-content\/uploads\/2014\/12\/banner-best2.jpg"},{"@type":"BreadcrumbList","@id":"https:\/\/www.orthodontist-dubai.com\/dental-filling\/#breadcrumb","itemListElement":[{"@type":"ListItem","position":1,"name":"\u2776 Home","item":"https:\/\/www.orthodontist-dubai.com\/"},{"@type":"ListItem","position":2,"name":"Tooth filling cost in Dubai &amp; Tooth filling procedure"}]},{"@type":"WebSite","@id":"https:\/\/www.orthodontist-dubai.com\/#website","url":"https:\/\/www.orthodontist-dubai.com\/","name":"PARAS oikomisl\u00e4\u00e4k\u00e4ri ja hammasl\u00e4\u00e4k\u00e4ri Dubaissa Yhdistyneet arabiemiirikunnat kaikkiin hammashoitoihin","description":"Halvat ja parhaat oikomisl\u00e4\u00e4k\u00e4rit ja hammasl\u00e4\u00e4k\u00e4rit kaikkiin hammashoitoihin Dubain Arabiemiirikunnissa","publisher":{"@id":"https:\/\/www.orthodontist-dubai.com\/#organization"},"potentialAction":[{"@type":"SearchAction","target":{"@type":"EntryPoint","urlTemplate":"https:\/\/www.orthodontist-dubai.com\/?s={search_term_string}"},"query-input":{"@type":"PropertyValueSpecification","valueRequired":true,"valueName":"search_term_string"}}],"inLanguage":"fi"},{"@type":"Organization","@id":"https:\/\/www.orthodontist-dubai.com\/#organization","name":"Paras oikomisl\u00e4\u00e4k\u00e4ri ja hammasl\u00e4\u00e4k\u00e4ri Dubaissa, Yhdistyneet arabiemiirikunnat","url":"https:\/\/www.orthodontist-dubai.com\/","logo":{"@type":"ImageObject","inLanguage":"fi","@id":"https:\/\/www.orthodontist-dubai.com\/#\/schema\/logo\/image\/","url":"https:\/\/www.orthodontist-dubai.com\/wp-content\/uploads\/2015\/04\/Othorontist-Dentist-UAE-Logo.png","contentUrl":"https:\/\/www.orthodontist-dubai.com\/wp-content\/uploads\/2015\/04\/Othorontist-Dentist-UAE-Logo.png","width":190,"height":70,"caption":"Best Orthodontist & Dentist in Dubai UAE"},"image":{"@id":"https:\/\/www.orthodontist-dubai.com\/#\/schema\/logo\/image\/"},"sameAs":["https:\/\/www.facebook.com\/Orthodontist.Dentist.Dubai\/","https:\/\/www.linkedin.com\/in\/dr-nazeer-ahmed-meeran-15691083\/"]}]}},"_links":{"self":[{"href":"https:\/\/www.orthodontist-dubai.com\/fi\/wp-json\/wp\/v2\/pages\/154","targetHints":{"allow":["GET"]}}],"collection":[{"href":"https:\/\/www.orthodontist-dubai.com\/fi\/wp-json\/wp\/v2\/pages"}],"about":[{"href":"https:\/\/www.orthodontist-dubai.com\/fi\/wp-json\/wp\/v2\/types\/page"}],"author":[{"embeddable":true,"href":"https:\/\/www.orthodontist-dubai.com\/fi\/wp-json\/wp\/v2\/users\/1"}],"replies":[{"embeddable":true,"href":"https:\/\/www.orthodontist-dubai.com\/fi\/wp-json\/wp\/v2\/comments?post=154"}],"version-history":[{"count":36,"href":"https:\/\/www.orthodontist-dubai.com\/fi\/wp-json\/wp\/v2\/pages\/154\/revisions"}],"predecessor-version":[{"id":2291,"href":"https:\/\/www.orthodontist-dubai.com\/fi\/wp-json\/wp\/v2\/pages\/154\/revisions\/2291"}],"wp:attachment":[{"href":"https:\/\/www.orthodontist-dubai.com\/fi\/wp-json\/wp\/v2\/media?parent=154"}],"curies":[{"name":"wp","href":"https:\/\/api.w.org\/{rel}","templated":true}]}}