{"id":150,"date":"2015-04-15T06:47:15","date_gmt":"2015-04-15T06:47:15","guid":{"rendered":"https:\/\/www.orthodontist-dubai.com\/?page_id=150"},"modified":"2023-02-24T09:01:17","modified_gmt":"2023-02-24T05:01:17","slug":"dental","status":"publish","type":"page","link":"https:\/\/www.orthodontist-dubai.com\/fi\/hammaslaakarin\/","title":{"rendered":"Hammasklinikka Trade Centerin alueella"},"content":{"rendered":"<p>Hyv\u00e4\u00e4 suuhygieniaa tarvitaan aina terveiden hampaiden ja ikenien yll\u00e4pit\u00e4miseksi. Dubain paras hammasklinikka, jossa on edistynyt tekniikka ja edulliset hammasl\u00e4\u00e4k\u00e4rit, auttavat sinua ratkaisemaan kaikki hammasongelmasi.<br \/>\n<div id=\"metaslider-id-1239\" style=\"max-width: 700px; margin: 0 auto;\" class=\"ml-slider-3-109-0 metaslider metaslider-responsive metaslider-1239 ml-slider ms-theme-default\" role=\"region\" aria-label=\"Hammasl\u00e4\u00e4k\u00e4risivun diaesitys\" data-height=\"400\" data-width=\"700\">\n    <div id=\"metaslider_container_1239\">\n        <ul id='metaslider_1239' class='rslides'>\n            <li aria-roledescription='slide' aria-labelledby='slide-0'><img decoding=\"async\" data-src=\"https:\/\/www.orthodontist-dubai.com\/wp-content\/uploads\/2014\/12\/banner-best2-wpp1653499826733-700x400.jpg\" height=\"400\" width=\"700\" alt=\"Bur Dubain hammasklinikka\" class=\"slider-1239 slide-1244 msDefaultImage lazyload\" title=\"Bur Dubain hammasklinikka\" src=\"data:image\/svg+xml;base64,PHN2ZyB3aWR0aD0iMSIgaGVpZ2h0PSIxIiB4bWxucz0iaHR0cDovL3d3dy53My5vcmcvMjAwMC9zdmciPjwvc3ZnPg==\" style=\"--smush-placeholder-width: 700px; --smush-placeholder-aspect-ratio: 700\/400;\" \/><\/li>\n            <li style='display: none;' aria-roledescription='slide' aria-labelledby='slide-1'><a href=\"https:\/\/www.orthodontist-dubai.com\/fi\/ota-meihin-yhteytta\/\" target=\"_self\"><img decoding=\"async\" data-src=\"https:\/\/www.orthodontist-dubai.com\/wp-content\/uploads\/2022\/05\/Dental-Clinic-in-Bur-dubai-700x400.jpg\" height=\"400\" width=\"700\" alt=\"Hammasklinikka Bur dubaissa\" class=\"slider-1239 slide-1242 msDefaultImage lazyload\" title=\"Hammasklinikka Bur dubaissa\" src=\"data:image\/svg+xml;base64,PHN2ZyB3aWR0aD0iMSIgaGVpZ2h0PSIxIiB4bWxucz0iaHR0cDovL3d3dy53My5vcmcvMjAwMC9zdmciPjwvc3ZnPg==\" style=\"--smush-placeholder-width: 700px; --smush-placeholder-aspect-ratio: 700\/400;\" \/><\/a><\/li>\n            <li style='display: none;' aria-roledescription='slide' aria-labelledby='slide-2'><a href=\"https:\/\/www.orthodontist-dubai.com\/fi\/ota-meihin-yhteytta\/\" target=\"_self\"><img decoding=\"async\" data-src=\"https:\/\/www.orthodontist-dubai.com\/wp-content\/uploads\/2022\/05\/Dental-Clinics-Bur-dubai-700x400.jpg\" height=\"400\" width=\"700\" alt=\"Hammasklinikat Bur dubai\" class=\"slider-1239 slide-1243 msDefaultImage lazyload\" title=\"Hammasklinikat Bur dubai\" src=\"data:image\/svg+xml;base64,PHN2ZyB3aWR0aD0iMSIgaGVpZ2h0PSIxIiB4bWxucz0iaHR0cDovL3d3dy53My5vcmcvMjAwMC9zdmciPjwvc3ZnPg==\" style=\"--smush-placeholder-width: 700px; --smush-placeholder-aspect-ratio: 700\/400;\" \/><\/a><\/li>\n        <\/ul>\n        \n    <\/div>\n<\/div>\n<!--<a href=\"https:\/\/www.orthodontist-dubai.com\/clinic-reviews\/\"><img decoding=\"async\" class=\"aligncenter wp-image-346 size-full lazyload\" data-src=\"https:\/\/www.orthodontist-dubai.com\/wp-content\/uploads\/2014\/12\/banner-best2.jpg\" alt=\"Top dental clinic of the month in Dubai UAE\" width=\"795\" height=\"459\" src=\"data:image\/svg+xml;base64,PHN2ZyB3aWR0aD0iMSIgaGVpZ2h0PSIxIiB4bWxucz0iaHR0cDovL3d3dy53My5vcmcvMjAwMC9zdmciPjwvc3ZnPg==\" style=\"--smush-placeholder-width: 795px; --smush-placeholder-aspect-ratio: 795\/459;\"><\/a>--><\/p>\n<p>Hammashoitoja on tarjolla monenlaisia, mm <strong>T\u00e4yteaineet, hammasr\u00f6ntgenkuvat, kruunut ja sillat, juurihoito, parodontaalitaudit, hammasproteesit ja hammasimplantit, hampaiden poisto ja poisto, hammastiivisteet<\/strong>.<\/p>\n<p><a href=\"https:\/\/www.orthodontist-dubai.com\/fi\/klinikan-arvostelut\/\"><img decoding=\"async\" class=\"alignnone wp-image-1247 size-full lazyload\" data-src=\"https:\/\/www.orthodontist-dubai.com\/wp-content\/uploads\/2022\/05\/Dentist-in-Bur-Dubai.jpg\" alt=\"Hammasl\u00e4\u00e4k\u00e4ri Bur Dubaissa\" width=\"1000\" height=\"667\" data-srcset=\"https:\/\/www.orthodontist-dubai.com\/wp-content\/uploads\/2022\/05\/Dentist-in-Bur-Dubai.jpg 1000w, https:\/\/www.orthodontist-dubai.com\/wp-content\/uploads\/2022\/05\/Dentist-in-Bur-Dubai-300x200.jpg 300w, https:\/\/www.orthodontist-dubai.com\/wp-content\/uploads\/2022\/05\/Dentist-in-Bur-Dubai-768x512.jpg 768w\" data-sizes=\"(max-width: 1000px) 100vw, 1000px\" src=\"data:image\/svg+xml;base64,PHN2ZyB3aWR0aD0iMSIgaGVpZ2h0PSIxIiB4bWxucz0iaHR0cDovL3d3dy53My5vcmcvMjAwMC9zdmciPjwvc3ZnPg==\" style=\"--smush-placeholder-width: 1000px; --smush-placeholder-aspect-ratio: 1000\/667;\" \/><!--<img decoding=\"async\" class=\"aligncenter size-large wp-image-300 lazyload\" data-src=\"https:\/\/www.orthodontist-dubai.com\/wp-content\/uploads\/2015\/04\/dental-treatments-1024x585.png\" alt=\"Dentist in Dubai UAE\" width=\"750\" height=\"428\" data-srcset=\"https:\/\/www.orthodontist-dubai.com\/wp-content\/uploads\/2015\/04\/dental-treatments-1024x585.png 1024w, https:\/\/www.orthodontist-dubai.com\/wp-content\/uploads\/2015\/04\/dental-treatments-300x171.png 300w, https:\/\/www.orthodontist-dubai.com\/wp-content\/uploads\/2015\/04\/dental-treatments.png 1050w\" data-sizes=\"(max-width: 750px) 100vw, 750px\" src=\"data:image\/svg+xml;base64,PHN2ZyB3aWR0aD0iMSIgaGVpZ2h0PSIxIiB4bWxucz0iaHR0cDovL3d3dy53My5vcmcvMjAwMC9zdmciPjwvc3ZnPg==\" style=\"--smush-placeholder-width: 750px; --smush-placeholder-aspect-ratio: 750\/428;\" \/><\/a>--><\/a><\/p>\n<p><a href=\"https:\/\/www.orthodontist-dubai.com\/fi\/klinikan-arvostelut\/\"><\/a><\/p>\n<p><a href=\"https:\/\/www.orthodontist-dubai.com\/fi\/klinikan-arvostelut\/\"><\/a><\/p>\n<p><a href=\"https:\/\/www.orthodontist-dubai.com\/fi\/klinikan-arvostelut\/\"><\/p>\n<h3>Klikkaa valikosta hammashoitoa saadaksesi lis\u00e4tietoja siit\u00e4 tai valitse alta:<\/h3>\n<p><\/a><a href=\"https:\/\/www.orthodontist-dubai.com\/fi\/klinikan-arvostelut\/\"><\/a><a href=\"https:\/\/www.orthodontist-dubai.com\/fi\/klinikan-arvostelut\/\"><\/a><\/p>\n<ul><a href=\"https:\/\/www.orthodontist-dubai.com\/fi\/klinikan-arvostelut\/\"><br \/>\n<\/a><\/p>\n<li><a href=\"https:\/\/www.orthodontist-dubai.com\/fi\/klinikan-arvostelut\/\"><\/a><a href=\"https:\/\/www.orthodontist-dubai.com\/fi\/hampaiden-taytto\/\">Hampaiden t\u00e4ytt\u00f6<\/a><\/li>\n<li><a href=\"https:\/\/www.orthodontist-dubai.com\/fi\/kruunuja-ja-siltoja\/\">Kruunut ja sillat<\/a><\/li>\n<li><a href=\"https:\/\/www.orthodontist-dubai.com\/fi\/juurihoito\/\">Juurikanavahoito - Dubain Arabiemiirikuntien paras hammasl\u00e4\u00e4k\u00e4ri<\/a><\/li>\n<li><a href=\"https:\/\/www.orthodontist-dubai.com\/fi\/parodontaalinen-sairaus\/\">Parodontaalinen sairaus<\/a><\/li>\n<li><a href=\"https:\/\/www.orthodontist-dubai.com\/fi\/hammasproteesit-hammasimplantit\/\">Hammasproteesit ja hammasimplantit<\/a><\/li>\n<li><a href=\"https:\/\/www.orthodontist-dubai.com\/fi\/tooth-removal-extraction\/\">Hampaiden poisto ja poisto<\/a><\/li>\n<li><a href=\"https:\/\/www.orthodontist-dubai.com\/fi\/hammastiivisteet\/\">Hammastiivisteet<\/a><\/li>\n<\/ul>\n<p><a href=\"https:\/\/www.orthodontist-dubai.com\/fi\/ota-meihin-yhteytta\/\">Ota meihin yhteytt\u00e4<\/a> mainitsemalla tapauksesi tiedot mink\u00e4 tahansa Dubain parhaan hammasklinikan tarjoaman hammashoidon hinnasta.<\/p>","protected":false},"excerpt":{"rendered":"<p>A good oral hygiene is always needed to maintain healthy teeth and gums. The best in class dental clinic in Dubai with advanced technology and affordable dentists will help you resolve all your dental problems. There are many types of dental treatments available such as Fillings, Dental X-Rays, Crowns and Bridges, Root Canal Treatment, Periodontal [&hellip;]<\/p>\n","protected":false},"author":1,"featured_media":0,"parent":0,"menu_order":0,"comment_status":"closed","ping_status":"closed","template":"","meta":{"site-sidebar-layout":"default","site-content-layout":"","ast-site-content-layout":"default","site-content-style":"default","site-sidebar-style":"default","ast-global-header-display":"","ast-banner-title-visibility":"","ast-main-header-display":"","ast-hfb-above-header-display":"","ast-hfb-below-header-display":"","ast-hfb-mobile-header-display":"","site-post-title":"","ast-breadcrumbs-content":"","ast-featured-img":"","footer-sml-layout":"","ast-disable-related-posts":"","theme-transparent-header-meta":"","adv-header-id-meta":"","stick-header-meta":"","header-above-stick-meta":"","header-main-stick-meta":"","header-below-stick-meta":"","astra-migrate-meta-layouts":"default","ast-page-background-enabled":"default","ast-page-background-meta":{"desktop":{"background-color":"var(--ast-global-color-4)","background-image":"","background-repeat":"repeat","background-position":"center center","background-size":"auto","background-attachment":"scroll","background-type":"","background-media":"","overlay-type":"","overlay-color":"","overlay-opacity":"","overlay-gradient":""},"tablet":{"background-color":"","background-image":"","background-repeat":"repeat","background-position":"center center","background-size":"auto","background-attachment":"scroll","background-type":"","background-media":"","overlay-type":"","overlay-color":"","overlay-opacity":"","overlay-gradient":""},"mobile":{"background-color":"","background-image":"","background-repeat":"repeat","background-position":"center center","background-size":"auto","background-attachment":"scroll","background-type":"","background-media":"","overlay-type":"","overlay-color":"","overlay-opacity":"","overlay-gradient":""}},"ast-content-background-meta":{"desktop":{"background-color":"var(--ast-global-color-5)","background-image":"","background-repeat":"repeat","background-position":"center center","background-size":"auto","background-attachment":"scroll","background-type":"","background-media":"","overlay-type":"","overlay-color":"","overlay-opacity":"","overlay-gradient":""},"tablet":{"background-color":"var(--ast-global-color-5)","background-image":"","background-repeat":"repeat","background-position":"center center","background-size":"auto","background-attachment":"scroll","background-type":"","background-media":"","overlay-type":"","overlay-color":"","overlay-opacity":"","overlay-gradient":""},"mobile":{"background-color":"var(--ast-global-color-5)","background-image":"","background-repeat":"repeat","background-position":"center center","background-size":"auto","background-attachment":"scroll","background-type":"","background-media":"","overlay-type":"","overlay-color":"","overlay-opacity":"","overlay-gradient":""}},"footnotes":""},"class_list":["post-150","page","type-page","status-publish","hentry"],"yoast_head":"<!-- This site is optimized with the Yoast SEO plugin v27.6 - https:\/\/yoast.com\/product\/yoast-seo-wordpress\/ -->\n<title>Dental Clinic in Trade Centre Area | Dentist in Bur Dubai<\/title>\n<meta name=\"robots\" content=\"index, follow, max-snippet:-1, max-image-preview:large, max-video-preview:-1\" \/>\n<link rel=\"canonical\" href=\"https:\/\/www.orthodontist-dubai.com\/fi\/hammaslaakarin\/\" \/>\n<meta property=\"og:locale\" content=\"fi_FI\" \/>\n<meta property=\"og:type\" content=\"article\" \/>\n<meta property=\"og:title\" content=\"Dental Clinic in Trade Centre Area | Dentist in Bur Dubai\" \/>\n<meta property=\"og:description\" content=\"A good oral hygiene is always needed to maintain healthy teeth and gums. The best in class dental clinic in Dubai with advanced technology and affordable dentists will help you resolve all your dental problems. There are many types of dental treatments available such as Fillings, Dental X-Rays, Crowns and Bridges, Root Canal Treatment, Periodontal [&hellip;]\" \/>\n<meta property=\"og:url\" content=\"https:\/\/www.orthodontist-dubai.com\/fi\/hammaslaakarin\/\" \/>\n<meta property=\"og:site_name\" content=\"BEST Orthodontist &amp; Dentist in Dubai UAE for all Dental Treatments\" \/>\n<meta property=\"article:publisher\" content=\"https:\/\/www.facebook.com\/Orthodontist.Dentist.Dubai\/\" \/>\n<meta property=\"article:modified_time\" content=\"2023-02-24T05:01:17+00:00\" \/>\n<meta property=\"og:image\" content=\"https:\/\/www.orthodontist-dubai.com\/wp-content\/uploads\/2014\/12\/banner-best2.jpg\" \/>\n<meta name=\"twitter:card\" content=\"summary_large_image\" \/>\n<meta name=\"twitter:label1\" content=\"Arvioitu lukuaika\" \/>\n\t<meta name=\"twitter:data1\" content=\"2 minuuttia\" \/>\n<script type=\"application\/ld+json\" class=\"yoast-schema-graph\">{\"@context\":\"https:\\\/\\\/schema.org\",\"@graph\":[{\"@type\":\"WebPage\",\"@id\":\"https:\\\/\\\/www.orthodontist-dubai.com\\\/dental\\\/\",\"url\":\"https:\\\/\\\/www.orthodontist-dubai.com\\\/dental\\\/\",\"name\":\"Dental Clinic in Trade Centre Area | Dentist in Bur Dubai\",\"isPartOf\":{\"@id\":\"https:\\\/\\\/www.orthodontist-dubai.com\\\/#website\"},\"primaryImageOfPage\":{\"@id\":\"https:\\\/\\\/www.orthodontist-dubai.com\\\/dental\\\/#primaryimage\"},\"image\":{\"@id\":\"https:\\\/\\\/www.orthodontist-dubai.com\\\/dental\\\/#primaryimage\"},\"thumbnailUrl\":\"https:\\\/\\\/www.orthodontist-dubai.com\\\/wp-content\\\/uploads\\\/2014\\\/12\\\/banner-best2.jpg\",\"datePublished\":\"2015-04-15T06:47:15+00:00\",\"dateModified\":\"2023-02-24T05:01:17+00:00\",\"breadcrumb\":{\"@id\":\"https:\\\/\\\/www.orthodontist-dubai.com\\\/dental\\\/#breadcrumb\"},\"inLanguage\":\"fi\",\"potentialAction\":[{\"@type\":\"ReadAction\",\"target\":[\"https:\\\/\\\/www.orthodontist-dubai.com\\\/dental\\\/\"]}]},{\"@type\":\"ImageObject\",\"inLanguage\":\"fi\",\"@id\":\"https:\\\/\\\/www.orthodontist-dubai.com\\\/dental\\\/#primaryimage\",\"url\":\"https:\\\/\\\/www.orthodontist-dubai.com\\\/wp-content\\\/uploads\\\/2014\\\/12\\\/banner-best2.jpg\",\"contentUrl\":\"https:\\\/\\\/www.orthodontist-dubai.com\\\/wp-content\\\/uploads\\\/2014\\\/12\\\/banner-best2.jpg\"},{\"@type\":\"BreadcrumbList\",\"@id\":\"https:\\\/\\\/www.orthodontist-dubai.com\\\/dental\\\/#breadcrumb\",\"itemListElement\":[{\"@type\":\"ListItem\",\"position\":1,\"name\":\"\u2776 Home\",\"item\":\"https:\\\/\\\/www.orthodontist-dubai.com\\\/\"},{\"@type\":\"ListItem\",\"position\":2,\"name\":\"Dental Clinic in Trade Centre Area\"}]},{\"@type\":\"WebSite\",\"@id\":\"https:\\\/\\\/www.orthodontist-dubai.com\\\/#website\",\"url\":\"https:\\\/\\\/www.orthodontist-dubai.com\\\/\",\"name\":\"BEST Orthodontist &amp; Dentist in Dubai UAE for all Dental Treatments\",\"description\":\"Cheap &amp; Best Orthodontist &amp; Dentists for all dental treatments in Dubai UAE\",\"publisher\":{\"@id\":\"https:\\\/\\\/www.orthodontist-dubai.com\\\/#organization\"},\"potentialAction\":[{\"@type\":\"SearchAction\",\"target\":{\"@type\":\"EntryPoint\",\"urlTemplate\":\"https:\\\/\\\/www.orthodontist-dubai.com\\\/?s={search_term_string}\"},\"query-input\":{\"@type\":\"PropertyValueSpecification\",\"valueRequired\":true,\"valueName\":\"search_term_string\"}}],\"inLanguage\":\"fi\"},{\"@type\":\"Organization\",\"@id\":\"https:\\\/\\\/www.orthodontist-dubai.com\\\/#organization\",\"name\":\"Best Orthodontist & Dentist in Dubai UAE\",\"url\":\"https:\\\/\\\/www.orthodontist-dubai.com\\\/\",\"logo\":{\"@type\":\"ImageObject\",\"inLanguage\":\"fi\",\"@id\":\"https:\\\/\\\/www.orthodontist-dubai.com\\\/#\\\/schema\\\/logo\\\/image\\\/\",\"url\":\"https:\\\/\\\/www.orthodontist-dubai.com\\\/wp-content\\\/uploads\\\/2015\\\/04\\\/Othorontist-Dentist-UAE-Logo.png\",\"contentUrl\":\"https:\\\/\\\/www.orthodontist-dubai.com\\\/wp-content\\\/uploads\\\/2015\\\/04\\\/Othorontist-Dentist-UAE-Logo.png\",\"width\":190,\"height\":70,\"caption\":\"Best Orthodontist & Dentist in Dubai UAE\"},\"image\":{\"@id\":\"https:\\\/\\\/www.orthodontist-dubai.com\\\/#\\\/schema\\\/logo\\\/image\\\/\"},\"sameAs\":[\"https:\\\/\\\/www.facebook.com\\\/Orthodontist.Dentist.Dubai\\\/\",\"https:\\\/\\\/www.linkedin.com\\\/in\\\/dr-nazeer-ahmed-meeran-15691083\\\/\"]}]}<\/script>\n<!-- \/ Yoast SEO plugin. -->","yoast_head_json":{"title":"Hammasklinikka Trade Centerin alueella | Hammasl\u00e4\u00e4k\u00e4ri Bur Dubaissa","robots":{"index":"index","follow":"follow","max-snippet":"max-snippet:-1","max-image-preview":"max-image-preview:large","max-video-preview":"max-video-preview:-1"},"canonical":"https:\/\/www.orthodontist-dubai.com\/fi\/hammaslaakarin\/","og_locale":"fi_FI","og_type":"article","og_title":"Dental Clinic in Trade Centre Area | Dentist in Bur Dubai","og_description":"A good oral hygiene is always needed to maintain healthy teeth and gums. The best in class dental clinic in Dubai with advanced technology and affordable dentists will help you resolve all your dental problems. There are many types of dental treatments available such as Fillings, Dental X-Rays, Crowns and Bridges, Root Canal Treatment, Periodontal [&hellip;]","og_url":"https:\/\/www.orthodontist-dubai.com\/fi\/hammaslaakarin\/","og_site_name":"BEST Orthodontist &amp; Dentist in Dubai UAE for all Dental Treatments","article_publisher":"https:\/\/www.facebook.com\/Orthodontist.Dentist.Dubai\/","article_modified_time":"2023-02-24T05:01:17+00:00","og_image":[{"url":"https:\/\/www.orthodontist-dubai.com\/wp-content\/uploads\/2014\/12\/banner-best2.jpg","type":"","width":"","height":""}],"twitter_card":"summary_large_image","twitter_misc":{"Arvioitu lukuaika":"2 minuuttia"},"schema":{"@context":"https:\/\/schema.org","@graph":[{"@type":"WebPage","@id":"https:\/\/www.orthodontist-dubai.com\/dental\/","url":"https:\/\/www.orthodontist-dubai.com\/dental\/","name":"Hammasklinikka Trade Centerin alueella | Hammasl\u00e4\u00e4k\u00e4ri Bur Dubaissa","isPartOf":{"@id":"https:\/\/www.orthodontist-dubai.com\/#website"},"primaryImageOfPage":{"@id":"https:\/\/www.orthodontist-dubai.com\/dental\/#primaryimage"},"image":{"@id":"https:\/\/www.orthodontist-dubai.com\/dental\/#primaryimage"},"thumbnailUrl":"https:\/\/www.orthodontist-dubai.com\/wp-content\/uploads\/2014\/12\/banner-best2.jpg","datePublished":"2015-04-15T06:47:15+00:00","dateModified":"2023-02-24T05:01:17+00:00","breadcrumb":{"@id":"https:\/\/www.orthodontist-dubai.com\/dental\/#breadcrumb"},"inLanguage":"fi","potentialAction":[{"@type":"ReadAction","target":["https:\/\/www.orthodontist-dubai.com\/dental\/"]}]},{"@type":"ImageObject","inLanguage":"fi","@id":"https:\/\/www.orthodontist-dubai.com\/dental\/#primaryimage","url":"https:\/\/www.orthodontist-dubai.com\/wp-content\/uploads\/2014\/12\/banner-best2.jpg","contentUrl":"https:\/\/www.orthodontist-dubai.com\/wp-content\/uploads\/2014\/12\/banner-best2.jpg"},{"@type":"BreadcrumbList","@id":"https:\/\/www.orthodontist-dubai.com\/dental\/#breadcrumb","itemListElement":[{"@type":"ListItem","position":1,"name":"\u2776 Home","item":"https:\/\/www.orthodontist-dubai.com\/"},{"@type":"ListItem","position":2,"name":"Dental Clinic in Trade Centre Area"}]},{"@type":"WebSite","@id":"https:\/\/www.orthodontist-dubai.com\/#website","url":"https:\/\/www.orthodontist-dubai.com\/","name":"PARAS oikomisl\u00e4\u00e4k\u00e4ri ja hammasl\u00e4\u00e4k\u00e4ri Dubaissa Yhdistyneet arabiemiirikunnat kaikkiin hammashoitoihin","description":"Halvat ja parhaat oikomisl\u00e4\u00e4k\u00e4rit ja hammasl\u00e4\u00e4k\u00e4rit kaikkiin hammashoitoihin Dubain Arabiemiirikunnissa","publisher":{"@id":"https:\/\/www.orthodontist-dubai.com\/#organization"},"potentialAction":[{"@type":"SearchAction","target":{"@type":"EntryPoint","urlTemplate":"https:\/\/www.orthodontist-dubai.com\/?s={search_term_string}"},"query-input":{"@type":"PropertyValueSpecification","valueRequired":true,"valueName":"search_term_string"}}],"inLanguage":"fi"},{"@type":"Organization","@id":"https:\/\/www.orthodontist-dubai.com\/#organization","name":"Paras oikomisl\u00e4\u00e4k\u00e4ri ja hammasl\u00e4\u00e4k\u00e4ri Dubaissa, Yhdistyneet arabiemiirikunnat","url":"https:\/\/www.orthodontist-dubai.com\/","logo":{"@type":"ImageObject","inLanguage":"fi","@id":"https:\/\/www.orthodontist-dubai.com\/#\/schema\/logo\/image\/","url":"https:\/\/www.orthodontist-dubai.com\/wp-content\/uploads\/2015\/04\/Othorontist-Dentist-UAE-Logo.png","contentUrl":"https:\/\/www.orthodontist-dubai.com\/wp-content\/uploads\/2015\/04\/Othorontist-Dentist-UAE-Logo.png","width":190,"height":70,"caption":"Best Orthodontist & Dentist in Dubai UAE"},"image":{"@id":"https:\/\/www.orthodontist-dubai.com\/#\/schema\/logo\/image\/"},"sameAs":["https:\/\/www.facebook.com\/Orthodontist.Dentist.Dubai\/","https:\/\/www.linkedin.com\/in\/dr-nazeer-ahmed-meeran-15691083\/"]}]}},"_links":{"self":[{"href":"https:\/\/www.orthodontist-dubai.com\/fi\/wp-json\/wp\/v2\/pages\/150","targetHints":{"allow":["GET"]}}],"collection":[{"href":"https:\/\/www.orthodontist-dubai.com\/fi\/wp-json\/wp\/v2\/pages"}],"about":[{"href":"https:\/\/www.orthodontist-dubai.com\/fi\/wp-json\/wp\/v2\/types\/page"}],"author":[{"embeddable":true,"href":"https:\/\/www.orthodontist-dubai.com\/fi\/wp-json\/wp\/v2\/users\/1"}],"replies":[{"embeddable":true,"href":"https:\/\/www.orthodontist-dubai.com\/fi\/wp-json\/wp\/v2\/comments?post=150"}],"version-history":[{"count":4,"href":"https:\/\/www.orthodontist-dubai.com\/fi\/wp-json\/wp\/v2\/pages\/150\/revisions"}],"predecessor-version":[{"id":1709,"href":"https:\/\/www.orthodontist-dubai.com\/fi\/wp-json\/wp\/v2\/pages\/150\/revisions\/1709"}],"wp:attachment":[{"href":"https:\/\/www.orthodontist-dubai.com\/fi\/wp-json\/wp\/v2\/media?parent=150"}],"curies":[{"name":"wp","href":"https:\/\/api.w.org\/{rel}","templated":true}]}}