{"id":65,"date":"2014-12-28T20:34:18","date_gmt":"2014-12-28T20:34:18","guid":{"rendered":"https:\/\/www.orthodontist-dubai.com\/?page_id=65"},"modified":"2023-01-12T08:09:00","modified_gmt":"2023-01-12T04:09:00","slug":"clinic-reviews","status":"publish","type":"page","link":"https:\/\/www.orthodontist-dubai.com\/es\/clinic-revisiones\/","title":{"rendered":"Revisiones de la cl\u00ednica"},"content":{"rendered":"<h1 style=\"text-align: center;\"><strong>ORTODONCISTAS Y DENTISTAS MEJOR CALIFICADOS EN DUB\u00c1I <\/strong><\/h1>\n<h6 style=\"text-align: center;\"><span style=\"color: #ff0000;\"><em>NOTA: Los enlaces de referencia de todas las revisiones y calificaciones verificadas de sitios web externos y comentarios se recopilan, investigan y proporcionan. Estas revisiones no representan nuestros puntos de vista u opiniones personales.<\/em><\/span><\/h6>\n<p><a href=\"https:\/\/www.orthodontist-dubai.com\/es\/opiniones-valoraciones-clinica-dental-noa\/\" target=\"_blank\" rel=\"noopener\"><img decoding=\"async\" class=\"aligncenter wp-image-320 size-full lazyload\" data-src=\"https:\/\/www.orthodontist-dubai.com\/wp-content\/uploads\/2014\/12\/top-rated-Orthodontist-Dentist-in-dubai-uae.jpg\" alt=\"top invisalign en dubai\" width=\"797\" height=\"342\" src=\"data:image\/svg+xml;base64,PHN2ZyB3aWR0aD0iMSIgaGVpZ2h0PSIxIiB4bWxucz0iaHR0cDovL3d3dy53My5vcmcvMjAwMC9zdmciPjwvc3ZnPg==\" style=\"--smush-placeholder-width: 797px; --smush-placeholder-aspect-ratio: 797\/342;\"><\/a><\/p>\n<hr>\n<p><!--\n<a href=\"https:\/\/www.orthodontist-dubai.com\/reviews-ratings-dr-nazeer-ahmed-meeran\/\" target=\"_blank\" rel=\"noopener\"><img decoding=\"async\" class=\"aligncenter wp-image-320 size-full lazyload\" data-src=\"https:\/\/www.orthodontist-dubai.com\/wp-content\/uploads\/2014\/12\/top-rated-Orthodontist-Dentist-in-Dubai5555-1.png\" alt=\"\" width=\"797\" height=\"342\" src=\"data:image\/svg+xml;base64,PHN2ZyB3aWR0aD0iMSIgaGVpZ2h0PSIxIiB4bWxucz0iaHR0cDovL3d3dy53My5vcmcvMjAwMC9zdmciPjwvc3ZnPg==\" style=\"--smush-placeholder-width: 797px; --smush-placeholder-aspect-ratio: 797\/342;\"><\/a>--><\/p>\n<hr>\n<p><a href=\"https:\/\/www.orthodontist-dubai.com\/es\/resenas-calificaciones-dr-michaels-dental-clinic-jumeirah\/\" target=\"_blank\" rel=\"noopener\"><img decoding=\"async\" class=\"aligncenter wp-image-321 size-full lazyload\" data-src=\"https:\/\/www.orthodontist-dubai.com\/wp-content\/uploads\/2014\/12\/top-rated-Orthodontist-Dentist-in-Dubai21.png\" alt=\"\" width=\"797\" height=\"342\" data-srcset=\"https:\/\/www.orthodontist-dubai.com\/wp-content\/uploads\/2014\/12\/top-rated-Orthodontist-Dentist-in-Dubai21.png 797w, https:\/\/www.orthodontist-dubai.com\/wp-content\/uploads\/2014\/12\/top-rated-Orthodontist-Dentist-in-Dubai21-300x129.png 300w\" data-sizes=\"(max-width: 797px) 100vw, 797px\" src=\"data:image\/svg+xml;base64,PHN2ZyB3aWR0aD0iMSIgaGVpZ2h0PSIxIiB4bWxucz0iaHR0cDovL3d3dy53My5vcmcvMjAwMC9zdmciPjwvc3ZnPg==\" style=\"--smush-placeholder-width: 797px; --smush-placeholder-aspect-ratio: 797\/342;\" \/><\/a><\/p>\n<hr>\n<p><a href=\"https:\/\/www.orthodontist-dubai.com\/es\/opiniones-valoraciones-dubai-sky-clinic\/\" target=\"_blank\" rel=\"noopener\"><img decoding=\"async\" class=\"aligncenter wp-image-323 size-full lazyload\" data-src=\"https:\/\/www.orthodontist-dubai.com\/wp-content\/uploads\/2014\/12\/top-rated-Orthodontist-Dentist-in-Dubai311.png\" alt=\"\" width=\"797\" height=\"342\" data-srcset=\"https:\/\/www.orthodontist-dubai.com\/wp-content\/uploads\/2014\/12\/top-rated-Orthodontist-Dentist-in-Dubai311.png 797w, https:\/\/www.orthodontist-dubai.com\/wp-content\/uploads\/2014\/12\/top-rated-Orthodontist-Dentist-in-Dubai311-300x129.png 300w\" data-sizes=\"(max-width: 797px) 100vw, 797px\" src=\"data:image\/svg+xml;base64,PHN2ZyB3aWR0aD0iMSIgaGVpZ2h0PSIxIiB4bWxucz0iaHR0cDovL3d3dy53My5vcmcvMjAwMC9zdmciPjwvc3ZnPg==\" style=\"--smush-placeholder-width: 797px; --smush-placeholder-aspect-ratio: 797\/342;\" \/><\/a><\/p>\n<hr>\n<p><!--<a href=\"https:\/\/www.orthodontist-dubai.com\/reviews-ratings-dr-joy-dental-clinic-jumeirah\/\" target=\"_blank\" rel=\"noopener\"><img decoding=\"async\" class=\"aligncenter wp-image-322 size-full lazyload\" data-src=\"https:\/\/www.orthodontist-dubai.com\/wp-content\/uploads\/2014\/12\/review-2.png\" alt=\"\" width=\"797\" height=\"342\" data-srcset=\"https:\/\/www.orthodontist-dubai.com\/wp-content\/uploads\/2014\/12\/review-2.png 797w, https:\/\/www.orthodontist-dubai.com\/wp-content\/uploads\/2014\/12\/review-2-300x129.png 300w\" data-sizes=\"(max-width: 797px) 100vw, 797px\" src=\"data:image\/svg+xml;base64,PHN2ZyB3aWR0aD0iMSIgaGVpZ2h0PSIxIiB4bWxucz0iaHR0cDovL3d3dy53My5vcmcvMjAwMC9zdmciPjwvc3ZnPg==\" style=\"--smush-placeholder-width: 797px; --smush-placeholder-aspect-ratio: 797\/342;\" \/><\/a>\n\n\n\n<hr \/>\n\n\n\n--><\/p>\n<p><img decoding=\"async\" class=\"aligncenter wp-image-66 size-medium lazyload\" data-src=\"https:\/\/www.orthodontist-dubai.com\/wp-content\/uploads\/2014\/12\/Dubai-Clinic-Reviews-300x172.jpg\" alt=\"Evaluaciones de cl\u00ednicas en Dubai, Emiratos \u00c1rabes Unidos\" width=\"300\" height=\"172\" data-srcset=\"https:\/\/www.orthodontist-dubai.com\/wp-content\/uploads\/2014\/12\/Dubai-Clinic-Reviews-300x172.jpg 300w, https:\/\/www.orthodontist-dubai.com\/wp-content\/uploads\/2014\/12\/Dubai-Clinic-Reviews.jpg 554w\" data-sizes=\"(max-width: 300px) 100vw, 300px\" src=\"data:image\/svg+xml;base64,PHN2ZyB3aWR0aD0iMSIgaGVpZ2h0PSIxIiB4bWxucz0iaHR0cDovL3d3dy53My5vcmcvMjAwMC9zdmciPjwvc3ZnPg==\" style=\"--smush-placeholder-width: 300px; --smush-placeholder-aspect-ratio: 300\/172;\" \/><\/p>\n<p><strong>\u00bfTuviste una buena o mala experiencia con tu Ortodoncista o Dentista? \u00bfY quieres compartirlo con el mundo? <\/strong><\/p>\n<p><strong>Env\u00edenos un correo electr\u00f3nico a <span style=\"color: #ff0000;\"><strong>Support@Orthodontist-Dubai.com <\/strong><\/span>o Contacta usando el <a title=\"Cont\u00e1ctenos\" href=\"https:\/\/www.orthodontist-dubai.com\/es\/contactenos\/\" target=\"_blank\" rel=\"noopener\">Formulario de contacto<\/a>. <\/strong><\/p>\n<p><strong>Nuestro equipo lo revisar\u00e1 y publicar\u00e1 lo antes posible. Las cl\u00ednicas dentales que realizan promociones pueden <a title=\"Cont\u00e1ctenos\" href=\"https:\/\/www.orthodontist-dubai.com\/es\/contactenos\/\" target=\"_blank\" rel=\"noopener\">Cont\u00e1ctenos <\/a>para compartir la informaci\u00f3n con nuestros lectores.<\/strong><\/p>\n<hr>\n<p>&nbsp;<\/p>\n<p><img decoding=\"async\" class=\"aligncenter size-full wp-image-89 lazyload\" data-src=\"https:\/\/www.orthodontist-dubai.com\/wp-content\/uploads\/2014\/12\/notes1.png\" alt=\"notas\" width=\"650\" height=\"66\" data-srcset=\"https:\/\/www.orthodontist-dubai.com\/wp-content\/uploads\/2014\/12\/notes1.png 650w, https:\/\/www.orthodontist-dubai.com\/wp-content\/uploads\/2014\/12\/notes1-300x30.png 300w\" data-sizes=\"(max-width: 650px) 100vw, 650px\" src=\"data:image\/svg+xml;base64,PHN2ZyB3aWR0aD0iMSIgaGVpZ2h0PSIxIiB4bWxucz0iaHR0cDovL3d3dy53My5vcmcvMjAwMC9zdmciPjwvc3ZnPg==\" style=\"--smush-placeholder-width: 650px; --smush-placeholder-aspect-ratio: 650\/66;\" \/><\/p>\n<p><span style=\"border-radius: 2px; text-indent: 20px; width: auto; padding: 0px 4px 0px 0px; text-align: center; font: bold 11px\/20px 'Helvetica Neue',Helvetica,sans-serif; color: #ffffff; background: #bd081c no-repeat scroll 3px 50% \/ 14px 14px; position: absolute; opacity: 1; z-index: 8675309; display: none; cursor: pointer; top: 220px; left: 20px;\">Ahorrar<\/span><\/p>\n<p><span style=\"border-radius: 2px; text-indent: 20px; width: auto; padding: 0px 4px 0px 0px; text-align: center; font: bold 11px\/20px 'Helvetica Neue',Helvetica,sans-serif; color: #ffffff; background: #bd081c no-repeat scroll 3px 50% \/ 14px 14px; position: absolute; opacity: 1; z-index: 8675309; display: none; cursor: pointer; top: 220px; left: 20px;\">Ahorrar<\/span><\/p>","protected":false},"excerpt":{"rendered":"<p>TOP RATED ORTHODONTISTS &amp; DENTISTS IN DUBAI NOTE : Reference links of all verified reviews and ratings from outside websites &amp; feedbacks are collected, researched &amp; provided. These reviews do not depict our personal views or opinion. Had a good or bad experience with your Orthodontist or Dentist? And want to share it with the [&hellip;]<\/p>\n","protected":false},"author":1,"featured_media":0,"parent":0,"menu_order":0,"comment_status":"closed","ping_status":"closed","template":"","meta":{"site-sidebar-layout":"default","site-content-layout":"","ast-site-content-layout":"default","site-content-style":"default","site-sidebar-style":"default","ast-global-header-display":"","ast-banner-title-visibility":"","ast-main-header-display":"","ast-hfb-above-header-display":"","ast-hfb-below-header-display":"","ast-hfb-mobile-header-display":"","site-post-title":"","ast-breadcrumbs-content":"","ast-featured-img":"","footer-sml-layout":"","ast-disable-related-posts":"","theme-transparent-header-meta":"","adv-header-id-meta":"","stick-header-meta":"","header-above-stick-meta":"","header-main-stick-meta":"","header-below-stick-meta":"","astra-migrate-meta-layouts":"default","ast-page-background-enabled":"default","ast-page-background-meta":{"desktop":{"background-color":"var(--ast-global-color-4)","background-image":"","background-repeat":"repeat","background-position":"center center","background-size":"auto","background-attachment":"scroll","background-type":"","background-media":"","overlay-type":"","overlay-color":"","overlay-opacity":"","overlay-gradient":""},"tablet":{"background-color":"","background-image":"","background-repeat":"repeat","background-position":"center center","background-size":"auto","background-attachment":"scroll","background-type":"","background-media":"","overlay-type":"","overlay-color":"","overlay-opacity":"","overlay-gradient":""},"mobile":{"background-color":"","background-image":"","background-repeat":"repeat","background-position":"center center","background-size":"auto","background-attachment":"scroll","background-type":"","background-media":"","overlay-type":"","overlay-color":"","overlay-opacity":"","overlay-gradient":""}},"ast-content-background-meta":{"desktop":{"background-color":"var(--ast-global-color-5)","background-image":"","background-repeat":"repeat","background-position":"center center","background-size":"auto","background-attachment":"scroll","background-type":"","background-media":"","overlay-type":"","overlay-color":"","overlay-opacity":"","overlay-gradient":""},"tablet":{"background-color":"var(--ast-global-color-5)","background-image":"","background-repeat":"repeat","background-position":"center center","background-size":"auto","background-attachment":"scroll","background-type":"","background-media":"","overlay-type":"","overlay-color":"","overlay-opacity":"","overlay-gradient":""},"mobile":{"background-color":"var(--ast-global-color-5)","background-image":"","background-repeat":"repeat","background-position":"center center","background-size":"auto","background-attachment":"scroll","background-type":"","background-media":"","overlay-type":"","overlay-color":"","overlay-opacity":"","overlay-gradient":""}},"footnotes":""},"class_list":["post-65","page","type-page","status-publish","hentry"],"yoast_head":"<!-- This site is optimized with the Yoast SEO plugin v27.4 - https:\/\/yoast.com\/product\/yoast-seo-wordpress\/ -->\n<title>CLINIC REVIEWS IN DUBAI | BEST DENTIST AND ORTHODONTIST<\/title>\n<meta name=\"robots\" content=\"index, follow, max-snippet:-1, max-image-preview:large, max-video-preview:-1\" \/>\n<link rel=\"canonical\" href=\"https:\/\/www.orthodontist-dubai.com\/es\/clinic-revisiones\/\" \/>\n<meta property=\"og:locale\" content=\"es_ES\" \/>\n<meta property=\"og:type\" content=\"article\" \/>\n<meta property=\"og:title\" content=\"CLINIC REVIEWS IN DUBAI | BEST DENTIST AND ORTHODONTIST\" \/>\n<meta property=\"og:description\" content=\"TOP RATED ORTHODONTISTS &amp; DENTISTS IN DUBAI NOTE : Reference links of all verified reviews and ratings from outside websites &amp; feedbacks are collected, researched &amp; provided. These reviews do not depict our personal views or opinion. Had a good or bad experience with your Orthodontist or Dentist? And want to share it with the [&hellip;]\" \/>\n<meta property=\"og:url\" content=\"https:\/\/www.orthodontist-dubai.com\/es\/clinic-revisiones\/\" \/>\n<meta property=\"og:site_name\" content=\"BEST Orthodontist &amp; Dentist in Dubai UAE for all Dental Treatments\" \/>\n<meta property=\"article:publisher\" content=\"https:\/\/www.facebook.com\/Orthodontist.Dentist.Dubai\/\" \/>\n<meta property=\"article:modified_time\" content=\"2023-01-12T04:09:00+00:00\" \/>\n<meta property=\"og:image\" content=\"https:\/\/www.orthodontist-dubai.com\/wp-content\/uploads\/2014\/12\/top-rated-Orthodontist-Dentist-in-dubai-uae.jpg\" \/>\n<meta name=\"twitter:card\" content=\"summary_large_image\" \/>\n<meta name=\"twitter:label1\" content=\"Tiempo de lectura\" \/>\n\t<meta name=\"twitter:data1\" content=\"2 minutos\" \/>\n<script type=\"application\/ld+json\" class=\"yoast-schema-graph\">{\"@context\":\"https:\\\/\\\/schema.org\",\"@graph\":[{\"@type\":\"WebPage\",\"@id\":\"https:\\\/\\\/www.orthodontist-dubai.com\\\/clinic-reviews\\\/\",\"url\":\"https:\\\/\\\/www.orthodontist-dubai.com\\\/clinic-reviews\\\/\",\"name\":\"CLINIC REVIEWS IN DUBAI | BEST DENTIST AND ORTHODONTIST\",\"isPartOf\":{\"@id\":\"https:\\\/\\\/www.orthodontist-dubai.com\\\/#website\"},\"primaryImageOfPage\":{\"@id\":\"https:\\\/\\\/www.orthodontist-dubai.com\\\/clinic-reviews\\\/#primaryimage\"},\"image\":{\"@id\":\"https:\\\/\\\/www.orthodontist-dubai.com\\\/clinic-reviews\\\/#primaryimage\"},\"thumbnailUrl\":\"https:\\\/\\\/www.orthodontist-dubai.com\\\/wp-content\\\/uploads\\\/2014\\\/12\\\/top-rated-Orthodontist-Dentist-in-dubai-uae.jpg\",\"datePublished\":\"2014-12-28T20:34:18+00:00\",\"dateModified\":\"2023-01-12T04:09:00+00:00\",\"breadcrumb\":{\"@id\":\"https:\\\/\\\/www.orthodontist-dubai.com\\\/clinic-reviews\\\/#breadcrumb\"},\"inLanguage\":\"es\",\"potentialAction\":[{\"@type\":\"ReadAction\",\"target\":[\"https:\\\/\\\/www.orthodontist-dubai.com\\\/clinic-reviews\\\/\"]}]},{\"@type\":\"ImageObject\",\"inLanguage\":\"es\",\"@id\":\"https:\\\/\\\/www.orthodontist-dubai.com\\\/clinic-reviews\\\/#primaryimage\",\"url\":\"https:\\\/\\\/www.orthodontist-dubai.com\\\/wp-content\\\/uploads\\\/2014\\\/12\\\/top-rated-Orthodontist-Dentist-in-dubai-uae.jpg\",\"contentUrl\":\"https:\\\/\\\/www.orthodontist-dubai.com\\\/wp-content\\\/uploads\\\/2014\\\/12\\\/top-rated-Orthodontist-Dentist-in-dubai-uae.jpg\"},{\"@type\":\"BreadcrumbList\",\"@id\":\"https:\\\/\\\/www.orthodontist-dubai.com\\\/clinic-reviews\\\/#breadcrumb\",\"itemListElement\":[{\"@type\":\"ListItem\",\"position\":1,\"name\":\"\u2776 Home\",\"item\":\"https:\\\/\\\/www.orthodontist-dubai.com\\\/\"},{\"@type\":\"ListItem\",\"position\":2,\"name\":\"Clinic Reviews\"}]},{\"@type\":\"WebSite\",\"@id\":\"https:\\\/\\\/www.orthodontist-dubai.com\\\/#website\",\"url\":\"https:\\\/\\\/www.orthodontist-dubai.com\\\/\",\"name\":\"BEST Orthodontist &amp; Dentist in Dubai UAE for all Dental Treatments\",\"description\":\"Cheap &amp; Best Orthodontist &amp; Dentists for all dental treatments in Dubai UAE\",\"publisher\":{\"@id\":\"https:\\\/\\\/www.orthodontist-dubai.com\\\/#organization\"},\"potentialAction\":[{\"@type\":\"SearchAction\",\"target\":{\"@type\":\"EntryPoint\",\"urlTemplate\":\"https:\\\/\\\/www.orthodontist-dubai.com\\\/?s={search_term_string}\"},\"query-input\":{\"@type\":\"PropertyValueSpecification\",\"valueRequired\":true,\"valueName\":\"search_term_string\"}}],\"inLanguage\":\"es\"},{\"@type\":\"Organization\",\"@id\":\"https:\\\/\\\/www.orthodontist-dubai.com\\\/#organization\",\"name\":\"Best Orthodontist & Dentist in Dubai UAE\",\"url\":\"https:\\\/\\\/www.orthodontist-dubai.com\\\/\",\"logo\":{\"@type\":\"ImageObject\",\"inLanguage\":\"es\",\"@id\":\"https:\\\/\\\/www.orthodontist-dubai.com\\\/#\\\/schema\\\/logo\\\/image\\\/\",\"url\":\"https:\\\/\\\/www.orthodontist-dubai.com\\\/wp-content\\\/uploads\\\/2015\\\/04\\\/Othorontist-Dentist-UAE-Logo.png\",\"contentUrl\":\"https:\\\/\\\/www.orthodontist-dubai.com\\\/wp-content\\\/uploads\\\/2015\\\/04\\\/Othorontist-Dentist-UAE-Logo.png\",\"width\":190,\"height\":70,\"caption\":\"Best Orthodontist & Dentist in Dubai UAE\"},\"image\":{\"@id\":\"https:\\\/\\\/www.orthodontist-dubai.com\\\/#\\\/schema\\\/logo\\\/image\\\/\"},\"sameAs\":[\"https:\\\/\\\/www.facebook.com\\\/Orthodontist.Dentist.Dubai\\\/\",\"https:\\\/\\\/www.linkedin.com\\\/in\\\/dr-nazeer-ahmed-meeran-15691083\\\/\"]}]}<\/script>\n<!-- \/ Yoast SEO plugin. -->","yoast_head_json":{"title":"RESE\u00d1AS DE CL\u00cdNICAS EN DUBAI | MEJOR DENTISTA Y ORTODONCISTA","robots":{"index":"index","follow":"follow","max-snippet":"max-snippet:-1","max-image-preview":"max-image-preview:large","max-video-preview":"max-video-preview:-1"},"canonical":"https:\/\/www.orthodontist-dubai.com\/es\/clinic-revisiones\/","og_locale":"es_ES","og_type":"article","og_title":"CLINIC REVIEWS IN DUBAI | BEST DENTIST AND ORTHODONTIST","og_description":"TOP RATED ORTHODONTISTS &amp; DENTISTS IN DUBAI NOTE : Reference links of all verified reviews and ratings from outside websites &amp; feedbacks are collected, researched &amp; provided. These reviews do not depict our personal views or opinion. Had a good or bad experience with your Orthodontist or Dentist? And want to share it with the [&hellip;]","og_url":"https:\/\/www.orthodontist-dubai.com\/es\/clinic-revisiones\/","og_site_name":"BEST Orthodontist &amp; Dentist in Dubai UAE for all Dental Treatments","article_publisher":"https:\/\/www.facebook.com\/Orthodontist.Dentist.Dubai\/","article_modified_time":"2023-01-12T04:09:00+00:00","og_image":[{"url":"https:\/\/www.orthodontist-dubai.com\/wp-content\/uploads\/2014\/12\/top-rated-Orthodontist-Dentist-in-dubai-uae.jpg","type":"","width":"","height":""}],"twitter_card":"summary_large_image","twitter_misc":{"Tiempo de lectura":"2 minutos"},"schema":{"@context":"https:\/\/schema.org","@graph":[{"@type":"WebPage","@id":"https:\/\/www.orthodontist-dubai.com\/clinic-reviews\/","url":"https:\/\/www.orthodontist-dubai.com\/clinic-reviews\/","name":"RESE\u00d1AS DE CL\u00cdNICAS EN DUBAI | MEJOR DENTISTA Y ORTODONCISTA","isPartOf":{"@id":"https:\/\/www.orthodontist-dubai.com\/#website"},"primaryImageOfPage":{"@id":"https:\/\/www.orthodontist-dubai.com\/clinic-reviews\/#primaryimage"},"image":{"@id":"https:\/\/www.orthodontist-dubai.com\/clinic-reviews\/#primaryimage"},"thumbnailUrl":"https:\/\/www.orthodontist-dubai.com\/wp-content\/uploads\/2014\/12\/top-rated-Orthodontist-Dentist-in-dubai-uae.jpg","datePublished":"2014-12-28T20:34:18+00:00","dateModified":"2023-01-12T04:09:00+00:00","breadcrumb":{"@id":"https:\/\/www.orthodontist-dubai.com\/clinic-reviews\/#breadcrumb"},"inLanguage":"es","potentialAction":[{"@type":"ReadAction","target":["https:\/\/www.orthodontist-dubai.com\/clinic-reviews\/"]}]},{"@type":"ImageObject","inLanguage":"es","@id":"https:\/\/www.orthodontist-dubai.com\/clinic-reviews\/#primaryimage","url":"https:\/\/www.orthodontist-dubai.com\/wp-content\/uploads\/2014\/12\/top-rated-Orthodontist-Dentist-in-dubai-uae.jpg","contentUrl":"https:\/\/www.orthodontist-dubai.com\/wp-content\/uploads\/2014\/12\/top-rated-Orthodontist-Dentist-in-dubai-uae.jpg"},{"@type":"BreadcrumbList","@id":"https:\/\/www.orthodontist-dubai.com\/clinic-reviews\/#breadcrumb","itemListElement":[{"@type":"ListItem","position":1,"name":"\u2776 Home","item":"https:\/\/www.orthodontist-dubai.com\/"},{"@type":"ListItem","position":2,"name":"Clinic Reviews"}]},{"@type":"WebSite","@id":"https:\/\/www.orthodontist-dubai.com\/#website","url":"https:\/\/www.orthodontist-dubai.com\/","name":"MEJOR ortodoncista y dentista en Dubai, EAU para todos los tratamientos dentales","description":"Los mejores y baratos ortodoncistas y dentistas para todos los tratamientos dentales en Dubai, Emiratos \u00c1rabes Unidos","publisher":{"@id":"https:\/\/www.orthodontist-dubai.com\/#organization"},"potentialAction":[{"@type":"SearchAction","target":{"@type":"EntryPoint","urlTemplate":"https:\/\/www.orthodontist-dubai.com\/?s={search_term_string}"},"query-input":{"@type":"PropertyValueSpecification","valueRequired":true,"valueName":"search_term_string"}}],"inLanguage":"es"},{"@type":"Organization","@id":"https:\/\/www.orthodontist-dubai.com\/#organization","name":"El mejor ortodoncista y dentista en Dubai, Emiratos \u00c1rabes Unidos","url":"https:\/\/www.orthodontist-dubai.com\/","logo":{"@type":"ImageObject","inLanguage":"es","@id":"https:\/\/www.orthodontist-dubai.com\/#\/schema\/logo\/image\/","url":"https:\/\/www.orthodontist-dubai.com\/wp-content\/uploads\/2015\/04\/Othorontist-Dentist-UAE-Logo.png","contentUrl":"https:\/\/www.orthodontist-dubai.com\/wp-content\/uploads\/2015\/04\/Othorontist-Dentist-UAE-Logo.png","width":190,"height":70,"caption":"Best Orthodontist & Dentist in Dubai UAE"},"image":{"@id":"https:\/\/www.orthodontist-dubai.com\/#\/schema\/logo\/image\/"},"sameAs":["https:\/\/www.facebook.com\/Orthodontist.Dentist.Dubai\/","https:\/\/www.linkedin.com\/in\/dr-nazeer-ahmed-meeran-15691083\/"]}]}},"_links":{"self":[{"href":"https:\/\/www.orthodontist-dubai.com\/es\/wp-json\/wp\/v2\/pages\/65","targetHints":{"allow":["GET"]}}],"collection":[{"href":"https:\/\/www.orthodontist-dubai.com\/es\/wp-json\/wp\/v2\/pages"}],"about":[{"href":"https:\/\/www.orthodontist-dubai.com\/es\/wp-json\/wp\/v2\/types\/page"}],"author":[{"embeddable":true,"href":"https:\/\/www.orthodontist-dubai.com\/es\/wp-json\/wp\/v2\/users\/1"}],"replies":[{"embeddable":true,"href":"https:\/\/www.orthodontist-dubai.com\/es\/wp-json\/wp\/v2\/comments?post=65"}],"version-history":[{"count":3,"href":"https:\/\/www.orthodontist-dubai.com\/es\/wp-json\/wp\/v2\/pages\/65\/revisions"}],"predecessor-version":[{"id":1448,"href":"https:\/\/www.orthodontist-dubai.com\/es\/wp-json\/wp\/v2\/pages\/65\/revisions\/1448"}],"wp:attachment":[{"href":"https:\/\/www.orthodontist-dubai.com\/es\/wp-json\/wp\/v2\/media?parent=65"}],"curies":[{"name":"wp","href":"https:\/\/api.w.org\/{rel}","templated":true}]}}