{"id":526,"date":"2018-08-07T13:47:37","date_gmt":"2018-08-07T09:47:37","guid":{"rendered":"https:\/\/www.orthodontist-dubai.com\/?page_id=526"},"modified":"2023-02-08T13:24:01","modified_gmt":"2023-02-08T09:24:01","slug":"about-our-authors-contributors","status":"publish","type":"page","link":"https:\/\/www.orthodontist-dubai.com\/es\/sobre-nuestros-autores-colaboradores\/","title":{"rendered":"Lea acerca de nuestros autores y colaboradores"},"content":{"rendered":"<p>Brindamos una fuente aut\u00e9ntica de informaci\u00f3n dental y detalles sobre todo tipo de tratamientos dentales de los principales contribuyentes reconocidos en la industria dental en Dubai, Emiratos \u00c1rabes Unidos, como el Doctor Nazeer Ahmed Meeran, quien ha hecho su valiosa <a href=\"https:\/\/www.researchgate.net\/project\/https-wwworthodontist-dubaicom\" target=\"_blank\" rel=\"nofollow\">investigar<\/a> proyectos y contribuy\u00f3 al crecimiento de la odontolog\u00eda. <a href=\"https:\/\/plus.google.com\/+DrNazeerAhmedMeeran\" target=\"_blank\">Dr. Nazeer Ahmed Meeran<\/a>La contribuci\u00f3n detallada de definitivamente deber\u00eda beneficiar a nuestros lectores que buscan sus necesidades dentales y buscan opciones de tratamiento de un experto de gran reputaci\u00f3n y confianza en la industria dental.<\/p>\n<p><img decoding=\"async\" class=\"aligncenter size-full wp-image-591 lazyload\" data-src=\"https:\/\/www.orthodontist-dubai.com\/wp-content\/uploads\/2018\/11\/Address-Contact-Details.jpg\" alt=\"Direcci\u00f3n y detalles de contacto\" width=\"659\" height=\"310\" data-srcset=\"https:\/\/www.orthodontist-dubai.com\/wp-content\/uploads\/2018\/11\/Address-Contact-Details.jpg 659w, https:\/\/www.orthodontist-dubai.com\/wp-content\/uploads\/2018\/11\/Address-Contact-Details-300x141.jpg 300w\" data-sizes=\"(max-width: 659px) 100vw, 659px\" src=\"data:image\/svg+xml;base64,PHN2ZyB3aWR0aD0iMSIgaGVpZ2h0PSIxIiB4bWxucz0iaHR0cDovL3d3dy53My5vcmcvMjAwMC9zdmciPjwvc3ZnPg==\" style=\"--smush-placeholder-width: 659px; --smush-placeholder-aspect-ratio: 659\/310;\" \/><\/p>\n<p><img decoding=\"async\" class=\"aligncenter size-full wp-image-1433 lazyload\" data-src=\"https:\/\/www.orthodontist-dubai.com\/wp-content\/uploads\/2022\/10\/Dr.-Abhishek-Parashar.jpg\" alt=\"Dr. Abhishek Parashar\" width=\"794\" height=\"643\" data-srcset=\"https:\/\/www.orthodontist-dubai.com\/wp-content\/uploads\/2022\/10\/Dr.-Abhishek-Parashar.jpg 794w, https:\/\/www.orthodontist-dubai.com\/wp-content\/uploads\/2022\/10\/Dr.-Abhishek-Parashar-300x243.jpg 300w, https:\/\/www.orthodontist-dubai.com\/wp-content\/uploads\/2022\/10\/Dr.-Abhishek-Parashar-768x622.jpg 768w, https:\/\/www.orthodontist-dubai.com\/wp-content\/uploads\/2022\/10\/Dr.-Abhishek-Parashar-15x12.jpg 15w\" data-sizes=\"(max-width: 794px) 100vw, 794px\" src=\"data:image\/svg+xml;base64,PHN2ZyB3aWR0aD0iMSIgaGVpZ2h0PSIxIiB4bWxucz0iaHR0cDovL3d3dy53My5vcmcvMjAwMC9zdmciPjwvc3ZnPg==\" style=\"--smush-placeholder-width: 794px; --smush-placeholder-aspect-ratio: 794\/643;\" \/><\/p>\n<p><b>Dr. Nazeer Ahmed Meeran<\/b> est\u00e1 trabajando en Dubai y la India durante m\u00e1s de 12 a\u00f1os. Es reconocido en todos los Emiratos \u00c1rabes Unidos como el mejor ortodoncista en Dub\u00e1i con numerosos premios y reconocimientos prestigiosos por sus mejores tratamientos de su clase y muy asequibles. Es un ortodoncista muy reconocido y recomendado que ejerce en la cadena de cl\u00ednicas Dr. Joy Dental en Dubai. Tiene experiencia cl\u00ednica en el tratamiento de ortodoncia con Invisalign, aparatos ortop\u00e9dicos de metal y cer\u00e1mica, alineadores transparentes, aparatos ortop\u00e9dicos linguales y sistemas de autoligado, incluido el sistema Damon, el clip inteligente y el aparato Tenbrook, y el tratamiento de la maloclusi\u00f3n dental complicada con miniimplantes de ortodoncia. Posee certificaci\u00f3n para Sistema de Ortodoncia Lingual personalizado (USA). Su campo de inter\u00e9s tambi\u00e9n incluye la mec\u00e1nica del tratamiento sin extracciones con aparatos de expansi\u00f3n, incluidos los expansores palatinos lentos y r\u00e1pidos (RME). Tambi\u00e9n tiene una amplia experiencia cl\u00ednica en ortodoncia quir\u00fargica para adultos y terapia con aparatos funcionales para la correcci\u00f3n de la mand\u00edbula y el tratamiento de la maloclusi\u00f3n esquel\u00e9tica para ni\u00f1os en crecimiento. \u00c9l es nuestro autor y ha contribuido a art\u00edculos dentales bien investigados y recomendaciones para <a href=\"https:\/\/www.Orthodontist-Dubai.com\" target=\"_blank\">https:\/\/www.Orthodontist-Dubai.com<\/a><\/p>\n<p><img decoding=\"async\" class=\"aligncenter wp-image-213 size-medium lazyload\" data-src=\"https:\/\/www.orthodontist-dubai.com\/wp-content\/uploads\/2015\/05\/Dr.-Nazeer-Ahmed-Meeran-200x300.jpg\" alt=\"Dr. Nazeer Ahmed Meeran\" width=\"200\" height=\"300\" data-srcset=\"https:\/\/www.orthodontist-dubai.com\/wp-content\/uploads\/2015\/05\/Dr.-Nazeer-Ahmed-Meeran-200x300.jpg 200w, https:\/\/www.orthodontist-dubai.com\/wp-content\/uploads\/2015\/05\/Dr.-Nazeer-Ahmed-Meeran.jpg 640w\" data-sizes=\"(max-width: 200px) 100vw, 200px\" src=\"data:image\/svg+xml;base64,PHN2ZyB3aWR0aD0iMSIgaGVpZ2h0PSIxIiB4bWxucz0iaHR0cDovL3d3dy53My5vcmcvMjAwMC9zdmciPjwvc3ZnPg==\" style=\"--smush-placeholder-width: 200px; --smush-placeholder-aspect-ratio: 200\/300;\" \/><\/p>\n<p>Leer rese\u00f1as de varios <a href=\"https:\/\/www.orthodontist-dubai.com\/es\/clinic-revisiones\/\">fuentes verificadas<\/a> antes de elegir la mejor y m\u00e1s barata cl\u00ednica dental en Dubai, Emiratos \u00c1rabes Unidos. Somos su mejor fuente verificada de ortodoncistas y dentistas asequibles en Dubai, EAU. Encuentre detalles sobre todos los tratamientos como: metal, cer\u00e1mica, lingual, ortodoncia invisible invisalign y otros <a href=\"https:\/\/www.orthodontist-dubai.com\/es\/dental\/\">tratamientos dentales<\/a>. Su obra ha sido publicada en <a href=\"https:\/\/www.jco-online.com\/archive\/2012\/04\/235-overview-self-ligating-brackets-an-update\/\" target=\"_blank\" rel=\"nofollow\">Diario de ortodoncia cl\u00ednica<\/a> y <a href=\"https:\/\/www.ncbi.nlm.nih.gov\/pmc\/articles\/PMC4072383\/\" target=\"_blank\" rel=\"nofollow\">Centro Nacional de Informaci\u00f3n Biotecnol\u00f3gica<\/a>. Encuentre el mejor y m\u00e1s barato dentista cerca de usted en Dub\u00e1i para las necesidades dentales de adultos y ni\u00f1os, que incluyen ortodoncia, cambio de imagen de sonrisa, implantes dentales, blanqueamiento dental, tratamiento de conducto, extracci\u00f3n de dientes, pedi\u00e1trico, Incognito, Damon, lingual, frenos de cer\u00e1mica, sonrisa de hollywood solo de una fuente verificada. Reserve una cita completamente GRATUITA de un dentista de renombre de una de las mejores cl\u00ednicas dentales en Dubai, Emiratos \u00c1rabes Unidos usando este <a href=\"https:\/\/www.orthodontist-dubai.com\/es\/registro-de-pacientes\/\">formulario de registro de pacientes<\/a>.<\/p>\n<hr \/>","protected":false},"excerpt":{"rendered":"<p>We provide authentic source of dental information and details about all kinds of dental treatments from well recognized top contributors in Dental industry in Dubai, UAE like Doctor Nazeer Ahmed Meeran who has done his valuable research projects and contributed to the growth of dentistry. Dr.Nazeer Ahmed Meeran&#8216;s detailed contribution should definitely benefit our readers [&hellip;]<\/p>\n","protected":false},"author":1,"featured_media":0,"parent":0,"menu_order":0,"comment_status":"closed","ping_status":"closed","template":"","meta":{"site-sidebar-layout":"default","site-content-layout":"","ast-site-content-layout":"default","site-content-style":"default","site-sidebar-style":"default","ast-global-header-display":"","ast-banner-title-visibility":"","ast-main-header-display":"","ast-hfb-above-header-display":"","ast-hfb-below-header-display":"","ast-hfb-mobile-header-display":"","site-post-title":"","ast-breadcrumbs-content":"","ast-featured-img":"","footer-sml-layout":"","ast-disable-related-posts":"","theme-transparent-header-meta":"","adv-header-id-meta":"","stick-header-meta":"","header-above-stick-meta":"","header-main-stick-meta":"","header-below-stick-meta":"","astra-migrate-meta-layouts":"default","ast-page-background-enabled":"default","ast-page-background-meta":{"desktop":{"background-color":"var(--ast-global-color-4)","background-image":"","background-repeat":"repeat","background-position":"center center","background-size":"auto","background-attachment":"scroll","background-type":"","background-media":"","overlay-type":"","overlay-color":"","overlay-opacity":"","overlay-gradient":""},"tablet":{"background-color":"","background-image":"","background-repeat":"repeat","background-position":"center center","background-size":"auto","background-attachment":"scroll","background-type":"","background-media":"","overlay-type":"","overlay-color":"","overlay-opacity":"","overlay-gradient":""},"mobile":{"background-color":"","background-image":"","background-repeat":"repeat","background-position":"center center","background-size":"auto","background-attachment":"scroll","background-type":"","background-media":"","overlay-type":"","overlay-color":"","overlay-opacity":"","overlay-gradient":""}},"ast-content-background-meta":{"desktop":{"background-color":"var(--ast-global-color-5)","background-image":"","background-repeat":"repeat","background-position":"center center","background-size":"auto","background-attachment":"scroll","background-type":"","background-media":"","overlay-type":"","overlay-color":"","overlay-opacity":"","overlay-gradient":""},"tablet":{"background-color":"var(--ast-global-color-5)","background-image":"","background-repeat":"repeat","background-position":"center center","background-size":"auto","background-attachment":"scroll","background-type":"","background-media":"","overlay-type":"","overlay-color":"","overlay-opacity":"","overlay-gradient":""},"mobile":{"background-color":"var(--ast-global-color-5)","background-image":"","background-repeat":"repeat","background-position":"center center","background-size":"auto","background-attachment":"scroll","background-type":"","background-media":"","overlay-type":"","overlay-color":"","overlay-opacity":"","overlay-gradient":""}},"footnotes":""},"class_list":["post-526","page","type-page","status-publish","hentry"],"yoast_head":"<!-- This site is optimized with the Yoast SEO plugin v27.4 - https:\/\/yoast.com\/product\/yoast-seo-wordpress\/ -->\n<title>Read About Our Authors &amp; Contributors<\/title>\n<meta name=\"robots\" content=\"index, follow, max-snippet:-1, max-image-preview:large, max-video-preview:-1\" \/>\n<link rel=\"canonical\" href=\"https:\/\/www.orthodontist-dubai.com\/es\/sobre-nuestros-autores-colaboradores\/\" \/>\n<meta property=\"og:locale\" content=\"es_ES\" \/>\n<meta property=\"og:type\" content=\"article\" \/>\n<meta property=\"og:title\" content=\"Read About Our Authors &amp; Contributors\" \/>\n<meta property=\"og:description\" content=\"We provide authentic source of dental information and details about all kinds of dental treatments from well recognized top contributors in Dental industry in Dubai, UAE like Doctor Nazeer Ahmed Meeran who has done his valuable research projects and contributed to the growth of dentistry. Dr.Nazeer Ahmed Meeran&#8216;s detailed contribution should definitely benefit our readers [&hellip;]\" \/>\n<meta property=\"og:url\" content=\"https:\/\/www.orthodontist-dubai.com\/es\/sobre-nuestros-autores-colaboradores\/\" \/>\n<meta property=\"og:site_name\" content=\"BEST Orthodontist &amp; Dentist in Dubai UAE for all Dental Treatments\" \/>\n<meta property=\"article:publisher\" content=\"https:\/\/www.facebook.com\/Orthodontist.Dentist.Dubai\/\" \/>\n<meta property=\"article:modified_time\" content=\"2023-02-08T09:24:01+00:00\" \/>\n<meta property=\"og:image\" content=\"https:\/\/www.orthodontist-dubai.com\/wp-content\/uploads\/2018\/11\/Address-Contact-Details.jpg\" \/>\n<meta name=\"twitter:card\" content=\"summary_large_image\" \/>\n<meta name=\"twitter:label1\" content=\"Tiempo de lectura\" \/>\n\t<meta name=\"twitter:data1\" content=\"3 minutos\" \/>\n<script type=\"application\/ld+json\" class=\"yoast-schema-graph\">{\"@context\":\"https:\\\/\\\/schema.org\",\"@graph\":[{\"@type\":\"WebPage\",\"@id\":\"https:\\\/\\\/www.orthodontist-dubai.com\\\/about-our-authors-contributors\\\/\",\"url\":\"https:\\\/\\\/www.orthodontist-dubai.com\\\/about-our-authors-contributors\\\/\",\"name\":\"Read About Our Authors & Contributors\",\"isPartOf\":{\"@id\":\"https:\\\/\\\/www.orthodontist-dubai.com\\\/#website\"},\"primaryImageOfPage\":{\"@id\":\"https:\\\/\\\/www.orthodontist-dubai.com\\\/about-our-authors-contributors\\\/#primaryimage\"},\"image\":{\"@id\":\"https:\\\/\\\/www.orthodontist-dubai.com\\\/about-our-authors-contributors\\\/#primaryimage\"},\"thumbnailUrl\":\"https:\\\/\\\/www.orthodontist-dubai.com\\\/wp-content\\\/uploads\\\/2018\\\/11\\\/Address-Contact-Details.jpg\",\"datePublished\":\"2018-08-07T09:47:37+00:00\",\"dateModified\":\"2023-02-08T09:24:01+00:00\",\"breadcrumb\":{\"@id\":\"https:\\\/\\\/www.orthodontist-dubai.com\\\/about-our-authors-contributors\\\/#breadcrumb\"},\"inLanguage\":\"es\",\"potentialAction\":[{\"@type\":\"ReadAction\",\"target\":[\"https:\\\/\\\/www.orthodontist-dubai.com\\\/about-our-authors-contributors\\\/\"]}]},{\"@type\":\"ImageObject\",\"inLanguage\":\"es\",\"@id\":\"https:\\\/\\\/www.orthodontist-dubai.com\\\/about-our-authors-contributors\\\/#primaryimage\",\"url\":\"https:\\\/\\\/www.orthodontist-dubai.com\\\/wp-content\\\/uploads\\\/2018\\\/11\\\/Address-Contact-Details.jpg\",\"contentUrl\":\"https:\\\/\\\/www.orthodontist-dubai.com\\\/wp-content\\\/uploads\\\/2018\\\/11\\\/Address-Contact-Details.jpg\"},{\"@type\":\"BreadcrumbList\",\"@id\":\"https:\\\/\\\/www.orthodontist-dubai.com\\\/about-our-authors-contributors\\\/#breadcrumb\",\"itemListElement\":[{\"@type\":\"ListItem\",\"position\":1,\"name\":\"\u2776 Home\",\"item\":\"https:\\\/\\\/www.orthodontist-dubai.com\\\/\"},{\"@type\":\"ListItem\",\"position\":2,\"name\":\"Read About Our Authors &#038; Contributors\"}]},{\"@type\":\"WebSite\",\"@id\":\"https:\\\/\\\/www.orthodontist-dubai.com\\\/#website\",\"url\":\"https:\\\/\\\/www.orthodontist-dubai.com\\\/\",\"name\":\"BEST Orthodontist &amp; Dentist in Dubai UAE for all Dental Treatments\",\"description\":\"Cheap &amp; Best Orthodontist &amp; Dentists for all dental treatments in Dubai UAE\",\"publisher\":{\"@id\":\"https:\\\/\\\/www.orthodontist-dubai.com\\\/#organization\"},\"potentialAction\":[{\"@type\":\"SearchAction\",\"target\":{\"@type\":\"EntryPoint\",\"urlTemplate\":\"https:\\\/\\\/www.orthodontist-dubai.com\\\/?s={search_term_string}\"},\"query-input\":{\"@type\":\"PropertyValueSpecification\",\"valueRequired\":true,\"valueName\":\"search_term_string\"}}],\"inLanguage\":\"es\"},{\"@type\":\"Organization\",\"@id\":\"https:\\\/\\\/www.orthodontist-dubai.com\\\/#organization\",\"name\":\"Best Orthodontist & Dentist in Dubai UAE\",\"url\":\"https:\\\/\\\/www.orthodontist-dubai.com\\\/\",\"logo\":{\"@type\":\"ImageObject\",\"inLanguage\":\"es\",\"@id\":\"https:\\\/\\\/www.orthodontist-dubai.com\\\/#\\\/schema\\\/logo\\\/image\\\/\",\"url\":\"https:\\\/\\\/www.orthodontist-dubai.com\\\/wp-content\\\/uploads\\\/2015\\\/04\\\/Othorontist-Dentist-UAE-Logo.png\",\"contentUrl\":\"https:\\\/\\\/www.orthodontist-dubai.com\\\/wp-content\\\/uploads\\\/2015\\\/04\\\/Othorontist-Dentist-UAE-Logo.png\",\"width\":190,\"height\":70,\"caption\":\"Best Orthodontist & Dentist in Dubai UAE\"},\"image\":{\"@id\":\"https:\\\/\\\/www.orthodontist-dubai.com\\\/#\\\/schema\\\/logo\\\/image\\\/\"},\"sameAs\":[\"https:\\\/\\\/www.facebook.com\\\/Orthodontist.Dentist.Dubai\\\/\",\"https:\\\/\\\/www.linkedin.com\\\/in\\\/dr-nazeer-ahmed-meeran-15691083\\\/\"]}]}<\/script>\n<!-- \/ Yoast SEO plugin. -->","yoast_head_json":{"title":"Lea acerca de nuestros autores y colaboradores","robots":{"index":"index","follow":"follow","max-snippet":"max-snippet:-1","max-image-preview":"max-image-preview:large","max-video-preview":"max-video-preview:-1"},"canonical":"https:\/\/www.orthodontist-dubai.com\/es\/sobre-nuestros-autores-colaboradores\/","og_locale":"es_ES","og_type":"article","og_title":"Read About Our Authors & Contributors","og_description":"We provide authentic source of dental information and details about all kinds of dental treatments from well recognized top contributors in Dental industry in Dubai, UAE like Doctor Nazeer Ahmed Meeran who has done his valuable research projects and contributed to the growth of dentistry. Dr.Nazeer Ahmed Meeran&#8216;s detailed contribution should definitely benefit our readers [&hellip;]","og_url":"https:\/\/www.orthodontist-dubai.com\/es\/sobre-nuestros-autores-colaboradores\/","og_site_name":"BEST Orthodontist &amp; Dentist in Dubai UAE for all Dental Treatments","article_publisher":"https:\/\/www.facebook.com\/Orthodontist.Dentist.Dubai\/","article_modified_time":"2023-02-08T09:24:01+00:00","og_image":[{"url":"https:\/\/www.orthodontist-dubai.com\/wp-content\/uploads\/2018\/11\/Address-Contact-Details.jpg","type":"","width":"","height":""}],"twitter_card":"summary_large_image","twitter_misc":{"Tiempo de lectura":"3 minutos"},"schema":{"@context":"https:\/\/schema.org","@graph":[{"@type":"WebPage","@id":"https:\/\/www.orthodontist-dubai.com\/about-our-authors-contributors\/","url":"https:\/\/www.orthodontist-dubai.com\/about-our-authors-contributors\/","name":"Lea acerca de nuestros autores y colaboradores","isPartOf":{"@id":"https:\/\/www.orthodontist-dubai.com\/#website"},"primaryImageOfPage":{"@id":"https:\/\/www.orthodontist-dubai.com\/about-our-authors-contributors\/#primaryimage"},"image":{"@id":"https:\/\/www.orthodontist-dubai.com\/about-our-authors-contributors\/#primaryimage"},"thumbnailUrl":"https:\/\/www.orthodontist-dubai.com\/wp-content\/uploads\/2018\/11\/Address-Contact-Details.jpg","datePublished":"2018-08-07T09:47:37+00:00","dateModified":"2023-02-08T09:24:01+00:00","breadcrumb":{"@id":"https:\/\/www.orthodontist-dubai.com\/about-our-authors-contributors\/#breadcrumb"},"inLanguage":"es","potentialAction":[{"@type":"ReadAction","target":["https:\/\/www.orthodontist-dubai.com\/about-our-authors-contributors\/"]}]},{"@type":"ImageObject","inLanguage":"es","@id":"https:\/\/www.orthodontist-dubai.com\/about-our-authors-contributors\/#primaryimage","url":"https:\/\/www.orthodontist-dubai.com\/wp-content\/uploads\/2018\/11\/Address-Contact-Details.jpg","contentUrl":"https:\/\/www.orthodontist-dubai.com\/wp-content\/uploads\/2018\/11\/Address-Contact-Details.jpg"},{"@type":"BreadcrumbList","@id":"https:\/\/www.orthodontist-dubai.com\/about-our-authors-contributors\/#breadcrumb","itemListElement":[{"@type":"ListItem","position":1,"name":"\u2776 Home","item":"https:\/\/www.orthodontist-dubai.com\/"},{"@type":"ListItem","position":2,"name":"Read About Our Authors &#038; Contributors"}]},{"@type":"WebSite","@id":"https:\/\/www.orthodontist-dubai.com\/#website","url":"https:\/\/www.orthodontist-dubai.com\/","name":"MEJOR ortodoncista y dentista en Dubai, EAU para todos los tratamientos dentales","description":"Los mejores y baratos ortodoncistas y dentistas para todos los tratamientos dentales en Dubai, Emiratos \u00c1rabes Unidos","publisher":{"@id":"https:\/\/www.orthodontist-dubai.com\/#organization"},"potentialAction":[{"@type":"SearchAction","target":{"@type":"EntryPoint","urlTemplate":"https:\/\/www.orthodontist-dubai.com\/?s={search_term_string}"},"query-input":{"@type":"PropertyValueSpecification","valueRequired":true,"valueName":"search_term_string"}}],"inLanguage":"es"},{"@type":"Organization","@id":"https:\/\/www.orthodontist-dubai.com\/#organization","name":"El mejor ortodoncista y dentista en Dubai, Emiratos \u00c1rabes Unidos","url":"https:\/\/www.orthodontist-dubai.com\/","logo":{"@type":"ImageObject","inLanguage":"es","@id":"https:\/\/www.orthodontist-dubai.com\/#\/schema\/logo\/image\/","url":"https:\/\/www.orthodontist-dubai.com\/wp-content\/uploads\/2015\/04\/Othorontist-Dentist-UAE-Logo.png","contentUrl":"https:\/\/www.orthodontist-dubai.com\/wp-content\/uploads\/2015\/04\/Othorontist-Dentist-UAE-Logo.png","width":190,"height":70,"caption":"Best Orthodontist & Dentist in Dubai UAE"},"image":{"@id":"https:\/\/www.orthodontist-dubai.com\/#\/schema\/logo\/image\/"},"sameAs":["https:\/\/www.facebook.com\/Orthodontist.Dentist.Dubai\/","https:\/\/www.linkedin.com\/in\/dr-nazeer-ahmed-meeran-15691083\/"]}]}},"_links":{"self":[{"href":"https:\/\/www.orthodontist-dubai.com\/es\/wp-json\/wp\/v2\/pages\/526","targetHints":{"allow":["GET"]}}],"collection":[{"href":"https:\/\/www.orthodontist-dubai.com\/es\/wp-json\/wp\/v2\/pages"}],"about":[{"href":"https:\/\/www.orthodontist-dubai.com\/es\/wp-json\/wp\/v2\/types\/page"}],"author":[{"embeddable":true,"href":"https:\/\/www.orthodontist-dubai.com\/es\/wp-json\/wp\/v2\/users\/1"}],"replies":[{"embeddable":true,"href":"https:\/\/www.orthodontist-dubai.com\/es\/wp-json\/wp\/v2\/comments?post=526"}],"version-history":[{"count":4,"href":"https:\/\/www.orthodontist-dubai.com\/es\/wp-json\/wp\/v2\/pages\/526\/revisions"}],"predecessor-version":[{"id":1524,"href":"https:\/\/www.orthodontist-dubai.com\/es\/wp-json\/wp\/v2\/pages\/526\/revisions\/1524"}],"wp:attachment":[{"href":"https:\/\/www.orthodontist-dubai.com\/es\/wp-json\/wp\/v2\/media?parent=526"}],"curies":[{"name":"wp","href":"https:\/\/api.w.org\/{rel}","templated":true}]}}