{"id":32,"date":"2014-12-28T18:55:19","date_gmt":"2014-12-28T18:55:19","guid":{"rendered":"https:\/\/www.orthodontist-dubai.com\/?page_id=32"},"modified":"2019-04-14T18:46:22","modified_gmt":"2019-04-14T14:46:22","slug":"lingual-incognito-braces","status":"publish","type":"page","link":"https:\/\/www.orthodontist-dubai.com\/es\/brackets-linguales-de-incognito\/","title":{"rendered":"Frenos linguales"},"content":{"rendered":"<p>\u00bfSab\u00edas que no es necesario colocar todo tipo de brackets delante de los dientes? S\u00ed, hay tipos de frenos que se pueden colocar detr\u00e1s de los dientes. Estos son llamados como <strong>Frenos linguales<\/strong> o <strong>Inc\u00f3gnito. <\/strong><br \/>\n<a href=\"https:\/\/www.orthodontist-dubai.com\/es\/clinic-revisiones\/\" target=\"_blank\" rel=\"noopener noreferrer\"><img decoding=\"async\" class=\"aligncenter lazyload\" data-src=\"https:\/\/www.orthodontist-dubai.com\/wp-content\/uploads\/2015\/04\/banner-best-orthodontist-dubai.jpg\" alt=\"aparatos invisibles en Dubai, Emiratos \u00c1rabes Unidos\" width=\"650\" height=\"717\" src=\"data:image\/svg+xml;base64,PHN2ZyB3aWR0aD0iMSIgaGVpZ2h0PSIxIiB4bWxucz0iaHR0cDovL3d3dy53My5vcmcvMjAwMC9zdmciPjwvc3ZnPg==\" style=\"--smush-placeholder-width: 650px; --smush-placeholder-aspect-ratio: 650\/717;\"><\/a><br \/>\n\u00a1Nadie sabr\u00e1 nunca si llevas ortodoncia o no!<\/p>\n<p><img decoding=\"async\" class=\"aligncenter wp-image-33 size-full lazyload\" data-src=\"https:\/\/www.orthodontist-dubai.com\/wp-content\/uploads\/2014\/12\/lingual-incognito-braces-in-Dubai.jpg\" alt=\"ortodoncia lingual de inc\u00f3gnito en Dubai\" width=\"340\" height=\"205\" data-srcset=\"https:\/\/www.orthodontist-dubai.com\/wp-content\/uploads\/2014\/12\/lingual-incognito-braces-in-Dubai.jpg 340w, https:\/\/www.orthodontist-dubai.com\/wp-content\/uploads\/2014\/12\/lingual-incognito-braces-in-Dubai-300x181.jpg 300w\" data-sizes=\"(max-width: 340px) 100vw, 340px\" src=\"data:image\/svg+xml;base64,PHN2ZyB3aWR0aD0iMSIgaGVpZ2h0PSIxIiB4bWxucz0iaHR0cDovL3d3dy53My5vcmcvMjAwMC9zdmciPjwvc3ZnPg==\" style=\"--smush-placeholder-width: 340px; --smush-placeholder-aspect-ratio: 340\/205;\" \/>Cuando se trata de frenos imperceptibles, la principal diferencia entre estos frenos linguales de inc\u00f3gnito y <strong>invisalign<\/strong> es que se quita los retenedores cuando se cepilla los dientes o come cuando usa invisalign, que debe colocarse frente a los dientes. Pero no es el caso de los brackets linguales.<\/p>\n<p><strong>ventajas :<\/strong><\/p>\n<p>1. Dado que los frenos linguales se colocan detr\u00e1s del diente, apenas se notan.<\/p>\n<p>2. Menos visitas al Ortodoncista.<\/p>\n<p>3. Estos son 100% que se ajustan a la medida de los dientes, lo que garantiza una mayor precisi\u00f3n y niveles de comodidad a lo largo del tratamiento.<\/p>\n<p><strong>Desventajas:<\/strong><\/p>\n<p>1. M\u00e1s costoso que los brackets cer\u00e1micos y met\u00e1licos.<\/p>\n<p>2. Puede haber un per\u00edodo de incomodidad. Para controlar la presi\u00f3n y la incomodidad, el ortodoncista puede proporcionar una cera especial para aplicar sobre los frenos.<\/p>\n<p><strong>Pasos para obtener una ortodoncia lingual:<\/strong><\/p>\n<p><strong>1. Consulta<\/strong><br \/>\nPrimero visite a su ortodoncista para una consulta y \u00e9l le informar\u00e1 si es un candidato ideal para los frenos linguales. Tomar\u00e1 un conjunto de registros de diagn\u00f3stico y, despu\u00e9s de algunas semanas de producci\u00f3n, su configuraci\u00f3n de tratamiento personalizada digitalmente se env\u00eda a su ortodoncista. Puede visualizar la configuraci\u00f3n final junto con \u00e9l y \u00e9l dar\u00e1 su aprobaci\u00f3n para la fabricaci\u00f3n de sus aparatos ortop\u00e9dicos linguales personalizados.<\/p>\n<p><strong>2. Producci\u00f3n de frenos linguales<\/strong><br \/>\nUsando una imagen 3D de alta precisi\u00f3n de sus dientes usando tecnolog\u00edas CAD\/CAM, el laboratorio genera una simulaci\u00f3n de tratamiento personalizada digitalmente de su resultado final deseado, as\u00ed como una soluci\u00f3n personalizada dise\u00f1ada para adaptarse perfectamente a la precisi\u00f3n de cada diente. Los arcos de alambre preformados se fabrican con precisi\u00f3n.<\/p>\n<p><strong>3. Cita de vinculaci\u00f3n<\/strong><br \/>\nLos aparatos ortop\u00e9dicos linguales utilizan un sistema de bandeja avanzado para entregar todo el conjunto de una sola vez, a diferencia de los aparatos ortop\u00e9dicos normales. Por lo tanto, es efectivo en el tiempo.<\/p>\n<p><strong>4. Visita a la Cl\u00ednica<\/strong><br \/>\nSe requieren visitas peri\u00f3dicas al dentista para cambiar sus arcos de alambre. Puede sentir una ligera molestia despu\u00e9s de cada cambio, pero se acostumbrar\u00e1. Debes cuidar tus aparatos ortop\u00e9dicos durante el transcurso del tratamiento.<\/p>\n<p><strong>5. Retenci\u00f3n<\/strong><br \/>\nUna vez que est\u00e9 en la fase final del tratamiento dental, su diente requiere un cumplimiento estricto del programa de retenci\u00f3n de su dentista. Una vez que sus dientes est\u00e9n rectos el d\u00eda de la extracci\u00f3n de los frenos, se debe tener cuidado de retenci\u00f3n adecuado o, de lo contrario, recaer\u00e1n o se desalinear\u00e1n. Visite a su dentista para chequeos regulares.<\/p>","protected":false},"excerpt":{"rendered":"<p>Did you know that not all kinds of braces need to be placed in front of the teeth? Yes there are types of braces that can be placed behind your teeth. These are called as Lingual Braces or Incognito. No one will ever know if you are wearing braces or not! When it comes to [&hellip;]<\/p>\n","protected":false},"author":1,"featured_media":0,"parent":0,"menu_order":0,"comment_status":"closed","ping_status":"closed","template":"","meta":{"site-sidebar-layout":"default","site-content-layout":"","ast-site-content-layout":"default","site-content-style":"default","site-sidebar-style":"default","ast-global-header-display":"","ast-banner-title-visibility":"","ast-main-header-display":"","ast-hfb-above-header-display":"","ast-hfb-below-header-display":"","ast-hfb-mobile-header-display":"","site-post-title":"","ast-breadcrumbs-content":"","ast-featured-img":"","footer-sml-layout":"","ast-disable-related-posts":"","theme-transparent-header-meta":"","adv-header-id-meta":"","stick-header-meta":"","header-above-stick-meta":"","header-main-stick-meta":"","header-below-stick-meta":"","astra-migrate-meta-layouts":"default","ast-page-background-enabled":"default","ast-page-background-meta":{"desktop":{"background-color":"var(--ast-global-color-4)","background-image":"","background-repeat":"repeat","background-position":"center center","background-size":"auto","background-attachment":"scroll","background-type":"","background-media":"","overlay-type":"","overlay-color":"","overlay-opacity":"","overlay-gradient":""},"tablet":{"background-color":"","background-image":"","background-repeat":"repeat","background-position":"center center","background-size":"auto","background-attachment":"scroll","background-type":"","background-media":"","overlay-type":"","overlay-color":"","overlay-opacity":"","overlay-gradient":""},"mobile":{"background-color":"","background-image":"","background-repeat":"repeat","background-position":"center center","background-size":"auto","background-attachment":"scroll","background-type":"","background-media":"","overlay-type":"","overlay-color":"","overlay-opacity":"","overlay-gradient":""}},"ast-content-background-meta":{"desktop":{"background-color":"var(--ast-global-color-5)","background-image":"","background-repeat":"repeat","background-position":"center center","background-size":"auto","background-attachment":"scroll","background-type":"","background-media":"","overlay-type":"","overlay-color":"","overlay-opacity":"","overlay-gradient":""},"tablet":{"background-color":"var(--ast-global-color-5)","background-image":"","background-repeat":"repeat","background-position":"center center","background-size":"auto","background-attachment":"scroll","background-type":"","background-media":"","overlay-type":"","overlay-color":"","overlay-opacity":"","overlay-gradient":""},"mobile":{"background-color":"var(--ast-global-color-5)","background-image":"","background-repeat":"repeat","background-position":"center center","background-size":"auto","background-attachment":"scroll","background-type":"","background-media":"","overlay-type":"","overlay-color":"","overlay-opacity":"","overlay-gradient":""}},"footnotes":""},"class_list":["post-32","page","type-page","status-publish","hentry"],"yoast_head":"<!-- This site is optimized with the Yoast SEO plugin v27.6 - https:\/\/yoast.com\/product\/yoast-seo-wordpress\/ -->\n<title>LINGUAL BRACES IN DUBAI UAE<\/title>\n<meta name=\"robots\" content=\"index, follow, max-snippet:-1, max-image-preview:large, max-video-preview:-1\" \/>\n<link rel=\"canonical\" href=\"https:\/\/www.orthodontist-dubai.com\/es\/brackets-linguales-de-incognito\/\" \/>\n<meta property=\"og:locale\" content=\"es_ES\" \/>\n<meta property=\"og:type\" content=\"article\" \/>\n<meta property=\"og:title\" content=\"LINGUAL BRACES IN DUBAI UAE\" \/>\n<meta property=\"og:description\" content=\"Did you know that not all kinds of braces need to be placed in front of the teeth? Yes there are types of braces that can be placed behind your teeth. These are called as Lingual Braces or Incognito. No one will ever know if you are wearing braces or not! When it comes to [&hellip;]\" \/>\n<meta property=\"og:url\" content=\"https:\/\/www.orthodontist-dubai.com\/es\/brackets-linguales-de-incognito\/\" \/>\n<meta property=\"og:site_name\" content=\"BEST Orthodontist &amp; Dentist in Dubai UAE for all Dental Treatments\" \/>\n<meta property=\"article:publisher\" content=\"https:\/\/www.facebook.com\/Orthodontist.Dentist.Dubai\/\" \/>\n<meta property=\"article:modified_time\" content=\"2019-04-14T14:46:22+00:00\" \/>\n<meta property=\"og:image\" content=\"https:\/\/www.orthodontist-dubai.com\/wp-content\/uploads\/2015\/04\/banner-best-orthodontist-dubai.jpg\" \/>\n<meta name=\"twitter:card\" content=\"summary_large_image\" \/>\n<meta name=\"twitter:label1\" content=\"Tiempo de lectura\" \/>\n\t<meta name=\"twitter:data1\" content=\"2 minutos\" \/>\n<script type=\"application\/ld+json\" class=\"yoast-schema-graph\">{\"@context\":\"https:\\\/\\\/schema.org\",\"@graph\":[{\"@type\":\"WebPage\",\"@id\":\"https:\\\/\\\/www.orthodontist-dubai.com\\\/lingual-incognito-braces\\\/\",\"url\":\"https:\\\/\\\/www.orthodontist-dubai.com\\\/lingual-incognito-braces\\\/\",\"name\":\"LINGUAL BRACES IN DUBAI UAE\",\"isPartOf\":{\"@id\":\"https:\\\/\\\/www.orthodontist-dubai.com\\\/#website\"},\"primaryImageOfPage\":{\"@id\":\"https:\\\/\\\/www.orthodontist-dubai.com\\\/lingual-incognito-braces\\\/#primaryimage\"},\"image\":{\"@id\":\"https:\\\/\\\/www.orthodontist-dubai.com\\\/lingual-incognito-braces\\\/#primaryimage\"},\"thumbnailUrl\":\"https:\\\/\\\/www.orthodontist-dubai.com\\\/wp-content\\\/uploads\\\/2015\\\/04\\\/banner-best-orthodontist-dubai.jpg\",\"datePublished\":\"2014-12-28T18:55:19+00:00\",\"dateModified\":\"2019-04-14T14:46:22+00:00\",\"breadcrumb\":{\"@id\":\"https:\\\/\\\/www.orthodontist-dubai.com\\\/lingual-incognito-braces\\\/#breadcrumb\"},\"inLanguage\":\"es\",\"potentialAction\":[{\"@type\":\"ReadAction\",\"target\":[\"https:\\\/\\\/www.orthodontist-dubai.com\\\/lingual-incognito-braces\\\/\"]}]},{\"@type\":\"ImageObject\",\"inLanguage\":\"es\",\"@id\":\"https:\\\/\\\/www.orthodontist-dubai.com\\\/lingual-incognito-braces\\\/#primaryimage\",\"url\":\"https:\\\/\\\/www.orthodontist-dubai.com\\\/wp-content\\\/uploads\\\/2015\\\/04\\\/banner-best-orthodontist-dubai.jpg\",\"contentUrl\":\"https:\\\/\\\/www.orthodontist-dubai.com\\\/wp-content\\\/uploads\\\/2015\\\/04\\\/banner-best-orthodontist-dubai.jpg\"},{\"@type\":\"BreadcrumbList\",\"@id\":\"https:\\\/\\\/www.orthodontist-dubai.com\\\/lingual-incognito-braces\\\/#breadcrumb\",\"itemListElement\":[{\"@type\":\"ListItem\",\"position\":1,\"name\":\"\u2776 Home\",\"item\":\"https:\\\/\\\/www.orthodontist-dubai.com\\\/\"},{\"@type\":\"ListItem\",\"position\":2,\"name\":\"Lingual Braces\"}]},{\"@type\":\"WebSite\",\"@id\":\"https:\\\/\\\/www.orthodontist-dubai.com\\\/#website\",\"url\":\"https:\\\/\\\/www.orthodontist-dubai.com\\\/\",\"name\":\"BEST Orthodontist &amp; Dentist in Dubai UAE for all Dental Treatments\",\"description\":\"Cheap &amp; Best Orthodontist &amp; Dentists for all dental treatments in Dubai UAE\",\"publisher\":{\"@id\":\"https:\\\/\\\/www.orthodontist-dubai.com\\\/#organization\"},\"potentialAction\":[{\"@type\":\"SearchAction\",\"target\":{\"@type\":\"EntryPoint\",\"urlTemplate\":\"https:\\\/\\\/www.orthodontist-dubai.com\\\/?s={search_term_string}\"},\"query-input\":{\"@type\":\"PropertyValueSpecification\",\"valueRequired\":true,\"valueName\":\"search_term_string\"}}],\"inLanguage\":\"es\"},{\"@type\":\"Organization\",\"@id\":\"https:\\\/\\\/www.orthodontist-dubai.com\\\/#organization\",\"name\":\"Best Orthodontist & Dentist in Dubai UAE\",\"url\":\"https:\\\/\\\/www.orthodontist-dubai.com\\\/\",\"logo\":{\"@type\":\"ImageObject\",\"inLanguage\":\"es\",\"@id\":\"https:\\\/\\\/www.orthodontist-dubai.com\\\/#\\\/schema\\\/logo\\\/image\\\/\",\"url\":\"https:\\\/\\\/www.orthodontist-dubai.com\\\/wp-content\\\/uploads\\\/2015\\\/04\\\/Othorontist-Dentist-UAE-Logo.png\",\"contentUrl\":\"https:\\\/\\\/www.orthodontist-dubai.com\\\/wp-content\\\/uploads\\\/2015\\\/04\\\/Othorontist-Dentist-UAE-Logo.png\",\"width\":190,\"height\":70,\"caption\":\"Best Orthodontist & Dentist in Dubai UAE\"},\"image\":{\"@id\":\"https:\\\/\\\/www.orthodontist-dubai.com\\\/#\\\/schema\\\/logo\\\/image\\\/\"},\"sameAs\":[\"https:\\\/\\\/www.facebook.com\\\/Orthodontist.Dentist.Dubai\\\/\",\"https:\\\/\\\/www.linkedin.com\\\/in\\\/dr-nazeer-ahmed-meeran-15691083\\\/\"]}]}<\/script>\n<!-- \/ Yoast SEO plugin. -->","yoast_head_json":{"title":"FRENOS LINGUALES EN DUBAI EAU","robots":{"index":"index","follow":"follow","max-snippet":"max-snippet:-1","max-image-preview":"max-image-preview:large","max-video-preview":"max-video-preview:-1"},"canonical":"https:\/\/www.orthodontist-dubai.com\/es\/brackets-linguales-de-incognito\/","og_locale":"es_ES","og_type":"article","og_title":"LINGUAL BRACES IN DUBAI UAE","og_description":"Did you know that not all kinds of braces need to be placed in front of the teeth? Yes there are types of braces that can be placed behind your teeth. These are called as Lingual Braces or Incognito. No one will ever know if you are wearing braces or not! When it comes to [&hellip;]","og_url":"https:\/\/www.orthodontist-dubai.com\/es\/brackets-linguales-de-incognito\/","og_site_name":"BEST Orthodontist &amp; Dentist in Dubai UAE for all Dental Treatments","article_publisher":"https:\/\/www.facebook.com\/Orthodontist.Dentist.Dubai\/","article_modified_time":"2019-04-14T14:46:22+00:00","og_image":[{"url":"https:\/\/www.orthodontist-dubai.com\/wp-content\/uploads\/2015\/04\/banner-best-orthodontist-dubai.jpg","type":"","width":"","height":""}],"twitter_card":"summary_large_image","twitter_misc":{"Tiempo de lectura":"2 minutos"},"schema":{"@context":"https:\/\/schema.org","@graph":[{"@type":"WebPage","@id":"https:\/\/www.orthodontist-dubai.com\/lingual-incognito-braces\/","url":"https:\/\/www.orthodontist-dubai.com\/lingual-incognito-braces\/","name":"FRENOS LINGUALES EN DUBAI EAU","isPartOf":{"@id":"https:\/\/www.orthodontist-dubai.com\/#website"},"primaryImageOfPage":{"@id":"https:\/\/www.orthodontist-dubai.com\/lingual-incognito-braces\/#primaryimage"},"image":{"@id":"https:\/\/www.orthodontist-dubai.com\/lingual-incognito-braces\/#primaryimage"},"thumbnailUrl":"https:\/\/www.orthodontist-dubai.com\/wp-content\/uploads\/2015\/04\/banner-best-orthodontist-dubai.jpg","datePublished":"2014-12-28T18:55:19+00:00","dateModified":"2019-04-14T14:46:22+00:00","breadcrumb":{"@id":"https:\/\/www.orthodontist-dubai.com\/lingual-incognito-braces\/#breadcrumb"},"inLanguage":"es","potentialAction":[{"@type":"ReadAction","target":["https:\/\/www.orthodontist-dubai.com\/lingual-incognito-braces\/"]}]},{"@type":"ImageObject","inLanguage":"es","@id":"https:\/\/www.orthodontist-dubai.com\/lingual-incognito-braces\/#primaryimage","url":"https:\/\/www.orthodontist-dubai.com\/wp-content\/uploads\/2015\/04\/banner-best-orthodontist-dubai.jpg","contentUrl":"https:\/\/www.orthodontist-dubai.com\/wp-content\/uploads\/2015\/04\/banner-best-orthodontist-dubai.jpg"},{"@type":"BreadcrumbList","@id":"https:\/\/www.orthodontist-dubai.com\/lingual-incognito-braces\/#breadcrumb","itemListElement":[{"@type":"ListItem","position":1,"name":"\u2776 Home","item":"https:\/\/www.orthodontist-dubai.com\/"},{"@type":"ListItem","position":2,"name":"Lingual Braces"}]},{"@type":"WebSite","@id":"https:\/\/www.orthodontist-dubai.com\/#website","url":"https:\/\/www.orthodontist-dubai.com\/","name":"MEJOR ortodoncista y dentista en Dubai, EAU para todos los tratamientos dentales","description":"Los mejores y baratos ortodoncistas y dentistas para todos los tratamientos dentales en Dubai, Emiratos \u00c1rabes Unidos","publisher":{"@id":"https:\/\/www.orthodontist-dubai.com\/#organization"},"potentialAction":[{"@type":"SearchAction","target":{"@type":"EntryPoint","urlTemplate":"https:\/\/www.orthodontist-dubai.com\/?s={search_term_string}"},"query-input":{"@type":"PropertyValueSpecification","valueRequired":true,"valueName":"search_term_string"}}],"inLanguage":"es"},{"@type":"Organization","@id":"https:\/\/www.orthodontist-dubai.com\/#organization","name":"El mejor ortodoncista y dentista en Dubai, Emiratos \u00c1rabes Unidos","url":"https:\/\/www.orthodontist-dubai.com\/","logo":{"@type":"ImageObject","inLanguage":"es","@id":"https:\/\/www.orthodontist-dubai.com\/#\/schema\/logo\/image\/","url":"https:\/\/www.orthodontist-dubai.com\/wp-content\/uploads\/2015\/04\/Othorontist-Dentist-UAE-Logo.png","contentUrl":"https:\/\/www.orthodontist-dubai.com\/wp-content\/uploads\/2015\/04\/Othorontist-Dentist-UAE-Logo.png","width":190,"height":70,"caption":"Best Orthodontist & Dentist in Dubai UAE"},"image":{"@id":"https:\/\/www.orthodontist-dubai.com\/#\/schema\/logo\/image\/"},"sameAs":["https:\/\/www.facebook.com\/Orthodontist.Dentist.Dubai\/","https:\/\/www.linkedin.com\/in\/dr-nazeer-ahmed-meeran-15691083\/"]}]}},"_links":{"self":[{"href":"https:\/\/www.orthodontist-dubai.com\/es\/wp-json\/wp\/v2\/pages\/32","targetHints":{"allow":["GET"]}}],"collection":[{"href":"https:\/\/www.orthodontist-dubai.com\/es\/wp-json\/wp\/v2\/pages"}],"about":[{"href":"https:\/\/www.orthodontist-dubai.com\/es\/wp-json\/wp\/v2\/types\/page"}],"author":[{"embeddable":true,"href":"https:\/\/www.orthodontist-dubai.com\/es\/wp-json\/wp\/v2\/users\/1"}],"replies":[{"embeddable":true,"href":"https:\/\/www.orthodontist-dubai.com\/es\/wp-json\/wp\/v2\/comments?post=32"}],"version-history":[{"count":4,"href":"https:\/\/www.orthodontist-dubai.com\/es\/wp-json\/wp\/v2\/pages\/32\/revisions"}],"predecessor-version":[{"id":714,"href":"https:\/\/www.orthodontist-dubai.com\/es\/wp-json\/wp\/v2\/pages\/32\/revisions\/714"}],"wp:attachment":[{"href":"https:\/\/www.orthodontist-dubai.com\/es\/wp-json\/wp\/v2\/media?parent=32"}],"curies":[{"name":"wp","href":"https:\/\/api.w.org\/{rel}","templated":true}]}}